{"id":12113,"date":"2022-07-17T23:11:57","date_gmt":"2022-07-17T21:11:57","guid":{"rendered":"http:\/\/workdemomaster.com\/outdooreurope\/?page_id=12113"},"modified":"2025-01-21T21:46:59","modified_gmt":"2025-01-21T20:46:59","slug":"rejse-garanti","status":"publish","type":"page","link":"https:\/\/outdooreurope.eu\/da\/travel-guarantee\/","title":{"rendered":"Rejsegaranti"},"content":{"rendered":"<div class=\"wpb-content-wrapper\"><div data-vc-full-width=\"true\" data-vc-full-width-temp=\"true\" data-vc-full-width-init=\"false\" class=\"vc_row wpb_row vc_row-fluid pt-100 pb-100 img-text-section after-banner mb-0 vc_column-gap-15 vc_row-o-content-middle vc_row-flex\"><div class=\"wpb_column vc_column_container vc_col-sm-6\"><div class=\"vc_column-inner\"><div class=\"wpb_wrapper\"><h2 style=\"text-align: left\" class=\"vc_custom_heading vc_do_custom_heading pb-20\">Vores g\u00e6ster er altid d\u00e6kket<\/h2>\n\t<div class=\"wpb_text_column wpb_content_element\">\n\t\t<div class=\"wpb_wrapper\">\n\t\t\t<p>Outdoor Italy er registreret med Rejsegaranti Danmark.<\/p>\n<p>Rejsegaranti Danmark yder d\u00e6kning til kunder af alle nationaliteter, der rejser med registrerede medlemsbureauer.<\/p>\n<p>I tilf\u00e6lde af at et medlem beg\u00e6res konkurs, vil klienter modtage refundering af deres rejsegebyr og i nogle tilf\u00e6lde nogle f\u00e5 udgifter i forbindelse med den bratte aflysning eller uds\u00e6ttelse af rejseplaner.<\/p>\n<p>L\u00e6r mere om Rejsegaranti Danmark og hvordan du er d\u00e6kket, n\u00e5r du rejser med Outdoor Italy <a href=\"https:\/\/www.rejsegarantifonden.dk\/english\/\">her<\/a>.<\/p>\n\n\t\t<\/div>\n\t<\/div>\n<\/div><\/div><\/div><div class=\"wpb_column vc_column_container vc_col-sm-6\"><div class=\"vc_column-inner\"><div class=\"wpb_wrapper\">\n\t<div  class=\"wpb_single_image wpb_content_element vc_align_left wpb_content_element  img-text\">\n\t\t\n\t\t<figure class=\"wpb_wrapper vc_figure\">\n\t\t\t<div class=\"vc_single_image-wrapper   vc_box_border_grey\"><img decoding=\"async\" width=\"1539\" height=\"946\" src=\"https:\/\/outdooreurope.eu\/wp-content\/uploads\/2024\/12\/guarantee.png\" class=\"vc_single_image-img attachment-full\" alt=\"\" title=\"garanti\" srcset=\"https:\/\/outdooreurope.eu\/wp-content\/uploads\/2024\/12\/guarantee.png 1539w, https:\/\/outdooreurope.eu\/wp-content\/uploads\/2024\/12\/guarantee-300x184.png 300w, https:\/\/outdooreurope.eu\/wp-content\/uploads\/2024\/12\/guarantee-1024x629.png 1024w, https:\/\/outdooreurope.eu\/wp-content\/uploads\/2024\/12\/guarantee-768x472.png 768w, https:\/\/outdooreurope.eu\/wp-content\/uploads\/2024\/12\/guarantee-1536x944.png 1536w, https:\/\/outdooreurope.eu\/wp-content\/uploads\/2024\/12\/guarantee-18x12.png 18w, https:\/\/outdooreurope.eu\/wp-content\/uploads\/2024\/12\/guarantee-610x375.png 610w, https:\/\/outdooreurope.eu\/wp-content\/uploads\/2024\/12\/guarantee-600x369.png 600w\" sizes=\"(max-width: 1539px) 100vw, 1539px\" \/><\/div>\n\t\t<\/figure>\n\t<\/div>\n<\/div><\/div><\/div><\/div><div class=\"vc_row-full-width vc_clearfix\"><\/div>\n<\/div>","protected":false},"excerpt":{"rendered":"Vores g\u00e6ster er altid d\u00e6kket. Outdoor Italy er registreret hos Rejsegaranti Danmark. Rejsegaranti Danmark d\u00e6kker kunder af alle nationaliteter, der rejser med registrerede medlemsbureauer. I tilf\u00e6lde af at et medlem indgiver konkursbeg\u00e6ring, vil kunderne modtage refusion af deres rejsegebyr og i nogle tilf\u00e6lde et par udgifter relateret til rejsen.<div class=\"padding-top text-center\"><a href=\"https:\/\/outdooreurope.eu\/da\/travel-guarantee\/\" class=\"atbtn atbtn--medium atbtn--rounded atbtn--transparent\">L\u00e6s mere<i class=\"atbtn__icon atbtn__icon--right fa fa-long-arrow-right\"><\/i><\/a><\/div>","protected":false},"author":1,"featured_media":0,"parent":0,"menu_order":0,"comment_status":"closed","ping_status":"closed","template":"","meta":{"_acf_changed":false,"content-type":"","inline_featured_image":false,"footnotes":""},"class_list":["post-12113","page","type-page","status-publish","hentry"],"acf":[],"yoast_head":"<!-- This site is optimized with the Yoast SEO Premium plugin v27.4 (Yoast SEO v27.4) - https:\/\/yoast.com\/product\/yoast-seo-premium-wordpress\/ -->\n<title>Travel guarantee - Outdoor Europe<\/title>\n<meta name=\"robots\" content=\"index, follow, max-snippet:-1, max-image-preview:large, max-video-preview:-1\" \/>\n<link rel=\"canonical\" href=\"https:\/\/outdooreurope.eu\/da\/rejse-garanti\/\" \/>\n<meta property=\"og:locale\" content=\"da_DK\" \/>\n<meta property=\"og:type\" content=\"article\" \/>\n<meta property=\"og:title\" content=\"Travel guarantee\" \/>\n<meta property=\"og:url\" content=\"https:\/\/outdooreurope.eu\/da\/rejse-garanti\/\" \/>\n<meta property=\"og:site_name\" content=\"Outdoor Europe\" \/>\n<meta property=\"article:publisher\" content=\"https:\/\/www.facebook.com\/outdooreurope.eu\" \/>\n<meta property=\"article:modified_time\" content=\"2025-01-21T20:46:59+00:00\" \/>\n<meta property=\"og:image\" content=\"https:\/\/outdooreurope.eu\/wp-content\/uploads\/2024\/01\/Dirk-Elsje.jpg\" \/>\n\t<meta property=\"og:image:width\" content=\"1286\" \/>\n\t<meta property=\"og:image:height\" content=\"1286\" \/>\n\t<meta property=\"og:image:type\" content=\"image\/jpeg\" \/>\n<meta name=\"twitter:card\" content=\"summary_large_image\" \/>\n<meta name=\"twitter:label1\" content=\"Estimeret l\u00e6setid\" \/>\n\t<meta name=\"twitter:data1\" content=\"1 minut\" \/>\n<script type=\"application\/ld+json\" class=\"yoast-schema-graph\">{\"@context\":\"https:\\\/\\\/schema.org\",\"@graph\":[{\"@type\":\"WebPage\",\"@id\":\"https:\\\/\\\/outdooreurope.eu\\\/travel-guarantee\\\/\",\"url\":\"https:\\\/\\\/outdooreurope.eu\\\/travel-guarantee\\\/\",\"name\":\"Travel guarantee - Outdoor Europe\",\"isPartOf\":{\"@id\":\"https:\\\/\\\/outdooreurope.eu\\\/#website\"},\"datePublished\":\"2022-07-17T21:11:57+00:00\",\"dateModified\":\"2025-01-21T20:46:59+00:00\",\"breadcrumb\":{\"@id\":\"https:\\\/\\\/outdooreurope.eu\\\/travel-guarantee\\\/#breadcrumb\"},\"inLanguage\":\"da-DK\",\"potentialAction\":[{\"@type\":\"ReadAction\",\"target\":[\"https:\\\/\\\/outdooreurope.eu\\\/travel-guarantee\\\/\"]}]},{\"@type\":\"BreadcrumbList\",\"@id\":\"https:\\\/\\\/outdooreurope.eu\\\/travel-guarantee\\\/#breadcrumb\",\"itemListElement\":[{\"@type\":\"ListItem\",\"position\":1,\"name\":\"Hjem\",\"item\":\"https:\\\/\\\/outdooreurope.eu\\\/\"},{\"@type\":\"ListItem\",\"position\":2,\"name\":\"Travel guarantee\"}]},{\"@type\":\"WebSite\",\"@id\":\"https:\\\/\\\/outdooreurope.eu\\\/#website\",\"url\":\"https:\\\/\\\/outdooreurope.eu\\\/\",\"name\":\"Outdoor Europe\",\"description\":\"Hiking In Europe I Join the trail\",\"potentialAction\":[{\"@type\":\"SearchAction\",\"target\":{\"@type\":\"EntryPoint\",\"urlTemplate\":\"https:\\\/\\\/outdooreurope.eu\\\/?s={search_term_string}\"},\"query-input\":{\"@type\":\"PropertyValueSpecification\",\"valueRequired\":true,\"valueName\":\"search_term_string\"}}],\"inLanguage\":\"da-DK\"}]}<\/script>\n<!-- \/ Yoast SEO Premium plugin. -->","yoast_head_json":{"title":"Rejsegaranti | Tryghed p\u00e5 vandreferie | Outdoor Europe","robots":{"index":"index","follow":"follow","max-snippet":"max-snippet:-1","max-image-preview":"max-image-preview:large","max-video-preview":"max-video-preview:-1"},"canonical":"https:\/\/outdooreurope.eu\/da\/rejse-garanti\/","og_locale":"da_DK","og_type":"article","og_title":"Travel guarantee","og_url":"https:\/\/outdooreurope.eu\/da\/rejse-garanti\/","og_site_name":"Outdoor Europe","article_publisher":"https:\/\/www.facebook.com\/outdooreurope.eu","article_modified_time":"2025-01-21T20:46:59+00:00","og_image":[{"width":1286,"height":1286,"url":"https:\/\/outdooreurope.eu\/wp-content\/uploads\/2024\/01\/Dirk-Elsje.jpg","type":"image\/jpeg"}],"twitter_card":"summary_large_image","twitter_misc":{"Estimeret l\u00e6setid":"1 minut"},"schema":{"@context":"https:\/\/schema.org","@graph":[{"@type":"WebPage","@id":"https:\/\/outdooreurope.eu\/travel-guarantee\/","url":"https:\/\/outdooreurope.eu\/travel-guarantee\/","name":"Rejsegaranti | Tryghed p\u00e5 vandreferie | Outdoor Europe","isPartOf":{"@id":"https:\/\/outdooreurope.eu\/#website"},"datePublished":"2022-07-17T21:11:57+00:00","dateModified":"2025-01-21T20:46:59+00:00","breadcrumb":{"@id":"https:\/\/outdooreurope.eu\/travel-guarantee\/#breadcrumb"},"inLanguage":"da-DK","potentialAction":[{"@type":"ReadAction","target":["https:\/\/outdooreurope.eu\/travel-guarantee\/"]}]},{"@type":"BreadcrumbList","@id":"https:\/\/outdooreurope.eu\/travel-guarantee\/#breadcrumb","itemListElement":[{"@type":"ListItem","position":1,"name":"Hjem","item":"https:\/\/outdooreurope.eu\/"},{"@type":"ListItem","position":2,"name":"Travel guarantee"}]},{"@type":"WebSite","@id":"https:\/\/outdooreurope.eu\/#website","url":"https:\/\/outdooreurope.eu\/","name":"Udend\u00f8rs Europa","description":"Vandreture i Europa Jeg slutter mig til stien","potentialAction":[{"@type":"SearchAction","target":{"@type":"EntryPoint","urlTemplate":"https:\/\/outdooreurope.eu\/?s={search_term_string}"},"query-input":{"@type":"PropertyValueSpecification","valueRequired":true,"valueName":"search_term_string"}}],"inLanguage":"da-DK"}]}},"_links":{"self":[{"href":"https:\/\/outdooreurope.eu\/da\/wp-json\/wp\/v2\/pages\/12113","targetHints":{"allow":["GET"]}}],"collection":[{"href":"https:\/\/outdooreurope.eu\/da\/wp-json\/wp\/v2\/pages"}],"about":[{"href":"https:\/\/outdooreurope.eu\/da\/wp-json\/wp\/v2\/types\/page"}],"author":[{"embeddable":true,"href":"https:\/\/outdooreurope.eu\/da\/wp-json\/wp\/v2\/users\/1"}],"replies":[{"embeddable":true,"href":"https:\/\/outdooreurope.eu\/da\/wp-json\/wp\/v2\/comments?post=12113"}],"version-history":[{"count":8,"href":"https:\/\/outdooreurope.eu\/da\/wp-json\/wp\/v2\/pages\/12113\/revisions"}],"predecessor-version":[{"id":17767,"href":"https:\/\/outdooreurope.eu\/da\/wp-json\/wp\/v2\/pages\/12113\/revisions\/17767"}],"wp:attachment":[{"href":"https:\/\/outdooreurope.eu\/da\/wp-json\/wp\/v2\/media?parent=12113"}],"curies":[{"name":"wp","href":"https:\/\/api.w.org\/{rel}","templated":true}]}}