{"id":12249,"date":"2022-08-12T08:07:39","date_gmt":"2022-08-12T06:07:39","guid":{"rendered":"http:\/\/workdemomaster.com\/outdooreurope\/?page_id=12249"},"modified":"2025-01-21T21:36:32","modified_gmt":"2025-01-21T20:36:32","slug":"find-dit-niveau","status":"publish","type":"page","link":"https:\/\/outdooreurope.eu\/da\/find-your-level\/","title":{"rendered":"Find dit niveau"},"content":{"rendered":"<div class=\"wpb-content-wrapper\"><div class=\"vc_row wpb_row vc_row-fluid pb-100 lavel-page\"><div class=\"wpb_column vc_column_container vc_col-sm-12\"><div class=\"vc_column-inner\"><div class=\"wpb_wrapper\"><h2 style=\"text-align: center\" class=\"vc_custom_heading vc_do_custom_heading\">Vi er alle forskellige<\/h2><div style=\"text-align: center\" class=\"vc_custom_heading vc_do_custom_heading your-level-heading\">Brug denne guide til at finde din tur<\/div><div class=\"vc_row wpb_row vc_inner vc_row-fluid defferent-card vc_row-o-equal-height vc_row-flex\"><div class=\"wpb_column vc_column_container vc_col-sm-6\"><div class=\"vc_column-inner\"><div class=\"wpb_wrapper\">\n\t<div  class=\"wpb_single_image wpb_content_element vc_align_left wpb_content_element\">\n\t\t\n\t\t<figure class=\"wpb_wrapper vc_figure\">\n\t\t\t<div class=\"vc_single_image-wrapper   vc_box_border_grey\"><img decoding=\"async\" width=\"228\" height=\"41\" src=\"https:\/\/outdooreurope.eu\/wp-content\/uploads\/2024\/12\/Easy.svg\" class=\"vc_single_image-img attachment-full\" alt=\"\" title=\"Let\" \/><\/div>\n\t\t<\/figure>\n\t<\/div>\n\n\t<div class=\"wpb_text_column wpb_content_element\">\n\t\t<div class=\"wpb_wrapper\">\n\t\t\t<p>Lette stier, kortere afstande og velegnet til folk uden tidligere bjergerfaring. Det vil ikke v\u00e6re s\u00e6rlig udfordrende fysisk, selvom deltagerne stadig skal kunne vandre 10-15 km uden problemer p\u00e5 en flad vej. Velegnet til b\u00f8rn over 8 \u00e5r.<\/p>\n\n\t\t<\/div>\n\t<\/div>\n\n\t<div class=\"wpb_text_column wpb_content_element color-box\">\n\t\t<div class=\"wpb_wrapper\">\n\t\t\t<p><img decoding=\"async\" class=\"size-medium wp-image-14768\" src=\"https:\/\/outdooreurope.eu\/wp-content\/uploads\/2025\/01\/distance.svg\" alt=\"\" width=\"30\" height=\"30\" \/> Op til 15 km afstand og<\/p>\n<p><img decoding=\"async\" class=\"size-medium wp-image-14768\" src=\"https:\/\/outdooreurope.eu\/wp-content\/uploads\/2024\/12\/alpinism.svg\" alt=\"\" width=\"30\" height=\"30\" \/> 600 meter lodret gevinst\/tab pr. dag<\/p>\n\n\t\t<\/div>\n\t<\/div>\n<\/div><\/div><\/div><div class=\"wpb_column vc_column_container vc_col-sm-6\"><div class=\"vc_column-inner\"><div class=\"wpb_wrapper\">\n\t<div  class=\"wpb_single_image wpb_content_element vc_align_left wpb_content_element\">\n\t\t\n\t\t<figure class=\"wpb_wrapper vc_figure\">\n\t\t\t<div class=\"vc_single_image-wrapper   vc_box_border_grey\"><img decoding=\"async\" width=\"228\" height=\"40\" src=\"https:\/\/outdooreurope.eu\/wp-content\/uploads\/2025\/01\/Moderate.svg\" class=\"vc_single_image-img attachment-full\" alt=\"\" title=\"Moderat\" \/><\/div>\n\t\t<\/figure>\n\t<\/div>\n\n\t<div class=\"wpb_text_column wpb_content_element\">\n\t\t<div class=\"wpb_wrapper\">\n\t\t\t<p>Velholdte og ret brede stier, men med nogle udfordrende segmenter som stejle stigninger og nogle tekniske, stenede partier. En ret god form er n\u00f8dvendig. Deltagerne skal med ringe besv\u00e6r kunne vandre 15-20 km p\u00e5 en flad vej. Velegnet til b\u00f8rn fra 12 \u00e5r.<\/p>\n\n\t\t<\/div>\n\t<\/div>\n\n\t<div class=\"wpb_text_column wpb_content_element color-box\">\n\t\t<div class=\"wpb_wrapper\">\n\t\t\t<p><img decoding=\"async\" class=\"size-medium wp-image-14768\" src=\"https:\/\/outdooreurope.eu\/wp-content\/uploads\/2025\/01\/distance.svg\" alt=\"\" width=\"30\" height=\"30\" \/> Op til 20 km afstand og<\/p>\n<p><img decoding=\"async\" class=\"size-medium wp-image-14768\" src=\"https:\/\/outdooreurope.eu\/wp-content\/uploads\/2024\/12\/alpinism.svg\" alt=\"\" width=\"30\" height=\"30\" \/> 1300 meter lodret gevinst\/tab pr. dag<\/p>\n\n\t\t<\/div>\n\t<\/div>\n<\/div><\/div><\/div><\/div><div class=\"vc_row wpb_row vc_inner vc_row-fluid defferent-card vc_row-o-equal-height vc_row-flex\"><div class=\"wpb_column vc_column_container vc_col-sm-6\"><div class=\"vc_column-inner\"><div class=\"wpb_wrapper\">\n\t<div  class=\"wpb_single_image wpb_content_element vc_align_left wpb_content_element\">\n\t\t\n\t\t<figure class=\"wpb_wrapper vc_figure\">\n\t\t\t<div class=\"vc_single_image-wrapper   vc_box_border_grey\"><img decoding=\"async\" width=\"228\" height=\"41\" src=\"https:\/\/outdooreurope.eu\/wp-content\/uploads\/2024\/12\/Experienced.svg\" class=\"vc_single_image-img attachment-full\" alt=\"\" title=\"Erfaren\" \/><\/div>\n\t\t<\/figure>\n\t<\/div>\n\n\t<div class=\"wpb_text_column wpb_content_element\">\n\t\t<div class=\"wpb_wrapper\">\n\t\t\t<p>Stier med l\u00e6ngere, tekniske sider og nogle gange kun sparsomt afm\u00e6rket. Tilt\u00e6nkt deltagere, der tidligere har vandret i Alperne eller lignende milj\u00f8 flere gange, og som er fortrolige med kortl\u00e6sning, gps og omskiftelige vejrforhold. Ikke egnet til b\u00f8rn.<\/p>\n\n\t\t<\/div>\n\t<\/div>\n\n\t<div class=\"wpb_text_column wpb_content_element color-box\">\n\t\t<div class=\"wpb_wrapper\">\n\t\t\t<p><img decoding=\"async\" class=\"size-medium wp-image-14768\" src=\"https:\/\/outdooreurope.eu\/wp-content\/uploads\/2025\/01\/distance.svg\" alt=\"\" width=\"30\" height=\"30\" \/> Op til 25 km afstand og<\/p>\n<p><img decoding=\"async\" class=\"size-medium wp-image-14768\" src=\"https:\/\/outdooreurope.eu\/wp-content\/uploads\/2024\/12\/alpinism.svg\" alt=\"\" width=\"30\" height=\"30\" \/> 1800 meter lodret gevinst\/tab pr. dag<\/p>\n\n\t\t<\/div>\n\t<\/div>\n<\/div><\/div><\/div><div class=\"wpb_column vc_column_container vc_col-sm-6\"><div class=\"vc_column-inner\"><div class=\"wpb_wrapper\">\n\t<div  class=\"wpb_single_image wpb_content_element vc_align_left wpb_content_element\">\n\t\t\n\t\t<figure class=\"wpb_wrapper vc_figure\">\n\t\t\t<div class=\"vc_single_image-wrapper   vc_box_border_grey\"><img decoding=\"async\" width=\"228\" height=\"40\" src=\"https:\/\/outdooreurope.eu\/wp-content\/uploads\/2024\/12\/Advanced.svg\" class=\"vc_single_image-img attachment-full\" alt=\"\" title=\"Unikke udfordringer\" \/><\/div>\n\t\t<\/figure>\n\t<\/div>\n\n\t<div class=\"wpb_text_column wpb_content_element\">\n\t\t<div class=\"wpb_wrapper\">\n\t\t\t<p>Kun for meget erfarne atleter med solid erfaring med den valgte aktivitet, hvad enten det er vandring, l\u00f8b, klatring eller skil\u00f8b. Formen er optimal, og deltagerne skal kunne l\u00f8be et halvmaratonl\u00f8b uden st\u00f8rre besv\u00e6r.<\/p>\n\n\t\t<\/div>\n\t<\/div>\n<\/div><\/div><\/div><\/div><\/div><\/div><\/div><\/div><div data-vc-full-width=\"true\" data-vc-full-width-temp=\"true\" data-vc-full-width-init=\"false\" class=\"vc_row wpb_row vc_row-fluid vc_custom_1696339208689 vc_row-has-fill\"><div class=\"wpb_column vc_column_container vc_col-sm-12\"><div class=\"vc_column-inner\"><div class=\"wpb_wrapper\"><div class=\"templatera_shortcode\"><div data-vc-full-width=\"true\" data-vc-full-width-temp=\"true\" data-vc-full-width-init=\"false\" class=\"vc_row wpb_row vc_row-fluid footer-cta pt-100 pb-100 vc_row-o-content-middle vc_row-flex\"><div class=\"wpb_column vc_column_container vc_col-sm-6\"><div class=\"vc_column-inner vc_custom_1696340752653\"><div class=\"wpb_wrapper\"><h3 style=\"text-align: left\" class=\"vc_custom_heading vc_do_custom_heading pb-3\">Lav din egen private grupperejse<\/h3>\n\t<div class=\"wpb_text_column wpb_content_element\">\n\t\t<div class=\"wpb_wrapper\">\n\t\t\t<p>Uanset om du er en stor familie, et hold kolleger eller en sportsklub, hj\u00e6lper vi dig med at skabe et perfekt gruppeeventyr.<\/p>\n\n\t\t<\/div>\n\t<\/div>\n<div class=\"vc_btn3-container  theme-btn pt-3 vc_btn3-inline vc_do_btn\"><a class=\"vc_general vc_btn3 vc_btn3-size-md vc_btn3-shape-rounded vc_btn3-style-modern vc_btn3-color-grey\" href=\"\/da\/privat-rundvisning\/\" title=\"Private ture\">Privat gruppe<\/a><\/div><\/div><\/div><\/div><div class=\"wpb_column vc_column_container vc_col-sm-6\"><div class=\"vc_column-inner\"><div class=\"wpb_wrapper\">\n\t<div  class=\"wpb_single_image wpb_content_element vc_align_left wpb_content_element\">\n\t\t\n\t\t<figure class=\"wpb_wrapper vc_figure\">\n\t\t\t<div class=\"vc_single_image-wrapper   vc_box_border_grey\"><img decoding=\"async\" width=\"746\" height=\"559\" src=\"https:\/\/outdooreurope.eu\/wp-content\/uploads\/2024\/01\/outdoor-community-new.png\" class=\"vc_single_image-img attachment-full\" alt=\"\" title=\"udend\u00f8rs-f\u00e6llesskab-nyt\" srcset=\"https:\/\/outdooreurope.eu\/wp-content\/uploads\/2024\/01\/outdoor-community-new.png 746w, https:\/\/outdooreurope.eu\/wp-content\/uploads\/2024\/01\/outdoor-community-new-300x225.png 300w, https:\/\/outdooreurope.eu\/wp-content\/uploads\/2024\/01\/outdoor-community-new-16x12.png 16w, https:\/\/outdooreurope.eu\/wp-content\/uploads\/2024\/01\/outdoor-community-new-610x457.png 610w, https:\/\/outdooreurope.eu\/wp-content\/uploads\/2024\/01\/outdoor-community-new-600x450.png 600w\" sizes=\"(max-width: 746px) 100vw, 746px\" \/><\/div>\n\t\t<\/figure>\n\t<\/div>\n<\/div><\/div><\/div><\/div><div class=\"vc_row-full-width vc_clearfix\"><\/div><\/div><\/div><\/div><\/div><\/div><div class=\"vc_row-full-width vc_clearfix\"><\/div>\n<\/div>","protected":false},"excerpt":{"rendered":"Vi er alle forskellige. Brug denne guide til at finde din tur. Nemme stier, kortere distancer og velegnet til folk uden tidligere bjergerfaring. Fysisk udholdenhed er ikke s\u00e6rlig udfordrende, selvom deltagerne stadig b\u00f8r kunne vandre 10-15 km uden problemer p\u00e5 en flad vej. Velegnet til b\u00f8rn over 8 \u00e5r. Op til 15 \u00e5r.<div class=\"padding-top text-center\"><a href=\"https:\/\/outdooreurope.eu\/da\/find-your-level\/\" class=\"atbtn atbtn--medium atbtn--rounded atbtn--transparent\">L\u00e6s mere<i class=\"atbtn__icon atbtn__icon--right fa fa-long-arrow-right\"><\/i><\/a><\/div>","protected":false},"author":1,"featured_media":0,"parent":0,"menu_order":0,"comment_status":"closed","ping_status":"closed","template":"","meta":{"_acf_changed":false,"content-type":"","inline_featured_image":false,"footnotes":""},"class_list":["post-12249","page","type-page","status-publish","hentry"],"acf":[],"yoast_head":"<!-- This site is optimized with the Yoast SEO Premium plugin v27.4 (Yoast SEO v27.4) - https:\/\/yoast.com\/product\/yoast-seo-premium-wordpress\/ -->\n<title>Find Your Level - Outdoor Europe<\/title>\n<meta name=\"robots\" content=\"index, follow, max-snippet:-1, max-image-preview:large, max-video-preview:-1\" \/>\n<link rel=\"canonical\" href=\"https:\/\/outdooreurope.eu\/da\/find-dit-niveau\/\" \/>\n<meta property=\"og:locale\" content=\"da_DK\" \/>\n<meta property=\"og:type\" content=\"article\" \/>\n<meta property=\"og:title\" content=\"Find Your Level\" \/>\n<meta property=\"og:url\" content=\"https:\/\/outdooreurope.eu\/da\/find-dit-niveau\/\" \/>\n<meta property=\"og:site_name\" content=\"Outdoor Europe\" \/>\n<meta property=\"article:publisher\" content=\"https:\/\/www.facebook.com\/outdooreurope.eu\" \/>\n<meta property=\"article:modified_time\" content=\"2025-01-21T20:36:32+00:00\" \/>\n<meta property=\"og:image\" content=\"https:\/\/outdooreurope.eu\/wp-content\/uploads\/2025\/01\/distance.svg\" \/>\n<meta name=\"twitter:card\" content=\"summary_large_image\" \/>\n<meta name=\"twitter:label1\" content=\"Estimeret l\u00e6setid\" \/>\n\t<meta name=\"twitter:data1\" content=\"5 minutter\" \/>\n<script type=\"application\/ld+json\" class=\"yoast-schema-graph\">{\"@context\":\"https:\\\/\\\/schema.org\",\"@graph\":[{\"@type\":\"WebPage\",\"@id\":\"https:\\\/\\\/outdooreurope.eu\\\/find-your-level\\\/\",\"url\":\"https:\\\/\\\/outdooreurope.eu\\\/find-your-level\\\/\",\"name\":\"Find Your Level - Outdoor Europe\",\"isPartOf\":{\"@id\":\"https:\\\/\\\/outdooreurope.eu\\\/#website\"},\"primaryImageOfPage\":{\"@id\":\"https:\\\/\\\/outdooreurope.eu\\\/find-your-level\\\/#primaryimage\"},\"image\":{\"@id\":\"https:\\\/\\\/outdooreurope.eu\\\/find-your-level\\\/#primaryimage\"},\"thumbnailUrl\":\"https:\\\/\\\/outdooreurope.eu\\\/wp-content\\\/uploads\\\/2025\\\/01\\\/distance.svg\",\"datePublished\":\"2022-08-12T06:07:39+00:00\",\"dateModified\":\"2025-01-21T20:36:32+00:00\",\"breadcrumb\":{\"@id\":\"https:\\\/\\\/outdooreurope.eu\\\/find-your-level\\\/#breadcrumb\"},\"inLanguage\":\"da-DK\",\"potentialAction\":[{\"@type\":\"ReadAction\",\"target\":[\"https:\\\/\\\/outdooreurope.eu\\\/find-your-level\\\/\"]}]},{\"@type\":\"ImageObject\",\"inLanguage\":\"da-DK\",\"@id\":\"https:\\\/\\\/outdooreurope.eu\\\/find-your-level\\\/#primaryimage\",\"url\":\"https:\\\/\\\/outdooreurope.eu\\\/wp-content\\\/uploads\\\/2025\\\/01\\\/distance.svg\",\"contentUrl\":\"https:\\\/\\\/outdooreurope.eu\\\/wp-content\\\/uploads\\\/2025\\\/01\\\/distance.svg\"},{\"@type\":\"BreadcrumbList\",\"@id\":\"https:\\\/\\\/outdooreurope.eu\\\/find-your-level\\\/#breadcrumb\",\"itemListElement\":[{\"@type\":\"ListItem\",\"position\":1,\"name\":\"Hjem\",\"item\":\"https:\\\/\\\/outdooreurope.eu\\\/\"},{\"@type\":\"ListItem\",\"position\":2,\"name\":\"Find Your Level\"}]},{\"@type\":\"WebSite\",\"@id\":\"https:\\\/\\\/outdooreurope.eu\\\/#website\",\"url\":\"https:\\\/\\\/outdooreurope.eu\\\/\",\"name\":\"Outdoor Europe\",\"description\":\"Hiking In Europe I Join the trail\",\"potentialAction\":[{\"@type\":\"SearchAction\",\"target\":{\"@type\":\"EntryPoint\",\"urlTemplate\":\"https:\\\/\\\/outdooreurope.eu\\\/?s={search_term_string}\"},\"query-input\":{\"@type\":\"PropertyValueSpecification\",\"valueRequired\":true,\"valueName\":\"search_term_string\"}}],\"inLanguage\":\"da-DK\"}]}<\/script>\n<!-- \/ Yoast SEO Premium plugin. -->","yoast_head_json":{"title":"Find dit vandre niveau | Vandreferier i Europa | Udend\u00f8rs Europa","robots":{"index":"index","follow":"follow","max-snippet":"max-snippet:-1","max-image-preview":"max-image-preview:large","max-video-preview":"max-video-preview:-1"},"canonical":"https:\/\/outdooreurope.eu\/da\/find-dit-niveau\/","og_locale":"da_DK","og_type":"article","og_title":"Find Your Level","og_url":"https:\/\/outdooreurope.eu\/da\/find-dit-niveau\/","og_site_name":"Outdoor Europe","article_publisher":"https:\/\/www.facebook.com\/outdooreurope.eu","article_modified_time":"2025-01-21T20:36:32+00:00","og_image":[{"url":"https:\/\/outdooreurope.eu\/wp-content\/uploads\/2025\/01\/distance.svg","type":"","width":"","height":""}],"twitter_card":"summary_large_image","twitter_misc":{"Estimeret l\u00e6setid":"5 minutter"},"schema":{"@context":"https:\/\/schema.org","@graph":[{"@type":"WebPage","@id":"https:\/\/outdooreurope.eu\/find-your-level\/","url":"https:\/\/outdooreurope.eu\/find-your-level\/","name":"Find dit vandre niveau | Vandreferier i Europa | Udend\u00f8rs Europa","isPartOf":{"@id":"https:\/\/outdooreurope.eu\/#website"},"primaryImageOfPage":{"@id":"https:\/\/outdooreurope.eu\/find-your-level\/#primaryimage"},"image":{"@id":"https:\/\/outdooreurope.eu\/find-your-level\/#primaryimage"},"thumbnailUrl":"https:\/\/outdooreurope.eu\/wp-content\/uploads\/2025\/01\/distance.svg","datePublished":"2022-08-12T06:07:39+00:00","dateModified":"2025-01-21T20:36:32+00:00","breadcrumb":{"@id":"https:\/\/outdooreurope.eu\/find-your-level\/#breadcrumb"},"inLanguage":"da-DK","potentialAction":[{"@type":"ReadAction","target":["https:\/\/outdooreurope.eu\/find-your-level\/"]}]},{"@type":"ImageObject","inLanguage":"da-DK","@id":"https:\/\/outdooreurope.eu\/find-your-level\/#primaryimage","url":"https:\/\/outdooreurope.eu\/wp-content\/uploads\/2025\/01\/distance.svg","contentUrl":"https:\/\/outdooreurope.eu\/wp-content\/uploads\/2025\/01\/distance.svg"},{"@type":"BreadcrumbList","@id":"https:\/\/outdooreurope.eu\/find-your-level\/#breadcrumb","itemListElement":[{"@type":"ListItem","position":1,"name":"Hjem","item":"https:\/\/outdooreurope.eu\/"},{"@type":"ListItem","position":2,"name":"Find Your Level"}]},{"@type":"WebSite","@id":"https:\/\/outdooreurope.eu\/#website","url":"https:\/\/outdooreurope.eu\/","name":"Udend\u00f8rs Europa","description":"Vandreture i Europa Jeg slutter mig til stien","potentialAction":[{"@type":"SearchAction","target":{"@type":"EntryPoint","urlTemplate":"https:\/\/outdooreurope.eu\/?s={search_term_string}"},"query-input":{"@type":"PropertyValueSpecification","valueRequired":true,"valueName":"search_term_string"}}],"inLanguage":"da-DK"}]}},"_links":{"self":[{"href":"https:\/\/outdooreurope.eu\/da\/wp-json\/wp\/v2\/pages\/12249","targetHints":{"allow":["GET"]}}],"collection":[{"href":"https:\/\/outdooreurope.eu\/da\/wp-json\/wp\/v2\/pages"}],"about":[{"href":"https:\/\/outdooreurope.eu\/da\/wp-json\/wp\/v2\/types\/page"}],"author":[{"embeddable":true,"href":"https:\/\/outdooreurope.eu\/da\/wp-json\/wp\/v2\/users\/1"}],"replies":[{"embeddable":true,"href":"https:\/\/outdooreurope.eu\/da\/wp-json\/wp\/v2\/comments?post=12249"}],"version-history":[{"count":23,"href":"https:\/\/outdooreurope.eu\/da\/wp-json\/wp\/v2\/pages\/12249\/revisions"}],"predecessor-version":[{"id":17738,"href":"https:\/\/outdooreurope.eu\/da\/wp-json\/wp\/v2\/pages\/12249\/revisions\/17738"}],"wp:attachment":[{"href":"https:\/\/outdooreurope.eu\/da\/wp-json\/wp\/v2\/media?parent=12249"}],"curies":[{"name":"wp","href":"https:\/\/api.w.org\/{rel}","templated":true}]}}