{"id":12254,"date":"2022-08-12T08:52:51","date_gmt":"2022-08-12T06:52:51","guid":{"rendered":"http:\/\/workdemomaster.com\/outdooreurope\/?page_id=12254"},"modified":"2025-01-21T21:29:09","modified_gmt":"2025-01-21T20:29:09","slug":"om-udendors-italien","status":"publish","type":"page","link":"https:\/\/outdooreurope.eu\/da\/about-outdoor-italy\/","title":{"rendered":"Om Outdoor Europe"},"content":{"rendered":"<div class=\"wpb-content-wrapper\"><div data-vc-full-width=\"true\" data-vc-full-width-temp=\"true\" data-vc-full-width-init=\"false\" class=\"vc_row wpb_row vc_row-fluid pt-100 pb-100 img-text-section after-banner mb-0 vc_column-gap-15 vc_row-o-content-middle vc_row-flex\"><div class=\"wpb_column vc_column_container vc_col-sm-6\"><div class=\"vc_column-inner\"><div class=\"wpb_wrapper\"><h2 style=\"text-align: left\" class=\"vc_custom_heading vc_do_custom_heading pb-20\">Vi tager os af besv\u00e6ret, s\u00e5 du kan nyde dit eventyr.<\/h2>\n\t<div class=\"wpb_text_column wpb_content_element vc_custom_1733123766766\">\n\t\t<div class=\"wpb_wrapper\">\n<p><span style=\"font-weight: 400;\">K\u00e6re Rejsende,<\/span><\/p>\n<p><span style=\"font-weight: 400;\">Hos Outdoor Europe br\u00e6nder vi for aktive ferier i Europa. Uanset om du dr\u00f8mmer at vandre gennem Alperne, tage p\u00e5 ski touring i uber\u00f8rte bjergomr\u00e5der eller l\u00f8be p\u00e5 Europas smukkeste stier, arbejder vi for at g\u00f8re disse eventyr tilg\u00e6ngelige og overkommelige for alle. Vores m\u00e5l er at fjerne alt besv\u00e6r med planl\u00e6gning, s\u00e5 du kan fokusere p\u00e5 at nyde din rejse, om du rejser alene eller sammen med en lille gruppe.<\/span><\/p>\n<p><span style=\"font-weight: 400;\">N\u00e5r vi tager os af alle praktiske detaljer, kan du slappe af og v\u00e6re sikker p\u00e5, at en god seng og et varmt m\u00e5ltid venter dig efter en dag fyldt med oplevelser. Vi s\u00f8rger ogs\u00e5 for at transportere dit bagage fra hytte til hytte, s\u00e5 du kan koncentrere dig om selve eventyret.<\/span><\/p>\n<p><span style=\"font-weight: 400;\">Vi samarbejder med lokale partnere, der br\u00e6nder for at tilbyde de bedste eventyr og tage dig med til nogle af Europas mest imponerende destinationer. Fra Alperne til andre spektakul\u00e6re omr\u00e5der sikrer vores n\u00f8je udvalgte ruter en perfekt blanding af eventyr og natursk\u00f8nhed, uanset om du vandrer, dyrker skitouring, trailrunning eller alpinisme.<\/span><\/p>\n<p><span style=\"font-weight: 400;\">Tak fordi du valgte Outdoor Europe til at hj\u00e6lpe dig med at opleve naturens storhed.<\/span><\/p>\n<p><span style=\"font-weight: 400;\">Med venlig hilsen,<\/span><span style=\"font-weight: 400;\"><br \/>\n<\/span><span style=\"font-weight: 400;\">Udend\u00f8rs Europa Teamet<\/span><\/p>\n<\/div>\n\t<\/div>\n<\/div><\/div><\/div><div class=\"wpb_column vc_column_container vc_col-sm-6\"><div class=\"vc_column-inner\"><div class=\"wpb_wrapper\">\n\t<div  class=\"wpb_single_image wpb_content_element vc_align_left wpb_content_element  img-text\">\n\t\t\n\t\t<figure class=\"wpb_wrapper vc_figure\">\n\t\t\t<div class=\"vc_single_image-wrapper   vc_box_border_grey\"><img decoding=\"async\" width=\"1638\" height=\"2048\" src=\"https:\/\/outdooreurope.eu\/wp-content\/uploads\/2025\/01\/pexels-josh-hild-1270765-2629233-scaled.jpg\" class=\"vc_single_image-img attachment-full\" alt=\"\" title=\"pexels-josh-hild-1270765-2629233\" srcset=\"https:\/\/outdooreurope.eu\/wp-content\/uploads\/2025\/01\/pexels-josh-hild-1270765-2629233-scaled.jpg 1638w, https:\/\/outdooreurope.eu\/wp-content\/uploads\/2025\/01\/pexels-josh-hild-1270765-2629233-240x300.jpg 240w, https:\/\/outdooreurope.eu\/wp-content\/uploads\/2025\/01\/pexels-josh-hild-1270765-2629233-819x1024.jpg 819w, https:\/\/outdooreurope.eu\/wp-content\/uploads\/2025\/01\/pexels-josh-hild-1270765-2629233-768x960.jpg 768w, https:\/\/outdooreurope.eu\/wp-content\/uploads\/2025\/01\/pexels-josh-hild-1270765-2629233-1229x1536.jpg 1229w, https:\/\/outdooreurope.eu\/wp-content\/uploads\/2025\/01\/pexels-josh-hild-1270765-2629233-10x12.jpg 10w, https:\/\/outdooreurope.eu\/wp-content\/uploads\/2025\/01\/pexels-josh-hild-1270765-2629233-610x763.jpg 610w, https:\/\/outdooreurope.eu\/wp-content\/uploads\/2025\/01\/pexels-josh-hild-1270765-2629233-600x750.jpg 600w\" sizes=\"(max-width: 1638px) 100vw, 1638px\" \/><\/div>\n\t\t<\/figure>\n\t<\/div>\n<\/div><\/div><\/div><\/div><div class=\"vc_row-full-width vc_clearfix\"><\/div>\n<\/div>","protected":false},"excerpt":{"rendered":"Vi tager os af besv\u00e6ret, s\u00e5 du kan nyde dit eventyr. K\u00e6re Rejsende, Hos Outdoor Europe br\u00e6nder vi for aktive ferier i Europa. Uanset om du dr\u00f8mmer at vandre gennem Alperne, tage p\u00e5 ski touring i uber\u00f8rte bjergomr\u00e5der eller l\u00f8be p\u00e5 Europas smukkeste stier, arbejder vi for at g\u00f8re disse eventyr tilg\u00e6ngelige og overkommelige<div class=\"padding-top text-center\"><a href=\"https:\/\/outdooreurope.eu\/da\/about-outdoor-italy\/\" class=\"atbtn atbtn--medium atbtn--rounded atbtn--transparent\">L\u00e6s mere<i class=\"atbtn__icon atbtn__icon--right fa fa-long-arrow-right\"><\/i><\/a><\/div>","protected":false},"author":1,"featured_media":0,"parent":0,"menu_order":0,"comment_status":"closed","ping_status":"closed","template":"","meta":{"_acf_changed":false,"content-type":"","inline_featured_image":false,"footnotes":""},"class_list":["post-12254","page","type-page","status-publish","hentry"],"acf":[],"yoast_head":"<!-- This site is optimized with the Yoast SEO Premium plugin v27.5 (Yoast SEO v27.5) - https:\/\/yoast.com\/product\/yoast-seo-premium-wordpress\/ -->\n<title>About Outdoor Europe<\/title>\n<meta name=\"description\" content=\"We work with local partners across Italy to offer you the best active adventures - always with a high level of comfort and service.\" \/>\n<meta name=\"robots\" content=\"index, follow, max-snippet:-1, max-image-preview:large, max-video-preview:-1\" \/>\n<link rel=\"canonical\" href=\"https:\/\/outdooreurope.eu\/da\/om-udendors-italien\/\" \/>\n<meta property=\"og:locale\" content=\"da_DK\" \/>\n<meta property=\"og:type\" content=\"article\" \/>\n<meta property=\"og:title\" content=\"About Outdoor Europe\" \/>\n<meta property=\"og:url\" content=\"https:\/\/outdooreurope.eu\/da\/om-udendors-italien\/\" \/>\n<meta property=\"og:site_name\" content=\"Outdoor Europe\" \/>\n<meta property=\"article:publisher\" content=\"https:\/\/www.facebook.com\/outdooreurope.eu\" \/>\n<meta property=\"article:modified_time\" content=\"2025-01-21T20:29:09+00:00\" \/>\n<meta property=\"og:image\" content=\"https:\/\/outdooreurope.eu\/wp-content\/uploads\/2024\/01\/Dirk-Elsje.jpg\" \/>\n\t<meta property=\"og:image:width\" content=\"1286\" \/>\n\t<meta property=\"og:image:height\" content=\"1286\" \/>\n\t<meta property=\"og:image:type\" content=\"image\/jpeg\" \/>\n<meta name=\"twitter:card\" content=\"summary_large_image\" \/>\n<meta name=\"twitter:label1\" content=\"Estimeret l\u00e6setid\" \/>\n\t<meta name=\"twitter:data1\" content=\"3 minutter\" \/>\n<script type=\"application\/ld+json\" class=\"yoast-schema-graph\">{\"@context\":\"https:\\\/\\\/schema.org\",\"@graph\":[{\"@type\":\"WebPage\",\"@id\":\"https:\\\/\\\/outdooreurope.eu\\\/about-outdoor-italy\\\/\",\"url\":\"https:\\\/\\\/outdooreurope.eu\\\/about-outdoor-italy\\\/\",\"name\":\"About Outdoor Europe\",\"isPartOf\":{\"@id\":\"https:\\\/\\\/outdooreurope.eu\\\/#website\"},\"datePublished\":\"2022-08-12T06:52:51+00:00\",\"dateModified\":\"2025-01-21T20:29:09+00:00\",\"description\":\"We work with local partners across Italy to offer you the best active adventures - always with a high level of comfort and service.\",\"breadcrumb\":{\"@id\":\"https:\\\/\\\/outdooreurope.eu\\\/about-outdoor-italy\\\/#breadcrumb\"},\"inLanguage\":\"da-DK\",\"potentialAction\":[{\"@type\":\"ReadAction\",\"target\":[\"https:\\\/\\\/outdooreurope.eu\\\/about-outdoor-italy\\\/\"]}]},{\"@type\":\"BreadcrumbList\",\"@id\":\"https:\\\/\\\/outdooreurope.eu\\\/about-outdoor-italy\\\/#breadcrumb\",\"itemListElement\":[{\"@type\":\"ListItem\",\"position\":1,\"name\":\"Hjem\",\"item\":\"https:\\\/\\\/outdooreurope.eu\\\/\"},{\"@type\":\"ListItem\",\"position\":2,\"name\":\"About Outdoor Europe\"}]},{\"@type\":\"WebSite\",\"@id\":\"https:\\\/\\\/outdooreurope.eu\\\/#website\",\"url\":\"https:\\\/\\\/outdooreurope.eu\\\/\",\"name\":\"Outdoor Europe\",\"description\":\"Hiking In Europe I Join the trail\",\"potentialAction\":[{\"@type\":\"SearchAction\",\"target\":{\"@type\":\"EntryPoint\",\"urlTemplate\":\"https:\\\/\\\/outdooreurope.eu\\\/?s={search_term_string}\"},\"query-input\":{\"@type\":\"PropertyValueSpecification\",\"valueRequired\":true,\"valueName\":\"search_term_string\"}}],\"inLanguage\":\"da-DK\"}]}<\/script>\n<!-- \/ Yoast SEO Premium plugin. -->","yoast_head_json":{"title":"Om Outdoor Europe","description":"Vi arbejder med lokale partnere p\u00e5 tv\u00e6rs af Italien for at tilbyde dig de bedste aktive eventyr - altid med et h\u00f8jt niveau af komfort og service.","robots":{"index":"index","follow":"follow","max-snippet":"max-snippet:-1","max-image-preview":"max-image-preview:large","max-video-preview":"max-video-preview:-1"},"canonical":"https:\/\/outdooreurope.eu\/da\/om-udendors-italien\/","og_locale":"da_DK","og_type":"article","og_title":"About Outdoor Europe","og_url":"https:\/\/outdooreurope.eu\/da\/om-udendors-italien\/","og_site_name":"Outdoor Europe","article_publisher":"https:\/\/www.facebook.com\/outdooreurope.eu","article_modified_time":"2025-01-21T20:29:09+00:00","og_image":[{"width":1286,"height":1286,"url":"https:\/\/outdooreurope.eu\/wp-content\/uploads\/2024\/01\/Dirk-Elsje.jpg","type":"image\/jpeg"}],"twitter_card":"summary_large_image","twitter_misc":{"Estimeret l\u00e6setid":"3 minutter"},"schema":{"@context":"https:\/\/schema.org","@graph":[{"@type":"WebPage","@id":"https:\/\/outdooreurope.eu\/about-outdoor-italy\/","url":"https:\/\/outdooreurope.eu\/about-outdoor-italy\/","name":"Om Outdoor Europe","isPartOf":{"@id":"https:\/\/outdooreurope.eu\/#website"},"datePublished":"2022-08-12T06:52:51+00:00","dateModified":"2025-01-21T20:29:09+00:00","description":"Vi arbejder med lokale partnere p\u00e5 tv\u00e6rs af Italien for at tilbyde dig de bedste aktive eventyr - altid med et h\u00f8jt niveau af komfort og service.","breadcrumb":{"@id":"https:\/\/outdooreurope.eu\/about-outdoor-italy\/#breadcrumb"},"inLanguage":"da-DK","potentialAction":[{"@type":"ReadAction","target":["https:\/\/outdooreurope.eu\/about-outdoor-italy\/"]}]},{"@type":"BreadcrumbList","@id":"https:\/\/outdooreurope.eu\/about-outdoor-italy\/#breadcrumb","itemListElement":[{"@type":"ListItem","position":1,"name":"Hjem","item":"https:\/\/outdooreurope.eu\/"},{"@type":"ListItem","position":2,"name":"About Outdoor Europe"}]},{"@type":"WebSite","@id":"https:\/\/outdooreurope.eu\/#website","url":"https:\/\/outdooreurope.eu\/","name":"Udend\u00f8rs Europa","description":"Vandreture i Europa Jeg slutter mig til stien","potentialAction":[{"@type":"SearchAction","target":{"@type":"EntryPoint","urlTemplate":"https:\/\/outdooreurope.eu\/?s={search_term_string}"},"query-input":{"@type":"PropertyValueSpecification","valueRequired":true,"valueName":"search_term_string"}}],"inLanguage":"da-DK"}]}},"_links":{"self":[{"href":"https:\/\/outdooreurope.eu\/da\/wp-json\/wp\/v2\/pages\/12254","targetHints":{"allow":["GET"]}}],"collection":[{"href":"https:\/\/outdooreurope.eu\/da\/wp-json\/wp\/v2\/pages"}],"about":[{"href":"https:\/\/outdooreurope.eu\/da\/wp-json\/wp\/v2\/types\/page"}],"author":[{"embeddable":true,"href":"https:\/\/outdooreurope.eu\/da\/wp-json\/wp\/v2\/users\/1"}],"replies":[{"embeddable":true,"href":"https:\/\/outdooreurope.eu\/da\/wp-json\/wp\/v2\/comments?post=12254"}],"version-history":[{"count":6,"href":"https:\/\/outdooreurope.eu\/da\/wp-json\/wp\/v2\/pages\/12254\/revisions"}],"predecessor-version":[{"id":17906,"href":"https:\/\/outdooreurope.eu\/da\/wp-json\/wp\/v2\/pages\/12254\/revisions\/17906"}],"wp:attachment":[{"href":"https:\/\/outdooreurope.eu\/da\/wp-json\/wp\/v2\/media?parent=12254"}],"curies":[{"name":"wp","href":"https:\/\/api.w.org\/{rel}","templated":true}]}}