{"id":15070,"date":"2023-10-04T07:30:42","date_gmt":"2023-10-04T05:30:42","guid":{"rendered":"http:\/\/workdemomaster.com\/outdooreurope\/?page_id=15070"},"modified":"2023-10-04T07:31:43","modified_gmt":"2023-10-04T05:31:43","slug":"er-pa-vej","status":"publish","type":"page","link":"https:\/\/outdooreurope.eu\/da\/getting-there\/","title":{"rendered":"S\u00e5dan kommer du frem"},"content":{"rendered":"<div class=\"wpb-content-wrapper\"><div class=\"vc_row wpb_row vc_row-fluid inner-page-spacing\"><div class=\"wpb_column vc_column_container vc_col-sm-12\"><div class=\"vc_column-inner\"><div class=\"wpb_wrapper\">\n\t<div class=\"wpb_text_column wpb_content_element vc_custom_1696397428010\">\n\t\t<div class=\"wpb_wrapper\">\n\t\t\t<p><strong>Kom til starten af din italienske tur<\/strong><\/p>\n<p>Mens vi arbejder h\u00e5rdt p\u00e5 at planl\u00e6gge og organisere udend\u00f8rs eventyr i de italienske alper, arrangerer vi ikke rejser til startstedet. Men der er ingen grund til bekymring, da vi er her for at r\u00e5dgive dig om de bedste, sikreste og hurtigste m\u00e5der at rejse til det f\u00f8rste sted p\u00e5 din tur.<\/p>\n<p>Italien er et meget godt forbundet land, s\u00e5 sj\u00e6ldent mere end en to-timers biltur v\u00e6k fra en st\u00f8rre lufthavn eller togstation. Mens mange alpine destinationer er afsidesliggende, er det ofte muligt at n\u00e5 nogle af vores destinationer med bus eller tog.<\/p>\n<p><strong>Dolomitterne<\/strong><\/p>\n<p>N\u00e6rmeste lufthavn: Venedig<\/p>\n<p>N\u00e6rmeste togstation: Calalzo di Cadore<\/p>\n<p>Shuttle: https:\/\/www.cortinaexpress.it\/en\/<\/p>\n<p><strong>Lys-dalen og Ayas-dalen<\/strong><\/p>\n<p>N\u00e6rmeste lufthavn: Milano Malpensa eller Torino<\/p>\n<p>N\u00e6rmeste togstation: Aosta<\/p>\n<p>Bus: https:\/\/aosta.arriva.it\/en\/aosta-malpensa-airport. St\u00e5 af ved Pont Saint Martin og snup en taxa derfra.<\/p>\n<p><strong>Ligurien<\/strong><\/p>\n<p>N\u00e6rmeste lufthavn: Nice (Frankrig)<\/p>\n<p>N\u00e6rmeste togstationer: Sanremo og en bus til Ceriana<\/p>\n<p><strong>Valle Maira<\/strong><\/p>\n<p>N\u00e6rmeste lufthavn: Torino eller Milano Malpensa<\/p>\n<p>N\u00e6rmeste togstation: Cuneo<\/p>\n<p>Til biludlejning anbefaler vi normalt f\u00f8rende udbydere s\u00e5som Auto Europe eller Rental Car.<\/p>\n<p><strong>B\u00e6redygtig rejse<\/strong><\/p>\n<p>Outdoor Italy st\u00f8tter lavemissionsrejser og vil altid anbefale de mest b\u00e6redygtige m\u00e5der at n\u00e5 vores destinationer p\u00e5. I de fleste tilf\u00e6lde vil det v\u00e6re med offentlig transport eller bil. Hvis du flyver, skal du bruge CO2-kompensationen, som tilbydes af de fleste flyselskaber.<\/p>\n<p>Bem\u00e6rk venligst, at ovenst\u00e5ende oplysninger kun er en anbefaling. Outdoor Italy p\u00e5tager sig kun ansvar fra starten af turen.<\/p>\n\n\t\t<\/div>\n\t<\/div>\n<\/div><\/div><\/div><\/div>\n<\/div>","protected":false},"excerpt":{"rendered":"S\u00e5dan kommer du til starten af din italienske tur. Selvom vi arbejder h\u00e5rdt p\u00e5 at planl\u00e6gge og organisere udend\u00f8rseventyr i de italienske alper, arrangerer vi ikke selv rejsen til startstedet. Men der er ingen grund til bekymring, da vi er her for at r\u00e5dgive dig om de bedste, sikreste og hurtigste m\u00e5der at rejse til det f\u00f8rste sted.<div class=\"padding-top text-center\"><a href=\"https:\/\/outdooreurope.eu\/da\/getting-there\/\" class=\"atbtn atbtn--medium atbtn--rounded atbtn--transparent\">L\u00e6s mere<i class=\"atbtn__icon atbtn__icon--right fa fa-long-arrow-right\"><\/i><\/a><\/div>","protected":false},"author":129,"featured_media":0,"parent":0,"menu_order":0,"comment_status":"closed","ping_status":"closed","template":"","meta":{"_acf_changed":false,"content-type":"","inline_featured_image":false,"footnotes":""},"class_list":["post-15070","page","type-page","status-publish","hentry"],"acf":[],"yoast_head":"<!-- This site is optimized with the Yoast SEO Premium plugin v27.5 (Yoast SEO v27.5) - https:\/\/yoast.com\/product\/yoast-seo-premium-wordpress\/ -->\n<title>GETTING THERE - Outdoor Europe<\/title>\n<meta name=\"robots\" content=\"index, follow, max-snippet:-1, max-image-preview:large, max-video-preview:-1\" \/>\n<link rel=\"canonical\" href=\"https:\/\/outdooreurope.eu\/da\/er-pa-vej\/\" \/>\n<meta property=\"og:locale\" content=\"da_DK\" \/>\n<meta property=\"og:type\" content=\"article\" \/>\n<meta property=\"og:title\" content=\"GETTING THERE\" \/>\n<meta property=\"og:url\" content=\"https:\/\/outdooreurope.eu\/da\/er-pa-vej\/\" \/>\n<meta property=\"og:site_name\" content=\"Outdoor Europe\" \/>\n<meta property=\"article:publisher\" content=\"https:\/\/www.facebook.com\/outdooreurope.eu\" \/>\n<meta property=\"article:modified_time\" content=\"2023-10-04T05:31:43+00:00\" \/>\n<meta property=\"og:image\" content=\"https:\/\/outdooreurope.eu\/wp-content\/uploads\/2024\/01\/Dirk-Elsje.jpg\" \/>\n\t<meta property=\"og:image:width\" content=\"1286\" \/>\n\t<meta property=\"og:image:height\" content=\"1286\" \/>\n\t<meta property=\"og:image:type\" content=\"image\/jpeg\" \/>\n<meta name=\"twitter:card\" content=\"summary_large_image\" \/>\n<meta name=\"twitter:label1\" content=\"Estimeret l\u00e6setid\" \/>\n\t<meta name=\"twitter:data1\" content=\"2 minutter\" \/>\n<script type=\"application\/ld+json\" class=\"yoast-schema-graph\">{\"@context\":\"https:\\\/\\\/schema.org\",\"@graph\":[{\"@type\":\"WebPage\",\"@id\":\"https:\\\/\\\/outdooreurope.eu\\\/getting-there\\\/\",\"url\":\"https:\\\/\\\/outdooreurope.eu\\\/getting-there\\\/\",\"name\":\"GETTING THERE - Outdoor Europe\",\"isPartOf\":{\"@id\":\"https:\\\/\\\/outdooreurope.eu\\\/#website\"},\"datePublished\":\"2023-10-04T05:30:42+00:00\",\"dateModified\":\"2023-10-04T05:31:43+00:00\",\"breadcrumb\":{\"@id\":\"https:\\\/\\\/outdooreurope.eu\\\/getting-there\\\/#breadcrumb\"},\"inLanguage\":\"da-DK\",\"potentialAction\":[{\"@type\":\"ReadAction\",\"target\":[\"https:\\\/\\\/outdooreurope.eu\\\/getting-there\\\/\"]}]},{\"@type\":\"BreadcrumbList\",\"@id\":\"https:\\\/\\\/outdooreurope.eu\\\/getting-there\\\/#breadcrumb\",\"itemListElement\":[{\"@type\":\"ListItem\",\"position\":1,\"name\":\"Hjem\",\"item\":\"https:\\\/\\\/outdooreurope.eu\\\/\"},{\"@type\":\"ListItem\",\"position\":2,\"name\":\"GETTING THERE\"}]},{\"@type\":\"WebSite\",\"@id\":\"https:\\\/\\\/outdooreurope.eu\\\/#website\",\"url\":\"https:\\\/\\\/outdooreurope.eu\\\/\",\"name\":\"Outdoor Europe\",\"description\":\"Hiking In Europe I Join the trail\",\"potentialAction\":[{\"@type\":\"SearchAction\",\"target\":{\"@type\":\"EntryPoint\",\"urlTemplate\":\"https:\\\/\\\/outdooreurope.eu\\\/?s={search_term_string}\"},\"query-input\":{\"@type\":\"PropertyValueSpecification\",\"valueRequired\":true,\"valueName\":\"search_term_string\"}}],\"inLanguage\":\"da-DK\"}]}<\/script>\n<!-- \/ Yoast SEO Premium plugin. -->","yoast_head_json":{"title":"KOM DER - Outdoor Europe","robots":{"index":"index","follow":"follow","max-snippet":"max-snippet:-1","max-image-preview":"max-image-preview:large","max-video-preview":"max-video-preview:-1"},"canonical":"https:\/\/outdooreurope.eu\/da\/er-pa-vej\/","og_locale":"da_DK","og_type":"article","og_title":"GETTING THERE","og_url":"https:\/\/outdooreurope.eu\/da\/er-pa-vej\/","og_site_name":"Outdoor Europe","article_publisher":"https:\/\/www.facebook.com\/outdooreurope.eu","article_modified_time":"2023-10-04T05:31:43+00:00","og_image":[{"width":1286,"height":1286,"url":"https:\/\/outdooreurope.eu\/wp-content\/uploads\/2024\/01\/Dirk-Elsje.jpg","type":"image\/jpeg"}],"twitter_card":"summary_large_image","twitter_misc":{"Estimeret l\u00e6setid":"2 minutter"},"schema":{"@context":"https:\/\/schema.org","@graph":[{"@type":"WebPage","@id":"https:\/\/outdooreurope.eu\/getting-there\/","url":"https:\/\/outdooreurope.eu\/getting-there\/","name":"KOM DER - Outdoor Europe","isPartOf":{"@id":"https:\/\/outdooreurope.eu\/#website"},"datePublished":"2023-10-04T05:30:42+00:00","dateModified":"2023-10-04T05:31:43+00:00","breadcrumb":{"@id":"https:\/\/outdooreurope.eu\/getting-there\/#breadcrumb"},"inLanguage":"da-DK","potentialAction":[{"@type":"ReadAction","target":["https:\/\/outdooreurope.eu\/getting-there\/"]}]},{"@type":"BreadcrumbList","@id":"https:\/\/outdooreurope.eu\/getting-there\/#breadcrumb","itemListElement":[{"@type":"ListItem","position":1,"name":"Hjem","item":"https:\/\/outdooreurope.eu\/"},{"@type":"ListItem","position":2,"name":"GETTING THERE"}]},{"@type":"WebSite","@id":"https:\/\/outdooreurope.eu\/#website","url":"https:\/\/outdooreurope.eu\/","name":"Udend\u00f8rs Europa","description":"Vandreture i Europa Jeg slutter mig til stien","potentialAction":[{"@type":"SearchAction","target":{"@type":"EntryPoint","urlTemplate":"https:\/\/outdooreurope.eu\/?s={search_term_string}"},"query-input":{"@type":"PropertyValueSpecification","valueRequired":true,"valueName":"search_term_string"}}],"inLanguage":"da-DK"}]}},"_links":{"self":[{"href":"https:\/\/outdooreurope.eu\/da\/wp-json\/wp\/v2\/pages\/15070","targetHints":{"allow":["GET"]}}],"collection":[{"href":"https:\/\/outdooreurope.eu\/da\/wp-json\/wp\/v2\/pages"}],"about":[{"href":"https:\/\/outdooreurope.eu\/da\/wp-json\/wp\/v2\/types\/page"}],"author":[{"embeddable":true,"href":"https:\/\/outdooreurope.eu\/da\/wp-json\/wp\/v2\/users\/129"}],"replies":[{"embeddable":true,"href":"https:\/\/outdooreurope.eu\/da\/wp-json\/wp\/v2\/comments?post=15070"}],"version-history":[{"count":0,"href":"https:\/\/outdooreurope.eu\/da\/wp-json\/wp\/v2\/pages\/15070\/revisions"}],"wp:attachment":[{"href":"https:\/\/outdooreurope.eu\/da\/wp-json\/wp\/v2\/media?parent=15070"}],"curies":[{"name":"wp","href":"https:\/\/api.w.org\/{rel}","templated":true}]}}