{"id":15462,"date":"2024-01-12T09:53:01","date_gmt":"2024-01-12T08:53:01","guid":{"rendered":"https:\/\/outdooreurope.eu\/?post_type=product&#038;p=15462"},"modified":"2025-03-28T08:06:08","modified_gmt":"2025-03-28T07:06:08","slug":"vandreferie-tyskland-zugspitze","status":"publish","type":"product","link":"https:\/\/outdooreurope.eu\/da\/tours\/hiking-germany-zugspitze-self-guided-trekking\/","title":{"rendered":"Vandretur omkring Zugspitze: oplev magien"},"content":{"rendered":"<p>Vandretur rundt Zugspitze. Tag p\u00e5 vandreturen rundt Zugspitze, en betagende rejse gennem alpelandskaberne omkring Tysklands h\u00f8jeste bjergtop. Dette selvguidede eventyr fra Garmisch-Partenkirchen til den rolige Leutasch-dal.<\/p>\n<ul>\n<li><strong>Sp\u00e6ndende kl\u00f8ftkrydsninger:<\/strong> G\u00e5 gennem \u00e6refrygtindgydende kl\u00f8fter p\u00e5 tr\u00e6gangbroer suspenderet over brusende floder og byder p\u00e5 adrenalinfyldte \u00f8jeblikke og unikke perspektiver af naturens r\u00e5 kraft.<\/li>\n<li><strong>Idylliske alpegr\u00e6sgange og kulturel fordybelse:<\/strong> G\u00e5 en tur gennem maleriske alpine enge. Nyd den traditionelle bayerske &quot;Brotzeit&quot; i rustikke hytter. Og fordyb dig i regionens rige kulturarv.<\/li>\n<li><strong>Natursk\u00f8nne landsbyer og rolige dale:<\/strong> Udforsk fredfyldte landsbyer beliggende i Leutasch-dalen ved det majest\u00e6tiske Wetterstein-massiv. En perfekt blanding af naturlig sk\u00f8nhed og rolig afslapning.<\/li>\n<\/ul>","protected":false},"excerpt":{"rendered":"<p>Vandretur rundt om Zugspitze. Tag p\u00e5 vandreturen rundt om Zugspitze, en betagende rejse gennem alpelandskaberne omkring Tysklands h\u00f8jeste bjergtop. Dette selvguidede eventyr fra Garmisch-Partenkirchen til den rolige Leutasch-dal. Sp\u00e6ndende kl\u00f8ftkrydsninger: Kryds \u00e6refrygtindgydende kl\u00f8fter p\u00e5 tr\u00e6broer, der h\u00e6nger over brusende floder, og byder p\u00e5 adrenalinfyldte \u00f8jeblikke og unikke perspektiver p\u00e5 naturens r\u00e5 kraft. Idyllisk<\/p>\n<div class=\"padding-top text-center\"><a href=\"https:\/\/outdooreurope.eu\/da\/tours\/hiking-germany-zugspitze-self-guided-trekking\/\" class=\"atbtn atbtn--medium atbtn--rounded atbtn--transparent\">L\u00e6s mere<i class=\"atbtn__icon atbtn__icon--right fa fa-long-arrow-right\"><\/i><\/a><\/div>","protected":false},"featured_media":15463,"comment_status":"open","ping_status":"closed","template":"","meta":{"_acf_changed":false,"content-type":"","inline_featured_image":false},"product_brand":[],"product_cat":[302],"product_tag":[1161,760],"class_list":{"0":"post-15462","1":"product","2":"type-product","3":"status-publish","4":"has-post-thumbnail","6":"tour_country-germany","7":"tour_types-dog-friendly","8":"product_cat-ukategoriseret","9":"product_tag-familyhiking","10":"product_tag-hiking","11":"pa_duration-6-nights","12":"tour_category-hiking-in-europe","14":"first","15":"instock","16":"virtual","17":"purchasable","18":"product-type-tour"},"acf":[],"yoast_head":"<!-- This site is optimized with the Yoast SEO Premium plugin v27.4 (Yoast SEO v27.4) - https:\/\/yoast.com\/product\/yoast-seo-premium-wordpress\/ -->\n<title>Hike Around Zugspitze: Explore Alpine Landscapes - Outdoor Europe<\/title>\n<meta name=\"description\" content=\"Discover the breathtaking landscapes on the Hike Around Zugspitze! Experience thrilling gorge crossings and tranquil valleys on this adventure.\" \/>\n<meta name=\"robots\" content=\"index, follow, max-snippet:-1, max-image-preview:large, max-video-preview:-1\" \/>\n<link rel=\"canonical\" href=\"https:\/\/outdooreurope.eu\/da\/ture\/vandreferie-tyskland-zugspitze\/\" \/>\n<meta property=\"og:locale\" content=\"da_DK\" \/>\n<meta property=\"og:type\" content=\"article\" \/>\n<meta property=\"og:title\" content=\"Hike around Zugspitze: discover the magic\" \/>\n<meta property=\"og:description\" content=\"Hike around Zugspitze. Embark on the Around Zugspitze hiking tour, a captivating journey through the Alpine landscapes around Germany&#039;s highest peak. This\" \/>\n<meta property=\"og:url\" content=\"https:\/\/outdooreurope.eu\/da\/ture\/vandreferie-tyskland-zugspitze\/\" \/>\n<meta property=\"og:site_name\" content=\"Outdoor Europe\" \/>\n<meta property=\"article:publisher\" content=\"https:\/\/www.facebook.com\/outdooreurope.eu\" \/>\n<meta property=\"article:modified_time\" content=\"2025-03-28T07:06:08+00:00\" \/>\n<meta property=\"og:image\" content=\"https:\/\/outdooreurope.eu\/wp-content\/uploads\/2024\/01\/eurohike-wanderreisen-zugspitze-wanderer-ausblick-720x606-1.jpeg\" \/>\n\t<meta property=\"og:image:width\" content=\"720\" \/>\n\t<meta property=\"og:image:height\" content=\"606\" \/>\n\t<meta property=\"og:image:type\" content=\"image\/jpeg\" \/>\n<meta name=\"twitter:card\" content=\"summary_large_image\" \/>\n<meta name=\"twitter:label1\" content=\"Pris\" \/>\n\t<meta name=\"twitter:data1\" content=\"&euro;1,159\" \/>\n\t<meta name=\"twitter:label2\" content=\"Tilg\u00e6ngelighed\" \/>\n\t<meta name=\"twitter:data2\" content=\"P\u00e5 lager\" \/>\n<script type=\"application\/ld+json\" class=\"yoast-schema-graph\">{\"@context\":\"https:\\\/\\\/schema.org\",\"@graph\":[{\"@type\":\"WebPage\",\"@id\":\"https:\\\/\\\/outdooreurope.eu\\\/tours\\\/hiking-germany-zugspitze-self-guided-trekking\\\/\",\"url\":\"https:\\\/\\\/outdooreurope.eu\\\/tours\\\/hiking-germany-zugspitze-self-guided-trekking\\\/\",\"name\":\"Hike Around Zugspitze: Explore Alpine Landscapes - Outdoor Europe\",\"isPartOf\":{\"@id\":\"https:\\\/\\\/outdooreurope.eu\\\/#website\"},\"primaryImageOfPage\":{\"@id\":\"https:\\\/\\\/outdooreurope.eu\\\/tours\\\/hiking-germany-zugspitze-self-guided-trekking\\\/#primaryimage\"},\"image\":{\"@id\":\"https:\\\/\\\/outdooreurope.eu\\\/tours\\\/hiking-germany-zugspitze-self-guided-trekking\\\/#primaryimage\"},\"thumbnailUrl\":\"https:\\\/\\\/outdooreurope.eu\\\/wp-content\\\/uploads\\\/2024\\\/01\\\/eurohike-wanderreisen-zugspitze-wanderer-ausblick-720x606-1.jpeg\",\"datePublished\":\"2024-01-12T08:53:01+00:00\",\"dateModified\":\"2025-03-28T07:06:08+00:00\",\"description\":\"Discover the breathtaking landscapes on the Hike Around Zugspitze! Experience thrilling gorge crossings and tranquil valleys on this adventure.\",\"breadcrumb\":{\"@id\":\"https:\\\/\\\/outdooreurope.eu\\\/tours\\\/hiking-germany-zugspitze-self-guided-trekking\\\/#breadcrumb\"},\"inLanguage\":\"da-DK\",\"potentialAction\":[{\"@type\":\"ReadAction\",\"target\":[\"https:\\\/\\\/outdooreurope.eu\\\/tours\\\/hiking-germany-zugspitze-self-guided-trekking\\\/\"]}]},{\"@type\":\"ImageObject\",\"inLanguage\":\"da-DK\",\"@id\":\"https:\\\/\\\/outdooreurope.eu\\\/tours\\\/hiking-germany-zugspitze-self-guided-trekking\\\/#primaryimage\",\"url\":\"https:\\\/\\\/outdooreurope.eu\\\/wp-content\\\/uploads\\\/2024\\\/01\\\/eurohike-wanderreisen-zugspitze-wanderer-ausblick-720x606-1.jpeg\",\"contentUrl\":\"https:\\\/\\\/outdooreurope.eu\\\/wp-content\\\/uploads\\\/2024\\\/01\\\/eurohike-wanderreisen-zugspitze-wanderer-ausblick-720x606-1.jpeg\",\"width\":720,\"height\":606},{\"@type\":\"BreadcrumbList\",\"@id\":\"https:\\\/\\\/outdooreurope.eu\\\/tours\\\/hiking-germany-zugspitze-self-guided-trekking\\\/#breadcrumb\",\"itemListElement\":[{\"@type\":\"ListItem\",\"position\":1,\"name\":\"Hjem\",\"item\":\"https:\\\/\\\/outdooreurope.eu\\\/\"},{\"@type\":\"ListItem\",\"position\":2,\"name\":\"Shop\",\"item\":\"https:\\\/\\\/outdooreurope.eu\\\/shop\\\/\"},{\"@type\":\"ListItem\",\"position\":3,\"name\":\"Hike around Zugspitze: discover the magic\"}]},{\"@type\":\"WebSite\",\"@id\":\"https:\\\/\\\/outdooreurope.eu\\\/#website\",\"url\":\"https:\\\/\\\/outdooreurope.eu\\\/\",\"name\":\"Outdoor Europe\",\"description\":\"Hiking In Europe I Join the trail\",\"potentialAction\":[{\"@type\":\"SearchAction\",\"target\":{\"@type\":\"EntryPoint\",\"urlTemplate\":\"https:\\\/\\\/outdooreurope.eu\\\/?s={search_term_string}\"},\"query-input\":{\"@type\":\"PropertyValueSpecification\",\"valueRequired\":true,\"valueName\":\"search_term_string\"}}],\"inLanguage\":\"da-DK\"}]}<\/script>\n<meta property=\"product:price:amount\" content=\"1159\" \/>\n<meta property=\"product:price:currency\" content=\"EUR\" \/>\n<meta property=\"og:availability\" content=\"instock\" \/>\n<meta property=\"product:availability\" content=\"instock\" \/>\n<meta property=\"product:retailer_item_id\" content=\"15462\" \/>\n<meta property=\"product:condition\" content=\"new\" \/>\n<!-- \/ Yoast SEO Premium plugin. -->","yoast_head_json":{"title":"Vandretur omkring Zugspitze: Udforsk alpine landskaber - udend\u00f8rs Europa","description":"Oplev de betagende landskaber p\u00e5 vandreturen omkring Zugspitze! Oplev sp\u00e6ndende slugtkrydsninger og rolige dale p\u00e5 dette eventyr.","robots":{"index":"index","follow":"follow","max-snippet":"max-snippet:-1","max-image-preview":"max-image-preview:large","max-video-preview":"max-video-preview:-1"},"canonical":"https:\/\/outdooreurope.eu\/da\/ture\/vandreferie-tyskland-zugspitze\/","og_locale":"da_DK","og_type":"article","og_title":"Hike around Zugspitze: discover the magic","og_description":"Hike around Zugspitze. Embark on the Around Zugspitze hiking tour, a captivating journey through the Alpine landscapes around Germany's highest peak. This","og_url":"https:\/\/outdooreurope.eu\/da\/ture\/vandreferie-tyskland-zugspitze\/","og_site_name":"Outdoor Europe","article_publisher":"https:\/\/www.facebook.com\/outdooreurope.eu","article_modified_time":"2025-03-28T07:06:08+00:00","og_image":[{"width":720,"height":606,"url":"https:\/\/outdooreurope.eu\/wp-content\/uploads\/2024\/01\/eurohike-wanderreisen-zugspitze-wanderer-ausblick-720x606-1.jpeg","type":"image\/jpeg"}],"twitter_card":"summary_large_image","twitter_misc":{"Pris":"&euro;1,159","Tilg\u00e6ngelighed":"P\u00e5 lager"},"schema":{"@context":"https:\/\/schema.org","@graph":[{"@type":"WebPage","@id":"https:\/\/outdooreurope.eu\/tours\/hiking-germany-zugspitze-self-guided-trekking\/","url":"https:\/\/outdooreurope.eu\/tours\/hiking-germany-zugspitze-self-guided-trekking\/","name":"Vandretur omkring Zugspitze: Udforsk alpine landskaber - udend\u00f8rs Europa","isPartOf":{"@id":"https:\/\/outdooreurope.eu\/#website"},"primaryImageOfPage":{"@id":"https:\/\/outdooreurope.eu\/tours\/hiking-germany-zugspitze-self-guided-trekking\/#primaryimage"},"image":{"@id":"https:\/\/outdooreurope.eu\/tours\/hiking-germany-zugspitze-self-guided-trekking\/#primaryimage"},"thumbnailUrl":"https:\/\/outdooreurope.eu\/wp-content\/uploads\/2024\/01\/eurohike-wanderreisen-zugspitze-wanderer-ausblick-720x606-1.jpeg","datePublished":"2024-01-12T08:53:01+00:00","dateModified":"2025-03-28T07:06:08+00:00","description":"Oplev de betagende landskaber p\u00e5 vandreturen omkring Zugspitze! Oplev sp\u00e6ndende slugtkrydsninger og rolige dale p\u00e5 dette eventyr.","breadcrumb":{"@id":"https:\/\/outdooreurope.eu\/tours\/hiking-germany-zugspitze-self-guided-trekking\/#breadcrumb"},"inLanguage":"da-DK","potentialAction":[{"@type":"ReadAction","target":["https:\/\/outdooreurope.eu\/tours\/hiking-germany-zugspitze-self-guided-trekking\/"]}]},{"@type":"ImageObject","inLanguage":"da-DK","@id":"https:\/\/outdooreurope.eu\/tours\/hiking-germany-zugspitze-self-guided-trekking\/#primaryimage","url":"https:\/\/outdooreurope.eu\/wp-content\/uploads\/2024\/01\/eurohike-wanderreisen-zugspitze-wanderer-ausblick-720x606-1.jpeg","contentUrl":"https:\/\/outdooreurope.eu\/wp-content\/uploads\/2024\/01\/eurohike-wanderreisen-zugspitze-wanderer-ausblick-720x606-1.jpeg","width":720,"height":606},{"@type":"BreadcrumbList","@id":"https:\/\/outdooreurope.eu\/tours\/hiking-germany-zugspitze-self-guided-trekking\/#breadcrumb","itemListElement":[{"@type":"ListItem","position":1,"name":"Hjem","item":"https:\/\/outdooreurope.eu\/"},{"@type":"ListItem","position":2,"name":"Shop","item":"https:\/\/outdooreurope.eu\/shop\/"},{"@type":"ListItem","position":3,"name":"Hike around Zugspitze: discover the magic"}]},{"@type":"WebSite","@id":"https:\/\/outdooreurope.eu\/#website","url":"https:\/\/outdooreurope.eu\/","name":"Udend\u00f8rs Europa","description":"Vandreture i Europa Jeg slutter mig til stien","potentialAction":[{"@type":"SearchAction","target":{"@type":"EntryPoint","urlTemplate":"https:\/\/outdooreurope.eu\/?s={search_term_string}"},"query-input":{"@type":"PropertyValueSpecification","valueRequired":true,"valueName":"search_term_string"}}],"inLanguage":"da-DK"}]},"product_price_amount":"1159","product_price_currency":"EUR","og_availability":"instock","product_availability":"instock","product_retailer_item_id":"15462","product_condition":"new"},"_links":{"self":[{"href":"https:\/\/outdooreurope.eu\/da\/wp-json\/wp\/v2\/product\/15462","targetHints":{"allow":["GET"]}}],"collection":[{"href":"https:\/\/outdooreurope.eu\/da\/wp-json\/wp\/v2\/product"}],"about":[{"href":"https:\/\/outdooreurope.eu\/da\/wp-json\/wp\/v2\/types\/product"}],"replies":[{"embeddable":true,"href":"https:\/\/outdooreurope.eu\/da\/wp-json\/wp\/v2\/comments?post=15462"}],"wp:featuredmedia":[{"embeddable":true,"href":"https:\/\/outdooreurope.eu\/da\/wp-json\/wp\/v2\/media\/15463"}],"wp:attachment":[{"href":"https:\/\/outdooreurope.eu\/da\/wp-json\/wp\/v2\/media?parent=15462"}],"wp:term":[{"taxonomy":"product_brand","embeddable":true,"href":"https:\/\/outdooreurope.eu\/da\/wp-json\/wp\/v2\/product_brand?post=15462"},{"taxonomy":"product_cat","embeddable":true,"href":"https:\/\/outdooreurope.eu\/da\/wp-json\/wp\/v2\/product_cat?post=15462"},{"taxonomy":"product_tag","embeddable":true,"href":"https:\/\/outdooreurope.eu\/da\/wp-json\/wp\/v2\/product_tag?post=15462"}],"curies":[{"name":"wp","href":"https:\/\/api.w.org\/{rel}","templated":true}]}}