{"id":15709,"date":"2024-01-16T10:26:48","date_gmt":"2024-01-16T09:26:48","guid":{"rendered":"https:\/\/outdooreurope.eu\/?post_type=product&#038;p=15709"},"modified":"2025-04-17T12:03:35","modified_gmt":"2025-04-17T10:03:35","slug":"vandreferie-italien-gran-paradiso-selvguidet","status":"publish","type":"product","link":"https:\/\/outdooreurope.eu\/da\/tours\/hiking-italy-gran-paradiso-national-park-trekking-self-guided\/","title":{"rendered":"G\u00e5 p\u00e5 tur gennem den ut\u00e6mmede sk\u00f8nhed i gran paradiso"},"content":{"rendered":"<p>Gran Paradiso National Park ligger i hjertet af de italienske alper og lokker eventyrs\u00f8gende med betagende udsigter over Mont Blanc, Monte Rosa og Matterhorn-bjergene. Denne trekkingtur giver mulighed for at dykke dybt ind i denne uber\u00f8rte alpine vildmark.<\/p>\n<p><strong>H\u00f8jdepunkter:<\/strong><\/p>\n<ul>\n<li><strong>Fire eller fem dages fjernvandring:<\/strong> Undslip civilisationens stress og jag, mens du begiver dig ud p\u00e5 en fire-dages vandring gennem barske dale, der er prydet med vilde blomster, sned\u00e6kkede pas og uber\u00f8rte gletsjers\u00f8er. Dette uspolerede milj\u00f8 giver den ideelle ramme for et fordybende alpine eventyr.<\/li>\n<li><strong>M\u00f8der med dyrelivet:<\/strong> Gran Paradiso National Park er et fristed for dyreliv, hvilket g\u00f8r det til en dr\u00f8mmedestination for naturentusiaster. Under hele din rejse skal du holde \u00f8jnene \u00e5bne for stenbukke og gemse, som kalder dette beskyttede omr\u00e5de hjem. Parkens rige biodiversitet og bevaringsindsats er tydelig, n\u00e5r du udforsker Italiens \u00e6ldste nationalpark, der blev etableret i 1922.<\/li>\n<\/ul>\n<p>&nbsp;<\/p>","protected":false},"excerpt":{"rendered":"<p>Gran Paradiso Nationalpark, der ligger i hjertet af de italienske alper, lokker eventyrlystne med betagende udsigter over Mont Blanc, Monte Rosa og Matterhorn-bjergk\u00e6derne. Denne vandretur giver mulighed for at dykke dybt ned i denne uber\u00f8rte alpine vildmark. H\u00f8jdepunkter: Fire eller fem dages afsidesliggende trekking: Undslipp travlheden<\/p>\n<div class=\"padding-top text-center\"><a href=\"https:\/\/outdooreurope.eu\/da\/tours\/hiking-italy-gran-paradiso-national-park-trekking-self-guided\/\" class=\"atbtn atbtn--medium atbtn--rounded atbtn--transparent\">L\u00e6s mere<i class=\"atbtn__icon atbtn__icon--right fa fa-long-arrow-right\"><\/i><\/a><\/div>","protected":false},"featured_media":15713,"comment_status":"open","ping_status":"closed","template":"","meta":{"_acf_changed":false,"content-type":"","inline_featured_image":false},"product_brand":[],"product_cat":[302],"product_tag":[952,961,971,972,950],"class_list":{"0":"post-15709","1":"product","2":"type-product","3":"status-publish","4":"has-post-thumbnail","6":"tour_country-italy","7":"tour_types-hut-to-hut","8":"tour_types-self-guided","9":"product_cat-ukategoriseret","10":"product_tag-italy","11":"product_tag-alpine","12":"product_tag-alpine-hiking","13":"product_tag-italian-alps","14":"product_tag-trail","15":"pa_duration-5-days","16":"pa_duration-6-days","17":"tour_category-hiking-in-europe","19":"first","20":"instock","21":"shipping-taxable","22":"purchasable","23":"product-type-tour"},"acf":[],"yoast_head":"<!-- This site is optimized with the Yoast SEO Premium plugin v27.6 (Yoast SEO v27.6) - https:\/\/yoast.com\/product\/yoast-seo-premium-wordpress\/ -->\n<title>Hike Gran Paradiso: Explore Italian Alpine Splendor - Outdoor Europe<\/title>\n<meta name=\"description\" content=\"Experience breathtaking views and untouched beauty on the Hike Gran Paradiso adventure! Join us for an unforgettable four-day trek!\" \/>\n<meta name=\"robots\" content=\"index, follow, max-snippet:-1, max-image-preview:large, max-video-preview:-1\" \/>\n<link rel=\"canonical\" href=\"https:\/\/outdooreurope.eu\/da\/ture\/vandreferie-italien-gran-paradiso-selvguidet\/\" \/>\n<meta property=\"og:locale\" content=\"da_DK\" \/>\n<meta property=\"og:type\" content=\"article\" \/>\n<meta property=\"og:title\" content=\"Trek through the untamed beauty of gran paradiso\" \/>\n<meta property=\"og:description\" content=\"Nestled in the heart of the Italian Alps, the Gran Paradiso National Park beckons adventure seekers with breathtaking vistas of Mont Blanc, Monte Rosa,\" \/>\n<meta property=\"og:url\" content=\"https:\/\/outdooreurope.eu\/da\/ture\/vandreferie-italien-gran-paradiso-selvguidet\/\" \/>\n<meta property=\"og:site_name\" content=\"Outdoor Europe\" \/>\n<meta property=\"article:publisher\" content=\"https:\/\/www.facebook.com\/outdooreurope.eu\" \/>\n<meta property=\"article:modified_time\" content=\"2025-04-17T10:03:35+00:00\" \/>\n<meta property=\"og:image\" content=\"https:\/\/outdooreurope.eu\/wp-content\/uploads\/2024\/01\/hiker-prepares-the-backpack-with-the-gran-vernel-i-2022-11-04-04-32-50-utc-scaled-720x606-1.jpg\" \/>\n\t<meta property=\"og:image:width\" content=\"720\" \/>\n\t<meta property=\"og:image:height\" content=\"606\" \/>\n\t<meta property=\"og:image:type\" content=\"image\/jpeg\" \/>\n<meta name=\"twitter:card\" content=\"summary_large_image\" \/>\n<meta name=\"twitter:label1\" content=\"Pris\" \/>\n\t<meta name=\"twitter:data1\" content=\"&euro;810\" \/>\n\t<meta name=\"twitter:label2\" content=\"Tilg\u00e6ngelighed\" \/>\n\t<meta name=\"twitter:data2\" content=\"P\u00e5 lager\" \/>\n<script type=\"application\/ld+json\" class=\"yoast-schema-graph\">{\"@context\":\"https:\\\/\\\/schema.org\",\"@graph\":[{\"@type\":\"WebPage\",\"@id\":\"https:\\\/\\\/outdooreurope.eu\\\/tours\\\/hiking-italy-gran-paradiso-national-park-trekking-self-guided\\\/\",\"url\":\"https:\\\/\\\/outdooreurope.eu\\\/tours\\\/hiking-italy-gran-paradiso-national-park-trekking-self-guided\\\/\",\"name\":\"Hike Gran Paradiso: Explore Italian Alpine Splendor - Outdoor Europe\",\"isPartOf\":{\"@id\":\"https:\\\/\\\/outdooreurope.eu\\\/#website\"},\"primaryImageOfPage\":{\"@id\":\"https:\\\/\\\/outdooreurope.eu\\\/tours\\\/hiking-italy-gran-paradiso-national-park-trekking-self-guided\\\/#primaryimage\"},\"image\":{\"@id\":\"https:\\\/\\\/outdooreurope.eu\\\/tours\\\/hiking-italy-gran-paradiso-national-park-trekking-self-guided\\\/#primaryimage\"},\"thumbnailUrl\":\"https:\\\/\\\/outdooreurope.eu\\\/wp-content\\\/uploads\\\/2024\\\/01\\\/hiker-prepares-the-backpack-with-the-gran-vernel-i-2022-11-04-04-32-50-utc-scaled-720x606-1.jpg\",\"datePublished\":\"2024-01-16T09:26:48+00:00\",\"dateModified\":\"2025-04-17T10:03:35+00:00\",\"description\":\"Experience breathtaking views and untouched beauty on the Hike Gran Paradiso adventure! Join us for an unforgettable four-day trek!\",\"breadcrumb\":{\"@id\":\"https:\\\/\\\/outdooreurope.eu\\\/tours\\\/hiking-italy-gran-paradiso-national-park-trekking-self-guided\\\/#breadcrumb\"},\"inLanguage\":\"da-DK\",\"potentialAction\":[{\"@type\":\"ReadAction\",\"target\":[\"https:\\\/\\\/outdooreurope.eu\\\/tours\\\/hiking-italy-gran-paradiso-national-park-trekking-self-guided\\\/\"]}]},{\"@type\":\"ImageObject\",\"inLanguage\":\"da-DK\",\"@id\":\"https:\\\/\\\/outdooreurope.eu\\\/tours\\\/hiking-italy-gran-paradiso-national-park-trekking-self-guided\\\/#primaryimage\",\"url\":\"https:\\\/\\\/outdooreurope.eu\\\/wp-content\\\/uploads\\\/2024\\\/01\\\/hiker-prepares-the-backpack-with-the-gran-vernel-i-2022-11-04-04-32-50-utc-scaled-720x606-1.jpg\",\"contentUrl\":\"https:\\\/\\\/outdooreurope.eu\\\/wp-content\\\/uploads\\\/2024\\\/01\\\/hiker-prepares-the-backpack-with-the-gran-vernel-i-2022-11-04-04-32-50-utc-scaled-720x606-1.jpg\",\"width\":720,\"height\":606},{\"@type\":\"BreadcrumbList\",\"@id\":\"https:\\\/\\\/outdooreurope.eu\\\/tours\\\/hiking-italy-gran-paradiso-national-park-trekking-self-guided\\\/#breadcrumb\",\"itemListElement\":[{\"@type\":\"ListItem\",\"position\":1,\"name\":\"Hjem\",\"item\":\"https:\\\/\\\/outdooreurope.eu\\\/\"},{\"@type\":\"ListItem\",\"position\":2,\"name\":\"Shop\",\"item\":\"https:\\\/\\\/outdooreurope.eu\\\/shop\\\/\"},{\"@type\":\"ListItem\",\"position\":3,\"name\":\"Trek through the untamed beauty of gran paradiso\"}]},{\"@type\":\"WebSite\",\"@id\":\"https:\\\/\\\/outdooreurope.eu\\\/#website\",\"url\":\"https:\\\/\\\/outdooreurope.eu\\\/\",\"name\":\"Outdoor Europe\",\"description\":\"Hiking In Europe I Join the trail\",\"potentialAction\":[{\"@type\":\"SearchAction\",\"target\":{\"@type\":\"EntryPoint\",\"urlTemplate\":\"https:\\\/\\\/outdooreurope.eu\\\/?s={search_term_string}\"},\"query-input\":{\"@type\":\"PropertyValueSpecification\",\"valueRequired\":true,\"valueName\":\"search_term_string\"}}],\"inLanguage\":\"da-DK\"}]}<\/script>\n<meta property=\"product:price:amount\" content=\"810\" \/>\n<meta property=\"product:price:currency\" content=\"EUR\" \/>\n<meta property=\"og:availability\" content=\"instock\" \/>\n<meta property=\"product:availability\" content=\"instock\" \/>\n<meta property=\"product:retailer_item_id\" content=\"15709\" \/>\n<meta property=\"product:condition\" content=\"new\" \/>\n<!-- \/ Yoast SEO Premium plugin. -->","yoast_head_json":{"title":"Vandretur Gran Paradiso: Udforsk italiensk alpepragt - udend\u00f8rs Europa","description":"Oplev en betagende udsigt og uber\u00f8rt sk\u00f8nhed p\u00e5 Hike Gran Paradiso eventyret! Tag med os p\u00e5 en uforglemmelig fire-dages trek!","robots":{"index":"index","follow":"follow","max-snippet":"max-snippet:-1","max-image-preview":"max-image-preview:large","max-video-preview":"max-video-preview:-1"},"canonical":"https:\/\/outdooreurope.eu\/da\/ture\/vandreferie-italien-gran-paradiso-selvguidet\/","og_locale":"da_DK","og_type":"article","og_title":"Trek through the untamed beauty of gran paradiso","og_description":"Nestled in the heart of the Italian Alps, the Gran Paradiso National Park beckons adventure seekers with breathtaking vistas of Mont Blanc, Monte Rosa,","og_url":"https:\/\/outdooreurope.eu\/da\/ture\/vandreferie-italien-gran-paradiso-selvguidet\/","og_site_name":"Outdoor Europe","article_publisher":"https:\/\/www.facebook.com\/outdooreurope.eu","article_modified_time":"2025-04-17T10:03:35+00:00","og_image":[{"width":720,"height":606,"url":"https:\/\/outdooreurope.eu\/wp-content\/uploads\/2024\/01\/hiker-prepares-the-backpack-with-the-gran-vernel-i-2022-11-04-04-32-50-utc-scaled-720x606-1.jpg","type":"image\/jpeg"}],"twitter_card":"summary_large_image","twitter_misc":{"Pris":"&euro;810","Tilg\u00e6ngelighed":"P\u00e5 lager"},"schema":{"@context":"https:\/\/schema.org","@graph":[{"@type":"WebPage","@id":"https:\/\/outdooreurope.eu\/tours\/hiking-italy-gran-paradiso-national-park-trekking-self-guided\/","url":"https:\/\/outdooreurope.eu\/tours\/hiking-italy-gran-paradiso-national-park-trekking-self-guided\/","name":"Vandretur Gran Paradiso: Udforsk italiensk alpepragt - udend\u00f8rs Europa","isPartOf":{"@id":"https:\/\/outdooreurope.eu\/#website"},"primaryImageOfPage":{"@id":"https:\/\/outdooreurope.eu\/tours\/hiking-italy-gran-paradiso-national-park-trekking-self-guided\/#primaryimage"},"image":{"@id":"https:\/\/outdooreurope.eu\/tours\/hiking-italy-gran-paradiso-national-park-trekking-self-guided\/#primaryimage"},"thumbnailUrl":"https:\/\/outdooreurope.eu\/wp-content\/uploads\/2024\/01\/hiker-prepares-the-backpack-with-the-gran-vernel-i-2022-11-04-04-32-50-utc-scaled-720x606-1.jpg","datePublished":"2024-01-16T09:26:48+00:00","dateModified":"2025-04-17T10:03:35+00:00","description":"Oplev en betagende udsigt og uber\u00f8rt sk\u00f8nhed p\u00e5 Hike Gran Paradiso eventyret! Tag med os p\u00e5 en uforglemmelig fire-dages trek!","breadcrumb":{"@id":"https:\/\/outdooreurope.eu\/tours\/hiking-italy-gran-paradiso-national-park-trekking-self-guided\/#breadcrumb"},"inLanguage":"da-DK","potentialAction":[{"@type":"ReadAction","target":["https:\/\/outdooreurope.eu\/tours\/hiking-italy-gran-paradiso-national-park-trekking-self-guided\/"]}]},{"@type":"ImageObject","inLanguage":"da-DK","@id":"https:\/\/outdooreurope.eu\/tours\/hiking-italy-gran-paradiso-national-park-trekking-self-guided\/#primaryimage","url":"https:\/\/outdooreurope.eu\/wp-content\/uploads\/2024\/01\/hiker-prepares-the-backpack-with-the-gran-vernel-i-2022-11-04-04-32-50-utc-scaled-720x606-1.jpg","contentUrl":"https:\/\/outdooreurope.eu\/wp-content\/uploads\/2024\/01\/hiker-prepares-the-backpack-with-the-gran-vernel-i-2022-11-04-04-32-50-utc-scaled-720x606-1.jpg","width":720,"height":606},{"@type":"BreadcrumbList","@id":"https:\/\/outdooreurope.eu\/tours\/hiking-italy-gran-paradiso-national-park-trekking-self-guided\/#breadcrumb","itemListElement":[{"@type":"ListItem","position":1,"name":"Hjem","item":"https:\/\/outdooreurope.eu\/"},{"@type":"ListItem","position":2,"name":"Shop","item":"https:\/\/outdooreurope.eu\/shop\/"},{"@type":"ListItem","position":3,"name":"Trek through the untamed beauty of gran paradiso"}]},{"@type":"WebSite","@id":"https:\/\/outdooreurope.eu\/#website","url":"https:\/\/outdooreurope.eu\/","name":"Udend\u00f8rs Europa","description":"Vandreture i Europa Jeg slutter mig til stien","potentialAction":[{"@type":"SearchAction","target":{"@type":"EntryPoint","urlTemplate":"https:\/\/outdooreurope.eu\/?s={search_term_string}"},"query-input":{"@type":"PropertyValueSpecification","valueRequired":true,"valueName":"search_term_string"}}],"inLanguage":"da-DK"}]},"product_price_amount":"810","product_price_currency":"EUR","og_availability":"instock","product_availability":"instock","product_retailer_item_id":"15709","product_condition":"new"},"_links":{"self":[{"href":"https:\/\/outdooreurope.eu\/da\/wp-json\/wp\/v2\/product\/15709","targetHints":{"allow":["GET"]}}],"collection":[{"href":"https:\/\/outdooreurope.eu\/da\/wp-json\/wp\/v2\/product"}],"about":[{"href":"https:\/\/outdooreurope.eu\/da\/wp-json\/wp\/v2\/types\/product"}],"replies":[{"embeddable":true,"href":"https:\/\/outdooreurope.eu\/da\/wp-json\/wp\/v2\/comments?post=15709"}],"wp:featuredmedia":[{"embeddable":true,"href":"https:\/\/outdooreurope.eu\/da\/wp-json\/wp\/v2\/media\/15713"}],"wp:attachment":[{"href":"https:\/\/outdooreurope.eu\/da\/wp-json\/wp\/v2\/media?parent=15709"}],"wp:term":[{"taxonomy":"product_brand","embeddable":true,"href":"https:\/\/outdooreurope.eu\/da\/wp-json\/wp\/v2\/product_brand?post=15709"},{"taxonomy":"product_cat","embeddable":true,"href":"https:\/\/outdooreurope.eu\/da\/wp-json\/wp\/v2\/product_cat?post=15709"},{"taxonomy":"product_tag","embeddable":true,"href":"https:\/\/outdooreurope.eu\/da\/wp-json\/wp\/v2\/product_tag?post=15709"}],"curies":[{"name":"wp","href":"https:\/\/api.w.org\/{rel}","templated":true}]}}