{"id":15745,"date":"2024-01-16T11:24:47","date_gmt":"2024-01-16T10:24:47","guid":{"rendered":"https:\/\/outdooreurope.eu\/?post_type=product&#038;p=15745"},"modified":"2025-03-28T07:17:48","modified_gmt":"2025-03-28T06:17:48","slug":"vandreferie-spanien-gran-canaria-selvguidet","status":"publish","type":"product","link":"https:\/\/outdooreurope.eu\/da\/tours\/hiking-spain-gran-canaria-self-guided-trekking\/","title":{"rendered":"Vandretur Gran Canaria: Et selvstyret eventyr gennem fantastiske landskaber"},"content":{"rendered":"<p>Vandretur p\u00e5 Gran Canaria. Tag p\u00e5 en ekstraordin\u00e6r vandretur p\u00e5 egen h\u00e5nd gennem Gran Canarias fortryllende landskaber, hvor hver dag byder p\u00e5 et nyt kapitel i din historie om udforskning og eventyr. Denne betagende \u00f8 inviterer dig til at afd\u00e6kke sin rige historie og velbevarede hemmeligheder, mens du krydser naturstier som Caldera de Tejeda, Fortaleza de Ansite, Barranco de Agaete og Azuaje-kl\u00f8fterne.<\/p>\n<p><strong>H\u00f8jdepunkter:<\/strong><\/p>\n<ul>\n<li><strong>Roque Nublo og Roque Bentayga:<\/strong> Forundre den \u00e6refrygtindgydende storhed Roque Nublo og Roque Bentayga, to monolitiske giganter, der rager n\u00e6sten 2000 meter over havets overflade i Caldera de Tejeda. De tilbyder uovertruffen udsigt og en dyb forbindelse til \u00f8ens naturlige sk\u00f8nhed.<\/li>\n<li><strong>Fortaleza de Ansite:<\/strong> Tr\u00e6d tilbage i tiden, mens du udforsker Fortaleza de Ansite, hvor Guancherne tappert forsvarede sig mod den spanske erobring. Deres arv af modstand og modstandskraft genlyder stadig gennem \u00e5rhundrederne.<\/li>\n<li><strong>Barranco de Agaete og Azuaje Gorges:<\/strong> Fordyb dig i de frodige landskaber i kl\u00f8fterne Barranco de Agaete og Azuaje. Her skaber t\u00e6tte r\u00f8r- og pilelunde, bregner, laurb\u00e6rtr\u00e6er og endemiske planter et fascinerende milj\u00f8. Disse naturstier inviterer dig til at opdage deres skjulte vidundere, hvilket sikrer, at hvert skridt er en f\u00e6ngslende oplevelse.<\/li>\n<\/ul>\n<p>&nbsp;<\/p>\n<p>&nbsp;<\/p>","protected":false},"excerpt":{"rendered":"<p>Vandretur p\u00e5 Gran Canaria. Tag p\u00e5 en ekstraordin\u00e6r vandretur p\u00e5 egen h\u00e5nd gennem Gran Canarias fortryllende landskaber, hvor hver dag byder p\u00e5 et nyt kapitel i din historie om udforskning og eventyr. Denne betagende \u00f8 inviterer dig til at afd\u00e6kke sin rige historie og velbevarede hemmeligheder, mens du krydser naturstier som Caldera de Tejeda, Fortaleza<\/p>\n<div class=\"padding-top text-center\"><a href=\"https:\/\/outdooreurope.eu\/da\/tours\/hiking-spain-gran-canaria-self-guided-trekking\/\" class=\"atbtn atbtn--medium atbtn--rounded atbtn--transparent\">L\u00e6s mere<i class=\"atbtn__icon atbtn__icon--right fa fa-long-arrow-right\"><\/i><\/a><\/div>","protected":false},"featured_media":15746,"comment_status":"open","ping_status":"closed","template":"","meta":{"_acf_changed":false,"content-type":"","inline_featured_image":false},"product_brand":[],"product_cat":[302],"product_tag":[950,955,961,971],"class_list":{"0":"post-15745","1":"product","2":"type-product","3":"status-publish","4":"has-post-thumbnail","6":"tour_country-spain","7":"tour_types-hut-to-hut","8":"tour_types-self-guided","9":"product_cat-ukategoriseret","10":"product_tag-trail","11":"product_tag-switzerland","12":"product_tag-alpine","13":"product_tag-alpine-hiking","14":"pa_duration-7-nights","15":"tour_category-hiking-in-europe","17":"first","18":"instock","19":"shipping-taxable","20":"purchasable","21":"product-type-tour"},"acf":[],"yoast_head":"<!-- This site is optimized with the Yoast SEO Premium plugin v27.4 (Yoast SEO v27.4) - https:\/\/yoast.com\/product\/yoast-seo-premium-wordpress\/ -->\n<title>Hike Gran Canaria: Explore Nature&#039;s Wonders Today - Outdoor Europe<\/title>\n<meta name=\"description\" content=\"Discover the breathtaking beauty of Gran Canaria on a self-guided hiking adventure! Hike Gran Canaria and unveil the island&#039;s hidden gems. \ud83c\udf04\" \/>\n<meta name=\"robots\" content=\"index, follow, max-snippet:-1, max-image-preview:large, max-video-preview:-1\" \/>\n<link rel=\"canonical\" href=\"https:\/\/outdooreurope.eu\/da\/ture\/vandreferie-spanien-gran-canaria-selvguidet\/\" \/>\n<meta property=\"og:locale\" content=\"da_DK\" \/>\n<meta property=\"og:type\" content=\"article\" \/>\n<meta property=\"og:title\" content=\"Hike Gran Canaria: A Self-Guided Adventure Through Stunning Landscapes\" \/>\n<meta property=\"og:description\" content=\"Hike Gran Canaria. Embark on an extraordinary self-guided hiking journey across the enchanting landscapes of Gran Canaria, where each day offers a new\" \/>\n<meta property=\"og:url\" content=\"https:\/\/outdooreurope.eu\/da\/ture\/vandreferie-spanien-gran-canaria-selvguidet\/\" \/>\n<meta property=\"og:site_name\" content=\"Outdoor Europe\" \/>\n<meta property=\"article:publisher\" content=\"https:\/\/www.facebook.com\/outdooreurope.eu\" \/>\n<meta property=\"article:modified_time\" content=\"2025-03-28T06:17:48+00:00\" \/>\n<meta property=\"og:image\" content=\"https:\/\/outdooreurope.eu\/wp-content\/uploads\/2024\/01\/Untitled-design-46-720x606-1.jpg\" \/>\n\t<meta property=\"og:image:width\" content=\"720\" \/>\n\t<meta property=\"og:image:height\" content=\"606\" \/>\n\t<meta property=\"og:image:type\" content=\"image\/jpeg\" \/>\n<meta name=\"twitter:card\" content=\"summary_large_image\" \/>\n<meta name=\"twitter:label1\" content=\"Pris\" \/>\n\t<meta name=\"twitter:data1\" content=\"&euro;1,095\" \/>\n\t<meta name=\"twitter:label2\" content=\"Tilg\u00e6ngelighed\" \/>\n\t<meta name=\"twitter:data2\" content=\"P\u00e5 lager\" \/>\n<script type=\"application\/ld+json\" class=\"yoast-schema-graph\">{\"@context\":\"https:\\\/\\\/schema.org\",\"@graph\":[{\"@type\":\"WebPage\",\"@id\":\"https:\\\/\\\/outdooreurope.eu\\\/tours\\\/hiking-spain-gran-canaria-self-guided-trekking\\\/\",\"url\":\"https:\\\/\\\/outdooreurope.eu\\\/tours\\\/hiking-spain-gran-canaria-self-guided-trekking\\\/\",\"name\":\"Hike Gran Canaria: Explore Nature's Wonders Today - Outdoor Europe\",\"isPartOf\":{\"@id\":\"https:\\\/\\\/outdooreurope.eu\\\/#website\"},\"primaryImageOfPage\":{\"@id\":\"https:\\\/\\\/outdooreurope.eu\\\/tours\\\/hiking-spain-gran-canaria-self-guided-trekking\\\/#primaryimage\"},\"image\":{\"@id\":\"https:\\\/\\\/outdooreurope.eu\\\/tours\\\/hiking-spain-gran-canaria-self-guided-trekking\\\/#primaryimage\"},\"thumbnailUrl\":\"https:\\\/\\\/outdooreurope.eu\\\/wp-content\\\/uploads\\\/2024\\\/01\\\/Untitled-design-46-720x606-1.jpg\",\"datePublished\":\"2024-01-16T10:24:47+00:00\",\"dateModified\":\"2025-03-28T06:17:48+00:00\",\"description\":\"Discover the breathtaking beauty of Gran Canaria on a self-guided hiking adventure! Hike Gran Canaria and unveil the island's hidden gems. \ud83c\udf04\",\"breadcrumb\":{\"@id\":\"https:\\\/\\\/outdooreurope.eu\\\/tours\\\/hiking-spain-gran-canaria-self-guided-trekking\\\/#breadcrumb\"},\"inLanguage\":\"da-DK\",\"potentialAction\":[{\"@type\":\"ReadAction\",\"target\":[\"https:\\\/\\\/outdooreurope.eu\\\/tours\\\/hiking-spain-gran-canaria-self-guided-trekking\\\/\"]}]},{\"@type\":\"ImageObject\",\"inLanguage\":\"da-DK\",\"@id\":\"https:\\\/\\\/outdooreurope.eu\\\/tours\\\/hiking-spain-gran-canaria-self-guided-trekking\\\/#primaryimage\",\"url\":\"https:\\\/\\\/outdooreurope.eu\\\/wp-content\\\/uploads\\\/2024\\\/01\\\/Untitled-design-46-720x606-1.jpg\",\"contentUrl\":\"https:\\\/\\\/outdooreurope.eu\\\/wp-content\\\/uploads\\\/2024\\\/01\\\/Untitled-design-46-720x606-1.jpg\",\"width\":720,\"height\":606},{\"@type\":\"BreadcrumbList\",\"@id\":\"https:\\\/\\\/outdooreurope.eu\\\/tours\\\/hiking-spain-gran-canaria-self-guided-trekking\\\/#breadcrumb\",\"itemListElement\":[{\"@type\":\"ListItem\",\"position\":1,\"name\":\"Hjem\",\"item\":\"https:\\\/\\\/outdooreurope.eu\\\/\"},{\"@type\":\"ListItem\",\"position\":2,\"name\":\"Shop\",\"item\":\"https:\\\/\\\/outdooreurope.eu\\\/shop\\\/\"},{\"@type\":\"ListItem\",\"position\":3,\"name\":\"Hike Gran Canaria: A Self-Guided Adventure Through Stunning Landscapes\"}]},{\"@type\":\"WebSite\",\"@id\":\"https:\\\/\\\/outdooreurope.eu\\\/#website\",\"url\":\"https:\\\/\\\/outdooreurope.eu\\\/\",\"name\":\"Outdoor Europe\",\"description\":\"Hiking In Europe I Join the trail\",\"potentialAction\":[{\"@type\":\"SearchAction\",\"target\":{\"@type\":\"EntryPoint\",\"urlTemplate\":\"https:\\\/\\\/outdooreurope.eu\\\/?s={search_term_string}\"},\"query-input\":{\"@type\":\"PropertyValueSpecification\",\"valueRequired\":true,\"valueName\":\"search_term_string\"}}],\"inLanguage\":\"da-DK\"}]}<\/script>\n<meta property=\"product:price:amount\" content=\"1095\" \/>\n<meta property=\"product:price:currency\" content=\"EUR\" \/>\n<meta property=\"og:availability\" content=\"instock\" \/>\n<meta property=\"product:availability\" content=\"instock\" \/>\n<meta property=\"product:retailer_item_id\" content=\"15745\" \/>\n<meta property=\"product:condition\" content=\"new\" \/>\n<!-- \/ Yoast SEO Premium plugin. -->","yoast_head_json":{"title":"Vandretur Gran Canaria: Udforsk naturens vidundere i dag - udend\u00f8rs Europa","description":"Oplev Gran Canarias betagende sk\u00f8nhed p\u00e5 et selvguidet vandreventyr! Vandretur Gran Canaria og afsl\u00f8r \u00f8ens skjulte perler. \ud83c\udf04","robots":{"index":"index","follow":"follow","max-snippet":"max-snippet:-1","max-image-preview":"max-image-preview:large","max-video-preview":"max-video-preview:-1"},"canonical":"https:\/\/outdooreurope.eu\/da\/ture\/vandreferie-spanien-gran-canaria-selvguidet\/","og_locale":"da_DK","og_type":"article","og_title":"Hike Gran Canaria: A Self-Guided Adventure Through Stunning Landscapes","og_description":"Hike Gran Canaria. Embark on an extraordinary self-guided hiking journey across the enchanting landscapes of Gran Canaria, where each day offers a new","og_url":"https:\/\/outdooreurope.eu\/da\/ture\/vandreferie-spanien-gran-canaria-selvguidet\/","og_site_name":"Outdoor Europe","article_publisher":"https:\/\/www.facebook.com\/outdooreurope.eu","article_modified_time":"2025-03-28T06:17:48+00:00","og_image":[{"width":720,"height":606,"url":"https:\/\/outdooreurope.eu\/wp-content\/uploads\/2024\/01\/Untitled-design-46-720x606-1.jpg","type":"image\/jpeg"}],"twitter_card":"summary_large_image","twitter_misc":{"Pris":"&euro;1,095","Tilg\u00e6ngelighed":"P\u00e5 lager"},"schema":{"@context":"https:\/\/schema.org","@graph":[{"@type":"WebPage","@id":"https:\/\/outdooreurope.eu\/tours\/hiking-spain-gran-canaria-self-guided-trekking\/","url":"https:\/\/outdooreurope.eu\/tours\/hiking-spain-gran-canaria-self-guided-trekking\/","name":"Vandretur Gran Canaria: Udforsk naturens vidundere i dag - udend\u00f8rs Europa","isPartOf":{"@id":"https:\/\/outdooreurope.eu\/#website"},"primaryImageOfPage":{"@id":"https:\/\/outdooreurope.eu\/tours\/hiking-spain-gran-canaria-self-guided-trekking\/#primaryimage"},"image":{"@id":"https:\/\/outdooreurope.eu\/tours\/hiking-spain-gran-canaria-self-guided-trekking\/#primaryimage"},"thumbnailUrl":"https:\/\/outdooreurope.eu\/wp-content\/uploads\/2024\/01\/Untitled-design-46-720x606-1.jpg","datePublished":"2024-01-16T10:24:47+00:00","dateModified":"2025-03-28T06:17:48+00:00","description":"Oplev Gran Canarias betagende sk\u00f8nhed p\u00e5 et selvguidet vandreventyr! Vandretur Gran Canaria og afsl\u00f8r \u00f8ens skjulte perler. \ud83c\udf04","breadcrumb":{"@id":"https:\/\/outdooreurope.eu\/tours\/hiking-spain-gran-canaria-self-guided-trekking\/#breadcrumb"},"inLanguage":"da-DK","potentialAction":[{"@type":"ReadAction","target":["https:\/\/outdooreurope.eu\/tours\/hiking-spain-gran-canaria-self-guided-trekking\/"]}]},{"@type":"ImageObject","inLanguage":"da-DK","@id":"https:\/\/outdooreurope.eu\/tours\/hiking-spain-gran-canaria-self-guided-trekking\/#primaryimage","url":"https:\/\/outdooreurope.eu\/wp-content\/uploads\/2024\/01\/Untitled-design-46-720x606-1.jpg","contentUrl":"https:\/\/outdooreurope.eu\/wp-content\/uploads\/2024\/01\/Untitled-design-46-720x606-1.jpg","width":720,"height":606},{"@type":"BreadcrumbList","@id":"https:\/\/outdooreurope.eu\/tours\/hiking-spain-gran-canaria-self-guided-trekking\/#breadcrumb","itemListElement":[{"@type":"ListItem","position":1,"name":"Hjem","item":"https:\/\/outdooreurope.eu\/"},{"@type":"ListItem","position":2,"name":"Shop","item":"https:\/\/outdooreurope.eu\/shop\/"},{"@type":"ListItem","position":3,"name":"Hike Gran Canaria: A Self-Guided Adventure Through Stunning Landscapes"}]},{"@type":"WebSite","@id":"https:\/\/outdooreurope.eu\/#website","url":"https:\/\/outdooreurope.eu\/","name":"Udend\u00f8rs Europa","description":"Vandreture i Europa Jeg slutter mig til stien","potentialAction":[{"@type":"SearchAction","target":{"@type":"EntryPoint","urlTemplate":"https:\/\/outdooreurope.eu\/?s={search_term_string}"},"query-input":{"@type":"PropertyValueSpecification","valueRequired":true,"valueName":"search_term_string"}}],"inLanguage":"da-DK"}]},"product_price_amount":"1095","product_price_currency":"EUR","og_availability":"instock","product_availability":"instock","product_retailer_item_id":"15745","product_condition":"new"},"_links":{"self":[{"href":"https:\/\/outdooreurope.eu\/da\/wp-json\/wp\/v2\/product\/15745","targetHints":{"allow":["GET"]}}],"collection":[{"href":"https:\/\/outdooreurope.eu\/da\/wp-json\/wp\/v2\/product"}],"about":[{"href":"https:\/\/outdooreurope.eu\/da\/wp-json\/wp\/v2\/types\/product"}],"replies":[{"embeddable":true,"href":"https:\/\/outdooreurope.eu\/da\/wp-json\/wp\/v2\/comments?post=15745"}],"wp:featuredmedia":[{"embeddable":true,"href":"https:\/\/outdooreurope.eu\/da\/wp-json\/wp\/v2\/media\/15746"}],"wp:attachment":[{"href":"https:\/\/outdooreurope.eu\/da\/wp-json\/wp\/v2\/media?parent=15745"}],"wp:term":[{"taxonomy":"product_brand","embeddable":true,"href":"https:\/\/outdooreurope.eu\/da\/wp-json\/wp\/v2\/product_brand?post=15745"},{"taxonomy":"product_cat","embeddable":true,"href":"https:\/\/outdooreurope.eu\/da\/wp-json\/wp\/v2\/product_cat?post=15745"},{"taxonomy":"product_tag","embeddable":true,"href":"https:\/\/outdooreurope.eu\/da\/wp-json\/wp\/v2\/product_tag?post=15745"}],"curies":[{"name":"wp","href":"https:\/\/api.w.org\/{rel}","templated":true}]}}