{"id":15822,"date":"2024-01-16T13:05:32","date_gmt":"2024-01-16T12:05:32","guid":{"rendered":"https:\/\/outdooreurope.eu\/?post_type=product&#038;p=15822"},"modified":"2025-03-28T08:09:00","modified_gmt":"2025-03-28T07:09:00","slug":"vandring-ostrig-garmish-meran-trekking","status":"publish","type":"product","link":"https:\/\/outdooreurope.eu\/da\/tours\/hiking-austria-garmish-meran-trekking\/","title":{"rendered":"Vandretur fra Garmisch til Meran: Og Epic Eight Day Adventure"},"content":{"rendered":"<p>Forbered dig p\u00e5 at begive dig ud p\u00e5 en storsl\u00e5et otte-dages bjergvandring, der tager dig gennem de maleriske regioner, hvor Bayern, Tyrol og Sydtyrol problemfrit m\u00f8des og blander naturlig sk\u00f8nhed og kulturel mangfoldighed. N\u00e5r du krydser betagende vandrestier, har du mulighed for at udforske traditionelle alpehytter, fredfyldte bjerglandskaber og \u00e6refrygtindgydende kl\u00f8fter. Derudover vil du nyde de l\u00e6kre kulinariske skatte fra tre forskellige regioner - Bayern, \u00d8strig og Sydtyrol.<\/p>\n<ul>\n<li><strong>Partnachklamm og Elmauer Alm:<\/strong> Start dit eventyr i Garmisch-Partenkirchen med en vandretur gennem den \u00e6refrygtindgydende Partnachklamm. Tag en tur op ad Wamberg, som byder p\u00e5 betagende udsigter, og begiv dig videre til den charmerende Elmauer Alm.<\/li>\n<li><strong>Gr\u00e6nsesten for tre lande:<\/strong> G\u00e5 p\u00e5 tv\u00e6rs af statsgr\u00e6nser, mens du g\u00e5r over til Tyrol og begiver dig ud p\u00e5 en bem\u00e6rkelsesv\u00e6rdig rejse til gr\u00e6nsestenen med tre lande. Her, p\u00e5 m\u00f8destedet for \u00d8strig, Italien og Schweiz, vil du opleve en unik blanding af kultur og geografi, hvilket g\u00f8r det til et virkelig enest\u00e5ende stop p\u00e5 dit vandreeventyr.<\/li>\n<li><strong>Reschen Lake og Sunken Church:<\/strong> Udforsk den fortryllende Reschen-s\u00f8 i Sydtyrol, kendt for sit neddykkede kirket\u00e5rn - et ikonisk syn, der tilf\u00f8jer et strejf af magi til din vandre-odyss\u00e9.<\/li>\n<\/ul>","protected":false},"excerpt":{"rendered":"<p>Forbered dig p\u00e5 en storsl\u00e5et otte-dages bjergvandring, der tager dig gennem de maleriske regioner, hvor Bayern, Tyrol og Sydtyrol s\u00f8ml\u00f8st m\u00f8des og blander naturlig sk\u00f8nhed og kulturel mangfoldighed. Mens du krydser betagende vandrestier, f\u00e5r du mulighed for at udforske traditionelle alpehytter, fredfyldte bjerglandskaber og \u00e6refrygtindgydende kl\u00f8fter. Derudover vil du nyde...<\/p>\n<div class=\"padding-top text-center\"><a href=\"https:\/\/outdooreurope.eu\/da\/tours\/hiking-austria-garmish-meran-trekking\/\" class=\"atbtn atbtn--medium atbtn--rounded atbtn--transparent\">L\u00e6s mere<i class=\"atbtn__icon atbtn__icon--right fa fa-long-arrow-right\"><\/i><\/a><\/div>","protected":false},"featured_media":15823,"comment_status":"open","ping_status":"closed","template":"","meta":{"_acf_changed":false,"content-type":"","inline_featured_image":false},"product_brand":[],"product_cat":[302],"product_tag":[760],"class_list":{"0":"post-15822","1":"product","2":"type-product","3":"status-publish","4":"has-post-thumbnail","6":"tour_country-austria","7":"tour_country-germany","8":"tour_types-dog-friendly","9":"tour_types-hut-to-hut","10":"tour_types-self-guided","11":"product_cat-ukategoriseret","12":"product_tag-hiking","13":"pa_duration-7-nights","14":"tour_category-hiking-in-europe","16":"first","17":"instock","18":"virtual","19":"purchasable","20":"product-type-tour"},"acf":[],"yoast_head":"<!-- This site is optimized with the Yoast SEO Premium plugin v27.4 (Yoast SEO v27.4) - https:\/\/yoast.com\/product\/yoast-seo-premium-wordpress\/ -->\n<title>Hike from Garmisch to Meran: 8-Day Adventure Awaits - Outdoor Europe<\/title>\n<meta name=\"description\" content=\"Embark on an unforgettable adventure as you hike from Garmisch to Meran. Discover breathtaking trails and savor local cuisine along the way! \ud83c\udf04\" \/>\n<meta name=\"robots\" content=\"index, follow, max-snippet:-1, max-image-preview:large, max-video-preview:-1\" \/>\n<link rel=\"canonical\" href=\"https:\/\/outdooreurope.eu\/da\/ture\/vandring-ostrig-garmish-meran-trekking\/\" \/>\n<meta property=\"og:locale\" content=\"da_DK\" \/>\n<meta property=\"og:type\" content=\"article\" \/>\n<meta property=\"og:title\" content=\"Hike from Garmisch to Meran: And Epic Eight Day Adventure\" \/>\n<meta property=\"og:description\" content=\"Prepare to embark on a magnificent eight-day mountain hiking journey that takes you through the picturesque regions where Bavaria, Tyrol, and South Tyrol\" \/>\n<meta property=\"og:url\" content=\"https:\/\/outdooreurope.eu\/da\/ture\/vandring-ostrig-garmish-meran-trekking\/\" \/>\n<meta property=\"og:site_name\" content=\"Outdoor Europe\" \/>\n<meta property=\"article:publisher\" content=\"https:\/\/www.facebook.com\/outdooreurope.eu\" \/>\n<meta property=\"article:modified_time\" content=\"2025-03-28T07:09:00+00:00\" \/>\n<meta property=\"og:image\" content=\"https:\/\/outdooreurope.eu\/wp-content\/uploads\/2024\/01\/austria-salzburg-state-young-woman-hiking-in-mou-2022-03-08-01-19-44-utc-e1677098546326-720x606-1.jpg\" \/>\n\t<meta property=\"og:image:width\" content=\"720\" \/>\n\t<meta property=\"og:image:height\" content=\"606\" \/>\n\t<meta property=\"og:image:type\" content=\"image\/jpeg\" \/>\n<meta name=\"twitter:card\" content=\"summary_large_image\" \/>\n<meta name=\"twitter:label1\" content=\"Pris\" \/>\n\t<meta name=\"twitter:data1\" content=\"&euro;1,290\" \/>\n\t<meta name=\"twitter:label2\" content=\"Tilg\u00e6ngelighed\" \/>\n\t<meta name=\"twitter:data2\" content=\"P\u00e5 lager\" \/>\n<script type=\"application\/ld+json\" class=\"yoast-schema-graph\">{\"@context\":\"https:\\\/\\\/schema.org\",\"@graph\":[{\"@type\":\"WebPage\",\"@id\":\"https:\\\/\\\/outdooreurope.eu\\\/tours\\\/hiking-austria-garmish-meran-trekking\\\/\",\"url\":\"https:\\\/\\\/outdooreurope.eu\\\/tours\\\/hiking-austria-garmish-meran-trekking\\\/\",\"name\":\"Hike from Garmisch to Meran: 8-Day Adventure Awaits - Outdoor Europe\",\"isPartOf\":{\"@id\":\"https:\\\/\\\/outdooreurope.eu\\\/#website\"},\"primaryImageOfPage\":{\"@id\":\"https:\\\/\\\/outdooreurope.eu\\\/tours\\\/hiking-austria-garmish-meran-trekking\\\/#primaryimage\"},\"image\":{\"@id\":\"https:\\\/\\\/outdooreurope.eu\\\/tours\\\/hiking-austria-garmish-meran-trekking\\\/#primaryimage\"},\"thumbnailUrl\":\"https:\\\/\\\/outdooreurope.eu\\\/wp-content\\\/uploads\\\/2024\\\/01\\\/austria-salzburg-state-young-woman-hiking-in-mou-2022-03-08-01-19-44-utc-e1677098546326-720x606-1.jpg\",\"datePublished\":\"2024-01-16T12:05:32+00:00\",\"dateModified\":\"2025-03-28T07:09:00+00:00\",\"description\":\"Embark on an unforgettable adventure as you hike from Garmisch to Meran. Discover breathtaking trails and savor local cuisine along the way! \ud83c\udf04\",\"breadcrumb\":{\"@id\":\"https:\\\/\\\/outdooreurope.eu\\\/tours\\\/hiking-austria-garmish-meran-trekking\\\/#breadcrumb\"},\"inLanguage\":\"da-DK\",\"potentialAction\":[{\"@type\":\"ReadAction\",\"target\":[\"https:\\\/\\\/outdooreurope.eu\\\/tours\\\/hiking-austria-garmish-meran-trekking\\\/\"]}]},{\"@type\":\"ImageObject\",\"inLanguage\":\"da-DK\",\"@id\":\"https:\\\/\\\/outdooreurope.eu\\\/tours\\\/hiking-austria-garmish-meran-trekking\\\/#primaryimage\",\"url\":\"https:\\\/\\\/outdooreurope.eu\\\/wp-content\\\/uploads\\\/2024\\\/01\\\/austria-salzburg-state-young-woman-hiking-in-mou-2022-03-08-01-19-44-utc-e1677098546326-720x606-1.jpg\",\"contentUrl\":\"https:\\\/\\\/outdooreurope.eu\\\/wp-content\\\/uploads\\\/2024\\\/01\\\/austria-salzburg-state-young-woman-hiking-in-mou-2022-03-08-01-19-44-utc-e1677098546326-720x606-1.jpg\",\"width\":720,\"height\":606},{\"@type\":\"BreadcrumbList\",\"@id\":\"https:\\\/\\\/outdooreurope.eu\\\/tours\\\/hiking-austria-garmish-meran-trekking\\\/#breadcrumb\",\"itemListElement\":[{\"@type\":\"ListItem\",\"position\":1,\"name\":\"Hjem\",\"item\":\"https:\\\/\\\/outdooreurope.eu\\\/\"},{\"@type\":\"ListItem\",\"position\":2,\"name\":\"Shop\",\"item\":\"https:\\\/\\\/outdooreurope.eu\\\/shop\\\/\"},{\"@type\":\"ListItem\",\"position\":3,\"name\":\"Hike from Garmisch to Meran: And Epic Eight Day Adventure\"}]},{\"@type\":\"WebSite\",\"@id\":\"https:\\\/\\\/outdooreurope.eu\\\/#website\",\"url\":\"https:\\\/\\\/outdooreurope.eu\\\/\",\"name\":\"Outdoor Europe\",\"description\":\"Hiking In Europe I Join the trail\",\"potentialAction\":[{\"@type\":\"SearchAction\",\"target\":{\"@type\":\"EntryPoint\",\"urlTemplate\":\"https:\\\/\\\/outdooreurope.eu\\\/?s={search_term_string}\"},\"query-input\":{\"@type\":\"PropertyValueSpecification\",\"valueRequired\":true,\"valueName\":\"search_term_string\"}}],\"inLanguage\":\"da-DK\"}]}<\/script>\n<meta property=\"product:price:amount\" content=\"1290\" \/>\n<meta property=\"product:price:currency\" content=\"EUR\" \/>\n<meta property=\"og:availability\" content=\"instock\" \/>\n<meta property=\"product:availability\" content=\"instock\" \/>\n<meta property=\"product:retailer_item_id\" content=\"15822\" \/>\n<meta property=\"product:condition\" content=\"new\" \/>\n<!-- \/ Yoast SEO Premium plugin. -->","yoast_head_json":{"title":"Vandretur fra Garmisch til Meran: 8-dages eventyr venter - udend\u00f8rs Europa","description":"Tag ud p\u00e5 et uforglemmeligt eventyr, mens du vandrer fra Garmisch til Meran. Oplev betagende stier og nyd det lokale k\u00f8kken undervejs! \ud83c\udf04","robots":{"index":"index","follow":"follow","max-snippet":"max-snippet:-1","max-image-preview":"max-image-preview:large","max-video-preview":"max-video-preview:-1"},"canonical":"https:\/\/outdooreurope.eu\/da\/ture\/vandring-ostrig-garmish-meran-trekking\/","og_locale":"da_DK","og_type":"article","og_title":"Hike from Garmisch to Meran: And Epic Eight Day Adventure","og_description":"Prepare to embark on a magnificent eight-day mountain hiking journey that takes you through the picturesque regions where Bavaria, Tyrol, and South Tyrol","og_url":"https:\/\/outdooreurope.eu\/da\/ture\/vandring-ostrig-garmish-meran-trekking\/","og_site_name":"Outdoor Europe","article_publisher":"https:\/\/www.facebook.com\/outdooreurope.eu","article_modified_time":"2025-03-28T07:09:00+00:00","og_image":[{"width":720,"height":606,"url":"https:\/\/outdooreurope.eu\/wp-content\/uploads\/2024\/01\/austria-salzburg-state-young-woman-hiking-in-mou-2022-03-08-01-19-44-utc-e1677098546326-720x606-1.jpg","type":"image\/jpeg"}],"twitter_card":"summary_large_image","twitter_misc":{"Pris":"&euro;1,290","Tilg\u00e6ngelighed":"P\u00e5 lager"},"schema":{"@context":"https:\/\/schema.org","@graph":[{"@type":"WebPage","@id":"https:\/\/outdooreurope.eu\/tours\/hiking-austria-garmish-meran-trekking\/","url":"https:\/\/outdooreurope.eu\/tours\/hiking-austria-garmish-meran-trekking\/","name":"Vandretur fra Garmisch til Meran: 8-dages eventyr venter - udend\u00f8rs Europa","isPartOf":{"@id":"https:\/\/outdooreurope.eu\/#website"},"primaryImageOfPage":{"@id":"https:\/\/outdooreurope.eu\/tours\/hiking-austria-garmish-meran-trekking\/#primaryimage"},"image":{"@id":"https:\/\/outdooreurope.eu\/tours\/hiking-austria-garmish-meran-trekking\/#primaryimage"},"thumbnailUrl":"https:\/\/outdooreurope.eu\/wp-content\/uploads\/2024\/01\/austria-salzburg-state-young-woman-hiking-in-mou-2022-03-08-01-19-44-utc-e1677098546326-720x606-1.jpg","datePublished":"2024-01-16T12:05:32+00:00","dateModified":"2025-03-28T07:09:00+00:00","description":"Tag ud p\u00e5 et uforglemmeligt eventyr, mens du vandrer fra Garmisch til Meran. Oplev betagende stier og nyd det lokale k\u00f8kken undervejs! \ud83c\udf04","breadcrumb":{"@id":"https:\/\/outdooreurope.eu\/tours\/hiking-austria-garmish-meran-trekking\/#breadcrumb"},"inLanguage":"da-DK","potentialAction":[{"@type":"ReadAction","target":["https:\/\/outdooreurope.eu\/tours\/hiking-austria-garmish-meran-trekking\/"]}]},{"@type":"ImageObject","inLanguage":"da-DK","@id":"https:\/\/outdooreurope.eu\/tours\/hiking-austria-garmish-meran-trekking\/#primaryimage","url":"https:\/\/outdooreurope.eu\/wp-content\/uploads\/2024\/01\/austria-salzburg-state-young-woman-hiking-in-mou-2022-03-08-01-19-44-utc-e1677098546326-720x606-1.jpg","contentUrl":"https:\/\/outdooreurope.eu\/wp-content\/uploads\/2024\/01\/austria-salzburg-state-young-woman-hiking-in-mou-2022-03-08-01-19-44-utc-e1677098546326-720x606-1.jpg","width":720,"height":606},{"@type":"BreadcrumbList","@id":"https:\/\/outdooreurope.eu\/tours\/hiking-austria-garmish-meran-trekking\/#breadcrumb","itemListElement":[{"@type":"ListItem","position":1,"name":"Hjem","item":"https:\/\/outdooreurope.eu\/"},{"@type":"ListItem","position":2,"name":"Shop","item":"https:\/\/outdooreurope.eu\/shop\/"},{"@type":"ListItem","position":3,"name":"Hike from Garmisch to Meran: And Epic Eight Day Adventure"}]},{"@type":"WebSite","@id":"https:\/\/outdooreurope.eu\/#website","url":"https:\/\/outdooreurope.eu\/","name":"Udend\u00f8rs Europa","description":"Vandreture i Europa Jeg slutter mig til stien","potentialAction":[{"@type":"SearchAction","target":{"@type":"EntryPoint","urlTemplate":"https:\/\/outdooreurope.eu\/?s={search_term_string}"},"query-input":{"@type":"PropertyValueSpecification","valueRequired":true,"valueName":"search_term_string"}}],"inLanguage":"da-DK"}]},"product_price_amount":"1290","product_price_currency":"EUR","og_availability":"instock","product_availability":"instock","product_retailer_item_id":"15822","product_condition":"new"},"_links":{"self":[{"href":"https:\/\/outdooreurope.eu\/da\/wp-json\/wp\/v2\/product\/15822","targetHints":{"allow":["GET"]}}],"collection":[{"href":"https:\/\/outdooreurope.eu\/da\/wp-json\/wp\/v2\/product"}],"about":[{"href":"https:\/\/outdooreurope.eu\/da\/wp-json\/wp\/v2\/types\/product"}],"replies":[{"embeddable":true,"href":"https:\/\/outdooreurope.eu\/da\/wp-json\/wp\/v2\/comments?post=15822"}],"wp:featuredmedia":[{"embeddable":true,"href":"https:\/\/outdooreurope.eu\/da\/wp-json\/wp\/v2\/media\/15823"}],"wp:attachment":[{"href":"https:\/\/outdooreurope.eu\/da\/wp-json\/wp\/v2\/media?parent=15822"}],"wp:term":[{"taxonomy":"product_brand","embeddable":true,"href":"https:\/\/outdooreurope.eu\/da\/wp-json\/wp\/v2\/product_brand?post=15822"},{"taxonomy":"product_cat","embeddable":true,"href":"https:\/\/outdooreurope.eu\/da\/wp-json\/wp\/v2\/product_cat?post=15822"},{"taxonomy":"product_tag","embeddable":true,"href":"https:\/\/outdooreurope.eu\/da\/wp-json\/wp\/v2\/product_tag?post=15822"}],"curies":[{"name":"wp","href":"https:\/\/api.w.org\/{rel}","templated":true}]}}