{"id":15848,"date":"2024-01-16T13:34:04","date_gmt":"2024-01-16T12:34:04","guid":{"rendered":"https:\/\/outdooreurope.eu\/?post_type=product&#038;p=15848"},"modified":"2025-04-07T20:14:24","modified_gmt":"2025-04-07T18:14:24","slug":"vandreferie-oestrig-tyrol-transtyrol-selvguidet","status":"publish","type":"product","link":"https:\/\/outdooreurope.eu\/da\/tours\/hiking-austria-tyrol-transtyrol-self-guided-trekking\/","title":{"rendered":"Vandretur Tirolerweg: et transtyrolsk hytte-til-hytte eventyr"},"content":{"rendered":"<p>Denne otte-dages vandretur p\u00e5 Transtyrol-eventyret byder p\u00e5 en bem\u00e6rkelsesv\u00e6rdig blanding af vildt romantisk bjerglandskab, blomstrende alpine landskaber, sned\u00e6kkede gletsjere og klippefyldte afgrunde.<\/p>\n<ul>\n<li><strong>Tyrolske vandrestier:<\/strong> Tyrolerstien byder p\u00e5 en uovertruffen variation af landskaber, fra tinderne af Wetterstein- og Karwendel-bjergene til den uber\u00f8rte sk\u00f8nhed i Nordkette.<\/li>\n<li><strong>Karwendel-bjergenes hal:<\/strong> Oplev hjertet af Karwendel-bjergk\u00e6den med et to-dages ophold p\u00e5 Halleranger Alm. Her tager den m\u00e6gtige Isar-flod sit udspring, og du vil finde dig selv omgivet af storheden fra den 2.331 meter h\u00f8je Sunntiger Spitze. Toppen af Sunntiger Spitze giver et udsigtspunkt med en flot udsigt over de omkringliggende bjerglandskaber, hvilket skaber uforglemmelige minder for dem, der tager udfordringen op.<\/li>\n<\/ul>","protected":false},"excerpt":{"rendered":"<p>Denne otte-dages vandretur p\u00e5 Transtyrol-eventyret byder p\u00e5 en bem\u00e6rkelsesv\u00e6rdig blanding af vildt romantisk bjerglandskab, blomstrende alpine landskaber, sned\u00e6kkede gletsjere og klippefyldte afgrunde. Tyrolerrutens vidundere: Tyrolerruten tilbyder en uovertruffen variation af landskaber, fra tinderne af Wetterstein- og Karwendel-bjergene til den uber\u00f8rte sk\u00f8nhed i Nordkette. Hall of<\/p>\n<div class=\"padding-top text-center\"><a href=\"https:\/\/outdooreurope.eu\/da\/tours\/hiking-austria-tyrol-transtyrol-self-guided-trekking\/\" class=\"atbtn atbtn--medium atbtn--rounded atbtn--transparent\">L\u00e6s mere<i class=\"atbtn__icon atbtn__icon--right fa fa-long-arrow-right\"><\/i><\/a><\/div>","protected":false},"featured_media":15849,"comment_status":"open","ping_status":"closed","template":"","meta":{"_acf_changed":false,"content-type":"","inline_featured_image":false},"product_brand":[],"product_cat":[302],"product_tag":[760],"class_list":{"0":"post-15848","1":"product","2":"type-product","3":"status-publish","4":"has-post-thumbnail","6":"tour_country-austria","7":"tour_types-hut-to-hut","8":"tour_types-self-guided","9":"product_cat-ukategoriseret","10":"product_tag-hiking","11":"pa_duration-7-nights","12":"tour_category-hiking-in-europe","14":"first","15":"instock","16":"shipping-taxable","17":"purchasable","18":"product-type-tour"},"acf":[],"yoast_head":"<!-- This site is optimized with the Yoast SEO Premium plugin v27.4 (Yoast SEO v27.4) - https:\/\/yoast.com\/product\/yoast-seo-premium-wordpress\/ -->\n<title>Hike the Tirolerweg: Eight Days of Stunning Landscapes<\/title>\n<meta name=\"description\" content=\"Experience the stunning landscapes on your journey to Hike the Tirolerweg! Enjoy scenic mountain views and create unforgettable memories today!\" \/>\n<meta name=\"robots\" content=\"index, follow, max-snippet:-1, max-image-preview:large, max-video-preview:-1\" \/>\n<link rel=\"canonical\" href=\"https:\/\/outdooreurope.eu\/da\/ture\/vandreferie-oestrig-tyrol-transtyrol-selvguidet\/\" \/>\n<meta property=\"og:locale\" content=\"da_DK\" \/>\n<meta property=\"og:type\" content=\"article\" \/>\n<meta property=\"og:title\" content=\"Hike the Tirolerweg: a transtyrol hut-to-hut adventure\" \/>\n<meta property=\"og:description\" content=\"This eight-day trekking tour on the Transtyrol adventure boasts a remarkable blend of wildly romantic mountain scenery, blooming alpine landscapes,\" \/>\n<meta property=\"og:url\" content=\"https:\/\/outdooreurope.eu\/da\/ture\/vandreferie-oestrig-tyrol-transtyrol-selvguidet\/\" \/>\n<meta property=\"og:site_name\" content=\"Outdoor Europe\" \/>\n<meta property=\"article:publisher\" content=\"https:\/\/www.facebook.com\/outdooreurope.eu\" \/>\n<meta property=\"article:modified_time\" content=\"2025-04-07T18:14:24+00:00\" \/>\n<meta property=\"og:image\" content=\"https:\/\/outdooreurope.eu\/wp-content\/uploads\/2024\/01\/austria-tyrol-karwendel-hiker-on-trail-2022-03-08-01-24-27-utc-scaled-e1677098243408-720x606-1.jpg\" \/>\n\t<meta property=\"og:image:width\" content=\"720\" \/>\n\t<meta property=\"og:image:height\" content=\"606\" \/>\n\t<meta property=\"og:image:type\" content=\"image\/jpeg\" \/>\n<meta name=\"twitter:card\" content=\"summary_large_image\" \/>\n<meta name=\"twitter:label1\" content=\"Pris\" \/>\n\t<meta name=\"twitter:data1\" content=\"&euro;1,050\" \/>\n\t<meta name=\"twitter:label2\" content=\"Tilg\u00e6ngelighed\" \/>\n\t<meta name=\"twitter:data2\" content=\"P\u00e5 lager\" \/>\n<script type=\"application\/ld+json\" class=\"yoast-schema-graph\">{\"@context\":\"https:\\\/\\\/schema.org\",\"@graph\":[{\"@type\":\"WebPage\",\"@id\":\"https:\\\/\\\/outdooreurope.eu\\\/tours\\\/hiking-austria-tyrol-transtyrol-self-guided-trekking\\\/\",\"url\":\"https:\\\/\\\/outdooreurope.eu\\\/tours\\\/hiking-austria-tyrol-transtyrol-self-guided-trekking\\\/\",\"name\":\"Hike the Tirolerweg: Eight Days of Stunning Landscapes\",\"isPartOf\":{\"@id\":\"https:\\\/\\\/outdooreurope.eu\\\/#website\"},\"primaryImageOfPage\":{\"@id\":\"https:\\\/\\\/outdooreurope.eu\\\/tours\\\/hiking-austria-tyrol-transtyrol-self-guided-trekking\\\/#primaryimage\"},\"image\":{\"@id\":\"https:\\\/\\\/outdooreurope.eu\\\/tours\\\/hiking-austria-tyrol-transtyrol-self-guided-trekking\\\/#primaryimage\"},\"thumbnailUrl\":\"https:\\\/\\\/outdooreurope.eu\\\/wp-content\\\/uploads\\\/2024\\\/01\\\/austria-tyrol-karwendel-hiker-on-trail-2022-03-08-01-24-27-utc-scaled-e1677098243408-720x606-1.jpg\",\"datePublished\":\"2024-01-16T12:34:04+00:00\",\"dateModified\":\"2025-04-07T18:14:24+00:00\",\"description\":\"Experience the stunning landscapes on your journey to Hike the Tirolerweg! Enjoy scenic mountain views and create unforgettable memories today!\",\"breadcrumb\":{\"@id\":\"https:\\\/\\\/outdooreurope.eu\\\/tours\\\/hiking-austria-tyrol-transtyrol-self-guided-trekking\\\/#breadcrumb\"},\"inLanguage\":\"da-DK\",\"potentialAction\":[{\"@type\":\"ReadAction\",\"target\":[\"https:\\\/\\\/outdooreurope.eu\\\/tours\\\/hiking-austria-tyrol-transtyrol-self-guided-trekking\\\/\"]}]},{\"@type\":\"ImageObject\",\"inLanguage\":\"da-DK\",\"@id\":\"https:\\\/\\\/outdooreurope.eu\\\/tours\\\/hiking-austria-tyrol-transtyrol-self-guided-trekking\\\/#primaryimage\",\"url\":\"https:\\\/\\\/outdooreurope.eu\\\/wp-content\\\/uploads\\\/2024\\\/01\\\/austria-tyrol-karwendel-hiker-on-trail-2022-03-08-01-24-27-utc-scaled-e1677098243408-720x606-1.jpg\",\"contentUrl\":\"https:\\\/\\\/outdooreurope.eu\\\/wp-content\\\/uploads\\\/2024\\\/01\\\/austria-tyrol-karwendel-hiker-on-trail-2022-03-08-01-24-27-utc-scaled-e1677098243408-720x606-1.jpg\",\"width\":720,\"height\":606},{\"@type\":\"BreadcrumbList\",\"@id\":\"https:\\\/\\\/outdooreurope.eu\\\/tours\\\/hiking-austria-tyrol-transtyrol-self-guided-trekking\\\/#breadcrumb\",\"itemListElement\":[{\"@type\":\"ListItem\",\"position\":1,\"name\":\"Hjem\",\"item\":\"https:\\\/\\\/outdooreurope.eu\\\/\"},{\"@type\":\"ListItem\",\"position\":2,\"name\":\"Shop\",\"item\":\"https:\\\/\\\/outdooreurope.eu\\\/shop\\\/\"},{\"@type\":\"ListItem\",\"position\":3,\"name\":\"Hike the Tirolerweg: a transtyrol hut-to-hut adventure\"}]},{\"@type\":\"WebSite\",\"@id\":\"https:\\\/\\\/outdooreurope.eu\\\/#website\",\"url\":\"https:\\\/\\\/outdooreurope.eu\\\/\",\"name\":\"Outdoor Europe\",\"description\":\"Hiking In Europe I Join the trail\",\"potentialAction\":[{\"@type\":\"SearchAction\",\"target\":{\"@type\":\"EntryPoint\",\"urlTemplate\":\"https:\\\/\\\/outdooreurope.eu\\\/?s={search_term_string}\"},\"query-input\":{\"@type\":\"PropertyValueSpecification\",\"valueRequired\":true,\"valueName\":\"search_term_string\"}}],\"inLanguage\":\"da-DK\"}]}<\/script>\n<meta property=\"product:price:amount\" content=\"1050\" \/>\n<meta property=\"product:price:currency\" content=\"EUR\" \/>\n<meta property=\"og:availability\" content=\"instock\" \/>\n<meta property=\"product:availability\" content=\"instock\" \/>\n<meta property=\"product:retailer_item_id\" content=\"15848\" \/>\n<meta property=\"product:condition\" content=\"new\" \/>\n<!-- \/ Yoast SEO Premium plugin. -->","yoast_head_json":{"title":"Vandretur Tirolerweg: Otte dage med fantastiske landskaber","description":"Oplev de fantastiske landskaber p\u00e5 din rejse til Hike the Tirolerweg! Nyd natursk\u00f8nne bjergudsigter og skab uforglemmelige minder i dag!","robots":{"index":"index","follow":"follow","max-snippet":"max-snippet:-1","max-image-preview":"max-image-preview:large","max-video-preview":"max-video-preview:-1"},"canonical":"https:\/\/outdooreurope.eu\/da\/ture\/vandreferie-oestrig-tyrol-transtyrol-selvguidet\/","og_locale":"da_DK","og_type":"article","og_title":"Hike the Tirolerweg: a transtyrol hut-to-hut adventure","og_description":"This eight-day trekking tour on the Transtyrol adventure boasts a remarkable blend of wildly romantic mountain scenery, blooming alpine landscapes,","og_url":"https:\/\/outdooreurope.eu\/da\/ture\/vandreferie-oestrig-tyrol-transtyrol-selvguidet\/","og_site_name":"Outdoor Europe","article_publisher":"https:\/\/www.facebook.com\/outdooreurope.eu","article_modified_time":"2025-04-07T18:14:24+00:00","og_image":[{"width":720,"height":606,"url":"https:\/\/outdooreurope.eu\/wp-content\/uploads\/2024\/01\/austria-tyrol-karwendel-hiker-on-trail-2022-03-08-01-24-27-utc-scaled-e1677098243408-720x606-1.jpg","type":"image\/jpeg"}],"twitter_card":"summary_large_image","twitter_misc":{"Pris":"&euro;1,050","Tilg\u00e6ngelighed":"P\u00e5 lager"},"schema":{"@context":"https:\/\/schema.org","@graph":[{"@type":"WebPage","@id":"https:\/\/outdooreurope.eu\/tours\/hiking-austria-tyrol-transtyrol-self-guided-trekking\/","url":"https:\/\/outdooreurope.eu\/tours\/hiking-austria-tyrol-transtyrol-self-guided-trekking\/","name":"Vandretur Tirolerweg: Otte dage med fantastiske landskaber","isPartOf":{"@id":"https:\/\/outdooreurope.eu\/#website"},"primaryImageOfPage":{"@id":"https:\/\/outdooreurope.eu\/tours\/hiking-austria-tyrol-transtyrol-self-guided-trekking\/#primaryimage"},"image":{"@id":"https:\/\/outdooreurope.eu\/tours\/hiking-austria-tyrol-transtyrol-self-guided-trekking\/#primaryimage"},"thumbnailUrl":"https:\/\/outdooreurope.eu\/wp-content\/uploads\/2024\/01\/austria-tyrol-karwendel-hiker-on-trail-2022-03-08-01-24-27-utc-scaled-e1677098243408-720x606-1.jpg","datePublished":"2024-01-16T12:34:04+00:00","dateModified":"2025-04-07T18:14:24+00:00","description":"Oplev de fantastiske landskaber p\u00e5 din rejse til Hike the Tirolerweg! Nyd natursk\u00f8nne bjergudsigter og skab uforglemmelige minder i dag!","breadcrumb":{"@id":"https:\/\/outdooreurope.eu\/tours\/hiking-austria-tyrol-transtyrol-self-guided-trekking\/#breadcrumb"},"inLanguage":"da-DK","potentialAction":[{"@type":"ReadAction","target":["https:\/\/outdooreurope.eu\/tours\/hiking-austria-tyrol-transtyrol-self-guided-trekking\/"]}]},{"@type":"ImageObject","inLanguage":"da-DK","@id":"https:\/\/outdooreurope.eu\/tours\/hiking-austria-tyrol-transtyrol-self-guided-trekking\/#primaryimage","url":"https:\/\/outdooreurope.eu\/wp-content\/uploads\/2024\/01\/austria-tyrol-karwendel-hiker-on-trail-2022-03-08-01-24-27-utc-scaled-e1677098243408-720x606-1.jpg","contentUrl":"https:\/\/outdooreurope.eu\/wp-content\/uploads\/2024\/01\/austria-tyrol-karwendel-hiker-on-trail-2022-03-08-01-24-27-utc-scaled-e1677098243408-720x606-1.jpg","width":720,"height":606},{"@type":"BreadcrumbList","@id":"https:\/\/outdooreurope.eu\/tours\/hiking-austria-tyrol-transtyrol-self-guided-trekking\/#breadcrumb","itemListElement":[{"@type":"ListItem","position":1,"name":"Hjem","item":"https:\/\/outdooreurope.eu\/"},{"@type":"ListItem","position":2,"name":"Shop","item":"https:\/\/outdooreurope.eu\/shop\/"},{"@type":"ListItem","position":3,"name":"Hike the Tirolerweg: a transtyrol hut-to-hut adventure"}]},{"@type":"WebSite","@id":"https:\/\/outdooreurope.eu\/#website","url":"https:\/\/outdooreurope.eu\/","name":"Udend\u00f8rs Europa","description":"Vandreture i Europa Jeg slutter mig til stien","potentialAction":[{"@type":"SearchAction","target":{"@type":"EntryPoint","urlTemplate":"https:\/\/outdooreurope.eu\/?s={search_term_string}"},"query-input":{"@type":"PropertyValueSpecification","valueRequired":true,"valueName":"search_term_string"}}],"inLanguage":"da-DK"}]},"product_price_amount":"1050","product_price_currency":"EUR","og_availability":"instock","product_availability":"instock","product_retailer_item_id":"15848","product_condition":"new"},"_links":{"self":[{"href":"https:\/\/outdooreurope.eu\/da\/wp-json\/wp\/v2\/product\/15848","targetHints":{"allow":["GET"]}}],"collection":[{"href":"https:\/\/outdooreurope.eu\/da\/wp-json\/wp\/v2\/product"}],"about":[{"href":"https:\/\/outdooreurope.eu\/da\/wp-json\/wp\/v2\/types\/product"}],"replies":[{"embeddable":true,"href":"https:\/\/outdooreurope.eu\/da\/wp-json\/wp\/v2\/comments?post=15848"}],"wp:featuredmedia":[{"embeddable":true,"href":"https:\/\/outdooreurope.eu\/da\/wp-json\/wp\/v2\/media\/15849"}],"wp:attachment":[{"href":"https:\/\/outdooreurope.eu\/da\/wp-json\/wp\/v2\/media?parent=15848"}],"wp:term":[{"taxonomy":"product_brand","embeddable":true,"href":"https:\/\/outdooreurope.eu\/da\/wp-json\/wp\/v2\/product_brand?post=15848"},{"taxonomy":"product_cat","embeddable":true,"href":"https:\/\/outdooreurope.eu\/da\/wp-json\/wp\/v2\/product_cat?post=15848"},{"taxonomy":"product_tag","embeddable":true,"href":"https:\/\/outdooreurope.eu\/da\/wp-json\/wp\/v2\/product_tag?post=15848"}],"curies":[{"name":"wp","href":"https:\/\/api.w.org\/{rel}","templated":true}]}}