{"id":15904,"date":"2024-01-16T14:51:03","date_gmt":"2024-01-16T13:51:03","guid":{"rendered":"https:\/\/outdooreurope.eu\/?post_type=product&#038;p=15904"},"modified":"2025-03-27T08:45:11","modified_gmt":"2025-03-27T07:45:11","slug":"vandreferie-oestrig-wipptal-familievenlig-hytte","status":"publish","type":"product","link":"https:\/\/outdooreurope.eu\/da\/tours\/hiking-austria-wipptal-family-friendly-hut-to-hut-trekking\/","title":{"rendered":"Vandretur i Wipptal: et alpint eventyr for familier"},"content":{"rendered":"<p>Beliggende h\u00f8jt over den maleriske Gschnitztal-dal er denne selv-guidede hytte-tur en hytte-til-hytte vandreeventyr i klassisk stil designet til familier. Det sikrer, at b\u00e5de voksne og b\u00f8rn kan nyde den alpine oplevelse fuldt ud. Den er perfekt egnet til begyndere og afsl\u00f8rer den fredfyldte sk\u00f8nhed i Gschnitztal-regionen, hvor to charmerende bjerghytter venter.<\/p>\n<p><strong>N\u00f8gleh\u00f8jdepunkter:<\/strong><\/p>\n<ul>\n<li><strong>Gennemg\u00e5 roligt terr\u00e6n:<\/strong> Forbind de to hytter via godt anlagte, let skr\u00e5nende stier velegnet til vandrere p\u00e5 alle niveauer. Denne tur tilbyder en fredfyldt flugt, der giver b\u00e5de voksne og b\u00f8rn mulighed for at fordybe sig dybt i Stubai-alpernes uber\u00f8rte sk\u00f8nhed.<\/li>\n<li><strong>Erobre alpine tinder:<\/strong> For familier, der s\u00f8ger en mere eventyrlig udfordring, er muligheden for at bestige fire fantastiske tinder i hjertet af Stubai-alperne tilg\u00e6ngelig. Disse smalle, til tider udsatte stier kr\u00e6ver et godt niveau af kondition, sikker fod og et hoved til h\u00f8jder, hvilket g\u00f8r det til en sp\u00e6ndende udfordring for b\u00e5de unge og gamle.<\/li>\n<li><strong>Problemfri rejse:<\/strong> Start din families rejse nemt med offentlig transport til Trins, hvor transport bekvemt er inkluderet i g\u00e6stekortet fra Innsbruck eller Brenner.<\/li>\n<\/ul>\n<p>Tag ud p\u00e5 dette familievenlige eventyr, hvor de fantastiske landskaber i Gschnitztal-regionen bliver baggrunden for elskede \u00f8jeblikke, der deles med dine k\u00e6re, og skaber varige minder om en alperejse, der henvender sig til alle aldre.<\/p>","protected":false},"excerpt":{"rendered":"<p>Denne selvguidede hyttetur ligger h\u00f8jt over den maleriske Gschnitztal-dal og er et klassisk vandreeventyr fra hytte til hytte, der er omhyggeligt designet til familier. Den sikrer, at b\u00e5de voksne og b\u00f8rn fuldt ud kan nyde den alpine oplevelse. Den er perfekt egnet til begyndere og afsl\u00f8rer den fredfyldte sk\u00f8nhed i Gschnitztal-regionen, hvor to charmerende bjerghytter venter. Vigtigste h\u00f8jdepunkter: Gennemrejse<\/p>\n<div class=\"padding-top text-center\"><a href=\"https:\/\/outdooreurope.eu\/da\/tours\/hiking-austria-wipptal-family-friendly-hut-to-hut-trekking\/\" class=\"atbtn atbtn--medium atbtn--rounded atbtn--transparent\">L\u00e6s mere<i class=\"atbtn__icon atbtn__icon--right fa fa-long-arrow-right\"><\/i><\/a><\/div>","protected":false},"featured_media":15905,"comment_status":"open","ping_status":"closed","template":"","meta":{"_acf_changed":false,"content-type":"","inline_featured_image":false},"product_brand":[],"product_cat":[302],"product_tag":[973,760,779,1076],"class_list":{"0":"post-15904","1":"product","2":"type-product","3":"status-publish","4":"has-post-thumbnail","6":"tour_country-austria","7":"tour_types-hut-to-hut","8":"tour_types-self-guided","9":"tour_types-family","10":"tour_types-active-hotels-and-retreats","11":"product_cat-ukategoriseret","12":"product_tag-austria","13":"product_tag-hiking","14":"product_tag-family","15":"product_tag-dogfriendly","16":"pa_duration-4-nights","17":"tour_category-hiking-in-europe","19":"first","20":"instock","21":"virtual","22":"purchasable","23":"product-type-tour"},"acf":[],"yoast_head":"<!-- This site is optimized with the Yoast SEO Premium plugin v27.4 (Yoast SEO v27.4) - https:\/\/yoast.com\/product\/yoast-seo-premium-wordpress\/ -->\n<title>Hike in Wipptal: an alpine adventure for families - Outdoor Europe<\/title>\n<meta name=\"description\" content=\"Experience the breathtaking beauty of the Stubai Alps when you hike in Wipptal. Perfect for families, start your adventure today!\" \/>\n<meta name=\"robots\" content=\"index, follow, max-snippet:-1, max-image-preview:large, max-video-preview:-1\" \/>\n<link rel=\"canonical\" href=\"https:\/\/outdooreurope.eu\/da\/ture\/vandreferie-oestrig-wipptal-familievenlig-hytte\/\" \/>\n<meta property=\"og:locale\" content=\"da_DK\" \/>\n<meta property=\"og:type\" content=\"article\" \/>\n<meta property=\"og:title\" content=\"Hike in Wipptal: an alpine adventure for families\" \/>\n<meta property=\"og:description\" content=\"Nestled high above the picturesque Gschnitztal valley, this self-guided hut-tour is a classic-style hut-to-hut hiking adventure thoughtfully designed for\" \/>\n<meta property=\"og:url\" content=\"https:\/\/outdooreurope.eu\/da\/ture\/vandreferie-oestrig-wipptal-familievenlig-hytte\/\" \/>\n<meta property=\"og:site_name\" content=\"Outdoor Europe\" \/>\n<meta property=\"article:publisher\" content=\"https:\/\/www.facebook.com\/outdooreurope.eu\" \/>\n<meta property=\"article:modified_time\" content=\"2025-03-27T07:45:11+00:00\" \/>\n<meta property=\"og:image\" content=\"https:\/\/outdooreurope.eu\/wp-content\/uploads\/2024\/01\/Untitled-design-10-720x606-1.jpg\" \/>\n\t<meta property=\"og:image:width\" content=\"720\" \/>\n\t<meta property=\"og:image:height\" content=\"606\" \/>\n\t<meta property=\"og:image:type\" content=\"image\/jpeg\" \/>\n<meta name=\"twitter:card\" content=\"summary_large_image\" \/>\n<meta name=\"twitter:label1\" content=\"Pris\" \/>\n\t<meta name=\"twitter:data1\" content=\"&euro;514\" \/>\n\t<meta name=\"twitter:label2\" content=\"Tilg\u00e6ngelighed\" \/>\n\t<meta name=\"twitter:data2\" content=\"P\u00e5 lager\" \/>\n<script type=\"application\/ld+json\" class=\"yoast-schema-graph\">{\"@context\":\"https:\\\/\\\/schema.org\",\"@graph\":[{\"@type\":\"WebPage\",\"@id\":\"https:\\\/\\\/outdooreurope.eu\\\/tours\\\/hiking-austria-wipptal-family-friendly-hut-to-hut-trekking\\\/\",\"url\":\"https:\\\/\\\/outdooreurope.eu\\\/tours\\\/hiking-austria-wipptal-family-friendly-hut-to-hut-trekking\\\/\",\"name\":\"Hike in Wipptal: an alpine adventure for families - Outdoor Europe\",\"isPartOf\":{\"@id\":\"https:\\\/\\\/outdooreurope.eu\\\/#website\"},\"primaryImageOfPage\":{\"@id\":\"https:\\\/\\\/outdooreurope.eu\\\/tours\\\/hiking-austria-wipptal-family-friendly-hut-to-hut-trekking\\\/#primaryimage\"},\"image\":{\"@id\":\"https:\\\/\\\/outdooreurope.eu\\\/tours\\\/hiking-austria-wipptal-family-friendly-hut-to-hut-trekking\\\/#primaryimage\"},\"thumbnailUrl\":\"https:\\\/\\\/outdooreurope.eu\\\/wp-content\\\/uploads\\\/2024\\\/01\\\/Untitled-design-10-720x606-1.jpg\",\"datePublished\":\"2024-01-16T13:51:03+00:00\",\"dateModified\":\"2025-03-27T07:45:11+00:00\",\"description\":\"Experience the breathtaking beauty of the Stubai Alps when you hike in Wipptal. Perfect for families, start your adventure today!\",\"breadcrumb\":{\"@id\":\"https:\\\/\\\/outdooreurope.eu\\\/tours\\\/hiking-austria-wipptal-family-friendly-hut-to-hut-trekking\\\/#breadcrumb\"},\"inLanguage\":\"da-DK\",\"potentialAction\":[{\"@type\":\"ReadAction\",\"target\":[\"https:\\\/\\\/outdooreurope.eu\\\/tours\\\/hiking-austria-wipptal-family-friendly-hut-to-hut-trekking\\\/\"]}]},{\"@type\":\"ImageObject\",\"inLanguage\":\"da-DK\",\"@id\":\"https:\\\/\\\/outdooreurope.eu\\\/tours\\\/hiking-austria-wipptal-family-friendly-hut-to-hut-trekking\\\/#primaryimage\",\"url\":\"https:\\\/\\\/outdooreurope.eu\\\/wp-content\\\/uploads\\\/2024\\\/01\\\/Untitled-design-10-720x606-1.jpg\",\"contentUrl\":\"https:\\\/\\\/outdooreurope.eu\\\/wp-content\\\/uploads\\\/2024\\\/01\\\/Untitled-design-10-720x606-1.jpg\",\"width\":720,\"height\":606},{\"@type\":\"BreadcrumbList\",\"@id\":\"https:\\\/\\\/outdooreurope.eu\\\/tours\\\/hiking-austria-wipptal-family-friendly-hut-to-hut-trekking\\\/#breadcrumb\",\"itemListElement\":[{\"@type\":\"ListItem\",\"position\":1,\"name\":\"Hjem\",\"item\":\"https:\\\/\\\/outdooreurope.eu\\\/\"},{\"@type\":\"ListItem\",\"position\":2,\"name\":\"Shop\",\"item\":\"https:\\\/\\\/outdooreurope.eu\\\/shop\\\/\"},{\"@type\":\"ListItem\",\"position\":3,\"name\":\"Hike in Wipptal: an alpine adventure for families\"}]},{\"@type\":\"WebSite\",\"@id\":\"https:\\\/\\\/outdooreurope.eu\\\/#website\",\"url\":\"https:\\\/\\\/outdooreurope.eu\\\/\",\"name\":\"Outdoor Europe\",\"description\":\"Hiking In Europe I Join the trail\",\"potentialAction\":[{\"@type\":\"SearchAction\",\"target\":{\"@type\":\"EntryPoint\",\"urlTemplate\":\"https:\\\/\\\/outdooreurope.eu\\\/?s={search_term_string}\"},\"query-input\":{\"@type\":\"PropertyValueSpecification\",\"valueRequired\":true,\"valueName\":\"search_term_string\"}}],\"inLanguage\":\"da-DK\"}]}<\/script>\n<meta property=\"product:price:amount\" content=\"514\" \/>\n<meta property=\"product:price:currency\" content=\"EUR\" \/>\n<meta property=\"og:availability\" content=\"instock\" \/>\n<meta property=\"product:availability\" content=\"instock\" \/>\n<meta property=\"product:retailer_item_id\" content=\"15904\" \/>\n<meta property=\"product:condition\" content=\"new\" \/>\n<!-- \/ Yoast SEO Premium plugin. -->","yoast_head_json":{"title":"Vandretur i Wipptal: et alpine eventyr for familier - Udend\u00f8rs Europa","description":"Oplev Stubaialpernes betagende sk\u00f8nhed, n\u00e5r du vandrer i Wipptal. Perfekt til familier, start dit eventyr i dag!","robots":{"index":"index","follow":"follow","max-snippet":"max-snippet:-1","max-image-preview":"max-image-preview:large","max-video-preview":"max-video-preview:-1"},"canonical":"https:\/\/outdooreurope.eu\/da\/ture\/vandreferie-oestrig-wipptal-familievenlig-hytte\/","og_locale":"da_DK","og_type":"article","og_title":"Hike in Wipptal: an alpine adventure for families","og_description":"Nestled high above the picturesque Gschnitztal valley, this self-guided hut-tour is a classic-style hut-to-hut hiking adventure thoughtfully designed for","og_url":"https:\/\/outdooreurope.eu\/da\/ture\/vandreferie-oestrig-wipptal-familievenlig-hytte\/","og_site_name":"Outdoor Europe","article_publisher":"https:\/\/www.facebook.com\/outdooreurope.eu","article_modified_time":"2025-03-27T07:45:11+00:00","og_image":[{"width":720,"height":606,"url":"https:\/\/outdooreurope.eu\/wp-content\/uploads\/2024\/01\/Untitled-design-10-720x606-1.jpg","type":"image\/jpeg"}],"twitter_card":"summary_large_image","twitter_misc":{"Pris":"&euro;514","Tilg\u00e6ngelighed":"P\u00e5 lager"},"schema":{"@context":"https:\/\/schema.org","@graph":[{"@type":"WebPage","@id":"https:\/\/outdooreurope.eu\/tours\/hiking-austria-wipptal-family-friendly-hut-to-hut-trekking\/","url":"https:\/\/outdooreurope.eu\/tours\/hiking-austria-wipptal-family-friendly-hut-to-hut-trekking\/","name":"Vandretur i Wipptal: et alpine eventyr for familier - Udend\u00f8rs Europa","isPartOf":{"@id":"https:\/\/outdooreurope.eu\/#website"},"primaryImageOfPage":{"@id":"https:\/\/outdooreurope.eu\/tours\/hiking-austria-wipptal-family-friendly-hut-to-hut-trekking\/#primaryimage"},"image":{"@id":"https:\/\/outdooreurope.eu\/tours\/hiking-austria-wipptal-family-friendly-hut-to-hut-trekking\/#primaryimage"},"thumbnailUrl":"https:\/\/outdooreurope.eu\/wp-content\/uploads\/2024\/01\/Untitled-design-10-720x606-1.jpg","datePublished":"2024-01-16T13:51:03+00:00","dateModified":"2025-03-27T07:45:11+00:00","description":"Oplev Stubaialpernes betagende sk\u00f8nhed, n\u00e5r du vandrer i Wipptal. Perfekt til familier, start dit eventyr i dag!","breadcrumb":{"@id":"https:\/\/outdooreurope.eu\/tours\/hiking-austria-wipptal-family-friendly-hut-to-hut-trekking\/#breadcrumb"},"inLanguage":"da-DK","potentialAction":[{"@type":"ReadAction","target":["https:\/\/outdooreurope.eu\/tours\/hiking-austria-wipptal-family-friendly-hut-to-hut-trekking\/"]}]},{"@type":"ImageObject","inLanguage":"da-DK","@id":"https:\/\/outdooreurope.eu\/tours\/hiking-austria-wipptal-family-friendly-hut-to-hut-trekking\/#primaryimage","url":"https:\/\/outdooreurope.eu\/wp-content\/uploads\/2024\/01\/Untitled-design-10-720x606-1.jpg","contentUrl":"https:\/\/outdooreurope.eu\/wp-content\/uploads\/2024\/01\/Untitled-design-10-720x606-1.jpg","width":720,"height":606},{"@type":"BreadcrumbList","@id":"https:\/\/outdooreurope.eu\/tours\/hiking-austria-wipptal-family-friendly-hut-to-hut-trekking\/#breadcrumb","itemListElement":[{"@type":"ListItem","position":1,"name":"Hjem","item":"https:\/\/outdooreurope.eu\/"},{"@type":"ListItem","position":2,"name":"Shop","item":"https:\/\/outdooreurope.eu\/shop\/"},{"@type":"ListItem","position":3,"name":"Hike in Wipptal: an alpine adventure for families"}]},{"@type":"WebSite","@id":"https:\/\/outdooreurope.eu\/#website","url":"https:\/\/outdooreurope.eu\/","name":"Udend\u00f8rs Europa","description":"Vandreture i Europa Jeg slutter mig til stien","potentialAction":[{"@type":"SearchAction","target":{"@type":"EntryPoint","urlTemplate":"https:\/\/outdooreurope.eu\/?s={search_term_string}"},"query-input":{"@type":"PropertyValueSpecification","valueRequired":true,"valueName":"search_term_string"}}],"inLanguage":"da-DK"}]},"product_price_amount":"514","product_price_currency":"EUR","og_availability":"instock","product_availability":"instock","product_retailer_item_id":"15904","product_condition":"new"},"_links":{"self":[{"href":"https:\/\/outdooreurope.eu\/da\/wp-json\/wp\/v2\/product\/15904","targetHints":{"allow":["GET"]}}],"collection":[{"href":"https:\/\/outdooreurope.eu\/da\/wp-json\/wp\/v2\/product"}],"about":[{"href":"https:\/\/outdooreurope.eu\/da\/wp-json\/wp\/v2\/types\/product"}],"replies":[{"embeddable":true,"href":"https:\/\/outdooreurope.eu\/da\/wp-json\/wp\/v2\/comments?post=15904"}],"wp:featuredmedia":[{"embeddable":true,"href":"https:\/\/outdooreurope.eu\/da\/wp-json\/wp\/v2\/media\/15905"}],"wp:attachment":[{"href":"https:\/\/outdooreurope.eu\/da\/wp-json\/wp\/v2\/media?parent=15904"}],"wp:term":[{"taxonomy":"product_brand","embeddable":true,"href":"https:\/\/outdooreurope.eu\/da\/wp-json\/wp\/v2\/product_brand?post=15904"},{"taxonomy":"product_cat","embeddable":true,"href":"https:\/\/outdooreurope.eu\/da\/wp-json\/wp\/v2\/product_cat?post=15904"},{"taxonomy":"product_tag","embeddable":true,"href":"https:\/\/outdooreurope.eu\/da\/wp-json\/wp\/v2\/product_tag?post=15904"}],"curies":[{"name":"wp","href":"https:\/\/api.w.org\/{rel}","templated":true}]}}