{"id":15968,"date":"2024-01-17T05:59:19","date_gmt":"2024-01-17T04:59:19","guid":{"rendered":"https:\/\/outdooreurope.eu\/?post_type=product&#038;p=15968"},"modified":"2025-06-19T10:56:25","modified_gmt":"2025-06-19T08:56:25","slug":"vandreferie-spanien-gaa-caminoen-7-dag","status":"publish","type":"product","link":"https:\/\/outdooreurope.eu\/da\/tours\/hiking-spain-camino-walk-sarria-santiago-self-guided\/","title":{"rendered":"Vandretur Camino Franc\u00e9s: fra Sarria til Santiago"},"content":{"rendered":"<p><strong>Vandre Camino Franc\u00e9s. <\/strong>Camino Franc\u00e9s, is\u00e6r str\u00e6kningen fra Sarria til Santiago, st\u00e5r som en uovertruffen pilgrimsrejseoplevelse. Den snor sig gennem de fortryllende landskaber i det nordlige Spanien og tilbyder en betagende blanding af uber\u00f8rt natursk\u00f8nhed og dybt rodf\u00e6stet kulturarv.<\/p>\n<p><strong>Turens h\u00f8jdepunkter:<\/strong><\/p>\n<ul>\n<li><strong>Historisk pilgrimsrute:<\/strong> Vandre langs den historiske Camino Franc\u00e9s, og f\u00f8lg i utallige pilgrimmes fodspor gennem tiderne.<\/li>\n<li><strong>Kulturel fordybelse:<\/strong> Fordyb dig i den rige spanske kultur. Rejs gennem charmerende landsbyer og historiske byer langs ruten, og f\u00e5 indblik i lokal arkitektur, og nyd l\u00e6kker mad.<\/li>\n<li><strong>Tilg\u00e6ngeligt eventyr:<\/strong> Pilgrimsrejsen fra Sarria til Santiago er kendt for sit blide og tilg\u00e6ngelige terr\u00e6n, hvilket g\u00f8r den velegnet til b\u00e5de f\u00f8rstegangspilgrimme og erfarne rejsende.<\/li>\n<\/ul>","protected":false},"excerpt":{"rendered":"<p>Vandre langs Camino Franc\u00e9s. Camino Franc\u00e9s, is\u00e6r str\u00e6kningen fra Sarria til Santiago, st\u00e5r som en uovertruffen pilgrimsrejseoplevelse. Den snor sig gennem de fortryllende landskaber i det nordlige Spanien og tilbyder en betagende blanding af uber\u00f8rt natursk\u00f8nhed og dybt rodf\u00e6stet kulturarv. Turens h\u00f8jdepunkter: Historisk pilgrimsrute: Vandre langs den historiske Camino Franc\u00e9s, og gentag sporene<\/p>\n<div class=\"padding-top text-center\"><a href=\"https:\/\/outdooreurope.eu\/da\/tours\/hiking-spain-camino-walk-sarria-santiago-self-guided\/\" class=\"atbtn atbtn--medium atbtn--rounded atbtn--transparent\">L\u00e6s mere<i class=\"atbtn__icon atbtn__icon--right fa fa-long-arrow-right\"><\/i><\/a><\/div>","protected":false},"featured_media":15969,"comment_status":"open","ping_status":"closed","template":"","meta":{"_acf_changed":false,"content-type":"","inline_featured_image":false},"product_brand":[],"product_cat":[302,1181],"product_tag":[],"class_list":{"0":"post-15968","1":"product","2":"type-product","3":"status-publish","4":"has-post-thumbnail","6":"tour_country-spain","7":"tour_types-hut-to-hut","8":"tour_types-self-guided","9":"tour_types-family","10":"product_cat-ukategoriseret","11":"product_cat-lastminutesummer","12":"pa_duration-6-nights","13":"tour_category-hiking-in-europe","15":"first","16":"instock","17":"shipping-taxable","18":"purchasable","19":"product-type-tour"},"acf":[],"yoast_head":"<!-- This site is optimized with the Yoast SEO Premium plugin v27.4 (Yoast SEO v27.4) - https:\/\/yoast.com\/product\/yoast-seo-premium-wordpress\/ -->\n<title>Hike the Camino Franc\u00e9s<\/title>\n<meta name=\"description\" content=\"Discover the beauty of Spain while you hike the Camino from Sarria to Santiago. Join this magical pilgrimage and connect with fellow travelers!\" \/>\n<meta name=\"robots\" content=\"index, follow, max-snippet:-1, max-image-preview:large, max-video-preview:-1\" \/>\n<link rel=\"canonical\" href=\"https:\/\/outdooreurope.eu\/da\/ture\/vandreferie-spanien-gaa-caminoen-7-dag\/\" \/>\n<meta property=\"og:locale\" content=\"da_DK\" \/>\n<meta property=\"og:type\" content=\"article\" \/>\n<meta property=\"og:title\" content=\"Hike the Camino Franc\u00e9s: from Sarria to Santiago\" \/>\n<meta property=\"og:description\" content=\"Hike the Camino Franc\u00e9s. The Camino Franc\u00e9s, particularly the stretch from Sarria to Santiago, stands as an unparalleled pilgrimage experience. It threads\" \/>\n<meta property=\"og:url\" content=\"https:\/\/outdooreurope.eu\/da\/ture\/vandreferie-spanien-gaa-caminoen-7-dag\/\" \/>\n<meta property=\"og:site_name\" content=\"Outdoor Europe\" \/>\n<meta property=\"article:publisher\" content=\"https:\/\/www.facebook.com\/outdooreurope.eu\" \/>\n<meta property=\"article:modified_time\" content=\"2025-06-19T08:56:25+00:00\" \/>\n<meta property=\"og:image\" content=\"https:\/\/outdooreurope.eu\/wp-content\/uploads\/2024\/01\/observing-the-sunset-2021-10-21-22-34-38-utc-scaled-720x606-1.jpg\" \/>\n\t<meta property=\"og:image:width\" content=\"720\" \/>\n\t<meta property=\"og:image:height\" content=\"606\" \/>\n\t<meta property=\"og:image:type\" content=\"image\/jpeg\" \/>\n<meta name=\"twitter:card\" content=\"summary_large_image\" \/>\n<meta name=\"twitter:label1\" content=\"Pris\" \/>\n\t<meta name=\"twitter:data1\" content=\"&euro;895\" \/>\n\t<meta name=\"twitter:label2\" content=\"Tilg\u00e6ngelighed\" \/>\n\t<meta name=\"twitter:data2\" content=\"P\u00e5 lager\" \/>\n<script type=\"application\/ld+json\" class=\"yoast-schema-graph\">{\"@context\":\"https:\\\/\\\/schema.org\",\"@graph\":[{\"@type\":\"WebPage\",\"@id\":\"https:\\\/\\\/outdooreurope.eu\\\/tours\\\/hiking-spain-camino-walk-sarria-santiago-self-guided\\\/\",\"url\":\"https:\\\/\\\/outdooreurope.eu\\\/tours\\\/hiking-spain-camino-walk-sarria-santiago-self-guided\\\/\",\"name\":\"Hike the Camino Franc\u00e9s\",\"isPartOf\":{\"@id\":\"https:\\\/\\\/outdooreurope.eu\\\/#website\"},\"primaryImageOfPage\":{\"@id\":\"https:\\\/\\\/outdooreurope.eu\\\/tours\\\/hiking-spain-camino-walk-sarria-santiago-self-guided\\\/#primaryimage\"},\"image\":{\"@id\":\"https:\\\/\\\/outdooreurope.eu\\\/tours\\\/hiking-spain-camino-walk-sarria-santiago-self-guided\\\/#primaryimage\"},\"thumbnailUrl\":\"https:\\\/\\\/outdooreurope.eu\\\/wp-content\\\/uploads\\\/2024\\\/01\\\/observing-the-sunset-2021-10-21-22-34-38-utc-scaled-720x606-1.jpg\",\"datePublished\":\"2024-01-17T04:59:19+00:00\",\"dateModified\":\"2025-06-19T08:56:25+00:00\",\"description\":\"Discover the beauty of Spain while you hike the Camino from Sarria to Santiago. Join this magical pilgrimage and connect with fellow travelers!\",\"breadcrumb\":{\"@id\":\"https:\\\/\\\/outdooreurope.eu\\\/tours\\\/hiking-spain-camino-walk-sarria-santiago-self-guided\\\/#breadcrumb\"},\"inLanguage\":\"da-DK\",\"potentialAction\":[{\"@type\":\"ReadAction\",\"target\":[\"https:\\\/\\\/outdooreurope.eu\\\/tours\\\/hiking-spain-camino-walk-sarria-santiago-self-guided\\\/\"]}]},{\"@type\":\"ImageObject\",\"inLanguage\":\"da-DK\",\"@id\":\"https:\\\/\\\/outdooreurope.eu\\\/tours\\\/hiking-spain-camino-walk-sarria-santiago-self-guided\\\/#primaryimage\",\"url\":\"https:\\\/\\\/outdooreurope.eu\\\/wp-content\\\/uploads\\\/2024\\\/01\\\/observing-the-sunset-2021-10-21-22-34-38-utc-scaled-720x606-1.jpg\",\"contentUrl\":\"https:\\\/\\\/outdooreurope.eu\\\/wp-content\\\/uploads\\\/2024\\\/01\\\/observing-the-sunset-2021-10-21-22-34-38-utc-scaled-720x606-1.jpg\",\"width\":720,\"height\":606},{\"@type\":\"BreadcrumbList\",\"@id\":\"https:\\\/\\\/outdooreurope.eu\\\/tours\\\/hiking-spain-camino-walk-sarria-santiago-self-guided\\\/#breadcrumb\",\"itemListElement\":[{\"@type\":\"ListItem\",\"position\":1,\"name\":\"Hjem\",\"item\":\"https:\\\/\\\/outdooreurope.eu\\\/\"},{\"@type\":\"ListItem\",\"position\":2,\"name\":\"Shop\",\"item\":\"https:\\\/\\\/outdooreurope.eu\\\/shop\\\/\"},{\"@type\":\"ListItem\",\"position\":3,\"name\":\"Hike the Camino Franc\u00e9s: from Sarria to Santiago\"}]},{\"@type\":\"WebSite\",\"@id\":\"https:\\\/\\\/outdooreurope.eu\\\/#website\",\"url\":\"https:\\\/\\\/outdooreurope.eu\\\/\",\"name\":\"Outdoor Europe\",\"description\":\"Hiking In Europe I Join the trail\",\"potentialAction\":[{\"@type\":\"SearchAction\",\"target\":{\"@type\":\"EntryPoint\",\"urlTemplate\":\"https:\\\/\\\/outdooreurope.eu\\\/?s={search_term_string}\"},\"query-input\":{\"@type\":\"PropertyValueSpecification\",\"valueRequired\":true,\"valueName\":\"search_term_string\"}}],\"inLanguage\":\"da-DK\"}]}<\/script>\n<meta property=\"product:price:amount\" content=\"895\" \/>\n<meta property=\"product:price:currency\" content=\"EUR\" \/>\n<meta property=\"og:availability\" content=\"instock\" \/>\n<meta property=\"product:availability\" content=\"instock\" \/>\n<meta property=\"product:retailer_item_id\" content=\"15968\" \/>\n<meta property=\"product:condition\" content=\"new\" \/>\n<!-- \/ Yoast SEO Premium plugin. -->","yoast_head_json":{"title":"Vandretur Camino Franc\u00e9s","description":"Oplev Spaniens sk\u00f8nhed, mens du vandrer p\u00e5 Caminoen fra Sarria til Santiago. Deltag i denne magiske pilgrimsrejse og f\u00e5 kontakt med andre rejsende!","robots":{"index":"index","follow":"follow","max-snippet":"max-snippet:-1","max-image-preview":"max-image-preview:large","max-video-preview":"max-video-preview:-1"},"canonical":"https:\/\/outdooreurope.eu\/da\/ture\/vandreferie-spanien-gaa-caminoen-7-dag\/","og_locale":"da_DK","og_type":"article","og_title":"Hike the Camino Franc\u00e9s: from Sarria to Santiago","og_description":"Hike the Camino Franc\u00e9s. The Camino Franc\u00e9s, particularly the stretch from Sarria to Santiago, stands as an unparalleled pilgrimage experience. It threads","og_url":"https:\/\/outdooreurope.eu\/da\/ture\/vandreferie-spanien-gaa-caminoen-7-dag\/","og_site_name":"Outdoor Europe","article_publisher":"https:\/\/www.facebook.com\/outdooreurope.eu","article_modified_time":"2025-06-19T08:56:25+00:00","og_image":[{"width":720,"height":606,"url":"https:\/\/outdooreurope.eu\/wp-content\/uploads\/2024\/01\/observing-the-sunset-2021-10-21-22-34-38-utc-scaled-720x606-1.jpg","type":"image\/jpeg"}],"twitter_card":"summary_large_image","twitter_misc":{"Pris":"&euro;895","Tilg\u00e6ngelighed":"P\u00e5 lager"},"schema":{"@context":"https:\/\/schema.org","@graph":[{"@type":"WebPage","@id":"https:\/\/outdooreurope.eu\/tours\/hiking-spain-camino-walk-sarria-santiago-self-guided\/","url":"https:\/\/outdooreurope.eu\/tours\/hiking-spain-camino-walk-sarria-santiago-self-guided\/","name":"Vandretur Camino Franc\u00e9s","isPartOf":{"@id":"https:\/\/outdooreurope.eu\/#website"},"primaryImageOfPage":{"@id":"https:\/\/outdooreurope.eu\/tours\/hiking-spain-camino-walk-sarria-santiago-self-guided\/#primaryimage"},"image":{"@id":"https:\/\/outdooreurope.eu\/tours\/hiking-spain-camino-walk-sarria-santiago-self-guided\/#primaryimage"},"thumbnailUrl":"https:\/\/outdooreurope.eu\/wp-content\/uploads\/2024\/01\/observing-the-sunset-2021-10-21-22-34-38-utc-scaled-720x606-1.jpg","datePublished":"2024-01-17T04:59:19+00:00","dateModified":"2025-06-19T08:56:25+00:00","description":"Oplev Spaniens sk\u00f8nhed, mens du vandrer p\u00e5 Caminoen fra Sarria til Santiago. Deltag i denne magiske pilgrimsrejse og f\u00e5 kontakt med andre rejsende!","breadcrumb":{"@id":"https:\/\/outdooreurope.eu\/tours\/hiking-spain-camino-walk-sarria-santiago-self-guided\/#breadcrumb"},"inLanguage":"da-DK","potentialAction":[{"@type":"ReadAction","target":["https:\/\/outdooreurope.eu\/tours\/hiking-spain-camino-walk-sarria-santiago-self-guided\/"]}]},{"@type":"ImageObject","inLanguage":"da-DK","@id":"https:\/\/outdooreurope.eu\/tours\/hiking-spain-camino-walk-sarria-santiago-self-guided\/#primaryimage","url":"https:\/\/outdooreurope.eu\/wp-content\/uploads\/2024\/01\/observing-the-sunset-2021-10-21-22-34-38-utc-scaled-720x606-1.jpg","contentUrl":"https:\/\/outdooreurope.eu\/wp-content\/uploads\/2024\/01\/observing-the-sunset-2021-10-21-22-34-38-utc-scaled-720x606-1.jpg","width":720,"height":606},{"@type":"BreadcrumbList","@id":"https:\/\/outdooreurope.eu\/tours\/hiking-spain-camino-walk-sarria-santiago-self-guided\/#breadcrumb","itemListElement":[{"@type":"ListItem","position":1,"name":"Hjem","item":"https:\/\/outdooreurope.eu\/"},{"@type":"ListItem","position":2,"name":"Shop","item":"https:\/\/outdooreurope.eu\/shop\/"},{"@type":"ListItem","position":3,"name":"Hike the Camino Franc\u00e9s: from Sarria to Santiago"}]},{"@type":"WebSite","@id":"https:\/\/outdooreurope.eu\/#website","url":"https:\/\/outdooreurope.eu\/","name":"Udend\u00f8rs Europa","description":"Vandreture i Europa Jeg slutter mig til stien","potentialAction":[{"@type":"SearchAction","target":{"@type":"EntryPoint","urlTemplate":"https:\/\/outdooreurope.eu\/?s={search_term_string}"},"query-input":{"@type":"PropertyValueSpecification","valueRequired":true,"valueName":"search_term_string"}}],"inLanguage":"da-DK"}]},"product_price_amount":"895","product_price_currency":"EUR","og_availability":"instock","product_availability":"instock","product_retailer_item_id":"15968","product_condition":"new"},"_links":{"self":[{"href":"https:\/\/outdooreurope.eu\/da\/wp-json\/wp\/v2\/product\/15968","targetHints":{"allow":["GET"]}}],"collection":[{"href":"https:\/\/outdooreurope.eu\/da\/wp-json\/wp\/v2\/product"}],"about":[{"href":"https:\/\/outdooreurope.eu\/da\/wp-json\/wp\/v2\/types\/product"}],"replies":[{"embeddable":true,"href":"https:\/\/outdooreurope.eu\/da\/wp-json\/wp\/v2\/comments?post=15968"}],"wp:featuredmedia":[{"embeddable":true,"href":"https:\/\/outdooreurope.eu\/da\/wp-json\/wp\/v2\/media\/15969"}],"wp:attachment":[{"href":"https:\/\/outdooreurope.eu\/da\/wp-json\/wp\/v2\/media?parent=15968"}],"wp:term":[{"taxonomy":"product_brand","embeddable":true,"href":"https:\/\/outdooreurope.eu\/da\/wp-json\/wp\/v2\/product_brand?post=15968"},{"taxonomy":"product_cat","embeddable":true,"href":"https:\/\/outdooreurope.eu\/da\/wp-json\/wp\/v2\/product_cat?post=15968"},{"taxonomy":"product_tag","embeddable":true,"href":"https:\/\/outdooreurope.eu\/da\/wp-json\/wp\/v2\/product_tag?post=15968"}],"curies":[{"name":"wp","href":"https:\/\/api.w.org\/{rel}","templated":true}]}}