{"id":16047,"date":"2024-01-17T07:53:47","date_gmt":"2024-01-17T06:53:47","guid":{"rendered":"https:\/\/outdooreurope.eu\/?post_type=product&#038;p=16047"},"modified":"2025-03-27T08:17:01","modified_gmt":"2025-03-27T07:17:01","slug":"vandreture-schweiz-valais-graubunden-trekking","status":"publish","type":"product","link":"https:\/\/outdooreurope.eu\/da\/tours\/hiking-switzerland-valais-graubunden-trekking\/","title":{"rendered":"Vandretur de alpine pas i Valais og Graubunden: en h\u00f8jalpin rejse"},"content":{"rendered":"<p><strong>K\u00f8r gennem de majest\u00e6tiske alpine pas p\u00e5 8 dage<\/strong><\/p>\n<p>Alpine Passes Trail er en bem\u00e6rkelsesv\u00e6rdig odyss\u00e9, der v\u00e6ver de mest fantastiske dale i Valais og Graubunden sammen. Dit eventyr begynder i Binntal, en dr\u00f8mmedal og et naturreservat. Det fortryllende landskab folder sig ud og byder p\u00e5 den f\u00f8rste smag af alpine storhed.<\/p>\n<p><strong>N\u00f8gleh\u00f8jdepunkter:<\/strong><\/p>\n<ul>\n<li><strong>Rejselyst i h\u00f8j h\u00f8jde:<\/strong> Stig op til n\u00e6sten 3.000 meter, mens du krydser Salfischpasset, hvor \u00e6refrygtindgydende udsigt over sned\u00e6kkede Valais-toppe byder dig velkommen. Rejsens afslutning er et barskt, klippefyldt terr\u00e6n, hvor fort\u00e6llingerne om dristige bjergbestigere blev f\u00f8dt, i Mattertal- og Val d&#039;Anniviers-dalene.<\/li>\n<li><strong>Magi fra pas til pas:<\/strong> Alpine Passes Trail forener de smukkeste pas i Graubunden og Valais Alperne og sp\u00e6nder over utrolige 43 etaper. Fra det idylliske Greina-plateau til de f\u00e6ngslende pas og s\u00f8er ved bunden af Dents du Midi rummer hvert trin en ny \u00e5benbaring.<\/li>\n<li><strong>Opdag nye verdener:<\/strong> Vandring over pas er en unik forf\u00f8lgelse, drevet af nysgerrighed. Det handler ikke om erobringer p\u00e5 topm\u00f8der; det handler om at afsl\u00f8re de hemmeligheder, hver pas skjuler p\u00e5 sin anden side. Med hver dal krydset forlader du en verden og omfavner en ny.<\/li>\n<\/ul>\n<p>&nbsp;<\/p>","protected":false},"excerpt":{"rendered":"<p>Rejs gennem de majest\u00e6tiske alpepas p\u00e5 8 dage. Alpepassruten er en bem\u00e6rkelsesv\u00e6rdig odyss\u00e9, der forbinder de mest fantastiske dale i Valais og Graub\u00fcnden. Dit eventyr begynder i Binntal, en dr\u00f8mmedal og et naturreservat. Det fortryllende landskab udfolder sig og giver den f\u00f8rste smagspr\u00f8ve p\u00e5 alpin storhed. Vigtigste h\u00f8jdepunkter: Rejsetrang i h\u00f8jden:<\/p>\n<div class=\"padding-top text-center\"><a href=\"https:\/\/outdooreurope.eu\/da\/tours\/hiking-switzerland-valais-graubunden-trekking\/\" class=\"atbtn atbtn--medium atbtn--rounded atbtn--transparent\">L\u00e6s mere<i class=\"atbtn__icon atbtn__icon--right fa fa-long-arrow-right\"><\/i><\/a><\/div>","protected":false},"featured_media":16048,"comment_status":"open","ping_status":"closed","template":"","meta":{"_acf_changed":false,"content-type":"","inline_featured_image":false},"product_brand":[],"product_cat":[302],"product_tag":[760,950,955,961],"class_list":{"0":"post-16047","1":"product","2":"type-product","3":"status-publish","4":"has-post-thumbnail","6":"tour_country-switzerland","7":"tour_types-hut-to-hut","8":"tour_types-self-guided","9":"product_cat-ukategoriseret","10":"product_tag-hiking","11":"product_tag-trail","12":"product_tag-switzerland","13":"product_tag-alpine","14":"pa_duration-5-nights","15":"tour_category-hiking-in-europe","16":"tour_category-alpinism","18":"first","19":"instock","20":"virtual","21":"purchasable","22":"product-type-tour"},"acf":[],"yoast_head":"<!-- This site is optimized with the Yoast SEO Premium plugin v27.4 (Yoast SEO v27.4) - https:\/\/yoast.com\/product\/yoast-seo-premium-wordpress\/ -->\n<title>Hike the Alpine Passes of Valais and Graubunden Adventure - Outdoor Europe<\/title>\n<meta name=\"description\" content=\"Challenge yourself with an exhilarating trek as you hike the Alpine Passes of Valais and Graubunden. Make memories amidst stunning landscapes! \ud83c\udf04\" \/>\n<meta name=\"robots\" content=\"index, follow, max-snippet:-1, max-image-preview:large, max-video-preview:-1\" \/>\n<link rel=\"canonical\" href=\"https:\/\/outdooreurope.eu\/da\/ture\/vandreture-schweiz-valais-graubunden-trekking\/\" \/>\n<meta property=\"og:locale\" content=\"da_DK\" \/>\n<meta property=\"og:type\" content=\"article\" \/>\n<meta property=\"og:title\" content=\"Hike the alpine passes of Valais and Graubunden: a high alpine journey\" \/>\n<meta property=\"og:description\" content=\"Traverse the Majestic Alpine Passes in 8 Days The Alpine Passes Trail is a remarkable odyssey that weaves together the most stunning valleys of Valais and\" \/>\n<meta property=\"og:url\" content=\"https:\/\/outdooreurope.eu\/da\/ture\/vandreture-schweiz-valais-graubunden-trekking\/\" \/>\n<meta property=\"og:site_name\" content=\"Outdoor Europe\" \/>\n<meta property=\"article:publisher\" content=\"https:\/\/www.facebook.com\/outdooreurope.eu\" \/>\n<meta property=\"article:modified_time\" content=\"2025-03-27T07:17:01+00:00\" \/>\n<meta property=\"og:image\" content=\"https:\/\/outdooreurope.eu\/wp-content\/uploads\/2024\/01\/saas-balen-wanderer_52342816355_o-scaled-720x606-1.jpg\" \/>\n\t<meta property=\"og:image:width\" content=\"720\" \/>\n\t<meta property=\"og:image:height\" content=\"606\" \/>\n\t<meta property=\"og:image:type\" content=\"image\/jpeg\" \/>\n<meta name=\"twitter:card\" content=\"summary_large_image\" \/>\n<meta name=\"twitter:label1\" content=\"Pris\" \/>\n\t<meta name=\"twitter:data1\" content=\"&euro;1,525\" \/>\n\t<meta name=\"twitter:label2\" content=\"Tilg\u00e6ngelighed\" \/>\n\t<meta name=\"twitter:data2\" content=\"P\u00e5 lager\" \/>\n<script type=\"application\/ld+json\" class=\"yoast-schema-graph\">{\"@context\":\"https:\\\/\\\/schema.org\",\"@graph\":[{\"@type\":\"WebPage\",\"@id\":\"https:\\\/\\\/outdooreurope.eu\\\/tours\\\/hiking-switzerland-valais-graubunden-trekking\\\/\",\"url\":\"https:\\\/\\\/outdooreurope.eu\\\/tours\\\/hiking-switzerland-valais-graubunden-trekking\\\/\",\"name\":\"Hike the Alpine Passes of Valais and Graubunden Adventure - Outdoor Europe\",\"isPartOf\":{\"@id\":\"https:\\\/\\\/outdooreurope.eu\\\/#website\"},\"primaryImageOfPage\":{\"@id\":\"https:\\\/\\\/outdooreurope.eu\\\/tours\\\/hiking-switzerland-valais-graubunden-trekking\\\/#primaryimage\"},\"image\":{\"@id\":\"https:\\\/\\\/outdooreurope.eu\\\/tours\\\/hiking-switzerland-valais-graubunden-trekking\\\/#primaryimage\"},\"thumbnailUrl\":\"https:\\\/\\\/outdooreurope.eu\\\/wp-content\\\/uploads\\\/2024\\\/01\\\/saas-balen-wanderer_52342816355_o-scaled-720x606-1.jpg\",\"datePublished\":\"2024-01-17T06:53:47+00:00\",\"dateModified\":\"2025-03-27T07:17:01+00:00\",\"description\":\"Challenge yourself with an exhilarating trek as you hike the Alpine Passes of Valais and Graubunden. Make memories amidst stunning landscapes! \ud83c\udf04\",\"breadcrumb\":{\"@id\":\"https:\\\/\\\/outdooreurope.eu\\\/tours\\\/hiking-switzerland-valais-graubunden-trekking\\\/#breadcrumb\"},\"inLanguage\":\"da-DK\",\"potentialAction\":[{\"@type\":\"ReadAction\",\"target\":[\"https:\\\/\\\/outdooreurope.eu\\\/tours\\\/hiking-switzerland-valais-graubunden-trekking\\\/\"]}]},{\"@type\":\"ImageObject\",\"inLanguage\":\"da-DK\",\"@id\":\"https:\\\/\\\/outdooreurope.eu\\\/tours\\\/hiking-switzerland-valais-graubunden-trekking\\\/#primaryimage\",\"url\":\"https:\\\/\\\/outdooreurope.eu\\\/wp-content\\\/uploads\\\/2024\\\/01\\\/saas-balen-wanderer_52342816355_o-scaled-720x606-1.jpg\",\"contentUrl\":\"https:\\\/\\\/outdooreurope.eu\\\/wp-content\\\/uploads\\\/2024\\\/01\\\/saas-balen-wanderer_52342816355_o-scaled-720x606-1.jpg\",\"width\":720,\"height\":606},{\"@type\":\"BreadcrumbList\",\"@id\":\"https:\\\/\\\/outdooreurope.eu\\\/tours\\\/hiking-switzerland-valais-graubunden-trekking\\\/#breadcrumb\",\"itemListElement\":[{\"@type\":\"ListItem\",\"position\":1,\"name\":\"Hjem\",\"item\":\"https:\\\/\\\/outdooreurope.eu\\\/\"},{\"@type\":\"ListItem\",\"position\":2,\"name\":\"Shop\",\"item\":\"https:\\\/\\\/outdooreurope.eu\\\/shop\\\/\"},{\"@type\":\"ListItem\",\"position\":3,\"name\":\"Hike the alpine passes of Valais and Graubunden: a high alpine journey\"}]},{\"@type\":\"WebSite\",\"@id\":\"https:\\\/\\\/outdooreurope.eu\\\/#website\",\"url\":\"https:\\\/\\\/outdooreurope.eu\\\/\",\"name\":\"Outdoor Europe\",\"description\":\"Hiking In Europe I Join the trail\",\"potentialAction\":[{\"@type\":\"SearchAction\",\"target\":{\"@type\":\"EntryPoint\",\"urlTemplate\":\"https:\\\/\\\/outdooreurope.eu\\\/?s={search_term_string}\"},\"query-input\":{\"@type\":\"PropertyValueSpecification\",\"valueRequired\":true,\"valueName\":\"search_term_string\"}}],\"inLanguage\":\"da-DK\"}]}<\/script>\n<meta property=\"product:price:amount\" content=\"1525\" \/>\n<meta property=\"product:price:currency\" content=\"EUR\" \/>\n<meta property=\"og:availability\" content=\"instock\" \/>\n<meta property=\"product:availability\" content=\"instock\" \/>\n<meta property=\"product:retailer_item_id\" content=\"16047\" \/>\n<meta property=\"product:condition\" content=\"new\" \/>\n<!-- \/ Yoast SEO Premium plugin. -->","yoast_head_json":{"title":"Vandretur de alpine pas i Valais og Graubunden Adventure - Outdoor Europe","description":"Udfordr dig selv med en sp\u00e6ndende vandring, mens du vandre de alpine pas i Valais og Graubunden. Skab minder midt i fantastiske landskaber! \ud83c\udf04","robots":{"index":"index","follow":"follow","max-snippet":"max-snippet:-1","max-image-preview":"max-image-preview:large","max-video-preview":"max-video-preview:-1"},"canonical":"https:\/\/outdooreurope.eu\/da\/ture\/vandreture-schweiz-valais-graubunden-trekking\/","og_locale":"da_DK","og_type":"article","og_title":"Hike the alpine passes of Valais and Graubunden: a high alpine journey","og_description":"Traverse the Majestic Alpine Passes in 8 Days The Alpine Passes Trail is a remarkable odyssey that weaves together the most stunning valleys of Valais and","og_url":"https:\/\/outdooreurope.eu\/da\/ture\/vandreture-schweiz-valais-graubunden-trekking\/","og_site_name":"Outdoor Europe","article_publisher":"https:\/\/www.facebook.com\/outdooreurope.eu","article_modified_time":"2025-03-27T07:17:01+00:00","og_image":[{"width":720,"height":606,"url":"https:\/\/outdooreurope.eu\/wp-content\/uploads\/2024\/01\/saas-balen-wanderer_52342816355_o-scaled-720x606-1.jpg","type":"image\/jpeg"}],"twitter_card":"summary_large_image","twitter_misc":{"Pris":"&euro;1,525","Tilg\u00e6ngelighed":"P\u00e5 lager"},"schema":{"@context":"https:\/\/schema.org","@graph":[{"@type":"WebPage","@id":"https:\/\/outdooreurope.eu\/tours\/hiking-switzerland-valais-graubunden-trekking\/","url":"https:\/\/outdooreurope.eu\/tours\/hiking-switzerland-valais-graubunden-trekking\/","name":"Vandretur de alpine pas i Valais og Graubunden Adventure - Outdoor Europe","isPartOf":{"@id":"https:\/\/outdooreurope.eu\/#website"},"primaryImageOfPage":{"@id":"https:\/\/outdooreurope.eu\/tours\/hiking-switzerland-valais-graubunden-trekking\/#primaryimage"},"image":{"@id":"https:\/\/outdooreurope.eu\/tours\/hiking-switzerland-valais-graubunden-trekking\/#primaryimage"},"thumbnailUrl":"https:\/\/outdooreurope.eu\/wp-content\/uploads\/2024\/01\/saas-balen-wanderer_52342816355_o-scaled-720x606-1.jpg","datePublished":"2024-01-17T06:53:47+00:00","dateModified":"2025-03-27T07:17:01+00:00","description":"Udfordr dig selv med en sp\u00e6ndende vandring, mens du vandre de alpine pas i Valais og Graubunden. Skab minder midt i fantastiske landskaber! \ud83c\udf04","breadcrumb":{"@id":"https:\/\/outdooreurope.eu\/tours\/hiking-switzerland-valais-graubunden-trekking\/#breadcrumb"},"inLanguage":"da-DK","potentialAction":[{"@type":"ReadAction","target":["https:\/\/outdooreurope.eu\/tours\/hiking-switzerland-valais-graubunden-trekking\/"]}]},{"@type":"ImageObject","inLanguage":"da-DK","@id":"https:\/\/outdooreurope.eu\/tours\/hiking-switzerland-valais-graubunden-trekking\/#primaryimage","url":"https:\/\/outdooreurope.eu\/wp-content\/uploads\/2024\/01\/saas-balen-wanderer_52342816355_o-scaled-720x606-1.jpg","contentUrl":"https:\/\/outdooreurope.eu\/wp-content\/uploads\/2024\/01\/saas-balen-wanderer_52342816355_o-scaled-720x606-1.jpg","width":720,"height":606},{"@type":"BreadcrumbList","@id":"https:\/\/outdooreurope.eu\/tours\/hiking-switzerland-valais-graubunden-trekking\/#breadcrumb","itemListElement":[{"@type":"ListItem","position":1,"name":"Hjem","item":"https:\/\/outdooreurope.eu\/"},{"@type":"ListItem","position":2,"name":"Shop","item":"https:\/\/outdooreurope.eu\/shop\/"},{"@type":"ListItem","position":3,"name":"Hike the alpine passes of Valais and Graubunden: a high alpine journey"}]},{"@type":"WebSite","@id":"https:\/\/outdooreurope.eu\/#website","url":"https:\/\/outdooreurope.eu\/","name":"Udend\u00f8rs Europa","description":"Vandreture i Europa Jeg slutter mig til stien","potentialAction":[{"@type":"SearchAction","target":{"@type":"EntryPoint","urlTemplate":"https:\/\/outdooreurope.eu\/?s={search_term_string}"},"query-input":{"@type":"PropertyValueSpecification","valueRequired":true,"valueName":"search_term_string"}}],"inLanguage":"da-DK"}]},"product_price_amount":"1525","product_price_currency":"EUR","og_availability":"instock","product_availability":"instock","product_retailer_item_id":"16047","product_condition":"new"},"_links":{"self":[{"href":"https:\/\/outdooreurope.eu\/da\/wp-json\/wp\/v2\/product\/16047","targetHints":{"allow":["GET"]}}],"collection":[{"href":"https:\/\/outdooreurope.eu\/da\/wp-json\/wp\/v2\/product"}],"about":[{"href":"https:\/\/outdooreurope.eu\/da\/wp-json\/wp\/v2\/types\/product"}],"replies":[{"embeddable":true,"href":"https:\/\/outdooreurope.eu\/da\/wp-json\/wp\/v2\/comments?post=16047"}],"wp:featuredmedia":[{"embeddable":true,"href":"https:\/\/outdooreurope.eu\/da\/wp-json\/wp\/v2\/media\/16048"}],"wp:attachment":[{"href":"https:\/\/outdooreurope.eu\/da\/wp-json\/wp\/v2\/media?parent=16047"}],"wp:term":[{"taxonomy":"product_brand","embeddable":true,"href":"https:\/\/outdooreurope.eu\/da\/wp-json\/wp\/v2\/product_brand?post=16047"},{"taxonomy":"product_cat","embeddable":true,"href":"https:\/\/outdooreurope.eu\/da\/wp-json\/wp\/v2\/product_cat?post=16047"},{"taxonomy":"product_tag","embeddable":true,"href":"https:\/\/outdooreurope.eu\/da\/wp-json\/wp\/v2\/product_tag?post=16047"}],"curies":[{"name":"wp","href":"https:\/\/api.w.org\/{rel}","templated":true}]}}