{"id":16067,"date":"2024-01-17T08:19:34","date_gmt":"2024-01-17T07:19:34","guid":{"rendered":"https:\/\/outdooreurope.eu\/?post_type=product&#038;p=16067"},"modified":"2025-03-27T08:14:48","modified_gmt":"2025-03-27T07:14:48","slug":"vandreferie-spanien-tenerife-selvguidet","status":"publish","type":"product","link":"https:\/\/outdooreurope.eu\/da\/tours\/hiking-spain-tenerife-self-guided-trekking\/","title":{"rendered":"Vandring p\u00e5 Tenerife: En vild atlanterhav, solrig kyst og vulkansk sten"},"content":{"rendered":"<h3>Vandretur p\u00e5 Tenerife<\/h3>\n<p>Velkommen til et helt unikt eventyr p\u00e5 den betagende \u00f8 Tenerif. En 8-dages vandretur p\u00e5 egen h\u00e5nd, der kombinerer naturens pragt med moderne rejsers komfort. Gennem denne fordybende oplevelse f\u00e5r du mulighed for at opdage Tenerifes varierede terr\u00e6n, fra gamle laurb\u00e6rskove til vulkanske kratere.<\/p>\n<p><strong>Naturens h\u00f8jdepunkter:<\/strong><\/p>\n<ul>\n<li><strong>Gamle laurb\u00e6rskove:<\/strong> G\u00e5 gennem mystiske laurb\u00e6rskove med t\u00e5rnh\u00f8je tr\u00e6er og frodige gr\u00f8nne omr\u00e5der.<\/li>\n<li><strong>Vulkaniske vidundere:<\/strong> Oplev surrealistiske vulkanske landskaber i Teide National Park.<\/li>\n<li><strong>Kystvidundere:<\/strong> Nyd en betagende udsigt over Atlanterhavet langs fantastiske kyststier med muligheder for at se delfiner og hvaler.<\/li>\n<\/ul>\n<p>Vores h\u00e5ndplukkede boliger er blevet udvalgt ikke kun for deres komfort, men ogs\u00e5 for deres unikke charme og bekvemme beliggenheder, hvilket sikrer, at du kan slappe af og forynge efter hver dag med udforskning. Fra maleriske landsbyer til maleriske dale og kystbyer, vil din bolig give et indbydende fristed.<\/p>","protected":false},"excerpt":{"rendered":"<p>Vandretur p\u00e5 Tenerife. Velkommen til et helt unikt eventyr p\u00e5 den betagende \u00f8 Tenerif. En 8-dages vandretur p\u00e5 egen h\u00e5nd, der kombinerer naturens pragt med moderne rejsers komfort. Gennem denne fordybende oplevelse f\u00e5r du mulighed for at opdage Tenerifes varierede terr\u00e6n, fra gamle laurb\u00e6rskove til vulkanske kratere. Naturlige h\u00f8jdepunkter: Gamle<\/p>\n<div class=\"padding-top text-center\"><a href=\"https:\/\/outdooreurope.eu\/da\/tours\/hiking-spain-tenerife-self-guided-trekking\/\" class=\"atbtn atbtn--medium atbtn--rounded atbtn--transparent\">L\u00e6s mere<i class=\"atbtn__icon atbtn__icon--right fa fa-long-arrow-right\"><\/i><\/a><\/div>","protected":false},"featured_media":16068,"comment_status":"open","ping_status":"closed","template":"","meta":{"_acf_changed":false,"content-type":"","inline_featured_image":false},"product_brand":[],"product_cat":[302],"product_tag":[760,779,953],"class_list":{"0":"post-16067","1":"product","2":"type-product","3":"status-publish","4":"has-post-thumbnail","6":"tour_country-spain","7":"tour_types-hut-to-hut","8":"tour_types-self-guided","9":"tour_types-family","10":"product_cat-ukategoriseret","11":"product_tag-hiking","12":"product_tag-family","13":"product_tag-walking","14":"pa_duration-7-nights","15":"tour_category-hiking-in-europe","17":"first","18":"instock","19":"virtual","20":"purchasable","21":"product-type-tour"},"acf":[],"yoast_head":"<!-- This site is optimized with the Yoast SEO Premium plugin v27.4 (Yoast SEO v27.5) - https:\/\/yoast.com\/product\/yoast-seo-premium-wordpress\/ -->\n<title>Hike Tenerife: Explore Nature at Your Own Pace<\/title>\n<meta name=\"description\" content=\"Experience the ultimate adventure with our Hike Tenerife tour! Discover stunning landscapes while enjoying modern comforts. Book your journey now!\" \/>\n<meta name=\"robots\" content=\"index, follow, max-snippet:-1, max-image-preview:large, max-video-preview:-1\" \/>\n<link rel=\"canonical\" href=\"https:\/\/outdooreurope.eu\/da\/ture\/vandreferie-spanien-tenerife-selvguidet\/\" \/>\n<meta property=\"og:locale\" content=\"da_DK\" \/>\n<meta property=\"og:type\" content=\"article\" \/>\n<meta property=\"og:title\" content=\"Hiking Tenerife: A wild atlantic, sunny coast &amp; volcanic rock\" \/>\n<meta property=\"og:description\" content=\"Hike Tenerife Welcome to a truly unique adventure on the captivating island of Tenerif. An 8-day self-guided hiking tour that combines the splendors of\" \/>\n<meta property=\"og:url\" content=\"https:\/\/outdooreurope.eu\/da\/ture\/vandreferie-spanien-tenerife-selvguidet\/\" \/>\n<meta property=\"og:site_name\" content=\"Outdoor Europe\" \/>\n<meta property=\"article:publisher\" content=\"https:\/\/www.facebook.com\/outdooreurope.eu\" \/>\n<meta property=\"article:modified_time\" content=\"2025-03-27T07:14:48+00:00\" \/>\n<meta property=\"og:image\" content=\"https:\/\/outdooreurope.eu\/wp-content\/uploads\/2024\/01\/05b2c74b-97c9-449b-97b3-2697d3ee0b70-scaled-720x606-1.jpg\" \/>\n\t<meta property=\"og:image:width\" content=\"720\" \/>\n\t<meta property=\"og:image:height\" content=\"606\" \/>\n\t<meta property=\"og:image:type\" content=\"image\/jpeg\" \/>\n<meta name=\"twitter:card\" content=\"summary_large_image\" \/>\n<meta name=\"twitter:label1\" content=\"Pris\" \/>\n\t<meta name=\"twitter:data1\" content=\"&euro;1,275\" \/>\n\t<meta name=\"twitter:label2\" content=\"Tilg\u00e6ngelighed\" \/>\n\t<meta name=\"twitter:data2\" content=\"P\u00e5 lager\" \/>\n<script type=\"application\/ld+json\" class=\"yoast-schema-graph\">{\"@context\":\"https:\\\/\\\/schema.org\",\"@graph\":[{\"@type\":\"WebPage\",\"@id\":\"https:\\\/\\\/outdooreurope.eu\\\/tours\\\/hiking-spain-tenerife-self-guided-trekking\\\/\",\"url\":\"https:\\\/\\\/outdooreurope.eu\\\/tours\\\/hiking-spain-tenerife-self-guided-trekking\\\/\",\"name\":\"Hike Tenerife: Explore Nature at Your Own Pace\",\"isPartOf\":{\"@id\":\"https:\\\/\\\/outdooreurope.eu\\\/#website\"},\"primaryImageOfPage\":{\"@id\":\"https:\\\/\\\/outdooreurope.eu\\\/tours\\\/hiking-spain-tenerife-self-guided-trekking\\\/#primaryimage\"},\"image\":{\"@id\":\"https:\\\/\\\/outdooreurope.eu\\\/tours\\\/hiking-spain-tenerife-self-guided-trekking\\\/#primaryimage\"},\"thumbnailUrl\":\"https:\\\/\\\/outdooreurope.eu\\\/wp-content\\\/uploads\\\/2024\\\/01\\\/05b2c74b-97c9-449b-97b3-2697d3ee0b70-scaled-720x606-1.jpg\",\"datePublished\":\"2024-01-17T07:19:34+00:00\",\"dateModified\":\"2025-03-27T07:14:48+00:00\",\"description\":\"Experience the ultimate adventure with our Hike Tenerife tour! Discover stunning landscapes while enjoying modern comforts. Book your journey now!\",\"breadcrumb\":{\"@id\":\"https:\\\/\\\/outdooreurope.eu\\\/tours\\\/hiking-spain-tenerife-self-guided-trekking\\\/#breadcrumb\"},\"inLanguage\":\"da-DK\",\"potentialAction\":[{\"@type\":\"ReadAction\",\"target\":[\"https:\\\/\\\/outdooreurope.eu\\\/tours\\\/hiking-spain-tenerife-self-guided-trekking\\\/\"]}]},{\"@type\":\"ImageObject\",\"inLanguage\":\"da-DK\",\"@id\":\"https:\\\/\\\/outdooreurope.eu\\\/tours\\\/hiking-spain-tenerife-self-guided-trekking\\\/#primaryimage\",\"url\":\"https:\\\/\\\/outdooreurope.eu\\\/wp-content\\\/uploads\\\/2024\\\/01\\\/05b2c74b-97c9-449b-97b3-2697d3ee0b70-scaled-720x606-1.jpg\",\"contentUrl\":\"https:\\\/\\\/outdooreurope.eu\\\/wp-content\\\/uploads\\\/2024\\\/01\\\/05b2c74b-97c9-449b-97b3-2697d3ee0b70-scaled-720x606-1.jpg\",\"width\":720,\"height\":606},{\"@type\":\"BreadcrumbList\",\"@id\":\"https:\\\/\\\/outdooreurope.eu\\\/tours\\\/hiking-spain-tenerife-self-guided-trekking\\\/#breadcrumb\",\"itemListElement\":[{\"@type\":\"ListItem\",\"position\":1,\"name\":\"Hjem\",\"item\":\"https:\\\/\\\/outdooreurope.eu\\\/\"},{\"@type\":\"ListItem\",\"position\":2,\"name\":\"Shop\",\"item\":\"https:\\\/\\\/outdooreurope.eu\\\/shop\\\/\"},{\"@type\":\"ListItem\",\"position\":3,\"name\":\"Hiking Tenerife: A wild atlantic, sunny coast &#038; volcanic rock\"}]},{\"@type\":\"WebSite\",\"@id\":\"https:\\\/\\\/outdooreurope.eu\\\/#website\",\"url\":\"https:\\\/\\\/outdooreurope.eu\\\/\",\"name\":\"Outdoor Europe\",\"description\":\"Hiking In Europe I Join the trail\",\"potentialAction\":[{\"@type\":\"SearchAction\",\"target\":{\"@type\":\"EntryPoint\",\"urlTemplate\":\"https:\\\/\\\/outdooreurope.eu\\\/?s={search_term_string}\"},\"query-input\":{\"@type\":\"PropertyValueSpecification\",\"valueRequired\":true,\"valueName\":\"search_term_string\"}}],\"inLanguage\":\"da-DK\"}]}<\/script>\n<meta property=\"product:price:amount\" content=\"1275\" \/>\n<meta property=\"product:price:currency\" content=\"EUR\" \/>\n<meta property=\"og:availability\" content=\"instock\" \/>\n<meta property=\"product:availability\" content=\"instock\" \/>\n<meta property=\"product:retailer_item_id\" content=\"16067\" \/>\n<meta property=\"product:condition\" content=\"new\" \/>\n<!-- \/ Yoast SEO Premium plugin. -->","yoast_head_json":{"title":"Vandretur p\u00e5 Tenerife: Udforsk naturen i dit eget tempo","description":"Oplev det ultimative eventyr med vores Hike Tenerife-tur! Oplev fantastiske landskaber, mens du nyder moderne bekvemmeligheder. Book din rejse nu!","robots":{"index":"index","follow":"follow","max-snippet":"max-snippet:-1","max-image-preview":"max-image-preview:large","max-video-preview":"max-video-preview:-1"},"canonical":"https:\/\/outdooreurope.eu\/da\/ture\/vandreferie-spanien-tenerife-selvguidet\/","og_locale":"da_DK","og_type":"article","og_title":"Hiking Tenerife: A wild atlantic, sunny coast & volcanic rock","og_description":"Hike Tenerife Welcome to a truly unique adventure on the captivating island of Tenerif. An 8-day self-guided hiking tour that combines the splendors of","og_url":"https:\/\/outdooreurope.eu\/da\/ture\/vandreferie-spanien-tenerife-selvguidet\/","og_site_name":"Outdoor Europe","article_publisher":"https:\/\/www.facebook.com\/outdooreurope.eu","article_modified_time":"2025-03-27T07:14:48+00:00","og_image":[{"width":720,"height":606,"url":"https:\/\/outdooreurope.eu\/wp-content\/uploads\/2024\/01\/05b2c74b-97c9-449b-97b3-2697d3ee0b70-scaled-720x606-1.jpg","type":"image\/jpeg"}],"twitter_card":"summary_large_image","twitter_misc":{"Pris":"&euro;1,275","Tilg\u00e6ngelighed":"P\u00e5 lager"},"schema":{"@context":"https:\/\/schema.org","@graph":[{"@type":"WebPage","@id":"https:\/\/outdooreurope.eu\/tours\/hiking-spain-tenerife-self-guided-trekking\/","url":"https:\/\/outdooreurope.eu\/tours\/hiking-spain-tenerife-self-guided-trekking\/","name":"Vandretur p\u00e5 Tenerife: Udforsk naturen i dit eget tempo","isPartOf":{"@id":"https:\/\/outdooreurope.eu\/#website"},"primaryImageOfPage":{"@id":"https:\/\/outdooreurope.eu\/tours\/hiking-spain-tenerife-self-guided-trekking\/#primaryimage"},"image":{"@id":"https:\/\/outdooreurope.eu\/tours\/hiking-spain-tenerife-self-guided-trekking\/#primaryimage"},"thumbnailUrl":"https:\/\/outdooreurope.eu\/wp-content\/uploads\/2024\/01\/05b2c74b-97c9-449b-97b3-2697d3ee0b70-scaled-720x606-1.jpg","datePublished":"2024-01-17T07:19:34+00:00","dateModified":"2025-03-27T07:14:48+00:00","description":"Oplev det ultimative eventyr med vores Hike Tenerife-tur! Oplev fantastiske landskaber, mens du nyder moderne bekvemmeligheder. Book din rejse nu!","breadcrumb":{"@id":"https:\/\/outdooreurope.eu\/tours\/hiking-spain-tenerife-self-guided-trekking\/#breadcrumb"},"inLanguage":"da-DK","potentialAction":[{"@type":"ReadAction","target":["https:\/\/outdooreurope.eu\/tours\/hiking-spain-tenerife-self-guided-trekking\/"]}]},{"@type":"ImageObject","inLanguage":"da-DK","@id":"https:\/\/outdooreurope.eu\/tours\/hiking-spain-tenerife-self-guided-trekking\/#primaryimage","url":"https:\/\/outdooreurope.eu\/wp-content\/uploads\/2024\/01\/05b2c74b-97c9-449b-97b3-2697d3ee0b70-scaled-720x606-1.jpg","contentUrl":"https:\/\/outdooreurope.eu\/wp-content\/uploads\/2024\/01\/05b2c74b-97c9-449b-97b3-2697d3ee0b70-scaled-720x606-1.jpg","width":720,"height":606},{"@type":"BreadcrumbList","@id":"https:\/\/outdooreurope.eu\/tours\/hiking-spain-tenerife-self-guided-trekking\/#breadcrumb","itemListElement":[{"@type":"ListItem","position":1,"name":"Hjem","item":"https:\/\/outdooreurope.eu\/"},{"@type":"ListItem","position":2,"name":"Shop","item":"https:\/\/outdooreurope.eu\/shop\/"},{"@type":"ListItem","position":3,"name":"Hiking Tenerife: A wild atlantic, sunny coast &#038; volcanic rock"}]},{"@type":"WebSite","@id":"https:\/\/outdooreurope.eu\/#website","url":"https:\/\/outdooreurope.eu\/","name":"Udend\u00f8rs Europa","description":"Vandreture i Europa Jeg slutter mig til stien","potentialAction":[{"@type":"SearchAction","target":{"@type":"EntryPoint","urlTemplate":"https:\/\/outdooreurope.eu\/?s={search_term_string}"},"query-input":{"@type":"PropertyValueSpecification","valueRequired":true,"valueName":"search_term_string"}}],"inLanguage":"da-DK"}]},"product_price_amount":"1275","product_price_currency":"EUR","og_availability":"instock","product_availability":"instock","product_retailer_item_id":"16067","product_condition":"new"},"_links":{"self":[{"href":"https:\/\/outdooreurope.eu\/da\/wp-json\/wp\/v2\/product\/16067","targetHints":{"allow":["GET"]}}],"collection":[{"href":"https:\/\/outdooreurope.eu\/da\/wp-json\/wp\/v2\/product"}],"about":[{"href":"https:\/\/outdooreurope.eu\/da\/wp-json\/wp\/v2\/types\/product"}],"replies":[{"embeddable":true,"href":"https:\/\/outdooreurope.eu\/da\/wp-json\/wp\/v2\/comments?post=16067"}],"wp:featuredmedia":[{"embeddable":true,"href":"https:\/\/outdooreurope.eu\/da\/wp-json\/wp\/v2\/media\/16068"}],"wp:attachment":[{"href":"https:\/\/outdooreurope.eu\/da\/wp-json\/wp\/v2\/media?parent=16067"}],"wp:term":[{"taxonomy":"product_brand","embeddable":true,"href":"https:\/\/outdooreurope.eu\/da\/wp-json\/wp\/v2\/product_brand?post=16067"},{"taxonomy":"product_cat","embeddable":true,"href":"https:\/\/outdooreurope.eu\/da\/wp-json\/wp\/v2\/product_cat?post=16067"},{"taxonomy":"product_tag","embeddable":true,"href":"https:\/\/outdooreurope.eu\/da\/wp-json\/wp\/v2\/product_tag?post=16067"}],"curies":[{"name":"wp","href":"https:\/\/api.w.org\/{rel}","templated":true}]}}