{"id":16090,"date":"2024-01-17T09:45:57","date_gmt":"2024-01-17T08:45:57","guid":{"rendered":"https:\/\/outdooreurope.eu\/?post_type=product&#038;p=16090"},"modified":"2025-03-27T08:12:11","modified_gmt":"2025-03-27T07:12:11","slug":"vandreferie-spanien-mallorca-serra-de-tramuntana","status":"publish","type":"product","link":"https:\/\/outdooreurope.eu\/da\/tours\/hiking-spain-mallorca-serra-de-tramuntana-trekking\/","title":{"rendered":"Vandretur Trans Tramuntana: Oplev Mallorcas skjulte sk\u00f8nhed"},"content":{"rendered":"<p>Vandretur i Trans Tramuntana. Hvis tanken om duftende olivenlunde, enest\u00e5ende udsigter over Middelhavet eller de velsmagende l\u00e6kkerier p\u00e5 Empanadas Mallorquinas pirrer dine feriesanser, s\u00e5 er vandreturen &#039;Trans Tramuntana&#039; i det nordlige Mallorca den perfekte flugt. Denne velafm\u00e6rkede rute tilbyder en fredfyldt rejse gennem den st\u00f8rste af Balearernes mindre kendte side. Undervejs f\u00f8lger du gamle pilgrimsruter og afsl\u00f8rer et Mallorca, du m\u00e5ske aldrig vidste eksisterede.<\/p>\n<p><strong>Tour h\u00f8jdepunkter<\/strong><\/p>\n<ul>\n<li><strong>Mallorcas pilgrimsruter:<\/strong> F\u00f8lg storsl\u00e5ede pilgrimsruter mellem Pollen\u00e7a og Lluc, der snor sig gennem stenegeskove og maleriske frugtplantager.<\/li>\n<li><strong>En rejse med veterantog:<\/strong> Afslut din vandretur p\u00e5 Mallorca med en mindev\u00e6rdig tur p\u00e5 &#039;Red Lightning&#039;.<\/li>\n<li><strong>Idylliske landskaber:<\/strong> Oplev den uspolerede sk\u00f8nhed i Serra de Tramuntana, som fremviser en helt ny dimension af Den Baleariske \u00d8, langt fra de veltrampede turiststier.<\/li>\n<\/ul>\n<p>&nbsp;<\/p>","protected":false},"excerpt":{"rendered":"<p class=\"\" data-start=\"0\" data-end=\"74\"><strong data-start=\"0\" data-end=\"74\">Vandretur: Mallorcas Serra de Tramuntana og kyststier (8 dage)<\/strong><\/p>\n<p class=\"\" data-start=\"76\" data-end=\"287\">Tag p\u00e5 en uforglemmelig vandreferie gennem <strong data-start=\"126\" data-end=\"160\">Mallorcas Serra de Tramuntana<\/strong>, en bjergk\u00e6de p\u00e5 UNESCOs verdensarvsliste, der kombinerer dramatiske kystlinjer, stille pilgrimsruter og charmerende bjerglandsbyer.<\/p>","protected":false},"featured_media":16091,"comment_status":"open","ping_status":"closed","template":"","meta":{"_acf_changed":false,"content-type":"","inline_featured_image":false},"product_brand":[],"product_cat":[302],"product_tag":[760,953],"class_list":{"0":"post-16090","1":"product","2":"type-product","3":"status-publish","4":"has-post-thumbnail","6":"tour_country-spain","7":"tour_types-hut-to-hut","8":"tour_types-self-guided","9":"product_cat-ukategoriseret","10":"product_tag-hiking","11":"product_tag-walking","12":"pa_duration-7-nights","13":"tour_category-hiking-in-europe","15":"first","16":"instock","17":"virtual","18":"purchasable","19":"product-type-tour"},"acf":[],"yoast_head":"<!-- This site is optimized with the Yoast SEO Premium plugin v27.4 (Yoast SEO v27.4) - https:\/\/yoast.com\/product\/yoast-seo-premium-wordpress\/ -->\n<title>Hike the Trans Tramuntana: Discover Mallorca&#039;s Trails - Outdoor Europe<\/title>\n<meta name=\"description\" content=\"Discover the beauty of nature as you hike the Trans Tramuntana! Experience fragrant olive groves and breathtaking Mediterranean views. \ud83c\udf3f\" \/>\n<meta name=\"robots\" content=\"index, follow, max-snippet:-1, max-image-preview:large, max-video-preview:-1\" \/>\n<link rel=\"canonical\" href=\"https:\/\/outdooreurope.eu\/da\/ture\/vandreferie-spanien-mallorca-serra-de-tramuntana\/\" \/>\n<meta property=\"og:locale\" content=\"da_DK\" \/>\n<meta property=\"og:type\" content=\"article\" \/>\n<meta property=\"og:title\" content=\"Hike the Trans Tramuntana: Discover the hidden beauty of Mallorca\" \/>\n<meta property=\"og:description\" content=\"Walking Tour: Mallorca&#039;s Serra de Tramuntana &amp; Coastal Trails (8 Days) Embark on an unforgettable hiking holiday through Mallorca\u2019s Serra de Tramuntana, a UNESCO World Heritage mountain range, combining dramatic coastlines, quiet pilgrim paths, and charming mountain villages.\" \/>\n<meta property=\"og:url\" content=\"https:\/\/outdooreurope.eu\/da\/ture\/vandreferie-spanien-mallorca-serra-de-tramuntana\/\" \/>\n<meta property=\"og:site_name\" content=\"Outdoor Europe\" \/>\n<meta property=\"article:publisher\" content=\"https:\/\/www.facebook.com\/outdooreurope.eu\" \/>\n<meta property=\"article:modified_time\" content=\"2025-03-27T07:12:11+00:00\" \/>\n<meta property=\"og:image\" content=\"https:\/\/outdooreurope.eu\/wp-content\/uploads\/2024\/01\/eurohike-wanderreisen-mallorca-gr221-pt-soller-ausblick-wanderer-scaled-720x606-1.jpg\" \/>\n\t<meta property=\"og:image:width\" content=\"720\" \/>\n\t<meta property=\"og:image:height\" content=\"606\" \/>\n\t<meta property=\"og:image:type\" content=\"image\/jpeg\" \/>\n<meta name=\"twitter:card\" content=\"summary_large_image\" \/>\n<meta name=\"twitter:label1\" content=\"Pris\" \/>\n\t<meta name=\"twitter:data1\" content=\"&euro;1,250\" \/>\n\t<meta name=\"twitter:label2\" content=\"Tilg\u00e6ngelighed\" \/>\n\t<meta name=\"twitter:data2\" content=\"P\u00e5 lager\" \/>\n<script type=\"application\/ld+json\" class=\"yoast-schema-graph\">{\"@context\":\"https:\\\/\\\/schema.org\",\"@graph\":[{\"@type\":\"WebPage\",\"@id\":\"https:\\\/\\\/outdooreurope.eu\\\/tours\\\/hiking-spain-mallorca-serra-de-tramuntana-trekking\\\/\",\"url\":\"https:\\\/\\\/outdooreurope.eu\\\/tours\\\/hiking-spain-mallorca-serra-de-tramuntana-trekking\\\/\",\"name\":\"Hike the Trans Tramuntana: Discover Mallorca's Trails - Outdoor Europe\",\"isPartOf\":{\"@id\":\"https:\\\/\\\/outdooreurope.eu\\\/#website\"},\"primaryImageOfPage\":{\"@id\":\"https:\\\/\\\/outdooreurope.eu\\\/tours\\\/hiking-spain-mallorca-serra-de-tramuntana-trekking\\\/#primaryimage\"},\"image\":{\"@id\":\"https:\\\/\\\/outdooreurope.eu\\\/tours\\\/hiking-spain-mallorca-serra-de-tramuntana-trekking\\\/#primaryimage\"},\"thumbnailUrl\":\"https:\\\/\\\/outdooreurope.eu\\\/wp-content\\\/uploads\\\/2024\\\/01\\\/eurohike-wanderreisen-mallorca-gr221-pt-soller-ausblick-wanderer-scaled-720x606-1.jpg\",\"datePublished\":\"2024-01-17T08:45:57+00:00\",\"dateModified\":\"2025-03-27T07:12:11+00:00\",\"description\":\"Discover the beauty of nature as you hike the Trans Tramuntana! Experience fragrant olive groves and breathtaking Mediterranean views. \ud83c\udf3f\",\"breadcrumb\":{\"@id\":\"https:\\\/\\\/outdooreurope.eu\\\/tours\\\/hiking-spain-mallorca-serra-de-tramuntana-trekking\\\/#breadcrumb\"},\"inLanguage\":\"da-DK\",\"potentialAction\":[{\"@type\":\"ReadAction\",\"target\":[\"https:\\\/\\\/outdooreurope.eu\\\/tours\\\/hiking-spain-mallorca-serra-de-tramuntana-trekking\\\/\"]}]},{\"@type\":\"ImageObject\",\"inLanguage\":\"da-DK\",\"@id\":\"https:\\\/\\\/outdooreurope.eu\\\/tours\\\/hiking-spain-mallorca-serra-de-tramuntana-trekking\\\/#primaryimage\",\"url\":\"https:\\\/\\\/outdooreurope.eu\\\/wp-content\\\/uploads\\\/2024\\\/01\\\/eurohike-wanderreisen-mallorca-gr221-pt-soller-ausblick-wanderer-scaled-720x606-1.jpg\",\"contentUrl\":\"https:\\\/\\\/outdooreurope.eu\\\/wp-content\\\/uploads\\\/2024\\\/01\\\/eurohike-wanderreisen-mallorca-gr221-pt-soller-ausblick-wanderer-scaled-720x606-1.jpg\",\"width\":720,\"height\":606},{\"@type\":\"BreadcrumbList\",\"@id\":\"https:\\\/\\\/outdooreurope.eu\\\/tours\\\/hiking-spain-mallorca-serra-de-tramuntana-trekking\\\/#breadcrumb\",\"itemListElement\":[{\"@type\":\"ListItem\",\"position\":1,\"name\":\"Hjem\",\"item\":\"https:\\\/\\\/outdooreurope.eu\\\/\"},{\"@type\":\"ListItem\",\"position\":2,\"name\":\"Shop\",\"item\":\"https:\\\/\\\/outdooreurope.eu\\\/shop\\\/\"},{\"@type\":\"ListItem\",\"position\":3,\"name\":\"Hike the Trans Tramuntana: Discover the hidden beauty of Mallorca\"}]},{\"@type\":\"WebSite\",\"@id\":\"https:\\\/\\\/outdooreurope.eu\\\/#website\",\"url\":\"https:\\\/\\\/outdooreurope.eu\\\/\",\"name\":\"Outdoor Europe\",\"description\":\"Hiking In Europe I Join the trail\",\"potentialAction\":[{\"@type\":\"SearchAction\",\"target\":{\"@type\":\"EntryPoint\",\"urlTemplate\":\"https:\\\/\\\/outdooreurope.eu\\\/?s={search_term_string}\"},\"query-input\":{\"@type\":\"PropertyValueSpecification\",\"valueRequired\":true,\"valueName\":\"search_term_string\"}}],\"inLanguage\":\"da-DK\"}]}<\/script>\n<meta property=\"product:price:amount\" content=\"1250\" \/>\n<meta property=\"product:price:currency\" content=\"EUR\" \/>\n<meta property=\"og:availability\" content=\"instock\" \/>\n<meta property=\"product:availability\" content=\"instock\" \/>\n<meta property=\"product:retailer_item_id\" content=\"16090\" \/>\n<meta property=\"product:condition\" content=\"new\" \/>\n<!-- \/ Yoast SEO Premium plugin. -->","yoast_head_json":{"title":"Vandretur Trans Tramuntana: Oplev Mallorcas stier - Udend\u00f8rs Europa","description":"Oplev naturens sk\u00f8nhed, mens du vandrer p\u00e5 Trans Tramuntana! Oplev duftende olivenlunde og en betagende udsigt over Middelhavet. \ud83c\udf3f","robots":{"index":"index","follow":"follow","max-snippet":"max-snippet:-1","max-image-preview":"max-image-preview:large","max-video-preview":"max-video-preview:-1"},"canonical":"https:\/\/outdooreurope.eu\/da\/ture\/vandreferie-spanien-mallorca-serra-de-tramuntana\/","og_locale":"da_DK","og_type":"article","og_title":"Hike the Trans Tramuntana: Discover the hidden beauty of Mallorca","og_description":"Walking Tour: Mallorca's Serra de Tramuntana &amp; Coastal Trails (8 Days) Embark on an unforgettable hiking holiday through Mallorca\u2019s Serra de Tramuntana, a UNESCO World Heritage mountain range, combining dramatic coastlines, quiet pilgrim paths, and charming mountain villages.","og_url":"https:\/\/outdooreurope.eu\/da\/ture\/vandreferie-spanien-mallorca-serra-de-tramuntana\/","og_site_name":"Outdoor Europe","article_publisher":"https:\/\/www.facebook.com\/outdooreurope.eu","article_modified_time":"2025-03-27T07:12:11+00:00","og_image":[{"width":720,"height":606,"url":"https:\/\/outdooreurope.eu\/wp-content\/uploads\/2024\/01\/eurohike-wanderreisen-mallorca-gr221-pt-soller-ausblick-wanderer-scaled-720x606-1.jpg","type":"image\/jpeg"}],"twitter_card":"summary_large_image","twitter_misc":{"Pris":"&euro;1,250","Tilg\u00e6ngelighed":"P\u00e5 lager"},"schema":{"@context":"https:\/\/schema.org","@graph":[{"@type":"WebPage","@id":"https:\/\/outdooreurope.eu\/tours\/hiking-spain-mallorca-serra-de-tramuntana-trekking\/","url":"https:\/\/outdooreurope.eu\/tours\/hiking-spain-mallorca-serra-de-tramuntana-trekking\/","name":"Vandretur Trans Tramuntana: Oplev Mallorcas stier - Udend\u00f8rs Europa","isPartOf":{"@id":"https:\/\/outdooreurope.eu\/#website"},"primaryImageOfPage":{"@id":"https:\/\/outdooreurope.eu\/tours\/hiking-spain-mallorca-serra-de-tramuntana-trekking\/#primaryimage"},"image":{"@id":"https:\/\/outdooreurope.eu\/tours\/hiking-spain-mallorca-serra-de-tramuntana-trekking\/#primaryimage"},"thumbnailUrl":"https:\/\/outdooreurope.eu\/wp-content\/uploads\/2024\/01\/eurohike-wanderreisen-mallorca-gr221-pt-soller-ausblick-wanderer-scaled-720x606-1.jpg","datePublished":"2024-01-17T08:45:57+00:00","dateModified":"2025-03-27T07:12:11+00:00","description":"Oplev naturens sk\u00f8nhed, mens du vandrer p\u00e5 Trans Tramuntana! Oplev duftende olivenlunde og en betagende udsigt over Middelhavet. \ud83c\udf3f","breadcrumb":{"@id":"https:\/\/outdooreurope.eu\/tours\/hiking-spain-mallorca-serra-de-tramuntana-trekking\/#breadcrumb"},"inLanguage":"da-DK","potentialAction":[{"@type":"ReadAction","target":["https:\/\/outdooreurope.eu\/tours\/hiking-spain-mallorca-serra-de-tramuntana-trekking\/"]}]},{"@type":"ImageObject","inLanguage":"da-DK","@id":"https:\/\/outdooreurope.eu\/tours\/hiking-spain-mallorca-serra-de-tramuntana-trekking\/#primaryimage","url":"https:\/\/outdooreurope.eu\/wp-content\/uploads\/2024\/01\/eurohike-wanderreisen-mallorca-gr221-pt-soller-ausblick-wanderer-scaled-720x606-1.jpg","contentUrl":"https:\/\/outdooreurope.eu\/wp-content\/uploads\/2024\/01\/eurohike-wanderreisen-mallorca-gr221-pt-soller-ausblick-wanderer-scaled-720x606-1.jpg","width":720,"height":606},{"@type":"BreadcrumbList","@id":"https:\/\/outdooreurope.eu\/tours\/hiking-spain-mallorca-serra-de-tramuntana-trekking\/#breadcrumb","itemListElement":[{"@type":"ListItem","position":1,"name":"Hjem","item":"https:\/\/outdooreurope.eu\/"},{"@type":"ListItem","position":2,"name":"Shop","item":"https:\/\/outdooreurope.eu\/shop\/"},{"@type":"ListItem","position":3,"name":"Hike the Trans Tramuntana: Discover the hidden beauty of Mallorca"}]},{"@type":"WebSite","@id":"https:\/\/outdooreurope.eu\/#website","url":"https:\/\/outdooreurope.eu\/","name":"Udend\u00f8rs Europa","description":"Vandreture i Europa Jeg slutter mig til stien","potentialAction":[{"@type":"SearchAction","target":{"@type":"EntryPoint","urlTemplate":"https:\/\/outdooreurope.eu\/?s={search_term_string}"},"query-input":{"@type":"PropertyValueSpecification","valueRequired":true,"valueName":"search_term_string"}}],"inLanguage":"da-DK"}]},"product_price_amount":"1250","product_price_currency":"EUR","og_availability":"instock","product_availability":"instock","product_retailer_item_id":"16090","product_condition":"new"},"_links":{"self":[{"href":"https:\/\/outdooreurope.eu\/da\/wp-json\/wp\/v2\/product\/16090","targetHints":{"allow":["GET"]}}],"collection":[{"href":"https:\/\/outdooreurope.eu\/da\/wp-json\/wp\/v2\/product"}],"about":[{"href":"https:\/\/outdooreurope.eu\/da\/wp-json\/wp\/v2\/types\/product"}],"replies":[{"embeddable":true,"href":"https:\/\/outdooreurope.eu\/da\/wp-json\/wp\/v2\/comments?post=16090"}],"wp:featuredmedia":[{"embeddable":true,"href":"https:\/\/outdooreurope.eu\/da\/wp-json\/wp\/v2\/media\/16091"}],"wp:attachment":[{"href":"https:\/\/outdooreurope.eu\/da\/wp-json\/wp\/v2\/media?parent=16090"}],"wp:term":[{"taxonomy":"product_brand","embeddable":true,"href":"https:\/\/outdooreurope.eu\/da\/wp-json\/wp\/v2\/product_brand?post=16090"},{"taxonomy":"product_cat","embeddable":true,"href":"https:\/\/outdooreurope.eu\/da\/wp-json\/wp\/v2\/product_cat?post=16090"},{"taxonomy":"product_tag","embeddable":true,"href":"https:\/\/outdooreurope.eu\/da\/wp-json\/wp\/v2\/product_tag?post=16090"}],"curies":[{"name":"wp","href":"https:\/\/api.w.org\/{rel}","templated":true}]}}