{"id":16110,"date":"2024-01-17T10:09:19","date_gmt":"2024-01-17T09:09:19","guid":{"rendered":"https:\/\/outdooreurope.eu\/?post_type=product&#038;p=16110"},"modified":"2025-03-27T08:08:04","modified_gmt":"2025-03-27T07:08:04","slug":"vandreferie-spanien-mallorca-finca","status":"publish","type":"product","link":"https:\/\/outdooreurope.eu\/da\/tours\/hiking-spain-mallorca-finca-trails-self-guided-trekking\/","title":{"rendered":"Vandretur mellem Mallorcas fincaer: oplev den ukendte sk\u00f8nhed ved Mallorcas stier"},"content":{"rendered":"<h4>Mallorca Finca-vandring: Et fredfyldt vandreturssted p\u00e5 middelhavs\u00f8en<\/h4>\n<p>Vandretur mellem Mallorcas fincaer. For en vandreferie, der udstr\u00e5ler ro og charme.<\/p>\n<p><strong>H\u00f8jdepunkter p\u00e5 vandreturen p\u00e5 Mallorca<\/strong><\/p>\n<ul>\n<li><strong>Kystture med betagende udsigter:<\/strong> Bestig Penyal d&#039;Honor for den mest betagende udsigt over Mallorcas fantastiske landskaber.<\/li>\n<li><strong>L\u00e6kre appelsiner og oliven:<\/strong> G\u00e5 ikke glip af chancen for at nyde de l\u00e6kre middelhavsfrugter fra S\u00f3ller og Orientdalen, en sand kulinarisk forn\u00f8jelse.<\/li>\n<li><strong>Bo i afsidesliggende fincaer med pool:<\/strong> Under hele dit vandreeventyr kan du slappe af i komfortable og stilfulde fincaer i landlig stil, komplet med forfriskende pools.<\/li>\n<\/ul>\n<p>&nbsp;<\/p>","protected":false},"excerpt":{"rendered":"<p>Mallorca Finca-vandring: Et fredfyldt vandreparadis p\u00e5 middelhavs\u00f8en. Vandretur mellem Mallorcas fincaer. For en vandreferie, der udstr\u00e5ler ro og charme. H\u00f8jdepunkter p\u00e5 Mallorca-vandreturen. Kystvandringer med betagende udsigter: Bestig Penyal d&#039;Honor for den mest betagende udsigt over Mallorcas fantastiske landskaber. L\u00e6kre appelsiner og oliven: G\u00e5 ikke glip af chancen.<\/p>\n<div class=\"padding-top text-center\"><a href=\"https:\/\/outdooreurope.eu\/da\/tours\/hiking-spain-mallorca-finca-trails-self-guided-trekking\/\" class=\"atbtn atbtn--medium atbtn--rounded atbtn--transparent\">L\u00e6s mere<i class=\"atbtn__icon atbtn__icon--right fa fa-long-arrow-right\"><\/i><\/a><\/div>","protected":false},"featured_media":16111,"comment_status":"open","ping_status":"closed","template":"","meta":{"_acf_changed":false,"content-type":"","inline_featured_image":false},"product_brand":[],"product_cat":[302],"product_tag":[953,760,779],"class_list":{"0":"post-16110","1":"product","2":"type-product","3":"status-publish","4":"has-post-thumbnail","6":"tour_country-spain","7":"tour_types-hut-to-hut","8":"tour_types-self-guided","9":"tour_types-family","10":"product_cat-ukategoriseret","11":"product_tag-walking","12":"product_tag-hiking","13":"product_tag-family","14":"pa_duration-6-nights","15":"tour_category-hiking-in-europe","17":"first","18":"instock","19":"shipping-taxable","20":"purchasable","21":"product-type-tour"},"acf":[],"yoast_head":"<!-- This site is optimized with the Yoast SEO Premium plugin v27.4 (Yoast SEO v27.4) - https:\/\/yoast.com\/product\/yoast-seo-premium-wordpress\/ -->\n<title>Hike Between Mallorca&#039;s Fincas: Explore Nature&#039;s Beauty - Outdoor Europe<\/title>\n<meta name=\"description\" content=\"Experience tranquility as you hike between Mallorca&#039;s Fincas and enjoy breathtaking views. Indulge in delicious Mediterranean fruits on your adventure!\" \/>\n<meta name=\"robots\" content=\"index, follow, max-snippet:-1, max-image-preview:large, max-video-preview:-1\" \/>\n<link rel=\"canonical\" href=\"https:\/\/outdooreurope.eu\/da\/ture\/vandreferie-spanien-mallorca-finca\/\" \/>\n<meta property=\"og:locale\" content=\"da_DK\" \/>\n<meta property=\"og:type\" content=\"article\" \/>\n<meta property=\"og:title\" content=\"Hike between Mallorca&#039;s fincas: discover the uncharted beauty of Mallorca&#039;s trails\" \/>\n<meta property=\"og:description\" content=\"Mallorca Finca-walking: A serene hiking retreat on the Mediterranean Island Hike between Mallorca&#039;s Fincas. For a hiking holiday that exudes tranquility\" \/>\n<meta property=\"og:url\" content=\"https:\/\/outdooreurope.eu\/da\/ture\/vandreferie-spanien-mallorca-finca\/\" \/>\n<meta property=\"og:site_name\" content=\"Outdoor Europe\" \/>\n<meta property=\"article:publisher\" content=\"https:\/\/www.facebook.com\/outdooreurope.eu\" \/>\n<meta property=\"article:modified_time\" content=\"2025-03-27T07:08:04+00:00\" \/>\n<meta property=\"og:image\" content=\"https:\/\/outdooreurope.eu\/wp-content\/uploads\/2024\/01\/Untitled-design-33-720x606-1.jpg\" \/>\n\t<meta property=\"og:image:width\" content=\"720\" \/>\n\t<meta property=\"og:image:height\" content=\"606\" \/>\n\t<meta property=\"og:image:type\" content=\"image\/jpeg\" \/>\n<meta name=\"twitter:card\" content=\"summary_large_image\" \/>\n<meta name=\"twitter:label1\" content=\"Pris\" \/>\n\t<meta name=\"twitter:data1\" content=\"&euro;1,495\" \/>\n\t<meta name=\"twitter:label2\" content=\"Tilg\u00e6ngelighed\" \/>\n\t<meta name=\"twitter:data2\" content=\"P\u00e5 lager\" \/>\n<script type=\"application\/ld+json\" class=\"yoast-schema-graph\">{\"@context\":\"https:\\\/\\\/schema.org\",\"@graph\":[{\"@type\":\"WebPage\",\"@id\":\"https:\\\/\\\/outdooreurope.eu\\\/tours\\\/hiking-spain-mallorca-finca-trails-self-guided-trekking\\\/\",\"url\":\"https:\\\/\\\/outdooreurope.eu\\\/tours\\\/hiking-spain-mallorca-finca-trails-self-guided-trekking\\\/\",\"name\":\"Hike Between Mallorca's Fincas: Explore Nature's Beauty - Outdoor Europe\",\"isPartOf\":{\"@id\":\"https:\\\/\\\/outdooreurope.eu\\\/#website\"},\"primaryImageOfPage\":{\"@id\":\"https:\\\/\\\/outdooreurope.eu\\\/tours\\\/hiking-spain-mallorca-finca-trails-self-guided-trekking\\\/#primaryimage\"},\"image\":{\"@id\":\"https:\\\/\\\/outdooreurope.eu\\\/tours\\\/hiking-spain-mallorca-finca-trails-self-guided-trekking\\\/#primaryimage\"},\"thumbnailUrl\":\"https:\\\/\\\/outdooreurope.eu\\\/wp-content\\\/uploads\\\/2024\\\/01\\\/Untitled-design-33-720x606-1.jpg\",\"datePublished\":\"2024-01-17T09:09:19+00:00\",\"dateModified\":\"2025-03-27T07:08:04+00:00\",\"description\":\"Experience tranquility as you hike between Mallorca's Fincas and enjoy breathtaking views. Indulge in delicious Mediterranean fruits on your adventure!\",\"breadcrumb\":{\"@id\":\"https:\\\/\\\/outdooreurope.eu\\\/tours\\\/hiking-spain-mallorca-finca-trails-self-guided-trekking\\\/#breadcrumb\"},\"inLanguage\":\"da-DK\",\"potentialAction\":[{\"@type\":\"ReadAction\",\"target\":[\"https:\\\/\\\/outdooreurope.eu\\\/tours\\\/hiking-spain-mallorca-finca-trails-self-guided-trekking\\\/\"]}]},{\"@type\":\"ImageObject\",\"inLanguage\":\"da-DK\",\"@id\":\"https:\\\/\\\/outdooreurope.eu\\\/tours\\\/hiking-spain-mallorca-finca-trails-self-guided-trekking\\\/#primaryimage\",\"url\":\"https:\\\/\\\/outdooreurope.eu\\\/wp-content\\\/uploads\\\/2024\\\/01\\\/Untitled-design-33-720x606-1.jpg\",\"contentUrl\":\"https:\\\/\\\/outdooreurope.eu\\\/wp-content\\\/uploads\\\/2024\\\/01\\\/Untitled-design-33-720x606-1.jpg\",\"width\":720,\"height\":606},{\"@type\":\"BreadcrumbList\",\"@id\":\"https:\\\/\\\/outdooreurope.eu\\\/tours\\\/hiking-spain-mallorca-finca-trails-self-guided-trekking\\\/#breadcrumb\",\"itemListElement\":[{\"@type\":\"ListItem\",\"position\":1,\"name\":\"Hjem\",\"item\":\"https:\\\/\\\/outdooreurope.eu\\\/\"},{\"@type\":\"ListItem\",\"position\":2,\"name\":\"Shop\",\"item\":\"https:\\\/\\\/outdooreurope.eu\\\/shop\\\/\"},{\"@type\":\"ListItem\",\"position\":3,\"name\":\"Hike between Mallorca&#8217;s fincas: discover the uncharted beauty of Mallorca&#8217;s trails\"}]},{\"@type\":\"WebSite\",\"@id\":\"https:\\\/\\\/outdooreurope.eu\\\/#website\",\"url\":\"https:\\\/\\\/outdooreurope.eu\\\/\",\"name\":\"Outdoor Europe\",\"description\":\"Hiking In Europe I Join the trail\",\"potentialAction\":[{\"@type\":\"SearchAction\",\"target\":{\"@type\":\"EntryPoint\",\"urlTemplate\":\"https:\\\/\\\/outdooreurope.eu\\\/?s={search_term_string}\"},\"query-input\":{\"@type\":\"PropertyValueSpecification\",\"valueRequired\":true,\"valueName\":\"search_term_string\"}}],\"inLanguage\":\"da-DK\"}]}<\/script>\n<meta property=\"product:price:amount\" content=\"1495\" \/>\n<meta property=\"product:price:currency\" content=\"EUR\" \/>\n<meta property=\"og:availability\" content=\"instock\" \/>\n<meta property=\"product:availability\" content=\"instock\" \/>\n<meta property=\"product:retailer_item_id\" content=\"16110\" \/>\n<meta property=\"product:condition\" content=\"new\" \/>\n<!-- \/ Yoast SEO Premium plugin. -->","yoast_head_json":{"title":"Vandretur mellem Mallorcas fincaer: Udforsk naturens sk\u00f8nhed - udend\u00f8rs Europa","description":"Oplev roen, mens du vandrer mellem Mallorcas Fincas og nyder en betagende udsigt. Fork\u00e6l dig selv med l\u00e6kre middelhavsfrugter p\u00e5 dit eventyr!","robots":{"index":"index","follow":"follow","max-snippet":"max-snippet:-1","max-image-preview":"max-image-preview:large","max-video-preview":"max-video-preview:-1"},"canonical":"https:\/\/outdooreurope.eu\/da\/ture\/vandreferie-spanien-mallorca-finca\/","og_locale":"da_DK","og_type":"article","og_title":"Hike between Mallorca's fincas: discover the uncharted beauty of Mallorca's trails","og_description":"Mallorca Finca-walking: A serene hiking retreat on the Mediterranean Island Hike between Mallorca's Fincas. For a hiking holiday that exudes tranquility","og_url":"https:\/\/outdooreurope.eu\/da\/ture\/vandreferie-spanien-mallorca-finca\/","og_site_name":"Outdoor Europe","article_publisher":"https:\/\/www.facebook.com\/outdooreurope.eu","article_modified_time":"2025-03-27T07:08:04+00:00","og_image":[{"width":720,"height":606,"url":"https:\/\/outdooreurope.eu\/wp-content\/uploads\/2024\/01\/Untitled-design-33-720x606-1.jpg","type":"image\/jpeg"}],"twitter_card":"summary_large_image","twitter_misc":{"Pris":"&euro;1,495","Tilg\u00e6ngelighed":"P\u00e5 lager"},"schema":{"@context":"https:\/\/schema.org","@graph":[{"@type":"WebPage","@id":"https:\/\/outdooreurope.eu\/tours\/hiking-spain-mallorca-finca-trails-self-guided-trekking\/","url":"https:\/\/outdooreurope.eu\/tours\/hiking-spain-mallorca-finca-trails-self-guided-trekking\/","name":"Vandretur mellem Mallorcas fincaer: Udforsk naturens sk\u00f8nhed - udend\u00f8rs Europa","isPartOf":{"@id":"https:\/\/outdooreurope.eu\/#website"},"primaryImageOfPage":{"@id":"https:\/\/outdooreurope.eu\/tours\/hiking-spain-mallorca-finca-trails-self-guided-trekking\/#primaryimage"},"image":{"@id":"https:\/\/outdooreurope.eu\/tours\/hiking-spain-mallorca-finca-trails-self-guided-trekking\/#primaryimage"},"thumbnailUrl":"https:\/\/outdooreurope.eu\/wp-content\/uploads\/2024\/01\/Untitled-design-33-720x606-1.jpg","datePublished":"2024-01-17T09:09:19+00:00","dateModified":"2025-03-27T07:08:04+00:00","description":"Oplev roen, mens du vandrer mellem Mallorcas Fincas og nyder en betagende udsigt. Fork\u00e6l dig selv med l\u00e6kre middelhavsfrugter p\u00e5 dit eventyr!","breadcrumb":{"@id":"https:\/\/outdooreurope.eu\/tours\/hiking-spain-mallorca-finca-trails-self-guided-trekking\/#breadcrumb"},"inLanguage":"da-DK","potentialAction":[{"@type":"ReadAction","target":["https:\/\/outdooreurope.eu\/tours\/hiking-spain-mallorca-finca-trails-self-guided-trekking\/"]}]},{"@type":"ImageObject","inLanguage":"da-DK","@id":"https:\/\/outdooreurope.eu\/tours\/hiking-spain-mallorca-finca-trails-self-guided-trekking\/#primaryimage","url":"https:\/\/outdooreurope.eu\/wp-content\/uploads\/2024\/01\/Untitled-design-33-720x606-1.jpg","contentUrl":"https:\/\/outdooreurope.eu\/wp-content\/uploads\/2024\/01\/Untitled-design-33-720x606-1.jpg","width":720,"height":606},{"@type":"BreadcrumbList","@id":"https:\/\/outdooreurope.eu\/tours\/hiking-spain-mallorca-finca-trails-self-guided-trekking\/#breadcrumb","itemListElement":[{"@type":"ListItem","position":1,"name":"Hjem","item":"https:\/\/outdooreurope.eu\/"},{"@type":"ListItem","position":2,"name":"Shop","item":"https:\/\/outdooreurope.eu\/shop\/"},{"@type":"ListItem","position":3,"name":"Hike between Mallorca&#8217;s fincas: discover the uncharted beauty of Mallorca&#8217;s trails"}]},{"@type":"WebSite","@id":"https:\/\/outdooreurope.eu\/#website","url":"https:\/\/outdooreurope.eu\/","name":"Udend\u00f8rs Europa","description":"Vandreture i Europa Jeg slutter mig til stien","potentialAction":[{"@type":"SearchAction","target":{"@type":"EntryPoint","urlTemplate":"https:\/\/outdooreurope.eu\/?s={search_term_string}"},"query-input":{"@type":"PropertyValueSpecification","valueRequired":true,"valueName":"search_term_string"}}],"inLanguage":"da-DK"}]},"product_price_amount":"1495","product_price_currency":"EUR","og_availability":"instock","product_availability":"instock","product_retailer_item_id":"16110","product_condition":"new"},"_links":{"self":[{"href":"https:\/\/outdooreurope.eu\/da\/wp-json\/wp\/v2\/product\/16110","targetHints":{"allow":["GET"]}}],"collection":[{"href":"https:\/\/outdooreurope.eu\/da\/wp-json\/wp\/v2\/product"}],"about":[{"href":"https:\/\/outdooreurope.eu\/da\/wp-json\/wp\/v2\/types\/product"}],"replies":[{"embeddable":true,"href":"https:\/\/outdooreurope.eu\/da\/wp-json\/wp\/v2\/comments?post=16110"}],"wp:featuredmedia":[{"embeddable":true,"href":"https:\/\/outdooreurope.eu\/da\/wp-json\/wp\/v2\/media\/16111"}],"wp:attachment":[{"href":"https:\/\/outdooreurope.eu\/da\/wp-json\/wp\/v2\/media?parent=16110"}],"wp:term":[{"taxonomy":"product_brand","embeddable":true,"href":"https:\/\/outdooreurope.eu\/da\/wp-json\/wp\/v2\/product_brand?post=16110"},{"taxonomy":"product_cat","embeddable":true,"href":"https:\/\/outdooreurope.eu\/da\/wp-json\/wp\/v2\/product_cat?post=16110"},{"taxonomy":"product_tag","embeddable":true,"href":"https:\/\/outdooreurope.eu\/da\/wp-json\/wp\/v2\/product_tag?post=16110"}],"curies":[{"name":"wp","href":"https:\/\/api.w.org\/{rel}","templated":true}]}}