{"id":16177,"date":"2024-01-17T12:13:28","date_gmt":"2024-01-17T11:13:28","guid":{"rendered":"https:\/\/outdooreurope.eu\/?post_type=product&#038;p=16177"},"modified":"2025-03-27T08:02:52","modified_gmt":"2025-03-27T07:02:52","slug":"vandre-pa-alpe-adria-stien","status":"publish","type":"product","link":"https:\/\/outdooreurope.eu\/da\/tours\/hike-the-alpe-adria-trail\/","title":{"rendered":"Vandretur p\u00e5 Alpe Adria-stien: Et europ\u00e6isk eventyr venter"},"content":{"rendered":"<p><strong>Vandre p\u00e5 Alpe Adria-ruten: Et europ\u00e6isk eventyr venter<\/strong><\/p>\n<p>Alpe Adria Trail st\u00e5r som en af Europas mest spektakul\u00e6re vandreoplevelser, der str\u00e6kker sig cirka 750 km gennem de fortryllende landskaber i Friuli-Venezia, Slovenien og K\u00e4rnten. Vores cirkul\u00e6re rute begynder og slutter i den maleriske by Tarvisio, der tilbyder et virkeligt internationalt eventyr gennem \u00d8strig, Italien og Slovenien.<\/p>\n<p><strong>N\u00f8gleh\u00f8jdepunkter:<\/strong><\/p>\n<ul>\n<li><strong>Forskellige landskaber:<\/strong> Denne alpine vandreferie er en f\u00e6ngslende rejse fyldt med en r\u00e6kke landskaber, vartegn og aktiviteter. Uanset om du s\u00f8ger sk\u00f8nheden ved \u00f8strigsk vandring eller udforsker italienske stier, henvender denne mammutsti sig til alle vandrere. Fra Tarvisio til den charmerende bygd Valbruna og tilbage til Tarvisio, vil du st\u00f8de p\u00e5 en fantastisk natur, herunder bjerge, gr\u00e6sgange og enge.<\/li>\n<li><strong>Tilg\u00e6ngelig for alle:<\/strong> Alpe Adria Trail er perfekt for vandrere p\u00e5 alle niveauer, hvilket g\u00f8r det til en indbydende sti for dem, der s\u00f8ger eventyr. Det tilbyder ikke kun en betagende udsigt, men ogs\u00e5 en rig kultur- og kulturarvsoplevelse.<\/li>\n<li><strong>Kulturel fusion:<\/strong> Tarvisio, der ligger mellem de karniske alper og Karawanks-bjergene, er en malerisk landsby med en unik blanding af germanske og slaviske p\u00e5virkninger. Det var tidligere en del af \u00d8strig og rummer nu en tydelig germansk charme i italienske omgivelser. Regionens arkitektur, aktiviteter og stemning afspejler denne rige kulturelle fusion.<\/li>\n<\/ul>\n<div><\/div>","protected":false},"excerpt":{"rendered":"<p>Vandretur langs en malerisk del af Alpe Adria Trail. Du vil komme til at pr\u00f8ve lokale retter, nyde en fantastisk udsigt og fordybe dig i b\u00e5de italiensk og \u00f8strigsk kultur.<\/p>","protected":false},"featured_media":16973,"comment_status":"open","ping_status":"closed","template":"","meta":{"_acf_changed":false,"content-type":"","inline_featured_image":false},"product_brand":[],"product_cat":[302],"product_tag":[953,971,972,973,974,975,976,977,760],"class_list":{"0":"post-16177","1":"product","2":"type-product","3":"status-publish","4":"has-post-thumbnail","6":"tour_country-austria","7":"tour_country-italy","8":"tour_country-slovenia","9":"tour_types-hut-to-hut","10":"tour_types-self-guided","11":"tour_types-family","12":"product_cat-ukategoriseret","13":"product_tag-walking","14":"product_tag-alpine-hiking","15":"product_tag-italian-alps","16":"product_tag-austria","17":"product_tag-slovenia","18":"product_tag-villach","19":"product_tag-tarvisio","20":"product_tag-zacchi","21":"product_tag-hiking","22":"pa_duration-7-nights","23":"tour_category-hiking-in-europe","25":"first","26":"instock","27":"shipping-taxable","28":"purchasable","29":"product-type-tour"},"acf":[],"yoast_head":"<!-- This site is optimized with the Yoast SEO Premium plugin v27.4 (Yoast SEO v27.4) - https:\/\/yoast.com\/product\/yoast-seo-premium-wordpress\/ -->\n<title>Hike the Alpe Adria trail: A European adventure awaits - Outdoor Europe<\/title>\n<meta name=\"description\" content=\"Embrace an unforgettable adventure when you Hike the Alpe Adria Trail! Experience diverse landscapes, stunning scenery, and captivating journeys.\" \/>\n<meta name=\"robots\" content=\"index, follow, max-snippet:-1, max-image-preview:large, max-video-preview:-1\" \/>\n<link rel=\"canonical\" href=\"https:\/\/outdooreurope.eu\/da\/ture\/vandre-pa-alpe-adria-stien\/\" \/>\n<meta property=\"og:locale\" content=\"da_DK\" \/>\n<meta property=\"og:type\" content=\"article\" \/>\n<meta property=\"og:title\" content=\"Hike the Alpe Adria trail: A European adventure awaits\" \/>\n<meta property=\"og:description\" content=\"Hike along a picturesque section of the Alpe Adria Trail. You&#039;ll get to sample local cuisines, enjoy amazing views and immerse yourself in both Italian and Austrian culture.\" \/>\n<meta property=\"og:url\" content=\"https:\/\/outdooreurope.eu\/da\/ture\/vandre-pa-alpe-adria-stien\/\" \/>\n<meta property=\"og:site_name\" content=\"Outdoor Europe\" \/>\n<meta property=\"article:publisher\" content=\"https:\/\/www.facebook.com\/outdooreurope.eu\" \/>\n<meta property=\"article:modified_time\" content=\"2025-03-27T07:02:52+00:00\" \/>\n<meta property=\"og:image\" content=\"https:\/\/outdooreurope.eu\/wp-content\/uploads\/2024\/01\/shutterstock_1648121689.jpg\" \/>\n\t<meta property=\"og:image:width\" content=\"1280\" \/>\n\t<meta property=\"og:image:height\" content=\"854\" \/>\n\t<meta property=\"og:image:type\" content=\"image\/jpeg\" \/>\n<meta name=\"twitter:card\" content=\"summary_large_image\" \/>\n<meta name=\"twitter:label1\" content=\"Pris\" \/>\n\t<meta name=\"twitter:data1\" content=\"&euro;950\" \/>\n\t<meta name=\"twitter:label2\" content=\"Tilg\u00e6ngelighed\" \/>\n\t<meta name=\"twitter:data2\" content=\"P\u00e5 lager\" \/>\n<script type=\"application\/ld+json\" class=\"yoast-schema-graph\">{\"@context\":\"https:\\\/\\\/schema.org\",\"@graph\":[{\"@type\":\"WebPage\",\"@id\":\"https:\\\/\\\/outdooreurope.eu\\\/tours\\\/hike-the-alpe-adria-trail\\\/\",\"url\":\"https:\\\/\\\/outdooreurope.eu\\\/tours\\\/hike-the-alpe-adria-trail\\\/\",\"name\":\"Hike the Alpe Adria trail: A European adventure awaits - Outdoor Europe\",\"isPartOf\":{\"@id\":\"https:\\\/\\\/outdooreurope.eu\\\/#website\"},\"primaryImageOfPage\":{\"@id\":\"https:\\\/\\\/outdooreurope.eu\\\/tours\\\/hike-the-alpe-adria-trail\\\/#primaryimage\"},\"image\":{\"@id\":\"https:\\\/\\\/outdooreurope.eu\\\/tours\\\/hike-the-alpe-adria-trail\\\/#primaryimage\"},\"thumbnailUrl\":\"https:\\\/\\\/outdooreurope.eu\\\/wp-content\\\/uploads\\\/2024\\\/01\\\/shutterstock_1648121689.jpg\",\"datePublished\":\"2024-01-17T11:13:28+00:00\",\"dateModified\":\"2025-03-27T07:02:52+00:00\",\"description\":\"Embrace an unforgettable adventure when you Hike the Alpe Adria Trail! Experience diverse landscapes, stunning scenery, and captivating journeys.\",\"breadcrumb\":{\"@id\":\"https:\\\/\\\/outdooreurope.eu\\\/tours\\\/hike-the-alpe-adria-trail\\\/#breadcrumb\"},\"inLanguage\":\"da-DK\",\"potentialAction\":[{\"@type\":\"ReadAction\",\"target\":[\"https:\\\/\\\/outdooreurope.eu\\\/tours\\\/hike-the-alpe-adria-trail\\\/\"]}]},{\"@type\":\"ImageObject\",\"inLanguage\":\"da-DK\",\"@id\":\"https:\\\/\\\/outdooreurope.eu\\\/tours\\\/hike-the-alpe-adria-trail\\\/#primaryimage\",\"url\":\"https:\\\/\\\/outdooreurope.eu\\\/wp-content\\\/uploads\\\/2024\\\/01\\\/shutterstock_1648121689.jpg\",\"contentUrl\":\"https:\\\/\\\/outdooreurope.eu\\\/wp-content\\\/uploads\\\/2024\\\/01\\\/shutterstock_1648121689.jpg\",\"width\":1280,\"height\":854,\"caption\":\"The sanctuary of Monte Lussari situated at the top of a mountain near Tarvisio in Friuli Venezia Giulia\"},{\"@type\":\"BreadcrumbList\",\"@id\":\"https:\\\/\\\/outdooreurope.eu\\\/tours\\\/hike-the-alpe-adria-trail\\\/#breadcrumb\",\"itemListElement\":[{\"@type\":\"ListItem\",\"position\":1,\"name\":\"Hjem\",\"item\":\"https:\\\/\\\/outdooreurope.eu\\\/\"},{\"@type\":\"ListItem\",\"position\":2,\"name\":\"Shop\",\"item\":\"https:\\\/\\\/outdooreurope.eu\\\/shop\\\/\"},{\"@type\":\"ListItem\",\"position\":3,\"name\":\"Hike the Alpe Adria trail: A European adventure awaits\"}]},{\"@type\":\"WebSite\",\"@id\":\"https:\\\/\\\/outdooreurope.eu\\\/#website\",\"url\":\"https:\\\/\\\/outdooreurope.eu\\\/\",\"name\":\"Outdoor Europe\",\"description\":\"Hiking In Europe I Join the trail\",\"potentialAction\":[{\"@type\":\"SearchAction\",\"target\":{\"@type\":\"EntryPoint\",\"urlTemplate\":\"https:\\\/\\\/outdooreurope.eu\\\/?s={search_term_string}\"},\"query-input\":{\"@type\":\"PropertyValueSpecification\",\"valueRequired\":true,\"valueName\":\"search_term_string\"}}],\"inLanguage\":\"da-DK\"}]}<\/script>\n<meta property=\"product:price:amount\" content=\"950\" \/>\n<meta property=\"product:price:currency\" content=\"EUR\" \/>\n<meta property=\"og:availability\" content=\"instock\" \/>\n<meta property=\"product:availability\" content=\"instock\" \/>\n<meta property=\"product:retailer_item_id\" content=\"16177\" \/>\n<meta property=\"product:condition\" content=\"new\" \/>\n<!-- \/ Yoast SEO Premium plugin. -->","yoast_head_json":{"title":"Vandretur p\u00e5 Alpe Adria-stien: Et europ\u00e6isk eventyr venter - Outdoor Europe","description":"Omfavn et uforglemmeligt eventyr, n\u00e5r du vandrer p\u00e5 Alpe Adria Trail! Oplev forskellige landskaber, betagende natur og f\u00e6ngslende rejser.","robots":{"index":"index","follow":"follow","max-snippet":"max-snippet:-1","max-image-preview":"max-image-preview:large","max-video-preview":"max-video-preview:-1"},"canonical":"https:\/\/outdooreurope.eu\/da\/ture\/vandre-pa-alpe-adria-stien\/","og_locale":"da_DK","og_type":"article","og_title":"Hike the Alpe Adria trail: A European adventure awaits","og_description":"Hike along a picturesque section of the Alpe Adria Trail. You'll get to sample local cuisines, enjoy amazing views and immerse yourself in both Italian and Austrian culture.","og_url":"https:\/\/outdooreurope.eu\/da\/ture\/vandre-pa-alpe-adria-stien\/","og_site_name":"Outdoor Europe","article_publisher":"https:\/\/www.facebook.com\/outdooreurope.eu","article_modified_time":"2025-03-27T07:02:52+00:00","og_image":[{"width":1280,"height":854,"url":"https:\/\/outdooreurope.eu\/wp-content\/uploads\/2024\/01\/shutterstock_1648121689.jpg","type":"image\/jpeg"}],"twitter_card":"summary_large_image","twitter_misc":{"Pris":"&euro;950","Tilg\u00e6ngelighed":"P\u00e5 lager"},"schema":{"@context":"https:\/\/schema.org","@graph":[{"@type":"WebPage","@id":"https:\/\/outdooreurope.eu\/tours\/hike-the-alpe-adria-trail\/","url":"https:\/\/outdooreurope.eu\/tours\/hike-the-alpe-adria-trail\/","name":"Vandretur p\u00e5 Alpe Adria-stien: Et europ\u00e6isk eventyr venter - Outdoor Europe","isPartOf":{"@id":"https:\/\/outdooreurope.eu\/#website"},"primaryImageOfPage":{"@id":"https:\/\/outdooreurope.eu\/tours\/hike-the-alpe-adria-trail\/#primaryimage"},"image":{"@id":"https:\/\/outdooreurope.eu\/tours\/hike-the-alpe-adria-trail\/#primaryimage"},"thumbnailUrl":"https:\/\/outdooreurope.eu\/wp-content\/uploads\/2024\/01\/shutterstock_1648121689.jpg","datePublished":"2024-01-17T11:13:28+00:00","dateModified":"2025-03-27T07:02:52+00:00","description":"Omfavn et uforglemmeligt eventyr, n\u00e5r du vandrer p\u00e5 Alpe Adria Trail! Oplev forskellige landskaber, betagende natur og f\u00e6ngslende rejser.","breadcrumb":{"@id":"https:\/\/outdooreurope.eu\/tours\/hike-the-alpe-adria-trail\/#breadcrumb"},"inLanguage":"da-DK","potentialAction":[{"@type":"ReadAction","target":["https:\/\/outdooreurope.eu\/tours\/hike-the-alpe-adria-trail\/"]}]},{"@type":"ImageObject","inLanguage":"da-DK","@id":"https:\/\/outdooreurope.eu\/tours\/hike-the-alpe-adria-trail\/#primaryimage","url":"https:\/\/outdooreurope.eu\/wp-content\/uploads\/2024\/01\/shutterstock_1648121689.jpg","contentUrl":"https:\/\/outdooreurope.eu\/wp-content\/uploads\/2024\/01\/shutterstock_1648121689.jpg","width":1280,"height":854,"caption":"The sanctuary of Monte Lussari situated at the top of a mountain near Tarvisio in Friuli Venezia Giulia"},{"@type":"BreadcrumbList","@id":"https:\/\/outdooreurope.eu\/tours\/hike-the-alpe-adria-trail\/#breadcrumb","itemListElement":[{"@type":"ListItem","position":1,"name":"Hjem","item":"https:\/\/outdooreurope.eu\/"},{"@type":"ListItem","position":2,"name":"Shop","item":"https:\/\/outdooreurope.eu\/shop\/"},{"@type":"ListItem","position":3,"name":"Hike the Alpe Adria trail: A European adventure awaits"}]},{"@type":"WebSite","@id":"https:\/\/outdooreurope.eu\/#website","url":"https:\/\/outdooreurope.eu\/","name":"Udend\u00f8rs Europa","description":"Vandreture i Europa Jeg slutter mig til stien","potentialAction":[{"@type":"SearchAction","target":{"@type":"EntryPoint","urlTemplate":"https:\/\/outdooreurope.eu\/?s={search_term_string}"},"query-input":{"@type":"PropertyValueSpecification","valueRequired":true,"valueName":"search_term_string"}}],"inLanguage":"da-DK"}]},"product_price_amount":"950","product_price_currency":"EUR","og_availability":"instock","product_availability":"instock","product_retailer_item_id":"16177","product_condition":"new"},"_links":{"self":[{"href":"https:\/\/outdooreurope.eu\/da\/wp-json\/wp\/v2\/product\/16177","targetHints":{"allow":["GET"]}}],"collection":[{"href":"https:\/\/outdooreurope.eu\/da\/wp-json\/wp\/v2\/product"}],"about":[{"href":"https:\/\/outdooreurope.eu\/da\/wp-json\/wp\/v2\/types\/product"}],"replies":[{"embeddable":true,"href":"https:\/\/outdooreurope.eu\/da\/wp-json\/wp\/v2\/comments?post=16177"}],"wp:featuredmedia":[{"embeddable":true,"href":"https:\/\/outdooreurope.eu\/da\/wp-json\/wp\/v2\/media\/16973"}],"wp:attachment":[{"href":"https:\/\/outdooreurope.eu\/da\/wp-json\/wp\/v2\/media?parent=16177"}],"wp:term":[{"taxonomy":"product_brand","embeddable":true,"href":"https:\/\/outdooreurope.eu\/da\/wp-json\/wp\/v2\/product_brand?post=16177"},{"taxonomy":"product_cat","embeddable":true,"href":"https:\/\/outdooreurope.eu\/da\/wp-json\/wp\/v2\/product_cat?post=16177"},{"taxonomy":"product_tag","embeddable":true,"href":"https:\/\/outdooreurope.eu\/da\/wp-json\/wp\/v2\/product_tag?post=16177"}],"curies":[{"name":"wp","href":"https:\/\/api.w.org\/{rel}","templated":true}]}}