{"id":16197,"date":"2024-01-17T12:45:58","date_gmt":"2024-01-17T11:45:58","guid":{"rendered":"https:\/\/outdooreurope.eu\/?post_type=product&#038;p=16197"},"modified":"2025-03-27T08:01:42","modified_gmt":"2025-03-27T07:01:42","slug":"vandreferie-italien-cinque-terre-nationalpark","status":"publish","type":"product","link":"https:\/\/outdooreurope.eu\/da\/tours\/hiking-italy-cinque-terre-national-park-trekking\/","title":{"rendered":"Vandretur gennem Cinque Terre National Parks vidundere"},"content":{"rendered":"<p><strong>Vandretur gennem Cinque Terre Nationalparks vidundere<\/strong><\/p>\n<p>Cinque Terre, et UNESCO-verdensarvssted beliggende p\u00e5 den italienske riviera, blander \u00e5rhundreders historie med naturlig italiensk sk\u00f8nhed. Det skaber en fortryllende kulisse for vandreture. Denne idylliske region byder p\u00e5 typiske middelhavslandsbyer, kystpragt og historiske bos\u00e6ttelser.<\/p>\n<p><strong>N\u00f8gleh\u00f8jdepunkter:<\/strong><\/p>\n<ul>\n<li><strong>Kyst charme:<\/strong> Udforsk de tidl\u00f8se kystlandsbyer som Riomaggiore og Moneglia, der kan prale af flerfarvede boligbygninger, der har prydet landskabet i \u00e5rhundreder.<\/li>\n<li><strong>Alsidige stier:<\/strong> Cinque Terre tilbyder en r\u00e6kke vandrestier, der er egnede til alle niveauer, fra udfordrende vandreture op ad bakke til blide vandreture langs kysten.<\/li>\n<li><strong>Kulinariske opdagelser:<\/strong> Fork\u00e6l dig selv med de kulinariske l\u00e6kkerier ved den italienske riviera p\u00e5 din rejse fra Sestri Levante til Portovenere\/La Spezia.<\/li>\n<\/ul>\n<p>Tag p\u00e5 en vandreferie i Italien, omhyggeligt sammensat og organiseret af Outdoor Italy. Enten med venner, familie eller medvandrere.<\/p>","protected":false},"excerpt":{"rendered":"<p>Vandretur Cinque Terre. G\u00e5 fra landsby til landsby p\u00e5 den liguriske riviera, pr\u00f8v den fantastiske mad og nyd de forbl\u00f8ffende udsigter.<\/p>","protected":false},"featured_media":16198,"comment_status":"open","ping_status":"closed","template":"","meta":{"_acf_changed":false,"content-type":"","inline_featured_image":false},"product_brand":[],"product_cat":[302],"product_tag":[952,953,964,965,966,967,968,760,779],"class_list":{"0":"post-16197","1":"product","2":"type-product","3":"status-publish","4":"has-post-thumbnail","6":"tour_country-italy","7":"tour_types-hut-to-hut","8":"tour_types-self-guided","9":"tour_types-family","10":"product_cat-ukategoriseret","11":"product_tag-italy","12":"product_tag-walking","13":"product_tag-italian-riviera","14":"product_tag-ligurian-sea","15":"product_tag-levante","16":"product_tag-cinque-terre","17":"product_tag-campaglia","18":"product_tag-hiking","19":"product_tag-family","20":"pa_duration-6-nights","21":"tour_category-hiking-in-europe","23":"first","24":"instock","25":"virtual","26":"purchasable","27":"product-type-tour"},"acf":[],"yoast_head":"<!-- This site is optimized with the Yoast SEO Premium plugin v27.4 (Yoast SEO v27.4) - https:\/\/yoast.com\/product\/yoast-seo-premium-wordpress\/ -->\n<title>Hike through the marvels of Cinque Terre National Park - Outdoor Europe<\/title>\n<meta name=\"description\" content=\"Experience the breathtaking landscapes as you hike through Cinque Terre. Discover vibrant villages and stunning coastlines that await you!\" \/>\n<meta name=\"robots\" content=\"index, follow, max-snippet:-1, max-image-preview:large, max-video-preview:-1\" \/>\n<link rel=\"canonical\" href=\"https:\/\/outdooreurope.eu\/da\/ture\/vandreferie-italien-cinque-terre-nationalpark\/\" \/>\n<meta property=\"og:locale\" content=\"da_DK\" \/>\n<meta property=\"og:type\" content=\"article\" \/>\n<meta property=\"og:title\" content=\"Hike through the marvels of Cinque Terre National Park\" \/>\n<meta property=\"og:description\" content=\"Hike Cinque Terre. Walk from village to village on the Ligurian Riviera, sample the fantastic food and take in the jaw-dropping vistas.\" \/>\n<meta property=\"og:url\" content=\"https:\/\/outdooreurope.eu\/da\/ture\/vandreferie-italien-cinque-terre-nationalpark\/\" \/>\n<meta property=\"og:site_name\" content=\"Outdoor Europe\" \/>\n<meta property=\"article:publisher\" content=\"https:\/\/www.facebook.com\/outdooreurope.eu\" \/>\n<meta property=\"article:modified_time\" content=\"2025-03-27T07:01:42+00:00\" \/>\n<meta property=\"og:image\" content=\"https:\/\/outdooreurope.eu\/wp-content\/uploads\/2024\/01\/manarola-in-cinque-terre-italy-2023-03-17-22-41-54-utc-scaled-e1680205381730-720x606-1.jpg\" \/>\n\t<meta property=\"og:image:width\" content=\"720\" \/>\n\t<meta property=\"og:image:height\" content=\"606\" \/>\n\t<meta property=\"og:image:type\" content=\"image\/jpeg\" \/>\n<meta name=\"twitter:card\" content=\"summary_large_image\" \/>\n<meta name=\"twitter:label1\" content=\"Pris\" \/>\n\t<meta name=\"twitter:data1\" content=\"&euro;1,130\" \/>\n\t<meta name=\"twitter:label2\" content=\"Tilg\u00e6ngelighed\" \/>\n\t<meta name=\"twitter:data2\" content=\"P\u00e5 lager\" \/>\n<script type=\"application\/ld+json\" class=\"yoast-schema-graph\">{\"@context\":\"https:\\\/\\\/schema.org\",\"@graph\":[{\"@type\":\"WebPage\",\"@id\":\"https:\\\/\\\/outdooreurope.eu\\\/tours\\\/hiking-italy-cinque-terre-national-park-trekking\\\/\",\"url\":\"https:\\\/\\\/outdooreurope.eu\\\/tours\\\/hiking-italy-cinque-terre-national-park-trekking\\\/\",\"name\":\"Hike through the marvels of Cinque Terre National Park - Outdoor Europe\",\"isPartOf\":{\"@id\":\"https:\\\/\\\/outdooreurope.eu\\\/#website\"},\"primaryImageOfPage\":{\"@id\":\"https:\\\/\\\/outdooreurope.eu\\\/tours\\\/hiking-italy-cinque-terre-national-park-trekking\\\/#primaryimage\"},\"image\":{\"@id\":\"https:\\\/\\\/outdooreurope.eu\\\/tours\\\/hiking-italy-cinque-terre-national-park-trekking\\\/#primaryimage\"},\"thumbnailUrl\":\"https:\\\/\\\/outdooreurope.eu\\\/wp-content\\\/uploads\\\/2024\\\/01\\\/manarola-in-cinque-terre-italy-2023-03-17-22-41-54-utc-scaled-e1680205381730-720x606-1.jpg\",\"datePublished\":\"2024-01-17T11:45:58+00:00\",\"dateModified\":\"2025-03-27T07:01:42+00:00\",\"description\":\"Experience the breathtaking landscapes as you hike through Cinque Terre. Discover vibrant villages and stunning coastlines that await you!\",\"breadcrumb\":{\"@id\":\"https:\\\/\\\/outdooreurope.eu\\\/tours\\\/hiking-italy-cinque-terre-national-park-trekking\\\/#breadcrumb\"},\"inLanguage\":\"da-DK\",\"potentialAction\":[{\"@type\":\"ReadAction\",\"target\":[\"https:\\\/\\\/outdooreurope.eu\\\/tours\\\/hiking-italy-cinque-terre-national-park-trekking\\\/\"]}]},{\"@type\":\"ImageObject\",\"inLanguage\":\"da-DK\",\"@id\":\"https:\\\/\\\/outdooreurope.eu\\\/tours\\\/hiking-italy-cinque-terre-national-park-trekking\\\/#primaryimage\",\"url\":\"https:\\\/\\\/outdooreurope.eu\\\/wp-content\\\/uploads\\\/2024\\\/01\\\/manarola-in-cinque-terre-italy-2023-03-17-22-41-54-utc-scaled-e1680205381730-720x606-1.jpg\",\"contentUrl\":\"https:\\\/\\\/outdooreurope.eu\\\/wp-content\\\/uploads\\\/2024\\\/01\\\/manarola-in-cinque-terre-italy-2023-03-17-22-41-54-utc-scaled-e1680205381730-720x606-1.jpg\",\"width\":720,\"height\":606},{\"@type\":\"BreadcrumbList\",\"@id\":\"https:\\\/\\\/outdooreurope.eu\\\/tours\\\/hiking-italy-cinque-terre-national-park-trekking\\\/#breadcrumb\",\"itemListElement\":[{\"@type\":\"ListItem\",\"position\":1,\"name\":\"Hjem\",\"item\":\"https:\\\/\\\/outdooreurope.eu\\\/\"},{\"@type\":\"ListItem\",\"position\":2,\"name\":\"Shop\",\"item\":\"https:\\\/\\\/outdooreurope.eu\\\/shop\\\/\"},{\"@type\":\"ListItem\",\"position\":3,\"name\":\"Hike through the marvels of Cinque Terre National Park\"}]},{\"@type\":\"WebSite\",\"@id\":\"https:\\\/\\\/outdooreurope.eu\\\/#website\",\"url\":\"https:\\\/\\\/outdooreurope.eu\\\/\",\"name\":\"Outdoor Europe\",\"description\":\"Hiking In Europe I Join the trail\",\"potentialAction\":[{\"@type\":\"SearchAction\",\"target\":{\"@type\":\"EntryPoint\",\"urlTemplate\":\"https:\\\/\\\/outdooreurope.eu\\\/?s={search_term_string}\"},\"query-input\":{\"@type\":\"PropertyValueSpecification\",\"valueRequired\":true,\"valueName\":\"search_term_string\"}}],\"inLanguage\":\"da-DK\"}]}<\/script>\n<meta property=\"product:price:amount\" content=\"1130\" \/>\n<meta property=\"product:price:currency\" content=\"EUR\" \/>\n<meta property=\"og:availability\" content=\"instock\" \/>\n<meta property=\"product:availability\" content=\"instock\" \/>\n<meta property=\"product:retailer_item_id\" content=\"16197\" \/>\n<meta property=\"product:condition\" content=\"new\" \/>\n<!-- \/ Yoast SEO Premium plugin. -->","yoast_head_json":{"title":"Vandretur gennem vidunderene i Cinque Terre National Park - Outdoor Europe","description":"Oplev de betagende landskaber, mens du vandrer gennem Cinque Terre. Oplev pulserende landsbyer og fantastiske kystlinjer, der venter p\u00e5 dig!","robots":{"index":"index","follow":"follow","max-snippet":"max-snippet:-1","max-image-preview":"max-image-preview:large","max-video-preview":"max-video-preview:-1"},"canonical":"https:\/\/outdooreurope.eu\/da\/ture\/vandreferie-italien-cinque-terre-nationalpark\/","og_locale":"da_DK","og_type":"article","og_title":"Hike through the marvels of Cinque Terre National Park","og_description":"Hike Cinque Terre. Walk from village to village on the Ligurian Riviera, sample the fantastic food and take in the jaw-dropping vistas.","og_url":"https:\/\/outdooreurope.eu\/da\/ture\/vandreferie-italien-cinque-terre-nationalpark\/","og_site_name":"Outdoor Europe","article_publisher":"https:\/\/www.facebook.com\/outdooreurope.eu","article_modified_time":"2025-03-27T07:01:42+00:00","og_image":[{"width":720,"height":606,"url":"https:\/\/outdooreurope.eu\/wp-content\/uploads\/2024\/01\/manarola-in-cinque-terre-italy-2023-03-17-22-41-54-utc-scaled-e1680205381730-720x606-1.jpg","type":"image\/jpeg"}],"twitter_card":"summary_large_image","twitter_misc":{"Pris":"&euro;1,130","Tilg\u00e6ngelighed":"P\u00e5 lager"},"schema":{"@context":"https:\/\/schema.org","@graph":[{"@type":"WebPage","@id":"https:\/\/outdooreurope.eu\/tours\/hiking-italy-cinque-terre-national-park-trekking\/","url":"https:\/\/outdooreurope.eu\/tours\/hiking-italy-cinque-terre-national-park-trekking\/","name":"Vandretur gennem vidunderene i Cinque Terre National Park - Outdoor Europe","isPartOf":{"@id":"https:\/\/outdooreurope.eu\/#website"},"primaryImageOfPage":{"@id":"https:\/\/outdooreurope.eu\/tours\/hiking-italy-cinque-terre-national-park-trekking\/#primaryimage"},"image":{"@id":"https:\/\/outdooreurope.eu\/tours\/hiking-italy-cinque-terre-national-park-trekking\/#primaryimage"},"thumbnailUrl":"https:\/\/outdooreurope.eu\/wp-content\/uploads\/2024\/01\/manarola-in-cinque-terre-italy-2023-03-17-22-41-54-utc-scaled-e1680205381730-720x606-1.jpg","datePublished":"2024-01-17T11:45:58+00:00","dateModified":"2025-03-27T07:01:42+00:00","description":"Oplev de betagende landskaber, mens du vandrer gennem Cinque Terre. Oplev pulserende landsbyer og fantastiske kystlinjer, der venter p\u00e5 dig!","breadcrumb":{"@id":"https:\/\/outdooreurope.eu\/tours\/hiking-italy-cinque-terre-national-park-trekking\/#breadcrumb"},"inLanguage":"da-DK","potentialAction":[{"@type":"ReadAction","target":["https:\/\/outdooreurope.eu\/tours\/hiking-italy-cinque-terre-national-park-trekking\/"]}]},{"@type":"ImageObject","inLanguage":"da-DK","@id":"https:\/\/outdooreurope.eu\/tours\/hiking-italy-cinque-terre-national-park-trekking\/#primaryimage","url":"https:\/\/outdooreurope.eu\/wp-content\/uploads\/2024\/01\/manarola-in-cinque-terre-italy-2023-03-17-22-41-54-utc-scaled-e1680205381730-720x606-1.jpg","contentUrl":"https:\/\/outdooreurope.eu\/wp-content\/uploads\/2024\/01\/manarola-in-cinque-terre-italy-2023-03-17-22-41-54-utc-scaled-e1680205381730-720x606-1.jpg","width":720,"height":606},{"@type":"BreadcrumbList","@id":"https:\/\/outdooreurope.eu\/tours\/hiking-italy-cinque-terre-national-park-trekking\/#breadcrumb","itemListElement":[{"@type":"ListItem","position":1,"name":"Hjem","item":"https:\/\/outdooreurope.eu\/"},{"@type":"ListItem","position":2,"name":"Shop","item":"https:\/\/outdooreurope.eu\/shop\/"},{"@type":"ListItem","position":3,"name":"Hike through the marvels of Cinque Terre National Park"}]},{"@type":"WebSite","@id":"https:\/\/outdooreurope.eu\/#website","url":"https:\/\/outdooreurope.eu\/","name":"Udend\u00f8rs Europa","description":"Vandreture i Europa Jeg slutter mig til stien","potentialAction":[{"@type":"SearchAction","target":{"@type":"EntryPoint","urlTemplate":"https:\/\/outdooreurope.eu\/?s={search_term_string}"},"query-input":{"@type":"PropertyValueSpecification","valueRequired":true,"valueName":"search_term_string"}}],"inLanguage":"da-DK"}]},"product_price_amount":"1130","product_price_currency":"EUR","og_availability":"instock","product_availability":"instock","product_retailer_item_id":"16197","product_condition":"new"},"_links":{"self":[{"href":"https:\/\/outdooreurope.eu\/da\/wp-json\/wp\/v2\/product\/16197","targetHints":{"allow":["GET"]}}],"collection":[{"href":"https:\/\/outdooreurope.eu\/da\/wp-json\/wp\/v2\/product"}],"about":[{"href":"https:\/\/outdooreurope.eu\/da\/wp-json\/wp\/v2\/types\/product"}],"replies":[{"embeddable":true,"href":"https:\/\/outdooreurope.eu\/da\/wp-json\/wp\/v2\/comments?post=16197"}],"wp:featuredmedia":[{"embeddable":true,"href":"https:\/\/outdooreurope.eu\/da\/wp-json\/wp\/v2\/media\/16198"}],"wp:attachment":[{"href":"https:\/\/outdooreurope.eu\/da\/wp-json\/wp\/v2\/media?parent=16197"}],"wp:term":[{"taxonomy":"product_brand","embeddable":true,"href":"https:\/\/outdooreurope.eu\/da\/wp-json\/wp\/v2\/product_brand?post=16197"},{"taxonomy":"product_cat","embeddable":true,"href":"https:\/\/outdooreurope.eu\/da\/wp-json\/wp\/v2\/product_cat?post=16197"},{"taxonomy":"product_tag","embeddable":true,"href":"https:\/\/outdooreurope.eu\/da\/wp-json\/wp\/v2\/product_tag?post=16197"}],"curies":[{"name":"wp","href":"https:\/\/api.w.org\/{rel}","templated":true}]}}