{"id":16299,"date":"2024-01-17T14:34:35","date_gmt":"2024-01-17T13:34:35","guid":{"rendered":"https:\/\/outdooreurope.eu\/?post_type=product&#038;p=16299"},"modified":"2025-06-30T14:00:41","modified_gmt":"2025-06-30T12:00:41","slug":"vandreture-italien-maira-dalen-piemonte-trekking-selvguidet","status":"publish","type":"product","link":"https:\/\/outdooreurope.eu\/da\/tours\/hiking-italy-maira-valley-piedmont-trekking-self-guided\/","title":{"rendered":"Vandretur Maira-dalen: en rolig vandretur i Piemonte"},"content":{"rendered":"<p><strong>Oplev Maira Valley: En rolig vandretur i Piemonte<\/strong><\/p>\n<p>Vandretur i Maira-dalen. Valle Maira ligger i de afsidesliggende og uspolerede hj\u00f8rner af Piemonte, Italien. Den lokker med sine uber\u00f8rte landskaber, rige historie og charmerende bjerglandsbyer. Denne maleriske dal i den vestlige del af Piemonte tilbyder en afbalanceret blanding af naturlig sk\u00f8nhed og kulturarv. Hvis du s\u00f8ger en blid introduktion til bjergvandring, er Valle Maira-turen din perfekte indgangsport. Til et autentisk alpeeventyr, hvor komfort og kulinariske l\u00e6kkerier komplementerer det fantastiske landskab.<\/p>\n<p><iframe title=\"Valle Maira, terre d&#039;alte emozioni\" width=\"748\" height=\"421\" src=\"https:\/\/www.youtube.com\/embed\/bb7YsikKilg?start=75&#038;feature=oembed\" frameborder=\"0\" allow=\"accelerometer; autoplay; clipboard-write; encrypted-media; gyroscope; picture-in-picture; web-share\" referrerpolicy=\"strict-origin-when-cross-origin\" allowfullscreen><\/iframe><\/p>\n<p><strong>Turens h\u00f8jdepunkter:<\/strong><\/p>\n<ul>\n<li><strong>Charmerende bjerghytter:<\/strong> Oplev hyggelig alpin g\u00e6stfrihed, mens du overnatter i charmerende bjerghytter undervejs.<\/li>\n<li><strong>Kulinariske l\u00e6kkerier:<\/strong> Fork\u00e6l dig selv med traditionelle lokale retter, der fremh\u00e6ver det bedste fra Piemontes k\u00f8kken. Nyd smagene fra denne region, suppleret med piemontesisk vin og lokal \u00f8l.<\/li>\n<li><strong>Familievenligt eventyr:<\/strong> Valle Maira er et fremragende valg for familier og nye bjergvandrere. Ruterne er egnede til forskellige niveauer.<\/li>\n<\/ul>\n<p>I Valle Maira m\u00f8der den barske sk\u00f8nhed i det alpine landskab varmen fra lokal g\u00e6stfrihed. Denne tur inviterer dig til at nyde harmonien mellem natur og kultur, til at opleve roen i bjergene og til at skabe varige minder med dine k\u00e6re. Valle Maira er en skjult perle, der venter p\u00e5 at blive udforsket i dit eget tempo, og giver et glimt af den uber\u00f8rte sk\u00f8nhed i de italienske alper.<\/p>","protected":false},"excerpt":{"rendered":"<p>Vandretur Valle Maira. Piemontes vilde og skjulte perle. Nyd de spektakul\u00e6re stier, mens vi fragter din bagage fra hytte til hytte.<\/p>","protected":false},"featured_media":16300,"comment_status":"open","ping_status":"closed","template":"","meta":{"_acf_changed":false,"content-type":"","inline_featured_image":false},"product_brand":[],"product_cat":[302,1181],"product_tag":[760,1160,1161],"class_list":{"0":"post-16299","1":"product","2":"type-product","3":"status-publish","4":"has-post-thumbnail","6":"tour_country-italy","7":"tour_types-dog-friendly","8":"tour_types-hut-to-hut","9":"tour_types-self-guided","10":"tour_types-family","11":"tour_types-bestsellers","12":"product_cat-ukategoriseret","13":"product_cat-lastminutesummer","14":"product_tag-hiking","15":"product_tag-wanderlust","16":"product_tag-familyhiking","17":"pa_duration-5-7-nights","18":"tour_category-hiking-in-europe","20":"first","21":"instock","22":"virtual","23":"purchasable","24":"product-type-tour"},"acf":[],"yoast_head":"<!-- This site is optimized with the Yoast SEO Premium plugin v27.4 (Yoast SEO v27.4) - https:\/\/yoast.com\/product\/yoast-seo-premium-wordpress\/ -->\n<title>Hike Maira Valley: Discover Alpine Tranquility Today - Outdoor Europe<\/title>\n<meta name=\"description\" content=\"Embark on an unforgettable adventure in the Hike Maira Valley! Experience charming mountain huts and indulge in local cuisine, book now!\" \/>\n<meta name=\"robots\" content=\"index, follow, max-snippet:-1, max-image-preview:large, max-video-preview:-1\" \/>\n<link rel=\"canonical\" href=\"https:\/\/outdooreurope.eu\/da\/ture\/vandreture-italien-maira-dalen-piemonte-trekking-selvguidet\/\" \/>\n<meta property=\"og:locale\" content=\"da_DK\" \/>\n<meta property=\"og:type\" content=\"article\" \/>\n<meta property=\"og:title\" content=\"Hike Maira Valley: a tranquil piedmont hiking getaway\" \/>\n<meta property=\"og:description\" content=\"Hike Valle Maira. The Wild and Hidden Gem of Piedmont. Enjoy the spectacular trails, while we carry your luggage from hut to hut.\" \/>\n<meta property=\"og:url\" content=\"https:\/\/outdooreurope.eu\/da\/ture\/vandreture-italien-maira-dalen-piemonte-trekking-selvguidet\/\" \/>\n<meta property=\"og:site_name\" content=\"Outdoor Europe\" \/>\n<meta property=\"article:publisher\" content=\"https:\/\/www.facebook.com\/outdooreurope.eu\" \/>\n<meta property=\"article:modified_time\" content=\"2025-06-30T12:00:41+00:00\" \/>\n<meta property=\"og:image\" content=\"https:\/\/outdooreurope.eu\/wp-content\/uploads\/2024\/01\/VALLE-MAIRA-rocca-la-meja-scaled-720x606-1.jpg\" \/>\n\t<meta property=\"og:image:width\" content=\"720\" \/>\n\t<meta property=\"og:image:height\" content=\"606\" \/>\n\t<meta property=\"og:image:type\" content=\"image\/jpeg\" \/>\n<meta name=\"twitter:card\" content=\"summary_large_image\" \/>\n<meta name=\"twitter:label1\" content=\"Pris\" \/>\n\t<meta name=\"twitter:data1\" content=\"&euro;895\" \/>\n\t<meta name=\"twitter:label2\" content=\"Tilg\u00e6ngelighed\" \/>\n\t<meta name=\"twitter:data2\" content=\"P\u00e5 lager\" \/>\n<script type=\"application\/ld+json\" class=\"yoast-schema-graph\">{\"@context\":\"https:\\\/\\\/schema.org\",\"@graph\":[{\"@type\":\"WebPage\",\"@id\":\"https:\\\/\\\/outdooreurope.eu\\\/tours\\\/hiking-italy-maira-valley-piedmont-trekking-self-guided\\\/\",\"url\":\"https:\\\/\\\/outdooreurope.eu\\\/tours\\\/hiking-italy-maira-valley-piedmont-trekking-self-guided\\\/\",\"name\":\"Hike Maira Valley: Discover Alpine Tranquility Today - Outdoor Europe\",\"isPartOf\":{\"@id\":\"https:\\\/\\\/outdooreurope.eu\\\/#website\"},\"primaryImageOfPage\":{\"@id\":\"https:\\\/\\\/outdooreurope.eu\\\/tours\\\/hiking-italy-maira-valley-piedmont-trekking-self-guided\\\/#primaryimage\"},\"image\":{\"@id\":\"https:\\\/\\\/outdooreurope.eu\\\/tours\\\/hiking-italy-maira-valley-piedmont-trekking-self-guided\\\/#primaryimage\"},\"thumbnailUrl\":\"https:\\\/\\\/outdooreurope.eu\\\/wp-content\\\/uploads\\\/2024\\\/01\\\/VALLE-MAIRA-rocca-la-meja-scaled-720x606-1.jpg\",\"datePublished\":\"2024-01-17T13:34:35+00:00\",\"dateModified\":\"2025-06-30T12:00:41+00:00\",\"description\":\"Embark on an unforgettable adventure in the Hike Maira Valley! Experience charming mountain huts and indulge in local cuisine, book now!\",\"breadcrumb\":{\"@id\":\"https:\\\/\\\/outdooreurope.eu\\\/tours\\\/hiking-italy-maira-valley-piedmont-trekking-self-guided\\\/#breadcrumb\"},\"inLanguage\":\"da-DK\",\"potentialAction\":[{\"@type\":\"ReadAction\",\"target\":[\"https:\\\/\\\/outdooreurope.eu\\\/tours\\\/hiking-italy-maira-valley-piedmont-trekking-self-guided\\\/\"]}]},{\"@type\":\"ImageObject\",\"inLanguage\":\"da-DK\",\"@id\":\"https:\\\/\\\/outdooreurope.eu\\\/tours\\\/hiking-italy-maira-valley-piedmont-trekking-self-guided\\\/#primaryimage\",\"url\":\"https:\\\/\\\/outdooreurope.eu\\\/wp-content\\\/uploads\\\/2024\\\/01\\\/VALLE-MAIRA-rocca-la-meja-scaled-720x606-1.jpg\",\"contentUrl\":\"https:\\\/\\\/outdooreurope.eu\\\/wp-content\\\/uploads\\\/2024\\\/01\\\/VALLE-MAIRA-rocca-la-meja-scaled-720x606-1.jpg\",\"width\":720,\"height\":606},{\"@type\":\"BreadcrumbList\",\"@id\":\"https:\\\/\\\/outdooreurope.eu\\\/tours\\\/hiking-italy-maira-valley-piedmont-trekking-self-guided\\\/#breadcrumb\",\"itemListElement\":[{\"@type\":\"ListItem\",\"position\":1,\"name\":\"Hjem\",\"item\":\"https:\\\/\\\/outdooreurope.eu\\\/\"},{\"@type\":\"ListItem\",\"position\":2,\"name\":\"Shop\",\"item\":\"https:\\\/\\\/outdooreurope.eu\\\/shop\\\/\"},{\"@type\":\"ListItem\",\"position\":3,\"name\":\"Hike Maira Valley: a tranquil piedmont hiking getaway\"}]},{\"@type\":\"WebSite\",\"@id\":\"https:\\\/\\\/outdooreurope.eu\\\/#website\",\"url\":\"https:\\\/\\\/outdooreurope.eu\\\/\",\"name\":\"Outdoor Europe\",\"description\":\"Hiking In Europe I Join the trail\",\"potentialAction\":[{\"@type\":\"SearchAction\",\"target\":{\"@type\":\"EntryPoint\",\"urlTemplate\":\"https:\\\/\\\/outdooreurope.eu\\\/?s={search_term_string}\"},\"query-input\":{\"@type\":\"PropertyValueSpecification\",\"valueRequired\":true,\"valueName\":\"search_term_string\"}}],\"inLanguage\":\"da-DK\"}]}<\/script>\n<meta property=\"product:price:amount\" content=\"895\" \/>\n<meta property=\"product:price:currency\" content=\"EUR\" \/>\n<meta property=\"og:availability\" content=\"instock\" \/>\n<meta property=\"product:availability\" content=\"instock\" \/>\n<meta property=\"product:retailer_item_id\" content=\"16299\" \/>\n<meta property=\"product:condition\" content=\"new\" \/>\n<!-- \/ Yoast SEO Premium plugin. -->","yoast_head_json":{"title":"Vandretur Maira Valley: Oplev alpine ro i dag - udend\u00f8rs Europa","description":"Tag ud p\u00e5 et uforglemmeligt eventyr i Hike Maira Valley! Oplev charmerende bjerghytter og fork\u00e6l dig selv med det lokale k\u00f8kken, book nu!","robots":{"index":"index","follow":"follow","max-snippet":"max-snippet:-1","max-image-preview":"max-image-preview:large","max-video-preview":"max-video-preview:-1"},"canonical":"https:\/\/outdooreurope.eu\/da\/ture\/vandreture-italien-maira-dalen-piemonte-trekking-selvguidet\/","og_locale":"da_DK","og_type":"article","og_title":"Hike Maira Valley: a tranquil piedmont hiking getaway","og_description":"Hike Valle Maira. The Wild and Hidden Gem of Piedmont. Enjoy the spectacular trails, while we carry your luggage from hut to hut.","og_url":"https:\/\/outdooreurope.eu\/da\/ture\/vandreture-italien-maira-dalen-piemonte-trekking-selvguidet\/","og_site_name":"Outdoor Europe","article_publisher":"https:\/\/www.facebook.com\/outdooreurope.eu","article_modified_time":"2025-06-30T12:00:41+00:00","og_image":[{"width":720,"height":606,"url":"https:\/\/outdooreurope.eu\/wp-content\/uploads\/2024\/01\/VALLE-MAIRA-rocca-la-meja-scaled-720x606-1.jpg","type":"image\/jpeg"}],"twitter_card":"summary_large_image","twitter_misc":{"Pris":"&euro;895","Tilg\u00e6ngelighed":"P\u00e5 lager"},"schema":{"@context":"https:\/\/schema.org","@graph":[{"@type":"WebPage","@id":"https:\/\/outdooreurope.eu\/tours\/hiking-italy-maira-valley-piedmont-trekking-self-guided\/","url":"https:\/\/outdooreurope.eu\/tours\/hiking-italy-maira-valley-piedmont-trekking-self-guided\/","name":"Vandretur Maira Valley: Oplev alpine ro i dag - udend\u00f8rs Europa","isPartOf":{"@id":"https:\/\/outdooreurope.eu\/#website"},"primaryImageOfPage":{"@id":"https:\/\/outdooreurope.eu\/tours\/hiking-italy-maira-valley-piedmont-trekking-self-guided\/#primaryimage"},"image":{"@id":"https:\/\/outdooreurope.eu\/tours\/hiking-italy-maira-valley-piedmont-trekking-self-guided\/#primaryimage"},"thumbnailUrl":"https:\/\/outdooreurope.eu\/wp-content\/uploads\/2024\/01\/VALLE-MAIRA-rocca-la-meja-scaled-720x606-1.jpg","datePublished":"2024-01-17T13:34:35+00:00","dateModified":"2025-06-30T12:00:41+00:00","description":"Tag ud p\u00e5 et uforglemmeligt eventyr i Hike Maira Valley! Oplev charmerende bjerghytter og fork\u00e6l dig selv med det lokale k\u00f8kken, book nu!","breadcrumb":{"@id":"https:\/\/outdooreurope.eu\/tours\/hiking-italy-maira-valley-piedmont-trekking-self-guided\/#breadcrumb"},"inLanguage":"da-DK","potentialAction":[{"@type":"ReadAction","target":["https:\/\/outdooreurope.eu\/tours\/hiking-italy-maira-valley-piedmont-trekking-self-guided\/"]}]},{"@type":"ImageObject","inLanguage":"da-DK","@id":"https:\/\/outdooreurope.eu\/tours\/hiking-italy-maira-valley-piedmont-trekking-self-guided\/#primaryimage","url":"https:\/\/outdooreurope.eu\/wp-content\/uploads\/2024\/01\/VALLE-MAIRA-rocca-la-meja-scaled-720x606-1.jpg","contentUrl":"https:\/\/outdooreurope.eu\/wp-content\/uploads\/2024\/01\/VALLE-MAIRA-rocca-la-meja-scaled-720x606-1.jpg","width":720,"height":606},{"@type":"BreadcrumbList","@id":"https:\/\/outdooreurope.eu\/tours\/hiking-italy-maira-valley-piedmont-trekking-self-guided\/#breadcrumb","itemListElement":[{"@type":"ListItem","position":1,"name":"Hjem","item":"https:\/\/outdooreurope.eu\/"},{"@type":"ListItem","position":2,"name":"Shop","item":"https:\/\/outdooreurope.eu\/shop\/"},{"@type":"ListItem","position":3,"name":"Hike Maira Valley: a tranquil piedmont hiking getaway"}]},{"@type":"WebSite","@id":"https:\/\/outdooreurope.eu\/#website","url":"https:\/\/outdooreurope.eu\/","name":"Udend\u00f8rs Europa","description":"Vandreture i Europa Jeg slutter mig til stien","potentialAction":[{"@type":"SearchAction","target":{"@type":"EntryPoint","urlTemplate":"https:\/\/outdooreurope.eu\/?s={search_term_string}"},"query-input":{"@type":"PropertyValueSpecification","valueRequired":true,"valueName":"search_term_string"}}],"inLanguage":"da-DK"}]},"product_price_amount":"895","product_price_currency":"EUR","og_availability":"instock","product_availability":"instock","product_retailer_item_id":"16299","product_condition":"new"},"_links":{"self":[{"href":"https:\/\/outdooreurope.eu\/da\/wp-json\/wp\/v2\/product\/16299","targetHints":{"allow":["GET"]}}],"collection":[{"href":"https:\/\/outdooreurope.eu\/da\/wp-json\/wp\/v2\/product"}],"about":[{"href":"https:\/\/outdooreurope.eu\/da\/wp-json\/wp\/v2\/types\/product"}],"replies":[{"embeddable":true,"href":"https:\/\/outdooreurope.eu\/da\/wp-json\/wp\/v2\/comments?post=16299"}],"wp:featuredmedia":[{"embeddable":true,"href":"https:\/\/outdooreurope.eu\/da\/wp-json\/wp\/v2\/media\/16300"}],"wp:attachment":[{"href":"https:\/\/outdooreurope.eu\/da\/wp-json\/wp\/v2\/media?parent=16299"}],"wp:term":[{"taxonomy":"product_brand","embeddable":true,"href":"https:\/\/outdooreurope.eu\/da\/wp-json\/wp\/v2\/product_brand?post=16299"},{"taxonomy":"product_cat","embeddable":true,"href":"https:\/\/outdooreurope.eu\/da\/wp-json\/wp\/v2\/product_cat?post=16299"},{"taxonomy":"product_tag","embeddable":true,"href":"https:\/\/outdooreurope.eu\/da\/wp-json\/wp\/v2\/product_tag?post=16299"}],"curies":[{"name":"wp","href":"https:\/\/api.w.org\/{rel}","templated":true}]}}