{"id":16392,"date":"2024-01-18T06:18:53","date_gmt":"2024-01-18T05:18:53","guid":{"rendered":"https:\/\/outdooreurope.eu\/?post_type=product&#038;p=16392"},"modified":"2025-02-03T11:11:28","modified_gmt":"2025-02-03T10:11:28","slug":"skitouring-italien-dolomitterne-alta-badia-familie-skiferie","status":"publish","type":"product","link":"https:\/\/outdooreurope.eu\/da\/tours\/ski-touring-italy-dolomites-alta-badia-hotel-la-majun\/","title":{"rendered":"Ski-ekstravaganza i hjertet af Dolomitterne"},"content":{"rendered":"<p><strong>Skil\u00f8bs-ekstravaganza i hjertet af Dolomitterne: Nyd en uge med alpine eventyr i Alta Badia med luksuri\u00f8se ophold p\u00e5 La Majun Boutique Hotel<\/strong><\/p>\n<p>Alta Badia, beliggende i hjertet af Dolomitterne, byder p\u00e5 en uge med sp\u00e6ndende skil\u00f8b og overd\u00e5dig komfort. Din hjemmebase for dette eventyr er La Majun, et luksuri\u00f8st 4-stjernet boutiquehotel med en indbydende spa, bekvemt placeret kun en kort g\u00e5tur fra pisterne.<\/p>\n<p><strong>Turens h\u00f8jdepunkter:<\/strong><\/p>\n<ul>\n<li><strong>Alsidige pister for alle:<\/strong> Alta Badia henvender sig til skil\u00f8bere i alle aldre og niveauer. Fra begyndervenlige pister for sm\u00e5 til udfordrende l\u00f8jper for mere erfarne skil\u00f8bere, vil du finde de perfekte pister, der matcher dine pr\u00e6ferencer og f\u00e6rdighedsniveau.<\/li>\n<li><strong>Skiture og freeride-eventyr:<\/strong> Ud over pr\u00e6parerede skil\u00f8jper er Alta Badia kendt for sit enest\u00e5ende skitur- og freeride-terr\u00e6n. Lokale guider vil tilpasse den ideelle skitur- eller freerideoplevelse til dig, din familie og venner. Avancerede skil\u00f8bere kan endda tilf\u00f8je en personlig guide eller v\u00e6lge en sp\u00e6ndende skisafari gennem Dolomitterne.<\/li>\n<\/ul>\n<p><strong>Skil\u00f8b i Alta Badia<\/strong><\/p>\n<p>Outdoor Italy s\u00f8ger konstant de bedste skidestinationer, og Alta Badia skiller sig ud for sin mangfoldighed og brede muligheder. Beliggende i hjertet af Dolomitterne, lover denne maleriske region en uge med sp\u00e6ndende skil\u00f8b kombineret med overd\u00e5dig luksus, alt centreret omkring det stilfulde La Majun, dit 4-stjernede boutiquehotel med en indbydende spa. Beliggende blot et stenkast fra pisterne, er det her essensen af skil\u00f8b m\u00f8der toppen af komfort.<\/p>\n<p>Alta Badia er stolt af sin evne til at henvende sig til alle slags skil\u00f8bere. Fra blide, begyndervenlige pister, perfekt for de mindste, til udfordrende l\u00f8jper for mere erfarne skil\u00f8bere, finder du de ideelle pister, der matcher dine \u00f8nsker og f\u00e6rdighedsniveau. De fantastiske alpine landskaber g\u00f8r dette til en idyllisk kulisse for vintereventyr.<\/p>\n<p>Dog str\u00e6kker tiltr\u00e6kningen ved Alta Badia sig ud over de pr\u00e6parerede skil\u00f8jper. Det er ogs\u00e5 kendt for sine enest\u00e5ende skiture og freeride muligheder. Her har du chancen for at udforske uber\u00f8rt terr\u00e6n, jage sp\u00e6ndingen ved off-piste skil\u00f8b og krydse baglandet med lethed. For at sikre, at du f\u00e5r mest muligt ud af disse sp\u00e6ndende oplevelser, sikrer vores samarbejde med lokale guider, at du f\u00e5r kyndig vejledning og sikkerhed under hele din tur. De lokale guider vil skr\u00e6ddersy dit skitur- eller freeride-eventyr til din gruppes unikke behov, hvilket sikrer, at du f\u00e5r en mindev\u00e6rdig rejse p\u00e5 pisterne.<\/p>\n<p>For dem med avancerede f\u00e6rdigheder og smag for udforskning venter muligheden for at tilf\u00f8je din personlige guide eller deltage i en skisafari, hvilket giver et ekstra lag af tilpasning til din Dolomites-skioplevelse.<\/p>\n<p>G\u00e5 p\u00e5 ski i Dolomitterne med stil med Outdoor Italy, og begynd en uge med alpin lyksalighed, hvor bjergenes sk\u00f8nhed m\u00f8der luksusen i La Majun, og skaber uforglemmelige minder i hjertet af Alta Badia.<\/p>","protected":false},"excerpt":{"rendered":"<p>Luksusskiferie i hjertet af Dolomitterne. Bo p\u00e5 et 4-stjernet spahotel en kort g\u00e5tur fra pisterne. Privat guide tilg\u00e6ngelig.<\/p>","protected":false},"featured_media":16393,"comment_status":"open","ping_status":"closed","template":"","meta":{"_acf_changed":false,"content-type":"","inline_featured_image":false},"product_brand":[],"product_cat":[302],"product_tag":[],"class_list":{"0":"post-16392","1":"product","2":"type-product","3":"status-publish","4":"has-post-thumbnail","6":"tour_country-italy","7":"tour_destinations-alta-badia","8":"product_cat-ukategoriseret","9":"tour_category-sking","11":"first","12":"instock","13":"virtual","14":"purchasable","15":"product-type-tour"},"acf":[],"yoast_head":"<!-- This site is optimized with the Yoast SEO Premium plugin v27.4 (Yoast SEO v27.4) - https:\/\/yoast.com\/product\/yoast-seo-premium-wordpress\/ -->\n<title>Skiing extravaganza in the heart of the dolomites - Outdoor Europe<\/title>\n<meta name=\"robots\" content=\"index, follow, max-snippet:-1, max-image-preview:large, max-video-preview:-1\" \/>\n<link rel=\"canonical\" href=\"https:\/\/outdooreurope.eu\/da\/ture\/skitouring-italien-dolomitterne-alta-badia-familie-skiferie\/\" \/>\n<meta property=\"og:locale\" content=\"da_DK\" \/>\n<meta property=\"og:type\" content=\"article\" \/>\n<meta property=\"og:title\" content=\"Skiing extravaganza in the heart of the dolomites\" \/>\n<meta property=\"og:description\" content=\"Luxury skiing holiday in the heart of the Dolomites. Stay in a 4 star Spa hotel, just a short walk from the slopes. Private guide available.\" \/>\n<meta property=\"og:url\" content=\"https:\/\/outdooreurope.eu\/da\/ture\/skitouring-italien-dolomitterne-alta-badia-familie-skiferie\/\" \/>\n<meta property=\"og:site_name\" content=\"Outdoor Europe\" \/>\n<meta property=\"article:publisher\" content=\"https:\/\/www.facebook.com\/outdooreurope.eu\" \/>\n<meta property=\"article:modified_time\" content=\"2025-02-03T10:11:28+00:00\" \/>\n<meta property=\"og:image\" content=\"https:\/\/outdooreurope.eu\/wp-content\/uploads\/2024\/01\/freeride-skier-extreme-winter-spots-man-in-helme-2021-10-29-20-25-46-utc-scaled-720x606-1.jpg\" \/>\n\t<meta property=\"og:image:width\" content=\"720\" \/>\n\t<meta property=\"og:image:height\" content=\"606\" \/>\n\t<meta property=\"og:image:type\" content=\"image\/jpeg\" \/>\n<meta name=\"twitter:card\" content=\"summary_large_image\" \/>\n<meta name=\"twitter:label1\" content=\"Pris\" \/>\n\t<meta name=\"twitter:data1\" content=\"&euro;2,195\" \/>\n\t<meta name=\"twitter:label2\" content=\"Tilg\u00e6ngelighed\" \/>\n\t<meta name=\"twitter:data2\" content=\"P\u00e5 lager\" \/>\n<script type=\"application\/ld+json\" class=\"yoast-schema-graph\">{\"@context\":\"https:\\\/\\\/schema.org\",\"@graph\":[{\"@type\":\"WebPage\",\"@id\":\"https:\\\/\\\/outdooreurope.eu\\\/tours\\\/ski-touring-italy-dolomites-alta-badia-hotel-la-majun\\\/\",\"url\":\"https:\\\/\\\/outdooreurope.eu\\\/tours\\\/ski-touring-italy-dolomites-alta-badia-hotel-la-majun\\\/\",\"name\":\"Skiing extravaganza in the heart of the dolomites - Outdoor Europe\",\"isPartOf\":{\"@id\":\"https:\\\/\\\/outdooreurope.eu\\\/#website\"},\"primaryImageOfPage\":{\"@id\":\"https:\\\/\\\/outdooreurope.eu\\\/tours\\\/ski-touring-italy-dolomites-alta-badia-hotel-la-majun\\\/#primaryimage\"},\"image\":{\"@id\":\"https:\\\/\\\/outdooreurope.eu\\\/tours\\\/ski-touring-italy-dolomites-alta-badia-hotel-la-majun\\\/#primaryimage\"},\"thumbnailUrl\":\"https:\\\/\\\/outdooreurope.eu\\\/wp-content\\\/uploads\\\/2024\\\/01\\\/freeride-skier-extreme-winter-spots-man-in-helme-2021-10-29-20-25-46-utc-scaled-720x606-1.jpg\",\"datePublished\":\"2024-01-18T05:18:53+00:00\",\"dateModified\":\"2025-02-03T10:11:28+00:00\",\"breadcrumb\":{\"@id\":\"https:\\\/\\\/outdooreurope.eu\\\/tours\\\/ski-touring-italy-dolomites-alta-badia-hotel-la-majun\\\/#breadcrumb\"},\"inLanguage\":\"da-DK\",\"potentialAction\":[{\"@type\":\"ReadAction\",\"target\":[\"https:\\\/\\\/outdooreurope.eu\\\/tours\\\/ski-touring-italy-dolomites-alta-badia-hotel-la-majun\\\/\"]}]},{\"@type\":\"ImageObject\",\"inLanguage\":\"da-DK\",\"@id\":\"https:\\\/\\\/outdooreurope.eu\\\/tours\\\/ski-touring-italy-dolomites-alta-badia-hotel-la-majun\\\/#primaryimage\",\"url\":\"https:\\\/\\\/outdooreurope.eu\\\/wp-content\\\/uploads\\\/2024\\\/01\\\/freeride-skier-extreme-winter-spots-man-in-helme-2021-10-29-20-25-46-utc-scaled-720x606-1.jpg\",\"contentUrl\":\"https:\\\/\\\/outdooreurope.eu\\\/wp-content\\\/uploads\\\/2024\\\/01\\\/freeride-skier-extreme-winter-spots-man-in-helme-2021-10-29-20-25-46-utc-scaled-720x606-1.jpg\",\"width\":720,\"height\":606},{\"@type\":\"BreadcrumbList\",\"@id\":\"https:\\\/\\\/outdooreurope.eu\\\/tours\\\/ski-touring-italy-dolomites-alta-badia-hotel-la-majun\\\/#breadcrumb\",\"itemListElement\":[{\"@type\":\"ListItem\",\"position\":1,\"name\":\"Hjem\",\"item\":\"https:\\\/\\\/outdooreurope.eu\\\/\"},{\"@type\":\"ListItem\",\"position\":2,\"name\":\"Shop\",\"item\":\"https:\\\/\\\/outdooreurope.eu\\\/shop\\\/\"},{\"@type\":\"ListItem\",\"position\":3,\"name\":\"Skiing extravaganza in the heart of the dolomites\"}]},{\"@type\":\"WebSite\",\"@id\":\"https:\\\/\\\/outdooreurope.eu\\\/#website\",\"url\":\"https:\\\/\\\/outdooreurope.eu\\\/\",\"name\":\"Outdoor Europe\",\"description\":\"Hiking In Europe I Join the trail\",\"potentialAction\":[{\"@type\":\"SearchAction\",\"target\":{\"@type\":\"EntryPoint\",\"urlTemplate\":\"https:\\\/\\\/outdooreurope.eu\\\/?s={search_term_string}\"},\"query-input\":{\"@type\":\"PropertyValueSpecification\",\"valueRequired\":true,\"valueName\":\"search_term_string\"}}],\"inLanguage\":\"da-DK\"}]}<\/script>\n<meta property=\"product:price:amount\" content=\"2195\" \/>\n<meta property=\"product:price:currency\" content=\"EUR\" \/>\n<meta property=\"og:availability\" content=\"instock\" \/>\n<meta property=\"product:availability\" content=\"instock\" \/>\n<meta property=\"product:retailer_item_id\" content=\"16392\" \/>\n<meta property=\"product:condition\" content=\"new\" \/>\n<!-- \/ Yoast SEO Premium plugin. -->","yoast_head_json":{"title":"Skil\u00f8bs-ekstravaganza i hjertet af Dolomitterne - Outdoor Europe","robots":{"index":"index","follow":"follow","max-snippet":"max-snippet:-1","max-image-preview":"max-image-preview:large","max-video-preview":"max-video-preview:-1"},"canonical":"https:\/\/outdooreurope.eu\/da\/ture\/skitouring-italien-dolomitterne-alta-badia-familie-skiferie\/","og_locale":"da_DK","og_type":"article","og_title":"Skiing extravaganza in the heart of the dolomites","og_description":"Luxury skiing holiday in the heart of the Dolomites. Stay in a 4 star Spa hotel, just a short walk from the slopes. Private guide available.","og_url":"https:\/\/outdooreurope.eu\/da\/ture\/skitouring-italien-dolomitterne-alta-badia-familie-skiferie\/","og_site_name":"Outdoor Europe","article_publisher":"https:\/\/www.facebook.com\/outdooreurope.eu","article_modified_time":"2025-02-03T10:11:28+00:00","og_image":[{"width":720,"height":606,"url":"https:\/\/outdooreurope.eu\/wp-content\/uploads\/2024\/01\/freeride-skier-extreme-winter-spots-man-in-helme-2021-10-29-20-25-46-utc-scaled-720x606-1.jpg","type":"image\/jpeg"}],"twitter_card":"summary_large_image","twitter_misc":{"Pris":"&euro;2,195","Tilg\u00e6ngelighed":"P\u00e5 lager"},"schema":{"@context":"https:\/\/schema.org","@graph":[{"@type":"WebPage","@id":"https:\/\/outdooreurope.eu\/tours\/ski-touring-italy-dolomites-alta-badia-hotel-la-majun\/","url":"https:\/\/outdooreurope.eu\/tours\/ski-touring-italy-dolomites-alta-badia-hotel-la-majun\/","name":"Skil\u00f8bs-ekstravaganza i hjertet af Dolomitterne - Outdoor Europe","isPartOf":{"@id":"https:\/\/outdooreurope.eu\/#website"},"primaryImageOfPage":{"@id":"https:\/\/outdooreurope.eu\/tours\/ski-touring-italy-dolomites-alta-badia-hotel-la-majun\/#primaryimage"},"image":{"@id":"https:\/\/outdooreurope.eu\/tours\/ski-touring-italy-dolomites-alta-badia-hotel-la-majun\/#primaryimage"},"thumbnailUrl":"https:\/\/outdooreurope.eu\/wp-content\/uploads\/2024\/01\/freeride-skier-extreme-winter-spots-man-in-helme-2021-10-29-20-25-46-utc-scaled-720x606-1.jpg","datePublished":"2024-01-18T05:18:53+00:00","dateModified":"2025-02-03T10:11:28+00:00","breadcrumb":{"@id":"https:\/\/outdooreurope.eu\/tours\/ski-touring-italy-dolomites-alta-badia-hotel-la-majun\/#breadcrumb"},"inLanguage":"da-DK","potentialAction":[{"@type":"ReadAction","target":["https:\/\/outdooreurope.eu\/tours\/ski-touring-italy-dolomites-alta-badia-hotel-la-majun\/"]}]},{"@type":"ImageObject","inLanguage":"da-DK","@id":"https:\/\/outdooreurope.eu\/tours\/ski-touring-italy-dolomites-alta-badia-hotel-la-majun\/#primaryimage","url":"https:\/\/outdooreurope.eu\/wp-content\/uploads\/2024\/01\/freeride-skier-extreme-winter-spots-man-in-helme-2021-10-29-20-25-46-utc-scaled-720x606-1.jpg","contentUrl":"https:\/\/outdooreurope.eu\/wp-content\/uploads\/2024\/01\/freeride-skier-extreme-winter-spots-man-in-helme-2021-10-29-20-25-46-utc-scaled-720x606-1.jpg","width":720,"height":606},{"@type":"BreadcrumbList","@id":"https:\/\/outdooreurope.eu\/tours\/ski-touring-italy-dolomites-alta-badia-hotel-la-majun\/#breadcrumb","itemListElement":[{"@type":"ListItem","position":1,"name":"Hjem","item":"https:\/\/outdooreurope.eu\/"},{"@type":"ListItem","position":2,"name":"Shop","item":"https:\/\/outdooreurope.eu\/shop\/"},{"@type":"ListItem","position":3,"name":"Skiing extravaganza in the heart of the dolomites"}]},{"@type":"WebSite","@id":"https:\/\/outdooreurope.eu\/#website","url":"https:\/\/outdooreurope.eu\/","name":"Udend\u00f8rs Europa","description":"Vandreture i Europa Jeg slutter mig til stien","potentialAction":[{"@type":"SearchAction","target":{"@type":"EntryPoint","urlTemplate":"https:\/\/outdooreurope.eu\/?s={search_term_string}"},"query-input":{"@type":"PropertyValueSpecification","valueRequired":true,"valueName":"search_term_string"}}],"inLanguage":"da-DK"}]},"product_price_amount":"2195","product_price_currency":"EUR","og_availability":"instock","product_availability":"instock","product_retailer_item_id":"16392","product_condition":"new"},"_links":{"self":[{"href":"https:\/\/outdooreurope.eu\/da\/wp-json\/wp\/v2\/product\/16392","targetHints":{"allow":["GET"]}}],"collection":[{"href":"https:\/\/outdooreurope.eu\/da\/wp-json\/wp\/v2\/product"}],"about":[{"href":"https:\/\/outdooreurope.eu\/da\/wp-json\/wp\/v2\/types\/product"}],"replies":[{"embeddable":true,"href":"https:\/\/outdooreurope.eu\/da\/wp-json\/wp\/v2\/comments?post=16392"}],"wp:featuredmedia":[{"embeddable":true,"href":"https:\/\/outdooreurope.eu\/da\/wp-json\/wp\/v2\/media\/16393"}],"wp:attachment":[{"href":"https:\/\/outdooreurope.eu\/da\/wp-json\/wp\/v2\/media?parent=16392"}],"wp:term":[{"taxonomy":"product_brand","embeddable":true,"href":"https:\/\/outdooreurope.eu\/da\/wp-json\/wp\/v2\/product_brand?post=16392"},{"taxonomy":"product_cat","embeddable":true,"href":"https:\/\/outdooreurope.eu\/da\/wp-json\/wp\/v2\/product_cat?post=16392"},{"taxonomy":"product_tag","embeddable":true,"href":"https:\/\/outdooreurope.eu\/da\/wp-json\/wp\/v2\/product_tag?post=16392"}],"curies":[{"name":"wp","href":"https:\/\/api.w.org\/{rel}","templated":true}]}}