{"id":16439,"date":"2024-01-18T07:31:14","date_gmt":"2024-01-18T06:31:14","guid":{"rendered":"https:\/\/outdooreurope.eu\/?post_type=product&#038;p=16439"},"modified":"2026-02-15T14:44:38","modified_gmt":"2026-02-15T13:44:38","slug":"trailloeb-italien-monte-rosa-hytte-selvguidet","status":"publish","type":"product","link":"https:\/\/outdooreurope.eu\/da\/tours\/trailrunning-italy-monte-rosa-trail-self-guided-trekking\/","title":{"rendered":"L\u00f8b stierne i Monte Rosa: et hytte-til-hytte l\u00f8beeventyr"},"content":{"rendered":"<p>Tag ud p\u00e5 et utroligt l\u00f8beeventyr midt i Monte Rosas betagende landskab. Ikke alene vil du nyde det fantastiske alpine landskab, men du vil ogs\u00e5 nyde varm g\u00e6stfrihed og nyde l\u00e6kkert lokalt k\u00f8kken, mens vi h\u00e5ndterer logistikken og transporterer din bagage fra den ene hyggelige hytte til den anden.<\/p>\n<ul>\n<li><strong>L\u00f8b stierne:<\/strong> Sn\u00f8r l\u00f8beskoene og tag ud p\u00e5 stierne i Monte Rosa, enten p\u00e5 egen h\u00e5nd eller med en gruppe venner. Ruterne er i gennemsnit omkring 10 kilometer lange med en stigning p\u00e5 cirka 1500 meter, hvilket giver den helt rigtige udfordring for ivrige traill\u00f8bere.<\/li>\n<li><strong>Charmerende Rifugios:<\/strong> I l\u00f8bet af din l\u00f8betur vil du hvile dig i sm\u00e5, charmerende Rifugios, hvor vores opm\u00e6rksomme v\u00e6rter vil s\u00f8rge for, at du f\u00f8ler dig hjemme. N\u00e5r aftenen falder p\u00e5, kan du samles med venner eller andre g\u00e6ster for at dele dine eventyr over l\u00e6kker lokal mad og vin. Dette er mere end en ferie; det er en \u00e6gte alpeoplevelse.<\/li>\n<\/ul>","protected":false},"excerpt":{"rendered":"<p>Fem dages l\u00f8b i Lys-dalen ved Monte Rosa. Vi fragter din bagage fra hytte til hytte.<\/p>","protected":false},"featured_media":18322,"comment_status":"open","ping_status":"closed","template":"","meta":{"_acf_changed":false,"content-type":"","inline_featured_image":false},"product_brand":[],"product_cat":[302],"product_tag":[751],"class_list":{"0":"post-16439","1":"product","2":"type-product","3":"status-publish","4":"has-post-thumbnail","6":"tour_country-italy","7":"tour_types-dog-friendly","8":"tour_types-hut-to-hut","9":"tour_types-self-guided","10":"tour_types-bestsellers","11":"product_cat-ukategoriseret","12":"product_tag-trailrunning","13":"pa_duration-5-nights","14":"tour_category-trailrunning-2","16":"first","17":"instock","18":"virtual","19":"purchasable","20":"product-type-tour"},"acf":[],"yoast_head":"<!-- This site is optimized with the Yoast SEO Premium plugin v27.4 (Yoast SEO v27.4) - https:\/\/yoast.com\/product\/yoast-seo-premium-wordpress\/ -->\n<title>Run the Trails of Monte Rosa: Alpine Running Adventure - Outdoor Europe<\/title>\n<meta name=\"description\" content=\"Discover the beauty of Monte Rosa with our thrilling adventure to run the trails of Monte Rosa. Experience stunning scenery and cozy rifugios!\" \/>\n<meta name=\"robots\" content=\"index, follow, max-snippet:-1, max-image-preview:large, max-video-preview:-1\" \/>\n<link rel=\"canonical\" href=\"https:\/\/outdooreurope.eu\/da\/ture\/trailloeb-italien-monte-rosa-hytte-selvguidet\/\" \/>\n<meta property=\"og:locale\" content=\"da_DK\" \/>\n<meta property=\"og:type\" content=\"article\" \/>\n<meta property=\"og:title\" content=\"Run the trails of Monte Rosa: a hut-to-hut trail running adventure\" \/>\n<meta property=\"og:description\" content=\"Five days of running in the Lys Valley by Monte Rosa. We will carry your luggage from hut to hut.\" \/>\n<meta property=\"og:url\" content=\"https:\/\/outdooreurope.eu\/da\/ture\/trailloeb-italien-monte-rosa-hytte-selvguidet\/\" \/>\n<meta property=\"og:site_name\" content=\"Outdoor Europe\" \/>\n<meta property=\"article:publisher\" content=\"https:\/\/www.facebook.com\/outdooreurope.eu\" \/>\n<meta property=\"article:modified_time\" content=\"2026-02-15T13:44:38+00:00\" \/>\n<meta property=\"og:image\" content=\"https:\/\/outdooreurope.eu\/wp-content\/uploads\/2024\/01\/IMG_8565-e1771163049244.jpg\" \/>\n\t<meta property=\"og:image:width\" content=\"1536\" \/>\n\t<meta property=\"og:image:height\" content=\"906\" \/>\n\t<meta property=\"og:image:type\" content=\"image\/jpeg\" \/>\n<meta name=\"twitter:card\" content=\"summary_large_image\" \/>\n<meta name=\"twitter:label1\" content=\"Pris\" \/>\n\t<meta name=\"twitter:data1\" content=\"&euro;995\" \/>\n\t<meta name=\"twitter:label2\" content=\"Tilg\u00e6ngelighed\" \/>\n\t<meta name=\"twitter:data2\" content=\"P\u00e5 lager\" \/>\n<script type=\"application\/ld+json\" class=\"yoast-schema-graph\">{\"@context\":\"https:\\\/\\\/schema.org\",\"@graph\":[{\"@type\":\"WebPage\",\"@id\":\"https:\\\/\\\/outdooreurope.eu\\\/tours\\\/trailrunning-italy-monte-rosa-trail-self-guided-trekking\\\/\",\"url\":\"https:\\\/\\\/outdooreurope.eu\\\/tours\\\/trailrunning-italy-monte-rosa-trail-self-guided-trekking\\\/\",\"name\":\"Run the Trails of Monte Rosa: Alpine Running Adventure - Outdoor Europe\",\"isPartOf\":{\"@id\":\"https:\\\/\\\/outdooreurope.eu\\\/#website\"},\"primaryImageOfPage\":{\"@id\":\"https:\\\/\\\/outdooreurope.eu\\\/tours\\\/trailrunning-italy-monte-rosa-trail-self-guided-trekking\\\/#primaryimage\"},\"image\":{\"@id\":\"https:\\\/\\\/outdooreurope.eu\\\/tours\\\/trailrunning-italy-monte-rosa-trail-self-guided-trekking\\\/#primaryimage\"},\"thumbnailUrl\":\"https:\\\/\\\/outdooreurope.eu\\\/wp-content\\\/uploads\\\/2024\\\/01\\\/IMG_8565-e1771163049244.jpg\",\"datePublished\":\"2024-01-18T06:31:14+00:00\",\"dateModified\":\"2026-02-15T13:44:38+00:00\",\"description\":\"Discover the beauty of Monte Rosa with our thrilling adventure to run the trails of Monte Rosa. Experience stunning scenery and cozy rifugios!\",\"breadcrumb\":{\"@id\":\"https:\\\/\\\/outdooreurope.eu\\\/tours\\\/trailrunning-italy-monte-rosa-trail-self-guided-trekking\\\/#breadcrumb\"},\"inLanguage\":\"da-DK\",\"potentialAction\":[{\"@type\":\"ReadAction\",\"target\":[\"https:\\\/\\\/outdooreurope.eu\\\/tours\\\/trailrunning-italy-monte-rosa-trail-self-guided-trekking\\\/\"]}]},{\"@type\":\"ImageObject\",\"inLanguage\":\"da-DK\",\"@id\":\"https:\\\/\\\/outdooreurope.eu\\\/tours\\\/trailrunning-italy-monte-rosa-trail-self-guided-trekking\\\/#primaryimage\",\"url\":\"https:\\\/\\\/outdooreurope.eu\\\/wp-content\\\/uploads\\\/2024\\\/01\\\/IMG_8565-e1771163049244.jpg\",\"contentUrl\":\"https:\\\/\\\/outdooreurope.eu\\\/wp-content\\\/uploads\\\/2024\\\/01\\\/IMG_8565-e1771163049244.jpg\",\"width\":1536,\"height\":906},{\"@type\":\"BreadcrumbList\",\"@id\":\"https:\\\/\\\/outdooreurope.eu\\\/tours\\\/trailrunning-italy-monte-rosa-trail-self-guided-trekking\\\/#breadcrumb\",\"itemListElement\":[{\"@type\":\"ListItem\",\"position\":1,\"name\":\"Hjem\",\"item\":\"https:\\\/\\\/outdooreurope.eu\\\/\"},{\"@type\":\"ListItem\",\"position\":2,\"name\":\"Shop\",\"item\":\"https:\\\/\\\/outdooreurope.eu\\\/shop\\\/\"},{\"@type\":\"ListItem\",\"position\":3,\"name\":\"Run the trails of Monte Rosa: a hut-to-hut trail running adventure\"}]},{\"@type\":\"WebSite\",\"@id\":\"https:\\\/\\\/outdooreurope.eu\\\/#website\",\"url\":\"https:\\\/\\\/outdooreurope.eu\\\/\",\"name\":\"Outdoor Europe\",\"description\":\"Hiking In Europe I Join the trail\",\"potentialAction\":[{\"@type\":\"SearchAction\",\"target\":{\"@type\":\"EntryPoint\",\"urlTemplate\":\"https:\\\/\\\/outdooreurope.eu\\\/?s={search_term_string}\"},\"query-input\":{\"@type\":\"PropertyValueSpecification\",\"valueRequired\":true,\"valueName\":\"search_term_string\"}}],\"inLanguage\":\"da-DK\"}]}<\/script>\n<meta property=\"product:price:amount\" content=\"995\" \/>\n<meta property=\"product:price:currency\" content=\"EUR\" \/>\n<meta property=\"og:availability\" content=\"instock\" \/>\n<meta property=\"product:availability\" content=\"instock\" \/>\n<meta property=\"product:retailer_item_id\" content=\"16439\" \/>\n<meta property=\"product:condition\" content=\"new\" \/>\n<!-- \/ Yoast SEO Premium plugin. -->","yoast_head_json":{"title":"L\u00f8b p\u00e5 stierne i Monte Rosa: Alpint l\u00f8beeventyr - Outdoor Europe","description":"Oplev sk\u00f8nheden i Monte Rosa med vores sp\u00e6ndende eventyr for at l\u00f8be p\u00e5 stierne i Monte Rosa. Oplev en fantastisk natur og hyggelige rifugios!","robots":{"index":"index","follow":"follow","max-snippet":"max-snippet:-1","max-image-preview":"max-image-preview:large","max-video-preview":"max-video-preview:-1"},"canonical":"https:\/\/outdooreurope.eu\/da\/ture\/trailloeb-italien-monte-rosa-hytte-selvguidet\/","og_locale":"da_DK","og_type":"article","og_title":"Run the trails of Monte Rosa: a hut-to-hut trail running adventure","og_description":"Five days of running in the Lys Valley by Monte Rosa. We will carry your luggage from hut to hut.","og_url":"https:\/\/outdooreurope.eu\/da\/ture\/trailloeb-italien-monte-rosa-hytte-selvguidet\/","og_site_name":"Outdoor Europe","article_publisher":"https:\/\/www.facebook.com\/outdooreurope.eu","article_modified_time":"2026-02-15T13:44:38+00:00","og_image":[{"width":1536,"height":906,"url":"https:\/\/outdooreurope.eu\/wp-content\/uploads\/2024\/01\/IMG_8565-e1771163049244.jpg","type":"image\/jpeg"}],"twitter_card":"summary_large_image","twitter_misc":{"Pris":"&euro;995","Tilg\u00e6ngelighed":"P\u00e5 lager"},"schema":{"@context":"https:\/\/schema.org","@graph":[{"@type":"WebPage","@id":"https:\/\/outdooreurope.eu\/tours\/trailrunning-italy-monte-rosa-trail-self-guided-trekking\/","url":"https:\/\/outdooreurope.eu\/tours\/trailrunning-italy-monte-rosa-trail-self-guided-trekking\/","name":"L\u00f8b p\u00e5 stierne i Monte Rosa: Alpint l\u00f8beeventyr - Outdoor Europe","isPartOf":{"@id":"https:\/\/outdooreurope.eu\/#website"},"primaryImageOfPage":{"@id":"https:\/\/outdooreurope.eu\/tours\/trailrunning-italy-monte-rosa-trail-self-guided-trekking\/#primaryimage"},"image":{"@id":"https:\/\/outdooreurope.eu\/tours\/trailrunning-italy-monte-rosa-trail-self-guided-trekking\/#primaryimage"},"thumbnailUrl":"https:\/\/outdooreurope.eu\/wp-content\/uploads\/2024\/01\/IMG_8565-e1771163049244.jpg","datePublished":"2024-01-18T06:31:14+00:00","dateModified":"2026-02-15T13:44:38+00:00","description":"Oplev sk\u00f8nheden i Monte Rosa med vores sp\u00e6ndende eventyr for at l\u00f8be p\u00e5 stierne i Monte Rosa. Oplev en fantastisk natur og hyggelige rifugios!","breadcrumb":{"@id":"https:\/\/outdooreurope.eu\/tours\/trailrunning-italy-monte-rosa-trail-self-guided-trekking\/#breadcrumb"},"inLanguage":"da-DK","potentialAction":[{"@type":"ReadAction","target":["https:\/\/outdooreurope.eu\/tours\/trailrunning-italy-monte-rosa-trail-self-guided-trekking\/"]}]},{"@type":"ImageObject","inLanguage":"da-DK","@id":"https:\/\/outdooreurope.eu\/tours\/trailrunning-italy-monte-rosa-trail-self-guided-trekking\/#primaryimage","url":"https:\/\/outdooreurope.eu\/wp-content\/uploads\/2024\/01\/IMG_8565-e1771163049244.jpg","contentUrl":"https:\/\/outdooreurope.eu\/wp-content\/uploads\/2024\/01\/IMG_8565-e1771163049244.jpg","width":1536,"height":906},{"@type":"BreadcrumbList","@id":"https:\/\/outdooreurope.eu\/tours\/trailrunning-italy-monte-rosa-trail-self-guided-trekking\/#breadcrumb","itemListElement":[{"@type":"ListItem","position":1,"name":"Hjem","item":"https:\/\/outdooreurope.eu\/"},{"@type":"ListItem","position":2,"name":"Shop","item":"https:\/\/outdooreurope.eu\/shop\/"},{"@type":"ListItem","position":3,"name":"Run the trails of Monte Rosa: a hut-to-hut trail running adventure"}]},{"@type":"WebSite","@id":"https:\/\/outdooreurope.eu\/#website","url":"https:\/\/outdooreurope.eu\/","name":"Udend\u00f8rs Europa","description":"Vandreture i Europa Jeg slutter mig til stien","potentialAction":[{"@type":"SearchAction","target":{"@type":"EntryPoint","urlTemplate":"https:\/\/outdooreurope.eu\/?s={search_term_string}"},"query-input":{"@type":"PropertyValueSpecification","valueRequired":true,"valueName":"search_term_string"}}],"inLanguage":"da-DK"}]},"product_price_amount":"995","product_price_currency":"EUR","og_availability":"instock","product_availability":"instock","product_retailer_item_id":"16439","product_condition":"new"},"_links":{"self":[{"href":"https:\/\/outdooreurope.eu\/da\/wp-json\/wp\/v2\/product\/16439","targetHints":{"allow":["GET"]}}],"collection":[{"href":"https:\/\/outdooreurope.eu\/da\/wp-json\/wp\/v2\/product"}],"about":[{"href":"https:\/\/outdooreurope.eu\/da\/wp-json\/wp\/v2\/types\/product"}],"replies":[{"embeddable":true,"href":"https:\/\/outdooreurope.eu\/da\/wp-json\/wp\/v2\/comments?post=16439"}],"wp:featuredmedia":[{"embeddable":true,"href":"https:\/\/outdooreurope.eu\/da\/wp-json\/wp\/v2\/media\/18322"}],"wp:attachment":[{"href":"https:\/\/outdooreurope.eu\/da\/wp-json\/wp\/v2\/media?parent=16439"}],"wp:term":[{"taxonomy":"product_brand","embeddable":true,"href":"https:\/\/outdooreurope.eu\/da\/wp-json\/wp\/v2\/product_brand?post=16439"},{"taxonomy":"product_cat","embeddable":true,"href":"https:\/\/outdooreurope.eu\/da\/wp-json\/wp\/v2\/product_cat?post=16439"},{"taxonomy":"product_tag","embeddable":true,"href":"https:\/\/outdooreurope.eu\/da\/wp-json\/wp\/v2\/product_tag?post=16439"}],"curies":[{"name":"wp","href":"https:\/\/api.w.org\/{rel}","templated":true}]}}