{"id":16470,"date":"2024-01-18T07:57:11","date_gmt":"2024-01-18T06:57:11","guid":{"rendered":"https:\/\/outdooreurope.eu\/?post_type=product&#038;p=16470"},"modified":"2025-02-03T13:09:58","modified_gmt":"2025-02-03T12:09:58","slug":"bjergbestigning-alpinisme-italien-monte-rosa","status":"publish","type":"product","link":"https:\/\/outdooreurope.eu\/da\/tours\/mountain-climbing-alpinism-italy-monte-rosa\/","title":{"rendered":"Erobre Europas h\u00f8jeste tinder: bestigning af Monte Rosa (4556m) \u2013 lille gruppeudgave"},"content":{"rendered":"<p><strong>Erobr Europas h\u00f8jeste tinder: Bestigningseventyr p\u00e5 Monte Rosa<\/strong><\/p>\n<p>Tag p\u00e5 en ekstraordin\u00e6r ekspedition med Outdoor Italy, n\u00e5r vi inviterer eventyrere og f\u00f8rstegangsbestigere til at erobre Monte Rosa, en af Europas ikoniske +4.000 meter h\u00f8je tinder, og bes\u00f8ge kontinentets h\u00f8jest beliggende bygning, den \u00e6refrygtindgydende Capanna Margherita, der ligger oppe. p\u00e5 betagende 4.556 meter over havets overflade.<\/p>\n<p><iframe title=\"Den ultimative flugt: en pilgrimsrejse til Europas h\u00f8jeste hotel | FT\" width=\"748\" height=\"421\" src=\"https:\/\/www.youtube.com\/embed\/kT583c2E1Vc?feature=oembed\" frameborder=\"0\" allow=\"accelerometer; autoplay; clipboard-write; encrypted-media; gyroscope; picture-in-picture; web-share\" referrerpolicy=\"strict-origin-when-cross-origin\" allowfullscreen><\/iframe><\/p>\n<p><strong>Turens h\u00f8jdepunkter:<\/strong><\/p>\n<ul>\n<li><strong>Akklimatisering og udforskning:<\/strong> Inden din store bestigning kan du nyde to dages akklimatisering i den fascinerende alpine region omkring Monte Rosa. Udforsk lavere tinder, fork\u00e6l dig selv med l\u00e6kre lokale retter, og nyd de betagende udsigter, der g\u00f8r dette hj\u00f8rne af Italien s\u00e5 unikt.<\/li>\n<li><strong>Rifugio Gnifetti base:<\/strong> Dit h\u00f8jalpine eventyr udfolder sig, mens du tager til Rifugio Gnifetti, der ligger 3.647 meter over havets overflade. Dette hyggelige tilflugtssted bliver din basislejr for den forest\u00e5ende opstigning til Capanna Margherita.<\/li>\n<li><strong>Topm\u00f8dedag:<\/strong> P\u00e5 dagen for din opstigning til Capanna Margherita, vil du st\u00e5 op f\u00f8r daggry og begive dig ud p\u00e5 en gletscherkl\u00e6dt rejse fyldt med \u00e6refrygtindgydende \u00f8jeblikke. Turen f\u00f8rer til d\u00f8ren til Rifugio Margherita, hvor du vil nyde en velfortjent frokost og nyde den spektakul\u00e6re udsigt, som den h\u00f8jeste bygning i Europa tilbyder.<\/li>\n<\/ul>\n<p><strong>Forudbestemt rundvisning, begr\u00e6nset antal pladser:<\/strong><\/p>\n<p>Denne enest\u00e5ende mulighed er begr\u00e6nset til kun fem deltagere. Selvom du ikke beh\u00f8ver at v\u00e6re en erfaren klatrer, er fremragende fysisk kondition og en dyb respekt for udfordringerne i h\u00f8jalpint terr\u00e6n afg\u00f8rende. Frygt ikke, da din rejse vil blive guidet af en lokal ekspert med et internationalt guidecertifikat, som kender Monte Rosa indg\u00e5ende.<\/p>\n<p><strong>Skr\u00e6ddersyede oplevelser:<\/strong><\/p>\n<p>Hvis den planlagte tur ikke stemmer overens med din tilg\u00e6ngelighed, tilbyder Outdoor Italy dette utrolige eventyr for individuelle rejsende eller grupper p\u00e5 fleksible datoer. Du skal blot kontakte os for at anmode om et personligt tilbud, der passer til dine pr\u00e6ferencer.<\/p>\n<p><strong>Begiv dig ud p\u00e5 dit livs eventyr:<\/strong><\/p>\n<p>Monte Rosa, med sine t\u00e5rnh\u00f8je tinder og den f\u00e6ngslende Capanna Margherita, venter sp\u00e6ndt p\u00e5 din tilstedev\u00e6relse. Dette er din chance for at erobre Europas h\u00f8jeste bygning, mens du fordyber dig i den \u00e6refrygtindgydende sk\u00f8nhed i de italienske alper. Sn\u00f8r vandrest\u00f8vlerne, forbered dig p\u00e5 en uforglemmelig opstigning, og g\u00f8r dig klar til at toppe Monte Rosa med Outdoor Italy. G\u00e5 ikke glip af denne utrolige mulighed for et mindev\u00e6rdigt alpine eventyr.<\/p>","protected":false},"excerpt":{"rendered":"<p>Fire dages eventyr p\u00e5 Monte Rosa med opstigning til Capanna Margherita (4556 m).<\/p>","protected":false},"featured_media":16471,"comment_status":"closed","ping_status":"closed","template":"","meta":{"_acf_changed":false,"content-type":"","inline_featured_image":false},"product_brand":[],"product_cat":[302],"product_tag":[753],"class_list":{"0":"post-16470","1":"product","2":"type-product","3":"status-publish","4":"has-post-thumbnail","6":"tour_country-italy","7":"tour_types-groups-with-guide","8":"tour_types-advanced","9":"product_cat-ukategoriseret","10":"product_tag-monterosa","11":"pa_duration-4-days","12":"tour_category-alpinism","14":"first","15":"instock","16":"downloadable","17":"shipping-taxable","18":"purchasable","19":"product-type-tour"},"acf":[],"yoast_head":"<!-- This site is optimized with the Yoast SEO Premium plugin v27.6 (Yoast SEO v27.6) - https:\/\/yoast.com\/product\/yoast-seo-premium-wordpress\/ -->\n<title>Conquer europe&#039;s highest peaks: climb monte rosa (4556m) - small group edition - Outdoor Europe<\/title>\n<meta name=\"robots\" content=\"index, follow, max-snippet:-1, max-image-preview:large, max-video-preview:-1\" \/>\n<link rel=\"canonical\" href=\"https:\/\/outdooreurope.eu\/da\/ture\/bjergbestigning-alpinisme-italien-monte-rosa\/\" \/>\n<meta property=\"og:locale\" content=\"da_DK\" \/>\n<meta property=\"og:type\" content=\"article\" \/>\n<meta property=\"og:title\" content=\"Conquer europe&#039;s highest peaks: climb monte rosa (4556m) - small group edition\" \/>\n<meta property=\"og:description\" content=\"Four day adventure on Monte Rosa with ascent to Capanna Margherita (4556 m).\" \/>\n<meta property=\"og:url\" content=\"https:\/\/outdooreurope.eu\/da\/ture\/bjergbestigning-alpinisme-italien-monte-rosa\/\" \/>\n<meta property=\"og:site_name\" content=\"Outdoor Europe\" \/>\n<meta property=\"article:publisher\" content=\"https:\/\/www.facebook.com\/outdooreurope.eu\" \/>\n<meta property=\"article:modified_time\" content=\"2025-02-03T12:09:58+00:00\" \/>\n<meta property=\"og:image\" content=\"https:\/\/outdooreurope.eu\/wp-content\/uploads\/2024\/01\/Capanna-Margherita-720x606-1.jpg\" \/>\n\t<meta property=\"og:image:width\" content=\"720\" \/>\n\t<meta property=\"og:image:height\" content=\"606\" \/>\n\t<meta property=\"og:image:type\" content=\"image\/jpeg\" \/>\n<meta name=\"twitter:card\" content=\"summary_large_image\" \/>\n<meta name=\"twitter:label1\" content=\"Pris\" \/>\n\t<meta name=\"twitter:data1\" content=\"&euro;1,295\" \/>\n\t<meta name=\"twitter:label2\" content=\"Tilg\u00e6ngelighed\" \/>\n\t<meta name=\"twitter:data2\" content=\"P\u00e5 lager\" \/>\n<script type=\"application\/ld+json\" class=\"yoast-schema-graph\">{\"@context\":\"https:\\\/\\\/schema.org\",\"@graph\":[{\"@type\":\"WebPage\",\"@id\":\"https:\\\/\\\/outdooreurope.eu\\\/tours\\\/mountain-climbing-alpinism-italy-monte-rosa\\\/\",\"url\":\"https:\\\/\\\/outdooreurope.eu\\\/tours\\\/mountain-climbing-alpinism-italy-monte-rosa\\\/\",\"name\":\"Conquer europe's highest peaks: climb monte rosa (4556m) - small group edition - Outdoor Europe\",\"isPartOf\":{\"@id\":\"https:\\\/\\\/outdooreurope.eu\\\/#website\"},\"primaryImageOfPage\":{\"@id\":\"https:\\\/\\\/outdooreurope.eu\\\/tours\\\/mountain-climbing-alpinism-italy-monte-rosa\\\/#primaryimage\"},\"image\":{\"@id\":\"https:\\\/\\\/outdooreurope.eu\\\/tours\\\/mountain-climbing-alpinism-italy-monte-rosa\\\/#primaryimage\"},\"thumbnailUrl\":\"https:\\\/\\\/outdooreurope.eu\\\/wp-content\\\/uploads\\\/2024\\\/01\\\/Capanna-Margherita-720x606-1.jpg\",\"datePublished\":\"2024-01-18T06:57:11+00:00\",\"dateModified\":\"2025-02-03T12:09:58+00:00\",\"breadcrumb\":{\"@id\":\"https:\\\/\\\/outdooreurope.eu\\\/tours\\\/mountain-climbing-alpinism-italy-monte-rosa\\\/#breadcrumb\"},\"inLanguage\":\"da-DK\",\"potentialAction\":[{\"@type\":\"ReadAction\",\"target\":[\"https:\\\/\\\/outdooreurope.eu\\\/tours\\\/mountain-climbing-alpinism-italy-monte-rosa\\\/\"]}]},{\"@type\":\"ImageObject\",\"inLanguage\":\"da-DK\",\"@id\":\"https:\\\/\\\/outdooreurope.eu\\\/tours\\\/mountain-climbing-alpinism-italy-monte-rosa\\\/#primaryimage\",\"url\":\"https:\\\/\\\/outdooreurope.eu\\\/wp-content\\\/uploads\\\/2024\\\/01\\\/Capanna-Margherita-720x606-1.jpg\",\"contentUrl\":\"https:\\\/\\\/outdooreurope.eu\\\/wp-content\\\/uploads\\\/2024\\\/01\\\/Capanna-Margherita-720x606-1.jpg\",\"width\":720,\"height\":606},{\"@type\":\"BreadcrumbList\",\"@id\":\"https:\\\/\\\/outdooreurope.eu\\\/tours\\\/mountain-climbing-alpinism-italy-monte-rosa\\\/#breadcrumb\",\"itemListElement\":[{\"@type\":\"ListItem\",\"position\":1,\"name\":\"Hjem\",\"item\":\"https:\\\/\\\/outdooreurope.eu\\\/\"},{\"@type\":\"ListItem\",\"position\":2,\"name\":\"Shop\",\"item\":\"https:\\\/\\\/outdooreurope.eu\\\/shop\\\/\"},{\"@type\":\"ListItem\",\"position\":3,\"name\":\"Conquer europe&#8217;s highest peaks: climb monte rosa (4556m) &#8211; small group edition\"}]},{\"@type\":\"WebSite\",\"@id\":\"https:\\\/\\\/outdooreurope.eu\\\/#website\",\"url\":\"https:\\\/\\\/outdooreurope.eu\\\/\",\"name\":\"Outdoor Europe\",\"description\":\"Hiking In Europe I Join the trail\",\"potentialAction\":[{\"@type\":\"SearchAction\",\"target\":{\"@type\":\"EntryPoint\",\"urlTemplate\":\"https:\\\/\\\/outdooreurope.eu\\\/?s={search_term_string}\"},\"query-input\":{\"@type\":\"PropertyValueSpecification\",\"valueRequired\":true,\"valueName\":\"search_term_string\"}}],\"inLanguage\":\"da-DK\"}]}<\/script>\n<meta property=\"product:price:amount\" content=\"1295\" \/>\n<meta property=\"product:price:currency\" content=\"EUR\" \/>\n<meta property=\"og:availability\" content=\"instock\" \/>\n<meta property=\"product:availability\" content=\"instock\" \/>\n<meta property=\"product:retailer_item_id\" content=\"16470\" \/>\n<meta property=\"product:condition\" content=\"new\" \/>\n<!-- \/ Yoast SEO Premium plugin. -->","yoast_head_json":{"title":"Erobre Europas h\u00f8jeste tinder: bestigning af Monte Rosa (4556m) - lille gruppeudgave - Udend\u00f8rs Europa","robots":{"index":"index","follow":"follow","max-snippet":"max-snippet:-1","max-image-preview":"max-image-preview:large","max-video-preview":"max-video-preview:-1"},"canonical":"https:\/\/outdooreurope.eu\/da\/ture\/bjergbestigning-alpinisme-italien-monte-rosa\/","og_locale":"da_DK","og_type":"article","og_title":"Conquer europe's highest peaks: climb monte rosa (4556m) - small group edition","og_description":"Four day adventure on Monte Rosa with ascent to Capanna Margherita (4556 m).","og_url":"https:\/\/outdooreurope.eu\/da\/ture\/bjergbestigning-alpinisme-italien-monte-rosa\/","og_site_name":"Outdoor Europe","article_publisher":"https:\/\/www.facebook.com\/outdooreurope.eu","article_modified_time":"2025-02-03T12:09:58+00:00","og_image":[{"width":720,"height":606,"url":"https:\/\/outdooreurope.eu\/wp-content\/uploads\/2024\/01\/Capanna-Margherita-720x606-1.jpg","type":"image\/jpeg"}],"twitter_card":"summary_large_image","twitter_misc":{"Pris":"&euro;1,295","Tilg\u00e6ngelighed":"P\u00e5 lager"},"schema":{"@context":"https:\/\/schema.org","@graph":[{"@type":"WebPage","@id":"https:\/\/outdooreurope.eu\/tours\/mountain-climbing-alpinism-italy-monte-rosa\/","url":"https:\/\/outdooreurope.eu\/tours\/mountain-climbing-alpinism-italy-monte-rosa\/","name":"Erobre Europas h\u00f8jeste tinder: bestigning af Monte Rosa (4556m) - lille gruppeudgave - Udend\u00f8rs Europa","isPartOf":{"@id":"https:\/\/outdooreurope.eu\/#website"},"primaryImageOfPage":{"@id":"https:\/\/outdooreurope.eu\/tours\/mountain-climbing-alpinism-italy-monte-rosa\/#primaryimage"},"image":{"@id":"https:\/\/outdooreurope.eu\/tours\/mountain-climbing-alpinism-italy-monte-rosa\/#primaryimage"},"thumbnailUrl":"https:\/\/outdooreurope.eu\/wp-content\/uploads\/2024\/01\/Capanna-Margherita-720x606-1.jpg","datePublished":"2024-01-18T06:57:11+00:00","dateModified":"2025-02-03T12:09:58+00:00","breadcrumb":{"@id":"https:\/\/outdooreurope.eu\/tours\/mountain-climbing-alpinism-italy-monte-rosa\/#breadcrumb"},"inLanguage":"da-DK","potentialAction":[{"@type":"ReadAction","target":["https:\/\/outdooreurope.eu\/tours\/mountain-climbing-alpinism-italy-monte-rosa\/"]}]},{"@type":"ImageObject","inLanguage":"da-DK","@id":"https:\/\/outdooreurope.eu\/tours\/mountain-climbing-alpinism-italy-monte-rosa\/#primaryimage","url":"https:\/\/outdooreurope.eu\/wp-content\/uploads\/2024\/01\/Capanna-Margherita-720x606-1.jpg","contentUrl":"https:\/\/outdooreurope.eu\/wp-content\/uploads\/2024\/01\/Capanna-Margherita-720x606-1.jpg","width":720,"height":606},{"@type":"BreadcrumbList","@id":"https:\/\/outdooreurope.eu\/tours\/mountain-climbing-alpinism-italy-monte-rosa\/#breadcrumb","itemListElement":[{"@type":"ListItem","position":1,"name":"Hjem","item":"https:\/\/outdooreurope.eu\/"},{"@type":"ListItem","position":2,"name":"Shop","item":"https:\/\/outdooreurope.eu\/shop\/"},{"@type":"ListItem","position":3,"name":"Conquer europe&#8217;s highest peaks: climb monte rosa (4556m) &#8211; small group edition"}]},{"@type":"WebSite","@id":"https:\/\/outdooreurope.eu\/#website","url":"https:\/\/outdooreurope.eu\/","name":"Udend\u00f8rs Europa","description":"Vandreture i Europa Jeg slutter mig til stien","potentialAction":[{"@type":"SearchAction","target":{"@type":"EntryPoint","urlTemplate":"https:\/\/outdooreurope.eu\/?s={search_term_string}"},"query-input":{"@type":"PropertyValueSpecification","valueRequired":true,"valueName":"search_term_string"}}],"inLanguage":"da-DK"}]},"product_price_amount":"1295","product_price_currency":"EUR","og_availability":"instock","product_availability":"instock","product_retailer_item_id":"16470","product_condition":"new"},"_links":{"self":[{"href":"https:\/\/outdooreurope.eu\/da\/wp-json\/wp\/v2\/product\/16470","targetHints":{"allow":["GET"]}}],"collection":[{"href":"https:\/\/outdooreurope.eu\/da\/wp-json\/wp\/v2\/product"}],"about":[{"href":"https:\/\/outdooreurope.eu\/da\/wp-json\/wp\/v2\/types\/product"}],"replies":[{"embeddable":true,"href":"https:\/\/outdooreurope.eu\/da\/wp-json\/wp\/v2\/comments?post=16470"}],"wp:featuredmedia":[{"embeddable":true,"href":"https:\/\/outdooreurope.eu\/da\/wp-json\/wp\/v2\/media\/16471"}],"wp:attachment":[{"href":"https:\/\/outdooreurope.eu\/da\/wp-json\/wp\/v2\/media?parent=16470"}],"wp:term":[{"taxonomy":"product_brand","embeddable":true,"href":"https:\/\/outdooreurope.eu\/da\/wp-json\/wp\/v2\/product_brand?post=16470"},{"taxonomy":"product_cat","embeddable":true,"href":"https:\/\/outdooreurope.eu\/da\/wp-json\/wp\/v2\/product_cat?post=16470"},{"taxonomy":"product_tag","embeddable":true,"href":"https:\/\/outdooreurope.eu\/da\/wp-json\/wp\/v2\/product_tag?post=16470"}],"curies":[{"name":"wp","href":"https:\/\/api.w.org\/{rel}","templated":true}]}}