{"id":16509,"date":"2024-01-18T09:49:31","date_gmt":"2024-01-18T08:49:31","guid":{"rendered":"https:\/\/outdooreurope.eu\/?post_type=product&#038;p=16509"},"modified":"2026-02-14T17:01:22","modified_gmt":"2026-02-14T16:01:22","slug":"trailloeb-italien-dolomitterne-selvguidet-trail","status":"publish","type":"product","link":"https:\/\/outdooreurope.eu\/da\/tours\/trailrunning-italy-dolomites-trail-hut-to-hut-self-guided\/","title":{"rendered":"L\u00f8b dolomitterne: en klassisk hytte-til-hytte l\u00f8be-ekspedition"},"content":{"rendered":"<h3><strong>L\u00f8b i Dolomitterne: En klassisk hytte-til-hytte traill\u00f8beekspedition<\/strong><\/h3>\n<p>Tag ud p\u00e5 et uforglemmeligt l\u00f8beeventyr langs den ikoniske Alta Via N.1 - en klassisk hytte-til-hytte-sti gennem de \u00e6refrygtindgydende Dolomitter. L\u00f8b langs nogle af de mest exceptionelle stier, de italienske alper har at tilbyde. Dolomitterne, der er hjemsted for nogle af de mest ber\u00f8mte bjergstier, s\u00e5som Lavaredo Ultra Trail og Dolomite Extreme Trail, venter p\u00e5 dine fodspor.<\/p>\n<p><strong>Turens h\u00f8jdepunkter:<\/strong><\/p>\n<ul>\n<li><strong>Alta Via N.1-oplevelse:<\/strong> K\u00f8r gennem den bem\u00e6rkelsesv\u00e6rdige Alta Via N.1, der er kendt for sin enest\u00e5ende sk\u00f8nhed og unikke karakter. L\u00f8b langs en sti, der snor sig gennem Dolomitternes dramatiske landskaber, hvilket giver en uforglemmelig l\u00f8beoplevelse i bjergene.<\/li>\n<li><strong>Hytte-til-hytte eventyr:<\/strong> Dette er en klassisk hytte-til-hytte l\u00f8bstur. Hver dag l\u00f8ber du mellem charmerende bjerghytter og fordyber dig i Dolomitternes rolige sk\u00f8nhed, mens du nyder hyggelig indkvartering og solide alpine m\u00e5ltider.<\/li>\n<\/ul>\n<p>&nbsp;<\/p>","protected":false},"excerpt":{"rendered":"<p>L\u00f8b den legendariske Alta Via 1 som et syv-dages selvguidet traill\u00f8beeventyr gennem hjertet af <span class=\"hover:entity-accent entity-underline inline cursor-pointer align-baseline\"><span class=\"whitespace-normal\">Dolomitterne<\/span><\/span>. Starter og slutter i <span class=\"hover:entity-accent entity-underline inline cursor-pointer align-baseline\"><span class=\"whitespace-normal\">Cortina d&#039;Ampezzo<\/span><\/span>, denne rejse fra hytte til hytte tager dig gennem h\u00f8jalpine pas, dramatiske kalkstenstoppe og afsidesliggende bjerglandskaber.<\/p>","protected":false},"featured_media":16510,"comment_status":"open","ping_status":"closed","template":"","meta":{"_acf_changed":false,"content-type":"","inline_featured_image":false},"product_brand":[],"product_cat":[302],"product_tag":[],"class_list":{"0":"post-16509","1":"product","2":"type-product","3":"status-publish","4":"has-post-thumbnail","6":"tour_country-italy","7":"tour_types-hut-to-hut","8":"tour_types-self-guided","9":"product_cat-ukategoriseret","10":"pa_duration-7-days","11":"tour_category-trailrunning-2","13":"first","14":"instock","15":"shipping-taxable","16":"purchasable","17":"product-type-tour"},"acf":[],"yoast_head":"<!-- This site is optimized with the Yoast SEO Premium plugin v27.5 (Yoast SEO v27.5) - https:\/\/yoast.com\/product\/yoast-seo-premium-wordpress\/ -->\n<title>Run the Dolomites: Epic Trail Running Adventure Now - Outdoor Europe<\/title>\n<meta name=\"description\" content=\"Experience the thrill of adventure with our Run the Dolomites trails! Discover breathtaking views while trail running along Alta Via N.1.\" \/>\n<meta name=\"robots\" content=\"index, follow, max-snippet:-1, max-image-preview:large, max-video-preview:-1\" \/>\n<link rel=\"canonical\" href=\"https:\/\/outdooreurope.eu\/da\/ture\/trailloeb-italien-dolomitterne-selvguidet-trail\/\" \/>\n<meta property=\"og:locale\" content=\"da_DK\" \/>\n<meta property=\"og:type\" content=\"article\" \/>\n<meta property=\"og:title\" content=\"Run the dolomites: a classic hut-to-hut trail running expedition\" \/>\n<meta property=\"og:description\" content=\"Run the legendary Alta Via 1 as a seven-day self-guided trail running adventure through the heart of the Dolomites. Starting and ending in Cortina d&#039;Ampezzo, this hut-to-hut journey takes you across high alpine passes, dramatic limestone peaks, and remote mountain landscapes.\" \/>\n<meta property=\"og:url\" content=\"https:\/\/outdooreurope.eu\/da\/ture\/trailloeb-italien-dolomitterne-selvguidet-trail\/\" \/>\n<meta property=\"og:site_name\" content=\"Outdoor Europe\" \/>\n<meta property=\"article:publisher\" content=\"https:\/\/www.facebook.com\/outdooreurope.eu\" \/>\n<meta property=\"article:modified_time\" content=\"2026-02-14T16:01:22+00:00\" \/>\n<meta property=\"og:image\" content=\"https:\/\/outdooreurope.eu\/wp-content\/uploads\/2024\/01\/iStock-1284090999-3-720x606-1.jpg\" \/>\n\t<meta property=\"og:image:width\" content=\"720\" \/>\n\t<meta property=\"og:image:height\" content=\"606\" \/>\n\t<meta property=\"og:image:type\" content=\"image\/jpeg\" \/>\n<meta name=\"twitter:card\" content=\"summary_large_image\" \/>\n<meta name=\"twitter:label1\" content=\"Pris\" \/>\n\t<meta name=\"twitter:data1\" content=\"&euro;1,095\" \/>\n\t<meta name=\"twitter:label2\" content=\"Tilg\u00e6ngelighed\" \/>\n\t<meta name=\"twitter:data2\" content=\"P\u00e5 lager\" \/>\n<script type=\"application\/ld+json\" class=\"yoast-schema-graph\">{\"@context\":\"https:\\\/\\\/schema.org\",\"@graph\":[{\"@type\":\"WebPage\",\"@id\":\"https:\\\/\\\/outdooreurope.eu\\\/tours\\\/trailrunning-italy-dolomites-trail-hut-to-hut-self-guided\\\/\",\"url\":\"https:\\\/\\\/outdooreurope.eu\\\/tours\\\/trailrunning-italy-dolomites-trail-hut-to-hut-self-guided\\\/\",\"name\":\"Run the Dolomites: Epic Trail Running Adventure Now - Outdoor Europe\",\"isPartOf\":{\"@id\":\"https:\\\/\\\/outdooreurope.eu\\\/#website\"},\"primaryImageOfPage\":{\"@id\":\"https:\\\/\\\/outdooreurope.eu\\\/tours\\\/trailrunning-italy-dolomites-trail-hut-to-hut-self-guided\\\/#primaryimage\"},\"image\":{\"@id\":\"https:\\\/\\\/outdooreurope.eu\\\/tours\\\/trailrunning-italy-dolomites-trail-hut-to-hut-self-guided\\\/#primaryimage\"},\"thumbnailUrl\":\"https:\\\/\\\/outdooreurope.eu\\\/wp-content\\\/uploads\\\/2024\\\/01\\\/iStock-1284090999-3-720x606-1.jpg\",\"datePublished\":\"2024-01-18T08:49:31+00:00\",\"dateModified\":\"2026-02-14T16:01:22+00:00\",\"description\":\"Experience the thrill of adventure with our Run the Dolomites trails! Discover breathtaking views while trail running along Alta Via N.1.\",\"breadcrumb\":{\"@id\":\"https:\\\/\\\/outdooreurope.eu\\\/tours\\\/trailrunning-italy-dolomites-trail-hut-to-hut-self-guided\\\/#breadcrumb\"},\"inLanguage\":\"da-DK\",\"potentialAction\":[{\"@type\":\"ReadAction\",\"target\":[\"https:\\\/\\\/outdooreurope.eu\\\/tours\\\/trailrunning-italy-dolomites-trail-hut-to-hut-self-guided\\\/\"]}]},{\"@type\":\"ImageObject\",\"inLanguage\":\"da-DK\",\"@id\":\"https:\\\/\\\/outdooreurope.eu\\\/tours\\\/trailrunning-italy-dolomites-trail-hut-to-hut-self-guided\\\/#primaryimage\",\"url\":\"https:\\\/\\\/outdooreurope.eu\\\/wp-content\\\/uploads\\\/2024\\\/01\\\/iStock-1284090999-3-720x606-1.jpg\",\"contentUrl\":\"https:\\\/\\\/outdooreurope.eu\\\/wp-content\\\/uploads\\\/2024\\\/01\\\/iStock-1284090999-3-720x606-1.jpg\",\"width\":720,\"height\":606},{\"@type\":\"BreadcrumbList\",\"@id\":\"https:\\\/\\\/outdooreurope.eu\\\/tours\\\/trailrunning-italy-dolomites-trail-hut-to-hut-self-guided\\\/#breadcrumb\",\"itemListElement\":[{\"@type\":\"ListItem\",\"position\":1,\"name\":\"Hjem\",\"item\":\"https:\\\/\\\/outdooreurope.eu\\\/\"},{\"@type\":\"ListItem\",\"position\":2,\"name\":\"Shop\",\"item\":\"https:\\\/\\\/outdooreurope.eu\\\/shop\\\/\"},{\"@type\":\"ListItem\",\"position\":3,\"name\":\"Run the dolomites: a classic hut-to-hut trail running expedition\"}]},{\"@type\":\"WebSite\",\"@id\":\"https:\\\/\\\/outdooreurope.eu\\\/#website\",\"url\":\"https:\\\/\\\/outdooreurope.eu\\\/\",\"name\":\"Outdoor Europe\",\"description\":\"Hiking In Europe I Join the trail\",\"potentialAction\":[{\"@type\":\"SearchAction\",\"target\":{\"@type\":\"EntryPoint\",\"urlTemplate\":\"https:\\\/\\\/outdooreurope.eu\\\/?s={search_term_string}\"},\"query-input\":{\"@type\":\"PropertyValueSpecification\",\"valueRequired\":true,\"valueName\":\"search_term_string\"}}],\"inLanguage\":\"da-DK\"}]}<\/script>\n<meta property=\"product:price:amount\" content=\"1095\" \/>\n<meta property=\"product:price:currency\" content=\"EUR\" \/>\n<meta property=\"og:availability\" content=\"instock\" \/>\n<meta property=\"product:availability\" content=\"instock\" \/>\n<meta property=\"product:retailer_item_id\" content=\"16509\" \/>\n<meta property=\"product:condition\" content=\"new\" \/>\n<!-- \/ Yoast SEO Premium plugin. -->","yoast_head_json":{"title":"L\u00f8b i Dolomitterne: Episk traill\u00f8beeventyr nu - Outdoor Europe","description":"Oplev sp\u00e6ndingen ved eventyr med vores L\u00f8b i Dolomiterne-ruter! Oplev betagende udsigter, mens du l\u00f8ber langs Alta Via N.1.","robots":{"index":"index","follow":"follow","max-snippet":"max-snippet:-1","max-image-preview":"max-image-preview:large","max-video-preview":"max-video-preview:-1"},"canonical":"https:\/\/outdooreurope.eu\/da\/ture\/trailloeb-italien-dolomitterne-selvguidet-trail\/","og_locale":"da_DK","og_type":"article","og_title":"Run the dolomites: a classic hut-to-hut trail running expedition","og_description":"Run the legendary Alta Via 1 as a seven-day self-guided trail running adventure through the heart of the Dolomites. Starting and ending in Cortina d'Ampezzo, this hut-to-hut journey takes you across high alpine passes, dramatic limestone peaks, and remote mountain landscapes.","og_url":"https:\/\/outdooreurope.eu\/da\/ture\/trailloeb-italien-dolomitterne-selvguidet-trail\/","og_site_name":"Outdoor Europe","article_publisher":"https:\/\/www.facebook.com\/outdooreurope.eu","article_modified_time":"2026-02-14T16:01:22+00:00","og_image":[{"width":720,"height":606,"url":"https:\/\/outdooreurope.eu\/wp-content\/uploads\/2024\/01\/iStock-1284090999-3-720x606-1.jpg","type":"image\/jpeg"}],"twitter_card":"summary_large_image","twitter_misc":{"Pris":"&euro;1,095","Tilg\u00e6ngelighed":"P\u00e5 lager"},"schema":{"@context":"https:\/\/schema.org","@graph":[{"@type":"WebPage","@id":"https:\/\/outdooreurope.eu\/tours\/trailrunning-italy-dolomites-trail-hut-to-hut-self-guided\/","url":"https:\/\/outdooreurope.eu\/tours\/trailrunning-italy-dolomites-trail-hut-to-hut-self-guided\/","name":"L\u00f8b i Dolomitterne: Episk traill\u00f8beeventyr nu - Outdoor Europe","isPartOf":{"@id":"https:\/\/outdooreurope.eu\/#website"},"primaryImageOfPage":{"@id":"https:\/\/outdooreurope.eu\/tours\/trailrunning-italy-dolomites-trail-hut-to-hut-self-guided\/#primaryimage"},"image":{"@id":"https:\/\/outdooreurope.eu\/tours\/trailrunning-italy-dolomites-trail-hut-to-hut-self-guided\/#primaryimage"},"thumbnailUrl":"https:\/\/outdooreurope.eu\/wp-content\/uploads\/2024\/01\/iStock-1284090999-3-720x606-1.jpg","datePublished":"2024-01-18T08:49:31+00:00","dateModified":"2026-02-14T16:01:22+00:00","description":"Oplev sp\u00e6ndingen ved eventyr med vores L\u00f8b i Dolomiterne-ruter! Oplev betagende udsigter, mens du l\u00f8ber langs Alta Via N.1.","breadcrumb":{"@id":"https:\/\/outdooreurope.eu\/tours\/trailrunning-italy-dolomites-trail-hut-to-hut-self-guided\/#breadcrumb"},"inLanguage":"da-DK","potentialAction":[{"@type":"ReadAction","target":["https:\/\/outdooreurope.eu\/tours\/trailrunning-italy-dolomites-trail-hut-to-hut-self-guided\/"]}]},{"@type":"ImageObject","inLanguage":"da-DK","@id":"https:\/\/outdooreurope.eu\/tours\/trailrunning-italy-dolomites-trail-hut-to-hut-self-guided\/#primaryimage","url":"https:\/\/outdooreurope.eu\/wp-content\/uploads\/2024\/01\/iStock-1284090999-3-720x606-1.jpg","contentUrl":"https:\/\/outdooreurope.eu\/wp-content\/uploads\/2024\/01\/iStock-1284090999-3-720x606-1.jpg","width":720,"height":606},{"@type":"BreadcrumbList","@id":"https:\/\/outdooreurope.eu\/tours\/trailrunning-italy-dolomites-trail-hut-to-hut-self-guided\/#breadcrumb","itemListElement":[{"@type":"ListItem","position":1,"name":"Hjem","item":"https:\/\/outdooreurope.eu\/"},{"@type":"ListItem","position":2,"name":"Shop","item":"https:\/\/outdooreurope.eu\/shop\/"},{"@type":"ListItem","position":3,"name":"Run the dolomites: a classic hut-to-hut trail running expedition"}]},{"@type":"WebSite","@id":"https:\/\/outdooreurope.eu\/#website","url":"https:\/\/outdooreurope.eu\/","name":"Udend\u00f8rs Europa","description":"Vandreture i Europa Jeg slutter mig til stien","potentialAction":[{"@type":"SearchAction","target":{"@type":"EntryPoint","urlTemplate":"https:\/\/outdooreurope.eu\/?s={search_term_string}"},"query-input":{"@type":"PropertyValueSpecification","valueRequired":true,"valueName":"search_term_string"}}],"inLanguage":"da-DK"}]},"product_price_amount":"1095","product_price_currency":"EUR","og_availability":"instock","product_availability":"instock","product_retailer_item_id":"16509","product_condition":"new"},"_links":{"self":[{"href":"https:\/\/outdooreurope.eu\/da\/wp-json\/wp\/v2\/product\/16509","targetHints":{"allow":["GET"]}}],"collection":[{"href":"https:\/\/outdooreurope.eu\/da\/wp-json\/wp\/v2\/product"}],"about":[{"href":"https:\/\/outdooreurope.eu\/da\/wp-json\/wp\/v2\/types\/product"}],"replies":[{"embeddable":true,"href":"https:\/\/outdooreurope.eu\/da\/wp-json\/wp\/v2\/comments?post=16509"}],"wp:featuredmedia":[{"embeddable":true,"href":"https:\/\/outdooreurope.eu\/da\/wp-json\/wp\/v2\/media\/16510"}],"wp:attachment":[{"href":"https:\/\/outdooreurope.eu\/da\/wp-json\/wp\/v2\/media?parent=16509"}],"wp:term":[{"taxonomy":"product_brand","embeddable":true,"href":"https:\/\/outdooreurope.eu\/da\/wp-json\/wp\/v2\/product_brand?post=16509"},{"taxonomy":"product_cat","embeddable":true,"href":"https:\/\/outdooreurope.eu\/da\/wp-json\/wp\/v2\/product_cat?post=16509"},{"taxonomy":"product_tag","embeddable":true,"href":"https:\/\/outdooreurope.eu\/da\/wp-json\/wp\/v2\/product_tag?post=16509"}],"curies":[{"name":"wp","href":"https:\/\/api.w.org\/{rel}","templated":true}]}}