{"id":16540,"date":"2024-01-18T10:31:26","date_gmt":"2024-01-18T09:31:26","guid":{"rendered":"https:\/\/outdooreurope.eu\/?post_type=product&#038;p=16540"},"modified":"2026-01-18T17:12:56","modified_gmt":"2026-01-18T16:12:56","slug":"trailloeb-italien-tor-des-geants-guidet-trail","status":"publish","type":"product","link":"https:\/\/outdooreurope.eu\/da\/tours\/trailrunning-italy-tor-des-geants-aosta-valley-self-guided\/","title":{"rendered":"L\u00f8b giganterne: P\u00e5 sporene af Tor des Giants"},"content":{"rendered":"<p>L\u00f8b k\u00e6mperne: P\u00e5 stierne i Tor des Geants. Oplev sp\u00e6ndingen ved traill\u00f8b kombineret med fantastiske udsigter og et strejf af komfort p\u00e5 turen &quot;Tor des Geants: Stierne for k\u00e6mperne&quot; i den betagende Aostadal. Denne exceptionelle rejse g\u00e5r tilbage til den indledende etape af den legendariske Tor des Geants og f\u00f8rer dig fra La Thuile til Cogne. Ledsaget af erfarne guider kan du nyde singletracks, udforske \u00e6refrygtindgydende landskaber og fork\u00e6le dig selv med l\u00e6kker mad, mens du m\u00f8der andre l\u00f8beentusiaster.<\/p>\n<p><strong>Tour h\u00f8jdepunkter<\/strong><\/p>\n<p><strong>Traill\u00f8beparadis:<\/strong> &quot;Trails of the Giants&quot; henvender sig til passionerede traill\u00f8bere, der leder efter den perfekte balance mellem udfordring og komfort. Du vil nyde overnatning p\u00e5 tre- og firestjernede hoteller beliggende i charmerende landsbyer langs ruten, hvilket sikrer, at din velfortjente hvile supplerer din traill\u00f8bssp\u00e6nding.<\/p>\n<p><strong>Afd\u00e6kke Tor des Geants:<\/strong> Dit eventyr starter med en afhentning i Courmayeur, efterfulgt af en natursk\u00f8n k\u00f8retur til La Thuile, startpunktet for din trail running ekspedition. Sp\u00e6nd dine stisko p\u00e5 og forbered dig p\u00e5 at erobre adskillige bjergpas omkring 3.000 meter h\u00f8je, inklusive Col de la Crosetie (2.838 m), Col Fen\u00eatre (2.840 m) og Col Entrelor (3.002 m). Undervejs vil du blive betaget af udsigter over sned\u00e6kkede tinder, fredfyldte gletsjere og brusende vandfald.<\/p>","protected":false},"excerpt":{"rendered":"<p>Et h\u00f8jalpint traill\u00f8beeventyr gennem Italiens Aostadal, der f\u00f8lger de indledende etaper af den legendariske Tor des Geants. Bes\u00f8g bjergpas, nyd en fantastisk udsigt, og slap af i bjerghytter og komfortable alpine hoteller \u2013 alt sammen guidet af erfarne traill\u00f8bere.<\/p>","protected":false},"featured_media":8830,"comment_status":"closed","ping_status":"closed","template":"","meta":{"_acf_changed":false,"content-type":"","inline_featured_image":false},"product_brand":[],"product_cat":[302],"product_tag":[],"class_list":{"0":"post-16540","1":"product","2":"type-product","3":"status-publish","4":"has-post-thumbnail","6":"tour_country-italy","7":"product_cat-ukategoriseret","8":"pa_duration-6-days","9":"tour_category-trailrunning-2","11":"first","12":"instock","13":"shipping-taxable","14":"purchasable","15":"product-type-tour"},"acf":[],"yoast_head":"<!-- This site is optimized with the Yoast SEO Premium plugin v27.4 (Yoast SEO v27.4) - https:\/\/yoast.com\/product\/yoast-seo-premium-wordpress\/ -->\n<title>Run the Giants: On the Trails of Tor des Geants - Outdoor Europe<\/title>\n<meta name=\"robots\" content=\"index, follow, max-snippet:-1, max-image-preview:large, max-video-preview:-1\" \/>\n<link rel=\"canonical\" href=\"https:\/\/outdooreurope.eu\/da\/ture\/trailloeb-italien-tor-des-geants-guidet-trail\/\" \/>\n<meta property=\"og:locale\" content=\"da_DK\" \/>\n<meta property=\"og:type\" content=\"article\" \/>\n<meta property=\"og:title\" content=\"Run the Giants: On the Trails of Tor des Geants\" \/>\n<meta property=\"og:description\" content=\"A high-alpine trail running adventure through Italy\u2019s Aosta Valley, following the opening stages of the legendary Tor des Geants. Conquer mountain passes, enjoy stunning views, and rest in mountains huts and comfortable alpine hotels\u2014all guided by expert trail runners.\" \/>\n<meta property=\"og:url\" content=\"https:\/\/outdooreurope.eu\/da\/ture\/trailloeb-italien-tor-des-geants-guidet-trail\/\" \/>\n<meta property=\"og:site_name\" content=\"Outdoor Europe\" \/>\n<meta property=\"article:publisher\" content=\"https:\/\/www.facebook.com\/outdooreurope.eu\" \/>\n<meta property=\"article:modified_time\" content=\"2026-01-18T16:12:56+00:00\" \/>\n<meta property=\"og:image\" content=\"https:\/\/outdooreurope.eu\/wp-content\/uploads\/2017\/12\/IMG_0189-1-2.jpg\" \/>\n\t<meta property=\"og:image:width\" content=\"1280\" \/>\n\t<meta property=\"og:image:height\" content=\"960\" \/>\n\t<meta property=\"og:image:type\" content=\"image\/jpeg\" \/>\n<meta name=\"twitter:card\" content=\"summary_large_image\" \/>\n<meta name=\"twitter:label1\" content=\"Pris\" \/>\n\t<meta name=\"twitter:data1\" content=\"&euro;1,350\" \/>\n\t<meta name=\"twitter:label2\" content=\"Tilg\u00e6ngelighed\" \/>\n\t<meta name=\"twitter:data2\" content=\"P\u00e5 lager\" \/>\n<script type=\"application\/ld+json\" class=\"yoast-schema-graph\">{\"@context\":\"https:\\\/\\\/schema.org\",\"@graph\":[{\"@type\":\"WebPage\",\"@id\":\"https:\\\/\\\/outdooreurope.eu\\\/tours\\\/trailrunning-italy-tor-des-geants-aosta-valley-self-guided\\\/\",\"url\":\"https:\\\/\\\/outdooreurope.eu\\\/tours\\\/trailrunning-italy-tor-des-geants-aosta-valley-self-guided\\\/\",\"name\":\"Run the Giants: On the Trails of Tor des Geants - Outdoor Europe\",\"isPartOf\":{\"@id\":\"https:\\\/\\\/outdooreurope.eu\\\/#website\"},\"primaryImageOfPage\":{\"@id\":\"https:\\\/\\\/outdooreurope.eu\\\/tours\\\/trailrunning-italy-tor-des-geants-aosta-valley-self-guided\\\/#primaryimage\"},\"image\":{\"@id\":\"https:\\\/\\\/outdooreurope.eu\\\/tours\\\/trailrunning-italy-tor-des-geants-aosta-valley-self-guided\\\/#primaryimage\"},\"thumbnailUrl\":\"https:\\\/\\\/outdooreurope.eu\\\/wp-content\\\/uploads\\\/2017\\\/12\\\/IMG_0189-1-2.jpg\",\"datePublished\":\"2024-01-18T09:31:26+00:00\",\"dateModified\":\"2026-01-18T16:12:56+00:00\",\"breadcrumb\":{\"@id\":\"https:\\\/\\\/outdooreurope.eu\\\/tours\\\/trailrunning-italy-tor-des-geants-aosta-valley-self-guided\\\/#breadcrumb\"},\"inLanguage\":\"da-DK\",\"potentialAction\":[{\"@type\":\"ReadAction\",\"target\":[\"https:\\\/\\\/outdooreurope.eu\\\/tours\\\/trailrunning-italy-tor-des-geants-aosta-valley-self-guided\\\/\"]}]},{\"@type\":\"ImageObject\",\"inLanguage\":\"da-DK\",\"@id\":\"https:\\\/\\\/outdooreurope.eu\\\/tours\\\/trailrunning-italy-tor-des-geants-aosta-valley-self-guided\\\/#primaryimage\",\"url\":\"https:\\\/\\\/outdooreurope.eu\\\/wp-content\\\/uploads\\\/2017\\\/12\\\/IMG_0189-1-2.jpg\",\"contentUrl\":\"https:\\\/\\\/outdooreurope.eu\\\/wp-content\\\/uploads\\\/2017\\\/12\\\/IMG_0189-1-2.jpg\",\"width\":1280,\"height\":960},{\"@type\":\"BreadcrumbList\",\"@id\":\"https:\\\/\\\/outdooreurope.eu\\\/tours\\\/trailrunning-italy-tor-des-geants-aosta-valley-self-guided\\\/#breadcrumb\",\"itemListElement\":[{\"@type\":\"ListItem\",\"position\":1,\"name\":\"Hjem\",\"item\":\"https:\\\/\\\/outdooreurope.eu\\\/\"},{\"@type\":\"ListItem\",\"position\":2,\"name\":\"Shop\",\"item\":\"https:\\\/\\\/outdooreurope.eu\\\/shop\\\/\"},{\"@type\":\"ListItem\",\"position\":3,\"name\":\"Run the Giants: On the Trails of Tor des Geants\"}]},{\"@type\":\"WebSite\",\"@id\":\"https:\\\/\\\/outdooreurope.eu\\\/#website\",\"url\":\"https:\\\/\\\/outdooreurope.eu\\\/\",\"name\":\"Outdoor Europe\",\"description\":\"Hiking In Europe I Join the trail\",\"potentialAction\":[{\"@type\":\"SearchAction\",\"target\":{\"@type\":\"EntryPoint\",\"urlTemplate\":\"https:\\\/\\\/outdooreurope.eu\\\/?s={search_term_string}\"},\"query-input\":{\"@type\":\"PropertyValueSpecification\",\"valueRequired\":true,\"valueName\":\"search_term_string\"}}],\"inLanguage\":\"da-DK\"}]}<\/script>\n<meta property=\"product:price:amount\" content=\"1350\" \/>\n<meta property=\"product:price:currency\" content=\"EUR\" \/>\n<meta property=\"og:availability\" content=\"instock\" \/>\n<meta property=\"product:availability\" content=\"instock\" \/>\n<meta property=\"product:retailer_item_id\" content=\"16540\" \/>\n<meta property=\"product:condition\" content=\"new\" \/>\n<!-- \/ Yoast SEO Premium plugin. -->","yoast_head_json":{"title":"L\u00f8b giganterne: P\u00e5 sporene af Tor des Geants - Outdoor Europe","robots":{"index":"index","follow":"follow","max-snippet":"max-snippet:-1","max-image-preview":"max-image-preview:large","max-video-preview":"max-video-preview:-1"},"canonical":"https:\/\/outdooreurope.eu\/da\/ture\/trailloeb-italien-tor-des-geants-guidet-trail\/","og_locale":"da_DK","og_type":"article","og_title":"Run the Giants: On the Trails of Tor des Geants","og_description":"A high-alpine trail running adventure through Italy\u2019s Aosta Valley, following the opening stages of the legendary Tor des Geants. Conquer mountain passes, enjoy stunning views, and rest in mountains huts and comfortable alpine hotels\u2014all guided by expert trail runners.","og_url":"https:\/\/outdooreurope.eu\/da\/ture\/trailloeb-italien-tor-des-geants-guidet-trail\/","og_site_name":"Outdoor Europe","article_publisher":"https:\/\/www.facebook.com\/outdooreurope.eu","article_modified_time":"2026-01-18T16:12:56+00:00","og_image":[{"width":1280,"height":960,"url":"https:\/\/outdooreurope.eu\/wp-content\/uploads\/2017\/12\/IMG_0189-1-2.jpg","type":"image\/jpeg"}],"twitter_card":"summary_large_image","twitter_misc":{"Pris":"&euro;1,350","Tilg\u00e6ngelighed":"P\u00e5 lager"},"schema":{"@context":"https:\/\/schema.org","@graph":[{"@type":"WebPage","@id":"https:\/\/outdooreurope.eu\/tours\/trailrunning-italy-tor-des-geants-aosta-valley-self-guided\/","url":"https:\/\/outdooreurope.eu\/tours\/trailrunning-italy-tor-des-geants-aosta-valley-self-guided\/","name":"L\u00f8b giganterne: P\u00e5 sporene af Tor des Geants - Outdoor Europe","isPartOf":{"@id":"https:\/\/outdooreurope.eu\/#website"},"primaryImageOfPage":{"@id":"https:\/\/outdooreurope.eu\/tours\/trailrunning-italy-tor-des-geants-aosta-valley-self-guided\/#primaryimage"},"image":{"@id":"https:\/\/outdooreurope.eu\/tours\/trailrunning-italy-tor-des-geants-aosta-valley-self-guided\/#primaryimage"},"thumbnailUrl":"https:\/\/outdooreurope.eu\/wp-content\/uploads\/2017\/12\/IMG_0189-1-2.jpg","datePublished":"2024-01-18T09:31:26+00:00","dateModified":"2026-01-18T16:12:56+00:00","breadcrumb":{"@id":"https:\/\/outdooreurope.eu\/tours\/trailrunning-italy-tor-des-geants-aosta-valley-self-guided\/#breadcrumb"},"inLanguage":"da-DK","potentialAction":[{"@type":"ReadAction","target":["https:\/\/outdooreurope.eu\/tours\/trailrunning-italy-tor-des-geants-aosta-valley-self-guided\/"]}]},{"@type":"ImageObject","inLanguage":"da-DK","@id":"https:\/\/outdooreurope.eu\/tours\/trailrunning-italy-tor-des-geants-aosta-valley-self-guided\/#primaryimage","url":"https:\/\/outdooreurope.eu\/wp-content\/uploads\/2017\/12\/IMG_0189-1-2.jpg","contentUrl":"https:\/\/outdooreurope.eu\/wp-content\/uploads\/2017\/12\/IMG_0189-1-2.jpg","width":1280,"height":960},{"@type":"BreadcrumbList","@id":"https:\/\/outdooreurope.eu\/tours\/trailrunning-italy-tor-des-geants-aosta-valley-self-guided\/#breadcrumb","itemListElement":[{"@type":"ListItem","position":1,"name":"Hjem","item":"https:\/\/outdooreurope.eu\/"},{"@type":"ListItem","position":2,"name":"Shop","item":"https:\/\/outdooreurope.eu\/shop\/"},{"@type":"ListItem","position":3,"name":"Run the Giants: On the Trails of Tor des Geants"}]},{"@type":"WebSite","@id":"https:\/\/outdooreurope.eu\/#website","url":"https:\/\/outdooreurope.eu\/","name":"Udend\u00f8rs Europa","description":"Vandreture i Europa Jeg slutter mig til stien","potentialAction":[{"@type":"SearchAction","target":{"@type":"EntryPoint","urlTemplate":"https:\/\/outdooreurope.eu\/?s={search_term_string}"},"query-input":{"@type":"PropertyValueSpecification","valueRequired":true,"valueName":"search_term_string"}}],"inLanguage":"da-DK"}]},"product_price_amount":"1350","product_price_currency":"EUR","og_availability":"instock","product_availability":"instock","product_retailer_item_id":"16540","product_condition":"new"},"_links":{"self":[{"href":"https:\/\/outdooreurope.eu\/da\/wp-json\/wp\/v2\/product\/16540","targetHints":{"allow":["GET"]}}],"collection":[{"href":"https:\/\/outdooreurope.eu\/da\/wp-json\/wp\/v2\/product"}],"about":[{"href":"https:\/\/outdooreurope.eu\/da\/wp-json\/wp\/v2\/types\/product"}],"replies":[{"embeddable":true,"href":"https:\/\/outdooreurope.eu\/da\/wp-json\/wp\/v2\/comments?post=16540"}],"wp:featuredmedia":[{"embeddable":true,"href":"https:\/\/outdooreurope.eu\/da\/wp-json\/wp\/v2\/media\/8830"}],"wp:attachment":[{"href":"https:\/\/outdooreurope.eu\/da\/wp-json\/wp\/v2\/media?parent=16540"}],"wp:term":[{"taxonomy":"product_brand","embeddable":true,"href":"https:\/\/outdooreurope.eu\/da\/wp-json\/wp\/v2\/product_brand?post=16540"},{"taxonomy":"product_cat","embeddable":true,"href":"https:\/\/outdooreurope.eu\/da\/wp-json\/wp\/v2\/product_cat?post=16540"},{"taxonomy":"product_tag","embeddable":true,"href":"https:\/\/outdooreurope.eu\/da\/wp-json\/wp\/v2\/product_tag?post=16540"}],"curies":[{"name":"wp","href":"https:\/\/api.w.org\/{rel}","templated":true}]}}