{"id":17559,"date":"2024-12-04T06:26:07","date_gmt":"2024-12-04T05:26:07","guid":{"rendered":"https:\/\/outdooreurope.eu\/?post_type=product&#038;p=17559"},"modified":"2025-02-04T20:41:56","modified_gmt":"2025-02-04T19:41:56","slug":"vandreture-i-slovenien-julianske-alper-familievandring","status":"publish","type":"product","link":"https:\/\/outdooreurope.eu\/da\/tours\/hiking-in-slovenia-julian-alps-family-trekking\/","title":{"rendered":"Familievandring i Julian Alps: Oplev Sloveniens mest fantastiske landskaber"},"content":{"rendered":"<div class=\"flex-1 overflow-hidden @container\/thread\">\n<div class=\"h-full\">\n<div class=\"react-scroll-to-bottom--css-uzhpc-79elbk h-full\">\n<div class=\"react-scroll-to-bottom--css-uzhpc-1n7m0yu\">\n<div class=\"flex flex-col text-sm\">\n<article class=\"w-full scroll-mb-[var(--thread-trailing-height,150px)] text-token-text-primary focus-visible:outline-2 focus-visible:outline-offset-[-4px]\" dir=\"auto\" data-testid=\"conversation-turn-165\" data-scroll-anchor=\"true\">\n<div class=\"m-auto text-base py-[18px] px-3 md:px-4 w-full md:px-5 lg:px-4 xl:px-5\">\n<div class=\"mx-auto flex flex-1 gap-4 text-base md:gap-5 lg:gap-6 md:max-w-3xl lg:max-w-[40rem] xl:max-w-[48rem]\">\n<div class=\"group\/conversation-turn relative flex w-full min-w-0 flex-col agent-turn\">\n<div class=\"flex-col gap-1 md:gap-3\">\n<div class=\"flex max-w-full flex-col flex-grow\">\n<div class=\"min-h-8 text-message flex w-full flex-col items-end gap-2 whitespace-normal break-words text-start [.text-message+&amp;]:mt-5\" dir=\"auto\" data-message-author-role=\"assistant\" data-message-id=\"50688bdd-d89f-4125-9378-83a045232280\" data-message-model-slug=\"gpt-4o\">\n<div class=\"flex w-full flex-col gap-1 empty:hidden first:pt-[3px]\">\n<div class=\"markdown prose w-full break-words dark:prose-invert light\">\n<p><strong>Hiking in Slovenia: Self-Guided Adventures in the Julian Alps<\/strong><\/p>\n<p>Experience the beauty of <strong>hiking in Slovenia<\/strong> with self-guided trails in the <strong>Julian Alps<\/strong>. This breathtaking region offers diverse paths, from scenic valley walks to challenging ascents of <strong>Mount Triglav<\/strong>, Slovenia\u2019s highest peak.<\/p>\n<p>Popular trails include <strong>Triglav National Park<\/strong>, the <strong>Seven Lakes Valley<\/strong>, and the stunning <strong>So\u010da River Trail<\/strong>. Well-marked paths and detailed maps make exploring safe and convenient. Cozy mountain huts (<strong>ko\u010de<\/strong>) along the way provide rest and traditional Slovenian hospitality.<\/p>\n<p>The best time for <strong>hiking in Slovenia<\/strong> is <strong>June to September<\/strong>, with perfect weather for exploring the alpine landscapes. Whether you&#8217;re a seasoned hiker or a beginner, the Julian Alps offer an unforgettable adventure.<\/p>\n<p>Plan your self-guided hiking trip in Slovenia and discover the freedom of exploring its stunning natural beauty!<\/p>\n<\/div>\n<\/div>\n<\/div>\n<\/div>\n<div class=\"pr-2 lg:pr-0\"><\/div>\n<\/div>\n<\/div>\n<\/div>\n<\/div>\n<\/article>\n<\/div>\n<\/div>\n<\/div>\n<\/div>\n<\/div>\n","protected":false},"excerpt":{"rendered":"<p><strong>Vandring i Slovenien: Selvstyrede eventyr<\/strong><\/p>\n<p>Udforsk de fantastiske julianske alper med en <strong>selvguidet vandretur<\/strong> tur. Oplev natursk\u00f8nne stier, Triglav Nationalpark og So\u010da-floden. Nyd godt afm\u00e6rkede stier, hyggelige bjerghytter og betagende alpine landskaber. Perfekt til vandreture fra <strong>juni til september<\/strong>.<\/p>","protected":false},"featured_media":17560,"comment_status":"open","ping_status":"closed","template":"","meta":{"_acf_changed":false,"content-type":"","inline_featured_image":false},"product_brand":[],"product_cat":[302],"product_tag":[760],"class_list":{"0":"post-17559","1":"product","2":"type-product","3":"status-publish","4":"has-post-thumbnail","6":"tour_country-slovenia","7":"tour_types-dog-friendly","8":"tour_types-hut-to-hut","9":"tour_types-self-guided","10":"tour_types-family","11":"product_cat-ukategoriseret","12":"product_tag-hiking","13":"pa_duration-5-nights","14":"tour_category-hiking-in-europe","16":"first","17":"instock","18":"virtual","19":"purchasable","20":"product-type-tour"},"acf":[],"yoast_head":"<!-- This site is optimized with the Yoast SEO Premium plugin v27.4 (Yoast SEO v27.4) - https:\/\/yoast.com\/product\/yoast-seo-premium-wordpress\/ -->\n<title>Hiking in Slovenia and the Julian Alps: Self-Guided Adventures<\/title>\n<meta name=\"description\" content=\"Looking for an unforgettable hiking experience? Hiking in Slovenia&#039;s Julian Alps offer diverse trails, cozy mountain huts and beautiful of nature. \ud83c\udf32\" \/>\n<meta name=\"robots\" content=\"index, follow, max-snippet:-1, max-image-preview:large, max-video-preview:-1\" \/>\n<link rel=\"canonical\" href=\"https:\/\/outdooreurope.eu\/da\/ture\/vandreture-i-slovenien-julianske-alper-familievandring\/\" \/>\n<meta property=\"og:locale\" content=\"da_DK\" \/>\n<meta property=\"og:type\" content=\"article\" \/>\n<meta property=\"og:title\" content=\"Julian Alps family trekking: Experience Slovenia&#039;s most stunning landscapes\" \/>\n<meta property=\"og:description\" content=\"Hiking in Slovenia: Self-Guided Adventures  Explore the stunning Julian Alps with a self-guided hiking tour. Discover scenic trails, Triglav National Park, and the So\u010da River. Enjoy well-marked paths, cozy mountain huts, and breathtaking alpine landscapes. Perfect for hiking from June to September.\" \/>\n<meta property=\"og:url\" content=\"https:\/\/outdooreurope.eu\/da\/ture\/vandreture-i-slovenien-julianske-alper-familievandring\/\" \/>\n<meta property=\"og:site_name\" content=\"Outdoor Europe\" \/>\n<meta property=\"article:publisher\" content=\"https:\/\/www.facebook.com\/outdooreurope.eu\" \/>\n<meta property=\"article:modified_time\" content=\"2025-02-04T19:41:56+00:00\" \/>\n<meta property=\"og:image\" content=\"https:\/\/outdooreurope.eu\/wp-content\/uploads\/2024\/12\/family_trekking_julian_alps_02-copy.jpg\" \/>\n\t<meta property=\"og:image:width\" content=\"1920\" \/>\n\t<meta property=\"og:image:height\" content=\"1250\" \/>\n\t<meta property=\"og:image:type\" content=\"image\/jpeg\" \/>\n<meta name=\"twitter:card\" content=\"summary_large_image\" \/>\n<meta name=\"twitter:label1\" content=\"Pris\" \/>\n\t<meta name=\"twitter:data1\" content=\"&euro;895\" \/>\n\t<meta name=\"twitter:label2\" content=\"Tilg\u00e6ngelighed\" \/>\n\t<meta name=\"twitter:data2\" content=\"P\u00e5 lager\" \/>\n<script type=\"application\/ld+json\" class=\"yoast-schema-graph\">{\"@context\":\"https:\\\/\\\/schema.org\",\"@graph\":[{\"@type\":\"WebPage\",\"@id\":\"https:\\\/\\\/outdooreurope.eu\\\/tours\\\/hiking-in-slovenia-julian-alps-family-trekking\\\/\",\"url\":\"https:\\\/\\\/outdooreurope.eu\\\/tours\\\/hiking-in-slovenia-julian-alps-family-trekking\\\/\",\"name\":\"Hiking in Slovenia and the Julian Alps: Self-Guided Adventures\",\"isPartOf\":{\"@id\":\"https:\\\/\\\/outdooreurope.eu\\\/#website\"},\"primaryImageOfPage\":{\"@id\":\"https:\\\/\\\/outdooreurope.eu\\\/tours\\\/hiking-in-slovenia-julian-alps-family-trekking\\\/#primaryimage\"},\"image\":{\"@id\":\"https:\\\/\\\/outdooreurope.eu\\\/tours\\\/hiking-in-slovenia-julian-alps-family-trekking\\\/#primaryimage\"},\"thumbnailUrl\":\"https:\\\/\\\/outdooreurope.eu\\\/wp-content\\\/uploads\\\/2024\\\/12\\\/family_trekking_julian_alps_02-copy.jpg\",\"datePublished\":\"2024-12-04T05:26:07+00:00\",\"dateModified\":\"2025-02-04T19:41:56+00:00\",\"description\":\"Looking for an unforgettable hiking experience? Hiking in Slovenia's Julian Alps offer diverse trails, cozy mountain huts and beautiful of nature. \ud83c\udf32\",\"breadcrumb\":{\"@id\":\"https:\\\/\\\/outdooreurope.eu\\\/tours\\\/hiking-in-slovenia-julian-alps-family-trekking\\\/#breadcrumb\"},\"inLanguage\":\"da-DK\",\"potentialAction\":[{\"@type\":\"ReadAction\",\"target\":[\"https:\\\/\\\/outdooreurope.eu\\\/tours\\\/hiking-in-slovenia-julian-alps-family-trekking\\\/\"]}]},{\"@type\":\"ImageObject\",\"inLanguage\":\"da-DK\",\"@id\":\"https:\\\/\\\/outdooreurope.eu\\\/tours\\\/hiking-in-slovenia-julian-alps-family-trekking\\\/#primaryimage\",\"url\":\"https:\\\/\\\/outdooreurope.eu\\\/wp-content\\\/uploads\\\/2024\\\/12\\\/family_trekking_julian_alps_02-copy.jpg\",\"contentUrl\":\"https:\\\/\\\/outdooreurope.eu\\\/wp-content\\\/uploads\\\/2024\\\/12\\\/family_trekking_julian_alps_02-copy.jpg\",\"width\":1920,\"height\":1250},{\"@type\":\"BreadcrumbList\",\"@id\":\"https:\\\/\\\/outdooreurope.eu\\\/tours\\\/hiking-in-slovenia-julian-alps-family-trekking\\\/#breadcrumb\",\"itemListElement\":[{\"@type\":\"ListItem\",\"position\":1,\"name\":\"Hjem\",\"item\":\"https:\\\/\\\/outdooreurope.eu\\\/\"},{\"@type\":\"ListItem\",\"position\":2,\"name\":\"Shop\",\"item\":\"https:\\\/\\\/outdooreurope.eu\\\/shop\\\/\"},{\"@type\":\"ListItem\",\"position\":3,\"name\":\"Julian Alps family trekking: Experience Slovenia&#8217;s most stunning landscapes\"}]},{\"@type\":\"WebSite\",\"@id\":\"https:\\\/\\\/outdooreurope.eu\\\/#website\",\"url\":\"https:\\\/\\\/outdooreurope.eu\\\/\",\"name\":\"Outdoor Europe\",\"description\":\"Hiking In Europe I Join the trail\",\"potentialAction\":[{\"@type\":\"SearchAction\",\"target\":{\"@type\":\"EntryPoint\",\"urlTemplate\":\"https:\\\/\\\/outdooreurope.eu\\\/?s={search_term_string}\"},\"query-input\":{\"@type\":\"PropertyValueSpecification\",\"valueRequired\":true,\"valueName\":\"search_term_string\"}}],\"inLanguage\":\"da-DK\"}]}<\/script>\n<meta property=\"product:price:amount\" content=\"895\" \/>\n<meta property=\"product:price:currency\" content=\"EUR\" \/>\n<meta property=\"og:availability\" content=\"instock\" \/>\n<meta property=\"product:availability\" content=\"instock\" \/>\n<meta property=\"product:retailer_item_id\" content=\"17559\" \/>\n<meta property=\"product:condition\" content=\"new\" \/>\n<!-- \/ Yoast SEO Premium plugin. -->","yoast_head_json":{"title":"Vandring i Slovenien og de julianske alper: selvguidede eventyr","description":"Leder du efter en uforglemmelig vandreoplevelse? Vandring i Sloveniens julianske alper byder p\u00e5 forskellige stier, hyggelige bjerghytter og smuk natur. \ud83c\udf32","robots":{"index":"index","follow":"follow","max-snippet":"max-snippet:-1","max-image-preview":"max-image-preview:large","max-video-preview":"max-video-preview:-1"},"canonical":"https:\/\/outdooreurope.eu\/da\/ture\/vandreture-i-slovenien-julianske-alper-familievandring\/","og_locale":"da_DK","og_type":"article","og_title":"Julian Alps family trekking: Experience Slovenia's most stunning landscapes","og_description":"Hiking in Slovenia: Self-Guided Adventures  Explore the stunning Julian Alps with a self-guided hiking tour. Discover scenic trails, Triglav National Park, and the So\u010da River. Enjoy well-marked paths, cozy mountain huts, and breathtaking alpine landscapes. Perfect for hiking from June to September.","og_url":"https:\/\/outdooreurope.eu\/da\/ture\/vandreture-i-slovenien-julianske-alper-familievandring\/","og_site_name":"Outdoor Europe","article_publisher":"https:\/\/www.facebook.com\/outdooreurope.eu","article_modified_time":"2025-02-04T19:41:56+00:00","og_image":[{"width":1920,"height":1250,"url":"https:\/\/outdooreurope.eu\/wp-content\/uploads\/2024\/12\/family_trekking_julian_alps_02-copy.jpg","type":"image\/jpeg"}],"twitter_card":"summary_large_image","twitter_misc":{"Pris":"&euro;895","Tilg\u00e6ngelighed":"P\u00e5 lager"},"schema":{"@context":"https:\/\/schema.org","@graph":[{"@type":"WebPage","@id":"https:\/\/outdooreurope.eu\/tours\/hiking-in-slovenia-julian-alps-family-trekking\/","url":"https:\/\/outdooreurope.eu\/tours\/hiking-in-slovenia-julian-alps-family-trekking\/","name":"Vandring i Slovenien og de julianske alper: selvguidede eventyr","isPartOf":{"@id":"https:\/\/outdooreurope.eu\/#website"},"primaryImageOfPage":{"@id":"https:\/\/outdooreurope.eu\/tours\/hiking-in-slovenia-julian-alps-family-trekking\/#primaryimage"},"image":{"@id":"https:\/\/outdooreurope.eu\/tours\/hiking-in-slovenia-julian-alps-family-trekking\/#primaryimage"},"thumbnailUrl":"https:\/\/outdooreurope.eu\/wp-content\/uploads\/2024\/12\/family_trekking_julian_alps_02-copy.jpg","datePublished":"2024-12-04T05:26:07+00:00","dateModified":"2025-02-04T19:41:56+00:00","description":"Leder du efter en uforglemmelig vandreoplevelse? Vandring i Sloveniens julianske alper byder p\u00e5 forskellige stier, hyggelige bjerghytter og smuk natur. \ud83c\udf32","breadcrumb":{"@id":"https:\/\/outdooreurope.eu\/tours\/hiking-in-slovenia-julian-alps-family-trekking\/#breadcrumb"},"inLanguage":"da-DK","potentialAction":[{"@type":"ReadAction","target":["https:\/\/outdooreurope.eu\/tours\/hiking-in-slovenia-julian-alps-family-trekking\/"]}]},{"@type":"ImageObject","inLanguage":"da-DK","@id":"https:\/\/outdooreurope.eu\/tours\/hiking-in-slovenia-julian-alps-family-trekking\/#primaryimage","url":"https:\/\/outdooreurope.eu\/wp-content\/uploads\/2024\/12\/family_trekking_julian_alps_02-copy.jpg","contentUrl":"https:\/\/outdooreurope.eu\/wp-content\/uploads\/2024\/12\/family_trekking_julian_alps_02-copy.jpg","width":1920,"height":1250},{"@type":"BreadcrumbList","@id":"https:\/\/outdooreurope.eu\/tours\/hiking-in-slovenia-julian-alps-family-trekking\/#breadcrumb","itemListElement":[{"@type":"ListItem","position":1,"name":"Hjem","item":"https:\/\/outdooreurope.eu\/"},{"@type":"ListItem","position":2,"name":"Shop","item":"https:\/\/outdooreurope.eu\/shop\/"},{"@type":"ListItem","position":3,"name":"Julian Alps family trekking: Experience Slovenia&#8217;s most stunning landscapes"}]},{"@type":"WebSite","@id":"https:\/\/outdooreurope.eu\/#website","url":"https:\/\/outdooreurope.eu\/","name":"Udend\u00f8rs Europa","description":"Vandreture i Europa Jeg slutter mig til stien","potentialAction":[{"@type":"SearchAction","target":{"@type":"EntryPoint","urlTemplate":"https:\/\/outdooreurope.eu\/?s={search_term_string}"},"query-input":{"@type":"PropertyValueSpecification","valueRequired":true,"valueName":"search_term_string"}}],"inLanguage":"da-DK"}]},"product_price_amount":"895","product_price_currency":"EUR","og_availability":"instock","product_availability":"instock","product_retailer_item_id":"17559","product_condition":"new"},"_links":{"self":[{"href":"https:\/\/outdooreurope.eu\/da\/wp-json\/wp\/v2\/product\/17559","targetHints":{"allow":["GET"]}}],"collection":[{"href":"https:\/\/outdooreurope.eu\/da\/wp-json\/wp\/v2\/product"}],"about":[{"href":"https:\/\/outdooreurope.eu\/da\/wp-json\/wp\/v2\/types\/product"}],"replies":[{"embeddable":true,"href":"https:\/\/outdooreurope.eu\/da\/wp-json\/wp\/v2\/comments?post=17559"}],"wp:featuredmedia":[{"embeddable":true,"href":"https:\/\/outdooreurope.eu\/da\/wp-json\/wp\/v2\/media\/17560"}],"wp:attachment":[{"href":"https:\/\/outdooreurope.eu\/da\/wp-json\/wp\/v2\/media?parent=17559"}],"wp:term":[{"taxonomy":"product_brand","embeddable":true,"href":"https:\/\/outdooreurope.eu\/da\/wp-json\/wp\/v2\/product_brand?post=17559"},{"taxonomy":"product_cat","embeddable":true,"href":"https:\/\/outdooreurope.eu\/da\/wp-json\/wp\/v2\/product_cat?post=17559"},{"taxonomy":"product_tag","embeddable":true,"href":"https:\/\/outdooreurope.eu\/da\/wp-json\/wp\/v2\/product_tag?post=17559"}],"curies":[{"name":"wp","href":"https:\/\/api.w.org\/{rel}","templated":true}]}}