{"id":18005,"date":"2025-01-31T06:57:46","date_gmt":"2025-01-31T05:57:46","guid":{"rendered":"https:\/\/outdooreurope.eu\/?post_type=product&#038;p=18005"},"modified":"2025-03-27T07:20:05","modified_gmt":"2025-03-27T06:20:05","slug":"vandring-italien-dolomitterne-naturpark","status":"publish","type":"product","link":"https:\/\/outdooreurope.eu\/da\/tours\/hiking-italy-dolomites-nature-park\/","title":{"rendered":"Vandring gennem Dolomitterne: Fra Toblach til Cortina"},"content":{"rendered":"<ul>\n<li>Idylliske bjergs\u00f8er, frodige bjerggr\u00e6sgange, gr\u00f8nne skove. De legendariske Dolomitter vil guide dig gennem tre naturparker under din vandretur.<\/li>\n<li>H\u00f8jt over Cortina d&#039;Ampezzo kan du se og kigge ud over nogle af de mest sl\u00e5ende toppe.<\/li>\n<\/ul>","protected":false},"excerpt":{"rendered":"<p>Idylliske bjergs\u00f8er, frodige bjerggr\u00e6sgange, gr\u00f8nne skove. De legendariske Dolomitter vil guide dig gennem tre naturparker under din vandretur. H\u00f8jt over Cortina d&#039;Ampezzo kan du se og kigge ud over nogle af de mest sl\u00e5ende tinder.<\/p>","protected":false},"featured_media":18015,"comment_status":"open","ping_status":"closed","template":"","meta":{"_acf_changed":false,"content-type":"","inline_featured_image":false},"product_brand":[],"product_cat":[928],"product_tag":[760],"class_list":{"0":"post-18005","1":"product","2":"type-product","3":"status-publish","4":"has-post-thumbnail","6":"tour_country-italy","7":"tour_types-dog-friendly","8":"tour_types-hut-to-hut","9":"tour_types-self-guided","10":"tour_types-family","11":"product_cat-test-tourcat","12":"product_tag-hiking","13":"pa_duration-6-nights","14":"tour_category-hiking-in-europe","16":"first","17":"instock","18":"virtual","19":"purchasable","20":"product-type-tour"},"acf":[],"yoast_head":"<!-- This site is optimized with the Yoast SEO Premium plugin v27.4 (Yoast SEO v27.4) - https:\/\/yoast.com\/product\/yoast-seo-premium-wordpress\/ -->\n<title>Hike Through The Dolomites: Explore Idyllic Landscapes - Outdoor Europe<\/title>\n<meta name=\"description\" content=\"Embark on an unforgettable adventure as you hike through the Dolomites. Discover stunning lakes and breathtaking views in nature! \ud83c\udfde\ufe0f\" \/>\n<meta name=\"robots\" content=\"index, follow, max-snippet:-1, max-image-preview:large, max-video-preview:-1\" \/>\n<link rel=\"canonical\" href=\"https:\/\/outdooreurope.eu\/da\/ture\/vandring-italien-dolomitterne-naturpark\/\" \/>\n<meta property=\"og:locale\" content=\"da_DK\" \/>\n<meta property=\"og:type\" content=\"article\" \/>\n<meta property=\"og:title\" content=\"Hiking through the Dolomites: From Toblach to Cortina\" \/>\n<meta property=\"og:description\" content=\"Idyllic Mountain lakes, lush Mountain pastures, green forests. The legendary Dolomites will guide you through three Nature Parks during your hike. High\" \/>\n<meta property=\"og:url\" content=\"https:\/\/outdooreurope.eu\/da\/ture\/vandring-italien-dolomitterne-naturpark\/\" \/>\n<meta property=\"og:site_name\" content=\"Outdoor Europe\" \/>\n<meta property=\"article:publisher\" content=\"https:\/\/www.facebook.com\/outdooreurope.eu\" \/>\n<meta property=\"article:modified_time\" content=\"2025-03-27T06:20:05+00:00\" \/>\n<meta property=\"og:image\" content=\"https:\/\/outdooreurope.eu\/wp-content\/uploads\/2025\/01\/64-770x430-1.jpeg\" \/>\n\t<meta property=\"og:image:width\" content=\"770\" \/>\n\t<meta property=\"og:image:height\" content=\"430\" \/>\n\t<meta property=\"og:image:type\" content=\"image\/jpeg\" \/>\n<meta name=\"twitter:card\" content=\"summary_large_image\" \/>\n<meta name=\"twitter:label1\" content=\"Pris\" \/>\n\t<meta name=\"twitter:data1\" content=\"&euro;1,050\" \/>\n\t<meta name=\"twitter:label2\" content=\"Tilg\u00e6ngelighed\" \/>\n\t<meta name=\"twitter:data2\" content=\"P\u00e5 lager\" \/>\n<script type=\"application\/ld+json\" class=\"yoast-schema-graph\">{\"@context\":\"https:\\\/\\\/schema.org\",\"@graph\":[{\"@type\":\"WebPage\",\"@id\":\"https:\\\/\\\/outdooreurope.eu\\\/tours\\\/hiking-italy-dolomites-nature-park\\\/\",\"url\":\"https:\\\/\\\/outdooreurope.eu\\\/tours\\\/hiking-italy-dolomites-nature-park\\\/\",\"name\":\"Hike Through The Dolomites: Explore Idyllic Landscapes - Outdoor Europe\",\"isPartOf\":{\"@id\":\"https:\\\/\\\/outdooreurope.eu\\\/#website\"},\"primaryImageOfPage\":{\"@id\":\"https:\\\/\\\/outdooreurope.eu\\\/tours\\\/hiking-italy-dolomites-nature-park\\\/#primaryimage\"},\"image\":{\"@id\":\"https:\\\/\\\/outdooreurope.eu\\\/tours\\\/hiking-italy-dolomites-nature-park\\\/#primaryimage\"},\"thumbnailUrl\":\"https:\\\/\\\/outdooreurope.eu\\\/wp-content\\\/uploads\\\/2025\\\/01\\\/64-770x430-1.jpeg\",\"datePublished\":\"2025-01-31T05:57:46+00:00\",\"dateModified\":\"2025-03-27T06:20:05+00:00\",\"description\":\"Embark on an unforgettable adventure as you hike through the Dolomites. Discover stunning lakes and breathtaking views in nature! \ud83c\udfde\ufe0f\",\"breadcrumb\":{\"@id\":\"https:\\\/\\\/outdooreurope.eu\\\/tours\\\/hiking-italy-dolomites-nature-park\\\/#breadcrumb\"},\"inLanguage\":\"da-DK\",\"potentialAction\":[{\"@type\":\"ReadAction\",\"target\":[\"https:\\\/\\\/outdooreurope.eu\\\/tours\\\/hiking-italy-dolomites-nature-park\\\/\"]}]},{\"@type\":\"ImageObject\",\"inLanguage\":\"da-DK\",\"@id\":\"https:\\\/\\\/outdooreurope.eu\\\/tours\\\/hiking-italy-dolomites-nature-park\\\/#primaryimage\",\"url\":\"https:\\\/\\\/outdooreurope.eu\\\/wp-content\\\/uploads\\\/2025\\\/01\\\/64-770x430-1.jpeg\",\"contentUrl\":\"https:\\\/\\\/outdooreurope.eu\\\/wp-content\\\/uploads\\\/2025\\\/01\\\/64-770x430-1.jpeg\",\"width\":770,\"height\":430},{\"@type\":\"BreadcrumbList\",\"@id\":\"https:\\\/\\\/outdooreurope.eu\\\/tours\\\/hiking-italy-dolomites-nature-park\\\/#breadcrumb\",\"itemListElement\":[{\"@type\":\"ListItem\",\"position\":1,\"name\":\"Hjem\",\"item\":\"https:\\\/\\\/outdooreurope.eu\\\/\"},{\"@type\":\"ListItem\",\"position\":2,\"name\":\"Shop\",\"item\":\"https:\\\/\\\/outdooreurope.eu\\\/shop\\\/\"},{\"@type\":\"ListItem\",\"position\":3,\"name\":\"Hiking through the Dolomites: From Toblach to Cortina\"}]},{\"@type\":\"WebSite\",\"@id\":\"https:\\\/\\\/outdooreurope.eu\\\/#website\",\"url\":\"https:\\\/\\\/outdooreurope.eu\\\/\",\"name\":\"Outdoor Europe\",\"description\":\"Hiking In Europe I Join the trail\",\"potentialAction\":[{\"@type\":\"SearchAction\",\"target\":{\"@type\":\"EntryPoint\",\"urlTemplate\":\"https:\\\/\\\/outdooreurope.eu\\\/?s={search_term_string}\"},\"query-input\":{\"@type\":\"PropertyValueSpecification\",\"valueRequired\":true,\"valueName\":\"search_term_string\"}}],\"inLanguage\":\"da-DK\"}]}<\/script>\n<meta property=\"product:price:amount\" content=\"1050\" \/>\n<meta property=\"product:price:currency\" content=\"EUR\" \/>\n<meta property=\"og:availability\" content=\"instock\" \/>\n<meta property=\"product:availability\" content=\"instock\" \/>\n<meta property=\"product:retailer_item_id\" content=\"18005\" \/>\n<meta property=\"product:condition\" content=\"new\" \/>\n<!-- \/ Yoast SEO Premium plugin. -->","yoast_head_json":{"title":"Vandretur gennem Dolomitterne: Udforsk idylliske landskaber - Udend\u00f8rs Europa","description":"Tag ud p\u00e5 et uforglemmeligt eventyr, mens du vandrer gennem Dolomitterne. Oplev fantastiske s\u00f8er og betagende udsigter i naturen! \ud83c\udfde\ufe0f","robots":{"index":"index","follow":"follow","max-snippet":"max-snippet:-1","max-image-preview":"max-image-preview:large","max-video-preview":"max-video-preview:-1"},"canonical":"https:\/\/outdooreurope.eu\/da\/ture\/vandring-italien-dolomitterne-naturpark\/","og_locale":"da_DK","og_type":"article","og_title":"Hiking through the Dolomites: From Toblach to Cortina","og_description":"Idyllic Mountain lakes, lush Mountain pastures, green forests. The legendary Dolomites will guide you through three Nature Parks during your hike. High","og_url":"https:\/\/outdooreurope.eu\/da\/ture\/vandring-italien-dolomitterne-naturpark\/","og_site_name":"Outdoor Europe","article_publisher":"https:\/\/www.facebook.com\/outdooreurope.eu","article_modified_time":"2025-03-27T06:20:05+00:00","og_image":[{"width":770,"height":430,"url":"https:\/\/outdooreurope.eu\/wp-content\/uploads\/2025\/01\/64-770x430-1.jpeg","type":"image\/jpeg"}],"twitter_card":"summary_large_image","twitter_misc":{"Pris":"&euro;1,050","Tilg\u00e6ngelighed":"P\u00e5 lager"},"schema":{"@context":"https:\/\/schema.org","@graph":[{"@type":"WebPage","@id":"https:\/\/outdooreurope.eu\/tours\/hiking-italy-dolomites-nature-park\/","url":"https:\/\/outdooreurope.eu\/tours\/hiking-italy-dolomites-nature-park\/","name":"Vandretur gennem Dolomitterne: Udforsk idylliske landskaber - Udend\u00f8rs Europa","isPartOf":{"@id":"https:\/\/outdooreurope.eu\/#website"},"primaryImageOfPage":{"@id":"https:\/\/outdooreurope.eu\/tours\/hiking-italy-dolomites-nature-park\/#primaryimage"},"image":{"@id":"https:\/\/outdooreurope.eu\/tours\/hiking-italy-dolomites-nature-park\/#primaryimage"},"thumbnailUrl":"https:\/\/outdooreurope.eu\/wp-content\/uploads\/2025\/01\/64-770x430-1.jpeg","datePublished":"2025-01-31T05:57:46+00:00","dateModified":"2025-03-27T06:20:05+00:00","description":"Tag ud p\u00e5 et uforglemmeligt eventyr, mens du vandrer gennem Dolomitterne. Oplev fantastiske s\u00f8er og betagende udsigter i naturen! \ud83c\udfde\ufe0f","breadcrumb":{"@id":"https:\/\/outdooreurope.eu\/tours\/hiking-italy-dolomites-nature-park\/#breadcrumb"},"inLanguage":"da-DK","potentialAction":[{"@type":"ReadAction","target":["https:\/\/outdooreurope.eu\/tours\/hiking-italy-dolomites-nature-park\/"]}]},{"@type":"ImageObject","inLanguage":"da-DK","@id":"https:\/\/outdooreurope.eu\/tours\/hiking-italy-dolomites-nature-park\/#primaryimage","url":"https:\/\/outdooreurope.eu\/wp-content\/uploads\/2025\/01\/64-770x430-1.jpeg","contentUrl":"https:\/\/outdooreurope.eu\/wp-content\/uploads\/2025\/01\/64-770x430-1.jpeg","width":770,"height":430},{"@type":"BreadcrumbList","@id":"https:\/\/outdooreurope.eu\/tours\/hiking-italy-dolomites-nature-park\/#breadcrumb","itemListElement":[{"@type":"ListItem","position":1,"name":"Hjem","item":"https:\/\/outdooreurope.eu\/"},{"@type":"ListItem","position":2,"name":"Shop","item":"https:\/\/outdooreurope.eu\/shop\/"},{"@type":"ListItem","position":3,"name":"Hiking through the Dolomites: From Toblach to Cortina"}]},{"@type":"WebSite","@id":"https:\/\/outdooreurope.eu\/#website","url":"https:\/\/outdooreurope.eu\/","name":"Udend\u00f8rs Europa","description":"Vandreture i Europa Jeg slutter mig til stien","potentialAction":[{"@type":"SearchAction","target":{"@type":"EntryPoint","urlTemplate":"https:\/\/outdooreurope.eu\/?s={search_term_string}"},"query-input":{"@type":"PropertyValueSpecification","valueRequired":true,"valueName":"search_term_string"}}],"inLanguage":"da-DK"}]},"product_price_amount":"1050","product_price_currency":"EUR","og_availability":"instock","product_availability":"instock","product_retailer_item_id":"18005","product_condition":"new"},"_links":{"self":[{"href":"https:\/\/outdooreurope.eu\/da\/wp-json\/wp\/v2\/product\/18005","targetHints":{"allow":["GET"]}}],"collection":[{"href":"https:\/\/outdooreurope.eu\/da\/wp-json\/wp\/v2\/product"}],"about":[{"href":"https:\/\/outdooreurope.eu\/da\/wp-json\/wp\/v2\/types\/product"}],"replies":[{"embeddable":true,"href":"https:\/\/outdooreurope.eu\/da\/wp-json\/wp\/v2\/comments?post=18005"}],"wp:featuredmedia":[{"embeddable":true,"href":"https:\/\/outdooreurope.eu\/da\/wp-json\/wp\/v2\/media\/18015"}],"wp:attachment":[{"href":"https:\/\/outdooreurope.eu\/da\/wp-json\/wp\/v2\/media?parent=18005"}],"wp:term":[{"taxonomy":"product_brand","embeddable":true,"href":"https:\/\/outdooreurope.eu\/da\/wp-json\/wp\/v2\/product_brand?post=18005"},{"taxonomy":"product_cat","embeddable":true,"href":"https:\/\/outdooreurope.eu\/da\/wp-json\/wp\/v2\/product_cat?post=18005"},{"taxonomy":"product_tag","embeddable":true,"href":"https:\/\/outdooreurope.eu\/da\/wp-json\/wp\/v2\/product_tag?post=18005"}],"curies":[{"name":"wp","href":"https:\/\/api.w.org\/{rel}","templated":true}]}}