{"id":18024,"date":"2025-02-11T16:57:39","date_gmt":"2025-02-11T15:57:39","guid":{"rendered":"https:\/\/outdooreurope.eu\/?post_type=product&#038;p=18024"},"modified":"2025-03-27T07:15:35","modified_gmt":"2025-03-27T06:15:35","slug":"vintervandring-i-dolomitterne","status":"publish","type":"product","link":"https:\/\/outdooreurope.eu\/da\/tours\/winter-hiking-in-the-dolomites\/","title":{"rendered":"Vintervandring i Dolomitterne: Gennem sne-kyssede stier og majest\u00e6tiske tinder"},"content":{"rendered":"<ul>\n<li>Tag p\u00e5 en magisk vintervandretur i Dolomitterne!<\/li>\n<li>Vandre ad forskellige stier, der afsl\u00f8rer den fantastiske vintersk\u00f8nhed i Sesto-dalen, Braies-dalen og det uber\u00f8rte Prato Piazza-h\u00f8jplateau.<\/li>\n<li>Perfekt til b\u00e5de erfarne vandrere og begyndere. Snesko er valgfrie og kan lejes.<\/li>\n<\/ul>","protected":false},"excerpt":{"rendered":"<p>Tag p\u00e5 en magisk vintervandring i Dolomitterne! G\u00e5 p\u00e5 forskellige stier, der afsl\u00f8rer den fantastiske vintersk\u00f8nhed i Sesto-dalen, Braies-dalen og det uber\u00f8rte Prato Piazza-h\u00f8jplateau. Perfekt til b\u00e5de erfarne vandrere og begyndere. Snesko er valgfri og kan lejes.<\/p>","protected":false},"featured_media":18025,"comment_status":"open","ping_status":"closed","template":"","meta":{"_acf_changed":false,"content-type":"","inline_featured_image":false},"product_brand":[],"product_cat":[928],"product_tag":[760],"class_list":{"0":"post-18024","1":"product","2":"type-product","3":"status-publish","4":"has-post-thumbnail","6":"tour_country-italy","7":"tour_types-hut-to-hut","8":"tour_types-self-guided","9":"tour_types-family","10":"tour_types-private-groups","11":"product_cat-test-tourcat","12":"product_tag-hiking","13":"pa_duration-8-days","14":"tour_category-hiking-in-europe","15":"tour_category-snow-shoeing-in-europe","17":"first","18":"instock","19":"shipping-taxable","20":"purchasable","21":"product-type-tour"},"acf":[],"yoast_head":"<!-- This site is optimized with the Yoast SEO Premium plugin v27.4 (Yoast SEO v27.4) - https:\/\/yoast.com\/product\/yoast-seo-premium-wordpress\/ -->\n<title>Winter Hiking in Dolomites: Discover Stunning Trails<\/title>\n<meta name=\"description\" content=\"Experience breathtaking views on your Winter Hiking in Dolomites adventure! Perfect for every skill level, come and explore the stunning trails.\" \/>\n<meta name=\"robots\" content=\"index, follow, max-snippet:-1, max-image-preview:large, max-video-preview:-1\" \/>\n<link rel=\"canonical\" href=\"https:\/\/outdooreurope.eu\/da\/ture\/vintervandring-i-dolomitterne\/\" \/>\n<meta property=\"og:locale\" content=\"da_DK\" \/>\n<meta property=\"og:type\" content=\"article\" \/>\n<meta property=\"og:title\" content=\"Winter hiking in the Dolomites: Through Snow-Kissed Trails and Majestic Peaks\" \/>\n<meta property=\"og:description\" content=\"Embark on a magical winter hike in the Dolomites! Wander diverse trails that reveal the stunning winter beauty of Sesto Valley, Braies Valley, and the\" \/>\n<meta property=\"og:url\" content=\"https:\/\/outdooreurope.eu\/da\/ture\/vintervandring-i-dolomitterne\/\" \/>\n<meta property=\"og:site_name\" content=\"Outdoor Europe\" \/>\n<meta property=\"article:publisher\" content=\"https:\/\/www.facebook.com\/outdooreurope.eu\" \/>\n<meta property=\"article:modified_time\" content=\"2025-03-27T06:15:35+00:00\" \/>\n<meta property=\"og:image\" content=\"https:\/\/outdooreurope.eu\/wp-content\/uploads\/2025\/01\/Winter-hiking-in-the-Dolomites.jpeg\" \/>\n\t<meta property=\"og:image:width\" content=\"710\" \/>\n\t<meta property=\"og:image:height\" content=\"535\" \/>\n\t<meta property=\"og:image:type\" content=\"image\/jpeg\" \/>\n<meta name=\"twitter:card\" content=\"summary_large_image\" \/>\n<meta name=\"twitter:label1\" content=\"Pris\" \/>\n\t<meta name=\"twitter:data1\" content=\"&euro;1,149\" \/>\n\t<meta name=\"twitter:label2\" content=\"Tilg\u00e6ngelighed\" \/>\n\t<meta name=\"twitter:data2\" content=\"P\u00e5 lager\" \/>\n<script type=\"application\/ld+json\" class=\"yoast-schema-graph\">{\"@context\":\"https:\\\/\\\/schema.org\",\"@graph\":[{\"@type\":\"WebPage\",\"@id\":\"https:\\\/\\\/outdooreurope.eu\\\/tours\\\/winter-hiking-in-the-dolomites\\\/\",\"url\":\"https:\\\/\\\/outdooreurope.eu\\\/tours\\\/winter-hiking-in-the-dolomites\\\/\",\"name\":\"Winter Hiking in Dolomites: Discover Stunning Trails\",\"isPartOf\":{\"@id\":\"https:\\\/\\\/outdooreurope.eu\\\/#website\"},\"primaryImageOfPage\":{\"@id\":\"https:\\\/\\\/outdooreurope.eu\\\/tours\\\/winter-hiking-in-the-dolomites\\\/#primaryimage\"},\"image\":{\"@id\":\"https:\\\/\\\/outdooreurope.eu\\\/tours\\\/winter-hiking-in-the-dolomites\\\/#primaryimage\"},\"thumbnailUrl\":\"https:\\\/\\\/outdooreurope.eu\\\/wp-content\\\/uploads\\\/2025\\\/01\\\/Winter-hiking-in-the-Dolomites.jpeg\",\"datePublished\":\"2025-02-11T15:57:39+00:00\",\"dateModified\":\"2025-03-27T06:15:35+00:00\",\"description\":\"Experience breathtaking views on your Winter Hiking in Dolomites adventure! Perfect for every skill level, come and explore the stunning trails.\",\"breadcrumb\":{\"@id\":\"https:\\\/\\\/outdooreurope.eu\\\/tours\\\/winter-hiking-in-the-dolomites\\\/#breadcrumb\"},\"inLanguage\":\"da-DK\",\"potentialAction\":[{\"@type\":\"ReadAction\",\"target\":[\"https:\\\/\\\/outdooreurope.eu\\\/tours\\\/winter-hiking-in-the-dolomites\\\/\"]}]},{\"@type\":\"ImageObject\",\"inLanguage\":\"da-DK\",\"@id\":\"https:\\\/\\\/outdooreurope.eu\\\/tours\\\/winter-hiking-in-the-dolomites\\\/#primaryimage\",\"url\":\"https:\\\/\\\/outdooreurope.eu\\\/wp-content\\\/uploads\\\/2025\\\/01\\\/Winter-hiking-in-the-Dolomites.jpeg\",\"contentUrl\":\"https:\\\/\\\/outdooreurope.eu\\\/wp-content\\\/uploads\\\/2025\\\/01\\\/Winter-hiking-in-the-Dolomites.jpeg\",\"width\":710,\"height\":535},{\"@type\":\"BreadcrumbList\",\"@id\":\"https:\\\/\\\/outdooreurope.eu\\\/tours\\\/winter-hiking-in-the-dolomites\\\/#breadcrumb\",\"itemListElement\":[{\"@type\":\"ListItem\",\"position\":1,\"name\":\"Hjem\",\"item\":\"https:\\\/\\\/outdooreurope.eu\\\/\"},{\"@type\":\"ListItem\",\"position\":2,\"name\":\"Shop\",\"item\":\"https:\\\/\\\/outdooreurope.eu\\\/shop\\\/\"},{\"@type\":\"ListItem\",\"position\":3,\"name\":\"Winter hiking in the Dolomites: Through Snow-Kissed Trails and Majestic Peaks\"}]},{\"@type\":\"WebSite\",\"@id\":\"https:\\\/\\\/outdooreurope.eu\\\/#website\",\"url\":\"https:\\\/\\\/outdooreurope.eu\\\/\",\"name\":\"Outdoor Europe\",\"description\":\"Hiking In Europe I Join the trail\",\"potentialAction\":[{\"@type\":\"SearchAction\",\"target\":{\"@type\":\"EntryPoint\",\"urlTemplate\":\"https:\\\/\\\/outdooreurope.eu\\\/?s={search_term_string}\"},\"query-input\":{\"@type\":\"PropertyValueSpecification\",\"valueRequired\":true,\"valueName\":\"search_term_string\"}}],\"inLanguage\":\"da-DK\"}]}<\/script>\n<meta property=\"product:price:amount\" content=\"1149\" \/>\n<meta property=\"product:price:currency\" content=\"EUR\" \/>\n<meta property=\"og:availability\" content=\"instock\" \/>\n<meta property=\"product:availability\" content=\"instock\" \/>\n<meta property=\"product:retailer_item_id\" content=\"18024\" \/>\n<meta property=\"product:condition\" content=\"new\" \/>\n<!-- \/ Yoast SEO Premium plugin. -->","yoast_head_json":{"title":"Vintervandring i Dolomitterne: Oplev fantastiske stier","description":"Oplev en betagende udsigt p\u00e5 din vintervandring i Dolomitterne-eventyr! Perfekt til ethvert f\u00e6rdighedsniveau, kom og udforsk de fantastiske stier.","robots":{"index":"index","follow":"follow","max-snippet":"max-snippet:-1","max-image-preview":"max-image-preview:large","max-video-preview":"max-video-preview:-1"},"canonical":"https:\/\/outdooreurope.eu\/da\/ture\/vintervandring-i-dolomitterne\/","og_locale":"da_DK","og_type":"article","og_title":"Winter hiking in the Dolomites: Through Snow-Kissed Trails and Majestic Peaks","og_description":"Embark on a magical winter hike in the Dolomites! Wander diverse trails that reveal the stunning winter beauty of Sesto Valley, Braies Valley, and the","og_url":"https:\/\/outdooreurope.eu\/da\/ture\/vintervandring-i-dolomitterne\/","og_site_name":"Outdoor Europe","article_publisher":"https:\/\/www.facebook.com\/outdooreurope.eu","article_modified_time":"2025-03-27T06:15:35+00:00","og_image":[{"width":710,"height":535,"url":"https:\/\/outdooreurope.eu\/wp-content\/uploads\/2025\/01\/Winter-hiking-in-the-Dolomites.jpeg","type":"image\/jpeg"}],"twitter_card":"summary_large_image","twitter_misc":{"Pris":"&euro;1,149","Tilg\u00e6ngelighed":"P\u00e5 lager"},"schema":{"@context":"https:\/\/schema.org","@graph":[{"@type":"WebPage","@id":"https:\/\/outdooreurope.eu\/tours\/winter-hiking-in-the-dolomites\/","url":"https:\/\/outdooreurope.eu\/tours\/winter-hiking-in-the-dolomites\/","name":"Vintervandring i Dolomitterne: Oplev fantastiske stier","isPartOf":{"@id":"https:\/\/outdooreurope.eu\/#website"},"primaryImageOfPage":{"@id":"https:\/\/outdooreurope.eu\/tours\/winter-hiking-in-the-dolomites\/#primaryimage"},"image":{"@id":"https:\/\/outdooreurope.eu\/tours\/winter-hiking-in-the-dolomites\/#primaryimage"},"thumbnailUrl":"https:\/\/outdooreurope.eu\/wp-content\/uploads\/2025\/01\/Winter-hiking-in-the-Dolomites.jpeg","datePublished":"2025-02-11T15:57:39+00:00","dateModified":"2025-03-27T06:15:35+00:00","description":"Oplev en betagende udsigt p\u00e5 din vintervandring i Dolomitterne-eventyr! Perfekt til ethvert f\u00e6rdighedsniveau, kom og udforsk de fantastiske stier.","breadcrumb":{"@id":"https:\/\/outdooreurope.eu\/tours\/winter-hiking-in-the-dolomites\/#breadcrumb"},"inLanguage":"da-DK","potentialAction":[{"@type":"ReadAction","target":["https:\/\/outdooreurope.eu\/tours\/winter-hiking-in-the-dolomites\/"]}]},{"@type":"ImageObject","inLanguage":"da-DK","@id":"https:\/\/outdooreurope.eu\/tours\/winter-hiking-in-the-dolomites\/#primaryimage","url":"https:\/\/outdooreurope.eu\/wp-content\/uploads\/2025\/01\/Winter-hiking-in-the-Dolomites.jpeg","contentUrl":"https:\/\/outdooreurope.eu\/wp-content\/uploads\/2025\/01\/Winter-hiking-in-the-Dolomites.jpeg","width":710,"height":535},{"@type":"BreadcrumbList","@id":"https:\/\/outdooreurope.eu\/tours\/winter-hiking-in-the-dolomites\/#breadcrumb","itemListElement":[{"@type":"ListItem","position":1,"name":"Hjem","item":"https:\/\/outdooreurope.eu\/"},{"@type":"ListItem","position":2,"name":"Shop","item":"https:\/\/outdooreurope.eu\/shop\/"},{"@type":"ListItem","position":3,"name":"Winter hiking in the Dolomites: Through Snow-Kissed Trails and Majestic Peaks"}]},{"@type":"WebSite","@id":"https:\/\/outdooreurope.eu\/#website","url":"https:\/\/outdooreurope.eu\/","name":"Udend\u00f8rs Europa","description":"Vandreture i Europa Jeg slutter mig til stien","potentialAction":[{"@type":"SearchAction","target":{"@type":"EntryPoint","urlTemplate":"https:\/\/outdooreurope.eu\/?s={search_term_string}"},"query-input":{"@type":"PropertyValueSpecification","valueRequired":true,"valueName":"search_term_string"}}],"inLanguage":"da-DK"}]},"product_price_amount":"1149","product_price_currency":"EUR","og_availability":"instock","product_availability":"instock","product_retailer_item_id":"18024","product_condition":"new"},"_links":{"self":[{"href":"https:\/\/outdooreurope.eu\/da\/wp-json\/wp\/v2\/product\/18024","targetHints":{"allow":["GET"]}}],"collection":[{"href":"https:\/\/outdooreurope.eu\/da\/wp-json\/wp\/v2\/product"}],"about":[{"href":"https:\/\/outdooreurope.eu\/da\/wp-json\/wp\/v2\/types\/product"}],"replies":[{"embeddable":true,"href":"https:\/\/outdooreurope.eu\/da\/wp-json\/wp\/v2\/comments?post=18024"}],"wp:featuredmedia":[{"embeddable":true,"href":"https:\/\/outdooreurope.eu\/da\/wp-json\/wp\/v2\/media\/18025"}],"wp:attachment":[{"href":"https:\/\/outdooreurope.eu\/da\/wp-json\/wp\/v2\/media?parent=18024"}],"wp:term":[{"taxonomy":"product_brand","embeddable":true,"href":"https:\/\/outdooreurope.eu\/da\/wp-json\/wp\/v2\/product_brand?post=18024"},{"taxonomy":"product_cat","embeddable":true,"href":"https:\/\/outdooreurope.eu\/da\/wp-json\/wp\/v2\/product_cat?post=18024"},{"taxonomy":"product_tag","embeddable":true,"href":"https:\/\/outdooreurope.eu\/da\/wp-json\/wp\/v2\/product_tag?post=18024"}],"curies":[{"name":"wp","href":"https:\/\/api.w.org\/{rel}","templated":true}]}}