{"id":10,"date":"2016-06-21T06:24:14","date_gmt":"2016-06-21T06:24:14","guid":{"rendered":"http:\/\/one-wpthemes.com\/theme4\/?page_id=10"},"modified":"2022-11-29T07:38:16","modified_gmt":"2022-11-29T06:38:16","slug":"hjem","status":"publish","type":"page","link":"https:\/\/outdooreurope.eu\/de\/hjem\/","title":{"rendered":"Hm"},"content":{"rendered":"<div class=\"wpb-content-wrapper\"><div class=\"vc_row wpb_row vc_row-fluid\"><div class=\"wpb_column vc_column_container vc_col-sm-12 vc_col-md-9\"><div class=\"vc_column-inner\"><div class=\"wpb_wrapper\"><div class=\"title title--big title--underline title--decoration-bottom-left\">\r\n\t\t<h3 class=\"title__primary\">Derfor skal du med<\/h3>\r\n<\/div>\r\n<div class=\"icons-set\">\r\n\t<div class=\"row icons-set__row\">\r\n\t\t\t\t\t<div class=\"col-sm-4\">\r\n\t\t\t<div class=\"icons-set__item\">\r\n\t\t\t\t\t\t\t<div class=\"icons-set__item__field icons-set__item__field--fix-size\">\r\n\t\t\t\t<div class=\"icons-set__item__icon-wrap\"><i class=\"icons-set__item__icon td-barbell\"><\/i><\/div>\t\t\t\t<\/div>\r\n\t\t\t\t\t\t\t<div class=\"icons-set__item__field\">\r\n\t\t\t\t<h3 class=\"icons-set__item__title\">Aktive ferier for alle<\/h3>\t\t\t\t\t<div class=\"icons-set__item__description\">Hvad enten du l\u00f8ber, st\u00e5r p\u00e5 ski, vandrer eller cykler, s\u00e5 har vi rejsen &#8211; uanset dit niveau.<\/div>\r\n\t\t\t\t<\/div>\r\n\t\t\t<\/div>\r\n\t\t<\/div>\r\n\t\t\t\t\t<div class=\"col-sm-4\">\r\n\t\t\t<div class=\"icons-set__item\">\r\n\t\t\t\t\t\t\t<div class=\"icons-set__item__field icons-set__item__field--fix-size\">\r\n\t\t\t\t<div class=\"icons-set__item__icon-wrap\"><i class=\"icons-set__item__icon fa fa-bed\"><\/i><\/div>\t\t\t\t<\/div>\r\n\t\t\t\t\t\t\t<div class=\"icons-set__item__field\">\r\n\t\t\t\t<h3 class=\"icons-set__item__title\">Valuta for pengene<\/h3>\t\t\t\t\t<div class=\"icons-set__item__description\">Vi tilbyder bjergferier, grupperejser og og individuelle ophold til fornuftige priser<\/div>\r\n\t\t\t\t<\/div>\r\n\t\t\t<\/div>\r\n\t\t<\/div>\r\n\t\t\t\t\t<div class=\"col-sm-4\">\r\n\t\t\t<div class=\"icons-set__item\">\r\n\t\t\t\t\t\t\t<div class=\"icons-set__item__field icons-set__item__field--fix-size\">\r\n\t\t\t\t<div class=\"icons-set__item__icon-wrap\"><i class=\"icons-set__item__icon td-photocamera-4\"><\/i><\/div>\t\t\t\t<\/div>\r\n\t\t\t\t\t\t\t<div class=\"icons-set__item__field\">\r\n\t\t\t\t<h3 class=\"icons-set__item__title\">Smukke destinationer<\/h3>\t\t\t\t\t<div class=\"icons-set__item__description\">Vi er p\u00e5 konstant udkig efter Italiens mest natursk\u00f8nne bjergomr\u00e5der. <\/div>\r\n\t\t\t\t<\/div>\r\n\t\t\t<\/div>\r\n\t\t<\/div>\r\n\t\t\t<\/div><div class=\"row icons-set__row\">\t\t<div class=\"col-sm-4\">\r\n\t\t\t<div class=\"icons-set__item\">\r\n\t\t\t\t\t\t\t<div class=\"icons-set__item__field icons-set__item__field--fix-size\">\r\n\t\t\t\t<div class=\"icons-set__item__icon-wrap\"><i class=\"icons-set__item__icon td-calendar-date-1\"><\/i><\/div>\t\t\t\t<\/div>\r\n\t\t\t\t\t\t\t<div class=\"icons-set__item__field\">\r\n\t\t\t\t<h3 class=\"icons-set__item__title\">Nemt at booke<\/h3>\t\t\t\t\t<div class=\"icons-set__item__description\">Book, betal og modtag dine rejsedokumenter med f\u00e5 klik p\u00e5 denne website<\/div>\r\n\t\t\t\t<\/div>\r\n\t\t\t<\/div>\r\n\t\t<\/div>\r\n\t\t\t\t\t<div class=\"col-sm-4\">\r\n\t\t\t<div class=\"icons-set__item\">\r\n\t\t\t\t\t\t\t<div class=\"icons-set__item__field icons-set__item__field--fix-size\">\r\n\t\t\t\t<div class=\"icons-set__item__icon-wrap\"><i class=\"icons-set__item__icon fa fa-smile-o\"><\/i><\/div>\t\t\t\t<\/div>\r\n\t\t\t\t\t\t\t<div class=\"icons-set__item__field\">\r\n\t\t\t\t<h3 class=\"icons-set__item__title\">Erfarne guider<\/h3>\t\t\t\t\t<div class=\"icons-set__item__description\">Vores guider er erfarne atleter og kender destinationerne som deres egen baghave.<\/div>\r\n\t\t\t\t<\/div>\r\n\t\t\t<\/div>\r\n\t\t<\/div>\r\n\t\t\t\t\t<div class=\"col-sm-4\">\r\n\t\t\t<div class=\"icons-set__item\">\r\n\t\t\t\t\t\t\t<div class=\"icons-set__item__field icons-set__item__field--fix-size\">\r\n\t\t\t\t<div class=\"icons-set__item__icon-wrap\"><i class=\"icons-set__item__icon td-heart\"><\/i><\/div>\t\t\t\t<\/div>\r\n\t\t\t\t\t\t\t<div class=\"icons-set__item__field\">\r\n\t\t\t\t<h3 class=\"icons-set__item__title\">Passion for rejser<\/h3>\t\t\t\t\t<div class=\"icons-set__item__description\">Vi elsker rejser og eventyr. Og vi garanterer, at du kommer hjem med en oplevelse for livet<\/div>\r\n\t\t\t\t<\/div>\r\n\t\t\t<\/div>\r\n\t\t<\/div>\r\n\t\t<\/div>\r\n<\/div>\r\n<\/div><\/div><\/div><div class=\"wpb_column vc_column_container vc_col-sm-12 vc_col-md-3\"><div class=\"vc_column-inner\"><div class=\"wpb_wrapper\">\n\t<div class=\"wpb_raw_code wpb_raw_html wpb_content_element\">\n\t\t<div class=\"wpb_wrapper\">\n\t\t\t<div class=\"margin-top margin-bottom visible-sm visible-xs\"><\/div>\n\t\t<\/div>\n\t<\/div>\n<div class=\"form-block block-after-indent form-block--vertical\">\r\n\t<h3 class=\"form-block__title\">Find din rejse<\/h3>\r\n\r\n\r\n\t<form method=\"get\" action=\"https:\/\/outdooreurope.eu\/de\/\">\r\n\t\t<input type=\"hidden\" name=\"toursearch\" value=\"1\"\/>\r\n\r\n\t\r\n\t\t\t<div class=\"form-block__item form-block__field-width-icon\">\r\n\t\t\t<input type=\"text\" placeholder=\"Search Tour\" value=\"\" name=\"s\"\/>\r\n\t\t\t<i class=\"td-search-1\"><\/i>\r\n\t\t<\/div>\r\n\t\r\n\t<div class=\"form-block__item form-block__field-width-icon\"><select  name='tourtax[tour_category]' id='tourtax[tour_category]' class='selectpicker'>\n\t<option value=''>Activity<\/option>\n\t<option class=\"level-0\" value=\"hiking-in-europe\">Hiking in Europe&nbsp;&nbsp;(42)<\/option>\n\t<option class=\"level-0\" value=\"trailrunning-2\">Trailrunning in Europe&nbsp;&nbsp;(9)<\/option>\n\t<option class=\"level-0\" value=\"sking\">Ski touring in Europe&nbsp;&nbsp;(6)<\/option>\n\t<option class=\"level-0\" value=\"snow-shoeing-in-europe\">Snow shoeing in Europe&nbsp;&nbsp;(2)<\/option>\n\t<option class=\"level-0\" value=\"alpinism\">Alpinism in Europe&nbsp;&nbsp;(4)<\/option>\n<\/select>\n<i class=\"td-network\"><\/i><\/div><div class=\"form-block__item form-block__field-width-icon\"><select name=\"tourtax[pa_country]\" class=\"selectpicker\"><option value=\"\" selected=\"selected\">Country<\/option><option value=\"austria\">Austria<\/option><option value=\"france\">France<\/option><option value=\"germany\">Germany<\/option><option value=\"italy\">Italy<\/option><option value=\"slovakia\">Slovakia<\/option><option value=\"slovenia\">Slovenia<\/option><option value=\"spain\">Spain<\/option><option value=\"switzerland\">Switzerland<\/option><option value=\"turkey\">Turkey<\/option><\/select><i class=\"td-marker\"><\/i><\/div><div class=\"form-block__item form-block__field-width-icon\"><select name=\"tourtax[pa_month]\" class=\"selectpicker\"><option value=\"\" selected=\"selected\">Month<\/option><option value=\"jun-october\">Jun - October<\/option><option value=\"january\">January<\/option><option value=\"february\">February<\/option><option value=\"march\">March<\/option><option value=\"april\">April<\/option><option value=\"may\">May<\/option><option value=\"june\">June<\/option><option value=\"july\">July<\/option><option value=\"august\">August<\/option><option value=\"september\">September<\/option><option value=\"october\">October<\/option><option value=\"november\">November<\/option><option value=\"december\">December<\/option><\/select><i class=\"td-calendar-month\"><\/i><\/div><div class=\"form-block__item form-block__field-width-icon\"><select name=\"tourtax[pa_difficulty]\" class=\"selectpicker\"><option value=\"\" selected=\"selected\">Difficulty<\/option><option value=\"family\">Family<\/option><option value=\"easy\">Easy<\/option><option value=\"moderate\">Moderate<\/option><option value=\"experienced\">Experienced<\/option><option value=\"advanced\">Advanced<\/option><\/select><i class=\"td-mountains\"><\/i><\/div>\t\t<button type=\"submit\" class=\"atbtn atbtn--full-width atbtn--primary\">Find Tours<\/button>\r\n\t<\/form>\r\n<\/div>\r\n<\/div><\/div><\/div><\/div><div class=\"vc_row wpb_row vc_row-fluid\"><div class=\"wpb_column vc_column_container vc_col-sm-12\"><div class=\"vc_column-inner\"><div class=\"wpb_wrapper\"><div id=\"swiper1\" class=\"tours-type-icons padding-top-large padding-bottom-large\">\r\n\t<div class=\"tours-type-icons__bg\" style=\"background:url(http:\/\/adventure-tours.themedelight.com\/wp-content\/uploads\/2015\/09\/mountain-690104_1920-optimized.jpg) no-repeat center\"><\/div>\r\n\t<div class=\"tours-type-icons__shadow\"><\/div>\r\n\t<div class=\"tours-type-icons__content\">\r\n\t\t<div class=\"title title--big title--center title--underline title--light title--underline-light title--decoration-bottom-center\">\r\n\t\t\t<div class=\"title__subtitle\">Find en rejse ud fra<\/div>\r\n\t\t<h3 class=\"title__primary\">Rejsetype<\/h3>\r\n<\/div>\r\n\t\t<div class=\"tours-type-icons__slider\">\r\n\t\t\t<div class=\"tours-type-icons__slider__controls\">\r\n\t\t\t\t<a class=\"tours-type-icons__slider__prev\" href=\"#\"><i class=\"fa fa-chevron-left\"><\/i><\/a>\r\n\t\t\t\t<a class=\"tours-type-icons__slider__next\" href=\"#\"><i class=\"fa fa-chevron-right\"><\/i><\/a>\r\n\t\t\t<\/div>\r\n\t\t\t<div class=\"swiper-container swiper-slider\">\r\n\t\t\t\t<div class=\"swiper-wrapper\">\r\n\t\t\t\t\t\t\t\t\t\t\t\t\t\t<div class=\"swiper-slide tours-type-icons__item\">\r\n\t\t\t\t\t\t<a href=\"https:\/\/outdooreurope.eu\/de\/tour-category\/hiking-in-europe\/\" class=\"tours-type-icons__item__container\">\r\n\t\t\t\t\t\t\t<span class=\"tours-type-icons__item__content\">\r\n\t\t\t\t\t\t\t\t<i class=\"td-backpack\"><\/i>Hiking in Europe\t\t\t\t\t\t\t<\/span>\r\n\t\t\t\t\t\t<\/a>\r\n\t\t\t\t\t<\/div>\r\n\t\t\t\t\t\t\t\t\t\t\t\t\t\t<div class=\"swiper-slide tours-type-icons__item\">\r\n\t\t\t\t\t\t<a href=\"https:\/\/outdooreurope.eu\/de\/tour-category\/trailrunning-2\/\" class=\"tours-type-icons__item__container\">\r\n\t\t\t\t\t\t\t<span class=\"tours-type-icons__item__content\">\r\n\t\t\t\t\t\t\t\t<i class=\"td-footprint\"><\/i>Trailrunning in Europe\t\t\t\t\t\t\t<\/span>\r\n\t\t\t\t\t\t<\/a>\r\n\t\t\t\t\t<\/div>\r\n\t\t\t\t\t\t\t\t\t\t\t\t\t\t<div class=\"swiper-slide tours-type-icons__item\">\r\n\t\t\t\t\t\t<a href=\"https:\/\/outdooreurope.eu\/de\/tour-category\/sking\/\" class=\"tours-type-icons__item__container\">\r\n\t\t\t\t\t\t\t<span class=\"tours-type-icons__item__content\">\r\n\t\t\t\t\t\t\t\t<i class=\"td-skiing\"><\/i>Ski touring in Europe\t\t\t\t\t\t\t<\/span>\r\n\t\t\t\t\t\t<\/a>\r\n\t\t\t\t\t<\/div>\r\n\t\t\t\t\t\t\t\t\t\t\t\t\t\t<div class=\"swiper-slide tours-type-icons__item\">\r\n\t\t\t\t\t\t<a href=\"https:\/\/outdooreurope.eu\/de\/tour-category\/snow-shoeing-in-europe\/\" class=\"tours-type-icons__item__container\">\r\n\t\t\t\t\t\t\t<span class=\"tours-type-icons__item__content\">\r\n\t\t\t\t\t\t\t\t<i class=\"\"><\/i>Snow shoeing in Europe\t\t\t\t\t\t\t<\/span>\r\n\t\t\t\t\t\t<\/a>\r\n\t\t\t\t\t<\/div>\r\n\t\t\t\t\t\t\t\t\t\t\t\t\t\t<div class=\"swiper-slide tours-type-icons__item\">\r\n\t\t\t\t\t\t<a href=\"https:\/\/outdooreurope.eu\/de\/tour-category\/alpinism\/\" class=\"tours-type-icons__item__container\">\r\n\t\t\t\t\t\t\t<span class=\"tours-type-icons__item__content\">\r\n\t\t\t\t\t\t\t\t<i class=\"td-mountains\"><\/i>Alpinism in Europe\t\t\t\t\t\t\t<\/span>\r\n\t\t\t\t\t\t<\/a>\r\n\t\t\t\t\t<\/div>\r\n\t\t\t\t\t\t\t\t<\/div>\r\n\t\t\t<\/div>\r\n\t\t<\/div>\r\n\t<\/div>\r\n<\/div>\r\n<\/div><\/div><\/div><\/div><div class=\"vc_row wpb_row vc_row-fluid\"><div class=\"wpb_column vc_column_container vc_col-sm-12\"><div class=\"vc_column-inner\"><div class=\"wpb_wrapper\"><div class=\"form-subscribe\"><div class=\"form-subscribe__shadow\"><\/div>Please enter the MailChimp List ID settings in the MailChimp Form [mailchimp_form] shortcode.<\/div><\/div><\/div><\/div><\/div>\n<\/div>","protected":false},"excerpt":{"rendered":"Der Grund daf\u00fcr ist die aktive Ferienreise f\u00fcr alle, die auf Skiern, Wanderern oder Radfahrern unterwegs sind und auf diesem Niveau angekommen sind. Der Wert f\u00fcr Geld, das ich zahlen muss, ist eine Gruppenreise und ein individuelles Angebot, um g\u00fcnstige Preise f\u00fcr Smukke-Ziele zu bieten. Wir sind st\u00e4ndig auf der Suche nach Italiens meist naturkundlichen H\u00e4ndlern. Nemt bei booke<div class=\"padding-top text-center\"><a href=\"https:\/\/outdooreurope.eu\/de\/hjem\/\" class=\"atbtn atbtn--medium atbtn--rounded atbtn--transparent\">Weiterlesen<i class=\"atbtn__icon atbtn__icon--right fa fa-long-arrow-right\"><\/i><\/a><\/div>","protected":false},"author":1,"featured_media":0,"parent":0,"menu_order":0,"comment_status":"closed","ping_status":"closed","template":"","meta":{"_acf_changed":false,"content-type":"","inline_featured_image":false,"footnotes":""},"class_list":["post-10","page","type-page","status-publish","hentry"],"acf":[],"yoast_head":"<!-- This site is optimized with the Yoast SEO Premium plugin v27.4 (Yoast SEO v27.4) - https:\/\/yoast.com\/product\/yoast-seo-premium-wordpress\/ -->\n<title>Outdoor Italy - Join the trail...<\/title>\n<meta name=\"description\" content=\"Vi tilbyder trail camps, l\u00f8beferier og ski touring for b\u00e5de grupper og solorejsende p\u00e5 alle niveauer i smukke omgivelser i de Italienske Alper. Rejs alene, deltag i en af vores camps eller arrangerer en rejse for din l\u00f8beklub eller virksomhed. Ring 31771100 og f\u00e5 et tilbud.\" \/>\n<meta name=\"robots\" content=\"index, follow, max-snippet:-1, max-image-preview:large, max-video-preview:-1\" \/>\n<link rel=\"canonical\" href=\"https:\/\/outdooreurope.eu\/de\/hjem\/\" \/>\n<meta property=\"og:locale\" content=\"de_DE\" \/>\n<meta property=\"og:type\" content=\"article\" \/>\n<meta property=\"og:title\" content=\"Hjem\" \/>\n<meta property=\"og:url\" content=\"https:\/\/outdooreurope.eu\/de\/hjem\/\" \/>\n<meta property=\"og:site_name\" content=\"Outdoor Europe\" \/>\n<meta property=\"article:publisher\" content=\"https:\/\/www.facebook.com\/outdooreurope.eu\" \/>\n<meta property=\"article:modified_time\" content=\"2022-11-29T06:38:16+00:00\" \/>\n<meta property=\"og:image\" content=\"https:\/\/outdooreurope.eu\/wp-content\/uploads\/2024\/01\/Dirk-Elsje.jpg\" \/>\n\t<meta property=\"og:image:width\" content=\"1286\" \/>\n\t<meta property=\"og:image:height\" content=\"1286\" \/>\n\t<meta property=\"og:image:type\" content=\"image\/jpeg\" \/>\n<meta name=\"twitter:card\" content=\"summary_large_image\" \/>\n<meta name=\"twitter:label1\" content=\"Gesch\u00e4tzte Lesezeit\" \/>\n\t<meta name=\"twitter:data1\" content=\"1\u00a0Minute\" \/>\n<script type=\"application\/ld+json\" class=\"yoast-schema-graph\">{\"@context\":\"https:\\\/\\\/schema.org\",\"@graph\":[{\"@type\":\"WebPage\",\"@id\":\"https:\\\/\\\/outdooreurope.eu\\\/hjem\\\/\",\"url\":\"https:\\\/\\\/outdooreurope.eu\\\/hjem\\\/\",\"name\":\"Outdoor Italy - Join the trail...\",\"isPartOf\":{\"@id\":\"https:\\\/\\\/outdooreurope.eu\\\/#website\"},\"datePublished\":\"2016-06-21T06:24:14+00:00\",\"dateModified\":\"2022-11-29T06:38:16+00:00\",\"description\":\"Vi tilbyder trail camps, l\u00f8beferier og ski touring for b\u00e5de grupper og solorejsende p\u00e5 alle niveauer i smukke omgivelser i de Italienske Alper. Rejs alene, deltag i en af vores camps eller arrangerer en rejse for din l\u00f8beklub eller virksomhed. Ring 31771100 og f\u00e5 et tilbud.\",\"breadcrumb\":{\"@id\":\"https:\\\/\\\/outdooreurope.eu\\\/hjem\\\/#breadcrumb\"},\"inLanguage\":\"de\",\"potentialAction\":[{\"@type\":\"ReadAction\",\"target\":[\"https:\\\/\\\/outdooreurope.eu\\\/hjem\\\/\"]}]},{\"@type\":\"BreadcrumbList\",\"@id\":\"https:\\\/\\\/outdooreurope.eu\\\/hjem\\\/#breadcrumb\",\"itemListElement\":[{\"@type\":\"ListItem\",\"position\":1,\"name\":\"Hjem\",\"item\":\"https:\\\/\\\/outdooreurope.eu\\\/\"},{\"@type\":\"ListItem\",\"position\":2,\"name\":\"Hjem\"}]},{\"@type\":\"WebSite\",\"@id\":\"https:\\\/\\\/outdooreurope.eu\\\/#website\",\"url\":\"https:\\\/\\\/outdooreurope.eu\\\/\",\"name\":\"Outdoor Europe\",\"description\":\"Hiking In Europe I Join the trail\",\"potentialAction\":[{\"@type\":\"SearchAction\",\"target\":{\"@type\":\"EntryPoint\",\"urlTemplate\":\"https:\\\/\\\/outdooreurope.eu\\\/?s={search_term_string}\"},\"query-input\":{\"@type\":\"PropertyValueSpecification\",\"valueRequired\":true,\"valueName\":\"search_term_string\"}}],\"inLanguage\":\"de\"}]}<\/script>\n<!-- \/ Yoast SEO Premium plugin. -->","yoast_head_json":{"title":"Outdoor Italy - Mach mit bei der Spur...","description":"Vi tilbyder Trail Camps, Lobeferier und Skitouren f\u00fcr alle Gruppen und Solorejsende auf allen Niveaus und smukke omgivelser in den italienischen Alpen. Rejs alene, deltag i en af vores camps eller Arrangerer en rejse for din l\u00f8beklub eller virksomhed. Ring 31771100 f\u00fcr et tilbud.","robots":{"index":"index","follow":"follow","max-snippet":"max-snippet:-1","max-image-preview":"max-image-preview:large","max-video-preview":"max-video-preview:-1"},"canonical":"https:\/\/outdooreurope.eu\/de\/hjem\/","og_locale":"de_DE","og_type":"article","og_title":"Hjem","og_url":"https:\/\/outdooreurope.eu\/de\/hjem\/","og_site_name":"Outdoor Europe","article_publisher":"https:\/\/www.facebook.com\/outdooreurope.eu","article_modified_time":"2022-11-29T06:38:16+00:00","og_image":[{"width":1286,"height":1286,"url":"https:\/\/outdooreurope.eu\/wp-content\/uploads\/2024\/01\/Dirk-Elsje.jpg","type":"image\/jpeg"}],"twitter_card":"summary_large_image","twitter_misc":{"Gesch\u00e4tzte Lesezeit":"1\u00a0Minute"},"schema":{"@context":"https:\/\/schema.org","@graph":[{"@type":"WebPage","@id":"https:\/\/outdooreurope.eu\/hjem\/","url":"https:\/\/outdooreurope.eu\/hjem\/","name":"Outdoor Italy - Mach mit bei der Spur...","isPartOf":{"@id":"https:\/\/outdooreurope.eu\/#website"},"datePublished":"2016-06-21T06:24:14+00:00","dateModified":"2022-11-29T06:38:16+00:00","description":"Vi tilbyder Trail Camps, Lobeferier und Skitouren f\u00fcr alle Gruppen und Solorejsende auf allen Niveaus und smukke omgivelser in den italienischen Alpen. Rejs alene, deltag i en af vores camps eller Arrangerer en rejse for din l\u00f8beklub eller virksomhed. Ring 31771100 f\u00fcr et tilbud.","breadcrumb":{"@id":"https:\/\/outdooreurope.eu\/hjem\/#breadcrumb"},"inLanguage":"de","potentialAction":[{"@type":"ReadAction","target":["https:\/\/outdooreurope.eu\/hjem\/"]}]},{"@type":"BreadcrumbList","@id":"https:\/\/outdooreurope.eu\/hjem\/#breadcrumb","itemListElement":[{"@type":"ListItem","position":1,"name":"Hjem","item":"https:\/\/outdooreurope.eu\/"},{"@type":"ListItem","position":2,"name":"Hjem"}]},{"@type":"WebSite","@id":"https:\/\/outdooreurope.eu\/#website","url":"https:\/\/outdooreurope.eu\/","name":"Outdoor Europa","description":"Wandern in Europa I Folgen Sie der Spur","potentialAction":[{"@type":"SearchAction","target":{"@type":"EntryPoint","urlTemplate":"https:\/\/outdooreurope.eu\/?s={search_term_string}"},"query-input":{"@type":"PropertyValueSpecification","valueRequired":true,"valueName":"search_term_string"}}],"inLanguage":"de"}]}},"_links":{"self":[{"href":"https:\/\/outdooreurope.eu\/de\/wp-json\/wp\/v2\/pages\/10","targetHints":{"allow":["GET"]}}],"collection":[{"href":"https:\/\/outdooreurope.eu\/de\/wp-json\/wp\/v2\/pages"}],"about":[{"href":"https:\/\/outdooreurope.eu\/de\/wp-json\/wp\/v2\/types\/page"}],"author":[{"embeddable":true,"href":"https:\/\/outdooreurope.eu\/de\/wp-json\/wp\/v2\/users\/1"}],"replies":[{"embeddable":true,"href":"https:\/\/outdooreurope.eu\/de\/wp-json\/wp\/v2\/comments?post=10"}],"version-history":[{"count":0,"href":"https:\/\/outdooreurope.eu\/de\/wp-json\/wp\/v2\/pages\/10\/revisions"}],"wp:attachment":[{"href":"https:\/\/outdooreurope.eu\/de\/wp-json\/wp\/v2\/media?parent=10"}],"curies":[{"name":"wp","href":"https:\/\/api.w.org\/{rel}","templated":true}]}}