{"id":12249,"date":"2022-08-12T08:07:39","date_gmt":"2022-08-12T06:07:39","guid":{"rendered":"http:\/\/workdemomaster.com\/outdooreurope\/?page_id=12249"},"modified":"2025-01-21T21:36:32","modified_gmt":"2025-01-21T20:36:32","slug":"finde-dein-niveau","status":"publish","type":"page","link":"https:\/\/outdooreurope.eu\/de\/find-your-level\/","title":{"rendered":"Finden Sie Ihr Niveau"},"content":{"rendered":"<div class=\"wpb-content-wrapper\"><div class=\"vc_row wpb_row vc_row-fluid pb-100 lavel-page\"><div class=\"wpb_column vc_column_container vc_col-sm-12\"><div class=\"vc_column-inner\"><div class=\"wpb_wrapper\"><h2 style=\"text-align: center\" class=\"vc_custom_heading vc_do_custom_heading\">Wir sind alle verschieden<\/h2><div style=\"text-align: center\" class=\"vc_custom_heading vc_do_custom_heading your-level-heading\">Verwenden Sie diesen Leitfaden, um Ihre Tour zu finden<\/div><div class=\"vc_row wpb_row vc_inner vc_row-fluid defferent-card vc_row-o-equal-height vc_row-flex\"><div class=\"wpb_column vc_column_container vc_col-sm-6\"><div class=\"vc_column-inner\"><div class=\"wpb_wrapper\">\n\t<div  class=\"wpb_single_image wpb_content_element vc_align_left wpb_content_element\">\n\t\t\n\t\t<figure class=\"wpb_wrapper vc_figure\">\n\t\t\t<div class=\"vc_single_image-wrapper   vc_box_border_grey\"><img decoding=\"async\" width=\"228\" height=\"41\" src=\"https:\/\/outdooreurope.eu\/wp-content\/uploads\/2024\/12\/Easy.svg\" class=\"vc_single_image-img attachment-full\" alt=\"\" title=\"Einfach\" \/><\/div>\n\t\t<\/figure>\n\t<\/div>\n\n\t<div class=\"wpb_text_column wpb_content_element\">\n\t\t<div class=\"wpb_wrapper\">\n\t\t\t<p>Einfache Trails, k\u00fcrzere Distanzen und geeignet f\u00fcr Menschen ohne vorherige Bergerfahrung. Die k\u00f6rperliche Verfassung ist nicht sehr herausfordernd, obwohl die Teilnehmer dennoch in der Lage sein sollten, 10-15 km ohne Probleme auf einer ebenen Stra\u00dfe zu wandern. Geeignet f\u00fcr Kinder ab 8 Jahren.<\/p>\n\n\t\t<\/div>\n\t<\/div>\n\n\t<div class=\"wpb_text_column wpb_content_element color-box\">\n\t\t<div class=\"wpb_wrapper\">\n\t\t\t<p><img decoding=\"async\" class=\"size-medium wp-image-14768\" src=\"https:\/\/outdooreurope.eu\/wp-content\/uploads\/2025\/01\/distance.svg\" alt=\"\" width=\"30\" height=\"30\" \/> Bis zu 15 km Entfernung und<\/p>\n<p><img decoding=\"async\" class=\"size-medium wp-image-14768\" src=\"https:\/\/outdooreurope.eu\/wp-content\/uploads\/2024\/12\/alpinism.svg\" alt=\"\" width=\"30\" height=\"30\" \/> 600 Meter H\u00f6henunterschied pro Tag<\/p>\n\n\t\t<\/div>\n\t<\/div>\n<\/div><\/div><\/div><div class=\"wpb_column vc_column_container vc_col-sm-6\"><div class=\"vc_column-inner\"><div class=\"wpb_wrapper\">\n\t<div  class=\"wpb_single_image wpb_content_element vc_align_left wpb_content_element\">\n\t\t\n\t\t<figure class=\"wpb_wrapper vc_figure\">\n\t\t\t<div class=\"vc_single_image-wrapper   vc_box_border_grey\"><img decoding=\"async\" width=\"228\" height=\"40\" src=\"https:\/\/outdooreurope.eu\/wp-content\/uploads\/2025\/01\/Moderate.svg\" class=\"vc_single_image-img attachment-full\" alt=\"\" title=\"M\u00e4\u00dfig\" \/><\/div>\n\t\t<\/figure>\n\t<\/div>\n\n\t<div class=\"wpb_text_column wpb_content_element\">\n\t\t<div class=\"wpb_wrapper\">\n\t\t\t<p>Gut gepflegte und ziemlich breite Wege, aber mit einigen anspruchsvollen Abschnitten wie steilen Anstiegen und einigen technischen, felsigen Stellen. Eine ziemlich gute Form ist erforderlich. Die Teilnehmer sollten in der Lage sein, 15-20 km auf einer ebenen Stra\u00dfe ohne Schwierigkeiten zu wandern. Geeignet f\u00fcr Kinder ab 12 Jahren.<\/p>\n\n\t\t<\/div>\n\t<\/div>\n\n\t<div class=\"wpb_text_column wpb_content_element color-box\">\n\t\t<div class=\"wpb_wrapper\">\n\t\t\t<p><img decoding=\"async\" class=\"size-medium wp-image-14768\" src=\"https:\/\/outdooreurope.eu\/wp-content\/uploads\/2025\/01\/distance.svg\" alt=\"\" width=\"30\" height=\"30\" \/> Bis zu 20 km Entfernung und<\/p>\n<p><img decoding=\"async\" class=\"size-medium wp-image-14768\" src=\"https:\/\/outdooreurope.eu\/wp-content\/uploads\/2024\/12\/alpinism.svg\" alt=\"\" width=\"30\" height=\"30\" \/> 1300 H\u00f6henmeter pro Tag<\/p>\n\n\t\t<\/div>\n\t<\/div>\n<\/div><\/div><\/div><\/div><div class=\"vc_row wpb_row vc_inner vc_row-fluid defferent-card vc_row-o-equal-height vc_row-flex\"><div class=\"wpb_column vc_column_container vc_col-sm-6\"><div class=\"vc_column-inner\"><div class=\"wpb_wrapper\">\n\t<div  class=\"wpb_single_image wpb_content_element vc_align_left wpb_content_element\">\n\t\t\n\t\t<figure class=\"wpb_wrapper vc_figure\">\n\t\t\t<div class=\"vc_single_image-wrapper   vc_box_border_grey\"><img decoding=\"async\" width=\"228\" height=\"41\" src=\"https:\/\/outdooreurope.eu\/wp-content\/uploads\/2024\/12\/Experienced.svg\" class=\"vc_single_image-img attachment-full\" alt=\"\" title=\"Erfahren\" \/><\/div>\n\t\t<\/figure>\n\t<\/div>\n\n\t<div class=\"wpb_text_column wpb_content_element\">\n\t\t<div class=\"wpb_wrapper\">\n\t\t\t<p>Trails mit l\u00e4ngeren, technischen Seiten und teilweise nur sp\u00e4rlich markiert. Die Teilnehmer sind mehrfach in den Alpen oder einer \u00e4hnlichen Umgebung gewandert und sind mit Kartenlesen, GPS und wechselhaften Wetterbedingungen vertraut. Nicht geeignet f\u00fcr Kinder.<\/p>\n\n\t\t<\/div>\n\t<\/div>\n\n\t<div class=\"wpb_text_column wpb_content_element color-box\">\n\t\t<div class=\"wpb_wrapper\">\n\t\t\t<p><img decoding=\"async\" class=\"size-medium wp-image-14768\" src=\"https:\/\/outdooreurope.eu\/wp-content\/uploads\/2025\/01\/distance.svg\" alt=\"\" width=\"30\" height=\"30\" \/> Bis zu 25 km Entfernung und<\/p>\n<p><img decoding=\"async\" class=\"size-medium wp-image-14768\" src=\"https:\/\/outdooreurope.eu\/wp-content\/uploads\/2024\/12\/alpinism.svg\" alt=\"\" width=\"30\" height=\"30\" \/> 1800 H\u00f6henmeter pro Tag<\/p>\n\n\t\t<\/div>\n\t<\/div>\n<\/div><\/div><\/div><div class=\"wpb_column vc_column_container vc_col-sm-6\"><div class=\"vc_column-inner\"><div class=\"wpb_wrapper\">\n\t<div  class=\"wpb_single_image wpb_content_element vc_align_left wpb_content_element\">\n\t\t\n\t\t<figure class=\"wpb_wrapper vc_figure\">\n\t\t\t<div class=\"vc_single_image-wrapper   vc_box_border_grey\"><img decoding=\"async\" width=\"228\" height=\"40\" src=\"https:\/\/outdooreurope.eu\/wp-content\/uploads\/2024\/12\/Advanced.svg\" class=\"vc_single_image-img attachment-full\" alt=\"\" title=\"Fortschrittlich\" \/><\/div>\n\t\t<\/figure>\n\t<\/div>\n\n\t<div class=\"wpb_text_column wpb_content_element\">\n\t\t<div class=\"wpb_wrapper\">\n\t\t\t<p>Nur f\u00fcr sehr erfahrene Sportler mit solider Erfahrung in der gew\u00e4hlten Aktivit\u00e4t, ob Wandern, Laufen, Klettern oder Skifahren. Die Form ist optimal und die Teilnehmer sollten in der Lage sein, ohne gro\u00dfe Schwierigkeiten einen Halbmarathon zu laufen.<\/p>\n\n\t\t<\/div>\n\t<\/div>\n<\/div><\/div><\/div><\/div><\/div><\/div><\/div><\/div><div data-vc-full-width=\"true\" data-vc-full-width-temp=\"true\" data-vc-full-width-init=\"false\" class=\"vc_row wpb_row vc_row-fluid vc_custom_1696339208689 vc_row-has-fill\"><div class=\"wpb_column vc_column_container vc_col-sm-12\"><div class=\"vc_column-inner\"><div class=\"wpb_wrapper\"><div class=\"templatera_shortcode\"><div data-vc-full-width=\"true\" data-vc-full-width-temp=\"true\" data-vc-full-width-init=\"false\" class=\"vc_row wpb_row vc_row-fluid footer-cta pt-100 pb-100 vc_row-o-content-middle vc_row-flex\"><div class=\"wpb_column vc_column_container vc_col-sm-6\"><div class=\"vc_column-inner vc_custom_1696340752653\"><div class=\"wpb_wrapper\"><h3 style=\"text-align: left\" class=\"vc_custom_heading vc_do_custom_heading pb-3\">Erstellen Sie Ihre eigene private Gruppenreise<\/h3>\n\t<div class=\"wpb_text_column wpb_content_element\">\n\t\t<div class=\"wpb_wrapper\">\n\t\t\t<p>Egal ob Gro\u00dffamilie, Arbeitsteam oder Sportverein \u2013 wir helfen Ihnen bei der Gestaltung eines perfekten Gruppenabenteuers.<\/p>\n\n\t\t<\/div>\n\t<\/div>\n<div class=\"vc_btn3-container  theme-btn pt-3 vc_btn3-inline vc_do_btn\"><a class=\"vc_general vc_btn3 vc_btn3-size-md vc_btn3-shape-rounded vc_btn3-style-modern vc_btn3-color-grey\" href=\"\/de\/privatfuhrung\/\" title=\"Private Touren\">Private Gruppe<\/a><\/div><\/div><\/div><\/div><div class=\"wpb_column vc_column_container vc_col-sm-6\"><div class=\"vc_column-inner\"><div class=\"wpb_wrapper\">\n\t<div  class=\"wpb_single_image wpb_content_element vc_align_left wpb_content_element\">\n\t\t\n\t\t<figure class=\"wpb_wrapper vc_figure\">\n\t\t\t<div class=\"vc_single_image-wrapper   vc_box_border_grey\"><img decoding=\"async\" width=\"746\" height=\"559\" src=\"https:\/\/outdooreurope.eu\/wp-content\/uploads\/2024\/01\/outdoor-community-new.png\" class=\"vc_single_image-img attachment-full\" alt=\"\" title=\"Outdoor-Community-neu\" srcset=\"https:\/\/outdooreurope.eu\/wp-content\/uploads\/2024\/01\/outdoor-community-new.png 746w, https:\/\/outdooreurope.eu\/wp-content\/uploads\/2024\/01\/outdoor-community-new-300x225.png 300w, https:\/\/outdooreurope.eu\/wp-content\/uploads\/2024\/01\/outdoor-community-new-16x12.png 16w, https:\/\/outdooreurope.eu\/wp-content\/uploads\/2024\/01\/outdoor-community-new-610x457.png 610w, https:\/\/outdooreurope.eu\/wp-content\/uploads\/2024\/01\/outdoor-community-new-600x450.png 600w\" sizes=\"(max-width: 746px) 100vw, 746px\" \/><\/div>\n\t\t<\/figure>\n\t<\/div>\n<\/div><\/div><\/div><\/div><div class=\"vc_row-full-width vc_clearfix\"><\/div><\/div><\/div><\/div><\/div><\/div><div class=\"vc_row-full-width vc_clearfix\"><\/div>\n<\/div>","protected":false},"excerpt":{"rendered":"Wir sind alle verschieden. Nutzen Sie diesen Leitfaden, um Ihre Tour zu finden. Einfache Wanderwege, k\u00fcrzere Distanzen und f\u00fcr Personen ohne Bergerfahrung geeignet. Die k\u00f6rperliche Anstrengung ist nicht sehr anspruchsvoll, dennoch sollten die Teilnehmer problemlos 10\u201315 km auf ebener Stra\u00dfe wandern k\u00f6nnen. Geeignet f\u00fcr Kinder ab 8 Jahren. Bis 15 Jahre<div class=\"padding-top text-center\"><a href=\"https:\/\/outdooreurope.eu\/de\/find-your-level\/\" class=\"atbtn atbtn--medium atbtn--rounded atbtn--transparent\">Weiterlesen<i class=\"atbtn__icon atbtn__icon--right fa fa-long-arrow-right\"><\/i><\/a><\/div>","protected":false},"author":1,"featured_media":0,"parent":0,"menu_order":0,"comment_status":"closed","ping_status":"closed","template":"","meta":{"_acf_changed":false,"content-type":"","inline_featured_image":false,"footnotes":""},"class_list":["post-12249","page","type-page","status-publish","hentry"],"acf":[],"yoast_head":"<!-- This site is optimized with the Yoast SEO Premium plugin v27.3 (Yoast SEO v27.3) - https:\/\/yoast.com\/product\/yoast-seo-premium-wordpress\/ -->\n<title>Find Your Level - Outdoor Europe<\/title>\n<meta name=\"robots\" content=\"index, follow, max-snippet:-1, max-image-preview:large, max-video-preview:-1\" \/>\n<link rel=\"canonical\" href=\"https:\/\/outdooreurope.eu\/de\/finde-dein-niveau\/\" \/>\n<meta property=\"og:locale\" content=\"de_DE\" \/>\n<meta property=\"og:type\" content=\"article\" \/>\n<meta property=\"og:title\" content=\"Find Your Level\" \/>\n<meta property=\"og:url\" content=\"https:\/\/outdooreurope.eu\/de\/finde-dein-niveau\/\" \/>\n<meta property=\"og:site_name\" content=\"Outdoor Europe\" \/>\n<meta property=\"article:publisher\" content=\"https:\/\/www.facebook.com\/outdooreurope.eu\" \/>\n<meta property=\"article:modified_time\" content=\"2025-01-21T20:36:32+00:00\" \/>\n<meta property=\"og:image\" content=\"https:\/\/outdooreurope.eu\/wp-content\/uploads\/2025\/01\/distance.svg\" \/>\n<meta name=\"twitter:card\" content=\"summary_large_image\" \/>\n<meta name=\"twitter:label1\" content=\"Gesch\u00e4tzte Lesezeit\" \/>\n\t<meta name=\"twitter:data1\" content=\"5\u00a0Minuten\" \/>\n<script type=\"application\/ld+json\" class=\"yoast-schema-graph\">{\"@context\":\"https:\\\/\\\/schema.org\",\"@graph\":[{\"@type\":\"WebPage\",\"@id\":\"https:\\\/\\\/outdooreurope.eu\\\/find-your-level\\\/\",\"url\":\"https:\\\/\\\/outdooreurope.eu\\\/find-your-level\\\/\",\"name\":\"Find Your Level - Outdoor Europe\",\"isPartOf\":{\"@id\":\"https:\\\/\\\/outdooreurope.eu\\\/#website\"},\"primaryImageOfPage\":{\"@id\":\"https:\\\/\\\/outdooreurope.eu\\\/find-your-level\\\/#primaryimage\"},\"image\":{\"@id\":\"https:\\\/\\\/outdooreurope.eu\\\/find-your-level\\\/#primaryimage\"},\"thumbnailUrl\":\"https:\\\/\\\/outdooreurope.eu\\\/wp-content\\\/uploads\\\/2025\\\/01\\\/distance.svg\",\"datePublished\":\"2022-08-12T06:07:39+00:00\",\"dateModified\":\"2025-01-21T20:36:32+00:00\",\"breadcrumb\":{\"@id\":\"https:\\\/\\\/outdooreurope.eu\\\/find-your-level\\\/#breadcrumb\"},\"inLanguage\":\"de\",\"potentialAction\":[{\"@type\":\"ReadAction\",\"target\":[\"https:\\\/\\\/outdooreurope.eu\\\/find-your-level\\\/\"]}]},{\"@type\":\"ImageObject\",\"inLanguage\":\"de\",\"@id\":\"https:\\\/\\\/outdooreurope.eu\\\/find-your-level\\\/#primaryimage\",\"url\":\"https:\\\/\\\/outdooreurope.eu\\\/wp-content\\\/uploads\\\/2025\\\/01\\\/distance.svg\",\"contentUrl\":\"https:\\\/\\\/outdooreurope.eu\\\/wp-content\\\/uploads\\\/2025\\\/01\\\/distance.svg\"},{\"@type\":\"BreadcrumbList\",\"@id\":\"https:\\\/\\\/outdooreurope.eu\\\/find-your-level\\\/#breadcrumb\",\"itemListElement\":[{\"@type\":\"ListItem\",\"position\":1,\"name\":\"Hjem\",\"item\":\"https:\\\/\\\/outdooreurope.eu\\\/\"},{\"@type\":\"ListItem\",\"position\":2,\"name\":\"Find Your Level\"}]},{\"@type\":\"WebSite\",\"@id\":\"https:\\\/\\\/outdooreurope.eu\\\/#website\",\"url\":\"https:\\\/\\\/outdooreurope.eu\\\/\",\"name\":\"Outdoor Europe\",\"description\":\"Hiking In Europe I Join the trail\",\"potentialAction\":[{\"@type\":\"SearchAction\",\"target\":{\"@type\":\"EntryPoint\",\"urlTemplate\":\"https:\\\/\\\/outdooreurope.eu\\\/?s={search_term_string}\"},\"query-input\":{\"@type\":\"PropertyValueSpecification\",\"valueRequired\":true,\"valueName\":\"search_term_string\"}}],\"inLanguage\":\"de\"}]}<\/script>\n<!-- \/ Yoast SEO Premium plugin. -->","yoast_head_json":{"title":"Finden Sie Ihr Niveau \u2013 Outdoor Europe","robots":{"index":"index","follow":"follow","max-snippet":"max-snippet:-1","max-image-preview":"max-image-preview:large","max-video-preview":"max-video-preview:-1"},"canonical":"https:\/\/outdooreurope.eu\/de\/finde-dein-niveau\/","og_locale":"de_DE","og_type":"article","og_title":"Find Your Level","og_url":"https:\/\/outdooreurope.eu\/de\/finde-dein-niveau\/","og_site_name":"Outdoor Europe","article_publisher":"https:\/\/www.facebook.com\/outdooreurope.eu","article_modified_time":"2025-01-21T20:36:32+00:00","og_image":[{"url":"https:\/\/outdooreurope.eu\/wp-content\/uploads\/2025\/01\/distance.svg","type":"","width":"","height":""}],"twitter_card":"summary_large_image","twitter_misc":{"Gesch\u00e4tzte Lesezeit":"5\u00a0Minuten"},"schema":{"@context":"https:\/\/schema.org","@graph":[{"@type":"WebPage","@id":"https:\/\/outdooreurope.eu\/find-your-level\/","url":"https:\/\/outdooreurope.eu\/find-your-level\/","name":"Finden Sie Ihr Niveau \u2013 Outdoor Europe","isPartOf":{"@id":"https:\/\/outdooreurope.eu\/#website"},"primaryImageOfPage":{"@id":"https:\/\/outdooreurope.eu\/find-your-level\/#primaryimage"},"image":{"@id":"https:\/\/outdooreurope.eu\/find-your-level\/#primaryimage"},"thumbnailUrl":"https:\/\/outdooreurope.eu\/wp-content\/uploads\/2025\/01\/distance.svg","datePublished":"2022-08-12T06:07:39+00:00","dateModified":"2025-01-21T20:36:32+00:00","breadcrumb":{"@id":"https:\/\/outdooreurope.eu\/find-your-level\/#breadcrumb"},"inLanguage":"de","potentialAction":[{"@type":"ReadAction","target":["https:\/\/outdooreurope.eu\/find-your-level\/"]}]},{"@type":"ImageObject","inLanguage":"de","@id":"https:\/\/outdooreurope.eu\/find-your-level\/#primaryimage","url":"https:\/\/outdooreurope.eu\/wp-content\/uploads\/2025\/01\/distance.svg","contentUrl":"https:\/\/outdooreurope.eu\/wp-content\/uploads\/2025\/01\/distance.svg"},{"@type":"BreadcrumbList","@id":"https:\/\/outdooreurope.eu\/find-your-level\/#breadcrumb","itemListElement":[{"@type":"ListItem","position":1,"name":"Hjem","item":"https:\/\/outdooreurope.eu\/"},{"@type":"ListItem","position":2,"name":"Find Your Level"}]},{"@type":"WebSite","@id":"https:\/\/outdooreurope.eu\/#website","url":"https:\/\/outdooreurope.eu\/","name":"Outdoor Europa","description":"Wandern in Europa I Folgen Sie der Spur","potentialAction":[{"@type":"SearchAction","target":{"@type":"EntryPoint","urlTemplate":"https:\/\/outdooreurope.eu\/?s={search_term_string}"},"query-input":{"@type":"PropertyValueSpecification","valueRequired":true,"valueName":"search_term_string"}}],"inLanguage":"de"}]}},"_links":{"self":[{"href":"https:\/\/outdooreurope.eu\/de\/wp-json\/wp\/v2\/pages\/12249","targetHints":{"allow":["GET"]}}],"collection":[{"href":"https:\/\/outdooreurope.eu\/de\/wp-json\/wp\/v2\/pages"}],"about":[{"href":"https:\/\/outdooreurope.eu\/de\/wp-json\/wp\/v2\/types\/page"}],"author":[{"embeddable":true,"href":"https:\/\/outdooreurope.eu\/de\/wp-json\/wp\/v2\/users\/1"}],"replies":[{"embeddable":true,"href":"https:\/\/outdooreurope.eu\/de\/wp-json\/wp\/v2\/comments?post=12249"}],"version-history":[{"count":23,"href":"https:\/\/outdooreurope.eu\/de\/wp-json\/wp\/v2\/pages\/12249\/revisions"}],"predecessor-version":[{"id":17738,"href":"https:\/\/outdooreurope.eu\/de\/wp-json\/wp\/v2\/pages\/12249\/revisions\/17738"}],"wp:attachment":[{"href":"https:\/\/outdooreurope.eu\/de\/wp-json\/wp\/v2\/media?parent=12249"}],"curies":[{"name":"wp","href":"https:\/\/api.w.org\/{rel}","templated":true}]}}