{"id":12683,"date":"2022-09-19T18:21:07","date_gmt":"2022-09-19T16:21:07","guid":{"rendered":"http:\/\/workdemomaster.com\/outdooreurope\/?page_id=12683"},"modified":"2023-10-06T14:20:30","modified_gmt":"2023-10-06T12:20:30","slug":"datenschutz-bestimmungen","status":"publish","type":"page","link":"https:\/\/outdooreurope.eu\/de\/privacy-policy\/","title":{"rendered":"Datenschutz-Bestimmungen"},"content":{"rendered":"<div class=\"wpb-content-wrapper\"><div class=\"vc_row wpb_row vc_row-fluid inner-page-spacing\"><div class=\"wpb_column vc_column_container vc_col-sm-12\"><div class=\"vc_column-inner\"><div class=\"wpb_wrapper\">\n\t<div class=\"wpb_text_column wpb_content_element vc_custom_1696594825731\">\n\t\t<div class=\"wpb_wrapper\">\n\t\t\t<p>Willkommen bei Outdoor Italy Aps (die \u201eWebsite\u201c). Wir verstehen, dass der Datenschutz im Internet f\u00fcr die Benutzer unserer Website wichtig ist, insbesondere wenn sie Gesch\u00e4fte t\u00e4tigen. Diese Erkl\u00e4rung regelt unsere Datenschutzrichtlinien in Bezug auf die Benutzer der Website (\u201eBesucher\u201c), die sie besuchen, ohne Gesch\u00e4fte zu t\u00e4tigen, und Besucher, die sich registrieren, um Gesch\u00e4fte auf der Website abzuwickeln und die verschiedenen von angebotenen Dienste zu nutzen<br \/>\nOutdoor Italy Aps (zusammen \u201eDienste\u201c) (\u201eautorisierte Kunden\u201c).<\/p>\n<h3>\u201ePers\u00f6nlich identifizierbare Informationen\u201c<\/h3>\n<p>bezieht sich auf alle Informationen, die die Person, auf die sich diese Informationen beziehen, identifizieren oder verwenden k\u00f6nnen, um sie zu identifizieren, zu kontaktieren oder zu lokalisieren, einschlie\u00dflich, aber nicht beschr\u00e4nkt auf Name, Adresse, Telefonnummer, Faxnummer, E-Mail-Adresse, Finanzprofile, Sozialversicherung Nummer und Kreditkartendaten. Pers\u00f6nlich identifizierbare Informationen umfassen keine Informationen, die anonym gesammelt werden (d. h. ohne Identifizierung des einzelnen Benutzers) oder demografische Informationen, die nicht mit einer identifizierten Person verbunden sind.<\/p>\n<h3>Welche personenbezogenen Daten werden erfasst?<\/h3>\n<p>Wir k\u00f6nnen grundlegende Benutzerprofilinformationen von allen unseren Besuchern sammeln. Wir erfassen die folgenden zus\u00e4tzlichen Informationen von unseren autorisierten Kunden: Name, E-Mail-Adresse, Telefonnummer, Adresse,<\/p>\n<h3>Welche Organisationen sammeln die Informationen?<\/h3>\n<p>Zus\u00e4tzlich zu unserer direkten Sammlung von Informationen k\u00f6nnen unsere Drittanbieter (wie Kreditkartenunternehmen, Clearingstellen und Banken), die Dienstleistungen wie Kredit-, Versicherungs- und Treuhanddienste anbieten, diese Informationen von unseren Besuchern und autorisierten Kunden sammeln. Wir haben keine Kontrolle dar\u00fcber, wie diese Dritten solche Informationen verwenden, aber wir bitten sie, offenzulegen, wie sie pers\u00f6nliche Informationen verwenden, die ihnen von Besuchern und autorisierten Kunden zur Verf\u00fcgung gestellt werden. Einige dieser Dritten k\u00f6nnen Vermittler sein, die ausschlie\u00dflich als Glieder in der Vertriebskette fungieren und die ihnen gegebenen Informationen nicht speichern, aufbewahren oder verwenden.<\/p>\n<h3>Wie verwendet die Website personenbezogene Daten?<\/h3>\n<p>Wir verwenden personenbezogene Daten, um die Website anzupassen, geeignete Serviceangebote zu machen und Kauf- und Verkaufsanfragen auf der Website zu erf\u00fcllen. Wir k\u00f6nnen Besucher und autorisierte Kunden per E-Mail \u00fcber Recherche- oder Kauf- und Verkaufsm\u00f6glichkeiten auf der Website oder \u00fcber Informationen zum Thema der Website informieren. Wir k\u00f6nnen auch personenbezogene Daten verwenden, um Besucher und autorisierte Kunden als Antwort auf bestimmte Anfragen zu kontaktieren oder angeforderte Informationen bereitzustellen.<\/p>\n<h3>Mit wem d\u00fcrfen die Informationen geteilt werden?<\/h3>\n<p>Personenbezogene Daten \u00fcber autorisierte Kunden k\u00f6nnen mit anderen autorisierten Kunden geteilt werden, die potenzielle Transaktionen mit anderen autorisierten Kunden bewerten m\u00f6chten. Wir k\u00f6nnen aggregierte Informationen \u00fcber unsere Besucher, einschlie\u00dflich der demografischen Daten unserer Besucher und autorisierten Kunden, an unsere verbundenen Agenturen und Drittanbieter weitergeben. Wir bieten auch die M\u00f6glichkeit, den Erhalt von Informationen oder die Kontaktaufnahme durch uns oder eine in unserem Namen handelnde Agentur \u201eabzulehnen\u201c.<\/p>\n<h3>Wie werden personenbezogene Daten gespeichert?<\/h3>\n<p>Personenbezogene Daten, die von Outdoor Italy Aps gesammelt werden, werden sicher gespeichert und sind f\u00fcr Dritte oder Mitarbeiter von Outdoor Italy Aps nicht zug\u00e4nglich, au\u00dfer f\u00fcr die oben angegebene Verwendung.<\/p>\n<h3>Welche Wahlm\u00f6glichkeiten stehen den Besuchern hinsichtlich der Erfassung, Verwendung und Verbreitung der Informationen zur Verf\u00fcgung?<\/h3>\n<p>Besucher und registrierte Kunden k\u00f6nnen dem Erhalt unerw\u00fcnschter Informationen von uns und\/oder unseren Anbietern und Partneragenturen sowie der Kontaktaufnahme durch diese widersprechen, indem sie auf E-Mails wie angegeben antworten oder uns kontaktieren unter <span \n                data-original-string='w5PKHFprmK+kKXf2W5TWLQ==c81ovIDNLGkO1Dq8M2jjveFShcAnz9lypTjwq36LiB5ems='\n                class='apbct-email-encoder'\n                title='Dieser Kontakt wurde von Anti-Spam by CleanTalk verschl\u00fcsselt. Klicken Sie hier, um ihn zu entschl\u00fcsseln. Um die Entschl\u00fcsselung abzuschlie\u00dfen, stellen Sie sicher, dass JavaScript in Ihrem Browser aktiviert ist.'>Sei<span class=\"apbct-blur\">*******<\/span>@<span class=\"apbct-blur\">***<\/span>il.com<\/span><\/p>\n<h3>Kekse<\/h3>\n<p>Ein Cookie ist eine Informationskette, die eine Website auf dem Computer eines Besuchers speichert und die der Browser des Besuchers der Website jedes Mal zur Verf\u00fcgung stellt, wenn der Besucher zur\u00fcckkehrt.<\/p>\n<p>Wir verwenden \u201eCookies\u201c, um Informationen zu sammeln. Sie k\u00f6nnen Ihren Browser anweisen, alle Cookies abzulehnen oder anzuzeigen, wenn ein Cookie gesendet wird. Wenn Sie jedoch keine Cookies akzeptieren, k\u00f6nnen Sie m\u00f6glicherweise einige Teile unseres Dienstes nicht nutzen.<\/p>\n<h3>Werden Cookies auf der Website verwendet?<\/h3>\n<p>Cookies werden aus verschiedenen Gr\u00fcnden verwendet. Wir verwenden Cookies, um Informationen \u00fcber die Pr\u00e4ferenzen unserer Besucher und die von ihnen ausgew\u00e4hlten Dienste zu erhalten. Wir verwenden Cookies auch zu Sicherheitszwecken, um unsere autorisierten Kunden zu sch\u00fctzen. Wenn beispielsweise ein autorisierter Kunde angemeldet ist und die Website l\u00e4nger als 10 Minuten nicht verwendet wird, melden wir den autorisierten Kunden automatisch ab. Besucher, die nicht m\u00f6chten, dass Cookies auf ihren Computern platziert werden, sollten ihren Browser so einstellen, dass er Cookies ablehnt, bevor sie Outdoor Italy Aps verwenden, mit dem Nachteil, dass bestimmte Funktionen der Website ohne die Hilfe von Cookies m\u00f6glicherweise nicht richtig funktionieren.<\/p>\n<h3>Von unseren Dienstleistern verwendete Cookies<\/h3>\n<p>Unsere Dienstanbieter verwenden Cookies und diese Cookies k\u00f6nnen auf Ihrem Computer gespeichert werden, wenn Sie unsere Website besuchen. Weitere Informationen dar\u00fcber, welche Cookies verwendet werden, finden Sie auf unserer Cookies-Infoseite.<\/p>\n<h3>Wie verwendet WPLegalPages Anmeldeinformationen?<\/h3>\n<p>Outdoor Italy Aps verwendet Anmeldeinformationen, einschlie\u00dflich, aber nicht beschr\u00e4nkt auf IP-Adressen, ISPs und Browsertypen, Browserversion, besuchte Seiten, Datum und Uhrzeit des Besuchs, um Trends zu analysieren, die Website zu verwalten, die Bewegung und Nutzung eines Benutzers zu verfolgen, und umfassende demografische Informationen sammeln.<\/p>\n<h3>Welche Partner oder Dienstleister haben Zugriff auf personenbezogene Daten von Besuchern und\/oder autorisierten Kunden auf der Website?<\/h3>\n<p>Outdoor Italy Aps ist Partnerschaften und andere Partnerschaften mit einer Reihe von Anbietern eingegangen und wird dies auch weiterhin tun. Solche Anbieter haben m\u00f6glicherweise Zugriff auf bestimmte personenbezogene Daten, wenn sie die Grundlage f\u00fcr die Bewertung autorisierter Kunden f\u00fcr die Serviceberechtigung kennen m\u00fcssen. Unsere Datenschutzerkl\u00e4rung erstreckt sich nicht auf die Erfassung oder Verwendung dieser Informationen.<\/p>\n<h3>Wie sichert die Website personenbezogene Daten?<\/h3>\n<p>Alle unsere Mitarbeiter sind mit unseren Sicherheitsrichtlinien und -praktiken vertraut. Die personenbezogenen Daten unserer Besucher und autorisierten Kunden sind nur einer begrenzten Anzahl qualifizierter Mitarbeiter zug\u00e4nglich, die ein Passwort erhalten, um Zugang zu den Daten zu erhalten. Wir pr\u00fcfen unsere Sicherheitssysteme und -prozesse regelm\u00e4\u00dfig. Sensible Informationen wie Kreditkartennummern oder Sozialversicherungsnummern werden durch Verschl\u00fcsselungsprotokolle gesch\u00fctzt, die zum Schutz der \u00fcber das Internet gesendeten Informationen vorhanden sind. Obwohl wir wirtschaftlich angemessene Ma\u00dfnahmen ergreifen, um eine sichere Website aufrechtzuerhalten, sind elektronische Kommunikation und Datenbanken Fehlern, Manipulationen und Einbr\u00fcchen ausgesetzt, und wir k\u00f6nnen nicht garantieren oder garantieren, dass solche Ereignisse nicht stattfinden, und wir haften nicht gegen\u00fcber Besuchern oder Autorisierte Kunden f\u00fcr solche Vorkommnisse.<\/p>\n<h3>Wie k\u00f6nnen Besucher Ungenauigkeiten in personenbezogenen Daten korrigieren?<\/h3>\n<p>Besucher und autorisierte Kunden k\u00f6nnen sich per E-Mail an uns wenden, um personenbezogene Daten \u00fcber sie zu aktualisieren oder etwaige Ungenauigkeiten zu korrigieren <a href=\"mailto:be*******@***il.com\" data-original-string=\"S3KS5UFrIKDvaRebRxXycA==c81PJfwesM9vo109wa8ASn\/sH17OG+guU\/PuxPhCEQ3puc=\" title=\"Dieser Kontakt wurde von Anti-Spam by CleanTalk verschl\u00fcsselt. Klicken Sie hier, um ihn zu entschl\u00fcsseln. Um die Entschl\u00fcsselung abzuschlie\u00dfen, stellen Sie sicher, dass JavaScript in Ihrem Browser aktiviert ist.\"><span \n                data-original-string='ZSdVlgFSWLvOJGnzv2eS8g==c81RmfD\/RMEpkmI14siZu53kQXlIDzPYYw2tHCEt+qewYE='\n                class='apbct-email-encoder'\n                title='Dieser Kontakt wurde von Anti-Spam by CleanTalk verschl\u00fcsselt. Klicken Sie hier, um ihn zu entschl\u00fcsseln. Um die Entschl\u00fcsselung abzuschlie\u00dfen, stellen Sie sicher, dass JavaScript in Ihrem Browser aktiviert ist.'>Sei<span class=\"apbct-blur\">*******<\/span>@<span class=\"apbct-blur\">***<\/span>il.com<\/span><\/a>.<\/p>\n<h3>Kann ein Besucher von der Website erfasste personenbezogene Daten l\u00f6schen oder deaktivieren?<\/h3>\n<p>Wir bieten Besuchern und autorisierten Kunden einen Mechanismus zum L\u00f6schen\/Deaktivieren von personenbezogenen Daten aus der Datenbank der Website, indem sie Kontakt mit uns aufnehmen. Aufgrund von Sicherungen und Aufzeichnungen von L\u00f6schungen kann es jedoch unm\u00f6glich sein, den Eintrag eines Besuchers zu l\u00f6schen, ohne einige Restinformationen beizubehalten. Bei einer Person, die die Deaktivierung von personenbezogenen Daten beantragt, werden diese Informationen funktional gel\u00f6scht, und wir werden in Zukunft keine personenbezogenen Daten in Bezug auf diese Person verkaufen, \u00fcbertragen oder verwenden.<\/p>\n<h3>Deine Rechte<\/h3>\n<p>Dies sind zusammengefasste Rechte, die Ihnen nach dem Datenschutzrecht zustehen<\/p>\n<ul>\n<li>Das Zugriffsrecht<\/li>\n<li>Das Recht auf Berichtigung<\/li>\n<li>Das Recht auf L\u00f6schung<\/li>\n<li>Das Recht auf Einschr\u00e4nkung der Verarbeitung<\/li>\n<li>Das Recht auf Widerspruch gegen die Verarbeitung<\/li>\n<li>Das Recht auf Daten\u00fcbertragbarkeit<\/li>\n<li>Das Recht auf Beschwerde bei einer Aufsichtsbeh\u00f6rde<\/li>\n<li>Das Recht auf Widerruf der Einwilligung<\/li>\n<\/ul>\n<h3>Datenschutz von Kindern<\/h3>\n<p>Unser Service richtet sich nicht an \u201eKinder\u201c, Personen unter 18 Jahren, und wir erfassen wissentlich keine personenbezogenen Daten von Kindern unter 18 Jahren.<\/p>\n<p>Wenn Sie ein Elternteil oder Erziehungsberechtigter sind und wissen, dass Ihr Kind uns personenbezogene Daten zur Verf\u00fcgung gestellt hat, setzen Sie sich bitte umgehend unter den angegebenen Kontaktdaten mit uns in Verbindung. Wenn wir erfahren, dass Kinder unter 18 Jahren personenbezogene Daten bereitgestellt haben, werden wir die Daten unverz\u00fcglich von unseren Servern l\u00f6schen.<\/p>\n<h3>Einhaltung von Gesetzen<\/h3>\n<p>Offenlegung von personenbezogenen Daten zur Einhaltung des Gesetzes. Wir werden personenbezogene Daten offenlegen, um einem Gerichtsbeschluss oder einer Vorladung oder einer Aufforderung einer Strafverfolgungsbeh\u00f6rde zur Herausgabe von Informationen nachzukommen. Wir werden auch personenbezogene Daten offenlegen, wenn dies vern\u00fcnftigerweise erforderlich ist, um die Sicherheit unserer Besucher und autorisierten Kunden zu sch\u00fctzen.<\/p>\n<h3>Was passiert, wenn sich die Datenschutzrichtlinie \u00e4ndert?<\/h3>\n<p>Wir werden unsere Besucher und autorisierten Kunden \u00fcber \u00c4nderungen unserer Datenschutzrichtlinie informieren, indem wir solche \u00c4nderungen auf der Website ver\u00f6ffentlichen. Wenn wir jedoch unsere Datenschutzrichtlinie in einer Weise \u00e4ndern, die dazu f\u00fchren k\u00f6nnte, dass die Offenlegung von personenbezogenen Daten, die ein Besucher oder autorisierter Kunde zuvor angefordert hat, nicht offengelegt wird, werden wir diesen Besucher oder autorisierten Kunden kontaktieren, damit dieser Besucher oder autorisierte Kunde dies verhindern kann eine solche Offenlegung.<\/p>\n<h3>Verkn\u00fcpfungen<\/h3>\n<p>Outdoor Italy Aps enth\u00e4lt Links zu anderen Websites. Bitte beachten Sie, dass Sie, wenn Sie auf einen dieser Links klicken, zu einer anderen Website wechseln. Wir empfehlen Ihnen, die Datenschutzerkl\u00e4rungen dieser verlinkten Websites zu lesen, da deren Datenschutzrichtlinien von unseren abweichen k\u00f6nnen.<\/p>\n<h3>Kontaktiere uns<\/h3>\n<p>Wenn Sie Fragen zu dieser Datenschutzrichtlinie haben, kontaktieren Sie uns bitte unter <a href=\"mailto:be*******@***il.com\" data-original-string=\"vGZ5IgPHc+qdfDP6aeUTqA==c81EgEZK4BIzToExuF6PeopdC00pSJaFJCxM9sYt3nedh4=\" title=\"Dieser Kontakt wurde von Anti-Spam by CleanTalk verschl\u00fcsselt. Klicken Sie hier, um ihn zu entschl\u00fcsseln. Um die Entschl\u00fcsselung abzuschlie\u00dfen, stellen Sie sicher, dass JavaScript in Ihrem Browser aktiviert ist.\"><span \n                data-original-string='MDOqtlNIfbSZxHTS48NAKw==c81qZP+IEuJJfXKYIn3cJtxU5Oi7Y8P\/wh3kiLzAHHAvcM='\n                class='apbct-email-encoder'\n                title='Dieser Kontakt wurde von Anti-Spam by CleanTalk verschl\u00fcsselt. Klicken Sie hier, um ihn zu entschl\u00fcsseln. Um die Entschl\u00fcsselung abzuschlie\u00dfen, stellen Sie sicher, dass JavaScript in Ihrem Browser aktiviert ist.'>Sei<span class=\"apbct-blur\">*******<\/span>@<span class=\"apbct-blur\">***<\/span>il.com<\/span><\/a><\/p>\n<hr \/>\n<p>Zuletzt aktualisiert: 19. September 2022<\/p>\n\n\t\t<\/div>\n\t<\/div>\n<\/div><\/div><\/div><\/div>\n<\/div>","protected":false},"excerpt":{"rendered":"Willkommen bei Outdoor Italy Aps (die \u201eWebsite\u201c). Wir verstehen, dass der Datenschutz im Internet f\u00fcr die Benutzer unserer Website wichtig ist, insbesondere wenn sie Gesch\u00e4fte t\u00e4tigen. Diese Erkl\u00e4rung regelt unsere Datenschutzrichtlinien in Bezug auf jene Benutzer der Website (\u201eBesucher\u201c), die sie besuchen, ohne Gesch\u00e4fte zu t\u00e4tigen, und Besucher, die sich registrieren, um Gesch\u00e4fte auf der Website abzuwickeln und zu t\u00e4tigen<div class=\"padding-top text-center\"><a href=\"https:\/\/outdooreurope.eu\/de\/privacy-policy\/\" class=\"atbtn atbtn--medium atbtn--rounded atbtn--transparent\">Weiterlesen<i class=\"atbtn__icon atbtn__icon--right fa fa-long-arrow-right\"><\/i><\/a><\/div>","protected":false},"author":1,"featured_media":0,"parent":0,"menu_order":0,"comment_status":"closed","ping_status":"closed","template":"","meta":{"_acf_changed":false,"content-type":"","inline_featured_image":false,"footnotes":""},"class_list":["post-12683","page","type-page","status-publish","hentry"],"acf":[],"yoast_head":"<!-- This site is optimized with the Yoast SEO Premium plugin v27.5 (Yoast SEO v27.5) - https:\/\/yoast.com\/product\/yoast-seo-premium-wordpress\/ -->\n<title>Privacy Policy - Outdoor Europe<\/title>\n<meta name=\"robots\" content=\"index, follow, max-snippet:-1, max-image-preview:large, max-video-preview:-1\" \/>\n<link rel=\"canonical\" href=\"https:\/\/outdooreurope.eu\/de\/datenschutz-bestimmungen\/\" \/>\n<meta property=\"og:locale\" content=\"de_DE\" \/>\n<meta property=\"og:type\" content=\"article\" \/>\n<meta property=\"og:title\" content=\"Privacy Policy\" \/>\n<meta property=\"og:url\" content=\"https:\/\/outdooreurope.eu\/de\/datenschutz-bestimmungen\/\" \/>\n<meta property=\"og:site_name\" content=\"Outdoor Europe\" \/>\n<meta property=\"article:publisher\" content=\"https:\/\/www.facebook.com\/outdooreurope.eu\" \/>\n<meta property=\"article:modified_time\" content=\"2023-10-06T12:20:30+00:00\" \/>\n<meta property=\"og:image\" content=\"https:\/\/outdooreurope.eu\/wp-content\/uploads\/2024\/01\/Dirk-Elsje.jpg\" \/>\n\t<meta property=\"og:image:width\" content=\"1286\" \/>\n\t<meta property=\"og:image:height\" content=\"1286\" \/>\n\t<meta property=\"og:image:type\" content=\"image\/jpeg\" \/>\n<meta name=\"twitter:card\" content=\"summary_large_image\" \/>\n<meta name=\"twitter:label1\" content=\"Gesch\u00e4tzte Lesezeit\" \/>\n\t<meta name=\"twitter:data1\" content=\"7\u00a0Minuten\" \/>\n<script type=\"application\/ld+json\" class=\"yoast-schema-graph\">{\"@context\":\"https:\\\/\\\/schema.org\",\"@graph\":[{\"@type\":\"WebPage\",\"@id\":\"https:\\\/\\\/outdooreurope.eu\\\/privacy-policy\\\/\",\"url\":\"https:\\\/\\\/outdooreurope.eu\\\/privacy-policy\\\/\",\"name\":\"Privacy Policy - Outdoor Europe\",\"isPartOf\":{\"@id\":\"https:\\\/\\\/outdooreurope.eu\\\/#website\"},\"datePublished\":\"2022-09-19T16:21:07+00:00\",\"dateModified\":\"2023-10-06T12:20:30+00:00\",\"breadcrumb\":{\"@id\":\"https:\\\/\\\/outdooreurope.eu\\\/privacy-policy\\\/#breadcrumb\"},\"inLanguage\":\"de\",\"potentialAction\":[{\"@type\":\"ReadAction\",\"target\":[\"https:\\\/\\\/outdooreurope.eu\\\/privacy-policy\\\/\"]}]},{\"@type\":\"BreadcrumbList\",\"@id\":\"https:\\\/\\\/outdooreurope.eu\\\/privacy-policy\\\/#breadcrumb\",\"itemListElement\":[{\"@type\":\"ListItem\",\"position\":1,\"name\":\"Hjem\",\"item\":\"https:\\\/\\\/outdooreurope.eu\\\/\"},{\"@type\":\"ListItem\",\"position\":2,\"name\":\"Privacy Policy\"}]},{\"@type\":\"WebSite\",\"@id\":\"https:\\\/\\\/outdooreurope.eu\\\/#website\",\"url\":\"https:\\\/\\\/outdooreurope.eu\\\/\",\"name\":\"Outdoor Europe\",\"description\":\"Hiking In Europe I Join the trail\",\"potentialAction\":[{\"@type\":\"SearchAction\",\"target\":{\"@type\":\"EntryPoint\",\"urlTemplate\":\"https:\\\/\\\/outdooreurope.eu\\\/?s={search_term_string}\"},\"query-input\":{\"@type\":\"PropertyValueSpecification\",\"valueRequired\":true,\"valueName\":\"search_term_string\"}}],\"inLanguage\":\"de\"}]}<\/script>\n<!-- \/ Yoast SEO Premium plugin. -->","yoast_head_json":{"title":"Datenschutzrichtlinie \u2013 Outdoor Europe","robots":{"index":"index","follow":"follow","max-snippet":"max-snippet:-1","max-image-preview":"max-image-preview:large","max-video-preview":"max-video-preview:-1"},"canonical":"https:\/\/outdooreurope.eu\/de\/datenschutz-bestimmungen\/","og_locale":"de_DE","og_type":"article","og_title":"Privacy Policy","og_url":"https:\/\/outdooreurope.eu\/de\/datenschutz-bestimmungen\/","og_site_name":"Outdoor Europe","article_publisher":"https:\/\/www.facebook.com\/outdooreurope.eu","article_modified_time":"2023-10-06T12:20:30+00:00","og_image":[{"width":1286,"height":1286,"url":"https:\/\/outdooreurope.eu\/wp-content\/uploads\/2024\/01\/Dirk-Elsje.jpg","type":"image\/jpeg"}],"twitter_card":"summary_large_image","twitter_misc":{"Gesch\u00e4tzte Lesezeit":"7\u00a0Minuten"},"schema":{"@context":"https:\/\/schema.org","@graph":[{"@type":"WebPage","@id":"https:\/\/outdooreurope.eu\/privacy-policy\/","url":"https:\/\/outdooreurope.eu\/privacy-policy\/","name":"Datenschutzrichtlinie \u2013 Outdoor Europe","isPartOf":{"@id":"https:\/\/outdooreurope.eu\/#website"},"datePublished":"2022-09-19T16:21:07+00:00","dateModified":"2023-10-06T12:20:30+00:00","breadcrumb":{"@id":"https:\/\/outdooreurope.eu\/privacy-policy\/#breadcrumb"},"inLanguage":"de","potentialAction":[{"@type":"ReadAction","target":["https:\/\/outdooreurope.eu\/privacy-policy\/"]}]},{"@type":"BreadcrumbList","@id":"https:\/\/outdooreurope.eu\/privacy-policy\/#breadcrumb","itemListElement":[{"@type":"ListItem","position":1,"name":"Hjem","item":"https:\/\/outdooreurope.eu\/"},{"@type":"ListItem","position":2,"name":"Privacy Policy"}]},{"@type":"WebSite","@id":"https:\/\/outdooreurope.eu\/#website","url":"https:\/\/outdooreurope.eu\/","name":"Outdoor Europa","description":"Wandern in Europa I Folgen Sie der Spur","potentialAction":[{"@type":"SearchAction","target":{"@type":"EntryPoint","urlTemplate":"https:\/\/outdooreurope.eu\/?s={search_term_string}"},"query-input":{"@type":"PropertyValueSpecification","valueRequired":true,"valueName":"search_term_string"}}],"inLanguage":"de"}]}},"_links":{"self":[{"href":"https:\/\/outdooreurope.eu\/de\/wp-json\/wp\/v2\/pages\/12683","targetHints":{"allow":["GET"]}}],"collection":[{"href":"https:\/\/outdooreurope.eu\/de\/wp-json\/wp\/v2\/pages"}],"about":[{"href":"https:\/\/outdooreurope.eu\/de\/wp-json\/wp\/v2\/types\/page"}],"author":[{"embeddable":true,"href":"https:\/\/outdooreurope.eu\/de\/wp-json\/wp\/v2\/users\/1"}],"replies":[{"embeddable":true,"href":"https:\/\/outdooreurope.eu\/de\/wp-json\/wp\/v2\/comments?post=12683"}],"version-history":[{"count":0,"href":"https:\/\/outdooreurope.eu\/de\/wp-json\/wp\/v2\/pages\/12683\/revisions"}],"wp:attachment":[{"href":"https:\/\/outdooreurope.eu\/de\/wp-json\/wp\/v2\/media?parent=12683"}],"curies":[{"name":"wp","href":"https:\/\/api.w.org\/{rel}","templated":true}]}}