{"id":3739,"date":"2019-01-06T17:32:49","date_gmt":"2019-01-06T16:32:49","guid":{"rendered":"https:\/\/jord-forbindelse.dk\/kontakt\/"},"modified":"2022-11-29T07:38:08","modified_gmt":"2022-11-29T06:38:08","slug":"kontaktieren","status":"publish","type":"page","link":"https:\/\/outdooreurope.eu\/de\/kontakt\/","title":{"rendered":"Kontakt"},"content":{"rendered":"<div class=\"wpb-content-wrapper\"><div class=\"vc_row wpb_row vc_row-fluid margin-bottom\"><div class=\"wpb_column vc_column_container vc_col-sm-12 vc_col-md-6\"><div class=\"vc_column-inner\"><div class=\"wpb_wrapper\"><div class=\"title\">\r\n\t\t\t<div class=\"title__subtitle\">Skal vi Geschichten Ved?<\/div>\r\n\t\t<h3 class=\"title__primary\">Kontaktinfo<\/h3>\r\n<\/div>\r\n\n\t<div class=\"wpb_text_column wpb_content_element\" >\n\t\t<div class=\"wpb_wrapper\">\n\t\t\t<p>Hvis du vil h\u00f8re mere, har flere sp\u00f8rgsm\u00e5l eller gerne vil have os til at sende dig et tilbud p\u00e5 en rejse, s\u00e5 kontakt os endelig via oplysningerne herunder. Vi svarer normalt i l\u00f8bet af et par timer.<\/p>\n\n\t\t<\/div>\n\t<\/div>\n<div class=\"contact-info\">\r\n\t\t\t<div class=\"contact-info__item\">\r\n\t\t\t<div class=\"contact-info__item__icon\"><i class=\"fa fa-map-marker\"><\/i><\/div>\r\n\t\t\t<div class=\"contact-info__item__text\">Via Macello 32, 18034 Ceriana (IM), Italien<\/div>\r\n\t\t<\/div>\r\n\t\r\n\t<div class=\"contact-info__item\"><a href=\"tel:+4531771100\"><span class=\"contact-info__item__icon\"><i class=\"fa fa-phone\"><\/i><\/span><span class=\"contact-info__item__text\">+45 31771100<\/span><\/a><\/div>\r\n\t\r\n\t\r\n\t\r\n\t<\/div>\r\n<div class=\"card-box social\"><h4>Folgen Sie uns auf Social Media<\/h4><div class=\"social-icons\"><a href=\"https:\/\/www.instagram.com\/p\/Cu4OpqIMSWY\/?img_index=1\" class=\"social-icon\" target=\"_blank\">\n                                <i class=\"fa-classic fa-brands fa-instagram\"><\/i>\n                            <\/a><a href=\"https:\/\/www.facebook.com\/outdooreurope.eu\/\" class=\"social-icon\" target=\"_blank\">\n                                <i class=\"fa-classic fa-brands fa-square-facebook\"><\/i>\n                            <\/a><a href=\"https:\/\/www.youtube.com\/channel\/UCmsBJx6tvj8rAhJgdy1vNqg\" class=\"social-icon\" target=\"_blank\">\n                                <i class=\"fa-classic fa-brands fa-youtube\"><\/i>\n                            <\/a><\/div><\/div><\/div><\/div><\/div><div class=\"wpb_column vc_column_container vc_col-sm-12 vc_col-md-6\"><div class=\"vc_column-inner\"><div class=\"wpb_wrapper\"><div class=\"title\">\r\n\t\t\t<div class=\"title__subtitle\">Har du sp\u00f8rgsm\u00e5l?<\/div>\r\n\t\t<h3 class=\"title__primary\">Skriv bis os<\/h3>\r\n<\/div>\r\n\n<div class=\"wpcf7 no-js\" id=\"wpcf7-f3747-o1\" lang=\"en-US\" dir=\"ltr\" data-wpcf7-id=\"3747\">\n<div class=\"screen-reader-response\"><p role=\"status\" aria-live=\"polite\" aria-atomic=\"true\"><\/p> <ul><\/ul><\/div>\n<form action=\"\/de\/wp-json\/wp\/v2\/pages\/3739#wpcf7-f3747-o1\" method=\"post\" class=\"wpcf7-form init\" aria-label=\"Kontakt Formular\" novalidate=\"novalidate\" data-status=\"init\" data-trp-original-action=\"\/de\/wp-json\/wp\/v2\/pages\/3739#wpcf7-f3747-o1\">\n<fieldset class=\"hidden-fields-container\"><input type=\"hidden\" name=\"_wpcf7\" value=\"3747\" \/><input type=\"hidden\" name=\"_wpcf7_version\" value=\"6.1.5\" \/><input type=\"hidden\" name=\"_wpcf7_locale\" value=\"en_US\" \/><input type=\"hidden\" name=\"_wpcf7_unit_tag\" value=\"wpcf7-f3747-o1\" \/><input type=\"hidden\" name=\"_wpcf7_container_post\" value=\"0\" \/><input type=\"hidden\" name=\"_wpcf7_posted_data_hash\" value=\"\" \/><input type=\"hidden\" name=\"_wpcf7_recaptcha_response\" value=\"\" \/>\n<\/fieldset>\n<div class=\"form-contact\">\n\t<div class=\"form-contact__fields-short\">\n\t\t<div class=\"form-contact__item-short\">\n\t\t\t<p><span class=\"wpcf7-form-control-wrap\" data-name=\"your-name\"><input size=\"40\" maxlength=\"400\" class=\"wpcf7-form-control wpcf7-text wpcf7-validates-as-required\" aria-required=\"true\" aria-invalid=\"false\" placeholder=\"Navn\" value=\"\" type=\"text\" name=\"your-name\" \/><\/span>\n\t\t\t<\/p>\n\t\t<\/div>\n\t\t<div class=\"form-contact__item-short\">\n\t\t\t<p><span class=\"wpcf7-form-control-wrap\" data-name=\"your-email\"><input size=\"40\" maxlength=\"400\" class=\"wpcf7-form-control wpcf7-email wpcf7-validates-as-required wpcf7-text wpcf7-validates-as-email\" aria-required=\"true\" aria-invalid=\"false\" placeholder=\"Email\" value=\"\" type=\"email\" name=\"your-email\" \/><\/span>\n\t\t\t<\/p>\n\t\t<\/div>\n\t<\/div>\n\t<div class=\"form-contact__fields-short\">\n\t\t<p><span class=\"wpcf7-form-control-wrap\" data-name=\"your-subject\"><input size=\"40\" maxlength=\"400\" class=\"wpcf7-form-control wpcf7-text wpcf7-validates-as-required\" aria-required=\"true\" aria-invalid=\"false\" placeholder=\"Emne\" value=\"\" type=\"text\" name=\"your-subject\" \/><\/span>\n\t\t<\/p>\n\t<\/div>\n\t<p><span class=\"wpcf7-form-control-wrap\" data-name=\"your-message\"><textarea cols=\"0\" rows=\"0\" maxlength=\"2000\" class=\"wpcf7-form-control wpcf7-textarea\" aria-invalid=\"false\" placeholder=\"Gefragt\" name=\"your-message\"><\/textarea><\/span><br \/>\n\t<span class=\"wpcf7-form-control-wrap recaptcha\" data-name=\"recaptcha\"><span data-sitekey=\"6Lfxv9QrAAAAAJUsghQeG6iJaJdXBgXo71HCOTzQ\" class=\"wpcf7-form-control wpcf7-recaptcha g-recaptcha\"><\/span>\r\n<noscript>\r\n\t<div class=\"grecaptcha-noscript\">\r\n\t\t<iframe src=\"https:\/\/www.google.com\/recaptcha\/api\/fallback?k=6Lfxv9QrAAAAAJUsghQeG6iJaJdXBgXo71HCOTzQ\" frameborder=\"0\" scrolling=\"no\" width=\"310\" height=\"430\">\r\n\t\t<\/iframe>\r\n\t\t<textarea name=\"g-recaptcha-response\" rows=\"3\" cols=\"40\" placeholder=\"reCaptcha-Antwort hier\">\r\n\t\t<\/textarea>\r\n\t<\/div>\r\n<\/noscript>\r\n<\/span><br \/>\n<button type=\"submit\" class=\"button button--style1 button--with-icon\"><i class=\"fa fa-paper-plane\"><\/i>Senden<\/button>\n\t<\/p>\n<\/div><input type=\"hidden\" id=\"ct_checkjs_cf7_b1a59b315fc9a3002ce38bbe070ec3f5\" name=\"ct_checkjs_cf7\" value=\"0\" \/><script >setTimeout(function(){var ct_input_name = \"ct_checkjs_cf7_b1a59b315fc9a3002ce38bbe070ec3f5\";if (document.getElementById(ct_input_name) !== null) {var ct_input_value = document.getElementById(ct_input_name).value;document.getElementById(ct_input_name).value = document.getElementById(ct_input_name).value.replace(ct_input_value, '0c23c39e6196e3dc937d656eb1388d6107c0c67c13d860bee45cc8ec18614c34');}}, 1000);<\/script><input\n                    class=\"apbct_special_field apbct_email_id__wp_contact_form_7\"\n                    name=\"apbct__email_id__wp_contact_form_7\"\n                    aria-label=\"apbct__label_id__wp_contact_form_7\"\n                    type=\"text\" size=\"30\" maxlength=\"200\" autocomplete=\"off\"\n                    value=\"\"\n                \/><div class=\"wpcf7-response-output\" aria-hidden=\"true\"><\/div>\n<input type=\"hidden\" name=\"trp-form-language\" value=\"de\"\/><\/form>\n<\/div>\n<\/div><\/div><\/div><\/div><div class=\"vc_row wpb_row vc_row-fluid\"><div class=\"wpb_column vc_column_container vc_col-sm-12\"><div class=\"vc_column-inner\"><div class=\"wpb_wrapper\"><div id=\"googleMapCanvas1\" class=\"google-map stick-to-bottom\"><\/div><\/div><\/div><\/div><\/div>\n<\/div>","protected":false},"excerpt":{"rendered":"Skal vi tales ved? Kontaktieren Sie uns, wenn Sie uns hier sind, Sie haben mehr Erfahrung oder m\u00f6chten uns gerne an uns wenden, um uns zu kontaktieren und uns \u00fcber die nachfolgende Kontaktaufnahme zu kontaktieren. Es ist normal, dass ich den Timer einschalte. Via Macello 32, 18034 Ceriana (IM), Italien +45 31771100 info@outdooritaly.dk Folgen<div class=\"padding-top text-center\"><a href=\"https:\/\/outdooreurope.eu\/de\/kontakt\/\" class=\"atbtn atbtn--medium atbtn--rounded atbtn--transparent\">Weiterlesen<i class=\"atbtn__icon atbtn__icon--right fa fa-long-arrow-right\"><\/i><\/a><\/div>","protected":false},"author":15,"featured_media":0,"parent":0,"menu_order":0,"comment_status":"closed","ping_status":"closed","template":"","meta":{"_acf_changed":false,"content-type":"","inline_featured_image":false,"footnotes":""},"class_list":["post-3739","page","type-page","status-publish","hentry"],"acf":[],"yoast_head":"<!-- This site is optimized with the Yoast SEO Premium plugin v27.4 (Yoast SEO v27.4) - https:\/\/yoast.com\/product\/yoast-seo-premium-wordpress\/ -->\n<title>Kontakt - Outdoor Europe<\/title>\n<meta name=\"robots\" content=\"index, follow, max-snippet:-1, max-image-preview:large, max-video-preview:-1\" \/>\n<link rel=\"canonical\" href=\"https:\/\/outdooreurope.eu\/de\/kontaktieren\/\" \/>\n<meta property=\"og:locale\" content=\"de_DE\" \/>\n<meta property=\"og:type\" content=\"article\" \/>\n<meta property=\"og:title\" content=\"Kontakt\" \/>\n<meta property=\"og:url\" content=\"https:\/\/outdooreurope.eu\/de\/kontaktieren\/\" \/>\n<meta property=\"og:site_name\" content=\"Outdoor Europe\" \/>\n<meta property=\"article:publisher\" content=\"https:\/\/www.facebook.com\/outdooreurope.eu\" \/>\n<meta property=\"article:modified_time\" content=\"2022-11-29T06:38:08+00:00\" \/>\n<meta property=\"og:image\" content=\"https:\/\/outdooreurope.eu\/wp-content\/uploads\/2024\/01\/Dirk-Elsje.jpg\" \/>\n\t<meta property=\"og:image:width\" content=\"1286\" \/>\n\t<meta property=\"og:image:height\" content=\"1286\" \/>\n\t<meta property=\"og:image:type\" content=\"image\/jpeg\" \/>\n<meta name=\"twitter:card\" content=\"summary_large_image\" \/>\n<meta name=\"twitter:label1\" content=\"Gesch\u00e4tzte Lesezeit\" \/>\n\t<meta name=\"twitter:data1\" content=\"1\u00a0Minute\" \/>\n<script type=\"application\/ld+json\" class=\"yoast-schema-graph\">{\"@context\":\"https:\\\/\\\/schema.org\",\"@graph\":[{\"@type\":\"WebPage\",\"@id\":\"https:\\\/\\\/outdooreurope.eu\\\/kontakt\\\/\",\"url\":\"https:\\\/\\\/outdooreurope.eu\\\/kontakt\\\/\",\"name\":\"Kontakt - Outdoor Europe\",\"isPartOf\":{\"@id\":\"https:\\\/\\\/outdooreurope.eu\\\/#website\"},\"datePublished\":\"2019-01-06T16:32:49+00:00\",\"dateModified\":\"2022-11-29T06:38:08+00:00\",\"breadcrumb\":{\"@id\":\"https:\\\/\\\/outdooreurope.eu\\\/kontakt\\\/#breadcrumb\"},\"inLanguage\":\"de\",\"potentialAction\":[{\"@type\":\"ReadAction\",\"target\":[\"https:\\\/\\\/outdooreurope.eu\\\/kontakt\\\/\"]}]},{\"@type\":\"BreadcrumbList\",\"@id\":\"https:\\\/\\\/outdooreurope.eu\\\/kontakt\\\/#breadcrumb\",\"itemListElement\":[{\"@type\":\"ListItem\",\"position\":1,\"name\":\"Hjem\",\"item\":\"https:\\\/\\\/outdooreurope.eu\\\/\"},{\"@type\":\"ListItem\",\"position\":2,\"name\":\"Kontakt\"}]},{\"@type\":\"WebSite\",\"@id\":\"https:\\\/\\\/outdooreurope.eu\\\/#website\",\"url\":\"https:\\\/\\\/outdooreurope.eu\\\/\",\"name\":\"Outdoor Europe\",\"description\":\"Hiking In Europe I Join the trail\",\"potentialAction\":[{\"@type\":\"SearchAction\",\"target\":{\"@type\":\"EntryPoint\",\"urlTemplate\":\"https:\\\/\\\/outdooreurope.eu\\\/?s={search_term_string}\"},\"query-input\":{\"@type\":\"PropertyValueSpecification\",\"valueRequired\":true,\"valueName\":\"search_term_string\"}}],\"inLanguage\":\"de\"}]}<\/script>\n<!-- \/ Yoast SEO Premium plugin. -->","yoast_head_json":{"title":"Kontakt - Outdoor Europe","robots":{"index":"index","follow":"follow","max-snippet":"max-snippet:-1","max-image-preview":"max-image-preview:large","max-video-preview":"max-video-preview:-1"},"canonical":"https:\/\/outdooreurope.eu\/de\/kontaktieren\/","og_locale":"de_DE","og_type":"article","og_title":"Kontakt","og_url":"https:\/\/outdooreurope.eu\/de\/kontaktieren\/","og_site_name":"Outdoor Europe","article_publisher":"https:\/\/www.facebook.com\/outdooreurope.eu","article_modified_time":"2022-11-29T06:38:08+00:00","og_image":[{"width":1286,"height":1286,"url":"https:\/\/outdooreurope.eu\/wp-content\/uploads\/2024\/01\/Dirk-Elsje.jpg","type":"image\/jpeg"}],"twitter_card":"summary_large_image","twitter_misc":{"Gesch\u00e4tzte Lesezeit":"1\u00a0Minute"},"schema":{"@context":"https:\/\/schema.org","@graph":[{"@type":"WebPage","@id":"https:\/\/outdooreurope.eu\/kontakt\/","url":"https:\/\/outdooreurope.eu\/kontakt\/","name":"Kontakt - Outdoor Europe","isPartOf":{"@id":"https:\/\/outdooreurope.eu\/#website"},"datePublished":"2019-01-06T16:32:49+00:00","dateModified":"2022-11-29T06:38:08+00:00","breadcrumb":{"@id":"https:\/\/outdooreurope.eu\/kontakt\/#breadcrumb"},"inLanguage":"de","potentialAction":[{"@type":"ReadAction","target":["https:\/\/outdooreurope.eu\/kontakt\/"]}]},{"@type":"BreadcrumbList","@id":"https:\/\/outdooreurope.eu\/kontakt\/#breadcrumb","itemListElement":[{"@type":"ListItem","position":1,"name":"Hjem","item":"https:\/\/outdooreurope.eu\/"},{"@type":"ListItem","position":2,"name":"Kontakt"}]},{"@type":"WebSite","@id":"https:\/\/outdooreurope.eu\/#website","url":"https:\/\/outdooreurope.eu\/","name":"Outdoor Europa","description":"Wandern in Europa I Folgen Sie der Spur","potentialAction":[{"@type":"SearchAction","target":{"@type":"EntryPoint","urlTemplate":"https:\/\/outdooreurope.eu\/?s={search_term_string}"},"query-input":{"@type":"PropertyValueSpecification","valueRequired":true,"valueName":"search_term_string"}}],"inLanguage":"de"}]}},"_links":{"self":[{"href":"https:\/\/outdooreurope.eu\/de\/wp-json\/wp\/v2\/pages\/3739","targetHints":{"allow":["GET"]}}],"collection":[{"href":"https:\/\/outdooreurope.eu\/de\/wp-json\/wp\/v2\/pages"}],"about":[{"href":"https:\/\/outdooreurope.eu\/de\/wp-json\/wp\/v2\/types\/page"}],"author":[{"embeddable":true,"href":"https:\/\/outdooreurope.eu\/de\/wp-json\/wp\/v2\/users\/15"}],"replies":[{"embeddable":true,"href":"https:\/\/outdooreurope.eu\/de\/wp-json\/wp\/v2\/comments?post=3739"}],"version-history":[{"count":0,"href":"https:\/\/outdooreurope.eu\/de\/wp-json\/wp\/v2\/pages\/3739\/revisions"}],"wp:attachment":[{"href":"https:\/\/outdooreurope.eu\/de\/wp-json\/wp\/v2\/media?parent=3739"}],"curies":[{"name":"wp","href":"https:\/\/api.w.org\/{rel}","templated":true}]}}