{"id":15612,"date":"2024-01-12T14:19:12","date_gmt":"2024-01-12T13:19:12","guid":{"rendered":"https:\/\/outdooreurope.eu\/?post_type=product&#038;p=15612"},"modified":"2025-06-19T10:55:59","modified_gmt":"2025-06-19T08:55:59","slug":"wandern-frankreich-korsika-mare-a-mare-norden-wanderweg","status":"publish","type":"product","link":"https:\/\/outdooreurope.eu\/de\/tours\/hiking-france-corsica-mare-a-mare-north-trail-trekking\/","title":{"rendered":"Ein korsisches Wanderabenteuer: von den Bergen zum Meer"},"content":{"rendered":"<p>Ein korsisches Wanderabenteuer. Betreten Sie die malerische Insel Korsika und begeben Sie sich auf eine unvergessliche Reise entlang des faszinierenden Mare-\u00e0-Mare-Nordwanderwegs. Dieser bemerkenswerte Wanderurlaub beginnt in der historischen Stadt Corte.<\/p>\n<ul>\n<li><strong>Authentisches Korsika-Erlebnis:<\/strong> Der Mare a Mare Nord-Wanderweg bietet ein authentisches Korsika-Erlebnis wie kein anderes. Von Corte aus tauchen Sie ein in die Geschichte und Kultur der Insel, erkunden die stimmungsvolle Altstadt und entdecken die Schluchten von Tavignano und Restonica.<\/li>\n<li><strong>Majest\u00e4t der Berge:<\/strong> Auf Ihrer Reise von Corte nach Calacuccia erleben Sie die hohen Berge Korsikas, unber\u00fchrte Pinienw\u00e4lder und die einladenden Felsenbecken der Spelunca-Schlucht. Die dramatischen Landschaften im Landesinneren Korsikas werden Ihnen den Atem rauben und einen wahren Zufluchtsort in das Herz der Insel bieten.<\/li>\n<li><strong>UNESCO-Weltkulturerbe \u2013 Calanches bei Piana:<\/strong> Das gro\u00dfe Finale Ihres Korsika-Wanderurlaubs findet im wundersch\u00f6nen Golf von Porto statt. Sie werden von den roten Granitnadeln der Calanches in Piana verzaubert sein, einem UNESCO-Weltkulturerbe, das f\u00fcr seine dramatischen Felsformationen, geformten Formen und zerkl\u00fcfteten K\u00fcsten bekannt ist. Dieses einzigartige geologische Wunder wird Sie in Erstaunen versetzen.<\/li>\n<\/ul>","protected":false},"excerpt":{"rendered":"<p>Ein korsisches Wanderabenteuer. Betreten Sie die malerische Insel Korsika und begeben Sie sich auf eine unvergessliche Reise entlang des faszinierenden Mare-\u00e0-Mare-Nordwanderwegs. Dieser bemerkenswerte Wanderurlaub beginnt im historischen St\u00e4dtchen Corte. Authentisches Korsika-Erlebnis: Der Mare-\u00e0-Mare-Nordwanderweg bietet ein authentisches Korsika-Erlebnis wie kein anderes. Beginnend in<\/p>\n<div class=\"padding-top text-center\"><a href=\"https:\/\/outdooreurope.eu\/de\/tours\/hiking-france-corsica-mare-a-mare-north-trail-trekking\/\" class=\"atbtn atbtn--medium atbtn--rounded atbtn--transparent\">Weiterlesen<i class=\"atbtn__icon atbtn__icon--right fa fa-long-arrow-right\"><\/i><\/a><\/div>","protected":false},"featured_media":15614,"comment_status":"open","ping_status":"closed","template":"","meta":{"_acf_changed":false,"content-type":"","inline_featured_image":false},"product_brand":[],"product_cat":[1181,302],"product_tag":[],"class_list":{"0":"post-15612","1":"product","2":"type-product","3":"status-publish","4":"has-post-thumbnail","6":"tour_country-france","7":"tour_types-hut-to-hut","8":"tour_types-self-guided","9":"tour_types-family","10":"product_cat-lastminutesummer","11":"product_cat-ukategoriseret","12":"pa_duration-6-nights","13":"tour_category-hiking-in-europe","15":"first","16":"instock","17":"downloadable","18":"virtual","19":"purchasable","20":"product-type-tour"},"acf":[],"yoast_head":"<!-- This site is optimized with the Yoast SEO Premium plugin v27.4 (Yoast SEO v27.4) - https:\/\/yoast.com\/product\/yoast-seo-premium-wordpress\/ -->\n<title>A Corsican Hiking Adventure: Explore Stunning Trails<\/title>\n<meta name=\"description\" content=\"Embark on A Corsican Hiking Adventure and discover breathtaking landscapes on the Mare a Mare North trail. Unforgettable memories await you!\" \/>\n<meta name=\"robots\" content=\"index, follow, max-snippet:-1, max-image-preview:large, max-video-preview:-1\" \/>\n<link rel=\"canonical\" href=\"https:\/\/outdooreurope.eu\/de\/touren\/wandern-frankreich-korsika-mare-a-mare-norden-wanderweg\/\" \/>\n<meta property=\"og:locale\" content=\"de_DE\" \/>\n<meta property=\"og:type\" content=\"article\" \/>\n<meta property=\"og:title\" content=\"A Corsican hiking adventure: from the mountains to the sea\" \/>\n<meta property=\"og:description\" content=\"A Corsican Hiking Adventure. Step into the picturesque island of Corsica and embark on an unforgettable journey along the mesmerizing Mare a Mare North\" \/>\n<meta property=\"og:url\" content=\"https:\/\/outdooreurope.eu\/de\/touren\/wandern-frankreich-korsika-mare-a-mare-norden-wanderweg\/\" \/>\n<meta property=\"og:site_name\" content=\"Outdoor Europe\" \/>\n<meta property=\"article:publisher\" content=\"https:\/\/www.facebook.com\/outdooreurope.eu\" \/>\n<meta property=\"article:modified_time\" content=\"2025-06-19T08:55:59+00:00\" \/>\n<meta property=\"og:image\" content=\"https:\/\/outdooreurope.eu\/wp-content\/uploads\/2024\/01\/shutterstock_692195398-720x606-1.jpg\" \/>\n\t<meta property=\"og:image:width\" content=\"720\" \/>\n\t<meta property=\"og:image:height\" content=\"606\" \/>\n\t<meta property=\"og:image:type\" content=\"image\/jpeg\" \/>\n<meta name=\"twitter:card\" content=\"summary_large_image\" \/>\n<meta name=\"twitter:label1\" content=\"Preis\" \/>\n\t<meta name=\"twitter:data1\" content=\"&euro;1,030\" \/>\n\t<meta name=\"twitter:label2\" content=\"Verf\u00fcgbarkeit\" \/>\n\t<meta name=\"twitter:data2\" content=\"Auf Lager\" \/>\n<script type=\"application\/ld+json\" class=\"yoast-schema-graph\">{\"@context\":\"https:\\\/\\\/schema.org\",\"@graph\":[{\"@type\":\"WebPage\",\"@id\":\"https:\\\/\\\/outdooreurope.eu\\\/tours\\\/hiking-france-corsica-mare-a-mare-north-trail-trekking\\\/\",\"url\":\"https:\\\/\\\/outdooreurope.eu\\\/tours\\\/hiking-france-corsica-mare-a-mare-north-trail-trekking\\\/\",\"name\":\"A Corsican Hiking Adventure: Explore Stunning Trails\",\"isPartOf\":{\"@id\":\"https:\\\/\\\/outdooreurope.eu\\\/#website\"},\"primaryImageOfPage\":{\"@id\":\"https:\\\/\\\/outdooreurope.eu\\\/tours\\\/hiking-france-corsica-mare-a-mare-north-trail-trekking\\\/#primaryimage\"},\"image\":{\"@id\":\"https:\\\/\\\/outdooreurope.eu\\\/tours\\\/hiking-france-corsica-mare-a-mare-north-trail-trekking\\\/#primaryimage\"},\"thumbnailUrl\":\"https:\\\/\\\/outdooreurope.eu\\\/wp-content\\\/uploads\\\/2024\\\/01\\\/shutterstock_692195398-720x606-1.jpg\",\"datePublished\":\"2024-01-12T13:19:12+00:00\",\"dateModified\":\"2025-06-19T08:55:59+00:00\",\"description\":\"Embark on A Corsican Hiking Adventure and discover breathtaking landscapes on the Mare a Mare North trail. Unforgettable memories await you!\",\"breadcrumb\":{\"@id\":\"https:\\\/\\\/outdooreurope.eu\\\/tours\\\/hiking-france-corsica-mare-a-mare-north-trail-trekking\\\/#breadcrumb\"},\"inLanguage\":\"de\",\"potentialAction\":[{\"@type\":\"ReadAction\",\"target\":[\"https:\\\/\\\/outdooreurope.eu\\\/tours\\\/hiking-france-corsica-mare-a-mare-north-trail-trekking\\\/\"]}]},{\"@type\":\"ImageObject\",\"inLanguage\":\"de\",\"@id\":\"https:\\\/\\\/outdooreurope.eu\\\/tours\\\/hiking-france-corsica-mare-a-mare-north-trail-trekking\\\/#primaryimage\",\"url\":\"https:\\\/\\\/outdooreurope.eu\\\/wp-content\\\/uploads\\\/2024\\\/01\\\/shutterstock_692195398-720x606-1.jpg\",\"contentUrl\":\"https:\\\/\\\/outdooreurope.eu\\\/wp-content\\\/uploads\\\/2024\\\/01\\\/shutterstock_692195398-720x606-1.jpg\",\"width\":720,\"height\":606},{\"@type\":\"BreadcrumbList\",\"@id\":\"https:\\\/\\\/outdooreurope.eu\\\/tours\\\/hiking-france-corsica-mare-a-mare-north-trail-trekking\\\/#breadcrumb\",\"itemListElement\":[{\"@type\":\"ListItem\",\"position\":1,\"name\":\"Hjem\",\"item\":\"https:\\\/\\\/outdooreurope.eu\\\/\"},{\"@type\":\"ListItem\",\"position\":2,\"name\":\"Shop\",\"item\":\"https:\\\/\\\/outdooreurope.eu\\\/shop\\\/\"},{\"@type\":\"ListItem\",\"position\":3,\"name\":\"A Corsican hiking adventure: from the mountains to the sea\"}]},{\"@type\":\"WebSite\",\"@id\":\"https:\\\/\\\/outdooreurope.eu\\\/#website\",\"url\":\"https:\\\/\\\/outdooreurope.eu\\\/\",\"name\":\"Outdoor Europe\",\"description\":\"Hiking In Europe I Join the trail\",\"potentialAction\":[{\"@type\":\"SearchAction\",\"target\":{\"@type\":\"EntryPoint\",\"urlTemplate\":\"https:\\\/\\\/outdooreurope.eu\\\/?s={search_term_string}\"},\"query-input\":{\"@type\":\"PropertyValueSpecification\",\"valueRequired\":true,\"valueName\":\"search_term_string\"}}],\"inLanguage\":\"de\"}]}<\/script>\n<meta property=\"product:price:amount\" content=\"1030\" \/>\n<meta property=\"product:price:currency\" content=\"EUR\" \/>\n<meta property=\"og:availability\" content=\"instock\" \/>\n<meta property=\"product:availability\" content=\"instock\" \/>\n<meta property=\"product:retailer_item_id\" content=\"15612\" \/>\n<meta property=\"product:condition\" content=\"new\" \/>\n<!-- \/ Yoast SEO Premium plugin. -->","yoast_head_json":{"title":"Ein korsisches Wanderabenteuer: Entdecken Sie atemberaubende Wanderwege","description":"Begeben Sie sich auf ein korsisches Wanderabenteuer und entdecken Sie atemberaubende Landschaften auf dem Mare-\u00e0-Mare-Nordweg. Unvergessliche Erinnerungen erwarten Sie!","robots":{"index":"index","follow":"follow","max-snippet":"max-snippet:-1","max-image-preview":"max-image-preview:large","max-video-preview":"max-video-preview:-1"},"canonical":"https:\/\/outdooreurope.eu\/de\/touren\/wandern-frankreich-korsika-mare-a-mare-norden-wanderweg\/","og_locale":"de_DE","og_type":"article","og_title":"A Corsican hiking adventure: from the mountains to the sea","og_description":"A Corsican Hiking Adventure. Step into the picturesque island of Corsica and embark on an unforgettable journey along the mesmerizing Mare a Mare North","og_url":"https:\/\/outdooreurope.eu\/de\/touren\/wandern-frankreich-korsika-mare-a-mare-norden-wanderweg\/","og_site_name":"Outdoor Europe","article_publisher":"https:\/\/www.facebook.com\/outdooreurope.eu","article_modified_time":"2025-06-19T08:55:59+00:00","og_image":[{"width":720,"height":606,"url":"https:\/\/outdooreurope.eu\/wp-content\/uploads\/2024\/01\/shutterstock_692195398-720x606-1.jpg","type":"image\/jpeg"}],"twitter_card":"summary_large_image","twitter_misc":{"Preis":"&euro;1,030","Verf\u00fcgbarkeit":"Auf Lager"},"schema":{"@context":"https:\/\/schema.org","@graph":[{"@type":"WebPage","@id":"https:\/\/outdooreurope.eu\/tours\/hiking-france-corsica-mare-a-mare-north-trail-trekking\/","url":"https:\/\/outdooreurope.eu\/tours\/hiking-france-corsica-mare-a-mare-north-trail-trekking\/","name":"Ein korsisches Wanderabenteuer: Entdecken Sie atemberaubende Wanderwege","isPartOf":{"@id":"https:\/\/outdooreurope.eu\/#website"},"primaryImageOfPage":{"@id":"https:\/\/outdooreurope.eu\/tours\/hiking-france-corsica-mare-a-mare-north-trail-trekking\/#primaryimage"},"image":{"@id":"https:\/\/outdooreurope.eu\/tours\/hiking-france-corsica-mare-a-mare-north-trail-trekking\/#primaryimage"},"thumbnailUrl":"https:\/\/outdooreurope.eu\/wp-content\/uploads\/2024\/01\/shutterstock_692195398-720x606-1.jpg","datePublished":"2024-01-12T13:19:12+00:00","dateModified":"2025-06-19T08:55:59+00:00","description":"Begeben Sie sich auf ein korsisches Wanderabenteuer und entdecken Sie atemberaubende Landschaften auf dem Mare-\u00e0-Mare-Nordweg. Unvergessliche Erinnerungen erwarten Sie!","breadcrumb":{"@id":"https:\/\/outdooreurope.eu\/tours\/hiking-france-corsica-mare-a-mare-north-trail-trekking\/#breadcrumb"},"inLanguage":"de","potentialAction":[{"@type":"ReadAction","target":["https:\/\/outdooreurope.eu\/tours\/hiking-france-corsica-mare-a-mare-north-trail-trekking\/"]}]},{"@type":"ImageObject","inLanguage":"de","@id":"https:\/\/outdooreurope.eu\/tours\/hiking-france-corsica-mare-a-mare-north-trail-trekking\/#primaryimage","url":"https:\/\/outdooreurope.eu\/wp-content\/uploads\/2024\/01\/shutterstock_692195398-720x606-1.jpg","contentUrl":"https:\/\/outdooreurope.eu\/wp-content\/uploads\/2024\/01\/shutterstock_692195398-720x606-1.jpg","width":720,"height":606},{"@type":"BreadcrumbList","@id":"https:\/\/outdooreurope.eu\/tours\/hiking-france-corsica-mare-a-mare-north-trail-trekking\/#breadcrumb","itemListElement":[{"@type":"ListItem","position":1,"name":"Hjem","item":"https:\/\/outdooreurope.eu\/"},{"@type":"ListItem","position":2,"name":"Shop","item":"https:\/\/outdooreurope.eu\/shop\/"},{"@type":"ListItem","position":3,"name":"A Corsican hiking adventure: from the mountains to the sea"}]},{"@type":"WebSite","@id":"https:\/\/outdooreurope.eu\/#website","url":"https:\/\/outdooreurope.eu\/","name":"Outdoor Europa","description":"Wandern in Europa I Folgen Sie der Spur","potentialAction":[{"@type":"SearchAction","target":{"@type":"EntryPoint","urlTemplate":"https:\/\/outdooreurope.eu\/?s={search_term_string}"},"query-input":{"@type":"PropertyValueSpecification","valueRequired":true,"valueName":"search_term_string"}}],"inLanguage":"de"}]},"product_price_amount":"1030","product_price_currency":"EUR","og_availability":"instock","product_availability":"instock","product_retailer_item_id":"15612","product_condition":"new"},"_links":{"self":[{"href":"https:\/\/outdooreurope.eu\/de\/wp-json\/wp\/v2\/product\/15612","targetHints":{"allow":["GET"]}}],"collection":[{"href":"https:\/\/outdooreurope.eu\/de\/wp-json\/wp\/v2\/product"}],"about":[{"href":"https:\/\/outdooreurope.eu\/de\/wp-json\/wp\/v2\/types\/product"}],"replies":[{"embeddable":true,"href":"https:\/\/outdooreurope.eu\/de\/wp-json\/wp\/v2\/comments?post=15612"}],"wp:featuredmedia":[{"embeddable":true,"href":"https:\/\/outdooreurope.eu\/de\/wp-json\/wp\/v2\/media\/15614"}],"wp:attachment":[{"href":"https:\/\/outdooreurope.eu\/de\/wp-json\/wp\/v2\/media?parent=15612"}],"wp:term":[{"taxonomy":"product_brand","embeddable":true,"href":"https:\/\/outdooreurope.eu\/de\/wp-json\/wp\/v2\/product_brand?post=15612"},{"taxonomy":"product_cat","embeddable":true,"href":"https:\/\/outdooreurope.eu\/de\/wp-json\/wp\/v2\/product_cat?post=15612"},{"taxonomy":"product_tag","embeddable":true,"href":"https:\/\/outdooreurope.eu\/de\/wp-json\/wp\/v2\/product_tag?post=15612"}],"curies":[{"name":"wp","href":"https:\/\/api.w.org\/{rel}","templated":true}]}}