{"id":15656,"date":"2024-01-16T07:04:19","date_gmt":"2024-01-16T06:04:19","guid":{"rendered":"https:\/\/outdooreurope.eu\/?post_type=product&#038;p=15656"},"modified":"2025-03-28T07:26:06","modified_gmt":"2025-03-28T06:26:06","slug":"trailrunning-italien-sizilien-via-francigena-trail-selbstgefuhrt","status":"publish","type":"product","link":"https:\/\/outdooreurope.eu\/de\/tours\/trailrunning-italy-sicily-via-francigena-trail-self-guided\/","title":{"rendered":"Wandern Sie auf Siziliens Magna Via Francigena: eine Reise durch die Zeit"},"content":{"rendered":"<p>Willkommen auf dem faszinierenden Wanderweg Magna Via Francigena, einer Reise von Palermo nach Agrigento, die Geschichte, Kultur und Naturwunder durch ganz Sizilien verbindet.<\/p>\n<p>Entdecken Sie in Palermo eine reiche Geschichte, die mit arabischen, normannischen und barocken Einfl\u00fcssen verwoben ist. Entdecken Sie die Kathedrale von Palermo, schlendern Sie \u00fcber gesch\u00e4ftige M\u00e4rkte und genie\u00dfen Sie authentisches sizilianisches Stra\u00dfenessen.<\/p>\n<p><iframe title=\"Magna Via Francigena \u2013 Palermo Agrigento \u2013 Entlang alter r\u00f6mischer und mittelalterlicher Stra\u00dfen\" width=\"748\" height=\"421\" src=\"https:\/\/www.youtube.com\/embed\/zNIrOXTzH9Y?feature=oembed\" frameborder=\"0\" allow=\"accelerometer; autoplay; clipboard-write; encrypted-media; gyroscope; picture-in-picture; web-share\" referrerpolicy=\"strict-origin-when-cross-origin\" allowfullscreen><\/iframe><\/p>\n<p><strong>H\u00f6hepunkte der Tour<\/strong><\/p>\n<ul>\n<li><strong>Durchqueren Sie die Landschaft Siziliens<\/strong>, schl\u00e4ngelt sich durch Weinberge und Olivenhaine.<\/li>\n<li><strong>Entdecken Sie zeitlose D\u00f6rfer<\/strong> und genie\u00dfen Sie den Panoramablick auf die K\u00fcste auf dem ruhigen Wanderweg Magna Via Francigena.<\/li>\n<li><strong>Tauchen Sie ein<\/strong> im Tal der Tempel von Agrigent, einem UNESCO-Weltkulturerbe. Bewundern Sie bemerkenswert erhaltene griechische Tempel, darunter den ber\u00fchmten Concordia-Tempel.<\/li>\n<\/ul>","protected":false},"excerpt":{"rendered":"<p>Willkommen auf der faszinierenden Magna Via Francigena, einer Reise von Palermo nach Agrigent, die Geschichte, Kultur und Naturwunder durch Sizilien verbindet. Entdecken Sie in Palermo eine reiche Geschichte, die von arabischen, normannischen und barocken Einfl\u00fcssen gepr\u00e4gt ist. Entdecken Sie die Kathedrale von Palermo, schlendern Sie durch gesch\u00e4ftige M\u00e4rkte und genie\u00dfen Sie authentisches sizilianisches Streetfood. H\u00f6hepunkte der Tour: Durchqueren Sie Siziliens Landschaft und schl\u00e4ngeln Sie sich durch<\/p>\n<div class=\"padding-top text-center\"><a href=\"https:\/\/outdooreurope.eu\/de\/tours\/trailrunning-italy-sicily-via-francigena-trail-self-guided\/\" class=\"atbtn atbtn--medium atbtn--rounded atbtn--transparent\">Weiterlesen<i class=\"atbtn__icon atbtn__icon--right fa fa-long-arrow-right\"><\/i><\/a><\/div>","protected":false},"featured_media":15657,"comment_status":"open","ping_status":"closed","template":"","meta":{"_acf_changed":false,"content-type":"","inline_featured_image":false},"product_brand":[],"product_cat":[302],"product_tag":[],"class_list":{"0":"post-15656","1":"product","2":"type-product","3":"status-publish","4":"has-post-thumbnail","6":"tour_country-italy","7":"tour_types-dog-friendly","8":"tour_types-hut-to-hut","9":"tour_types-self-guided","10":"product_cat-ukategoriseret","11":"pa_duration-7-nights","12":"tour_category-hiking-in-europe","14":"first","15":"instock","16":"downloadable","17":"virtual","18":"purchasable","19":"product-type-tour"},"acf":[],"yoast_head":"<!-- This site is optimized with the Yoast SEO Premium plugin v27.6 (Yoast SEO v27.6) - https:\/\/yoast.com\/product\/yoast-seo-premium-wordpress\/ -->\n<title>Hike Sicily&#039;s Magna Via Francigena: Explore History - Outdoor Europe<\/title>\n<meta name=\"description\" content=\"Experience the charm of Hike Sicily&#039;s Magna Via Francigena as you explore history and culture from Palermo to Agrigento. Book your adventure today!\" \/>\n<meta name=\"robots\" content=\"index, follow, max-snippet:-1, max-image-preview:large, max-video-preview:-1\" \/>\n<link rel=\"canonical\" href=\"https:\/\/outdooreurope.eu\/de\/touren\/trailrunning-italien-sizilien-via-francigena-trail-selbstgefuhrt\/\" \/>\n<meta property=\"og:locale\" content=\"de_DE\" \/>\n<meta property=\"og:type\" content=\"article\" \/>\n<meta property=\"og:title\" content=\"Hike Sicily&#039;s Magna Via Francigena trail: a journey through time\" \/>\n<meta property=\"og:description\" content=\"Welcome to the captivating Magna Via Francigena trail, a journey from Palermo to Agrigento, weaving history, culture, and natural wonders across Sicily.\" \/>\n<meta property=\"og:url\" content=\"https:\/\/outdooreurope.eu\/de\/touren\/trailrunning-italien-sizilien-via-francigena-trail-selbstgefuhrt\/\" \/>\n<meta property=\"og:site_name\" content=\"Outdoor Europe\" \/>\n<meta property=\"article:publisher\" content=\"https:\/\/www.facebook.com\/outdooreurope.eu\" \/>\n<meta property=\"article:modified_time\" content=\"2025-03-28T06:26:06+00:00\" \/>\n<meta property=\"og:image\" content=\"https:\/\/outdooreurope.eu\/wp-content\/uploads\/2024\/01\/shutterstock_782112994-720x606-1.jpg\" \/>\n\t<meta property=\"og:image:width\" content=\"720\" \/>\n\t<meta property=\"og:image:height\" content=\"606\" \/>\n\t<meta property=\"og:image:type\" content=\"image\/jpeg\" \/>\n<meta name=\"twitter:card\" content=\"summary_large_image\" \/>\n<meta name=\"twitter:label1\" content=\"Preis\" \/>\n\t<meta name=\"twitter:data1\" content=\"&euro;1,095\" \/>\n\t<meta name=\"twitter:label2\" content=\"Verf\u00fcgbarkeit\" \/>\n\t<meta name=\"twitter:data2\" content=\"Auf Lager\" \/>\n<script type=\"application\/ld+json\" class=\"yoast-schema-graph\">{\"@context\":\"https:\\\/\\\/schema.org\",\"@graph\":[{\"@type\":\"WebPage\",\"@id\":\"https:\\\/\\\/outdooreurope.eu\\\/tours\\\/trailrunning-italy-sicily-via-francigena-trail-self-guided\\\/\",\"url\":\"https:\\\/\\\/outdooreurope.eu\\\/tours\\\/trailrunning-italy-sicily-via-francigena-trail-self-guided\\\/\",\"name\":\"Hike Sicily's Magna Via Francigena: Explore History - Outdoor Europe\",\"isPartOf\":{\"@id\":\"https:\\\/\\\/outdooreurope.eu\\\/#website\"},\"primaryImageOfPage\":{\"@id\":\"https:\\\/\\\/outdooreurope.eu\\\/tours\\\/trailrunning-italy-sicily-via-francigena-trail-self-guided\\\/#primaryimage\"},\"image\":{\"@id\":\"https:\\\/\\\/outdooreurope.eu\\\/tours\\\/trailrunning-italy-sicily-via-francigena-trail-self-guided\\\/#primaryimage\"},\"thumbnailUrl\":\"https:\\\/\\\/outdooreurope.eu\\\/wp-content\\\/uploads\\\/2024\\\/01\\\/shutterstock_782112994-720x606-1.jpg\",\"datePublished\":\"2024-01-16T06:04:19+00:00\",\"dateModified\":\"2025-03-28T06:26:06+00:00\",\"description\":\"Experience the charm of Hike Sicily's Magna Via Francigena as you explore history and culture from Palermo to Agrigento. Book your adventure today!\",\"breadcrumb\":{\"@id\":\"https:\\\/\\\/outdooreurope.eu\\\/tours\\\/trailrunning-italy-sicily-via-francigena-trail-self-guided\\\/#breadcrumb\"},\"inLanguage\":\"de\",\"potentialAction\":[{\"@type\":\"ReadAction\",\"target\":[\"https:\\\/\\\/outdooreurope.eu\\\/tours\\\/trailrunning-italy-sicily-via-francigena-trail-self-guided\\\/\"]}]},{\"@type\":\"ImageObject\",\"inLanguage\":\"de\",\"@id\":\"https:\\\/\\\/outdooreurope.eu\\\/tours\\\/trailrunning-italy-sicily-via-francigena-trail-self-guided\\\/#primaryimage\",\"url\":\"https:\\\/\\\/outdooreurope.eu\\\/wp-content\\\/uploads\\\/2024\\\/01\\\/shutterstock_782112994-720x606-1.jpg\",\"contentUrl\":\"https:\\\/\\\/outdooreurope.eu\\\/wp-content\\\/uploads\\\/2024\\\/01\\\/shutterstock_782112994-720x606-1.jpg\",\"width\":720,\"height\":606},{\"@type\":\"BreadcrumbList\",\"@id\":\"https:\\\/\\\/outdooreurope.eu\\\/tours\\\/trailrunning-italy-sicily-via-francigena-trail-self-guided\\\/#breadcrumb\",\"itemListElement\":[{\"@type\":\"ListItem\",\"position\":1,\"name\":\"Hjem\",\"item\":\"https:\\\/\\\/outdooreurope.eu\\\/\"},{\"@type\":\"ListItem\",\"position\":2,\"name\":\"Shop\",\"item\":\"https:\\\/\\\/outdooreurope.eu\\\/shop\\\/\"},{\"@type\":\"ListItem\",\"position\":3,\"name\":\"Hike Sicily&#8217;s Magna Via Francigena trail: a journey through time\"}]},{\"@type\":\"WebSite\",\"@id\":\"https:\\\/\\\/outdooreurope.eu\\\/#website\",\"url\":\"https:\\\/\\\/outdooreurope.eu\\\/\",\"name\":\"Outdoor Europe\",\"description\":\"Hiking In Europe I Join the trail\",\"potentialAction\":[{\"@type\":\"SearchAction\",\"target\":{\"@type\":\"EntryPoint\",\"urlTemplate\":\"https:\\\/\\\/outdooreurope.eu\\\/?s={search_term_string}\"},\"query-input\":{\"@type\":\"PropertyValueSpecification\",\"valueRequired\":true,\"valueName\":\"search_term_string\"}}],\"inLanguage\":\"de\"}]}<\/script>\n<meta property=\"product:price:amount\" content=\"1095\" \/>\n<meta property=\"product:price:currency\" content=\"EUR\" \/>\n<meta property=\"og:availability\" content=\"instock\" \/>\n<meta property=\"product:availability\" content=\"instock\" \/>\n<meta property=\"product:retailer_item_id\" content=\"15656\" \/>\n<meta property=\"product:condition\" content=\"new\" \/>\n<!-- \/ Yoast SEO Premium plugin. -->","yoast_head_json":{"title":"Wandern Sie auf Siziliens Magna Via Francigena: Entdecken Sie die Geschichte - Outdoor Europe","description":"Erleben Sie den Charme einer Wanderung auf Siziliens Magna Via Francigena und entdecken Sie Geschichte und Kultur von Palermo bis Agrigent. Buchen Sie Ihr Abenteuer noch heute!","robots":{"index":"index","follow":"follow","max-snippet":"max-snippet:-1","max-image-preview":"max-image-preview:large","max-video-preview":"max-video-preview:-1"},"canonical":"https:\/\/outdooreurope.eu\/de\/touren\/trailrunning-italien-sizilien-via-francigena-trail-selbstgefuhrt\/","og_locale":"de_DE","og_type":"article","og_title":"Hike Sicily's Magna Via Francigena trail: a journey through time","og_description":"Welcome to the captivating Magna Via Francigena trail, a journey from Palermo to Agrigento, weaving history, culture, and natural wonders across Sicily.","og_url":"https:\/\/outdooreurope.eu\/de\/touren\/trailrunning-italien-sizilien-via-francigena-trail-selbstgefuhrt\/","og_site_name":"Outdoor Europe","article_publisher":"https:\/\/www.facebook.com\/outdooreurope.eu","article_modified_time":"2025-03-28T06:26:06+00:00","og_image":[{"width":720,"height":606,"url":"https:\/\/outdooreurope.eu\/wp-content\/uploads\/2024\/01\/shutterstock_782112994-720x606-1.jpg","type":"image\/jpeg"}],"twitter_card":"summary_large_image","twitter_misc":{"Preis":"&euro;1,095","Verf\u00fcgbarkeit":"Auf Lager"},"schema":{"@context":"https:\/\/schema.org","@graph":[{"@type":"WebPage","@id":"https:\/\/outdooreurope.eu\/tours\/trailrunning-italy-sicily-via-francigena-trail-self-guided\/","url":"https:\/\/outdooreurope.eu\/tours\/trailrunning-italy-sicily-via-francigena-trail-self-guided\/","name":"Wandern Sie auf Siziliens Magna Via Francigena: Entdecken Sie die Geschichte - Outdoor Europe","isPartOf":{"@id":"https:\/\/outdooreurope.eu\/#website"},"primaryImageOfPage":{"@id":"https:\/\/outdooreurope.eu\/tours\/trailrunning-italy-sicily-via-francigena-trail-self-guided\/#primaryimage"},"image":{"@id":"https:\/\/outdooreurope.eu\/tours\/trailrunning-italy-sicily-via-francigena-trail-self-guided\/#primaryimage"},"thumbnailUrl":"https:\/\/outdooreurope.eu\/wp-content\/uploads\/2024\/01\/shutterstock_782112994-720x606-1.jpg","datePublished":"2024-01-16T06:04:19+00:00","dateModified":"2025-03-28T06:26:06+00:00","description":"Erleben Sie den Charme einer Wanderung auf Siziliens Magna Via Francigena und entdecken Sie Geschichte und Kultur von Palermo bis Agrigent. Buchen Sie Ihr Abenteuer noch heute!","breadcrumb":{"@id":"https:\/\/outdooreurope.eu\/tours\/trailrunning-italy-sicily-via-francigena-trail-self-guided\/#breadcrumb"},"inLanguage":"de","potentialAction":[{"@type":"ReadAction","target":["https:\/\/outdooreurope.eu\/tours\/trailrunning-italy-sicily-via-francigena-trail-self-guided\/"]}]},{"@type":"ImageObject","inLanguage":"de","@id":"https:\/\/outdooreurope.eu\/tours\/trailrunning-italy-sicily-via-francigena-trail-self-guided\/#primaryimage","url":"https:\/\/outdooreurope.eu\/wp-content\/uploads\/2024\/01\/shutterstock_782112994-720x606-1.jpg","contentUrl":"https:\/\/outdooreurope.eu\/wp-content\/uploads\/2024\/01\/shutterstock_782112994-720x606-1.jpg","width":720,"height":606},{"@type":"BreadcrumbList","@id":"https:\/\/outdooreurope.eu\/tours\/trailrunning-italy-sicily-via-francigena-trail-self-guided\/#breadcrumb","itemListElement":[{"@type":"ListItem","position":1,"name":"Hjem","item":"https:\/\/outdooreurope.eu\/"},{"@type":"ListItem","position":2,"name":"Shop","item":"https:\/\/outdooreurope.eu\/shop\/"},{"@type":"ListItem","position":3,"name":"Hike Sicily&#8217;s Magna Via Francigena trail: a journey through time"}]},{"@type":"WebSite","@id":"https:\/\/outdooreurope.eu\/#website","url":"https:\/\/outdooreurope.eu\/","name":"Outdoor Europa","description":"Wandern in Europa I Folgen Sie der Spur","potentialAction":[{"@type":"SearchAction","target":{"@type":"EntryPoint","urlTemplate":"https:\/\/outdooreurope.eu\/?s={search_term_string}"},"query-input":{"@type":"PropertyValueSpecification","valueRequired":true,"valueName":"search_term_string"}}],"inLanguage":"de"}]},"product_price_amount":"1095","product_price_currency":"EUR","og_availability":"instock","product_availability":"instock","product_retailer_item_id":"15656","product_condition":"new"},"_links":{"self":[{"href":"https:\/\/outdooreurope.eu\/de\/wp-json\/wp\/v2\/product\/15656","targetHints":{"allow":["GET"]}}],"collection":[{"href":"https:\/\/outdooreurope.eu\/de\/wp-json\/wp\/v2\/product"}],"about":[{"href":"https:\/\/outdooreurope.eu\/de\/wp-json\/wp\/v2\/types\/product"}],"replies":[{"embeddable":true,"href":"https:\/\/outdooreurope.eu\/de\/wp-json\/wp\/v2\/comments?post=15656"}],"wp:featuredmedia":[{"embeddable":true,"href":"https:\/\/outdooreurope.eu\/de\/wp-json\/wp\/v2\/media\/15657"}],"wp:attachment":[{"href":"https:\/\/outdooreurope.eu\/de\/wp-json\/wp\/v2\/media?parent=15656"}],"wp:term":[{"taxonomy":"product_brand","embeddable":true,"href":"https:\/\/outdooreurope.eu\/de\/wp-json\/wp\/v2\/product_brand?post=15656"},{"taxonomy":"product_cat","embeddable":true,"href":"https:\/\/outdooreurope.eu\/de\/wp-json\/wp\/v2\/product_cat?post=15656"},{"taxonomy":"product_tag","embeddable":true,"href":"https:\/\/outdooreurope.eu\/de\/wp-json\/wp\/v2\/product_tag?post=15656"}],"curies":[{"name":"wp","href":"https:\/\/api.w.org\/{rel}","templated":true}]}}