{"id":15727,"date":"2024-01-16T10:59:58","date_gmt":"2024-01-16T09:59:58","guid":{"rendered":"https:\/\/outdooreurope.eu\/?post_type=product&#038;p=15727"},"modified":"2025-04-17T11:21:04","modified_gmt":"2025-04-17T09:21:04","slug":"wandern-italien-mont-blanc-selbstgefuhrtes-trekking","status":"publish","type":"product","link":"https:\/\/outdooreurope.eu\/de\/tours\/hiking-italy-mont-blanc-self-guided-trekking\/","title":{"rendered":"Wandern Sie bequem den Tour Mont Blanc: Erobern Sie Europas ber\u00fchmtesten und landschaftlich reizvollsten Wanderweg"},"content":{"rendered":"<p>Wandern Sie den Mont Blanc bequem. Mit dem Mont Blanc Panorama Trek erleben Sie die Erhabenheit des Mont-Blanc-Massivs und seiner Gletscherwunder, ohne an eine festgelegte Route gebunden zu sein. Tauchen Sie ein in die Sch\u00f6nheit der Alpen. Erleben Sie die lokale Kultur und erkunden Sie eine der ber\u00fchmtesten Bergregionen der Welt ganz nach Ihren W\u00fcnschen.<\/p>\n<ul>\n<li><strong>Panorama-Alpenp\u00e4sse:<\/strong> Durchqueren Sie die Mont-Blanc-Region und begeben Sie sich auf ein aufregendes Abenteuer auf herrlichen Wegen, die f\u00fcr Wanderer aller Schwierigkeitsgrade geeignet sind. Wenn Sie internationale Grenzen \u00fcberschreiten, werden Sie Zeuge abwechslungsreicher Landschaften und unvergleichlicher Ausblicke.<\/li>\n<li><strong>Moderate Etappen mit lokalem Flair:<\/strong> Tauchen Sie auf gem\u00fctlichen Etappen, die zu Ihrem Vergn\u00fcgen gestaltet sind, in den Charme der lokalen Kultur ein. Bequeme Ortsbusse vereinfachen die unteren Talabschnitte und machen Ihre Fahrt noch angenehmer.<\/li>\n<li><strong>Komfortable \u00dcbernachtungen:<\/strong> Entspannen Sie sich nach jedem erlebnisreichen Tag in gem\u00fctlichen kleinen Hotels, wo Sie k\u00f6stliche regionale K\u00fcche genie\u00dfen k\u00f6nnen. Tanken Sie neue Kraft im Herzen der malerischen Mont-Blanc-Region und bereiten Sie sich auf die Abenteuer des Tages vor.<\/li>\n<\/ul>\n<p>&nbsp;<\/p>","protected":false},"excerpt":{"rendered":"<p>Wandern Sie bequem auf dem Mont Blanc. Mit dem Mont Blanc Panorama Trek erleben Sie die Erhabenheit des Mont-Blanc-Massivs und seiner Gletscherwunder, ohne an eine festgelegte Route gebunden zu sein. Tauchen Sie ein in die Sch\u00f6nheit der Alpen. Erleben Sie die lokale Kultur und erkunden Sie eine der ber\u00fchmtesten Bergregionen der Welt.<\/p>\n<div class=\"padding-top text-center\"><a href=\"https:\/\/outdooreurope.eu\/de\/tours\/hiking-italy-mont-blanc-self-guided-trekking\/\" class=\"atbtn atbtn--medium atbtn--rounded atbtn--transparent\">Weiterlesen<i class=\"atbtn__icon atbtn__icon--right fa fa-long-arrow-right\"><\/i><\/a><\/div>","protected":false},"featured_media":15728,"comment_status":"open","ping_status":"closed","template":"","meta":{"_acf_changed":false,"content-type":"","inline_featured_image":false},"product_brand":[],"product_cat":[302],"product_tag":[760],"class_list":{"0":"post-15727","1":"product","2":"type-product","3":"status-publish","4":"has-post-thumbnail","6":"tour_country-italy","7":"tour_country-switzerland","8":"tour_country-france","9":"tour_types-hut-to-hut","10":"tour_types-self-guided","11":"product_cat-ukategoriseret","12":"product_tag-hiking","13":"pa_duration-8-nights","14":"tour_category-hiking-in-europe","16":"first","17":"instock","18":"shipping-taxable","19":"purchasable","20":"product-type-tour"},"acf":[],"yoast_head":"<!-- This site is optimized with the Yoast SEO Premium plugin v27.4 (Yoast SEO v27.4) - https:\/\/yoast.com\/product\/yoast-seo-premium-wordpress\/ -->\n<title>Hike Tour Mont Blanc: Explore Breathtaking Trails - Outdoor Europe<\/title>\n<meta name=\"description\" content=\"Experience breathtaking views on the Hike Tour Mont Blanc! Traverse stunning trails and enjoy local cultures while indulging in delightful cuisine.\" \/>\n<meta name=\"robots\" content=\"index, follow, max-snippet:-1, max-image-preview:large, max-video-preview:-1\" \/>\n<link rel=\"canonical\" href=\"https:\/\/outdooreurope.eu\/de\/touren\/wandern-italien-mont-blanc-selbstgefuhrtes-trekking\/\" \/>\n<meta property=\"og:locale\" content=\"de_DE\" \/>\n<meta property=\"og:type\" content=\"article\" \/>\n<meta property=\"og:title\" content=\"Hike the Tour Mont Blanc in Comfort: Conquer Europe&#039;s Most Iconic and Scenic Hiking Circuit\" \/>\n<meta property=\"og:description\" content=\"Hike the Tour Mont Blanc in Comfort. With the Mont Blanc Panoramic Trek, you can witness the grandeur of the Mont Blanc massif and its glacial wonders\" \/>\n<meta property=\"og:url\" content=\"https:\/\/outdooreurope.eu\/de\/touren\/wandern-italien-mont-blanc-selbstgefuhrtes-trekking\/\" \/>\n<meta property=\"og:site_name\" content=\"Outdoor Europe\" \/>\n<meta property=\"article:publisher\" content=\"https:\/\/www.facebook.com\/outdooreurope.eu\" \/>\n<meta property=\"article:modified_time\" content=\"2025-04-17T09:21:04+00:00\" \/>\n<meta property=\"og:image\" content=\"https:\/\/outdooreurope.eu\/wp-content\/uploads\/2024\/01\/val-veny-03-720x606-1.jpg\" \/>\n\t<meta property=\"og:image:width\" content=\"720\" \/>\n\t<meta property=\"og:image:height\" content=\"606\" \/>\n\t<meta property=\"og:image:type\" content=\"image\/jpeg\" \/>\n<meta name=\"twitter:card\" content=\"summary_large_image\" \/>\n<meta name=\"twitter:label1\" content=\"Preis\" \/>\n\t<meta name=\"twitter:data1\" content=\"&euro;1,370\" \/>\n\t<meta name=\"twitter:label2\" content=\"Verf\u00fcgbarkeit\" \/>\n\t<meta name=\"twitter:data2\" content=\"Auf Lager\" \/>\n<script type=\"application\/ld+json\" class=\"yoast-schema-graph\">{\"@context\":\"https:\\\/\\\/schema.org\",\"@graph\":[{\"@type\":\"WebPage\",\"@id\":\"https:\\\/\\\/outdooreurope.eu\\\/tours\\\/hiking-italy-mont-blanc-self-guided-trekking\\\/\",\"url\":\"https:\\\/\\\/outdooreurope.eu\\\/tours\\\/hiking-italy-mont-blanc-self-guided-trekking\\\/\",\"name\":\"Hike Tour Mont Blanc: Explore Breathtaking Trails - Outdoor Europe\",\"isPartOf\":{\"@id\":\"https:\\\/\\\/outdooreurope.eu\\\/#website\"},\"primaryImageOfPage\":{\"@id\":\"https:\\\/\\\/outdooreurope.eu\\\/tours\\\/hiking-italy-mont-blanc-self-guided-trekking\\\/#primaryimage\"},\"image\":{\"@id\":\"https:\\\/\\\/outdooreurope.eu\\\/tours\\\/hiking-italy-mont-blanc-self-guided-trekking\\\/#primaryimage\"},\"thumbnailUrl\":\"https:\\\/\\\/outdooreurope.eu\\\/wp-content\\\/uploads\\\/2024\\\/01\\\/val-veny-03-720x606-1.jpg\",\"datePublished\":\"2024-01-16T09:59:58+00:00\",\"dateModified\":\"2025-04-17T09:21:04+00:00\",\"description\":\"Experience breathtaking views on the Hike Tour Mont Blanc! Traverse stunning trails and enjoy local cultures while indulging in delightful cuisine.\",\"breadcrumb\":{\"@id\":\"https:\\\/\\\/outdooreurope.eu\\\/tours\\\/hiking-italy-mont-blanc-self-guided-trekking\\\/#breadcrumb\"},\"inLanguage\":\"de\",\"potentialAction\":[{\"@type\":\"ReadAction\",\"target\":[\"https:\\\/\\\/outdooreurope.eu\\\/tours\\\/hiking-italy-mont-blanc-self-guided-trekking\\\/\"]}]},{\"@type\":\"ImageObject\",\"inLanguage\":\"de\",\"@id\":\"https:\\\/\\\/outdooreurope.eu\\\/tours\\\/hiking-italy-mont-blanc-self-guided-trekking\\\/#primaryimage\",\"url\":\"https:\\\/\\\/outdooreurope.eu\\\/wp-content\\\/uploads\\\/2024\\\/01\\\/val-veny-03-720x606-1.jpg\",\"contentUrl\":\"https:\\\/\\\/outdooreurope.eu\\\/wp-content\\\/uploads\\\/2024\\\/01\\\/val-veny-03-720x606-1.jpg\",\"width\":720,\"height\":606},{\"@type\":\"BreadcrumbList\",\"@id\":\"https:\\\/\\\/outdooreurope.eu\\\/tours\\\/hiking-italy-mont-blanc-self-guided-trekking\\\/#breadcrumb\",\"itemListElement\":[{\"@type\":\"ListItem\",\"position\":1,\"name\":\"Hjem\",\"item\":\"https:\\\/\\\/outdooreurope.eu\\\/\"},{\"@type\":\"ListItem\",\"position\":2,\"name\":\"Shop\",\"item\":\"https:\\\/\\\/outdooreurope.eu\\\/shop\\\/\"},{\"@type\":\"ListItem\",\"position\":3,\"name\":\"Hike the Tour Mont Blanc in Comfort: Conquer Europe&#8217;s Most Iconic and Scenic Hiking Circuit\"}]},{\"@type\":\"WebSite\",\"@id\":\"https:\\\/\\\/outdooreurope.eu\\\/#website\",\"url\":\"https:\\\/\\\/outdooreurope.eu\\\/\",\"name\":\"Outdoor Europe\",\"description\":\"Hiking In Europe I Join the trail\",\"potentialAction\":[{\"@type\":\"SearchAction\",\"target\":{\"@type\":\"EntryPoint\",\"urlTemplate\":\"https:\\\/\\\/outdooreurope.eu\\\/?s={search_term_string}\"},\"query-input\":{\"@type\":\"PropertyValueSpecification\",\"valueRequired\":true,\"valueName\":\"search_term_string\"}}],\"inLanguage\":\"de\"}]}<\/script>\n<meta property=\"product:price:amount\" content=\"1370\" \/>\n<meta property=\"product:price:currency\" content=\"EUR\" \/>\n<meta property=\"og:availability\" content=\"instock\" \/>\n<meta property=\"product:availability\" content=\"instock\" \/>\n<meta property=\"product:retailer_item_id\" content=\"15727\" \/>\n<meta property=\"product:condition\" content=\"new\" \/>\n<!-- \/ Yoast SEO Premium plugin. -->","yoast_head_json":{"title":"Wandertour Mont Blanc: Entdecken Sie atemberaubende Wanderwege - Outdoor Europe","description":"Erleben Sie atemberaubende Ausblicke auf der Wandertour Mont Blanc! Durchqueren Sie atemberaubende Wanderwege, genie\u00dfen Sie die lokale Kultur und lassen Sie sich von k\u00f6stlicher K\u00fcche verw\u00f6hnen.","robots":{"index":"index","follow":"follow","max-snippet":"max-snippet:-1","max-image-preview":"max-image-preview:large","max-video-preview":"max-video-preview:-1"},"canonical":"https:\/\/outdooreurope.eu\/de\/touren\/wandern-italien-mont-blanc-selbstgefuhrtes-trekking\/","og_locale":"de_DE","og_type":"article","og_title":"Hike the Tour Mont Blanc in Comfort: Conquer Europe's Most Iconic and Scenic Hiking Circuit","og_description":"Hike the Tour Mont Blanc in Comfort. With the Mont Blanc Panoramic Trek, you can witness the grandeur of the Mont Blanc massif and its glacial wonders","og_url":"https:\/\/outdooreurope.eu\/de\/touren\/wandern-italien-mont-blanc-selbstgefuhrtes-trekking\/","og_site_name":"Outdoor Europe","article_publisher":"https:\/\/www.facebook.com\/outdooreurope.eu","article_modified_time":"2025-04-17T09:21:04+00:00","og_image":[{"width":720,"height":606,"url":"https:\/\/outdooreurope.eu\/wp-content\/uploads\/2024\/01\/val-veny-03-720x606-1.jpg","type":"image\/jpeg"}],"twitter_card":"summary_large_image","twitter_misc":{"Preis":"&euro;1,370","Verf\u00fcgbarkeit":"Auf Lager"},"schema":{"@context":"https:\/\/schema.org","@graph":[{"@type":"WebPage","@id":"https:\/\/outdooreurope.eu\/tours\/hiking-italy-mont-blanc-self-guided-trekking\/","url":"https:\/\/outdooreurope.eu\/tours\/hiking-italy-mont-blanc-self-guided-trekking\/","name":"Wandertour Mont Blanc: Entdecken Sie atemberaubende Wanderwege - Outdoor Europe","isPartOf":{"@id":"https:\/\/outdooreurope.eu\/#website"},"primaryImageOfPage":{"@id":"https:\/\/outdooreurope.eu\/tours\/hiking-italy-mont-blanc-self-guided-trekking\/#primaryimage"},"image":{"@id":"https:\/\/outdooreurope.eu\/tours\/hiking-italy-mont-blanc-self-guided-trekking\/#primaryimage"},"thumbnailUrl":"https:\/\/outdooreurope.eu\/wp-content\/uploads\/2024\/01\/val-veny-03-720x606-1.jpg","datePublished":"2024-01-16T09:59:58+00:00","dateModified":"2025-04-17T09:21:04+00:00","description":"Erleben Sie atemberaubende Ausblicke auf der Wandertour Mont Blanc! Durchqueren Sie atemberaubende Wanderwege, genie\u00dfen Sie die lokale Kultur und lassen Sie sich von k\u00f6stlicher K\u00fcche verw\u00f6hnen.","breadcrumb":{"@id":"https:\/\/outdooreurope.eu\/tours\/hiking-italy-mont-blanc-self-guided-trekking\/#breadcrumb"},"inLanguage":"de","potentialAction":[{"@type":"ReadAction","target":["https:\/\/outdooreurope.eu\/tours\/hiking-italy-mont-blanc-self-guided-trekking\/"]}]},{"@type":"ImageObject","inLanguage":"de","@id":"https:\/\/outdooreurope.eu\/tours\/hiking-italy-mont-blanc-self-guided-trekking\/#primaryimage","url":"https:\/\/outdooreurope.eu\/wp-content\/uploads\/2024\/01\/val-veny-03-720x606-1.jpg","contentUrl":"https:\/\/outdooreurope.eu\/wp-content\/uploads\/2024\/01\/val-veny-03-720x606-1.jpg","width":720,"height":606},{"@type":"BreadcrumbList","@id":"https:\/\/outdooreurope.eu\/tours\/hiking-italy-mont-blanc-self-guided-trekking\/#breadcrumb","itemListElement":[{"@type":"ListItem","position":1,"name":"Hjem","item":"https:\/\/outdooreurope.eu\/"},{"@type":"ListItem","position":2,"name":"Shop","item":"https:\/\/outdooreurope.eu\/shop\/"},{"@type":"ListItem","position":3,"name":"Hike the Tour Mont Blanc in Comfort: Conquer Europe&#8217;s Most Iconic and Scenic Hiking Circuit"}]},{"@type":"WebSite","@id":"https:\/\/outdooreurope.eu\/#website","url":"https:\/\/outdooreurope.eu\/","name":"Outdoor Europa","description":"Wandern in Europa I Folgen Sie der Spur","potentialAction":[{"@type":"SearchAction","target":{"@type":"EntryPoint","urlTemplate":"https:\/\/outdooreurope.eu\/?s={search_term_string}"},"query-input":{"@type":"PropertyValueSpecification","valueRequired":true,"valueName":"search_term_string"}}],"inLanguage":"de"}]},"product_price_amount":"1370","product_price_currency":"EUR","og_availability":"instock","product_availability":"instock","product_retailer_item_id":"15727","product_condition":"new"},"_links":{"self":[{"href":"https:\/\/outdooreurope.eu\/de\/wp-json\/wp\/v2\/product\/15727","targetHints":{"allow":["GET"]}}],"collection":[{"href":"https:\/\/outdooreurope.eu\/de\/wp-json\/wp\/v2\/product"}],"about":[{"href":"https:\/\/outdooreurope.eu\/de\/wp-json\/wp\/v2\/types\/product"}],"replies":[{"embeddable":true,"href":"https:\/\/outdooreurope.eu\/de\/wp-json\/wp\/v2\/comments?post=15727"}],"wp:featuredmedia":[{"embeddable":true,"href":"https:\/\/outdooreurope.eu\/de\/wp-json\/wp\/v2\/media\/15728"}],"wp:attachment":[{"href":"https:\/\/outdooreurope.eu\/de\/wp-json\/wp\/v2\/media?parent=15727"}],"wp:term":[{"taxonomy":"product_brand","embeddable":true,"href":"https:\/\/outdooreurope.eu\/de\/wp-json\/wp\/v2\/product_brand?post=15727"},{"taxonomy":"product_cat","embeddable":true,"href":"https:\/\/outdooreurope.eu\/de\/wp-json\/wp\/v2\/product_cat?post=15727"},{"taxonomy":"product_tag","embeddable":true,"href":"https:\/\/outdooreurope.eu\/de\/wp-json\/wp\/v2\/product_tag?post=15727"}],"curies":[{"name":"wp","href":"https:\/\/api.w.org\/{rel}","templated":true}]}}