{"id":16003,"date":"2024-01-17T06:49:01","date_gmt":"2024-01-17T05:49:01","guid":{"rendered":"https:\/\/outdooreurope.eu\/?post_type=product&#038;p=16003"},"modified":"2025-06-19T10:57:20","modified_gmt":"2025-06-19T08:57:20","slug":"wandern-schweiz-graubunden-alpen-trekking-selbstgefuhrtes-trekking","status":"publish","type":"product","link":"https:\/\/outdooreurope.eu\/de\/tours\/hiking-switzerland-grisons-alps-trekking-self-guided-trekking\/","title":{"rendered":"Wanderung zwischen den Alpenh\u00fctten in Graub\u00fcnden: Eine Schweizer Berg-Odyssee"},"content":{"rendered":"<p>Wanderung zwischen den Alph\u00fctten in Graub\u00fcnden<\/p>\n<p>Es erwarten Sie Steinb\u00f6cke, die auf schroffen H\u00e4ngen grasen, verspielte Murmeltiere, idyllische Walsersiedlungen und einige der atemberaubendsten Bergpanoramen der Schweiz.<\/p>\n<p><strong>Schl\u00fcssel-H\u00f6hepunkte:<\/strong><\/p>\n<ul>\n<li><strong>Gipfel-zu-Gipfel-Panoramen:<\/strong> \u00dcberqueren Sie markante Gipfel und malerische T\u00e4ler und offenbaren Sie bei jeder Kurve beeindruckende Bergpanoramen. Vom Gipfel des Jakobshorns bis zur ber\u00fchmten Kesch-H\u00fctte tauchen Sie bei jedem Schritt in die alpine Gro\u00dfartigkeit der Schweiz ein.<\/li>\n<li><strong>Historische Sch\u00e4tze:<\/strong> Erkunden Sie das charmante Dorf Berg\u00fcn, das f\u00fcr seine reiche Geschichte und faszinierende Architektur bekannt ist. Fahren Sie am Albulapass vorbei, einer alten Handelsroute voller jahrhundertelanger Geschichten und \u00dcberlieferungen.<\/li>\n<li><strong>Gro\u00dfes Finale in St. Moritz:<\/strong> Beenden Sie Ihre Berg-Odyssee in der weltber\u00fchmten Stadt St. Moritz. Genie\u00dfen Sie das luxuri\u00f6se Ambiente, die lebendige Kultur und die atemberaubenden Landschaften, die es zu einer globalen Ikone gemacht haben.<\/li>\n<\/ul>\n<p>&nbsp;<\/p>","protected":false},"excerpt":{"rendered":"<p>Wandern Sie zwischen den Alpenh\u00fctten in Graub\u00fcnden. Steinb\u00f6cke grasen an schroffen H\u00e4ngen, verspielte Murmeltiere, idyllische Walsersiedlungen und einige der atemberaubendsten Bergpanoramen der Schweiz erwarten Sie. Highlights: Gipfel-zu-Gipfel-Panoramen: \u00dcberqueren Sie markante Gipfel und malerische T\u00e4ler, und jede Kurve offenbart ein beeindruckendes Bergpanorama. Vom Gipfel des Jakobshorns bis zur ber\u00fchmten Keschh\u00fctte \u2013 jeder Schritt ist ein Erlebnis<\/p>\n<div class=\"padding-top text-center\"><a href=\"https:\/\/outdooreurope.eu\/de\/tours\/hiking-switzerland-grisons-alps-trekking-self-guided-trekking\/\" class=\"atbtn atbtn--medium atbtn--rounded atbtn--transparent\">Weiterlesen<i class=\"atbtn__icon atbtn__icon--right fa fa-long-arrow-right\"><\/i><\/a><\/div>","protected":false},"featured_media":16004,"comment_status":"open","ping_status":"closed","template":"","meta":{"_acf_changed":false,"content-type":"","inline_featured_image":false},"product_brand":[],"product_cat":[1181,302],"product_tag":[955,961,971,950],"class_list":{"0":"post-16003","1":"product","2":"type-product","3":"status-publish","4":"has-post-thumbnail","6":"tour_country-switzerland","7":"tour_types-hut-to-hut","8":"tour_types-self-guided","9":"product_cat-lastminutesummer","10":"product_cat-ukategoriseret","11":"product_tag-switzerland","12":"product_tag-alpine","13":"product_tag-alpine-hiking","14":"product_tag-trail","15":"pa_duration-5-nights","16":"tour_category-hiking-in-europe","18":"first","19":"instock","20":"shipping-taxable","21":"purchasable","22":"product-type-tour"},"acf":[],"yoast_head":"<!-- This site is optimized with the Yoast SEO Premium plugin v27.4 (Yoast SEO v27.4) - https:\/\/yoast.com\/product\/yoast-seo-premium-wordpress\/ -->\n<title>Hike Between the Alpine Cottages in Grisons: Adventure - Outdoor Europe<\/title>\n<meta name=\"description\" content=\"Experience unparalleled views hiking between the alpine cottages in Grisons. Discover breathtaking panoramas and hidden treasures of Switzerland!\" \/>\n<meta name=\"robots\" content=\"index, follow, max-snippet:-1, max-image-preview:large, max-video-preview:-1\" \/>\n<link rel=\"canonical\" href=\"https:\/\/outdooreurope.eu\/de\/touren\/wandern-schweiz-graubunden-alpen-trekking-selbstgefuhrtes-trekking\/\" \/>\n<meta property=\"og:locale\" content=\"de_DE\" \/>\n<meta property=\"og:type\" content=\"article\" \/>\n<meta property=\"og:title\" content=\"Hike between the alpine cottages in Grisons: a swiss mountain odyssey\" \/>\n<meta property=\"og:description\" content=\"Hike between the alpine cottages in Grisons Capricorns grazing on rugged slopes, playful marmots, idyllic Walser settlements, and some of Switzerland&#039;s\" \/>\n<meta property=\"og:url\" content=\"https:\/\/outdooreurope.eu\/de\/touren\/wandern-schweiz-graubunden-alpen-trekking-selbstgefuhrtes-trekking\/\" \/>\n<meta property=\"og:site_name\" content=\"Outdoor Europe\" \/>\n<meta property=\"article:publisher\" content=\"https:\/\/www.facebook.com\/outdooreurope.eu\" \/>\n<meta property=\"article:modified_time\" content=\"2025-06-19T08:57:20+00:00\" \/>\n<meta property=\"og:image\" content=\"https:\/\/outdooreurope.eu\/wp-content\/uploads\/2024\/01\/diavolezza-bergpanorama_52522996888_o-1-720x606-1.jpg\" \/>\n\t<meta property=\"og:image:width\" content=\"720\" \/>\n\t<meta property=\"og:image:height\" content=\"606\" \/>\n\t<meta property=\"og:image:type\" content=\"image\/jpeg\" \/>\n<meta name=\"twitter:card\" content=\"summary_large_image\" \/>\n<meta name=\"twitter:label1\" content=\"Preis\" \/>\n\t<meta name=\"twitter:data1\" content=\"&euro;1,150\" \/>\n\t<meta name=\"twitter:label2\" content=\"Verf\u00fcgbarkeit\" \/>\n\t<meta name=\"twitter:data2\" content=\"Auf Lager\" \/>\n<script type=\"application\/ld+json\" class=\"yoast-schema-graph\">{\"@context\":\"https:\\\/\\\/schema.org\",\"@graph\":[{\"@type\":\"WebPage\",\"@id\":\"https:\\\/\\\/outdooreurope.eu\\\/tours\\\/hiking-switzerland-grisons-alps-trekking-self-guided-trekking\\\/\",\"url\":\"https:\\\/\\\/outdooreurope.eu\\\/tours\\\/hiking-switzerland-grisons-alps-trekking-self-guided-trekking\\\/\",\"name\":\"Hike Between the Alpine Cottages in Grisons: Adventure - Outdoor Europe\",\"isPartOf\":{\"@id\":\"https:\\\/\\\/outdooreurope.eu\\\/#website\"},\"primaryImageOfPage\":{\"@id\":\"https:\\\/\\\/outdooreurope.eu\\\/tours\\\/hiking-switzerland-grisons-alps-trekking-self-guided-trekking\\\/#primaryimage\"},\"image\":{\"@id\":\"https:\\\/\\\/outdooreurope.eu\\\/tours\\\/hiking-switzerland-grisons-alps-trekking-self-guided-trekking\\\/#primaryimage\"},\"thumbnailUrl\":\"https:\\\/\\\/outdooreurope.eu\\\/wp-content\\\/uploads\\\/2024\\\/01\\\/diavolezza-bergpanorama_52522996888_o-1-720x606-1.jpg\",\"datePublished\":\"2024-01-17T05:49:01+00:00\",\"dateModified\":\"2025-06-19T08:57:20+00:00\",\"description\":\"Experience unparalleled views hiking between the alpine cottages in Grisons. Discover breathtaking panoramas and hidden treasures of Switzerland!\",\"breadcrumb\":{\"@id\":\"https:\\\/\\\/outdooreurope.eu\\\/tours\\\/hiking-switzerland-grisons-alps-trekking-self-guided-trekking\\\/#breadcrumb\"},\"inLanguage\":\"de\",\"potentialAction\":[{\"@type\":\"ReadAction\",\"target\":[\"https:\\\/\\\/outdooreurope.eu\\\/tours\\\/hiking-switzerland-grisons-alps-trekking-self-guided-trekking\\\/\"]}]},{\"@type\":\"ImageObject\",\"inLanguage\":\"de\",\"@id\":\"https:\\\/\\\/outdooreurope.eu\\\/tours\\\/hiking-switzerland-grisons-alps-trekking-self-guided-trekking\\\/#primaryimage\",\"url\":\"https:\\\/\\\/outdooreurope.eu\\\/wp-content\\\/uploads\\\/2024\\\/01\\\/diavolezza-bergpanorama_52522996888_o-1-720x606-1.jpg\",\"contentUrl\":\"https:\\\/\\\/outdooreurope.eu\\\/wp-content\\\/uploads\\\/2024\\\/01\\\/diavolezza-bergpanorama_52522996888_o-1-720x606-1.jpg\",\"width\":720,\"height\":606},{\"@type\":\"BreadcrumbList\",\"@id\":\"https:\\\/\\\/outdooreurope.eu\\\/tours\\\/hiking-switzerland-grisons-alps-trekking-self-guided-trekking\\\/#breadcrumb\",\"itemListElement\":[{\"@type\":\"ListItem\",\"position\":1,\"name\":\"Hjem\",\"item\":\"https:\\\/\\\/outdooreurope.eu\\\/\"},{\"@type\":\"ListItem\",\"position\":2,\"name\":\"Shop\",\"item\":\"https:\\\/\\\/outdooreurope.eu\\\/shop\\\/\"},{\"@type\":\"ListItem\",\"position\":3,\"name\":\"Hike between the alpine cottages in Grisons: a swiss mountain odyssey\"}]},{\"@type\":\"WebSite\",\"@id\":\"https:\\\/\\\/outdooreurope.eu\\\/#website\",\"url\":\"https:\\\/\\\/outdooreurope.eu\\\/\",\"name\":\"Outdoor Europe\",\"description\":\"Hiking In Europe I Join the trail\",\"potentialAction\":[{\"@type\":\"SearchAction\",\"target\":{\"@type\":\"EntryPoint\",\"urlTemplate\":\"https:\\\/\\\/outdooreurope.eu\\\/?s={search_term_string}\"},\"query-input\":{\"@type\":\"PropertyValueSpecification\",\"valueRequired\":true,\"valueName\":\"search_term_string\"}}],\"inLanguage\":\"de\"}]}<\/script>\n<meta property=\"product:price:amount\" content=\"1150\" \/>\n<meta property=\"product:price:currency\" content=\"EUR\" \/>\n<meta property=\"og:availability\" content=\"instock\" \/>\n<meta property=\"product:availability\" content=\"instock\" \/>\n<meta property=\"product:retailer_item_id\" content=\"16003\" \/>\n<meta property=\"product:condition\" content=\"new\" \/>\n<!-- \/ Yoast SEO Premium plugin. -->","yoast_head_json":{"title":"Almwanderung in Graub\u00fcnden: Abenteuer - Outdoor Europe","description":"Erleben Sie unvergleichliche Ausblicke beim Wandern zwischen den Alpenh\u00fctten in Graub\u00fcnden. Entdecken Sie atemberaubende Panoramen und verborgene Sch\u00e4tze der Schweiz!","robots":{"index":"index","follow":"follow","max-snippet":"max-snippet:-1","max-image-preview":"max-image-preview:large","max-video-preview":"max-video-preview:-1"},"canonical":"https:\/\/outdooreurope.eu\/de\/touren\/wandern-schweiz-graubunden-alpen-trekking-selbstgefuhrtes-trekking\/","og_locale":"de_DE","og_type":"article","og_title":"Hike between the alpine cottages in Grisons: a swiss mountain odyssey","og_description":"Hike between the alpine cottages in Grisons Capricorns grazing on rugged slopes, playful marmots, idyllic Walser settlements, and some of Switzerland's","og_url":"https:\/\/outdooreurope.eu\/de\/touren\/wandern-schweiz-graubunden-alpen-trekking-selbstgefuhrtes-trekking\/","og_site_name":"Outdoor Europe","article_publisher":"https:\/\/www.facebook.com\/outdooreurope.eu","article_modified_time":"2025-06-19T08:57:20+00:00","og_image":[{"width":720,"height":606,"url":"https:\/\/outdooreurope.eu\/wp-content\/uploads\/2024\/01\/diavolezza-bergpanorama_52522996888_o-1-720x606-1.jpg","type":"image\/jpeg"}],"twitter_card":"summary_large_image","twitter_misc":{"Preis":"&euro;1,150","Verf\u00fcgbarkeit":"Auf Lager"},"schema":{"@context":"https:\/\/schema.org","@graph":[{"@type":"WebPage","@id":"https:\/\/outdooreurope.eu\/tours\/hiking-switzerland-grisons-alps-trekking-self-guided-trekking\/","url":"https:\/\/outdooreurope.eu\/tours\/hiking-switzerland-grisons-alps-trekking-self-guided-trekking\/","name":"Almwanderung in Graub\u00fcnden: Abenteuer - Outdoor Europe","isPartOf":{"@id":"https:\/\/outdooreurope.eu\/#website"},"primaryImageOfPage":{"@id":"https:\/\/outdooreurope.eu\/tours\/hiking-switzerland-grisons-alps-trekking-self-guided-trekking\/#primaryimage"},"image":{"@id":"https:\/\/outdooreurope.eu\/tours\/hiking-switzerland-grisons-alps-trekking-self-guided-trekking\/#primaryimage"},"thumbnailUrl":"https:\/\/outdooreurope.eu\/wp-content\/uploads\/2024\/01\/diavolezza-bergpanorama_52522996888_o-1-720x606-1.jpg","datePublished":"2024-01-17T05:49:01+00:00","dateModified":"2025-06-19T08:57:20+00:00","description":"Erleben Sie unvergleichliche Ausblicke beim Wandern zwischen den Alpenh\u00fctten in Graub\u00fcnden. Entdecken Sie atemberaubende Panoramen und verborgene Sch\u00e4tze der Schweiz!","breadcrumb":{"@id":"https:\/\/outdooreurope.eu\/tours\/hiking-switzerland-grisons-alps-trekking-self-guided-trekking\/#breadcrumb"},"inLanguage":"de","potentialAction":[{"@type":"ReadAction","target":["https:\/\/outdooreurope.eu\/tours\/hiking-switzerland-grisons-alps-trekking-self-guided-trekking\/"]}]},{"@type":"ImageObject","inLanguage":"de","@id":"https:\/\/outdooreurope.eu\/tours\/hiking-switzerland-grisons-alps-trekking-self-guided-trekking\/#primaryimage","url":"https:\/\/outdooreurope.eu\/wp-content\/uploads\/2024\/01\/diavolezza-bergpanorama_52522996888_o-1-720x606-1.jpg","contentUrl":"https:\/\/outdooreurope.eu\/wp-content\/uploads\/2024\/01\/diavolezza-bergpanorama_52522996888_o-1-720x606-1.jpg","width":720,"height":606},{"@type":"BreadcrumbList","@id":"https:\/\/outdooreurope.eu\/tours\/hiking-switzerland-grisons-alps-trekking-self-guided-trekking\/#breadcrumb","itemListElement":[{"@type":"ListItem","position":1,"name":"Hjem","item":"https:\/\/outdooreurope.eu\/"},{"@type":"ListItem","position":2,"name":"Shop","item":"https:\/\/outdooreurope.eu\/shop\/"},{"@type":"ListItem","position":3,"name":"Hike between the alpine cottages in Grisons: a swiss mountain odyssey"}]},{"@type":"WebSite","@id":"https:\/\/outdooreurope.eu\/#website","url":"https:\/\/outdooreurope.eu\/","name":"Outdoor Europa","description":"Wandern in Europa I Folgen Sie der Spur","potentialAction":[{"@type":"SearchAction","target":{"@type":"EntryPoint","urlTemplate":"https:\/\/outdooreurope.eu\/?s={search_term_string}"},"query-input":{"@type":"PropertyValueSpecification","valueRequired":true,"valueName":"search_term_string"}}],"inLanguage":"de"}]},"product_price_amount":"1150","product_price_currency":"EUR","og_availability":"instock","product_availability":"instock","product_retailer_item_id":"16003","product_condition":"new"},"_links":{"self":[{"href":"https:\/\/outdooreurope.eu\/de\/wp-json\/wp\/v2\/product\/16003","targetHints":{"allow":["GET"]}}],"collection":[{"href":"https:\/\/outdooreurope.eu\/de\/wp-json\/wp\/v2\/product"}],"about":[{"href":"https:\/\/outdooreurope.eu\/de\/wp-json\/wp\/v2\/types\/product"}],"replies":[{"embeddable":true,"href":"https:\/\/outdooreurope.eu\/de\/wp-json\/wp\/v2\/comments?post=16003"}],"wp:featuredmedia":[{"embeddable":true,"href":"https:\/\/outdooreurope.eu\/de\/wp-json\/wp\/v2\/media\/16004"}],"wp:attachment":[{"href":"https:\/\/outdooreurope.eu\/de\/wp-json\/wp\/v2\/media?parent=16003"}],"wp:term":[{"taxonomy":"product_brand","embeddable":true,"href":"https:\/\/outdooreurope.eu\/de\/wp-json\/wp\/v2\/product_brand?post=16003"},{"taxonomy":"product_cat","embeddable":true,"href":"https:\/\/outdooreurope.eu\/de\/wp-json\/wp\/v2\/product_cat?post=16003"},{"taxonomy":"product_tag","embeddable":true,"href":"https:\/\/outdooreurope.eu\/de\/wp-json\/wp\/v2\/product_tag?post=16003"}],"curies":[{"name":"wp","href":"https:\/\/api.w.org\/{rel}","templated":true}]}}