{"id":16149,"date":"2024-01-17T11:51:34","date_gmt":"2024-01-17T10:51:34","guid":{"rendered":"https:\/\/outdooreurope.eu\/?post_type=product&#038;p=16149"},"modified":"2025-03-27T08:05:11","modified_gmt":"2025-03-27T07:05:11","slug":"wandern-italien-sardinien-naturpark-orosei-selbstgefuhrt","status":"publish","type":"product","link":"https:\/\/outdooreurope.eu\/de\/tours\/hiking-italy-sardinia-orosei-nature-park-self-guided\/","title":{"rendered":"Wandern Sie an Sardiniens Ostk\u00fcste: atemberaubend und wild!"},"content":{"rendered":"<h3>Wandern an Sardiniens Ostk\u00fcste: Wandern im Naturpark Orosei.<\/h3>\n<p>Was verbinden Sie mit Sardinien? Auf jeden Fall traumhafte Sandstr\u00e4nde, das t\u00fcrkisblaue Meer und laue Sommerabende mit frischer Pasta. Aber Sardinien hat noch mehr zu bieten: Es hat sich zu einem beliebten Reiseziel f\u00fcr Wanderurlaube entwickelt. Die Wandertour durch den Osten Sardiniens ist wild und entspannend zugleich. Wild, weil die Landschaft von schroffen Felsen gepr\u00e4gt ist. Und entspannend, denn die Sarden haben \u201ela dolce far niente\u201c, das s\u00fc\u00dfe Nichtstun, perfektioniert. Lassen Sie sich von den Italienern anstecken und verbringen Sie Ihren Wanderurlaub auf Sardinien auf die entspannte Art!<\/p>\n<h4>Highlights der Ostk\u00fcste Sardiniens auf einen Blick:<\/h4>\n<ul>\n<li><strong>Beeindruckende K\u00fcstenwanderungen:<\/strong> Der Osten Sardiniens ist wild und landschaftlich \u00e4u\u00dferst beeindruckend \u2013 die Routen verlaufen \u00fcberwiegend entlang der K\u00fcste und gew\u00e4hren herrliche Ausblicke auf das Meer.<\/li>\n<li><strong>Naturpark Orosei:<\/strong> Sardiniens gr\u00f6\u00dfter Naturpark, der Golfo di Orosei, ist ein landschaftliches Juwel der italienischen Insel. Der m\u00e4chtige Kalkstein ragt fast senkrecht aus dem Meer und bildet markante Wahrzeichen im t\u00fcrkisfarbenen Wasser.<\/li>\n<li><strong>Bezaubernde Macchia:<\/strong> Eine duftende Bl\u00fctenpracht erwartet Sie in den Fr\u00fchlingsmonaten in der Macchia Sardiniens. Zwischen den Fr\u00fchlings- und Herbstbl\u00fcten verstr\u00f6men die Machia-W\u00e4lder den Duft von Rosmarin, Lorbeer und anderen mediterranen Kr\u00e4utern.<\/li>\n<li><strong>Grotta del Bue Marino:<\/strong> Diese Tropfsteinh\u00f6hle liegt am Fu\u00dfe des Supramonte im Golfo di Orosei. Seinen Namen verdankt es der M\u00f6nchsrobbe, die in der H\u00f6he Schutz suchte und auf den Namen Bue Marino getauft wurde. Genie\u00dfen Sie die mystische Atmosph\u00e4re!<\/li>\n<\/ul>\n<p>&nbsp;<\/p>","protected":false},"excerpt":{"rendered":"<p>Was verbinden Sie mit Sardinien? Auf jeden Fall traumhafte Sandstr\u00e4nde, das t\u00fcrkisblaue Meer und laue Sommerabende mit frischer Pasta. Aber Sardinien hat noch mehr zu bieten: Es hat sich zu einem beliebten Reiseziel f\u00fcr Wanderurlaube entwickelt.<\/p>","protected":false},"featured_media":16150,"comment_status":"open","ping_status":"closed","template":"","meta":{"_acf_changed":false,"content-type":"","inline_featured_image":false},"product_brand":[],"product_cat":[302],"product_tag":[760,952,953,965,980,981],"class_list":{"0":"post-16149","1":"product","2":"type-product","3":"status-publish","4":"has-post-thumbnail","6":"tour_country-italy","7":"tour_types-hut-to-hut","8":"tour_types-self-guided","9":"tour_types-family","10":"product_cat-ukategoriseret","11":"product_tag-hiking","12":"product_tag-italy","13":"product_tag-walking","14":"product_tag-ligurian-sea","15":"product_tag-sardinia","16":"product_tag-orosei","17":"pa_duration-7-nights","18":"tour_category-hiking-in-europe","20":"first","21":"instock","22":"downloadable","23":"shipping-taxable","24":"purchasable","25":"product-type-tour"},"acf":[],"yoast_head":"<!-- This site is optimized with the Yoast SEO Premium plugin v27.5 (Yoast SEO v27.5) - https:\/\/yoast.com\/product\/yoast-seo-premium-wordpress\/ -->\n<title>Hike Sardinia&#039;s east coast: breathtaking and wild! - Outdoor Europe<\/title>\n<meta name=\"description\" content=\"Experience stunning coastal hikes as you explore Sardinia&#039;s East Coast. Discover breathtaking views and relax in nature&#039;s beauty. \ud83c\udf0a\" \/>\n<meta name=\"robots\" content=\"index, follow, max-snippet:-1, max-image-preview:large, max-video-preview:-1\" \/>\n<link rel=\"canonical\" href=\"https:\/\/outdooreurope.eu\/de\/touren\/wandern-italien-sardinien-naturpark-orosei-selbstgefuhrt\/\" \/>\n<meta property=\"og:locale\" content=\"de_DE\" \/>\n<meta property=\"og:type\" content=\"article\" \/>\n<meta property=\"og:title\" content=\"Hike Sardinia&#039;s east coast: breathtaking and wild!\" \/>\n<meta property=\"og:description\" content=\"What do you associate with Sardinia? Certainly dreamy sandy beaches, the turquoise blue sea and balmy summer evenings eating fresh pasta. But there\u2019s more to Sardinia \u2013 it has become a popular destination for hiking holidays.\" \/>\n<meta property=\"og:url\" content=\"https:\/\/outdooreurope.eu\/de\/touren\/wandern-italien-sardinien-naturpark-orosei-selbstgefuhrt\/\" \/>\n<meta property=\"og:site_name\" content=\"Outdoor Europe\" \/>\n<meta property=\"article:publisher\" content=\"https:\/\/www.facebook.com\/outdooreurope.eu\" \/>\n<meta property=\"article:modified_time\" content=\"2025-03-27T07:05:11+00:00\" \/>\n<meta property=\"og:image\" content=\"https:\/\/outdooreurope.eu\/wp-content\/uploads\/2024\/01\/Untitled-design-28-720x606-1.jpg\" \/>\n\t<meta property=\"og:image:width\" content=\"720\" \/>\n\t<meta property=\"og:image:height\" content=\"606\" \/>\n\t<meta property=\"og:image:type\" content=\"image\/jpeg\" \/>\n<meta name=\"twitter:card\" content=\"summary_large_image\" \/>\n<meta name=\"twitter:label1\" content=\"Preis\" \/>\n\t<meta name=\"twitter:data1\" content=\"&euro;879\" \/>\n\t<meta name=\"twitter:label2\" content=\"Verf\u00fcgbarkeit\" \/>\n\t<meta name=\"twitter:data2\" content=\"Auf Lager\" \/>\n<script type=\"application\/ld+json\" class=\"yoast-schema-graph\">{\"@context\":\"https:\\\/\\\/schema.org\",\"@graph\":[{\"@type\":\"WebPage\",\"@id\":\"https:\\\/\\\/outdooreurope.eu\\\/tours\\\/hiking-italy-sardinia-orosei-nature-park-self-guided\\\/\",\"url\":\"https:\\\/\\\/outdooreurope.eu\\\/tours\\\/hiking-italy-sardinia-orosei-nature-park-self-guided\\\/\",\"name\":\"Hike Sardinia's east coast: breathtaking and wild! - Outdoor Europe\",\"isPartOf\":{\"@id\":\"https:\\\/\\\/outdooreurope.eu\\\/#website\"},\"primaryImageOfPage\":{\"@id\":\"https:\\\/\\\/outdooreurope.eu\\\/tours\\\/hiking-italy-sardinia-orosei-nature-park-self-guided\\\/#primaryimage\"},\"image\":{\"@id\":\"https:\\\/\\\/outdooreurope.eu\\\/tours\\\/hiking-italy-sardinia-orosei-nature-park-self-guided\\\/#primaryimage\"},\"thumbnailUrl\":\"https:\\\/\\\/outdooreurope.eu\\\/wp-content\\\/uploads\\\/2024\\\/01\\\/Untitled-design-28-720x606-1.jpg\",\"datePublished\":\"2024-01-17T10:51:34+00:00\",\"dateModified\":\"2025-03-27T07:05:11+00:00\",\"description\":\"Experience stunning coastal hikes as you explore Sardinia's East Coast. Discover breathtaking views and relax in nature's beauty. \ud83c\udf0a\",\"breadcrumb\":{\"@id\":\"https:\\\/\\\/outdooreurope.eu\\\/tours\\\/hiking-italy-sardinia-orosei-nature-park-self-guided\\\/#breadcrumb\"},\"inLanguage\":\"de\",\"potentialAction\":[{\"@type\":\"ReadAction\",\"target\":[\"https:\\\/\\\/outdooreurope.eu\\\/tours\\\/hiking-italy-sardinia-orosei-nature-park-self-guided\\\/\"]}]},{\"@type\":\"ImageObject\",\"inLanguage\":\"de\",\"@id\":\"https:\\\/\\\/outdooreurope.eu\\\/tours\\\/hiking-italy-sardinia-orosei-nature-park-self-guided\\\/#primaryimage\",\"url\":\"https:\\\/\\\/outdooreurope.eu\\\/wp-content\\\/uploads\\\/2024\\\/01\\\/Untitled-design-28-720x606-1.jpg\",\"contentUrl\":\"https:\\\/\\\/outdooreurope.eu\\\/wp-content\\\/uploads\\\/2024\\\/01\\\/Untitled-design-28-720x606-1.jpg\",\"width\":720,\"height\":606},{\"@type\":\"BreadcrumbList\",\"@id\":\"https:\\\/\\\/outdooreurope.eu\\\/tours\\\/hiking-italy-sardinia-orosei-nature-park-self-guided\\\/#breadcrumb\",\"itemListElement\":[{\"@type\":\"ListItem\",\"position\":1,\"name\":\"Hjem\",\"item\":\"https:\\\/\\\/outdooreurope.eu\\\/\"},{\"@type\":\"ListItem\",\"position\":2,\"name\":\"Shop\",\"item\":\"https:\\\/\\\/outdooreurope.eu\\\/shop\\\/\"},{\"@type\":\"ListItem\",\"position\":3,\"name\":\"Hike Sardinia&#8217;s east coast: breathtaking and wild!\"}]},{\"@type\":\"WebSite\",\"@id\":\"https:\\\/\\\/outdooreurope.eu\\\/#website\",\"url\":\"https:\\\/\\\/outdooreurope.eu\\\/\",\"name\":\"Outdoor Europe\",\"description\":\"Hiking In Europe I Join the trail\",\"potentialAction\":[{\"@type\":\"SearchAction\",\"target\":{\"@type\":\"EntryPoint\",\"urlTemplate\":\"https:\\\/\\\/outdooreurope.eu\\\/?s={search_term_string}\"},\"query-input\":{\"@type\":\"PropertyValueSpecification\",\"valueRequired\":true,\"valueName\":\"search_term_string\"}}],\"inLanguage\":\"de\"}]}<\/script>\n<meta property=\"product:price:amount\" content=\"879\" \/>\n<meta property=\"product:price:currency\" content=\"EUR\" \/>\n<meta property=\"og:availability\" content=\"instock\" \/>\n<meta property=\"product:availability\" content=\"instock\" \/>\n<meta property=\"product:retailer_item_id\" content=\"16149\" \/>\n<meta property=\"product:condition\" content=\"new\" \/>\n<!-- \/ Yoast SEO Premium plugin. -->","yoast_head_json":{"title":"Wandern Sie an Sardiniens Ostk\u00fcste: atemberaubend und wild! - Outdoor Europe","description":"Erleben Sie atemberaubende K\u00fcstenwanderungen an der Ostk\u00fcste Sardiniens. Entdecken Sie atemberaubende Ausblicke und entspannen Sie in der Sch\u00f6nheit der Natur. \ud83c\udf0a","robots":{"index":"index","follow":"follow","max-snippet":"max-snippet:-1","max-image-preview":"max-image-preview:large","max-video-preview":"max-video-preview:-1"},"canonical":"https:\/\/outdooreurope.eu\/de\/touren\/wandern-italien-sardinien-naturpark-orosei-selbstgefuhrt\/","og_locale":"de_DE","og_type":"article","og_title":"Hike Sardinia's east coast: breathtaking and wild!","og_description":"What do you associate with Sardinia? Certainly dreamy sandy beaches, the turquoise blue sea and balmy summer evenings eating fresh pasta. But there\u2019s more to Sardinia \u2013 it has become a popular destination for hiking holidays.","og_url":"https:\/\/outdooreurope.eu\/de\/touren\/wandern-italien-sardinien-naturpark-orosei-selbstgefuhrt\/","og_site_name":"Outdoor Europe","article_publisher":"https:\/\/www.facebook.com\/outdooreurope.eu","article_modified_time":"2025-03-27T07:05:11+00:00","og_image":[{"width":720,"height":606,"url":"https:\/\/outdooreurope.eu\/wp-content\/uploads\/2024\/01\/Untitled-design-28-720x606-1.jpg","type":"image\/jpeg"}],"twitter_card":"summary_large_image","twitter_misc":{"Preis":"&euro;879","Verf\u00fcgbarkeit":"Auf Lager"},"schema":{"@context":"https:\/\/schema.org","@graph":[{"@type":"WebPage","@id":"https:\/\/outdooreurope.eu\/tours\/hiking-italy-sardinia-orosei-nature-park-self-guided\/","url":"https:\/\/outdooreurope.eu\/tours\/hiking-italy-sardinia-orosei-nature-park-self-guided\/","name":"Wandern Sie an Sardiniens Ostk\u00fcste: atemberaubend und wild! - Outdoor Europe","isPartOf":{"@id":"https:\/\/outdooreurope.eu\/#website"},"primaryImageOfPage":{"@id":"https:\/\/outdooreurope.eu\/tours\/hiking-italy-sardinia-orosei-nature-park-self-guided\/#primaryimage"},"image":{"@id":"https:\/\/outdooreurope.eu\/tours\/hiking-italy-sardinia-orosei-nature-park-self-guided\/#primaryimage"},"thumbnailUrl":"https:\/\/outdooreurope.eu\/wp-content\/uploads\/2024\/01\/Untitled-design-28-720x606-1.jpg","datePublished":"2024-01-17T10:51:34+00:00","dateModified":"2025-03-27T07:05:11+00:00","description":"Erleben Sie atemberaubende K\u00fcstenwanderungen an der Ostk\u00fcste Sardiniens. Entdecken Sie atemberaubende Ausblicke und entspannen Sie in der Sch\u00f6nheit der Natur. \ud83c\udf0a","breadcrumb":{"@id":"https:\/\/outdooreurope.eu\/tours\/hiking-italy-sardinia-orosei-nature-park-self-guided\/#breadcrumb"},"inLanguage":"de","potentialAction":[{"@type":"ReadAction","target":["https:\/\/outdooreurope.eu\/tours\/hiking-italy-sardinia-orosei-nature-park-self-guided\/"]}]},{"@type":"ImageObject","inLanguage":"de","@id":"https:\/\/outdooreurope.eu\/tours\/hiking-italy-sardinia-orosei-nature-park-self-guided\/#primaryimage","url":"https:\/\/outdooreurope.eu\/wp-content\/uploads\/2024\/01\/Untitled-design-28-720x606-1.jpg","contentUrl":"https:\/\/outdooreurope.eu\/wp-content\/uploads\/2024\/01\/Untitled-design-28-720x606-1.jpg","width":720,"height":606},{"@type":"BreadcrumbList","@id":"https:\/\/outdooreurope.eu\/tours\/hiking-italy-sardinia-orosei-nature-park-self-guided\/#breadcrumb","itemListElement":[{"@type":"ListItem","position":1,"name":"Hjem","item":"https:\/\/outdooreurope.eu\/"},{"@type":"ListItem","position":2,"name":"Shop","item":"https:\/\/outdooreurope.eu\/shop\/"},{"@type":"ListItem","position":3,"name":"Hike Sardinia&#8217;s east coast: breathtaking and wild!"}]},{"@type":"WebSite","@id":"https:\/\/outdooreurope.eu\/#website","url":"https:\/\/outdooreurope.eu\/","name":"Outdoor Europa","description":"Wandern in Europa I Folgen Sie der Spur","potentialAction":[{"@type":"SearchAction","target":{"@type":"EntryPoint","urlTemplate":"https:\/\/outdooreurope.eu\/?s={search_term_string}"},"query-input":{"@type":"PropertyValueSpecification","valueRequired":true,"valueName":"search_term_string"}}],"inLanguage":"de"}]},"product_price_amount":"879","product_price_currency":"EUR","og_availability":"instock","product_availability":"instock","product_retailer_item_id":"16149","product_condition":"new"},"_links":{"self":[{"href":"https:\/\/outdooreurope.eu\/de\/wp-json\/wp\/v2\/product\/16149","targetHints":{"allow":["GET"]}}],"collection":[{"href":"https:\/\/outdooreurope.eu\/de\/wp-json\/wp\/v2\/product"}],"about":[{"href":"https:\/\/outdooreurope.eu\/de\/wp-json\/wp\/v2\/types\/product"}],"replies":[{"embeddable":true,"href":"https:\/\/outdooreurope.eu\/de\/wp-json\/wp\/v2\/comments?post=16149"}],"wp:featuredmedia":[{"embeddable":true,"href":"https:\/\/outdooreurope.eu\/de\/wp-json\/wp\/v2\/media\/16150"}],"wp:attachment":[{"href":"https:\/\/outdooreurope.eu\/de\/wp-json\/wp\/v2\/media?parent=16149"}],"wp:term":[{"taxonomy":"product_brand","embeddable":true,"href":"https:\/\/outdooreurope.eu\/de\/wp-json\/wp\/v2\/product_brand?post=16149"},{"taxonomy":"product_cat","embeddable":true,"href":"https:\/\/outdooreurope.eu\/de\/wp-json\/wp\/v2\/product_cat?post=16149"},{"taxonomy":"product_tag","embeddable":true,"href":"https:\/\/outdooreurope.eu\/de\/wp-json\/wp\/v2\/product_tag?post=16149"}],"curies":[{"name":"wp","href":"https:\/\/api.w.org\/{rel}","templated":true}]}}