{"id":16322,"date":"2024-01-17T15:03:37","date_gmt":"2024-01-17T14:03:37","guid":{"rendered":"https:\/\/outdooreurope.eu\/?post_type=product&#038;p=16322"},"modified":"2025-12-26T19:49:05","modified_gmt":"2025-12-26T18:49:05","slug":"wandern-italien-lys-tal-selbstgefuhrt","status":"publish","type":"product","link":"https:\/\/outdooreurope.eu\/de\/tours\/hiking-italy-lys-valley-selfguided\/","title":{"rendered":"Wandern Sie durch das Lystal: zwischen Weinbergen und Gletschern"},"content":{"rendered":"<ul>\n<li>Wandern Sie durch das Lystal. Zwischen Weinbergen und den Gletschern des Monterosa auf dieser atemberaubenden Route.<\/li>\n<li>Dies ist unsere beliebteste Tour und das aus gutem Grund:<\/li>\n<li>Die Kombination aus hervorragendem Service und alpiner Sch\u00f6nheit macht dies zu einem einzigartigen Erlebnis f\u00fcr alle Wanderer.<\/li>\n<li>Auf dieser Strecke betritt man offiziell das Land der Walser: Die charakteristischen Holzchalets und die von dieser uralten Kultur gepr\u00e4gte Natur hat man teilweise schon am Abstieg des sch\u00f6nen Vallone de Loo gesehen. In der Ferne sehen Sie jetzt die schneebedeckten Gipfel des Monte-Rosa-Massivs.<\/li>\n<\/ul>","protected":false},"excerpt":{"rendered":"<p>Produkt-Kurzbeschreibung<\/p>","protected":false},"featured_media":16974,"comment_status":"open","ping_status":"closed","template":"","meta":{"_acf_changed":false,"content-type":"","inline_featured_image":false},"product_brand":[],"product_cat":[928],"product_tag":[760],"class_list":{"0":"post-16322","1":"product","2":"type-product","3":"status-publish","4":"has-post-thumbnail","6":"tour_country-italy","7":"tour_types-dog-friendly","8":"tour_types-hut-to-hut","9":"tour_types-self-guided","10":"tour_types-family","11":"tour_types-private-groups","12":"product_cat-test-tourcat","13":"product_tag-hiking","14":"pa_duration-4-to-8-nights","15":"tour_category-hiking-in-europe","17":"first","18":"instock","19":"shipping-taxable","20":"purchasable","21":"product-type-tour"},"acf":[],"yoast_head":"<!-- This site is optimized with the Yoast SEO Premium plugin v27.5 (Yoast SEO v27.5) - https:\/\/yoast.com\/product\/yoast-seo-premium-wordpress\/ -->\n<title>Hike the Lys Valley: between vineyards and glaciers - Outdoor Europe<\/title>\n<meta name=\"description\" content=\"Hike the lys valley. A spectacular trek past vineyards and glaciers to the mighty Monte Rosa. Five to nine days - with luggage transfer.\" \/>\n<meta name=\"robots\" content=\"index, follow, max-snippet:-1, max-image-preview:large, max-video-preview:-1\" \/>\n<link rel=\"canonical\" href=\"https:\/\/outdooreurope.eu\/de\/touren\/wandern-italien-lys-tal-selbstgefuhrt\/\" \/>\n<meta property=\"og:locale\" content=\"de_DE\" \/>\n<meta property=\"og:type\" content=\"article\" \/>\n<meta property=\"og:title\" content=\"Hike the Lys Valley: between vineyards and glaciers\" \/>\n<meta property=\"og:description\" content=\"product short description\" \/>\n<meta property=\"og:url\" content=\"https:\/\/outdooreurope.eu\/de\/touren\/wandern-italien-lys-tal-selbstgefuhrt\/\" \/>\n<meta property=\"og:site_name\" content=\"Outdoor Europe\" \/>\n<meta property=\"article:publisher\" content=\"https:\/\/www.facebook.com\/outdooreurope.eu\" \/>\n<meta property=\"article:modified_time\" content=\"2025-12-26T18:49:05+00:00\" \/>\n<meta property=\"og:image\" content=\"https:\/\/outdooreurope.eu\/wp-content\/uploads\/2024\/01\/Skaermbillede-2024-01-29-kl.-21.05.11.png\" \/>\n\t<meta property=\"og:image:width\" content=\"1280\" \/>\n\t<meta property=\"og:image:height\" content=\"695\" \/>\n\t<meta property=\"og:image:type\" content=\"image\/png\" \/>\n<meta name=\"twitter:card\" content=\"summary_large_image\" \/>\n<meta name=\"twitter:label1\" content=\"Preis\" \/>\n\t<meta name=\"twitter:data1\" content=\"&euro;685\" \/>\n\t<meta name=\"twitter:label2\" content=\"Verf\u00fcgbarkeit\" \/>\n\t<meta name=\"twitter:data2\" content=\"Auf Lager\" \/>\n<script type=\"application\/ld+json\" class=\"yoast-schema-graph\">{\"@context\":\"https:\\\/\\\/schema.org\",\"@graph\":[{\"@type\":\"WebPage\",\"@id\":\"https:\\\/\\\/outdooreurope.eu\\\/tours\\\/hiking-italy-lys-valley-selfguided\\\/\",\"url\":\"https:\\\/\\\/outdooreurope.eu\\\/tours\\\/hiking-italy-lys-valley-selfguided\\\/\",\"name\":\"Hike the Lys Valley: between vineyards and glaciers - Outdoor Europe\",\"isPartOf\":{\"@id\":\"https:\\\/\\\/outdooreurope.eu\\\/#website\"},\"primaryImageOfPage\":{\"@id\":\"https:\\\/\\\/outdooreurope.eu\\\/tours\\\/hiking-italy-lys-valley-selfguided\\\/#primaryimage\"},\"image\":{\"@id\":\"https:\\\/\\\/outdooreurope.eu\\\/tours\\\/hiking-italy-lys-valley-selfguided\\\/#primaryimage\"},\"thumbnailUrl\":\"https:\\\/\\\/outdooreurope.eu\\\/wp-content\\\/uploads\\\/2024\\\/01\\\/Skaermbillede-2024-01-29-kl.-21.05.11.png\",\"datePublished\":\"2024-01-17T14:03:37+00:00\",\"dateModified\":\"2025-12-26T18:49:05+00:00\",\"description\":\"Hike the lys valley. A spectacular trek past vineyards and glaciers to the mighty Monte Rosa. Five to nine days - with luggage transfer.\",\"breadcrumb\":{\"@id\":\"https:\\\/\\\/outdooreurope.eu\\\/tours\\\/hiking-italy-lys-valley-selfguided\\\/#breadcrumb\"},\"inLanguage\":\"de\",\"potentialAction\":[{\"@type\":\"ReadAction\",\"target\":[\"https:\\\/\\\/outdooreurope.eu\\\/tours\\\/hiking-italy-lys-valley-selfguided\\\/\"]}]},{\"@type\":\"ImageObject\",\"inLanguage\":\"de\",\"@id\":\"https:\\\/\\\/outdooreurope.eu\\\/tours\\\/hiking-italy-lys-valley-selfguided\\\/#primaryimage\",\"url\":\"https:\\\/\\\/outdooreurope.eu\\\/wp-content\\\/uploads\\\/2024\\\/01\\\/Skaermbillede-2024-01-29-kl.-21.05.11.png\",\"contentUrl\":\"https:\\\/\\\/outdooreurope.eu\\\/wp-content\\\/uploads\\\/2024\\\/01\\\/Skaermbillede-2024-01-29-kl.-21.05.11.png\",\"width\":1280,\"height\":695},{\"@type\":\"BreadcrumbList\",\"@id\":\"https:\\\/\\\/outdooreurope.eu\\\/tours\\\/hiking-italy-lys-valley-selfguided\\\/#breadcrumb\",\"itemListElement\":[{\"@type\":\"ListItem\",\"position\":1,\"name\":\"Hjem\",\"item\":\"https:\\\/\\\/outdooreurope.eu\\\/\"},{\"@type\":\"ListItem\",\"position\":2,\"name\":\"Shop\",\"item\":\"https:\\\/\\\/outdooreurope.eu\\\/shop\\\/\"},{\"@type\":\"ListItem\",\"position\":3,\"name\":\"Hike the Lys Valley: between vineyards and glaciers\"}]},{\"@type\":\"WebSite\",\"@id\":\"https:\\\/\\\/outdooreurope.eu\\\/#website\",\"url\":\"https:\\\/\\\/outdooreurope.eu\\\/\",\"name\":\"Outdoor Europe\",\"description\":\"Hiking In Europe I Join the trail\",\"potentialAction\":[{\"@type\":\"SearchAction\",\"target\":{\"@type\":\"EntryPoint\",\"urlTemplate\":\"https:\\\/\\\/outdooreurope.eu\\\/?s={search_term_string}\"},\"query-input\":{\"@type\":\"PropertyValueSpecification\",\"valueRequired\":true,\"valueName\":\"search_term_string\"}}],\"inLanguage\":\"de\"}]}<\/script>\n<meta property=\"product:price:amount\" content=\"685\" \/>\n<meta property=\"product:price:currency\" content=\"EUR\" \/>\n<meta property=\"og:availability\" content=\"instock\" \/>\n<meta property=\"product:availability\" content=\"instock\" \/>\n<meta property=\"product:retailer_item_id\" content=\"16322\" \/>\n<meta property=\"product:condition\" content=\"new\" \/>\n<!-- \/ Yoast SEO Premium plugin. -->","yoast_head_json":{"title":"Wandern Sie durch das Lystal: zwischen Weinbergen und Gletschern - Outdoor Europe","description":"Wandern Sie durch das Lystal. Eine spektakul\u00e4re Wanderung vorbei an Weinbergen und Gletschern zum m\u00e4chtigen Monte Rosa. F\u00fcnf bis neun Tage \u2013 mit Gep\u00e4cktransfer.","robots":{"index":"index","follow":"follow","max-snippet":"max-snippet:-1","max-image-preview":"max-image-preview:large","max-video-preview":"max-video-preview:-1"},"canonical":"https:\/\/outdooreurope.eu\/de\/touren\/wandern-italien-lys-tal-selbstgefuhrt\/","og_locale":"de_DE","og_type":"article","og_title":"Hike the Lys Valley: between vineyards and glaciers","og_description":"product short description","og_url":"https:\/\/outdooreurope.eu\/de\/touren\/wandern-italien-lys-tal-selbstgefuhrt\/","og_site_name":"Outdoor Europe","article_publisher":"https:\/\/www.facebook.com\/outdooreurope.eu","article_modified_time":"2025-12-26T18:49:05+00:00","og_image":[{"width":1280,"height":695,"url":"https:\/\/outdooreurope.eu\/wp-content\/uploads\/2024\/01\/Skaermbillede-2024-01-29-kl.-21.05.11.png","type":"image\/png"}],"twitter_card":"summary_large_image","twitter_misc":{"Preis":"&euro;685","Verf\u00fcgbarkeit":"Auf Lager"},"schema":{"@context":"https:\/\/schema.org","@graph":[{"@type":"WebPage","@id":"https:\/\/outdooreurope.eu\/tours\/hiking-italy-lys-valley-selfguided\/","url":"https:\/\/outdooreurope.eu\/tours\/hiking-italy-lys-valley-selfguided\/","name":"Wandern Sie durch das Lystal: zwischen Weinbergen und Gletschern - Outdoor Europe","isPartOf":{"@id":"https:\/\/outdooreurope.eu\/#website"},"primaryImageOfPage":{"@id":"https:\/\/outdooreurope.eu\/tours\/hiking-italy-lys-valley-selfguided\/#primaryimage"},"image":{"@id":"https:\/\/outdooreurope.eu\/tours\/hiking-italy-lys-valley-selfguided\/#primaryimage"},"thumbnailUrl":"https:\/\/outdooreurope.eu\/wp-content\/uploads\/2024\/01\/Skaermbillede-2024-01-29-kl.-21.05.11.png","datePublished":"2024-01-17T14:03:37+00:00","dateModified":"2025-12-26T18:49:05+00:00","description":"Wandern Sie durch das Lystal. Eine spektakul\u00e4re Wanderung vorbei an Weinbergen und Gletschern zum m\u00e4chtigen Monte Rosa. F\u00fcnf bis neun Tage \u2013 mit Gep\u00e4cktransfer.","breadcrumb":{"@id":"https:\/\/outdooreurope.eu\/tours\/hiking-italy-lys-valley-selfguided\/#breadcrumb"},"inLanguage":"de","potentialAction":[{"@type":"ReadAction","target":["https:\/\/outdooreurope.eu\/tours\/hiking-italy-lys-valley-selfguided\/"]}]},{"@type":"ImageObject","inLanguage":"de","@id":"https:\/\/outdooreurope.eu\/tours\/hiking-italy-lys-valley-selfguided\/#primaryimage","url":"https:\/\/outdooreurope.eu\/wp-content\/uploads\/2024\/01\/Skaermbillede-2024-01-29-kl.-21.05.11.png","contentUrl":"https:\/\/outdooreurope.eu\/wp-content\/uploads\/2024\/01\/Skaermbillede-2024-01-29-kl.-21.05.11.png","width":1280,"height":695},{"@type":"BreadcrumbList","@id":"https:\/\/outdooreurope.eu\/tours\/hiking-italy-lys-valley-selfguided\/#breadcrumb","itemListElement":[{"@type":"ListItem","position":1,"name":"Hjem","item":"https:\/\/outdooreurope.eu\/"},{"@type":"ListItem","position":2,"name":"Shop","item":"https:\/\/outdooreurope.eu\/shop\/"},{"@type":"ListItem","position":3,"name":"Hike the Lys Valley: between vineyards and glaciers"}]},{"@type":"WebSite","@id":"https:\/\/outdooreurope.eu\/#website","url":"https:\/\/outdooreurope.eu\/","name":"Outdoor Europa","description":"Wandern in Europa I Folgen Sie der Spur","potentialAction":[{"@type":"SearchAction","target":{"@type":"EntryPoint","urlTemplate":"https:\/\/outdooreurope.eu\/?s={search_term_string}"},"query-input":{"@type":"PropertyValueSpecification","valueRequired":true,"valueName":"search_term_string"}}],"inLanguage":"de"}]},"product_price_amount":"685","product_price_currency":"EUR","og_availability":"instock","product_availability":"instock","product_retailer_item_id":"16322","product_condition":"new"},"_links":{"self":[{"href":"https:\/\/outdooreurope.eu\/de\/wp-json\/wp\/v2\/product\/16322","targetHints":{"allow":["GET"]}}],"collection":[{"href":"https:\/\/outdooreurope.eu\/de\/wp-json\/wp\/v2\/product"}],"about":[{"href":"https:\/\/outdooreurope.eu\/de\/wp-json\/wp\/v2\/types\/product"}],"replies":[{"embeddable":true,"href":"https:\/\/outdooreurope.eu\/de\/wp-json\/wp\/v2\/comments?post=16322"}],"wp:featuredmedia":[{"embeddable":true,"href":"https:\/\/outdooreurope.eu\/de\/wp-json\/wp\/v2\/media\/16974"}],"wp:attachment":[{"href":"https:\/\/outdooreurope.eu\/de\/wp-json\/wp\/v2\/media?parent=16322"}],"wp:term":[{"taxonomy":"product_brand","embeddable":true,"href":"https:\/\/outdooreurope.eu\/de\/wp-json\/wp\/v2\/product_brand?post=16322"},{"taxonomy":"product_cat","embeddable":true,"href":"https:\/\/outdooreurope.eu\/de\/wp-json\/wp\/v2\/product_cat?post=16322"},{"taxonomy":"product_tag","embeddable":true,"href":"https:\/\/outdooreurope.eu\/de\/wp-json\/wp\/v2\/product_tag?post=16322"}],"curies":[{"name":"wp","href":"https:\/\/api.w.org\/{rel}","templated":true}]}}