{"id":16357,"date":"2024-01-18T05:46:05","date_gmt":"2024-01-18T04:46:05","guid":{"rendered":"https:\/\/outdooreurope.eu\/?post_type=product&#038;p=16357"},"modified":"2026-01-18T15:20:00","modified_gmt":"2026-01-18T14:20:00","slug":"wandern-in-den-dolomiten-in-italien-mit-gefuhrtem-la-majun-trekking","status":"publish","type":"product","link":"https:\/\/outdooreurope.eu\/de\/tours\/hiking-italy-dolomites-guided-la-majun-trekking\/","title":{"rendered":"Entfliehen Sie in die Dolomiten mit Vier-Sterne-Behandlung im La Majun: einem aktiven Luxus-Retreat"},"content":{"rendered":"<p>Die Dolomiten sind f\u00fcr ihre atemberaubenden Landschaften bekannt und bieten Outdoor-Fans ein fantastisches Ausflugsziel. Ihr Ausgangspunkt, das Boutique-Hotel La Majun, liegt im Herzen von Alta Badia und bietet sowohl im Sommer als auch im Winter einfachen Zugang zu zahlreichen Aktivit\u00e4ten.<\/p>\n<p><strong>Tour-Highlights:<\/strong><\/p>\n<ul>\n<li><strong>Abwechslungsreiche Tagesaktivit\u00e4ten:<\/strong> Jeder Tag bietet eine Vielzahl von Outdoor-Aktivit\u00e4ten, darunter Wandern, Laufen, Radfahren, Klettern oder Schwimmen, sodass Sie ausw\u00e4hlen k\u00f6nnen, was am besten zu Ihnen passt.<\/li>\n<li><strong>Boutique-Luxus:<\/strong> \u00dcbernachten Sie im exklusiven 4-Sterne-Boutique-Hotel La Majun, eingebettet in Alta Badia. Erleben Sie Verw\u00f6hnung und Komfort inmitten der atemberaubenden Dolomiten.<\/li>\n<li><strong>Kulinarische Gen\u00fcsse:<\/strong> G\u00f6nnen Sie sich hochwertige kulinarische Erlebnisse mit exquisiten Speisen, Cocktails und einem entspannenden Spa, um nach Ihren erlebnisreichen Tagen zu entspannen.<\/li>\n<\/ul>\n<p>Im Sommer k\u00f6nnen Sie die Dolomiten auf vielf\u00e4ltige Weise erkunden. W\u00e4hlen Sie zwischen Wandern auf malerischen Wegen, Berglaufen, Erobern von Kletterrouten oder Testen Sie Ihr K\u00f6nnen auf Via Ferrata-Strecken. Wenn Sie eher zum Radfahren neigen, liegen sowohl Mountainbiken als auch Rennradfahren direkt vor Ihrer Haust\u00fcr und bieten abwechslungsreiches Gel\u00e4nde f\u00fcr alle Schwierigkeitsgrade.<\/p>\n<p>&nbsp;<\/p>","protected":false},"excerpt":{"rendered":"<p>Aktiver Luxusurlaub im Boutiquehotel La Majun in den Dolomiten. W\u00e4hlen Sie zwischen Wandern, Klettern, Laufen und Mountainbiken.<\/p>","protected":false},"featured_media":11534,"comment_status":"open","ping_status":"closed","template":"","meta":{"_acf_changed":false,"content-type":"","inline_featured_image":false},"product_brand":[],"product_cat":[302],"product_tag":[751,760,778,779,900],"class_list":{"0":"post-16357","1":"product","2":"type-product","3":"status-publish","4":"has-post-thumbnail","6":"tour_country-italy","7":"tour_destinations-alta-badia","8":"tour_types-family","9":"tour_types-active-hotels-and-retreats","10":"tour_types-bestsellers","11":"product_cat-ukategoriseret","12":"product_tag-trailrunning","13":"product_tag-hiking","14":"product_tag-ski","15":"product_tag-family","16":"product_tag-dolomites","17":"pa_duration-4-nights","18":"tour_category-hiking-in-europe","19":"tour_category-trailrunning-2","20":"tour_category-sking","21":"tour_category-snow-shoeing-in-europe","22":"tour_category-alpinism","24":"first","25":"instock","26":"virtual","27":"purchasable","28":"product-type-tour"},"acf":[],"yoast_head":"<!-- This site is optimized with the Yoast SEO Premium plugin v27.4 (Yoast SEO v27.4) - https:\/\/yoast.com\/product\/yoast-seo-premium-wordpress\/ -->\n<title>Four Star Treatment in the Dolomites \u2013 Book Now - Outdoor Europe<\/title>\n<meta name=\"description\" content=\"Experience unparalleled comfort and activities with our Four Star Treatment in the Dolomites. Discover adventure in the breathtaking Alta Badia!\" \/>\n<meta name=\"robots\" content=\"index, follow, max-snippet:-1, max-image-preview:large, max-video-preview:-1\" \/>\n<link rel=\"canonical\" href=\"https:\/\/outdooreurope.eu\/de\/touren\/wandern-in-den-dolomiten-in-italien-mit-gefuhrtem-la-majun-trekking\/\" \/>\n<meta property=\"og:locale\" content=\"de_DE\" \/>\n<meta property=\"og:type\" content=\"article\" \/>\n<meta property=\"og:title\" content=\"Escape to the Dolomites with four star treatment at La Majun: an active luxury retreat\" \/>\n<meta property=\"og:description\" content=\"Active luxury holiday at boutique hotel La Majun in the Dolomites. Choose between hiking, climbing, running and mountainbiking.\" \/>\n<meta property=\"og:url\" content=\"https:\/\/outdooreurope.eu\/de\/touren\/wandern-in-den-dolomiten-in-italien-mit-gefuhrtem-la-majun-trekking\/\" \/>\n<meta property=\"og:site_name\" content=\"Outdoor Europe\" \/>\n<meta property=\"article:publisher\" content=\"https:\/\/www.facebook.com\/outdooreurope.eu\" \/>\n<meta property=\"article:modified_time\" content=\"2026-01-18T14:20:00+00:00\" \/>\n<meta property=\"og:image\" content=\"https:\/\/outdooreurope.eu\/wp-content\/uploads\/2022\/05\/La-Majun_estive-5-scaled.jpg\" \/>\n\t<meta property=\"og:image:width\" content=\"2560\" \/>\n\t<meta property=\"og:image:height\" content=\"1703\" \/>\n\t<meta property=\"og:image:type\" content=\"image\/jpeg\" \/>\n<meta name=\"twitter:card\" content=\"summary_large_image\" \/>\n<meta name=\"twitter:label1\" content=\"Preis\" \/>\n\t<meta name=\"twitter:data1\" content=\"&euro;980\" \/>\n\t<meta name=\"twitter:label2\" content=\"Verf\u00fcgbarkeit\" \/>\n\t<meta name=\"twitter:data2\" content=\"Auf Lager\" \/>\n<script type=\"application\/ld+json\" class=\"yoast-schema-graph\">{\"@context\":\"https:\\\/\\\/schema.org\",\"@graph\":[{\"@type\":\"WebPage\",\"@id\":\"https:\\\/\\\/outdooreurope.eu\\\/tours\\\/hiking-italy-dolomites-guided-la-majun-trekking\\\/\",\"url\":\"https:\\\/\\\/outdooreurope.eu\\\/tours\\\/hiking-italy-dolomites-guided-la-majun-trekking\\\/\",\"name\":\"Four Star Treatment in the Dolomites \u2013 Book Now - Outdoor Europe\",\"isPartOf\":{\"@id\":\"https:\\\/\\\/outdooreurope.eu\\\/#website\"},\"primaryImageOfPage\":{\"@id\":\"https:\\\/\\\/outdooreurope.eu\\\/tours\\\/hiking-italy-dolomites-guided-la-majun-trekking\\\/#primaryimage\"},\"image\":{\"@id\":\"https:\\\/\\\/outdooreurope.eu\\\/tours\\\/hiking-italy-dolomites-guided-la-majun-trekking\\\/#primaryimage\"},\"thumbnailUrl\":\"https:\\\/\\\/outdooreurope.eu\\\/wp-content\\\/uploads\\\/2022\\\/05\\\/La-Majun_estive-5-scaled.jpg\",\"datePublished\":\"2024-01-18T04:46:05+00:00\",\"dateModified\":\"2026-01-18T14:20:00+00:00\",\"description\":\"Experience unparalleled comfort and activities with our Four Star Treatment in the Dolomites. Discover adventure in the breathtaking Alta Badia!\",\"breadcrumb\":{\"@id\":\"https:\\\/\\\/outdooreurope.eu\\\/tours\\\/hiking-italy-dolomites-guided-la-majun-trekking\\\/#breadcrumb\"},\"inLanguage\":\"de\",\"potentialAction\":[{\"@type\":\"ReadAction\",\"target\":[\"https:\\\/\\\/outdooreurope.eu\\\/tours\\\/hiking-italy-dolomites-guided-la-majun-trekking\\\/\"]}]},{\"@type\":\"ImageObject\",\"inLanguage\":\"de\",\"@id\":\"https:\\\/\\\/outdooreurope.eu\\\/tours\\\/hiking-italy-dolomites-guided-la-majun-trekking\\\/#primaryimage\",\"url\":\"https:\\\/\\\/outdooreurope.eu\\\/wp-content\\\/uploads\\\/2022\\\/05\\\/La-Majun_estive-5-scaled.jpg\",\"contentUrl\":\"https:\\\/\\\/outdooreurope.eu\\\/wp-content\\\/uploads\\\/2022\\\/05\\\/La-Majun_estive-5-scaled.jpg\",\"width\":2560,\"height\":1703},{\"@type\":\"BreadcrumbList\",\"@id\":\"https:\\\/\\\/outdooreurope.eu\\\/tours\\\/hiking-italy-dolomites-guided-la-majun-trekking\\\/#breadcrumb\",\"itemListElement\":[{\"@type\":\"ListItem\",\"position\":1,\"name\":\"Hjem\",\"item\":\"https:\\\/\\\/outdooreurope.eu\\\/\"},{\"@type\":\"ListItem\",\"position\":2,\"name\":\"Shop\",\"item\":\"https:\\\/\\\/outdooreurope.eu\\\/shop\\\/\"},{\"@type\":\"ListItem\",\"position\":3,\"name\":\"Escape to the Dolomites with four star treatment at La Majun: an active luxury retreat\"}]},{\"@type\":\"WebSite\",\"@id\":\"https:\\\/\\\/outdooreurope.eu\\\/#website\",\"url\":\"https:\\\/\\\/outdooreurope.eu\\\/\",\"name\":\"Outdoor Europe\",\"description\":\"Hiking In Europe I Join the trail\",\"potentialAction\":[{\"@type\":\"SearchAction\",\"target\":{\"@type\":\"EntryPoint\",\"urlTemplate\":\"https:\\\/\\\/outdooreurope.eu\\\/?s={search_term_string}\"},\"query-input\":{\"@type\":\"PropertyValueSpecification\",\"valueRequired\":true,\"valueName\":\"search_term_string\"}}],\"inLanguage\":\"de\"}]}<\/script>\n<meta property=\"product:price:amount\" content=\"980\" \/>\n<meta property=\"product:price:currency\" content=\"EUR\" \/>\n<meta property=\"og:availability\" content=\"instock\" \/>\n<meta property=\"product:availability\" content=\"instock\" \/>\n<meta property=\"product:retailer_item_id\" content=\"16357\" \/>\n<meta property=\"product:condition\" content=\"new\" \/>\n<!-- \/ Yoast SEO Premium plugin. -->","yoast_head_json":{"title":"Vier-Sterne-Behandlung in den Dolomiten \u2013 Jetzt buchen - Outdoor Europe","description":"Erleben Sie unvergleichlichen Komfort und Aktivit\u00e4ten mit unserem Vier-Sterne-Service in den Dolomiten. Entdecken Sie Abenteuer im atemberaubenden Alta Badia!","robots":{"index":"index","follow":"follow","max-snippet":"max-snippet:-1","max-image-preview":"max-image-preview:large","max-video-preview":"max-video-preview:-1"},"canonical":"https:\/\/outdooreurope.eu\/de\/touren\/wandern-in-den-dolomiten-in-italien-mit-gefuhrtem-la-majun-trekking\/","og_locale":"de_DE","og_type":"article","og_title":"Escape to the Dolomites with four star treatment at La Majun: an active luxury retreat","og_description":"Active luxury holiday at boutique hotel La Majun in the Dolomites. Choose between hiking, climbing, running and mountainbiking.","og_url":"https:\/\/outdooreurope.eu\/de\/touren\/wandern-in-den-dolomiten-in-italien-mit-gefuhrtem-la-majun-trekking\/","og_site_name":"Outdoor Europe","article_publisher":"https:\/\/www.facebook.com\/outdooreurope.eu","article_modified_time":"2026-01-18T14:20:00+00:00","og_image":[{"width":2560,"height":1703,"url":"https:\/\/outdooreurope.eu\/wp-content\/uploads\/2022\/05\/La-Majun_estive-5-scaled.jpg","type":"image\/jpeg"}],"twitter_card":"summary_large_image","twitter_misc":{"Preis":"&euro;980","Verf\u00fcgbarkeit":"Auf Lager"},"schema":{"@context":"https:\/\/schema.org","@graph":[{"@type":"WebPage","@id":"https:\/\/outdooreurope.eu\/tours\/hiking-italy-dolomites-guided-la-majun-trekking\/","url":"https:\/\/outdooreurope.eu\/tours\/hiking-italy-dolomites-guided-la-majun-trekking\/","name":"Vier-Sterne-Behandlung in den Dolomiten \u2013 Jetzt buchen - Outdoor Europe","isPartOf":{"@id":"https:\/\/outdooreurope.eu\/#website"},"primaryImageOfPage":{"@id":"https:\/\/outdooreurope.eu\/tours\/hiking-italy-dolomites-guided-la-majun-trekking\/#primaryimage"},"image":{"@id":"https:\/\/outdooreurope.eu\/tours\/hiking-italy-dolomites-guided-la-majun-trekking\/#primaryimage"},"thumbnailUrl":"https:\/\/outdooreurope.eu\/wp-content\/uploads\/2022\/05\/La-Majun_estive-5-scaled.jpg","datePublished":"2024-01-18T04:46:05+00:00","dateModified":"2026-01-18T14:20:00+00:00","description":"Erleben Sie unvergleichlichen Komfort und Aktivit\u00e4ten mit unserem Vier-Sterne-Service in den Dolomiten. Entdecken Sie Abenteuer im atemberaubenden Alta Badia!","breadcrumb":{"@id":"https:\/\/outdooreurope.eu\/tours\/hiking-italy-dolomites-guided-la-majun-trekking\/#breadcrumb"},"inLanguage":"de","potentialAction":[{"@type":"ReadAction","target":["https:\/\/outdooreurope.eu\/tours\/hiking-italy-dolomites-guided-la-majun-trekking\/"]}]},{"@type":"ImageObject","inLanguage":"de","@id":"https:\/\/outdooreurope.eu\/tours\/hiking-italy-dolomites-guided-la-majun-trekking\/#primaryimage","url":"https:\/\/outdooreurope.eu\/wp-content\/uploads\/2022\/05\/La-Majun_estive-5-scaled.jpg","contentUrl":"https:\/\/outdooreurope.eu\/wp-content\/uploads\/2022\/05\/La-Majun_estive-5-scaled.jpg","width":2560,"height":1703},{"@type":"BreadcrumbList","@id":"https:\/\/outdooreurope.eu\/tours\/hiking-italy-dolomites-guided-la-majun-trekking\/#breadcrumb","itemListElement":[{"@type":"ListItem","position":1,"name":"Hjem","item":"https:\/\/outdooreurope.eu\/"},{"@type":"ListItem","position":2,"name":"Shop","item":"https:\/\/outdooreurope.eu\/shop\/"},{"@type":"ListItem","position":3,"name":"Escape to the Dolomites with four star treatment at La Majun: an active luxury retreat"}]},{"@type":"WebSite","@id":"https:\/\/outdooreurope.eu\/#website","url":"https:\/\/outdooreurope.eu\/","name":"Outdoor Europa","description":"Wandern in Europa I Folgen Sie der Spur","potentialAction":[{"@type":"SearchAction","target":{"@type":"EntryPoint","urlTemplate":"https:\/\/outdooreurope.eu\/?s={search_term_string}"},"query-input":{"@type":"PropertyValueSpecification","valueRequired":true,"valueName":"search_term_string"}}],"inLanguage":"de"}]},"product_price_amount":"980","product_price_currency":"EUR","og_availability":"instock","product_availability":"instock","product_retailer_item_id":"16357","product_condition":"new"},"_links":{"self":[{"href":"https:\/\/outdooreurope.eu\/de\/wp-json\/wp\/v2\/product\/16357","targetHints":{"allow":["GET"]}}],"collection":[{"href":"https:\/\/outdooreurope.eu\/de\/wp-json\/wp\/v2\/product"}],"about":[{"href":"https:\/\/outdooreurope.eu\/de\/wp-json\/wp\/v2\/types\/product"}],"replies":[{"embeddable":true,"href":"https:\/\/outdooreurope.eu\/de\/wp-json\/wp\/v2\/comments?post=16357"}],"wp:featuredmedia":[{"embeddable":true,"href":"https:\/\/outdooreurope.eu\/de\/wp-json\/wp\/v2\/media\/11534"}],"wp:attachment":[{"href":"https:\/\/outdooreurope.eu\/de\/wp-json\/wp\/v2\/media?parent=16357"}],"wp:term":[{"taxonomy":"product_brand","embeddable":true,"href":"https:\/\/outdooreurope.eu\/de\/wp-json\/wp\/v2\/product_brand?post=16357"},{"taxonomy":"product_cat","embeddable":true,"href":"https:\/\/outdooreurope.eu\/de\/wp-json\/wp\/v2\/product_cat?post=16357"},{"taxonomy":"product_tag","embeddable":true,"href":"https:\/\/outdooreurope.eu\/de\/wp-json\/wp\/v2\/product_tag?post=16357"}],"curies":[{"name":"wp","href":"https:\/\/api.w.org\/{rel}","templated":true}]}}