{"id":16392,"date":"2024-01-18T06:18:53","date_gmt":"2024-01-18T05:18:53","guid":{"rendered":"https:\/\/outdooreurope.eu\/?post_type=product&#038;p=16392"},"modified":"2025-02-03T11:11:28","modified_gmt":"2025-02-03T10:11:28","slug":"skitouren-italien-dolomiten-alta-badia-hotel-la-majun","status":"publish","type":"product","link":"https:\/\/outdooreurope.eu\/de\/tours\/ski-touring-italy-dolomites-alta-badia-hotel-la-majun\/","title":{"rendered":"Skivergn\u00fcgen im Herzen der Dolomiten"},"content":{"rendered":"<p><strong>Ski-Extravaganz im Herzen der Dolomiten: Genie\u00dfen Sie eine Woche alpiner Abenteuer in Alta Badia mit luxuri\u00f6sen Aufenthalten im La Majun Boutique Hotel<\/strong><\/p>\n<p>Alta Badia, eingebettet im Herzen der Dolomiten, bietet eine Woche aufregendes Skifahren und gro\u00dfz\u00fcgigen Komfort. Ihr Ausgangspunkt f\u00fcr dieses Abenteuer ist La Majun, ein luxuri\u00f6ses 4-Sterne-Boutique-Hotel mit einem einladenden Spa, g\u00fcnstig gelegen, nur einen kurzen Spaziergang von den Pisten entfernt.<\/p>\n<p><strong>Tour-Highlights:<\/strong><\/p>\n<ul>\n<li><strong>Vielseitige Pisten f\u00fcr alle:<\/strong> Alta Badia richtet sich an Skifahrer jeden Alters und K\u00f6nnens. Von anf\u00e4ngerfreundlichen Pisten f\u00fcr die Kleinen bis hin zu anspruchsvollen Pisten f\u00fcr erfahrenere Skifahrer finden Sie die perfekten Pisten, die Ihren Vorlieben und Ihrem K\u00f6nnen entsprechen.<\/li>\n<li><strong>Skitouren- und Freeride-Abenteuer:<\/strong> Neben pr\u00e4parierten Pisten ist Alta Badia f\u00fcr sein au\u00dfergew\u00f6hnliches Skitouren- und Freeride-Gel\u00e4nde bekannt. Lokale Guides stellen das ideale Skitouren- oder Freeride-Erlebnis f\u00fcr Sie, Ihre Familie und Freunde zusammen. Fortgeschrittene Skifahrer k\u00f6nnen sogar einen pers\u00f6nlichen Guide hinzubuchen oder sich f\u00fcr eine spannende Skisafari durch die Dolomiten entscheiden.<\/li>\n<\/ul>\n<p><strong>Skifahren in Alta Badia<\/strong><\/p>\n<p>Outdoor Italy ist st\u00e4ndig auf der Suche nach den besten Skigebieten und Alta Badia zeichnet sich durch seine Vielf\u00e4ltigkeit und sein umfangreiches Angebot aus. Eingebettet im Herzen der Dolomiten verspricht diese malerische Region eine Woche aufregenden Skifahrens kombiniert mit \u00fcppigem Luxus, alles rund um das stilvolle La Majun, Ihr 4-Sterne-Boutique-Hotel mit einladendem Spa. Nur einen Steinwurf von den Pisten entfernt trifft hier die Essenz des Skifahrens auf den Gipfel des Komforts.<\/p>\n<p>Alta Badia ist stolz darauf, Skifahrern aller Art gerecht zu werden. Von sanften, anf\u00e4ngerfreundlichen Pisten, perfekt f\u00fcr die Kleinen, bis hin zu anspruchsvollen Abfahrten f\u00fcr erfahrenere Skifahrer \u2013 Sie finden die idealen Pisten, die Ihren W\u00fcnschen und Ihrem K\u00f6nnen entsprechen. Die atemberaubende Alpenlandschaft bietet eine idyllische Kulisse f\u00fcr Winterabenteuer.<\/p>\n<p>Der Reiz von Alta Badia geht jedoch \u00fcber die pr\u00e4parierten Pisten hinaus. Es ist auch f\u00fcr seine au\u00dfergew\u00f6hnlichen Skitouren- und Freeride-M\u00f6glichkeiten bekannt. Hier haben Sie die M\u00f6glichkeit, unber\u00fchrtes Gel\u00e4nde zu erkunden, dem Nervenkitzel des Skifahrens abseits der Pisten nachzujagen und das Hinterland m\u00fchelos zu durchqueren. Um sicherzustellen, dass Sie das Beste aus diesen aufregenden Erlebnissen machen, sorgt unsere Zusammenarbeit mit lokalen Reisef\u00fchrern daf\u00fcr, dass Sie w\u00e4hrend Ihrer Tour fachkundige F\u00fchrung und Sicherheit erhalten. Die \u00f6rtlichen Guides passen Ihr Skitouren- oder Freeride-Abenteuer individuell an die Bed\u00fcrfnisse Ihrer Gruppe an und sorgen daf\u00fcr, dass Sie eine unvergessliche Reise auf den Pisten erleben.<\/p>\n<p>F\u00fcr diejenigen mit fortgeschrittenen F\u00e4higkeiten und einer Vorliebe f\u00fcr Erkundungen erwartet Sie die M\u00f6glichkeit, Ihren pers\u00f6nlichen Reiseleiter hinzuzuziehen oder an einer Skisafari teilzunehmen, was Ihrem Skierlebnis in den Dolomiten eine zus\u00e4tzliche Ebene der Individualisierung verleiht.<\/p>\n<p>Fahren Sie mit Outdoor Italy stilvoll durch die Dolomiten und begeben Sie sich auf eine Woche voller alpiner Gl\u00fcckseligkeit, in der die Sch\u00f6nheit der Berge auf den Luxus von La Majun trifft und unvergessliche Erinnerungen im Herzen von Alta Badia schafft.<\/p>","protected":false},"excerpt":{"rendered":"<p>Luxus-Skiurlaub im Herzen der Dolomiten. \u00dcbernachten Sie in einem 4-Sterne-Spa-Hotel, nur wenige Gehminuten von den Pisten entfernt. Privatf\u00fchrer verf\u00fcgbar.<\/p>","protected":false},"featured_media":16393,"comment_status":"open","ping_status":"closed","template":"","meta":{"_acf_changed":false,"content-type":"","inline_featured_image":false},"product_brand":[],"product_cat":[302],"product_tag":[],"class_list":{"0":"post-16392","1":"product","2":"type-product","3":"status-publish","4":"has-post-thumbnail","6":"tour_country-italy","7":"tour_destinations-alta-badia","8":"product_cat-ukategoriseret","9":"tour_category-sking","11":"first","12":"instock","13":"virtual","14":"purchasable","15":"product-type-tour"},"acf":[],"yoast_head":"<!-- This site is optimized with the Yoast SEO Premium plugin v27.6 (Yoast SEO v27.6) - https:\/\/yoast.com\/product\/yoast-seo-premium-wordpress\/ -->\n<title>Skiing extravaganza in the heart of the dolomites - Outdoor Europe<\/title>\n<meta name=\"robots\" content=\"index, follow, max-snippet:-1, max-image-preview:large, max-video-preview:-1\" \/>\n<link rel=\"canonical\" href=\"https:\/\/outdooreurope.eu\/de\/touren\/skitouren-italien-dolomiten-alta-badia-hotel-la-majun\/\" \/>\n<meta property=\"og:locale\" content=\"de_DE\" \/>\n<meta property=\"og:type\" content=\"article\" \/>\n<meta property=\"og:title\" content=\"Skiing extravaganza in the heart of the dolomites\" \/>\n<meta property=\"og:description\" content=\"Luxury skiing holiday in the heart of the Dolomites. Stay in a 4 star Spa hotel, just a short walk from the slopes. Private guide available.\" \/>\n<meta property=\"og:url\" content=\"https:\/\/outdooreurope.eu\/de\/touren\/skitouren-italien-dolomiten-alta-badia-hotel-la-majun\/\" \/>\n<meta property=\"og:site_name\" content=\"Outdoor Europe\" \/>\n<meta property=\"article:publisher\" content=\"https:\/\/www.facebook.com\/outdooreurope.eu\" \/>\n<meta property=\"article:modified_time\" content=\"2025-02-03T10:11:28+00:00\" \/>\n<meta property=\"og:image\" content=\"https:\/\/outdooreurope.eu\/wp-content\/uploads\/2024\/01\/freeride-skier-extreme-winter-spots-man-in-helme-2021-10-29-20-25-46-utc-scaled-720x606-1.jpg\" \/>\n\t<meta property=\"og:image:width\" content=\"720\" \/>\n\t<meta property=\"og:image:height\" content=\"606\" \/>\n\t<meta property=\"og:image:type\" content=\"image\/jpeg\" \/>\n<meta name=\"twitter:card\" content=\"summary_large_image\" \/>\n<meta name=\"twitter:label1\" content=\"Preis\" \/>\n\t<meta name=\"twitter:data1\" content=\"&euro;2,195\" \/>\n\t<meta name=\"twitter:label2\" content=\"Verf\u00fcgbarkeit\" \/>\n\t<meta name=\"twitter:data2\" content=\"Auf Lager\" \/>\n<script type=\"application\/ld+json\" class=\"yoast-schema-graph\">{\"@context\":\"https:\\\/\\\/schema.org\",\"@graph\":[{\"@type\":\"WebPage\",\"@id\":\"https:\\\/\\\/outdooreurope.eu\\\/tours\\\/ski-touring-italy-dolomites-alta-badia-hotel-la-majun\\\/\",\"url\":\"https:\\\/\\\/outdooreurope.eu\\\/tours\\\/ski-touring-italy-dolomites-alta-badia-hotel-la-majun\\\/\",\"name\":\"Skiing extravaganza in the heart of the dolomites - Outdoor Europe\",\"isPartOf\":{\"@id\":\"https:\\\/\\\/outdooreurope.eu\\\/#website\"},\"primaryImageOfPage\":{\"@id\":\"https:\\\/\\\/outdooreurope.eu\\\/tours\\\/ski-touring-italy-dolomites-alta-badia-hotel-la-majun\\\/#primaryimage\"},\"image\":{\"@id\":\"https:\\\/\\\/outdooreurope.eu\\\/tours\\\/ski-touring-italy-dolomites-alta-badia-hotel-la-majun\\\/#primaryimage\"},\"thumbnailUrl\":\"https:\\\/\\\/outdooreurope.eu\\\/wp-content\\\/uploads\\\/2024\\\/01\\\/freeride-skier-extreme-winter-spots-man-in-helme-2021-10-29-20-25-46-utc-scaled-720x606-1.jpg\",\"datePublished\":\"2024-01-18T05:18:53+00:00\",\"dateModified\":\"2025-02-03T10:11:28+00:00\",\"breadcrumb\":{\"@id\":\"https:\\\/\\\/outdooreurope.eu\\\/tours\\\/ski-touring-italy-dolomites-alta-badia-hotel-la-majun\\\/#breadcrumb\"},\"inLanguage\":\"de\",\"potentialAction\":[{\"@type\":\"ReadAction\",\"target\":[\"https:\\\/\\\/outdooreurope.eu\\\/tours\\\/ski-touring-italy-dolomites-alta-badia-hotel-la-majun\\\/\"]}]},{\"@type\":\"ImageObject\",\"inLanguage\":\"de\",\"@id\":\"https:\\\/\\\/outdooreurope.eu\\\/tours\\\/ski-touring-italy-dolomites-alta-badia-hotel-la-majun\\\/#primaryimage\",\"url\":\"https:\\\/\\\/outdooreurope.eu\\\/wp-content\\\/uploads\\\/2024\\\/01\\\/freeride-skier-extreme-winter-spots-man-in-helme-2021-10-29-20-25-46-utc-scaled-720x606-1.jpg\",\"contentUrl\":\"https:\\\/\\\/outdooreurope.eu\\\/wp-content\\\/uploads\\\/2024\\\/01\\\/freeride-skier-extreme-winter-spots-man-in-helme-2021-10-29-20-25-46-utc-scaled-720x606-1.jpg\",\"width\":720,\"height\":606},{\"@type\":\"BreadcrumbList\",\"@id\":\"https:\\\/\\\/outdooreurope.eu\\\/tours\\\/ski-touring-italy-dolomites-alta-badia-hotel-la-majun\\\/#breadcrumb\",\"itemListElement\":[{\"@type\":\"ListItem\",\"position\":1,\"name\":\"Hjem\",\"item\":\"https:\\\/\\\/outdooreurope.eu\\\/\"},{\"@type\":\"ListItem\",\"position\":2,\"name\":\"Shop\",\"item\":\"https:\\\/\\\/outdooreurope.eu\\\/shop\\\/\"},{\"@type\":\"ListItem\",\"position\":3,\"name\":\"Skiing extravaganza in the heart of the dolomites\"}]},{\"@type\":\"WebSite\",\"@id\":\"https:\\\/\\\/outdooreurope.eu\\\/#website\",\"url\":\"https:\\\/\\\/outdooreurope.eu\\\/\",\"name\":\"Outdoor Europe\",\"description\":\"Hiking In Europe I Join the trail\",\"potentialAction\":[{\"@type\":\"SearchAction\",\"target\":{\"@type\":\"EntryPoint\",\"urlTemplate\":\"https:\\\/\\\/outdooreurope.eu\\\/?s={search_term_string}\"},\"query-input\":{\"@type\":\"PropertyValueSpecification\",\"valueRequired\":true,\"valueName\":\"search_term_string\"}}],\"inLanguage\":\"de\"}]}<\/script>\n<meta property=\"product:price:amount\" content=\"2195\" \/>\n<meta property=\"product:price:currency\" content=\"EUR\" \/>\n<meta property=\"og:availability\" content=\"instock\" \/>\n<meta property=\"product:availability\" content=\"instock\" \/>\n<meta property=\"product:retailer_item_id\" content=\"16392\" \/>\n<meta property=\"product:condition\" content=\"new\" \/>\n<!-- \/ Yoast SEO Premium plugin. -->","yoast_head_json":{"title":"Ski-Spektakel im Herzen der Dolomiten - Outdoor Europe","robots":{"index":"index","follow":"follow","max-snippet":"max-snippet:-1","max-image-preview":"max-image-preview:large","max-video-preview":"max-video-preview:-1"},"canonical":"https:\/\/outdooreurope.eu\/de\/touren\/skitouren-italien-dolomiten-alta-badia-hotel-la-majun\/","og_locale":"de_DE","og_type":"article","og_title":"Skiing extravaganza in the heart of the dolomites","og_description":"Luxury skiing holiday in the heart of the Dolomites. Stay in a 4 star Spa hotel, just a short walk from the slopes. Private guide available.","og_url":"https:\/\/outdooreurope.eu\/de\/touren\/skitouren-italien-dolomiten-alta-badia-hotel-la-majun\/","og_site_name":"Outdoor Europe","article_publisher":"https:\/\/www.facebook.com\/outdooreurope.eu","article_modified_time":"2025-02-03T10:11:28+00:00","og_image":[{"width":720,"height":606,"url":"https:\/\/outdooreurope.eu\/wp-content\/uploads\/2024\/01\/freeride-skier-extreme-winter-spots-man-in-helme-2021-10-29-20-25-46-utc-scaled-720x606-1.jpg","type":"image\/jpeg"}],"twitter_card":"summary_large_image","twitter_misc":{"Preis":"&euro;2,195","Verf\u00fcgbarkeit":"Auf Lager"},"schema":{"@context":"https:\/\/schema.org","@graph":[{"@type":"WebPage","@id":"https:\/\/outdooreurope.eu\/tours\/ski-touring-italy-dolomites-alta-badia-hotel-la-majun\/","url":"https:\/\/outdooreurope.eu\/tours\/ski-touring-italy-dolomites-alta-badia-hotel-la-majun\/","name":"Ski-Spektakel im Herzen der Dolomiten - Outdoor Europe","isPartOf":{"@id":"https:\/\/outdooreurope.eu\/#website"},"primaryImageOfPage":{"@id":"https:\/\/outdooreurope.eu\/tours\/ski-touring-italy-dolomites-alta-badia-hotel-la-majun\/#primaryimage"},"image":{"@id":"https:\/\/outdooreurope.eu\/tours\/ski-touring-italy-dolomites-alta-badia-hotel-la-majun\/#primaryimage"},"thumbnailUrl":"https:\/\/outdooreurope.eu\/wp-content\/uploads\/2024\/01\/freeride-skier-extreme-winter-spots-man-in-helme-2021-10-29-20-25-46-utc-scaled-720x606-1.jpg","datePublished":"2024-01-18T05:18:53+00:00","dateModified":"2025-02-03T10:11:28+00:00","breadcrumb":{"@id":"https:\/\/outdooreurope.eu\/tours\/ski-touring-italy-dolomites-alta-badia-hotel-la-majun\/#breadcrumb"},"inLanguage":"de","potentialAction":[{"@type":"ReadAction","target":["https:\/\/outdooreurope.eu\/tours\/ski-touring-italy-dolomites-alta-badia-hotel-la-majun\/"]}]},{"@type":"ImageObject","inLanguage":"de","@id":"https:\/\/outdooreurope.eu\/tours\/ski-touring-italy-dolomites-alta-badia-hotel-la-majun\/#primaryimage","url":"https:\/\/outdooreurope.eu\/wp-content\/uploads\/2024\/01\/freeride-skier-extreme-winter-spots-man-in-helme-2021-10-29-20-25-46-utc-scaled-720x606-1.jpg","contentUrl":"https:\/\/outdooreurope.eu\/wp-content\/uploads\/2024\/01\/freeride-skier-extreme-winter-spots-man-in-helme-2021-10-29-20-25-46-utc-scaled-720x606-1.jpg","width":720,"height":606},{"@type":"BreadcrumbList","@id":"https:\/\/outdooreurope.eu\/tours\/ski-touring-italy-dolomites-alta-badia-hotel-la-majun\/#breadcrumb","itemListElement":[{"@type":"ListItem","position":1,"name":"Hjem","item":"https:\/\/outdooreurope.eu\/"},{"@type":"ListItem","position":2,"name":"Shop","item":"https:\/\/outdooreurope.eu\/shop\/"},{"@type":"ListItem","position":3,"name":"Skiing extravaganza in the heart of the dolomites"}]},{"@type":"WebSite","@id":"https:\/\/outdooreurope.eu\/#website","url":"https:\/\/outdooreurope.eu\/","name":"Outdoor Europa","description":"Wandern in Europa I Folgen Sie der Spur","potentialAction":[{"@type":"SearchAction","target":{"@type":"EntryPoint","urlTemplate":"https:\/\/outdooreurope.eu\/?s={search_term_string}"},"query-input":{"@type":"PropertyValueSpecification","valueRequired":true,"valueName":"search_term_string"}}],"inLanguage":"de"}]},"product_price_amount":"2195","product_price_currency":"EUR","og_availability":"instock","product_availability":"instock","product_retailer_item_id":"16392","product_condition":"new"},"_links":{"self":[{"href":"https:\/\/outdooreurope.eu\/de\/wp-json\/wp\/v2\/product\/16392","targetHints":{"allow":["GET"]}}],"collection":[{"href":"https:\/\/outdooreurope.eu\/de\/wp-json\/wp\/v2\/product"}],"about":[{"href":"https:\/\/outdooreurope.eu\/de\/wp-json\/wp\/v2\/types\/product"}],"replies":[{"embeddable":true,"href":"https:\/\/outdooreurope.eu\/de\/wp-json\/wp\/v2\/comments?post=16392"}],"wp:featuredmedia":[{"embeddable":true,"href":"https:\/\/outdooreurope.eu\/de\/wp-json\/wp\/v2\/media\/16393"}],"wp:attachment":[{"href":"https:\/\/outdooreurope.eu\/de\/wp-json\/wp\/v2\/media?parent=16392"}],"wp:term":[{"taxonomy":"product_brand","embeddable":true,"href":"https:\/\/outdooreurope.eu\/de\/wp-json\/wp\/v2\/product_brand?post=16392"},{"taxonomy":"product_cat","embeddable":true,"href":"https:\/\/outdooreurope.eu\/de\/wp-json\/wp\/v2\/product_cat?post=16392"},{"taxonomy":"product_tag","embeddable":true,"href":"https:\/\/outdooreurope.eu\/de\/wp-json\/wp\/v2\/product_tag?post=16392"}],"curies":[{"name":"wp","href":"https:\/\/api.w.org\/{rel}","templated":true}]}}