{"id":17114,"date":"2024-05-05T10:48:41","date_gmt":"2024-05-05T08:48:41","guid":{"rendered":"https:\/\/outdooreurope.eu\/?post_type=product&#038;p=17114"},"modified":"2025-06-16T11:47:31","modified_gmt":"2025-06-16T09:47:31","slug":"trailrunning-osterreich-konig-dachstein-trail-selbstgefuhrt","status":"publish","type":"product","link":"https:\/\/outdooreurope.eu\/de\/tours\/trailrunning-austria-king-dachstein-trail-self-guided\/","title":{"rendered":"Laufen Sie den K\u00f6nig Dachstein Trail: Ein Trailrunning-Abenteuer von H\u00fctte zu H\u00fctte"},"content":{"rendered":"<p>Schroffe Felslandschaften, gr\u00fcne Almen, bizarre, schroffe Felsen, T\u00fcrme und m\u00e4chtige Felsw\u00e4nde, Gletschereis, Kalkgipfel, einsame Hochplateaus, urige W\u00e4lder und aussichtsreiche Berggipfel, geheimnisvolle Karstquellen und spiegelnde Bergseen \u2013 diese Bilder pr\u00e4gen unseren K\u00f6nigsweg Dachstein am und rund um den Dachstein. Da es sich um einen hochalpinen Weg handelt, sind entsprechende Trailrunning-Ausr\u00fcstung, Kondition, Ausdauer und Trittsicherheit erforderlich.<\/p>\n<p>Die Faszination des Dachsteins wird sp\u00fcrbar. Der gesamte K\u00f6nig Dachstein Trail folgt bestehenden Pfaden und Steigen. Wir bew\u00e4ltigen die Dachstein-Umrundung im Uhrzeigersinn und nutzen die erste Etappe als Aufw\u00e4rmphase, bevor der Weg immer alpiner wird.<\/p>\n<p><strong>Tour-Highlights<\/strong><br \/>\n\u2022 Besuchen Sie das Weltkulturerbe: Hallstatt-Dachstein\/Salzkammergut<br \/>\n\u2022 Entdecken Sie die \u00f6sterreichische Gastfreundschaft und Gastronomie<br \/>\n\u2022 Gep\u00e4cktransfer inklusive<\/p>\n<p>Ihre Route wird durch Ihren Eintrag in jedes H\u00fcttenbuch im Dachsteingebirge f\u00fcr die Ewigkeit festgehalten. Die Routen sind gut beschildert, die Wegweiser k\u00f6nnen jedoch teilweise durch Schnee verdeckt sein. Nehmen Sie daher unbedingt Ihre Route mit. Auf Anfrage begleitet Sie gerne ein erfahrener Wanderf\u00fchrer. Auch im Hochsommer kann es zu Temperaturschwankungen kommen. Denken Sie daher bitte an warme Kleidung inklusive Handschuhen und M\u00fctze.<\/p>\n<p>Der King Dachstein Trail darf auf der To-Do-Liste jedes passionierten Trailrunners nicht fehlen \u2013 also buche jetzt deine Challenge.<\/p>","protected":false},"excerpt":{"rendered":"<p>Schroffe Felslandschaften, gr\u00fcne Almen, bizarre, schroffe Felsen, T\u00fcrme und m\u00e4chtige Felsw\u00e4nde, Gletschereis, Kalkgipfel, einsame Hochplateaus, urige W\u00e4lder und aussichtsreiche Berggipfel, geheimnisvolle Karstquellen und spiegelnde Bergseen \u2013 diese Bilder pr\u00e4gen unseren K\u00f6nigsweg Dachstein am und rund um den Dachstein. Da es sich um einen hochalpinen Weg handelt, sind entsprechende Trailrunning-Strecken<\/p>\n<div class=\"padding-top text-center\"><a href=\"https:\/\/outdooreurope.eu\/de\/tours\/trailrunning-austria-king-dachstein-trail-self-guided\/\" class=\"atbtn atbtn--medium atbtn--rounded atbtn--transparent\">Weiterlesen<i class=\"atbtn__icon atbtn__icon--right fa fa-long-arrow-right\"><\/i><\/a><\/div>","protected":false},"featured_media":17116,"comment_status":"open","ping_status":"closed","template":"","meta":{"_acf_changed":false,"content-type":"","inline_featured_image":false},"product_brand":[],"product_cat":[302],"product_tag":[973,751],"class_list":{"0":"post-17114","1":"product","2":"type-product","3":"status-publish","4":"has-post-thumbnail","6":"tour_country-austria","7":"tour_destinations-dachstein-salzkammergut","8":"tour_types-hut-to-hut","9":"tour_types-self-guided","10":"product_cat-ukategoriseret","11":"product_tag-austria","12":"product_tag-trailrunning","13":"pa_duration-5-nights","14":"tour_category-trailrunning-2","16":"first","17":"instock","18":"virtual","19":"purchasable","20":"product-type-tour"},"acf":[],"yoast_head":"<!-- This site is optimized with the Yoast SEO Premium plugin v27.4 (Yoast SEO v27.4) - https:\/\/yoast.com\/product\/yoast-seo-premium-wordpress\/ -->\n<title>Run the King Dachstein Trail<\/title>\n<meta name=\"description\" content=\"Experience the breathtaking beauty of the Dachstein Trail! Encounter rugged peaks and picturesque landscapes while enjoying local hospitality. \ud83c\udf04\" \/>\n<meta name=\"robots\" content=\"index, follow, max-snippet:-1, max-image-preview:large, max-video-preview:-1\" \/>\n<link rel=\"canonical\" href=\"https:\/\/outdooreurope.eu\/de\/touren\/trailrunning-osterreich-konig-dachstein-trail-selbstgefuhrt\/\" \/>\n<meta property=\"og:locale\" content=\"de_DE\" \/>\n<meta property=\"og:type\" content=\"article\" \/>\n<meta property=\"og:title\" content=\"Run the King Dachstein trail: A hut-to-hut trail running adventure\" \/>\n<meta property=\"og:description\" content=\"Rugged, rocky landscapes, green alpine pastures, bizarre, jagged crags, towers and mighty cliff faces, glacial ice, limestone peaks, isolated high\" \/>\n<meta property=\"og:url\" content=\"https:\/\/outdooreurope.eu\/de\/touren\/trailrunning-osterreich-konig-dachstein-trail-selbstgefuhrt\/\" \/>\n<meta property=\"og:site_name\" content=\"Outdoor Europe\" \/>\n<meta property=\"article:publisher\" content=\"https:\/\/www.facebook.com\/outdooreurope.eu\" \/>\n<meta property=\"article:modified_time\" content=\"2025-06-16T09:47:31+00:00\" \/>\n<meta property=\"og:image\" content=\"https:\/\/outdooreurope.eu\/wp-content\/uploads\/2024\/05\/KDT_June23_c-the.adventure.bakery-180-scaled.jpg\" \/>\n\t<meta property=\"og:image:width\" content=\"2048\" \/>\n\t<meta property=\"og:image:height\" content=\"1365\" \/>\n\t<meta property=\"og:image:type\" content=\"image\/jpeg\" \/>\n<meta name=\"twitter:card\" content=\"summary_large_image\" \/>\n<meta name=\"twitter:label1\" content=\"Preis\" \/>\n\t<meta name=\"twitter:data1\" content=\"&euro;1,150\" \/>\n\t<meta name=\"twitter:label2\" content=\"Verf\u00fcgbarkeit\" \/>\n\t<meta name=\"twitter:data2\" content=\"Auf Lager\" \/>\n<script type=\"application\/ld+json\" class=\"yoast-schema-graph\">{\"@context\":\"https:\\\/\\\/schema.org\",\"@graph\":[{\"@type\":\"WebPage\",\"@id\":\"https:\\\/\\\/outdooreurope.eu\\\/tours\\\/trailrunning-austria-king-dachstein-trail-self-guided\\\/\",\"url\":\"https:\\\/\\\/outdooreurope.eu\\\/tours\\\/trailrunning-austria-king-dachstein-trail-self-guided\\\/\",\"name\":\"Run the King Dachstein Trail\",\"isPartOf\":{\"@id\":\"https:\\\/\\\/outdooreurope.eu\\\/#website\"},\"primaryImageOfPage\":{\"@id\":\"https:\\\/\\\/outdooreurope.eu\\\/tours\\\/trailrunning-austria-king-dachstein-trail-self-guided\\\/#primaryimage\"},\"image\":{\"@id\":\"https:\\\/\\\/outdooreurope.eu\\\/tours\\\/trailrunning-austria-king-dachstein-trail-self-guided\\\/#primaryimage\"},\"thumbnailUrl\":\"https:\\\/\\\/outdooreurope.eu\\\/wp-content\\\/uploads\\\/2024\\\/05\\\/KDT_June23_c-the.adventure.bakery-180-scaled.jpg\",\"datePublished\":\"2024-05-05T08:48:41+00:00\",\"dateModified\":\"2025-06-16T09:47:31+00:00\",\"description\":\"Experience the breathtaking beauty of the Dachstein Trail! Encounter rugged peaks and picturesque landscapes while enjoying local hospitality. \ud83c\udf04\",\"breadcrumb\":{\"@id\":\"https:\\\/\\\/outdooreurope.eu\\\/tours\\\/trailrunning-austria-king-dachstein-trail-self-guided\\\/#breadcrumb\"},\"inLanguage\":\"de\",\"potentialAction\":[{\"@type\":\"ReadAction\",\"target\":[\"https:\\\/\\\/outdooreurope.eu\\\/tours\\\/trailrunning-austria-king-dachstein-trail-self-guided\\\/\"]}]},{\"@type\":\"ImageObject\",\"inLanguage\":\"de\",\"@id\":\"https:\\\/\\\/outdooreurope.eu\\\/tours\\\/trailrunning-austria-king-dachstein-trail-self-guided\\\/#primaryimage\",\"url\":\"https:\\\/\\\/outdooreurope.eu\\\/wp-content\\\/uploads\\\/2024\\\/05\\\/KDT_June23_c-the.adventure.bakery-180-scaled.jpg\",\"contentUrl\":\"https:\\\/\\\/outdooreurope.eu\\\/wp-content\\\/uploads\\\/2024\\\/05\\\/KDT_June23_c-the.adventure.bakery-180-scaled.jpg\",\"width\":2048,\"height\":1365},{\"@type\":\"BreadcrumbList\",\"@id\":\"https:\\\/\\\/outdooreurope.eu\\\/tours\\\/trailrunning-austria-king-dachstein-trail-self-guided\\\/#breadcrumb\",\"itemListElement\":[{\"@type\":\"ListItem\",\"position\":1,\"name\":\"Hjem\",\"item\":\"https:\\\/\\\/outdooreurope.eu\\\/\"},{\"@type\":\"ListItem\",\"position\":2,\"name\":\"Shop\",\"item\":\"https:\\\/\\\/outdooreurope.eu\\\/shop\\\/\"},{\"@type\":\"ListItem\",\"position\":3,\"name\":\"Run the King Dachstein trail: A hut-to-hut trail running adventure\"}]},{\"@type\":\"WebSite\",\"@id\":\"https:\\\/\\\/outdooreurope.eu\\\/#website\",\"url\":\"https:\\\/\\\/outdooreurope.eu\\\/\",\"name\":\"Outdoor Europe\",\"description\":\"Hiking In Europe I Join the trail\",\"potentialAction\":[{\"@type\":\"SearchAction\",\"target\":{\"@type\":\"EntryPoint\",\"urlTemplate\":\"https:\\\/\\\/outdooreurope.eu\\\/?s={search_term_string}\"},\"query-input\":{\"@type\":\"PropertyValueSpecification\",\"valueRequired\":true,\"valueName\":\"search_term_string\"}}],\"inLanguage\":\"de\"}]}<\/script>\n<meta property=\"product:price:amount\" content=\"1150\" \/>\n<meta property=\"product:price:currency\" content=\"EUR\" \/>\n<meta property=\"og:availability\" content=\"instock\" \/>\n<meta property=\"product:availability\" content=\"instock\" \/>\n<meta property=\"product:retailer_item_id\" content=\"17114\" \/>\n<meta property=\"product:condition\" content=\"new\" \/>\n<!-- \/ Yoast SEO Premium plugin. -->","yoast_head_json":{"title":"Laufen Sie den K\u00f6nig Dachstein Trail","description":"Erlebe die atemberaubende Sch\u00f6nheit des Dachstein Trails! Entdecke schroffe Gipfel und malerische Landschaften und genie\u00dfe die Gastfreundschaft der Einheimischen. \ud83c\udf04","robots":{"index":"index","follow":"follow","max-snippet":"max-snippet:-1","max-image-preview":"max-image-preview:large","max-video-preview":"max-video-preview:-1"},"canonical":"https:\/\/outdooreurope.eu\/de\/touren\/trailrunning-osterreich-konig-dachstein-trail-selbstgefuhrt\/","og_locale":"de_DE","og_type":"article","og_title":"Run the King Dachstein trail: A hut-to-hut trail running adventure","og_description":"Rugged, rocky landscapes, green alpine pastures, bizarre, jagged crags, towers and mighty cliff faces, glacial ice, limestone peaks, isolated high","og_url":"https:\/\/outdooreurope.eu\/de\/touren\/trailrunning-osterreich-konig-dachstein-trail-selbstgefuhrt\/","og_site_name":"Outdoor Europe","article_publisher":"https:\/\/www.facebook.com\/outdooreurope.eu","article_modified_time":"2025-06-16T09:47:31+00:00","og_image":[{"width":2048,"height":1365,"url":"https:\/\/outdooreurope.eu\/wp-content\/uploads\/2024\/05\/KDT_June23_c-the.adventure.bakery-180-scaled.jpg","type":"image\/jpeg"}],"twitter_card":"summary_large_image","twitter_misc":{"Preis":"&euro;1,150","Verf\u00fcgbarkeit":"Auf Lager"},"schema":{"@context":"https:\/\/schema.org","@graph":[{"@type":"WebPage","@id":"https:\/\/outdooreurope.eu\/tours\/trailrunning-austria-king-dachstein-trail-self-guided\/","url":"https:\/\/outdooreurope.eu\/tours\/trailrunning-austria-king-dachstein-trail-self-guided\/","name":"Laufen Sie den K\u00f6nig Dachstein Trail","isPartOf":{"@id":"https:\/\/outdooreurope.eu\/#website"},"primaryImageOfPage":{"@id":"https:\/\/outdooreurope.eu\/tours\/trailrunning-austria-king-dachstein-trail-self-guided\/#primaryimage"},"image":{"@id":"https:\/\/outdooreurope.eu\/tours\/trailrunning-austria-king-dachstein-trail-self-guided\/#primaryimage"},"thumbnailUrl":"https:\/\/outdooreurope.eu\/wp-content\/uploads\/2024\/05\/KDT_June23_c-the.adventure.bakery-180-scaled.jpg","datePublished":"2024-05-05T08:48:41+00:00","dateModified":"2025-06-16T09:47:31+00:00","description":"Erlebe die atemberaubende Sch\u00f6nheit des Dachstein Trails! Entdecke schroffe Gipfel und malerische Landschaften und genie\u00dfe die Gastfreundschaft der Einheimischen. \ud83c\udf04","breadcrumb":{"@id":"https:\/\/outdooreurope.eu\/tours\/trailrunning-austria-king-dachstein-trail-self-guided\/#breadcrumb"},"inLanguage":"de","potentialAction":[{"@type":"ReadAction","target":["https:\/\/outdooreurope.eu\/tours\/trailrunning-austria-king-dachstein-trail-self-guided\/"]}]},{"@type":"ImageObject","inLanguage":"de","@id":"https:\/\/outdooreurope.eu\/tours\/trailrunning-austria-king-dachstein-trail-self-guided\/#primaryimage","url":"https:\/\/outdooreurope.eu\/wp-content\/uploads\/2024\/05\/KDT_June23_c-the.adventure.bakery-180-scaled.jpg","contentUrl":"https:\/\/outdooreurope.eu\/wp-content\/uploads\/2024\/05\/KDT_June23_c-the.adventure.bakery-180-scaled.jpg","width":2048,"height":1365},{"@type":"BreadcrumbList","@id":"https:\/\/outdooreurope.eu\/tours\/trailrunning-austria-king-dachstein-trail-self-guided\/#breadcrumb","itemListElement":[{"@type":"ListItem","position":1,"name":"Hjem","item":"https:\/\/outdooreurope.eu\/"},{"@type":"ListItem","position":2,"name":"Shop","item":"https:\/\/outdooreurope.eu\/shop\/"},{"@type":"ListItem","position":3,"name":"Run the King Dachstein trail: A hut-to-hut trail running adventure"}]},{"@type":"WebSite","@id":"https:\/\/outdooreurope.eu\/#website","url":"https:\/\/outdooreurope.eu\/","name":"Outdoor Europa","description":"Wandern in Europa I Folgen Sie der Spur","potentialAction":[{"@type":"SearchAction","target":{"@type":"EntryPoint","urlTemplate":"https:\/\/outdooreurope.eu\/?s={search_term_string}"},"query-input":{"@type":"PropertyValueSpecification","valueRequired":true,"valueName":"search_term_string"}}],"inLanguage":"de"}]},"product_price_amount":"1150","product_price_currency":"EUR","og_availability":"instock","product_availability":"instock","product_retailer_item_id":"17114","product_condition":"new"},"_links":{"self":[{"href":"https:\/\/outdooreurope.eu\/de\/wp-json\/wp\/v2\/product\/17114","targetHints":{"allow":["GET"]}}],"collection":[{"href":"https:\/\/outdooreurope.eu\/de\/wp-json\/wp\/v2\/product"}],"about":[{"href":"https:\/\/outdooreurope.eu\/de\/wp-json\/wp\/v2\/types\/product"}],"replies":[{"embeddable":true,"href":"https:\/\/outdooreurope.eu\/de\/wp-json\/wp\/v2\/comments?post=17114"}],"wp:featuredmedia":[{"embeddable":true,"href":"https:\/\/outdooreurope.eu\/de\/wp-json\/wp\/v2\/media\/17116"}],"wp:attachment":[{"href":"https:\/\/outdooreurope.eu\/de\/wp-json\/wp\/v2\/media?parent=17114"}],"wp:term":[{"taxonomy":"product_brand","embeddable":true,"href":"https:\/\/outdooreurope.eu\/de\/wp-json\/wp\/v2\/product_brand?post=17114"},{"taxonomy":"product_cat","embeddable":true,"href":"https:\/\/outdooreurope.eu\/de\/wp-json\/wp\/v2\/product_cat?post=17114"},{"taxonomy":"product_tag","embeddable":true,"href":"https:\/\/outdooreurope.eu\/de\/wp-json\/wp\/v2\/product_tag?post=17114"}],"curies":[{"name":"wp","href":"https:\/\/api.w.org\/{rel}","templated":true}]}}