{"id":18116,"date":"2025-06-09T17:37:29","date_gmt":"2025-06-09T15:37:29","guid":{"rendered":"https:\/\/outdooreurope.eu\/?post_type=product&#038;p=18116"},"modified":"2025-06-19T12:02:49","modified_gmt":"2025-06-19T10:02:49","slug":"der-lechweg-vom-formarinsee-nach-weissenbach","status":"publish","type":"product","link":"https:\/\/outdooreurope.eu\/de\/tours\/the-lechweg-from-lake-formarin-to-weissenbach\/","title":{"rendered":"Der Lechweg vom Formarinsee nach Wei\u00dfenbach"},"content":{"rendered":"<h4 data-start=\"288\" data-end=\"349\">Den Lechweg entdecken \u2013 Eine Wildflussreise mit Komfort<\/h4>\n<p data-start=\"351\" data-end=\"593\"><strong data-start=\"351\" data-end=\"390\">Bequem den Lechweg erwandern<\/strong> Erkunden Sie eine der letzten Wildflusslandschaften Europas. Diese 8-t\u00e4gige, selbstgef\u00fchrte Tour folgt dem Lech von seiner alpinen Quelle am Formarinsee bis zum friedlichen Dorf Wei\u00dfenbach am Lech in Tirol.<\/p>\n<h4 data-start=\"595\" data-end=\"634\">Malerische Wanderwege und sanfte Abenteuer<\/h4>\n<p data-start=\"636\" data-end=\"915\">Sie wandern durch W\u00e4lder, bl\u00fchende Wiesen und Flussschluchten. Das Gel\u00e4nde ist abwechslungsreich, aber nicht zu anspruchsvoll \u2013 perfekt f\u00fcr Naturliebhaber mit guter Wanderkondition. Jede Tagesetappe bietet neue Landschaften, wie zum Beispiel Panoramat\u00e4ler, Holzbr\u00fccken und versteckte Wasserf\u00e4lle.<\/p>\n<h4 data-start=\"917\" data-end=\"969\">\u00dcbernachten Sie in gem\u00fctlichen Hotels mit t\u00e4glichem Gep\u00e4cktransfer<\/h4>\n<p data-start=\"971\" data-end=\"1208\">Entspannen Sie sich am Ende jeder Wanderetappe in ausgew\u00e4hlten 3-Sterne-Hotels und Pensionen. Ihr Gep\u00e4ck wartet bereits auf Sie, sodass Sie au\u00dfer Ihrem Tagesrucksack nichts mitnehmen m\u00fcssen. Alles ist f\u00fcr ein entspanntes und sorgenfreies Erlebnis vorbereitet.<\/p>\n<h4 data-start=\"1210\" data-end=\"1231\">Eine pers\u00f6nliche Note<\/h4>\n<p data-start=\"1233\" data-end=\"1488\">In Ihrem Willkommenspaket erhalten Sie eine handgefertigte Lechweg Naturseife \u2013 eine duftende Erinnerung an Ihr Abenteuer. Die Salzkammergut Touristik stellt Ihnen au\u00dferdem detaillierte Wanderkarten und eine t\u00e4gliche Support-Hotline zur Verf\u00fcgung, damit Sie sich auf jedem Schritt Ihrer Reise rundum wohlf\u00fchlen k\u00f6nnen.<\/p>\n<ul>\n<li data-start=\"313\" data-end=\"488\">\n<p data-start=\"315\" data-end=\"488\"><strong data-start=\"319\" data-end=\"358\">Malerische Sch\u00f6nheit auf jedem Schritt des Weges<\/strong><br data-start=\"358\" data-end=\"361\" \/>Folgen Sie einem der letzten Wildfl\u00fcsse Europas von seiner Quelle am Formarinsee durch stille Alpent\u00e4ler bis nach Wei\u00dfenbach am Lech.<\/p>\n<\/li>\n<li data-start=\"490\" data-end=\"752\">\n<p data-start=\"492\" data-end=\"752\"><strong data-start=\"495\" data-end=\"525\">Komfortable Unterk\u00fcnfte<\/strong><br data-start=\"525\" data-end=\"528\" \/>Genie\u00dfen Sie \u00dcbernachtungen in sorgf\u00e4ltig ausgew\u00e4hlten 3-Sterne-Hotels und Gasth\u00f6fen, wie <a class=\"\" href=\"https:\/\/www.gotthard.at\/\" target=\"_new\" rel=\"noopener\" data-start=\"603\" data-end=\"645\">Hotel Gotthard<\/a>, <a class=\"\" href=\"https:\/\/www.neue-post.co.at\/\" target=\"_new\" rel=\"noopener\" data-start=\"647\" data-end=\"694\">Hotel Neue Post<\/a>, Und <a class=\"\" href=\"https:\/\/www.hotelalpenrose.info\/\" target=\"_new\" rel=\"noopener\" data-start=\"700\" data-end=\"751\">Hotel Alpenrose<\/a>.<\/p>\n<\/li>\n<li data-start=\"754\" data-end=\"914\">\n<p data-start=\"756\" data-end=\"914\"><strong data-start=\"759\" data-end=\"788\">Gep\u00e4cktransfer inklusive<\/strong><br data-start=\"788\" data-end=\"791\" \/>Wandern Sie bequem und entspannt auf dem Lechweg \u2013 Ihr Gep\u00e4ck wird f\u00fcr Sie zwischen den Hotels transportiert, sodass Sie jeden Tag mit leichtem Gep\u00e4ck wandern k\u00f6nnen.<\/p>\n<\/li>\n<li data-start=\"916\" data-end=\"1037\">\n<p data-start=\"918\" data-end=\"1037\"><strong data-start=\"922\" data-end=\"945\">Selbstbestimmte Freiheit<\/strong><br data-start=\"945\" data-end=\"948\" \/>Folgen Sie detaillierten Routenkarten und Hinweisen in Ihrem eigenen Tempo und nutzen Sie t\u00e4glich die Unterst\u00fctzung, die Ihnen zur Verf\u00fcgung steht.<\/p>\n<\/li>\n<li data-start=\"1039\" data-end=\"1182\">\n<p data-start=\"1041\" data-end=\"1182\"><strong data-start=\"1044\" data-end=\"1072\">Leichtes bis mittelschweres Gel\u00e4nde<\/strong><br data-start=\"1072\" data-end=\"1075\" \/>Dank der gut gepflegten Wanderwege ist diese Tour f\u00fcr Wanderer mit einer gewissen Grundkondition und Liebe zur Natur geeignet.<\/p>\n<\/li>\n<li data-start=\"1184\" data-end=\"1324\">\n<p data-start=\"1186\" data-end=\"1324\"><strong data-start=\"1189\" data-end=\"1218\">Perfekte Sommerbedingungen<\/strong><br data-start=\"1218\" data-end=\"1221\" \/>Wandern Sie zwischen Juni und September bei milden Temperaturen, blauem Himmel und bl\u00fchenden Almwiesen.<\/p>\n<\/li>\n<li data-start=\"1326\" data-end=\"1461\">\n<p data-start=\"1328\" data-end=\"1461\"><strong data-start=\"1331\" data-end=\"1354\">Lokales Geschenk inklusive<\/strong><br data-start=\"1354\" data-end=\"1357\" \/>Erhalten Sie in Ihrem Willkommenspaket eine handgefertigte Lechweg Naturseife aus der Leovinus Seifenmanufaktur.<\/p>\n<\/li>\n<li><\/li>\n<\/ul>","protected":false},"excerpt":{"rendered":"<p class=\"ai-optimize-48 ai-optimize-introduction\"><strong data-start=\"1536\" data-end=\"1575\">Bequem den Lechweg erwandern<\/strong> Von Alpenseen bis zu Tiroler D\u00f6rfern. Diese selbstgef\u00fchrte 8-t\u00e4gige Tour beinhaltet Gep\u00e4cktransfer, charmante Unterk\u00fcnfte und ruhige Wanderwege entlang eines der letzten Wildfl\u00fcsse Europas.<\/p>","protected":false},"featured_media":18119,"comment_status":"open","ping_status":"closed","template":"","meta":{"_acf_changed":false,"content-type":"","inline_featured_image":false},"product_brand":[],"product_cat":[928],"product_tag":[760],"class_list":{"0":"post-18116","1":"product","2":"type-product","3":"status-publish","4":"has-post-thumbnail","6":"tour_country-austria","7":"tour_types-dog-friendly","8":"tour_types-self-guided","9":"tour_types-private-groups","10":"product_cat-test-tourcat","11":"product_tag-hiking","12":"pa_duration-7-nights","13":"tour_category-hiking-in-europe","15":"first","16":"instock","17":"virtual","18":"purchasable","19":"product-type-tour"},"acf":[],"yoast_head":"<!-- This site is optimized with the Yoast SEO Premium plugin v27.4 (Yoast SEO v27.4) - https:\/\/yoast.com\/product\/yoast-seo-premium-wordpress\/ -->\n<title>Hike the Lechweg Trail with Comfort \u2013 Self-Guided Tour<\/title>\n<meta name=\"description\" content=\"Hike the Lechweg trail with comfort on this self-guided tour with luggage transfer, hotel stays, and wild river views through Austria\u2019s Lech Valley.\" \/>\n<meta name=\"robots\" content=\"index, follow, max-snippet:-1, max-image-preview:large, max-video-preview:-1\" \/>\n<link rel=\"canonical\" href=\"https:\/\/outdooreurope.eu\/de\/touren\/der-lechweg-vom-formarinsee-nach-weissenbach\/\" \/>\n<meta property=\"og:locale\" content=\"de_DE\" \/>\n<meta property=\"og:type\" content=\"article\" \/>\n<meta property=\"og:title\" content=\"The Lechweg from lake Formarin to Weissenbach\" \/>\n<meta property=\"og:description\" content=\"Hike the Lechweg trail with comfort from alpine lakes to Tyrolean villages. This self-guided 8-day tour includes luggage transfer, charming accommodations, and peaceful trails along one of Europe\u2019s last wild rivers.\" \/>\n<meta property=\"og:url\" content=\"https:\/\/outdooreurope.eu\/de\/touren\/der-lechweg-vom-formarinsee-nach-weissenbach\/\" \/>\n<meta property=\"og:site_name\" content=\"Outdoor Europe\" \/>\n<meta property=\"article:publisher\" content=\"https:\/\/www.facebook.com\/outdooreurope.eu\" \/>\n<meta property=\"article:modified_time\" content=\"2025-06-19T10:02:49+00:00\" \/>\n<meta property=\"og:image\" content=\"https:\/\/outdooreurope.eu\/wp-content\/uploads\/2025\/04\/lechweg_004_Verein-Lechweg_Fabian-Heinz-1024x683.jpg\" \/>\n\t<meta property=\"og:image:width\" content=\"1024\" \/>\n\t<meta property=\"og:image:height\" content=\"683\" \/>\n\t<meta property=\"og:image:type\" content=\"image\/jpeg\" \/>\n<meta name=\"twitter:card\" content=\"summary_large_image\" \/>\n<meta name=\"twitter:label1\" content=\"Preis\" \/>\n\t<meta name=\"twitter:data1\" content=\"&euro;1,055\" \/>\n\t<meta name=\"twitter:label2\" content=\"Verf\u00fcgbarkeit\" \/>\n\t<meta name=\"twitter:data2\" content=\"Auf Lager\" \/>\n<script type=\"application\/ld+json\" class=\"yoast-schema-graph\">{\"@context\":\"https:\\\/\\\/schema.org\",\"@graph\":[{\"@type\":\"WebPage\",\"@id\":\"https:\\\/\\\/outdooreurope.eu\\\/tours\\\/the-lechweg-from-lake-formarin-to-weissenbach\\\/\",\"url\":\"https:\\\/\\\/outdooreurope.eu\\\/tours\\\/the-lechweg-from-lake-formarin-to-weissenbach\\\/\",\"name\":\"Hike the Lechweg Trail with Comfort \u2013 Self-Guided Tour\",\"isPartOf\":{\"@id\":\"https:\\\/\\\/outdooreurope.eu\\\/#website\"},\"primaryImageOfPage\":{\"@id\":\"https:\\\/\\\/outdooreurope.eu\\\/tours\\\/the-lechweg-from-lake-formarin-to-weissenbach\\\/#primaryimage\"},\"image\":{\"@id\":\"https:\\\/\\\/outdooreurope.eu\\\/tours\\\/the-lechweg-from-lake-formarin-to-weissenbach\\\/#primaryimage\"},\"thumbnailUrl\":\"https:\\\/\\\/outdooreurope.eu\\\/wp-content\\\/uploads\\\/2025\\\/04\\\/lechweg_004_Verein-Lechweg_Fabian-Heinz.jpg\",\"datePublished\":\"2025-06-09T15:37:29+00:00\",\"dateModified\":\"2025-06-19T10:02:49+00:00\",\"description\":\"Hike the Lechweg trail with comfort on this self-guided tour with luggage transfer, hotel stays, and wild river views through Austria\u2019s Lech Valley.\",\"breadcrumb\":{\"@id\":\"https:\\\/\\\/outdooreurope.eu\\\/tours\\\/the-lechweg-from-lake-formarin-to-weissenbach\\\/#breadcrumb\"},\"inLanguage\":\"de\",\"potentialAction\":[{\"@type\":\"ReadAction\",\"target\":[\"https:\\\/\\\/outdooreurope.eu\\\/tours\\\/the-lechweg-from-lake-formarin-to-weissenbach\\\/\"]}]},{\"@type\":\"ImageObject\",\"inLanguage\":\"de\",\"@id\":\"https:\\\/\\\/outdooreurope.eu\\\/tours\\\/the-lechweg-from-lake-formarin-to-weissenbach\\\/#primaryimage\",\"url\":\"https:\\\/\\\/outdooreurope.eu\\\/wp-content\\\/uploads\\\/2025\\\/04\\\/lechweg_004_Verein-Lechweg_Fabian-Heinz.jpg\",\"contentUrl\":\"https:\\\/\\\/outdooreurope.eu\\\/wp-content\\\/uploads\\\/2025\\\/04\\\/lechweg_004_Verein-Lechweg_Fabian-Heinz.jpg\",\"width\":6575,\"height\":4383},{\"@type\":\"BreadcrumbList\",\"@id\":\"https:\\\/\\\/outdooreurope.eu\\\/tours\\\/the-lechweg-from-lake-formarin-to-weissenbach\\\/#breadcrumb\",\"itemListElement\":[{\"@type\":\"ListItem\",\"position\":1,\"name\":\"Hjem\",\"item\":\"https:\\\/\\\/outdooreurope.eu\\\/\"},{\"@type\":\"ListItem\",\"position\":2,\"name\":\"Shop\",\"item\":\"https:\\\/\\\/outdooreurope.eu\\\/shop\\\/\"},{\"@type\":\"ListItem\",\"position\":3,\"name\":\"The Lechweg from lake Formarin to Weissenbach\"}]},{\"@type\":\"WebSite\",\"@id\":\"https:\\\/\\\/outdooreurope.eu\\\/#website\",\"url\":\"https:\\\/\\\/outdooreurope.eu\\\/\",\"name\":\"Outdoor Europe\",\"description\":\"Hiking In Europe I Join the trail\",\"potentialAction\":[{\"@type\":\"SearchAction\",\"target\":{\"@type\":\"EntryPoint\",\"urlTemplate\":\"https:\\\/\\\/outdooreurope.eu\\\/?s={search_term_string}\"},\"query-input\":{\"@type\":\"PropertyValueSpecification\",\"valueRequired\":true,\"valueName\":\"search_term_string\"}}],\"inLanguage\":\"de\"}]}<\/script>\n<meta property=\"product:price:amount\" content=\"1055\" \/>\n<meta property=\"product:price:currency\" content=\"EUR\" \/>\n<meta property=\"og:availability\" content=\"instock\" \/>\n<meta property=\"product:availability\" content=\"instock\" \/>\n<meta property=\"product:retailer_item_id\" content=\"18116\" \/>\n<meta property=\"product:condition\" content=\"new\" \/>\n<!-- \/ Yoast SEO Premium plugin. -->","yoast_head_json":{"title":"Lechweg bequem wandern \u2013 Individuelle Tour","description":"Wandern Sie bequem den Lechweg auf dieser selbstgef\u00fchrten Tour mit Gep\u00e4cktransfer, Hotelaufenthalten und wilden Flussausblicken durch das \u00f6sterreichische Lechtal.","robots":{"index":"index","follow":"follow","max-snippet":"max-snippet:-1","max-image-preview":"max-image-preview:large","max-video-preview":"max-video-preview:-1"},"canonical":"https:\/\/outdooreurope.eu\/de\/touren\/der-lechweg-vom-formarinsee-nach-weissenbach\/","og_locale":"de_DE","og_type":"article","og_title":"The Lechweg from lake Formarin to Weissenbach","og_description":"Hike the Lechweg trail with comfort from alpine lakes to Tyrolean villages. This self-guided 8-day tour includes luggage transfer, charming accommodations, and peaceful trails along one of Europe\u2019s last wild rivers.","og_url":"https:\/\/outdooreurope.eu\/de\/touren\/der-lechweg-vom-formarinsee-nach-weissenbach\/","og_site_name":"Outdoor Europe","article_publisher":"https:\/\/www.facebook.com\/outdooreurope.eu","article_modified_time":"2025-06-19T10:02:49+00:00","og_image":[{"width":1024,"height":683,"url":"https:\/\/outdooreurope.eu\/wp-content\/uploads\/2025\/04\/lechweg_004_Verein-Lechweg_Fabian-Heinz-1024x683.jpg","type":"image\/jpeg"}],"twitter_card":"summary_large_image","twitter_misc":{"Preis":"&euro;1,055","Verf\u00fcgbarkeit":"Auf Lager"},"schema":{"@context":"https:\/\/schema.org","@graph":[{"@type":"WebPage","@id":"https:\/\/outdooreurope.eu\/tours\/the-lechweg-from-lake-formarin-to-weissenbach\/","url":"https:\/\/outdooreurope.eu\/tours\/the-lechweg-from-lake-formarin-to-weissenbach\/","name":"Lechweg bequem wandern \u2013 Individuelle Tour","isPartOf":{"@id":"https:\/\/outdooreurope.eu\/#website"},"primaryImageOfPage":{"@id":"https:\/\/outdooreurope.eu\/tours\/the-lechweg-from-lake-formarin-to-weissenbach\/#primaryimage"},"image":{"@id":"https:\/\/outdooreurope.eu\/tours\/the-lechweg-from-lake-formarin-to-weissenbach\/#primaryimage"},"thumbnailUrl":"https:\/\/outdooreurope.eu\/wp-content\/uploads\/2025\/04\/lechweg_004_Verein-Lechweg_Fabian-Heinz.jpg","datePublished":"2025-06-09T15:37:29+00:00","dateModified":"2025-06-19T10:02:49+00:00","description":"Wandern Sie bequem den Lechweg auf dieser selbstgef\u00fchrten Tour mit Gep\u00e4cktransfer, Hotelaufenthalten und wilden Flussausblicken durch das \u00f6sterreichische Lechtal.","breadcrumb":{"@id":"https:\/\/outdooreurope.eu\/tours\/the-lechweg-from-lake-formarin-to-weissenbach\/#breadcrumb"},"inLanguage":"de","potentialAction":[{"@type":"ReadAction","target":["https:\/\/outdooreurope.eu\/tours\/the-lechweg-from-lake-formarin-to-weissenbach\/"]}]},{"@type":"ImageObject","inLanguage":"de","@id":"https:\/\/outdooreurope.eu\/tours\/the-lechweg-from-lake-formarin-to-weissenbach\/#primaryimage","url":"https:\/\/outdooreurope.eu\/wp-content\/uploads\/2025\/04\/lechweg_004_Verein-Lechweg_Fabian-Heinz.jpg","contentUrl":"https:\/\/outdooreurope.eu\/wp-content\/uploads\/2025\/04\/lechweg_004_Verein-Lechweg_Fabian-Heinz.jpg","width":6575,"height":4383},{"@type":"BreadcrumbList","@id":"https:\/\/outdooreurope.eu\/tours\/the-lechweg-from-lake-formarin-to-weissenbach\/#breadcrumb","itemListElement":[{"@type":"ListItem","position":1,"name":"Hjem","item":"https:\/\/outdooreurope.eu\/"},{"@type":"ListItem","position":2,"name":"Shop","item":"https:\/\/outdooreurope.eu\/shop\/"},{"@type":"ListItem","position":3,"name":"The Lechweg from lake Formarin to Weissenbach"}]},{"@type":"WebSite","@id":"https:\/\/outdooreurope.eu\/#website","url":"https:\/\/outdooreurope.eu\/","name":"Outdoor Europa","description":"Wandern in Europa I Folgen Sie der Spur","potentialAction":[{"@type":"SearchAction","target":{"@type":"EntryPoint","urlTemplate":"https:\/\/outdooreurope.eu\/?s={search_term_string}"},"query-input":{"@type":"PropertyValueSpecification","valueRequired":true,"valueName":"search_term_string"}}],"inLanguage":"de"}]},"product_price_amount":"1055","product_price_currency":"EUR","og_availability":"instock","product_availability":"instock","product_retailer_item_id":"18116","product_condition":"new"},"_links":{"self":[{"href":"https:\/\/outdooreurope.eu\/de\/wp-json\/wp\/v2\/product\/18116","targetHints":{"allow":["GET"]}}],"collection":[{"href":"https:\/\/outdooreurope.eu\/de\/wp-json\/wp\/v2\/product"}],"about":[{"href":"https:\/\/outdooreurope.eu\/de\/wp-json\/wp\/v2\/types\/product"}],"replies":[{"embeddable":true,"href":"https:\/\/outdooreurope.eu\/de\/wp-json\/wp\/v2\/comments?post=18116"}],"wp:featuredmedia":[{"embeddable":true,"href":"https:\/\/outdooreurope.eu\/de\/wp-json\/wp\/v2\/media\/18119"}],"wp:attachment":[{"href":"https:\/\/outdooreurope.eu\/de\/wp-json\/wp\/v2\/media?parent=18116"}],"wp:term":[{"taxonomy":"product_brand","embeddable":true,"href":"https:\/\/outdooreurope.eu\/de\/wp-json\/wp\/v2\/product_brand?post=18116"},{"taxonomy":"product_cat","embeddable":true,"href":"https:\/\/outdooreurope.eu\/de\/wp-json\/wp\/v2\/product_cat?post=18116"},{"taxonomy":"product_tag","embeddable":true,"href":"https:\/\/outdooreurope.eu\/de\/wp-json\/wp\/v2\/product_tag?post=18116"}],"curies":[{"name":"wp","href":"https:\/\/api.w.org\/{rel}","templated":true}]}}