{"id":12113,"date":"2022-07-17T23:11:57","date_gmt":"2022-07-17T21:11:57","guid":{"rendered":"http:\/\/workdemomaster.com\/outdooreurope\/?page_id=12113"},"modified":"2025-01-21T21:46:59","modified_gmt":"2025-01-21T20:46:59","slug":"garantia-de-viaje","status":"publish","type":"page","link":"https:\/\/outdooreurope.eu\/es\/travel-guarantee\/","title":{"rendered":"Garant\u00eda de viaje"},"content":{"rendered":"<div class=\"wpb-content-wrapper\"><div data-vc-full-width=\"true\" data-vc-full-width-temp=\"true\" data-vc-full-width-init=\"false\" class=\"vc_row wpb_row vc_row-fluid pt-100 pb-100 img-text-section after-banner mb-0 vc_column-gap-15 vc_row-o-content-middle vc_row-flex\"><div class=\"wpb_column vc_column_container vc_col-sm-6\"><div class=\"vc_column-inner\"><div class=\"wpb_wrapper\"><h2 style=\"text-align: left\" class=\"vc_custom_heading vc_do_custom_heading pb-20\">Nuestros hu\u00e9spedes siempre est\u00e1n cubiertos.<\/h2>\n\t<div class=\"wpb_text_column wpb_content_element\">\n\t\t<div class=\"wpb_wrapper\">\n\t\t\t<p>Outdoor Italy est\u00e1 registrada en Travel Guarantee Dinamarca.<\/p>\n<p>Travel Guarantee Denmark brinda cobertura a clientes de todas las nacionalidades que viajan con agencias miembro registradas.<\/p>\n<p>En caso de que un miembro se declare en quiebra, los clientes recibir\u00e1n un reembolso de la tarifa del viaje y, en algunos casos, algunos gastos relacionados con la cancelaci\u00f3n abrupta o el aplazamiento de los planes de viaje.<\/p>\n<p>Obtenga m\u00e1s informaci\u00f3n sobre Travel Guarantee Dinamarca y c\u00f3mo est\u00e1 cubierto cuando viaja con Outdoor Italy <a href=\"https:\/\/www.rejsegarantifonden.dk\/english\/\">aqu\u00ed<\/a>.<\/p>\n\n\t\t<\/div>\n\t<\/div>\n<\/div><\/div><\/div><div class=\"wpb_column vc_column_container vc_col-sm-6\"><div class=\"vc_column-inner\"><div class=\"wpb_wrapper\">\n\t<div  class=\"wpb_single_image wpb_content_element vc_align_left wpb_content_element  img-text\">\n\t\t\n\t\t<figure class=\"wpb_wrapper vc_figure\">\n\t\t\t<div class=\"vc_single_image-wrapper   vc_box_border_grey\"><img decoding=\"async\" width=\"1539\" height=\"946\" src=\"https:\/\/outdooreurope.eu\/wp-content\/uploads\/2024\/12\/guarantee.png\" class=\"vc_single_image-img attachment-full\" alt=\"\" title=\"garantizar\" srcset=\"https:\/\/outdooreurope.eu\/wp-content\/uploads\/2024\/12\/guarantee.png 1539w, https:\/\/outdooreurope.eu\/wp-content\/uploads\/2024\/12\/guarantee-300x184.png 300w, https:\/\/outdooreurope.eu\/wp-content\/uploads\/2024\/12\/guarantee-1024x629.png 1024w, https:\/\/outdooreurope.eu\/wp-content\/uploads\/2024\/12\/guarantee-768x472.png 768w, https:\/\/outdooreurope.eu\/wp-content\/uploads\/2024\/12\/guarantee-1536x944.png 1536w, https:\/\/outdooreurope.eu\/wp-content\/uploads\/2024\/12\/guarantee-18x12.png 18w, https:\/\/outdooreurope.eu\/wp-content\/uploads\/2024\/12\/guarantee-610x375.png 610w, https:\/\/outdooreurope.eu\/wp-content\/uploads\/2024\/12\/guarantee-600x369.png 600w\" sizes=\"(max-width: 1539px) 100vw, 1539px\" \/><\/div>\n\t\t<\/figure>\n\t<\/div>\n<\/div><\/div><\/div><\/div><div class=\"vc_row-full-width vc_clearfix\"><\/div>\n<\/div>","protected":false},"excerpt":{"rendered":"Nuestros hu\u00e9spedes siempre est\u00e1n cubiertos. Outdoor Italy est\u00e1 registrada en Travel Guarantee Denmark. Travel Guarantee Denmark ofrece cobertura a clientes de todas las nacionalidades que viajen con agencias miembro registradas. En caso de que un miembro se declare en quiebra, los clientes recibir\u00e1n un reembolso del precio del tour y, en algunos casos, algunos gastos relacionados con el viaje.<div class=\"padding-top text-center\"><a href=\"https:\/\/outdooreurope.eu\/es\/travel-guarantee\/\" class=\"atbtn atbtn--medium atbtn--rounded atbtn--transparent\">Leer m\u00e1s<i class=\"atbtn__icon atbtn__icon--right fa fa-long-arrow-right\"><\/i><\/a><\/div>","protected":false},"author":1,"featured_media":0,"parent":0,"menu_order":0,"comment_status":"closed","ping_status":"closed","template":"","meta":{"_acf_changed":false,"content-type":"","inline_featured_image":false,"footnotes":""},"class_list":["post-12113","page","type-page","status-publish","hentry"],"acf":[],"yoast_head":"<!-- This site is optimized with the Yoast SEO Premium plugin v27.4 (Yoast SEO v27.4) - https:\/\/yoast.com\/product\/yoast-seo-premium-wordpress\/ -->\n<title>Travel guarantee - Outdoor Europe<\/title>\n<meta name=\"robots\" content=\"index, follow, max-snippet:-1, max-image-preview:large, max-video-preview:-1\" \/>\n<link rel=\"canonical\" href=\"https:\/\/outdooreurope.eu\/es\/garantia-de-viaje\/\" \/>\n<meta property=\"og:locale\" content=\"es_ES\" \/>\n<meta property=\"og:type\" content=\"article\" \/>\n<meta property=\"og:title\" content=\"Travel guarantee\" \/>\n<meta property=\"og:url\" content=\"https:\/\/outdooreurope.eu\/es\/garantia-de-viaje\/\" \/>\n<meta property=\"og:site_name\" content=\"Outdoor Europe\" \/>\n<meta property=\"article:publisher\" content=\"https:\/\/www.facebook.com\/outdooreurope.eu\" \/>\n<meta property=\"article:modified_time\" content=\"2025-01-21T20:46:59+00:00\" \/>\n<meta property=\"og:image\" content=\"https:\/\/outdooreurope.eu\/wp-content\/uploads\/2024\/01\/Dirk-Elsje.jpg\" \/>\n\t<meta property=\"og:image:width\" content=\"1286\" \/>\n\t<meta property=\"og:image:height\" content=\"1286\" \/>\n\t<meta property=\"og:image:type\" content=\"image\/jpeg\" \/>\n<meta name=\"twitter:card\" content=\"summary_large_image\" \/>\n<meta name=\"twitter:label1\" content=\"Tiempo de lectura\" \/>\n\t<meta name=\"twitter:data1\" content=\"1 minuto\" \/>\n<script type=\"application\/ld+json\" class=\"yoast-schema-graph\">{\"@context\":\"https:\\\/\\\/schema.org\",\"@graph\":[{\"@type\":\"WebPage\",\"@id\":\"https:\\\/\\\/outdooreurope.eu\\\/travel-guarantee\\\/\",\"url\":\"https:\\\/\\\/outdooreurope.eu\\\/travel-guarantee\\\/\",\"name\":\"Travel guarantee - Outdoor Europe\",\"isPartOf\":{\"@id\":\"https:\\\/\\\/outdooreurope.eu\\\/#website\"},\"datePublished\":\"2022-07-17T21:11:57+00:00\",\"dateModified\":\"2025-01-21T20:46:59+00:00\",\"breadcrumb\":{\"@id\":\"https:\\\/\\\/outdooreurope.eu\\\/travel-guarantee\\\/#breadcrumb\"},\"inLanguage\":\"es\",\"potentialAction\":[{\"@type\":\"ReadAction\",\"target\":[\"https:\\\/\\\/outdooreurope.eu\\\/travel-guarantee\\\/\"]}]},{\"@type\":\"BreadcrumbList\",\"@id\":\"https:\\\/\\\/outdooreurope.eu\\\/travel-guarantee\\\/#breadcrumb\",\"itemListElement\":[{\"@type\":\"ListItem\",\"position\":1,\"name\":\"Hjem\",\"item\":\"https:\\\/\\\/outdooreurope.eu\\\/\"},{\"@type\":\"ListItem\",\"position\":2,\"name\":\"Travel guarantee\"}]},{\"@type\":\"WebSite\",\"@id\":\"https:\\\/\\\/outdooreurope.eu\\\/#website\",\"url\":\"https:\\\/\\\/outdooreurope.eu\\\/\",\"name\":\"Outdoor Europe\",\"description\":\"Hiking In Europe I Join the trail\",\"potentialAction\":[{\"@type\":\"SearchAction\",\"target\":{\"@type\":\"EntryPoint\",\"urlTemplate\":\"https:\\\/\\\/outdooreurope.eu\\\/?s={search_term_string}\"},\"query-input\":{\"@type\":\"PropertyValueSpecification\",\"valueRequired\":true,\"valueName\":\"search_term_string\"}}],\"inLanguage\":\"es\"}]}<\/script>\n<!-- \/ Yoast SEO Premium plugin. -->","yoast_head_json":{"title":"Garant\u00eda de viaje - Outdoor Europe","robots":{"index":"index","follow":"follow","max-snippet":"max-snippet:-1","max-image-preview":"max-image-preview:large","max-video-preview":"max-video-preview:-1"},"canonical":"https:\/\/outdooreurope.eu\/es\/garantia-de-viaje\/","og_locale":"es_ES","og_type":"article","og_title":"Travel guarantee","og_url":"https:\/\/outdooreurope.eu\/es\/garantia-de-viaje\/","og_site_name":"Outdoor Europe","article_publisher":"https:\/\/www.facebook.com\/outdooreurope.eu","article_modified_time":"2025-01-21T20:46:59+00:00","og_image":[{"width":1286,"height":1286,"url":"https:\/\/outdooreurope.eu\/wp-content\/uploads\/2024\/01\/Dirk-Elsje.jpg","type":"image\/jpeg"}],"twitter_card":"summary_large_image","twitter_misc":{"Tiempo de lectura":"1 minuto"},"schema":{"@context":"https:\/\/schema.org","@graph":[{"@type":"WebPage","@id":"https:\/\/outdooreurope.eu\/travel-guarantee\/","url":"https:\/\/outdooreurope.eu\/travel-guarantee\/","name":"Garant\u00eda de viaje - Outdoor Europe","isPartOf":{"@id":"https:\/\/outdooreurope.eu\/#website"},"datePublished":"2022-07-17T21:11:57+00:00","dateModified":"2025-01-21T20:46:59+00:00","breadcrumb":{"@id":"https:\/\/outdooreurope.eu\/travel-guarantee\/#breadcrumb"},"inLanguage":"es","potentialAction":[{"@type":"ReadAction","target":["https:\/\/outdooreurope.eu\/travel-guarantee\/"]}]},{"@type":"BreadcrumbList","@id":"https:\/\/outdooreurope.eu\/travel-guarantee\/#breadcrumb","itemListElement":[{"@type":"ListItem","position":1,"name":"Hjem","item":"https:\/\/outdooreurope.eu\/"},{"@type":"ListItem","position":2,"name":"Travel guarantee"}]},{"@type":"WebSite","@id":"https:\/\/outdooreurope.eu\/#website","url":"https:\/\/outdooreurope.eu\/","name":"Europa al aire libre","description":"Senderismo en Europa Me uno al sendero","potentialAction":[{"@type":"SearchAction","target":{"@type":"EntryPoint","urlTemplate":"https:\/\/outdooreurope.eu\/?s={search_term_string}"},"query-input":{"@type":"PropertyValueSpecification","valueRequired":true,"valueName":"search_term_string"}}],"inLanguage":"es"}]}},"_links":{"self":[{"href":"https:\/\/outdooreurope.eu\/es\/wp-json\/wp\/v2\/pages\/12113","targetHints":{"allow":["GET"]}}],"collection":[{"href":"https:\/\/outdooreurope.eu\/es\/wp-json\/wp\/v2\/pages"}],"about":[{"href":"https:\/\/outdooreurope.eu\/es\/wp-json\/wp\/v2\/types\/page"}],"author":[{"embeddable":true,"href":"https:\/\/outdooreurope.eu\/es\/wp-json\/wp\/v2\/users\/1"}],"replies":[{"embeddable":true,"href":"https:\/\/outdooreurope.eu\/es\/wp-json\/wp\/v2\/comments?post=12113"}],"version-history":[{"count":8,"href":"https:\/\/outdooreurope.eu\/es\/wp-json\/wp\/v2\/pages\/12113\/revisions"}],"predecessor-version":[{"id":17767,"href":"https:\/\/outdooreurope.eu\/es\/wp-json\/wp\/v2\/pages\/12113\/revisions\/17767"}],"wp:attachment":[{"href":"https:\/\/outdooreurope.eu\/es\/wp-json\/wp\/v2\/media?parent=12113"}],"curies":[{"name":"wp","href":"https:\/\/api.w.org\/{rel}","templated":true}]}}