{"id":12249,"date":"2022-08-12T08:07:39","date_gmt":"2022-08-12T06:07:39","guid":{"rendered":"http:\/\/workdemomaster.com\/outdooreurope\/?page_id=12249"},"modified":"2025-01-21T21:36:32","modified_gmt":"2025-01-21T20:36:32","slug":"encuentra-tu-nivel","status":"publish","type":"page","link":"https:\/\/outdooreurope.eu\/es\/find-your-level\/","title":{"rendered":"Encuentra tu nivel"},"content":{"rendered":"<div class=\"wpb-content-wrapper\"><div class=\"vc_row wpb_row vc_row-fluid pb-100 lavel-page\"><div class=\"wpb_column vc_column_container vc_col-sm-12\"><div class=\"vc_column-inner\"><div class=\"wpb_wrapper\"><h2 style=\"text-align: center\" class=\"vc_custom_heading vc_do_custom_heading\">Todos somos diferentes<\/h2><div style=\"text-align: center\" class=\"vc_custom_heading vc_do_custom_heading your-level-heading\">Utilice esta gu\u00eda para encontrar su tour<\/div><div class=\"vc_row wpb_row vc_inner vc_row-fluid defferent-card vc_row-o-equal-height vc_row-flex\"><div class=\"wpb_column vc_column_container vc_col-sm-6\"><div class=\"vc_column-inner\"><div class=\"wpb_wrapper\">\n\t<div  class=\"wpb_single_image wpb_content_element vc_align_left wpb_content_element\">\n\t\t\n\t\t<figure class=\"wpb_wrapper vc_figure\">\n\t\t\t<div class=\"vc_single_image-wrapper   vc_box_border_grey\"><img decoding=\"async\" width=\"228\" height=\"41\" src=\"https:\/\/outdooreurope.eu\/wp-content\/uploads\/2024\/12\/Easy.svg\" class=\"vc_single_image-img attachment-full\" alt=\"\" title=\"F\u00e1cil\" \/><\/div>\n\t\t<\/figure>\n\t<\/div>\n\n\t<div class=\"wpb_text_column wpb_content_element\">\n\t\t<div class=\"wpb_wrapper\">\n\t\t\t<p>Senderos f\u00e1ciles, de menor distancia y aptos para personas sin experiencia previa en monta\u00f1a. El aspecto f\u00edsico no supone un gran desaf\u00edo, aunque los participantes deber\u00edan poder caminar sin problemas entre 10 y 15 km en una carretera llana. Apto para ni\u00f1os mayores de 8 a\u00f1os.<\/p>\n\n\t\t<\/div>\n\t<\/div>\n\n\t<div class=\"wpb_text_column wpb_content_element color-box\">\n\t\t<div class=\"wpb_wrapper\">\n\t\t\t<p><img decoding=\"async\" class=\"size-medium wp-image-14768\" src=\"https:\/\/outdooreurope.eu\/wp-content\/uploads\/2025\/01\/distance.svg\" alt=\"\" width=\"30\" height=\"30\" \/> Hasta 15 km de distancia y<\/p>\n<p><img decoding=\"async\" class=\"size-medium wp-image-14768\" src=\"https:\/\/outdooreurope.eu\/wp-content\/uploads\/2024\/12\/alpinism.svg\" alt=\"\" width=\"30\" height=\"30\" \/> 600 metros de ganancia\/p\u00e9rdida vertical por d\u00eda<\/p>\n\n\t\t<\/div>\n\t<\/div>\n<\/div><\/div><\/div><div class=\"wpb_column vc_column_container vc_col-sm-6\"><div class=\"vc_column-inner\"><div class=\"wpb_wrapper\">\n\t<div  class=\"wpb_single_image wpb_content_element vc_align_left wpb_content_element\">\n\t\t\n\t\t<figure class=\"wpb_wrapper vc_figure\">\n\t\t\t<div class=\"vc_single_image-wrapper   vc_box_border_grey\"><img decoding=\"async\" width=\"228\" height=\"40\" src=\"https:\/\/outdooreurope.eu\/wp-content\/uploads\/2025\/01\/Moderate.svg\" class=\"vc_single_image-img attachment-full\" alt=\"\" title=\"Moderado\" \/><\/div>\n\t\t<\/figure>\n\t<\/div>\n\n\t<div class=\"wpb_text_column wpb_content_element\">\n\t\t<div class=\"wpb_wrapper\">\n\t\t\t<p>Senderos bien mantenidos y bastante anchos, pero con algunos segmentos desafiantes, como pendientes pronunciadas y algunas partes t\u00e9cnicas y rocosas. Se necesita bastante buena forma. Los participantes deber\u00edan poder caminar de 15 a 20 km por un camino llano con poca dificultad. Apto para ni\u00f1os a partir de 12 a\u00f1os.<\/p>\n\n\t\t<\/div>\n\t<\/div>\n\n\t<div class=\"wpb_text_column wpb_content_element color-box\">\n\t\t<div class=\"wpb_wrapper\">\n\t\t\t<p><img decoding=\"async\" class=\"size-medium wp-image-14768\" src=\"https:\/\/outdooreurope.eu\/wp-content\/uploads\/2025\/01\/distance.svg\" alt=\"\" width=\"30\" height=\"30\" \/> Hasta 20 km de distancia y<\/p>\n<p><img decoding=\"async\" class=\"size-medium wp-image-14768\" src=\"https:\/\/outdooreurope.eu\/wp-content\/uploads\/2024\/12\/alpinism.svg\" alt=\"\" width=\"30\" height=\"30\" \/> 1300 metros de ganancia\/p\u00e9rdida vertical por d\u00eda<\/p>\n\n\t\t<\/div>\n\t<\/div>\n<\/div><\/div><\/div><\/div><div class=\"vc_row wpb_row vc_inner vc_row-fluid defferent-card vc_row-o-equal-height vc_row-flex\"><div class=\"wpb_column vc_column_container vc_col-sm-6\"><div class=\"vc_column-inner\"><div class=\"wpb_wrapper\">\n\t<div  class=\"wpb_single_image wpb_content_element vc_align_left wpb_content_element\">\n\t\t\n\t\t<figure class=\"wpb_wrapper vc_figure\">\n\t\t\t<div class=\"vc_single_image-wrapper   vc_box_border_grey\"><img decoding=\"async\" width=\"228\" height=\"41\" src=\"https:\/\/outdooreurope.eu\/wp-content\/uploads\/2024\/12\/Experienced.svg\" class=\"vc_single_image-img attachment-full\" alt=\"\" title=\"Experimentado\" \/><\/div>\n\t\t<\/figure>\n\t<\/div>\n\n\t<div class=\"wpb_text_column wpb_content_element\">\n\t\t<div class=\"wpb_wrapper\">\n\t\t\t<p>Senderos con p\u00e1ginas t\u00e9cnicas m\u00e1s largas y, a veces, poco se\u00f1alizados. Los participantes han caminado por los Alpes o entornos similares varias veces y estar\u00e1n familiarizados con la lectura de mapas, el GPS y las condiciones clim\u00e1ticas cambiantes. No apropiado para ni\u00f1os.<\/p>\n\n\t\t<\/div>\n\t<\/div>\n\n\t<div class=\"wpb_text_column wpb_content_element color-box\">\n\t\t<div class=\"wpb_wrapper\">\n\t\t\t<p><img decoding=\"async\" class=\"size-medium wp-image-14768\" src=\"https:\/\/outdooreurope.eu\/wp-content\/uploads\/2025\/01\/distance.svg\" alt=\"\" width=\"30\" height=\"30\" \/> Hasta 25 km de distancia y<\/p>\n<p><img decoding=\"async\" class=\"size-medium wp-image-14768\" src=\"https:\/\/outdooreurope.eu\/wp-content\/uploads\/2024\/12\/alpinism.svg\" alt=\"\" width=\"30\" height=\"30\" \/> 1800 metros de ganancia\/p\u00e9rdida vertical por d\u00eda<\/p>\n\n\t\t<\/div>\n\t<\/div>\n<\/div><\/div><\/div><div class=\"wpb_column vc_column_container vc_col-sm-6\"><div class=\"vc_column-inner\"><div class=\"wpb_wrapper\">\n\t<div  class=\"wpb_single_image wpb_content_element vc_align_left wpb_content_element\">\n\t\t\n\t\t<figure class=\"wpb_wrapper vc_figure\">\n\t\t\t<div class=\"vc_single_image-wrapper   vc_box_border_grey\"><img decoding=\"async\" width=\"228\" height=\"40\" src=\"https:\/\/outdooreurope.eu\/wp-content\/uploads\/2024\/12\/Advanced.svg\" class=\"vc_single_image-img attachment-full\" alt=\"\" title=\"Avanzado\" \/><\/div>\n\t\t<\/figure>\n\t<\/div>\n\n\t<div class=\"wpb_text_column wpb_content_element\">\n\t\t<div class=\"wpb_wrapper\">\n\t\t\t<p>S\u00f3lo para deportistas muy experimentados y con s\u00f3lida experiencia en la actividad elegida, ya sea senderismo, carrera, escalada o esqu\u00ed. La forma es \u00f3ptima y los participantes deber\u00edan poder correr una carrera de media marat\u00f3n sin mucha dificultad.<\/p>\n\n\t\t<\/div>\n\t<\/div>\n<\/div><\/div><\/div><\/div><\/div><\/div><\/div><\/div><div data-vc-full-width=\"true\" data-vc-full-width-temp=\"true\" data-vc-full-width-init=\"false\" class=\"vc_row wpb_row vc_row-fluid vc_custom_1696339208689 vc_row-has-fill\"><div class=\"wpb_column vc_column_container vc_col-sm-12\"><div class=\"vc_column-inner\"><div class=\"wpb_wrapper\"><div class=\"templatera_shortcode\"><div data-vc-full-width=\"true\" data-vc-full-width-temp=\"true\" data-vc-full-width-init=\"false\" class=\"vc_row wpb_row vc_row-fluid footer-cta pt-100 pb-100 vc_row-o-content-middle vc_row-flex\"><div class=\"wpb_column vc_column_container vc_col-sm-6\"><div class=\"vc_column-inner vc_custom_1696340752653\"><div class=\"wpb_wrapper\"><h3 style=\"text-align: left\" class=\"vc_custom_heading vc_do_custom_heading pb-3\">Crea tu propio tour privado en grupo<\/h3>\n\t<div class=\"wpb_text_column wpb_content_element\">\n\t\t<div class=\"wpb_wrapper\">\n\t\t\t<p>Ya sea una familia numerosa, un equipo de trabajo o un club deportivo, te ayudaremos a crear una aventura de grupo perfecta.<\/p>\n\n\t\t<\/div>\n\t<\/div>\n<div class=\"vc_btn3-container  theme-btn pt-3 vc_btn3-inline vc_do_btn\"><a class=\"vc_general vc_btn3 vc_btn3-size-md vc_btn3-shape-rounded vc_btn3-style-modern vc_btn3-color-grey\" href=\"\/es\/tour-privado\/\" title=\"Tours privados\">grupo privado<\/a><\/div><\/div><\/div><\/div><div class=\"wpb_column vc_column_container vc_col-sm-6\"><div class=\"vc_column-inner\"><div class=\"wpb_wrapper\">\n\t<div  class=\"wpb_single_image wpb_content_element vc_align_left wpb_content_element\">\n\t\t\n\t\t<figure class=\"wpb_wrapper vc_figure\">\n\t\t\t<div class=\"vc_single_image-wrapper   vc_box_border_grey\"><img decoding=\"async\" width=\"746\" height=\"559\" src=\"https:\/\/outdooreurope.eu\/wp-content\/uploads\/2024\/01\/outdoor-community-new.png\" class=\"vc_single_image-img attachment-full\" alt=\"\" title=\"comunidad-al aire libre-nueva\" srcset=\"https:\/\/outdooreurope.eu\/wp-content\/uploads\/2024\/01\/outdoor-community-new.png 746w, https:\/\/outdooreurope.eu\/wp-content\/uploads\/2024\/01\/outdoor-community-new-300x225.png 300w, https:\/\/outdooreurope.eu\/wp-content\/uploads\/2024\/01\/outdoor-community-new-16x12.png 16w, https:\/\/outdooreurope.eu\/wp-content\/uploads\/2024\/01\/outdoor-community-new-610x457.png 610w, https:\/\/outdooreurope.eu\/wp-content\/uploads\/2024\/01\/outdoor-community-new-600x450.png 600w\" sizes=\"(max-width: 746px) 100vw, 746px\" \/><\/div>\n\t\t<\/figure>\n\t<\/div>\n<\/div><\/div><\/div><\/div><div class=\"vc_row-full-width vc_clearfix\"><\/div><\/div><\/div><\/div><\/div><\/div><div class=\"vc_row-full-width vc_clearfix\"><\/div>\n<\/div>","protected":false},"excerpt":{"rendered":"Todos somos diferentesUsa esta gu\u00eda para encontrar tu recorrido Senderos f\u00e1ciles, distancias m\u00e1s cortas y adecuados para personas sin experiencia previa en la monta\u00f1a. La exigencia f\u00edsica no es muy exigente, aunque los participantes deber\u00edan poder caminar 10-15 km sin problemas en un camino llano. Adecuado para ni\u00f1os mayores de 8 a\u00f1os. Hasta 15<div class=\"padding-top text-center\"><a href=\"https:\/\/outdooreurope.eu\/es\/find-your-level\/\" class=\"atbtn atbtn--medium atbtn--rounded atbtn--transparent\">Leer m\u00e1s<i class=\"atbtn__icon atbtn__icon--right fa fa-long-arrow-right\"><\/i><\/a><\/div>","protected":false},"author":1,"featured_media":0,"parent":0,"menu_order":0,"comment_status":"closed","ping_status":"closed","template":"","meta":{"_acf_changed":false,"content-type":"","inline_featured_image":false,"footnotes":""},"class_list":["post-12249","page","type-page","status-publish","hentry"],"acf":[],"yoast_head":"<!-- This site is optimized with the Yoast SEO Premium plugin v27.5 (Yoast SEO v27.5) - https:\/\/yoast.com\/product\/yoast-seo-premium-wordpress\/ -->\n<title>Find Your Level - Outdoor Europe<\/title>\n<meta name=\"robots\" content=\"index, follow, max-snippet:-1, max-image-preview:large, max-video-preview:-1\" \/>\n<link rel=\"canonical\" href=\"https:\/\/outdooreurope.eu\/es\/encuentra-tu-nivel\/\" \/>\n<meta property=\"og:locale\" content=\"es_ES\" \/>\n<meta property=\"og:type\" content=\"article\" \/>\n<meta property=\"og:title\" content=\"Find Your Level\" \/>\n<meta property=\"og:url\" content=\"https:\/\/outdooreurope.eu\/es\/encuentra-tu-nivel\/\" \/>\n<meta property=\"og:site_name\" content=\"Outdoor Europe\" \/>\n<meta property=\"article:publisher\" content=\"https:\/\/www.facebook.com\/outdooreurope.eu\" \/>\n<meta property=\"article:modified_time\" content=\"2025-01-21T20:36:32+00:00\" \/>\n<meta property=\"og:image\" content=\"https:\/\/outdooreurope.eu\/wp-content\/uploads\/2025\/01\/distance.svg\" \/>\n<meta name=\"twitter:card\" content=\"summary_large_image\" \/>\n<meta name=\"twitter:label1\" content=\"Tiempo de lectura\" \/>\n\t<meta name=\"twitter:data1\" content=\"5 minutos\" \/>\n<script type=\"application\/ld+json\" class=\"yoast-schema-graph\">{\"@context\":\"https:\\\/\\\/schema.org\",\"@graph\":[{\"@type\":\"WebPage\",\"@id\":\"https:\\\/\\\/outdooreurope.eu\\\/find-your-level\\\/\",\"url\":\"https:\\\/\\\/outdooreurope.eu\\\/find-your-level\\\/\",\"name\":\"Find Your Level - Outdoor Europe\",\"isPartOf\":{\"@id\":\"https:\\\/\\\/outdooreurope.eu\\\/#website\"},\"primaryImageOfPage\":{\"@id\":\"https:\\\/\\\/outdooreurope.eu\\\/find-your-level\\\/#primaryimage\"},\"image\":{\"@id\":\"https:\\\/\\\/outdooreurope.eu\\\/find-your-level\\\/#primaryimage\"},\"thumbnailUrl\":\"https:\\\/\\\/outdooreurope.eu\\\/wp-content\\\/uploads\\\/2025\\\/01\\\/distance.svg\",\"datePublished\":\"2022-08-12T06:07:39+00:00\",\"dateModified\":\"2025-01-21T20:36:32+00:00\",\"breadcrumb\":{\"@id\":\"https:\\\/\\\/outdooreurope.eu\\\/find-your-level\\\/#breadcrumb\"},\"inLanguage\":\"es\",\"potentialAction\":[{\"@type\":\"ReadAction\",\"target\":[\"https:\\\/\\\/outdooreurope.eu\\\/find-your-level\\\/\"]}]},{\"@type\":\"ImageObject\",\"inLanguage\":\"es\",\"@id\":\"https:\\\/\\\/outdooreurope.eu\\\/find-your-level\\\/#primaryimage\",\"url\":\"https:\\\/\\\/outdooreurope.eu\\\/wp-content\\\/uploads\\\/2025\\\/01\\\/distance.svg\",\"contentUrl\":\"https:\\\/\\\/outdooreurope.eu\\\/wp-content\\\/uploads\\\/2025\\\/01\\\/distance.svg\"},{\"@type\":\"BreadcrumbList\",\"@id\":\"https:\\\/\\\/outdooreurope.eu\\\/find-your-level\\\/#breadcrumb\",\"itemListElement\":[{\"@type\":\"ListItem\",\"position\":1,\"name\":\"Hjem\",\"item\":\"https:\\\/\\\/outdooreurope.eu\\\/\"},{\"@type\":\"ListItem\",\"position\":2,\"name\":\"Find Your Level\"}]},{\"@type\":\"WebSite\",\"@id\":\"https:\\\/\\\/outdooreurope.eu\\\/#website\",\"url\":\"https:\\\/\\\/outdooreurope.eu\\\/\",\"name\":\"Outdoor Europe\",\"description\":\"Hiking In Europe I Join the trail\",\"potentialAction\":[{\"@type\":\"SearchAction\",\"target\":{\"@type\":\"EntryPoint\",\"urlTemplate\":\"https:\\\/\\\/outdooreurope.eu\\\/?s={search_term_string}\"},\"query-input\":{\"@type\":\"PropertyValueSpecification\",\"valueRequired\":true,\"valueName\":\"search_term_string\"}}],\"inLanguage\":\"es\"}]}<\/script>\n<!-- \/ Yoast SEO Premium plugin. -->","yoast_head_json":{"title":"Encuentra tu nivel - Outdoor Europe","robots":{"index":"index","follow":"follow","max-snippet":"max-snippet:-1","max-image-preview":"max-image-preview:large","max-video-preview":"max-video-preview:-1"},"canonical":"https:\/\/outdooreurope.eu\/es\/encuentra-tu-nivel\/","og_locale":"es_ES","og_type":"article","og_title":"Find Your Level","og_url":"https:\/\/outdooreurope.eu\/es\/encuentra-tu-nivel\/","og_site_name":"Outdoor Europe","article_publisher":"https:\/\/www.facebook.com\/outdooreurope.eu","article_modified_time":"2025-01-21T20:36:32+00:00","og_image":[{"url":"https:\/\/outdooreurope.eu\/wp-content\/uploads\/2025\/01\/distance.svg","type":"","width":"","height":""}],"twitter_card":"summary_large_image","twitter_misc":{"Tiempo de lectura":"5 minutos"},"schema":{"@context":"https:\/\/schema.org","@graph":[{"@type":"WebPage","@id":"https:\/\/outdooreurope.eu\/find-your-level\/","url":"https:\/\/outdooreurope.eu\/find-your-level\/","name":"Encuentra tu nivel - Outdoor Europe","isPartOf":{"@id":"https:\/\/outdooreurope.eu\/#website"},"primaryImageOfPage":{"@id":"https:\/\/outdooreurope.eu\/find-your-level\/#primaryimage"},"image":{"@id":"https:\/\/outdooreurope.eu\/find-your-level\/#primaryimage"},"thumbnailUrl":"https:\/\/outdooreurope.eu\/wp-content\/uploads\/2025\/01\/distance.svg","datePublished":"2022-08-12T06:07:39+00:00","dateModified":"2025-01-21T20:36:32+00:00","breadcrumb":{"@id":"https:\/\/outdooreurope.eu\/find-your-level\/#breadcrumb"},"inLanguage":"es","potentialAction":[{"@type":"ReadAction","target":["https:\/\/outdooreurope.eu\/find-your-level\/"]}]},{"@type":"ImageObject","inLanguage":"es","@id":"https:\/\/outdooreurope.eu\/find-your-level\/#primaryimage","url":"https:\/\/outdooreurope.eu\/wp-content\/uploads\/2025\/01\/distance.svg","contentUrl":"https:\/\/outdooreurope.eu\/wp-content\/uploads\/2025\/01\/distance.svg"},{"@type":"BreadcrumbList","@id":"https:\/\/outdooreurope.eu\/find-your-level\/#breadcrumb","itemListElement":[{"@type":"ListItem","position":1,"name":"Hjem","item":"https:\/\/outdooreurope.eu\/"},{"@type":"ListItem","position":2,"name":"Find Your Level"}]},{"@type":"WebSite","@id":"https:\/\/outdooreurope.eu\/#website","url":"https:\/\/outdooreurope.eu\/","name":"Europa al aire libre","description":"Senderismo en Europa Me uno al sendero","potentialAction":[{"@type":"SearchAction","target":{"@type":"EntryPoint","urlTemplate":"https:\/\/outdooreurope.eu\/?s={search_term_string}"},"query-input":{"@type":"PropertyValueSpecification","valueRequired":true,"valueName":"search_term_string"}}],"inLanguage":"es"}]}},"_links":{"self":[{"href":"https:\/\/outdooreurope.eu\/es\/wp-json\/wp\/v2\/pages\/12249","targetHints":{"allow":["GET"]}}],"collection":[{"href":"https:\/\/outdooreurope.eu\/es\/wp-json\/wp\/v2\/pages"}],"about":[{"href":"https:\/\/outdooreurope.eu\/es\/wp-json\/wp\/v2\/types\/page"}],"author":[{"embeddable":true,"href":"https:\/\/outdooreurope.eu\/es\/wp-json\/wp\/v2\/users\/1"}],"replies":[{"embeddable":true,"href":"https:\/\/outdooreurope.eu\/es\/wp-json\/wp\/v2\/comments?post=12249"}],"version-history":[{"count":23,"href":"https:\/\/outdooreurope.eu\/es\/wp-json\/wp\/v2\/pages\/12249\/revisions"}],"predecessor-version":[{"id":17738,"href":"https:\/\/outdooreurope.eu\/es\/wp-json\/wp\/v2\/pages\/12249\/revisions\/17738"}],"wp:attachment":[{"href":"https:\/\/outdooreurope.eu\/es\/wp-json\/wp\/v2\/media?parent=12249"}],"curies":[{"name":"wp","href":"https:\/\/api.w.org\/{rel}","templated":true}]}}