{"id":15462,"date":"2024-01-12T09:53:01","date_gmt":"2024-01-12T08:53:01","guid":{"rendered":"https:\/\/outdooreurope.eu\/?post_type=product&#038;p=15462"},"modified":"2025-03-28T08:06:08","modified_gmt":"2025-03-28T07:06:08","slug":"senderismo-en-alemania-zugspitze-trekking-autoguiado","status":"publish","type":"product","link":"https:\/\/outdooreurope.eu\/es\/tours\/hiking-germany-zugspitze-self-guided-trekking\/","title":{"rendered":"Senderismo por el Zugspitze: descubre la magia"},"content":{"rendered":"<p>Camina por el Zugspitze. Emb\u00e1rcate en la ruta de senderismo &quot;Alrededor del Zugspitze&quot;, un fascinante viaje por los paisajes alpinos que rodean el pico m\u00e1s alto de Alemania. Esta aventura autoguiada te lleva desde Garmisch-Partenkirchen hasta el tranquilo valle de Leutasch.<\/p>\n<ul>\n<li><strong>Emocionantes cruces de gargantas:<\/strong> Atraviese impresionantes desfiladeros sobre pasarelas de madera suspendidas sobre r\u00edos rugientes, que ofrecen momentos llenos de adrenalina y perspectivas \u00fanicas del poder puro de la naturaleza.<\/li>\n<li><strong>Id\u00edlicos pastos alpinos e inmersi\u00f3n cultural:<\/strong> Pasee por pintorescos prados alpinos. Disfrute del tradicional &quot;Brotzeit&quot; b\u00e1varo en caba\u00f1as r\u00fasticas. Y sum\u00e9rjase en el rico patrimonio cultural de la regi\u00f3n.<\/li>\n<li><strong>Pueblos pintorescos y valles tranquilos:<\/strong> Explora tranquilos pueblos enclavados en el valle de Leutasch, frente al majestuoso macizo de Wetterstein. Una combinaci\u00f3n perfecta de belleza natural y tranquilidad.<\/li>\n<\/ul>","protected":false},"excerpt":{"rendered":"<p>Camina por el Zugspitze. Emb\u00e1rcate en la ruta de senderismo &quot;Alrededor del Zugspitze&quot;, un fascinante viaje por los paisajes alpinos que rodean el pico m\u00e1s alto de Alemania. Esta aventura autoguiada va desde Garmisch-Partenkirchen hasta el tranquilo valle de Leutasch. Emocionantes desfiladeros: Recorre imponentes desfiladeros en pasarelas de madera suspendidas sobre r\u00edos caudalosos, ofreciendo momentos llenos de adrenalina y perspectivas \u00fanicas de la fuerza pura de la naturaleza. Id\u00edlico.<\/p>\n<div class=\"padding-top text-center\"><a href=\"https:\/\/outdooreurope.eu\/es\/tours\/hiking-germany-zugspitze-self-guided-trekking\/\" class=\"atbtn atbtn--medium atbtn--rounded atbtn--transparent\">Leer m\u00e1s<i class=\"atbtn__icon atbtn__icon--right fa fa-long-arrow-right\"><\/i><\/a><\/div>","protected":false},"featured_media":15463,"comment_status":"open","ping_status":"closed","template":"","meta":{"_acf_changed":false,"content-type":"","inline_featured_image":false},"product_brand":[],"product_cat":[302],"product_tag":[1161,760],"class_list":{"0":"post-15462","1":"product","2":"type-product","3":"status-publish","4":"has-post-thumbnail","6":"tour_country-germany","7":"tour_types-dog-friendly","8":"product_cat-ukategoriseret","9":"product_tag-familyhiking","10":"product_tag-hiking","11":"pa_duration-6-nights","12":"tour_category-hiking-in-europe","14":"first","15":"instock","16":"virtual","17":"purchasable","18":"product-type-tour"},"acf":[],"yoast_head":"<!-- This site is optimized with the Yoast SEO Premium plugin v27.4 (Yoast SEO v27.4) - https:\/\/yoast.com\/product\/yoast-seo-premium-wordpress\/ -->\n<title>Hike Around Zugspitze: Explore Alpine Landscapes - Outdoor Europe<\/title>\n<meta name=\"description\" content=\"Discover the breathtaking landscapes on the Hike Around Zugspitze! Experience thrilling gorge crossings and tranquil valleys on this adventure.\" \/>\n<meta name=\"robots\" content=\"index, follow, max-snippet:-1, max-image-preview:large, max-video-preview:-1\" \/>\n<link rel=\"canonical\" href=\"https:\/\/outdooreurope.eu\/es\/excursiones\/senderismo-en-alemania-zugspitze-trekking-autoguiado\/\" \/>\n<meta property=\"og:locale\" content=\"es_ES\" \/>\n<meta property=\"og:type\" content=\"article\" \/>\n<meta property=\"og:title\" content=\"Hike around Zugspitze: discover the magic\" \/>\n<meta property=\"og:description\" content=\"Hike around Zugspitze. Embark on the Around Zugspitze hiking tour, a captivating journey through the Alpine landscapes around Germany&#039;s highest peak. This\" \/>\n<meta property=\"og:url\" content=\"https:\/\/outdooreurope.eu\/es\/excursiones\/senderismo-en-alemania-zugspitze-trekking-autoguiado\/\" \/>\n<meta property=\"og:site_name\" content=\"Outdoor Europe\" \/>\n<meta property=\"article:publisher\" content=\"https:\/\/www.facebook.com\/outdooreurope.eu\" \/>\n<meta property=\"article:modified_time\" content=\"2025-03-28T07:06:08+00:00\" \/>\n<meta property=\"og:image\" content=\"https:\/\/outdooreurope.eu\/wp-content\/uploads\/2024\/01\/eurohike-wanderreisen-zugspitze-wanderer-ausblick-720x606-1.jpeg\" \/>\n\t<meta property=\"og:image:width\" content=\"720\" \/>\n\t<meta property=\"og:image:height\" content=\"606\" \/>\n\t<meta property=\"og:image:type\" content=\"image\/jpeg\" \/>\n<meta name=\"twitter:card\" content=\"summary_large_image\" \/>\n<meta name=\"twitter:label1\" content=\"Precio\" \/>\n\t<meta name=\"twitter:data1\" content=\"&euro;1,159\" \/>\n\t<meta name=\"twitter:label2\" content=\"Disponibilidad\" \/>\n\t<meta name=\"twitter:data2\" content=\"Disponible\" \/>\n<script type=\"application\/ld+json\" class=\"yoast-schema-graph\">{\"@context\":\"https:\\\/\\\/schema.org\",\"@graph\":[{\"@type\":\"WebPage\",\"@id\":\"https:\\\/\\\/outdooreurope.eu\\\/tours\\\/hiking-germany-zugspitze-self-guided-trekking\\\/\",\"url\":\"https:\\\/\\\/outdooreurope.eu\\\/tours\\\/hiking-germany-zugspitze-self-guided-trekking\\\/\",\"name\":\"Hike Around Zugspitze: Explore Alpine Landscapes - Outdoor Europe\",\"isPartOf\":{\"@id\":\"https:\\\/\\\/outdooreurope.eu\\\/#website\"},\"primaryImageOfPage\":{\"@id\":\"https:\\\/\\\/outdooreurope.eu\\\/tours\\\/hiking-germany-zugspitze-self-guided-trekking\\\/#primaryimage\"},\"image\":{\"@id\":\"https:\\\/\\\/outdooreurope.eu\\\/tours\\\/hiking-germany-zugspitze-self-guided-trekking\\\/#primaryimage\"},\"thumbnailUrl\":\"https:\\\/\\\/outdooreurope.eu\\\/wp-content\\\/uploads\\\/2024\\\/01\\\/eurohike-wanderreisen-zugspitze-wanderer-ausblick-720x606-1.jpeg\",\"datePublished\":\"2024-01-12T08:53:01+00:00\",\"dateModified\":\"2025-03-28T07:06:08+00:00\",\"description\":\"Discover the breathtaking landscapes on the Hike Around Zugspitze! Experience thrilling gorge crossings and tranquil valleys on this adventure.\",\"breadcrumb\":{\"@id\":\"https:\\\/\\\/outdooreurope.eu\\\/tours\\\/hiking-germany-zugspitze-self-guided-trekking\\\/#breadcrumb\"},\"inLanguage\":\"es\",\"potentialAction\":[{\"@type\":\"ReadAction\",\"target\":[\"https:\\\/\\\/outdooreurope.eu\\\/tours\\\/hiking-germany-zugspitze-self-guided-trekking\\\/\"]}]},{\"@type\":\"ImageObject\",\"inLanguage\":\"es\",\"@id\":\"https:\\\/\\\/outdooreurope.eu\\\/tours\\\/hiking-germany-zugspitze-self-guided-trekking\\\/#primaryimage\",\"url\":\"https:\\\/\\\/outdooreurope.eu\\\/wp-content\\\/uploads\\\/2024\\\/01\\\/eurohike-wanderreisen-zugspitze-wanderer-ausblick-720x606-1.jpeg\",\"contentUrl\":\"https:\\\/\\\/outdooreurope.eu\\\/wp-content\\\/uploads\\\/2024\\\/01\\\/eurohike-wanderreisen-zugspitze-wanderer-ausblick-720x606-1.jpeg\",\"width\":720,\"height\":606},{\"@type\":\"BreadcrumbList\",\"@id\":\"https:\\\/\\\/outdooreurope.eu\\\/tours\\\/hiking-germany-zugspitze-self-guided-trekking\\\/#breadcrumb\",\"itemListElement\":[{\"@type\":\"ListItem\",\"position\":1,\"name\":\"Hjem\",\"item\":\"https:\\\/\\\/outdooreurope.eu\\\/\"},{\"@type\":\"ListItem\",\"position\":2,\"name\":\"Shop\",\"item\":\"https:\\\/\\\/outdooreurope.eu\\\/shop\\\/\"},{\"@type\":\"ListItem\",\"position\":3,\"name\":\"Hike around Zugspitze: discover the magic\"}]},{\"@type\":\"WebSite\",\"@id\":\"https:\\\/\\\/outdooreurope.eu\\\/#website\",\"url\":\"https:\\\/\\\/outdooreurope.eu\\\/\",\"name\":\"Outdoor Europe\",\"description\":\"Hiking In Europe I Join the trail\",\"potentialAction\":[{\"@type\":\"SearchAction\",\"target\":{\"@type\":\"EntryPoint\",\"urlTemplate\":\"https:\\\/\\\/outdooreurope.eu\\\/?s={search_term_string}\"},\"query-input\":{\"@type\":\"PropertyValueSpecification\",\"valueRequired\":true,\"valueName\":\"search_term_string\"}}],\"inLanguage\":\"es\"}]}<\/script>\n<meta property=\"product:price:amount\" content=\"1159\" \/>\n<meta property=\"product:price:currency\" content=\"EUR\" \/>\n<meta property=\"og:availability\" content=\"instock\" \/>\n<meta property=\"product:availability\" content=\"instock\" \/>\n<meta property=\"product:retailer_item_id\" content=\"15462\" \/>\n<meta property=\"product:condition\" content=\"new\" \/>\n<!-- \/ Yoast SEO Premium plugin. -->","yoast_head_json":{"title":"Senderismo por el Zugspitze: explora los paisajes alpinos - Outdoor Europe","description":"\u00a1Descubre los impresionantes paisajes en la ruta de senderismo por el Zugspitze! Vive emocionantes cruces de gargantas y tranquilos valles en esta aventura.","robots":{"index":"index","follow":"follow","max-snippet":"max-snippet:-1","max-image-preview":"max-image-preview:large","max-video-preview":"max-video-preview:-1"},"canonical":"https:\/\/outdooreurope.eu\/es\/excursiones\/senderismo-en-alemania-zugspitze-trekking-autoguiado\/","og_locale":"es_ES","og_type":"article","og_title":"Hike around Zugspitze: discover the magic","og_description":"Hike around Zugspitze. Embark on the Around Zugspitze hiking tour, a captivating journey through the Alpine landscapes around Germany's highest peak. This","og_url":"https:\/\/outdooreurope.eu\/es\/excursiones\/senderismo-en-alemania-zugspitze-trekking-autoguiado\/","og_site_name":"Outdoor Europe","article_publisher":"https:\/\/www.facebook.com\/outdooreurope.eu","article_modified_time":"2025-03-28T07:06:08+00:00","og_image":[{"width":720,"height":606,"url":"https:\/\/outdooreurope.eu\/wp-content\/uploads\/2024\/01\/eurohike-wanderreisen-zugspitze-wanderer-ausblick-720x606-1.jpeg","type":"image\/jpeg"}],"twitter_card":"summary_large_image","twitter_misc":{"Precio":"&euro;1,159","Disponibilidad":"Disponible"},"schema":{"@context":"https:\/\/schema.org","@graph":[{"@type":"WebPage","@id":"https:\/\/outdooreurope.eu\/tours\/hiking-germany-zugspitze-self-guided-trekking\/","url":"https:\/\/outdooreurope.eu\/tours\/hiking-germany-zugspitze-self-guided-trekking\/","name":"Senderismo por el Zugspitze: explora los paisajes alpinos - Outdoor Europe","isPartOf":{"@id":"https:\/\/outdooreurope.eu\/#website"},"primaryImageOfPage":{"@id":"https:\/\/outdooreurope.eu\/tours\/hiking-germany-zugspitze-self-guided-trekking\/#primaryimage"},"image":{"@id":"https:\/\/outdooreurope.eu\/tours\/hiking-germany-zugspitze-self-guided-trekking\/#primaryimage"},"thumbnailUrl":"https:\/\/outdooreurope.eu\/wp-content\/uploads\/2024\/01\/eurohike-wanderreisen-zugspitze-wanderer-ausblick-720x606-1.jpeg","datePublished":"2024-01-12T08:53:01+00:00","dateModified":"2025-03-28T07:06:08+00:00","description":"\u00a1Descubre los impresionantes paisajes en la ruta de senderismo por el Zugspitze! Vive emocionantes cruces de gargantas y tranquilos valles en esta aventura.","breadcrumb":{"@id":"https:\/\/outdooreurope.eu\/tours\/hiking-germany-zugspitze-self-guided-trekking\/#breadcrumb"},"inLanguage":"es","potentialAction":[{"@type":"ReadAction","target":["https:\/\/outdooreurope.eu\/tours\/hiking-germany-zugspitze-self-guided-trekking\/"]}]},{"@type":"ImageObject","inLanguage":"es","@id":"https:\/\/outdooreurope.eu\/tours\/hiking-germany-zugspitze-self-guided-trekking\/#primaryimage","url":"https:\/\/outdooreurope.eu\/wp-content\/uploads\/2024\/01\/eurohike-wanderreisen-zugspitze-wanderer-ausblick-720x606-1.jpeg","contentUrl":"https:\/\/outdooreurope.eu\/wp-content\/uploads\/2024\/01\/eurohike-wanderreisen-zugspitze-wanderer-ausblick-720x606-1.jpeg","width":720,"height":606},{"@type":"BreadcrumbList","@id":"https:\/\/outdooreurope.eu\/tours\/hiking-germany-zugspitze-self-guided-trekking\/#breadcrumb","itemListElement":[{"@type":"ListItem","position":1,"name":"Hjem","item":"https:\/\/outdooreurope.eu\/"},{"@type":"ListItem","position":2,"name":"Shop","item":"https:\/\/outdooreurope.eu\/shop\/"},{"@type":"ListItem","position":3,"name":"Hike around Zugspitze: discover the magic"}]},{"@type":"WebSite","@id":"https:\/\/outdooreurope.eu\/#website","url":"https:\/\/outdooreurope.eu\/","name":"Europa al aire libre","description":"Senderismo en Europa Me uno al sendero","potentialAction":[{"@type":"SearchAction","target":{"@type":"EntryPoint","urlTemplate":"https:\/\/outdooreurope.eu\/?s={search_term_string}"},"query-input":{"@type":"PropertyValueSpecification","valueRequired":true,"valueName":"search_term_string"}}],"inLanguage":"es"}]},"product_price_amount":"1159","product_price_currency":"EUR","og_availability":"instock","product_availability":"instock","product_retailer_item_id":"15462","product_condition":"new"},"_links":{"self":[{"href":"https:\/\/outdooreurope.eu\/es\/wp-json\/wp\/v2\/product\/15462","targetHints":{"allow":["GET"]}}],"collection":[{"href":"https:\/\/outdooreurope.eu\/es\/wp-json\/wp\/v2\/product"}],"about":[{"href":"https:\/\/outdooreurope.eu\/es\/wp-json\/wp\/v2\/types\/product"}],"replies":[{"embeddable":true,"href":"https:\/\/outdooreurope.eu\/es\/wp-json\/wp\/v2\/comments?post=15462"}],"wp:featuredmedia":[{"embeddable":true,"href":"https:\/\/outdooreurope.eu\/es\/wp-json\/wp\/v2\/media\/15463"}],"wp:attachment":[{"href":"https:\/\/outdooreurope.eu\/es\/wp-json\/wp\/v2\/media?parent=15462"}],"wp:term":[{"taxonomy":"product_brand","embeddable":true,"href":"https:\/\/outdooreurope.eu\/es\/wp-json\/wp\/v2\/product_brand?post=15462"},{"taxonomy":"product_cat","embeddable":true,"href":"https:\/\/outdooreurope.eu\/es\/wp-json\/wp\/v2\/product_cat?post=15462"},{"taxonomy":"product_tag","embeddable":true,"href":"https:\/\/outdooreurope.eu\/es\/wp-json\/wp\/v2\/product_tag?post=15462"}],"curies":[{"name":"wp","href":"https:\/\/api.w.org\/{rel}","templated":true}]}}