{"id":15612,"date":"2024-01-12T14:19:12","date_gmt":"2024-01-12T13:19:12","guid":{"rendered":"https:\/\/outdooreurope.eu\/?post_type=product&#038;p=15612"},"modified":"2025-06-19T10:55:59","modified_gmt":"2025-06-19T08:55:59","slug":"senderismo-francia-corcega-mare-a-mare-senderismo-en-el-norte","status":"publish","type":"product","link":"https:\/\/outdooreurope.eu\/es\/tours\/hiking-france-corsica-mare-a-mare-north-trail-trekking\/","title":{"rendered":"Una aventura de senderismo en C\u00f3rcega: de la monta\u00f1a al mar"},"content":{"rendered":"<p>Una aventura de senderismo en C\u00f3rcega. Ad\u00e9ntrese en la pintoresca isla de C\u00f3rcega y emprenda un viaje inolvidable por la fascinante ruta Mare a Mare Norte. Estas excepcionales vacaciones de senderismo comienzan en la hist\u00f3rica ciudad de Corte.<\/p>\n<ul>\n<li><strong>Aut\u00e9ntica experiencia corsa:<\/strong> La ruta Mare a Mare Norte ofrece una aut\u00e9ntica experiencia corsa sin igual. Con inicio en Corte, te sumergir\u00e1s en la historia y la cultura de la isla, con la oportunidad de explorar el encantador casco antiguo y descubrir las gargantas de Tavignano y Restonica.<\/li>\n<li><strong>Majestuosidad de la monta\u00f1a:<\/strong> Mientras viaja de Corte a Calacuccia, experimentar\u00e1 las altas monta\u00f1as de C\u00f3rcega, los pr\u00edstinos bosques de pinos y los atractivos estanques rocosos del desfiladero de Spelunca. Los espectaculares paisajes del interior de C\u00f3rcega le dejar\u00e1n sin aliento y le ofrecer\u00e1n una aut\u00e9ntica escapada al coraz\u00f3n de la isla.<\/li>\n<li><strong>Patrimonio de la Humanidad por la UNESCO \u2013 Calanches en Piana:<\/strong> El gran final de sus vacaciones de senderismo en C\u00f3rcega se desarrolla en el hermoso golfo de Oporto. Quedar\u00e1 encantado con las agujas de granito rojo de las Calanches en Piana, un sitio declarado Patrimonio de la Humanidad por la UNESCO conocido por sus espectaculares formaciones rocosas, formas esculpidas y costas escarpadas. Esta maravilla geol\u00f3gica \u00fanica te dejar\u00e1 asombrado.<\/li>\n<\/ul>","protected":false},"excerpt":{"rendered":"<p>Una aventura de senderismo en C\u00f3rcega. Ad\u00e9ntrese en la pintoresca isla de C\u00f3rcega y emprenda un viaje inolvidable por la fascinante ruta Mare a Mare Norte. Estas excepcionales vacaciones de senderismo comienzan en la hist\u00f3rica ciudad de Corte. Aut\u00e9ntica experiencia corsa: La ruta Mare a Mare Norte ofrece una aut\u00e9ntica experiencia corsa sin igual. Comienza en...<\/p>\n<div class=\"padding-top text-center\"><a href=\"https:\/\/outdooreurope.eu\/es\/tours\/hiking-france-corsica-mare-a-mare-north-trail-trekking\/\" class=\"atbtn atbtn--medium atbtn--rounded atbtn--transparent\">Leer m\u00e1s<i class=\"atbtn__icon atbtn__icon--right fa fa-long-arrow-right\"><\/i><\/a><\/div>","protected":false},"featured_media":15614,"comment_status":"open","ping_status":"closed","template":"","meta":{"_acf_changed":false,"content-type":"","inline_featured_image":false},"product_brand":[],"product_cat":[1181,302],"product_tag":[],"class_list":{"0":"post-15612","1":"product","2":"type-product","3":"status-publish","4":"has-post-thumbnail","6":"tour_country-france","7":"tour_types-hut-to-hut","8":"tour_types-self-guided","9":"tour_types-family","10":"product_cat-lastminutesummer","11":"product_cat-ukategoriseret","12":"pa_duration-6-nights","13":"tour_category-hiking-in-europe","15":"first","16":"instock","17":"downloadable","18":"virtual","19":"purchasable","20":"product-type-tour"},"acf":[],"yoast_head":"<!-- This site is optimized with the Yoast SEO Premium plugin v27.4 (Yoast SEO v27.4) - https:\/\/yoast.com\/product\/yoast-seo-premium-wordpress\/ -->\n<title>A Corsican Hiking Adventure: Explore Stunning Trails<\/title>\n<meta name=\"description\" content=\"Embark on A Corsican Hiking Adventure and discover breathtaking landscapes on the Mare a Mare North trail. Unforgettable memories await you!\" \/>\n<meta name=\"robots\" content=\"index, follow, max-snippet:-1, max-image-preview:large, max-video-preview:-1\" \/>\n<link rel=\"canonical\" href=\"https:\/\/outdooreurope.eu\/es\/excursiones\/senderismo-francia-corcega-mare-a-mare-senderismo-en-el-norte\/\" \/>\n<meta property=\"og:locale\" content=\"es_ES\" \/>\n<meta property=\"og:type\" content=\"article\" \/>\n<meta property=\"og:title\" content=\"A Corsican hiking adventure: from the mountains to the sea\" \/>\n<meta property=\"og:description\" content=\"A Corsican Hiking Adventure. Step into the picturesque island of Corsica and embark on an unforgettable journey along the mesmerizing Mare a Mare North\" \/>\n<meta property=\"og:url\" content=\"https:\/\/outdooreurope.eu\/es\/excursiones\/senderismo-francia-corcega-mare-a-mare-senderismo-en-el-norte\/\" \/>\n<meta property=\"og:site_name\" content=\"Outdoor Europe\" \/>\n<meta property=\"article:publisher\" content=\"https:\/\/www.facebook.com\/outdooreurope.eu\" \/>\n<meta property=\"article:modified_time\" content=\"2025-06-19T08:55:59+00:00\" \/>\n<meta property=\"og:image\" content=\"https:\/\/outdooreurope.eu\/wp-content\/uploads\/2024\/01\/shutterstock_692195398-720x606-1.jpg\" \/>\n\t<meta property=\"og:image:width\" content=\"720\" \/>\n\t<meta property=\"og:image:height\" content=\"606\" \/>\n\t<meta property=\"og:image:type\" content=\"image\/jpeg\" \/>\n<meta name=\"twitter:card\" content=\"summary_large_image\" \/>\n<meta name=\"twitter:label1\" content=\"Precio\" \/>\n\t<meta name=\"twitter:data1\" content=\"&euro;1,030\" \/>\n\t<meta name=\"twitter:label2\" content=\"Disponibilidad\" \/>\n\t<meta name=\"twitter:data2\" content=\"Disponible\" \/>\n<script type=\"application\/ld+json\" class=\"yoast-schema-graph\">{\"@context\":\"https:\\\/\\\/schema.org\",\"@graph\":[{\"@type\":\"WebPage\",\"@id\":\"https:\\\/\\\/outdooreurope.eu\\\/tours\\\/hiking-france-corsica-mare-a-mare-north-trail-trekking\\\/\",\"url\":\"https:\\\/\\\/outdooreurope.eu\\\/tours\\\/hiking-france-corsica-mare-a-mare-north-trail-trekking\\\/\",\"name\":\"A Corsican Hiking Adventure: Explore Stunning Trails\",\"isPartOf\":{\"@id\":\"https:\\\/\\\/outdooreurope.eu\\\/#website\"},\"primaryImageOfPage\":{\"@id\":\"https:\\\/\\\/outdooreurope.eu\\\/tours\\\/hiking-france-corsica-mare-a-mare-north-trail-trekking\\\/#primaryimage\"},\"image\":{\"@id\":\"https:\\\/\\\/outdooreurope.eu\\\/tours\\\/hiking-france-corsica-mare-a-mare-north-trail-trekking\\\/#primaryimage\"},\"thumbnailUrl\":\"https:\\\/\\\/outdooreurope.eu\\\/wp-content\\\/uploads\\\/2024\\\/01\\\/shutterstock_692195398-720x606-1.jpg\",\"datePublished\":\"2024-01-12T13:19:12+00:00\",\"dateModified\":\"2025-06-19T08:55:59+00:00\",\"description\":\"Embark on A Corsican Hiking Adventure and discover breathtaking landscapes on the Mare a Mare North trail. Unforgettable memories await you!\",\"breadcrumb\":{\"@id\":\"https:\\\/\\\/outdooreurope.eu\\\/tours\\\/hiking-france-corsica-mare-a-mare-north-trail-trekking\\\/#breadcrumb\"},\"inLanguage\":\"es\",\"potentialAction\":[{\"@type\":\"ReadAction\",\"target\":[\"https:\\\/\\\/outdooreurope.eu\\\/tours\\\/hiking-france-corsica-mare-a-mare-north-trail-trekking\\\/\"]}]},{\"@type\":\"ImageObject\",\"inLanguage\":\"es\",\"@id\":\"https:\\\/\\\/outdooreurope.eu\\\/tours\\\/hiking-france-corsica-mare-a-mare-north-trail-trekking\\\/#primaryimage\",\"url\":\"https:\\\/\\\/outdooreurope.eu\\\/wp-content\\\/uploads\\\/2024\\\/01\\\/shutterstock_692195398-720x606-1.jpg\",\"contentUrl\":\"https:\\\/\\\/outdooreurope.eu\\\/wp-content\\\/uploads\\\/2024\\\/01\\\/shutterstock_692195398-720x606-1.jpg\",\"width\":720,\"height\":606},{\"@type\":\"BreadcrumbList\",\"@id\":\"https:\\\/\\\/outdooreurope.eu\\\/tours\\\/hiking-france-corsica-mare-a-mare-north-trail-trekking\\\/#breadcrumb\",\"itemListElement\":[{\"@type\":\"ListItem\",\"position\":1,\"name\":\"Hjem\",\"item\":\"https:\\\/\\\/outdooreurope.eu\\\/\"},{\"@type\":\"ListItem\",\"position\":2,\"name\":\"Shop\",\"item\":\"https:\\\/\\\/outdooreurope.eu\\\/shop\\\/\"},{\"@type\":\"ListItem\",\"position\":3,\"name\":\"A Corsican hiking adventure: from the mountains to the sea\"}]},{\"@type\":\"WebSite\",\"@id\":\"https:\\\/\\\/outdooreurope.eu\\\/#website\",\"url\":\"https:\\\/\\\/outdooreurope.eu\\\/\",\"name\":\"Outdoor Europe\",\"description\":\"Hiking In Europe I Join the trail\",\"potentialAction\":[{\"@type\":\"SearchAction\",\"target\":{\"@type\":\"EntryPoint\",\"urlTemplate\":\"https:\\\/\\\/outdooreurope.eu\\\/?s={search_term_string}\"},\"query-input\":{\"@type\":\"PropertyValueSpecification\",\"valueRequired\":true,\"valueName\":\"search_term_string\"}}],\"inLanguage\":\"es\"}]}<\/script>\n<meta property=\"product:price:amount\" content=\"1030\" \/>\n<meta property=\"product:price:currency\" content=\"EUR\" \/>\n<meta property=\"og:availability\" content=\"instock\" \/>\n<meta property=\"product:availability\" content=\"instock\" \/>\n<meta property=\"product:retailer_item_id\" content=\"15612\" \/>\n<meta property=\"product:condition\" content=\"new\" \/>\n<!-- \/ Yoast SEO Premium plugin. -->","yoast_head_json":{"title":"Una aventura de senderismo en C\u00f3rcega: explora senderos impresionantes","description":"Emb\u00e1rcate en una aventura de senderismo por C\u00f3rcega y descubre paisajes impresionantes en la ruta Mare a Mare Norte. \u00a1Te esperan recuerdos inolvidables!","robots":{"index":"index","follow":"follow","max-snippet":"max-snippet:-1","max-image-preview":"max-image-preview:large","max-video-preview":"max-video-preview:-1"},"canonical":"https:\/\/outdooreurope.eu\/es\/excursiones\/senderismo-francia-corcega-mare-a-mare-senderismo-en-el-norte\/","og_locale":"es_ES","og_type":"article","og_title":"A Corsican hiking adventure: from the mountains to the sea","og_description":"A Corsican Hiking Adventure. Step into the picturesque island of Corsica and embark on an unforgettable journey along the mesmerizing Mare a Mare North","og_url":"https:\/\/outdooreurope.eu\/es\/excursiones\/senderismo-francia-corcega-mare-a-mare-senderismo-en-el-norte\/","og_site_name":"Outdoor Europe","article_publisher":"https:\/\/www.facebook.com\/outdooreurope.eu","article_modified_time":"2025-06-19T08:55:59+00:00","og_image":[{"width":720,"height":606,"url":"https:\/\/outdooreurope.eu\/wp-content\/uploads\/2024\/01\/shutterstock_692195398-720x606-1.jpg","type":"image\/jpeg"}],"twitter_card":"summary_large_image","twitter_misc":{"Precio":"&euro;1,030","Disponibilidad":"Disponible"},"schema":{"@context":"https:\/\/schema.org","@graph":[{"@type":"WebPage","@id":"https:\/\/outdooreurope.eu\/tours\/hiking-france-corsica-mare-a-mare-north-trail-trekking\/","url":"https:\/\/outdooreurope.eu\/tours\/hiking-france-corsica-mare-a-mare-north-trail-trekking\/","name":"Una aventura de senderismo en C\u00f3rcega: explora senderos impresionantes","isPartOf":{"@id":"https:\/\/outdooreurope.eu\/#website"},"primaryImageOfPage":{"@id":"https:\/\/outdooreurope.eu\/tours\/hiking-france-corsica-mare-a-mare-north-trail-trekking\/#primaryimage"},"image":{"@id":"https:\/\/outdooreurope.eu\/tours\/hiking-france-corsica-mare-a-mare-north-trail-trekking\/#primaryimage"},"thumbnailUrl":"https:\/\/outdooreurope.eu\/wp-content\/uploads\/2024\/01\/shutterstock_692195398-720x606-1.jpg","datePublished":"2024-01-12T13:19:12+00:00","dateModified":"2025-06-19T08:55:59+00:00","description":"Emb\u00e1rcate en una aventura de senderismo por C\u00f3rcega y descubre paisajes impresionantes en la ruta Mare a Mare Norte. \u00a1Te esperan recuerdos inolvidables!","breadcrumb":{"@id":"https:\/\/outdooreurope.eu\/tours\/hiking-france-corsica-mare-a-mare-north-trail-trekking\/#breadcrumb"},"inLanguage":"es","potentialAction":[{"@type":"ReadAction","target":["https:\/\/outdooreurope.eu\/tours\/hiking-france-corsica-mare-a-mare-north-trail-trekking\/"]}]},{"@type":"ImageObject","inLanguage":"es","@id":"https:\/\/outdooreurope.eu\/tours\/hiking-france-corsica-mare-a-mare-north-trail-trekking\/#primaryimage","url":"https:\/\/outdooreurope.eu\/wp-content\/uploads\/2024\/01\/shutterstock_692195398-720x606-1.jpg","contentUrl":"https:\/\/outdooreurope.eu\/wp-content\/uploads\/2024\/01\/shutterstock_692195398-720x606-1.jpg","width":720,"height":606},{"@type":"BreadcrumbList","@id":"https:\/\/outdooreurope.eu\/tours\/hiking-france-corsica-mare-a-mare-north-trail-trekking\/#breadcrumb","itemListElement":[{"@type":"ListItem","position":1,"name":"Hjem","item":"https:\/\/outdooreurope.eu\/"},{"@type":"ListItem","position":2,"name":"Shop","item":"https:\/\/outdooreurope.eu\/shop\/"},{"@type":"ListItem","position":3,"name":"A Corsican hiking adventure: from the mountains to the sea"}]},{"@type":"WebSite","@id":"https:\/\/outdooreurope.eu\/#website","url":"https:\/\/outdooreurope.eu\/","name":"Europa al aire libre","description":"Senderismo en Europa Me uno al sendero","potentialAction":[{"@type":"SearchAction","target":{"@type":"EntryPoint","urlTemplate":"https:\/\/outdooreurope.eu\/?s={search_term_string}"},"query-input":{"@type":"PropertyValueSpecification","valueRequired":true,"valueName":"search_term_string"}}],"inLanguage":"es"}]},"product_price_amount":"1030","product_price_currency":"EUR","og_availability":"instock","product_availability":"instock","product_retailer_item_id":"15612","product_condition":"new"},"_links":{"self":[{"href":"https:\/\/outdooreurope.eu\/es\/wp-json\/wp\/v2\/product\/15612","targetHints":{"allow":["GET"]}}],"collection":[{"href":"https:\/\/outdooreurope.eu\/es\/wp-json\/wp\/v2\/product"}],"about":[{"href":"https:\/\/outdooreurope.eu\/es\/wp-json\/wp\/v2\/types\/product"}],"replies":[{"embeddable":true,"href":"https:\/\/outdooreurope.eu\/es\/wp-json\/wp\/v2\/comments?post=15612"}],"wp:featuredmedia":[{"embeddable":true,"href":"https:\/\/outdooreurope.eu\/es\/wp-json\/wp\/v2\/media\/15614"}],"wp:attachment":[{"href":"https:\/\/outdooreurope.eu\/es\/wp-json\/wp\/v2\/media?parent=15612"}],"wp:term":[{"taxonomy":"product_brand","embeddable":true,"href":"https:\/\/outdooreurope.eu\/es\/wp-json\/wp\/v2\/product_brand?post=15612"},{"taxonomy":"product_cat","embeddable":true,"href":"https:\/\/outdooreurope.eu\/es\/wp-json\/wp\/v2\/product_cat?post=15612"},{"taxonomy":"product_tag","embeddable":true,"href":"https:\/\/outdooreurope.eu\/es\/wp-json\/wp\/v2\/product_tag?post=15612"}],"curies":[{"name":"wp","href":"https:\/\/api.w.org\/{rel}","templated":true}]}}