{"id":15656,"date":"2024-01-16T07:04:19","date_gmt":"2024-01-16T06:04:19","guid":{"rendered":"https:\/\/outdooreurope.eu\/?post_type=product&#038;p=15656"},"modified":"2025-03-28T07:26:06","modified_gmt":"2025-03-28T06:26:06","slug":"trailrunning-italia-sicilia-via-francigena-recorrido-autoguiado","status":"publish","type":"product","link":"https:\/\/outdooreurope.eu\/es\/tours\/trailrunning-italy-sicily-via-francigena-trail-self-guided\/","title":{"rendered":"Recorre la Magna V\u00eda Francigena de Sicilia: un viaje a trav\u00e9s del tiempo"},"content":{"rendered":"<p>Bienvenido al cautivador sendero Magna Via Francigena, un viaje desde Palermo a Agrigento, entretejiendo historia, cultura y maravillas naturales a trav\u00e9s de Sicilia.<\/p>\n<p>En Palermo, explore una rica historia tejida con influencias \u00e1rabes, normandas y barrocas. Descubra la Catedral de Palermo y pasee por los bulliciosos mercados, saboreando la aut\u00e9ntica comida callejera siciliana.<\/p>\n<p><iframe title=\"Magna Via Francigena - Palermo Agrigento - A lo largo de antiguas calzadas romanas y medievales\" width=\"748\" height=\"421\" src=\"https:\/\/www.youtube.com\/embed\/zNIrOXTzH9Y?feature=oembed\" frameborder=\"0\" allow=\"accelerometer; autoplay; clipboard-write; encrypted-media; gyroscope; picture-in-picture; web-share\" referrerpolicy=\"strict-origin-when-cross-origin\" allowfullscreen><\/iframe><\/p>\n<p><strong>Puntos destacados del recorrido<\/strong><\/p>\n<ul>\n<li><strong>Atraviesa la campi\u00f1a de Sicilia<\/strong>, serpenteando entre vi\u00f1edos y olivares.<\/li>\n<li><strong>Encuentra pueblos eternos<\/strong> y disfrute de las vistas panor\u00e1micas de la costa en el tranquilo sendero Magna Via Francigena.<\/li>\n<li><strong>Sum\u00e9rgete<\/strong> en el Valle de los Templos de Agrigento, declarado Patrimonio de la Humanidad por la UNESCO. Marav\u00edllate ante los templos griegos notablemente conservados, incluido el ic\u00f3nico Templo de la Concordia.<\/li>\n<\/ul>","protected":false},"excerpt":{"rendered":"<p>Bienvenido a la cautivadora ruta de la Magna V\u00eda Franc\u00edgena, un viaje de Palermo a Agrigento que entrelaza historia, cultura y maravillas naturales a lo largo de Sicilia. En Palermo, explore una rica historia con influencias \u00e1rabes, normandas y barrocas. Descubra la Catedral de Palermo y pasee por sus bulliciosos mercados, saboreando la aut\u00e9ntica comida callejera siciliana. Aspectos destacados del tour: Recorra la campi\u00f1a siciliana, serpenteando...<\/p>\n<div class=\"padding-top text-center\"><a href=\"https:\/\/outdooreurope.eu\/es\/tours\/trailrunning-italy-sicily-via-francigena-trail-self-guided\/\" class=\"atbtn atbtn--medium atbtn--rounded atbtn--transparent\">Leer m\u00e1s<i class=\"atbtn__icon atbtn__icon--right fa fa-long-arrow-right\"><\/i><\/a><\/div>","protected":false},"featured_media":15657,"comment_status":"open","ping_status":"closed","template":"","meta":{"_acf_changed":false,"content-type":"","inline_featured_image":false},"product_brand":[],"product_cat":[302],"product_tag":[],"class_list":{"0":"post-15656","1":"product","2":"type-product","3":"status-publish","4":"has-post-thumbnail","6":"tour_country-italy","7":"tour_types-dog-friendly","8":"tour_types-hut-to-hut","9":"tour_types-self-guided","10":"product_cat-ukategoriseret","11":"pa_duration-7-nights","12":"tour_category-hiking-in-europe","14":"first","15":"instock","16":"downloadable","17":"virtual","18":"purchasable","19":"product-type-tour"},"acf":[],"yoast_head":"<!-- This site is optimized with the Yoast SEO Premium plugin v27.4 (Yoast SEO v27.4) - https:\/\/yoast.com\/product\/yoast-seo-premium-wordpress\/ -->\n<title>Hike Sicily&#039;s Magna Via Francigena: Explore History - Outdoor Europe<\/title>\n<meta name=\"description\" content=\"Experience the charm of Hike Sicily&#039;s Magna Via Francigena as you explore history and culture from Palermo to Agrigento. Book your adventure today!\" \/>\n<meta name=\"robots\" content=\"index, follow, max-snippet:-1, max-image-preview:large, max-video-preview:-1\" \/>\n<link rel=\"canonical\" href=\"https:\/\/outdooreurope.eu\/es\/excursiones\/trailrunning-italia-sicilia-via-francigena-recorrido-autoguiado\/\" \/>\n<meta property=\"og:locale\" content=\"es_ES\" \/>\n<meta property=\"og:type\" content=\"article\" \/>\n<meta property=\"og:title\" content=\"Hike Sicily&#039;s Magna Via Francigena trail: a journey through time\" \/>\n<meta property=\"og:description\" content=\"Welcome to the captivating Magna Via Francigena trail, a journey from Palermo to Agrigento, weaving history, culture, and natural wonders across Sicily.\" \/>\n<meta property=\"og:url\" content=\"https:\/\/outdooreurope.eu\/es\/excursiones\/trailrunning-italia-sicilia-via-francigena-recorrido-autoguiado\/\" \/>\n<meta property=\"og:site_name\" content=\"Outdoor Europe\" \/>\n<meta property=\"article:publisher\" content=\"https:\/\/www.facebook.com\/outdooreurope.eu\" \/>\n<meta property=\"article:modified_time\" content=\"2025-03-28T06:26:06+00:00\" \/>\n<meta property=\"og:image\" content=\"https:\/\/outdooreurope.eu\/wp-content\/uploads\/2024\/01\/shutterstock_782112994-720x606-1.jpg\" \/>\n\t<meta property=\"og:image:width\" content=\"720\" \/>\n\t<meta property=\"og:image:height\" content=\"606\" \/>\n\t<meta property=\"og:image:type\" content=\"image\/jpeg\" \/>\n<meta name=\"twitter:card\" content=\"summary_large_image\" \/>\n<meta name=\"twitter:label1\" content=\"Precio\" \/>\n\t<meta name=\"twitter:data1\" content=\"&euro;1,095\" \/>\n\t<meta name=\"twitter:label2\" content=\"Disponibilidad\" \/>\n\t<meta name=\"twitter:data2\" content=\"Disponible\" \/>\n<script type=\"application\/ld+json\" class=\"yoast-schema-graph\">{\"@context\":\"https:\\\/\\\/schema.org\",\"@graph\":[{\"@type\":\"WebPage\",\"@id\":\"https:\\\/\\\/outdooreurope.eu\\\/tours\\\/trailrunning-italy-sicily-via-francigena-trail-self-guided\\\/\",\"url\":\"https:\\\/\\\/outdooreurope.eu\\\/tours\\\/trailrunning-italy-sicily-via-francigena-trail-self-guided\\\/\",\"name\":\"Hike Sicily's Magna Via Francigena: Explore History - Outdoor Europe\",\"isPartOf\":{\"@id\":\"https:\\\/\\\/outdooreurope.eu\\\/#website\"},\"primaryImageOfPage\":{\"@id\":\"https:\\\/\\\/outdooreurope.eu\\\/tours\\\/trailrunning-italy-sicily-via-francigena-trail-self-guided\\\/#primaryimage\"},\"image\":{\"@id\":\"https:\\\/\\\/outdooreurope.eu\\\/tours\\\/trailrunning-italy-sicily-via-francigena-trail-self-guided\\\/#primaryimage\"},\"thumbnailUrl\":\"https:\\\/\\\/outdooreurope.eu\\\/wp-content\\\/uploads\\\/2024\\\/01\\\/shutterstock_782112994-720x606-1.jpg\",\"datePublished\":\"2024-01-16T06:04:19+00:00\",\"dateModified\":\"2025-03-28T06:26:06+00:00\",\"description\":\"Experience the charm of Hike Sicily's Magna Via Francigena as you explore history and culture from Palermo to Agrigento. Book your adventure today!\",\"breadcrumb\":{\"@id\":\"https:\\\/\\\/outdooreurope.eu\\\/tours\\\/trailrunning-italy-sicily-via-francigena-trail-self-guided\\\/#breadcrumb\"},\"inLanguage\":\"es\",\"potentialAction\":[{\"@type\":\"ReadAction\",\"target\":[\"https:\\\/\\\/outdooreurope.eu\\\/tours\\\/trailrunning-italy-sicily-via-francigena-trail-self-guided\\\/\"]}]},{\"@type\":\"ImageObject\",\"inLanguage\":\"es\",\"@id\":\"https:\\\/\\\/outdooreurope.eu\\\/tours\\\/trailrunning-italy-sicily-via-francigena-trail-self-guided\\\/#primaryimage\",\"url\":\"https:\\\/\\\/outdooreurope.eu\\\/wp-content\\\/uploads\\\/2024\\\/01\\\/shutterstock_782112994-720x606-1.jpg\",\"contentUrl\":\"https:\\\/\\\/outdooreurope.eu\\\/wp-content\\\/uploads\\\/2024\\\/01\\\/shutterstock_782112994-720x606-1.jpg\",\"width\":720,\"height\":606},{\"@type\":\"BreadcrumbList\",\"@id\":\"https:\\\/\\\/outdooreurope.eu\\\/tours\\\/trailrunning-italy-sicily-via-francigena-trail-self-guided\\\/#breadcrumb\",\"itemListElement\":[{\"@type\":\"ListItem\",\"position\":1,\"name\":\"Hjem\",\"item\":\"https:\\\/\\\/outdooreurope.eu\\\/\"},{\"@type\":\"ListItem\",\"position\":2,\"name\":\"Shop\",\"item\":\"https:\\\/\\\/outdooreurope.eu\\\/shop\\\/\"},{\"@type\":\"ListItem\",\"position\":3,\"name\":\"Hike Sicily&#8217;s Magna Via Francigena trail: a journey through time\"}]},{\"@type\":\"WebSite\",\"@id\":\"https:\\\/\\\/outdooreurope.eu\\\/#website\",\"url\":\"https:\\\/\\\/outdooreurope.eu\\\/\",\"name\":\"Outdoor Europe\",\"description\":\"Hiking In Europe I Join the trail\",\"potentialAction\":[{\"@type\":\"SearchAction\",\"target\":{\"@type\":\"EntryPoint\",\"urlTemplate\":\"https:\\\/\\\/outdooreurope.eu\\\/?s={search_term_string}\"},\"query-input\":{\"@type\":\"PropertyValueSpecification\",\"valueRequired\":true,\"valueName\":\"search_term_string\"}}],\"inLanguage\":\"es\"}]}<\/script>\n<meta property=\"product:price:amount\" content=\"1095\" \/>\n<meta property=\"product:price:currency\" content=\"EUR\" \/>\n<meta property=\"og:availability\" content=\"instock\" \/>\n<meta property=\"product:availability\" content=\"instock\" \/>\n<meta property=\"product:retailer_item_id\" content=\"15656\" \/>\n<meta property=\"product:condition\" content=\"new\" \/>\n<!-- \/ Yoast SEO Premium plugin. -->","yoast_head_json":{"title":"Recorre la Magna V\u00eda Franc\u00edgena de Sicilia: descubre su historia - Outdoor Europe","description":"Experimenta el encanto de la Magna V\u00eda Franc\u00edgena de Sicilia mientras exploras la historia y la cultura desde Palermo hasta Agrigento. \u00a1Reserva tu aventura hoy mismo!","robots":{"index":"index","follow":"follow","max-snippet":"max-snippet:-1","max-image-preview":"max-image-preview:large","max-video-preview":"max-video-preview:-1"},"canonical":"https:\/\/outdooreurope.eu\/es\/excursiones\/trailrunning-italia-sicilia-via-francigena-recorrido-autoguiado\/","og_locale":"es_ES","og_type":"article","og_title":"Hike Sicily's Magna Via Francigena trail: a journey through time","og_description":"Welcome to the captivating Magna Via Francigena trail, a journey from Palermo to Agrigento, weaving history, culture, and natural wonders across Sicily.","og_url":"https:\/\/outdooreurope.eu\/es\/excursiones\/trailrunning-italia-sicilia-via-francigena-recorrido-autoguiado\/","og_site_name":"Outdoor Europe","article_publisher":"https:\/\/www.facebook.com\/outdooreurope.eu","article_modified_time":"2025-03-28T06:26:06+00:00","og_image":[{"width":720,"height":606,"url":"https:\/\/outdooreurope.eu\/wp-content\/uploads\/2024\/01\/shutterstock_782112994-720x606-1.jpg","type":"image\/jpeg"}],"twitter_card":"summary_large_image","twitter_misc":{"Precio":"&euro;1,095","Disponibilidad":"Disponible"},"schema":{"@context":"https:\/\/schema.org","@graph":[{"@type":"WebPage","@id":"https:\/\/outdooreurope.eu\/tours\/trailrunning-italy-sicily-via-francigena-trail-self-guided\/","url":"https:\/\/outdooreurope.eu\/tours\/trailrunning-italy-sicily-via-francigena-trail-self-guided\/","name":"Recorre la Magna V\u00eda Franc\u00edgena de Sicilia: descubre su historia - Outdoor Europe","isPartOf":{"@id":"https:\/\/outdooreurope.eu\/#website"},"primaryImageOfPage":{"@id":"https:\/\/outdooreurope.eu\/tours\/trailrunning-italy-sicily-via-francigena-trail-self-guided\/#primaryimage"},"image":{"@id":"https:\/\/outdooreurope.eu\/tours\/trailrunning-italy-sicily-via-francigena-trail-self-guided\/#primaryimage"},"thumbnailUrl":"https:\/\/outdooreurope.eu\/wp-content\/uploads\/2024\/01\/shutterstock_782112994-720x606-1.jpg","datePublished":"2024-01-16T06:04:19+00:00","dateModified":"2025-03-28T06:26:06+00:00","description":"Experimenta el encanto de la Magna V\u00eda Franc\u00edgena de Sicilia mientras exploras la historia y la cultura desde Palermo hasta Agrigento. \u00a1Reserva tu aventura hoy mismo!","breadcrumb":{"@id":"https:\/\/outdooreurope.eu\/tours\/trailrunning-italy-sicily-via-francigena-trail-self-guided\/#breadcrumb"},"inLanguage":"es","potentialAction":[{"@type":"ReadAction","target":["https:\/\/outdooreurope.eu\/tours\/trailrunning-italy-sicily-via-francigena-trail-self-guided\/"]}]},{"@type":"ImageObject","inLanguage":"es","@id":"https:\/\/outdooreurope.eu\/tours\/trailrunning-italy-sicily-via-francigena-trail-self-guided\/#primaryimage","url":"https:\/\/outdooreurope.eu\/wp-content\/uploads\/2024\/01\/shutterstock_782112994-720x606-1.jpg","contentUrl":"https:\/\/outdooreurope.eu\/wp-content\/uploads\/2024\/01\/shutterstock_782112994-720x606-1.jpg","width":720,"height":606},{"@type":"BreadcrumbList","@id":"https:\/\/outdooreurope.eu\/tours\/trailrunning-italy-sicily-via-francigena-trail-self-guided\/#breadcrumb","itemListElement":[{"@type":"ListItem","position":1,"name":"Hjem","item":"https:\/\/outdooreurope.eu\/"},{"@type":"ListItem","position":2,"name":"Shop","item":"https:\/\/outdooreurope.eu\/shop\/"},{"@type":"ListItem","position":3,"name":"Hike Sicily&#8217;s Magna Via Francigena trail: a journey through time"}]},{"@type":"WebSite","@id":"https:\/\/outdooreurope.eu\/#website","url":"https:\/\/outdooreurope.eu\/","name":"Europa al aire libre","description":"Senderismo en Europa Me uno al sendero","potentialAction":[{"@type":"SearchAction","target":{"@type":"EntryPoint","urlTemplate":"https:\/\/outdooreurope.eu\/?s={search_term_string}"},"query-input":{"@type":"PropertyValueSpecification","valueRequired":true,"valueName":"search_term_string"}}],"inLanguage":"es"}]},"product_price_amount":"1095","product_price_currency":"EUR","og_availability":"instock","product_availability":"instock","product_retailer_item_id":"15656","product_condition":"new"},"_links":{"self":[{"href":"https:\/\/outdooreurope.eu\/es\/wp-json\/wp\/v2\/product\/15656","targetHints":{"allow":["GET"]}}],"collection":[{"href":"https:\/\/outdooreurope.eu\/es\/wp-json\/wp\/v2\/product"}],"about":[{"href":"https:\/\/outdooreurope.eu\/es\/wp-json\/wp\/v2\/types\/product"}],"replies":[{"embeddable":true,"href":"https:\/\/outdooreurope.eu\/es\/wp-json\/wp\/v2\/comments?post=15656"}],"wp:featuredmedia":[{"embeddable":true,"href":"https:\/\/outdooreurope.eu\/es\/wp-json\/wp\/v2\/media\/15657"}],"wp:attachment":[{"href":"https:\/\/outdooreurope.eu\/es\/wp-json\/wp\/v2\/media?parent=15656"}],"wp:term":[{"taxonomy":"product_brand","embeddable":true,"href":"https:\/\/outdooreurope.eu\/es\/wp-json\/wp\/v2\/product_brand?post=15656"},{"taxonomy":"product_cat","embeddable":true,"href":"https:\/\/outdooreurope.eu\/es\/wp-json\/wp\/v2\/product_cat?post=15656"},{"taxonomy":"product_tag","embeddable":true,"href":"https:\/\/outdooreurope.eu\/es\/wp-json\/wp\/v2\/product_tag?post=15656"}],"curies":[{"name":"wp","href":"https:\/\/api.w.org\/{rel}","templated":true}]}}