{"id":15727,"date":"2024-01-16T10:59:58","date_gmt":"2024-01-16T09:59:58","guid":{"rendered":"https:\/\/outdooreurope.eu\/?post_type=product&#038;p=15727"},"modified":"2025-04-17T11:21:04","modified_gmt":"2025-04-17T09:21:04","slug":"senderismo-en-italia-trekking-autoguiado-por-el-mont-blanc","status":"publish","type":"product","link":"https:\/\/outdooreurope.eu\/es\/tours\/hiking-italy-mont-blanc-self-guided-trekking\/","title":{"rendered":"Recorre el Tour Mont Blanc con comodidad: conquista el circuito de senderismo m\u00e1s emblem\u00e1tico y pintoresco de Europa"},"content":{"rendered":"<p>Recorre el Tour Mont Blanc con comodidad. Con la ruta panor\u00e1mica del Mont Blanc, podr\u00e1s contemplar la majestuosidad del macizo del Mont Blanc y sus maravillas glaciares sin las limitaciones de un itinerario fijo. Sum\u00e9rgete en la belleza de los Alpes. Vive la cultura local y explora una de las regiones monta\u00f1osas m\u00e1s emblem\u00e1ticas del mundo a tu propio ritmo.<\/p>\n<ul>\n<li><strong>Pasos alpinos panor\u00e1micos:<\/strong> Atraviese la regi\u00f3n del Mont Blanc y emb\u00e1rquese en una emocionante aventura a trav\u00e9s de magn\u00edficos senderos adecuados para excursionistas de todos los niveles. Al cruzar fronteras internacionales, ser\u00e1s testigo de diversos paisajes y vistas incomparables.<\/li>\n<li><strong>Etapas moderadas con sabores locales:<\/strong> Sum\u00e9rgete en el encanto de la cultura local durante etapas pausadas dise\u00f1adas para tu disfrute. Los c\u00f3modos autobuses locales simplifican los tramos del valle inferior, haciendo que su viaje sea a\u00fan m\u00e1s placentero.<\/li>\n<li><strong>C\u00f3modas pernoctaciones:<\/strong> Despu\u00e9s de cada d\u00eda de exploraci\u00f3n, rel\u00e1jese en peque\u00f1os y acogedores hoteles, donde saborear\u00e1 la deliciosa cocina regional. Recargue energ\u00edas en el coraz\u00f3n de la pintoresca regi\u00f3n del Mont Blanc y prep\u00e1rese para la aventura de cada d\u00eda.<\/li>\n<\/ul>\n<p>&nbsp;<\/p>","protected":false},"excerpt":{"rendered":"<p>Recorre el Tour Mont Blanc con comodidad. Con la ruta panor\u00e1mica del Mont Blanc, podr\u00e1s contemplar la majestuosidad del macizo del Mont Blanc y sus maravillas glaciares sin las limitaciones de un itinerario preestablecido. Sum\u00e9rgete en la belleza de los Alpes. Vive la cultura local y explora una de las regiones monta\u00f1osas m\u00e1s emblem\u00e1ticas del mundo.<\/p>\n<div class=\"padding-top text-center\"><a href=\"https:\/\/outdooreurope.eu\/es\/tours\/hiking-italy-mont-blanc-self-guided-trekking\/\" class=\"atbtn atbtn--medium atbtn--rounded atbtn--transparent\">Leer m\u00e1s<i class=\"atbtn__icon atbtn__icon--right fa fa-long-arrow-right\"><\/i><\/a><\/div>","protected":false},"featured_media":15728,"comment_status":"open","ping_status":"closed","template":"","meta":{"_acf_changed":false,"content-type":"","inline_featured_image":false},"product_brand":[],"product_cat":[302],"product_tag":[760],"class_list":{"0":"post-15727","1":"product","2":"type-product","3":"status-publish","4":"has-post-thumbnail","6":"tour_country-italy","7":"tour_country-switzerland","8":"tour_country-france","9":"tour_types-hut-to-hut","10":"tour_types-self-guided","11":"product_cat-ukategoriseret","12":"product_tag-hiking","13":"pa_duration-8-nights","14":"tour_category-hiking-in-europe","16":"first","17":"instock","18":"shipping-taxable","19":"purchasable","20":"product-type-tour"},"acf":[],"yoast_head":"<!-- This site is optimized with the Yoast SEO Premium plugin v27.4 (Yoast SEO v27.4) - https:\/\/yoast.com\/product\/yoast-seo-premium-wordpress\/ -->\n<title>Hike Tour Mont Blanc: Explore Breathtaking Trails - Outdoor Europe<\/title>\n<meta name=\"description\" content=\"Experience breathtaking views on the Hike Tour Mont Blanc! Traverse stunning trails and enjoy local cultures while indulging in delightful cuisine.\" \/>\n<meta name=\"robots\" content=\"index, follow, max-snippet:-1, max-image-preview:large, max-video-preview:-1\" \/>\n<link rel=\"canonical\" href=\"https:\/\/outdooreurope.eu\/es\/excursiones\/senderismo-en-italia-trekking-autoguiado-por-el-mont-blanc\/\" \/>\n<meta property=\"og:locale\" content=\"es_ES\" \/>\n<meta property=\"og:type\" content=\"article\" \/>\n<meta property=\"og:title\" content=\"Hike the Tour Mont Blanc in Comfort: Conquer Europe&#039;s Most Iconic and Scenic Hiking Circuit\" \/>\n<meta property=\"og:description\" content=\"Hike the Tour Mont Blanc in Comfort. With the Mont Blanc Panoramic Trek, you can witness the grandeur of the Mont Blanc massif and its glacial wonders\" \/>\n<meta property=\"og:url\" content=\"https:\/\/outdooreurope.eu\/es\/excursiones\/senderismo-en-italia-trekking-autoguiado-por-el-mont-blanc\/\" \/>\n<meta property=\"og:site_name\" content=\"Outdoor Europe\" \/>\n<meta property=\"article:publisher\" content=\"https:\/\/www.facebook.com\/outdooreurope.eu\" \/>\n<meta property=\"article:modified_time\" content=\"2025-04-17T09:21:04+00:00\" \/>\n<meta property=\"og:image\" content=\"https:\/\/outdooreurope.eu\/wp-content\/uploads\/2024\/01\/val-veny-03-720x606-1.jpg\" \/>\n\t<meta property=\"og:image:width\" content=\"720\" \/>\n\t<meta property=\"og:image:height\" content=\"606\" \/>\n\t<meta property=\"og:image:type\" content=\"image\/jpeg\" \/>\n<meta name=\"twitter:card\" content=\"summary_large_image\" \/>\n<meta name=\"twitter:label1\" content=\"Precio\" \/>\n\t<meta name=\"twitter:data1\" content=\"&euro;1,370\" \/>\n\t<meta name=\"twitter:label2\" content=\"Disponibilidad\" \/>\n\t<meta name=\"twitter:data2\" content=\"Disponible\" \/>\n<script type=\"application\/ld+json\" class=\"yoast-schema-graph\">{\"@context\":\"https:\\\/\\\/schema.org\",\"@graph\":[{\"@type\":\"WebPage\",\"@id\":\"https:\\\/\\\/outdooreurope.eu\\\/tours\\\/hiking-italy-mont-blanc-self-guided-trekking\\\/\",\"url\":\"https:\\\/\\\/outdooreurope.eu\\\/tours\\\/hiking-italy-mont-blanc-self-guided-trekking\\\/\",\"name\":\"Hike Tour Mont Blanc: Explore Breathtaking Trails - Outdoor Europe\",\"isPartOf\":{\"@id\":\"https:\\\/\\\/outdooreurope.eu\\\/#website\"},\"primaryImageOfPage\":{\"@id\":\"https:\\\/\\\/outdooreurope.eu\\\/tours\\\/hiking-italy-mont-blanc-self-guided-trekking\\\/#primaryimage\"},\"image\":{\"@id\":\"https:\\\/\\\/outdooreurope.eu\\\/tours\\\/hiking-italy-mont-blanc-self-guided-trekking\\\/#primaryimage\"},\"thumbnailUrl\":\"https:\\\/\\\/outdooreurope.eu\\\/wp-content\\\/uploads\\\/2024\\\/01\\\/val-veny-03-720x606-1.jpg\",\"datePublished\":\"2024-01-16T09:59:58+00:00\",\"dateModified\":\"2025-04-17T09:21:04+00:00\",\"description\":\"Experience breathtaking views on the Hike Tour Mont Blanc! Traverse stunning trails and enjoy local cultures while indulging in delightful cuisine.\",\"breadcrumb\":{\"@id\":\"https:\\\/\\\/outdooreurope.eu\\\/tours\\\/hiking-italy-mont-blanc-self-guided-trekking\\\/#breadcrumb\"},\"inLanguage\":\"es\",\"potentialAction\":[{\"@type\":\"ReadAction\",\"target\":[\"https:\\\/\\\/outdooreurope.eu\\\/tours\\\/hiking-italy-mont-blanc-self-guided-trekking\\\/\"]}]},{\"@type\":\"ImageObject\",\"inLanguage\":\"es\",\"@id\":\"https:\\\/\\\/outdooreurope.eu\\\/tours\\\/hiking-italy-mont-blanc-self-guided-trekking\\\/#primaryimage\",\"url\":\"https:\\\/\\\/outdooreurope.eu\\\/wp-content\\\/uploads\\\/2024\\\/01\\\/val-veny-03-720x606-1.jpg\",\"contentUrl\":\"https:\\\/\\\/outdooreurope.eu\\\/wp-content\\\/uploads\\\/2024\\\/01\\\/val-veny-03-720x606-1.jpg\",\"width\":720,\"height\":606},{\"@type\":\"BreadcrumbList\",\"@id\":\"https:\\\/\\\/outdooreurope.eu\\\/tours\\\/hiking-italy-mont-blanc-self-guided-trekking\\\/#breadcrumb\",\"itemListElement\":[{\"@type\":\"ListItem\",\"position\":1,\"name\":\"Hjem\",\"item\":\"https:\\\/\\\/outdooreurope.eu\\\/\"},{\"@type\":\"ListItem\",\"position\":2,\"name\":\"Shop\",\"item\":\"https:\\\/\\\/outdooreurope.eu\\\/shop\\\/\"},{\"@type\":\"ListItem\",\"position\":3,\"name\":\"Hike the Tour Mont Blanc in Comfort: Conquer Europe&#8217;s Most Iconic and Scenic Hiking Circuit\"}]},{\"@type\":\"WebSite\",\"@id\":\"https:\\\/\\\/outdooreurope.eu\\\/#website\",\"url\":\"https:\\\/\\\/outdooreurope.eu\\\/\",\"name\":\"Outdoor Europe\",\"description\":\"Hiking In Europe I Join the trail\",\"potentialAction\":[{\"@type\":\"SearchAction\",\"target\":{\"@type\":\"EntryPoint\",\"urlTemplate\":\"https:\\\/\\\/outdooreurope.eu\\\/?s={search_term_string}\"},\"query-input\":{\"@type\":\"PropertyValueSpecification\",\"valueRequired\":true,\"valueName\":\"search_term_string\"}}],\"inLanguage\":\"es\"}]}<\/script>\n<meta property=\"product:price:amount\" content=\"1370\" \/>\n<meta property=\"product:price:currency\" content=\"EUR\" \/>\n<meta property=\"og:availability\" content=\"instock\" \/>\n<meta property=\"product:availability\" content=\"instock\" \/>\n<meta property=\"product:retailer_item_id\" content=\"15727\" \/>\n<meta property=\"product:condition\" content=\"new\" \/>\n<!-- \/ Yoast SEO Premium plugin. -->","yoast_head_json":{"title":"Senderismo por el Mont Blanc: Explora rutas impresionantes - Outdoor Europe","description":"\u00a1Disfruta de vistas impresionantes en la ruta de senderismo del Mont Blanc! Recorre senderos impresionantes y disfruta de la cultura local mientras saboreas una gastronom\u00eda exquisita.","robots":{"index":"index","follow":"follow","max-snippet":"max-snippet:-1","max-image-preview":"max-image-preview:large","max-video-preview":"max-video-preview:-1"},"canonical":"https:\/\/outdooreurope.eu\/es\/excursiones\/senderismo-en-italia-trekking-autoguiado-por-el-mont-blanc\/","og_locale":"es_ES","og_type":"article","og_title":"Hike the Tour Mont Blanc in Comfort: Conquer Europe's Most Iconic and Scenic Hiking Circuit","og_description":"Hike the Tour Mont Blanc in Comfort. With the Mont Blanc Panoramic Trek, you can witness the grandeur of the Mont Blanc massif and its glacial wonders","og_url":"https:\/\/outdooreurope.eu\/es\/excursiones\/senderismo-en-italia-trekking-autoguiado-por-el-mont-blanc\/","og_site_name":"Outdoor Europe","article_publisher":"https:\/\/www.facebook.com\/outdooreurope.eu","article_modified_time":"2025-04-17T09:21:04+00:00","og_image":[{"width":720,"height":606,"url":"https:\/\/outdooreurope.eu\/wp-content\/uploads\/2024\/01\/val-veny-03-720x606-1.jpg","type":"image\/jpeg"}],"twitter_card":"summary_large_image","twitter_misc":{"Precio":"&euro;1,370","Disponibilidad":"Disponible"},"schema":{"@context":"https:\/\/schema.org","@graph":[{"@type":"WebPage","@id":"https:\/\/outdooreurope.eu\/tours\/hiking-italy-mont-blanc-self-guided-trekking\/","url":"https:\/\/outdooreurope.eu\/tours\/hiking-italy-mont-blanc-self-guided-trekking\/","name":"Senderismo por el Mont Blanc: Explora rutas impresionantes - Outdoor Europe","isPartOf":{"@id":"https:\/\/outdooreurope.eu\/#website"},"primaryImageOfPage":{"@id":"https:\/\/outdooreurope.eu\/tours\/hiking-italy-mont-blanc-self-guided-trekking\/#primaryimage"},"image":{"@id":"https:\/\/outdooreurope.eu\/tours\/hiking-italy-mont-blanc-self-guided-trekking\/#primaryimage"},"thumbnailUrl":"https:\/\/outdooreurope.eu\/wp-content\/uploads\/2024\/01\/val-veny-03-720x606-1.jpg","datePublished":"2024-01-16T09:59:58+00:00","dateModified":"2025-04-17T09:21:04+00:00","description":"\u00a1Disfruta de vistas impresionantes en la ruta de senderismo del Mont Blanc! Recorre senderos impresionantes y disfruta de la cultura local mientras saboreas una gastronom\u00eda exquisita.","breadcrumb":{"@id":"https:\/\/outdooreurope.eu\/tours\/hiking-italy-mont-blanc-self-guided-trekking\/#breadcrumb"},"inLanguage":"es","potentialAction":[{"@type":"ReadAction","target":["https:\/\/outdooreurope.eu\/tours\/hiking-italy-mont-blanc-self-guided-trekking\/"]}]},{"@type":"ImageObject","inLanguage":"es","@id":"https:\/\/outdooreurope.eu\/tours\/hiking-italy-mont-blanc-self-guided-trekking\/#primaryimage","url":"https:\/\/outdooreurope.eu\/wp-content\/uploads\/2024\/01\/val-veny-03-720x606-1.jpg","contentUrl":"https:\/\/outdooreurope.eu\/wp-content\/uploads\/2024\/01\/val-veny-03-720x606-1.jpg","width":720,"height":606},{"@type":"BreadcrumbList","@id":"https:\/\/outdooreurope.eu\/tours\/hiking-italy-mont-blanc-self-guided-trekking\/#breadcrumb","itemListElement":[{"@type":"ListItem","position":1,"name":"Hjem","item":"https:\/\/outdooreurope.eu\/"},{"@type":"ListItem","position":2,"name":"Shop","item":"https:\/\/outdooreurope.eu\/shop\/"},{"@type":"ListItem","position":3,"name":"Hike the Tour Mont Blanc in Comfort: Conquer Europe&#8217;s Most Iconic and Scenic Hiking Circuit"}]},{"@type":"WebSite","@id":"https:\/\/outdooreurope.eu\/#website","url":"https:\/\/outdooreurope.eu\/","name":"Europa al aire libre","description":"Senderismo en Europa Me uno al sendero","potentialAction":[{"@type":"SearchAction","target":{"@type":"EntryPoint","urlTemplate":"https:\/\/outdooreurope.eu\/?s={search_term_string}"},"query-input":{"@type":"PropertyValueSpecification","valueRequired":true,"valueName":"search_term_string"}}],"inLanguage":"es"}]},"product_price_amount":"1370","product_price_currency":"EUR","og_availability":"instock","product_availability":"instock","product_retailer_item_id":"15727","product_condition":"new"},"_links":{"self":[{"href":"https:\/\/outdooreurope.eu\/es\/wp-json\/wp\/v2\/product\/15727","targetHints":{"allow":["GET"]}}],"collection":[{"href":"https:\/\/outdooreurope.eu\/es\/wp-json\/wp\/v2\/product"}],"about":[{"href":"https:\/\/outdooreurope.eu\/es\/wp-json\/wp\/v2\/types\/product"}],"replies":[{"embeddable":true,"href":"https:\/\/outdooreurope.eu\/es\/wp-json\/wp\/v2\/comments?post=15727"}],"wp:featuredmedia":[{"embeddable":true,"href":"https:\/\/outdooreurope.eu\/es\/wp-json\/wp\/v2\/media\/15728"}],"wp:attachment":[{"href":"https:\/\/outdooreurope.eu\/es\/wp-json\/wp\/v2\/media?parent=15727"}],"wp:term":[{"taxonomy":"product_brand","embeddable":true,"href":"https:\/\/outdooreurope.eu\/es\/wp-json\/wp\/v2\/product_brand?post=15727"},{"taxonomy":"product_cat","embeddable":true,"href":"https:\/\/outdooreurope.eu\/es\/wp-json\/wp\/v2\/product_cat?post=15727"},{"taxonomy":"product_tag","embeddable":true,"href":"https:\/\/outdooreurope.eu\/es\/wp-json\/wp\/v2\/product_tag?post=15727"}],"curies":[{"name":"wp","href":"https:\/\/api.w.org\/{rel}","templated":true}]}}