{"id":15822,"date":"2024-01-16T13:05:32","date_gmt":"2024-01-16T12:05:32","guid":{"rendered":"https:\/\/outdooreurope.eu\/?post_type=product&#038;p=15822"},"modified":"2025-03-28T08:09:00","modified_gmt":"2025-03-28T07:09:00","slug":"senderismo-austria-garmish-meran-trekking","status":"publish","type":"product","link":"https:\/\/outdooreurope.eu\/es\/tours\/hiking-austria-garmish-meran-trekking\/","title":{"rendered":"Caminata de Garmisch a Merano: una aventura \u00e9pica de ocho d\u00edas"},"content":{"rendered":"<p>Prep\u00e1rese para embarcarse en un magn\u00edfico viaje de ocho d\u00edas de senderismo por la monta\u00f1a que lo llevar\u00e1 a trav\u00e9s de las pintorescas regiones donde Baviera, Tirol y Tirol del Sur convergen a la perfecci\u00f3n, combinando belleza natural y diversidad cultural. Mientras recorre impresionantes rutas de senderismo, tendr\u00e1 la oportunidad de explorar caba\u00f1as alpinas tradicionales, serenos paisajes monta\u00f1osos y desfiladeros impresionantes. Adem\u00e1s, saborear\u00e1 los deliciosos tesoros culinarios de tres regiones distintas: Baviera, Austria y Tirol del Sur.<\/p>\n<ul>\n<li><strong>Partnachklamm y Elmauer Alm:<\/strong> Comienza tu aventura en Garmisch-Partenkirchen con una caminata por el impresionante Partnachklamm. Sube a Wamberg, que ofrece vistas cautivadoras, y dir\u00edgete al encantador Elmauer Alm.<\/li>\n<li><strong>Piedra fronteriza de tres pa\u00edses:<\/strong> Atraviese las fronteras estatales mientras realiza la transici\u00f3n hacia el Tirol, embarc\u00e1ndose en un viaje extraordinario hacia la piedra fronteriza de tres pa\u00edses. Aqu\u00ed, en el punto de encuentro de Austria, Italia y Suiza, experimentar\u00e1 una mezcla \u00fanica de cultura y geograf\u00eda, lo que la convierte en una parada verdaderamente excepcional en su aventura de senderismo.<\/li>\n<li><strong>Lago Reschen e iglesia hundida:<\/strong> Explore el encantador lago Reschen en Tirol del Sur, famoso por la torre de su iglesia sumergida, una vista ic\u00f3nica que agrega un toque de magia a su odisea de senderismo.<\/li>\n<\/ul>","protected":false},"excerpt":{"rendered":"<p>Prep\u00e1rese para embarcarse en una magn\u00edfica ruta de senderismo de monta\u00f1a de ocho d\u00edas que le llevar\u00e1 a trav\u00e9s de las pintorescas regiones donde Baviera, Tirol y Tirol del Sur convergen a la perfecci\u00f3n, combinando belleza natural y diversidad cultural. Mientras recorre impresionantes rutas de senderismo, tendr\u00e1 la oportunidad de explorar refugios alpinos tradicionales, serenos paisajes monta\u00f1osos e imponentes desfiladeros. Adem\u00e1s, disfrutar\u00e1...<\/p>\n<div class=\"padding-top text-center\"><a href=\"https:\/\/outdooreurope.eu\/es\/tours\/hiking-austria-garmish-meran-trekking\/\" class=\"atbtn atbtn--medium atbtn--rounded atbtn--transparent\">Leer m\u00e1s<i class=\"atbtn__icon atbtn__icon--right fa fa-long-arrow-right\"><\/i><\/a><\/div>","protected":false},"featured_media":15823,"comment_status":"open","ping_status":"closed","template":"","meta":{"_acf_changed":false,"content-type":"","inline_featured_image":false},"product_brand":[],"product_cat":[302],"product_tag":[760],"class_list":{"0":"post-15822","1":"product","2":"type-product","3":"status-publish","4":"has-post-thumbnail","6":"tour_country-austria","7":"tour_country-germany","8":"tour_types-dog-friendly","9":"tour_types-hut-to-hut","10":"tour_types-self-guided","11":"product_cat-ukategoriseret","12":"product_tag-hiking","13":"pa_duration-7-nights","14":"tour_category-hiking-in-europe","16":"first","17":"instock","18":"virtual","19":"purchasable","20":"product-type-tour"},"acf":[],"yoast_head":"<!-- This site is optimized with the Yoast SEO Premium plugin v27.5 (Yoast SEO v27.5) - https:\/\/yoast.com\/product\/yoast-seo-premium-wordpress\/ -->\n<title>Hike from Garmisch to Meran: 8-Day Adventure Awaits - Outdoor Europe<\/title>\n<meta name=\"description\" content=\"Embark on an unforgettable adventure as you hike from Garmisch to Meran. Discover breathtaking trails and savor local cuisine along the way! \ud83c\udf04\" \/>\n<meta name=\"robots\" content=\"index, follow, max-snippet:-1, max-image-preview:large, max-video-preview:-1\" \/>\n<link rel=\"canonical\" href=\"https:\/\/outdooreurope.eu\/es\/excursiones\/senderismo-austria-garmish-meran-trekking\/\" \/>\n<meta property=\"og:locale\" content=\"es_ES\" \/>\n<meta property=\"og:type\" content=\"article\" \/>\n<meta property=\"og:title\" content=\"Hike from Garmisch to Meran: And Epic Eight Day Adventure\" \/>\n<meta property=\"og:description\" content=\"Prepare to embark on a magnificent eight-day mountain hiking journey that takes you through the picturesque regions where Bavaria, Tyrol, and South Tyrol\" \/>\n<meta property=\"og:url\" content=\"https:\/\/outdooreurope.eu\/es\/excursiones\/senderismo-austria-garmish-meran-trekking\/\" \/>\n<meta property=\"og:site_name\" content=\"Outdoor Europe\" \/>\n<meta property=\"article:publisher\" content=\"https:\/\/www.facebook.com\/outdooreurope.eu\" \/>\n<meta property=\"article:modified_time\" content=\"2025-03-28T07:09:00+00:00\" \/>\n<meta property=\"og:image\" content=\"https:\/\/outdooreurope.eu\/wp-content\/uploads\/2024\/01\/austria-salzburg-state-young-woman-hiking-in-mou-2022-03-08-01-19-44-utc-e1677098546326-720x606-1.jpg\" \/>\n\t<meta property=\"og:image:width\" content=\"720\" \/>\n\t<meta property=\"og:image:height\" content=\"606\" \/>\n\t<meta property=\"og:image:type\" content=\"image\/jpeg\" \/>\n<meta name=\"twitter:card\" content=\"summary_large_image\" \/>\n<meta name=\"twitter:label1\" content=\"Precio\" \/>\n\t<meta name=\"twitter:data1\" content=\"&euro;1,290\" \/>\n\t<meta name=\"twitter:label2\" content=\"Disponibilidad\" \/>\n\t<meta name=\"twitter:data2\" content=\"Disponible\" \/>\n<script type=\"application\/ld+json\" class=\"yoast-schema-graph\">{\"@context\":\"https:\\\/\\\/schema.org\",\"@graph\":[{\"@type\":\"WebPage\",\"@id\":\"https:\\\/\\\/outdooreurope.eu\\\/tours\\\/hiking-austria-garmish-meran-trekking\\\/\",\"url\":\"https:\\\/\\\/outdooreurope.eu\\\/tours\\\/hiking-austria-garmish-meran-trekking\\\/\",\"name\":\"Hike from Garmisch to Meran: 8-Day Adventure Awaits - Outdoor Europe\",\"isPartOf\":{\"@id\":\"https:\\\/\\\/outdooreurope.eu\\\/#website\"},\"primaryImageOfPage\":{\"@id\":\"https:\\\/\\\/outdooreurope.eu\\\/tours\\\/hiking-austria-garmish-meran-trekking\\\/#primaryimage\"},\"image\":{\"@id\":\"https:\\\/\\\/outdooreurope.eu\\\/tours\\\/hiking-austria-garmish-meran-trekking\\\/#primaryimage\"},\"thumbnailUrl\":\"https:\\\/\\\/outdooreurope.eu\\\/wp-content\\\/uploads\\\/2024\\\/01\\\/austria-salzburg-state-young-woman-hiking-in-mou-2022-03-08-01-19-44-utc-e1677098546326-720x606-1.jpg\",\"datePublished\":\"2024-01-16T12:05:32+00:00\",\"dateModified\":\"2025-03-28T07:09:00+00:00\",\"description\":\"Embark on an unforgettable adventure as you hike from Garmisch to Meran. Discover breathtaking trails and savor local cuisine along the way! \ud83c\udf04\",\"breadcrumb\":{\"@id\":\"https:\\\/\\\/outdooreurope.eu\\\/tours\\\/hiking-austria-garmish-meran-trekking\\\/#breadcrumb\"},\"inLanguage\":\"es\",\"potentialAction\":[{\"@type\":\"ReadAction\",\"target\":[\"https:\\\/\\\/outdooreurope.eu\\\/tours\\\/hiking-austria-garmish-meran-trekking\\\/\"]}]},{\"@type\":\"ImageObject\",\"inLanguage\":\"es\",\"@id\":\"https:\\\/\\\/outdooreurope.eu\\\/tours\\\/hiking-austria-garmish-meran-trekking\\\/#primaryimage\",\"url\":\"https:\\\/\\\/outdooreurope.eu\\\/wp-content\\\/uploads\\\/2024\\\/01\\\/austria-salzburg-state-young-woman-hiking-in-mou-2022-03-08-01-19-44-utc-e1677098546326-720x606-1.jpg\",\"contentUrl\":\"https:\\\/\\\/outdooreurope.eu\\\/wp-content\\\/uploads\\\/2024\\\/01\\\/austria-salzburg-state-young-woman-hiking-in-mou-2022-03-08-01-19-44-utc-e1677098546326-720x606-1.jpg\",\"width\":720,\"height\":606},{\"@type\":\"BreadcrumbList\",\"@id\":\"https:\\\/\\\/outdooreurope.eu\\\/tours\\\/hiking-austria-garmish-meran-trekking\\\/#breadcrumb\",\"itemListElement\":[{\"@type\":\"ListItem\",\"position\":1,\"name\":\"Hjem\",\"item\":\"https:\\\/\\\/outdooreurope.eu\\\/\"},{\"@type\":\"ListItem\",\"position\":2,\"name\":\"Shop\",\"item\":\"https:\\\/\\\/outdooreurope.eu\\\/shop\\\/\"},{\"@type\":\"ListItem\",\"position\":3,\"name\":\"Hike from Garmisch to Meran: And Epic Eight Day Adventure\"}]},{\"@type\":\"WebSite\",\"@id\":\"https:\\\/\\\/outdooreurope.eu\\\/#website\",\"url\":\"https:\\\/\\\/outdooreurope.eu\\\/\",\"name\":\"Outdoor Europe\",\"description\":\"Hiking In Europe I Join the trail\",\"potentialAction\":[{\"@type\":\"SearchAction\",\"target\":{\"@type\":\"EntryPoint\",\"urlTemplate\":\"https:\\\/\\\/outdooreurope.eu\\\/?s={search_term_string}\"},\"query-input\":{\"@type\":\"PropertyValueSpecification\",\"valueRequired\":true,\"valueName\":\"search_term_string\"}}],\"inLanguage\":\"es\"}]}<\/script>\n<meta property=\"product:price:amount\" content=\"1290\" \/>\n<meta property=\"product:price:currency\" content=\"EUR\" \/>\n<meta property=\"og:availability\" content=\"instock\" \/>\n<meta property=\"product:availability\" content=\"instock\" \/>\n<meta property=\"product:retailer_item_id\" content=\"15822\" \/>\n<meta property=\"product:condition\" content=\"new\" \/>\n<!-- \/ Yoast SEO Premium plugin. -->","yoast_head_json":{"title":"Caminata de Garmisch a Merano: una aventura de 8 d\u00edas te espera - Outdoor Europe","description":"Emb\u00e1rcate en una aventura inolvidable caminando de Garmisch a Merano. \u00a1Descubre rutas impresionantes y saborea la gastronom\u00eda local! \ud83c\udf04","robots":{"index":"index","follow":"follow","max-snippet":"max-snippet:-1","max-image-preview":"max-image-preview:large","max-video-preview":"max-video-preview:-1"},"canonical":"https:\/\/outdooreurope.eu\/es\/excursiones\/senderismo-austria-garmish-meran-trekking\/","og_locale":"es_ES","og_type":"article","og_title":"Hike from Garmisch to Meran: And Epic Eight Day Adventure","og_description":"Prepare to embark on a magnificent eight-day mountain hiking journey that takes you through the picturesque regions where Bavaria, Tyrol, and South Tyrol","og_url":"https:\/\/outdooreurope.eu\/es\/excursiones\/senderismo-austria-garmish-meran-trekking\/","og_site_name":"Outdoor Europe","article_publisher":"https:\/\/www.facebook.com\/outdooreurope.eu","article_modified_time":"2025-03-28T07:09:00+00:00","og_image":[{"width":720,"height":606,"url":"https:\/\/outdooreurope.eu\/wp-content\/uploads\/2024\/01\/austria-salzburg-state-young-woman-hiking-in-mou-2022-03-08-01-19-44-utc-e1677098546326-720x606-1.jpg","type":"image\/jpeg"}],"twitter_card":"summary_large_image","twitter_misc":{"Precio":"&euro;1,290","Disponibilidad":"Disponible"},"schema":{"@context":"https:\/\/schema.org","@graph":[{"@type":"WebPage","@id":"https:\/\/outdooreurope.eu\/tours\/hiking-austria-garmish-meran-trekking\/","url":"https:\/\/outdooreurope.eu\/tours\/hiking-austria-garmish-meran-trekking\/","name":"Caminata de Garmisch a Merano: una aventura de 8 d\u00edas te espera - Outdoor Europe","isPartOf":{"@id":"https:\/\/outdooreurope.eu\/#website"},"primaryImageOfPage":{"@id":"https:\/\/outdooreurope.eu\/tours\/hiking-austria-garmish-meran-trekking\/#primaryimage"},"image":{"@id":"https:\/\/outdooreurope.eu\/tours\/hiking-austria-garmish-meran-trekking\/#primaryimage"},"thumbnailUrl":"https:\/\/outdooreurope.eu\/wp-content\/uploads\/2024\/01\/austria-salzburg-state-young-woman-hiking-in-mou-2022-03-08-01-19-44-utc-e1677098546326-720x606-1.jpg","datePublished":"2024-01-16T12:05:32+00:00","dateModified":"2025-03-28T07:09:00+00:00","description":"Emb\u00e1rcate en una aventura inolvidable caminando de Garmisch a Merano. \u00a1Descubre rutas impresionantes y saborea la gastronom\u00eda local! \ud83c\udf04","breadcrumb":{"@id":"https:\/\/outdooreurope.eu\/tours\/hiking-austria-garmish-meran-trekking\/#breadcrumb"},"inLanguage":"es","potentialAction":[{"@type":"ReadAction","target":["https:\/\/outdooreurope.eu\/tours\/hiking-austria-garmish-meran-trekking\/"]}]},{"@type":"ImageObject","inLanguage":"es","@id":"https:\/\/outdooreurope.eu\/tours\/hiking-austria-garmish-meran-trekking\/#primaryimage","url":"https:\/\/outdooreurope.eu\/wp-content\/uploads\/2024\/01\/austria-salzburg-state-young-woman-hiking-in-mou-2022-03-08-01-19-44-utc-e1677098546326-720x606-1.jpg","contentUrl":"https:\/\/outdooreurope.eu\/wp-content\/uploads\/2024\/01\/austria-salzburg-state-young-woman-hiking-in-mou-2022-03-08-01-19-44-utc-e1677098546326-720x606-1.jpg","width":720,"height":606},{"@type":"BreadcrumbList","@id":"https:\/\/outdooreurope.eu\/tours\/hiking-austria-garmish-meran-trekking\/#breadcrumb","itemListElement":[{"@type":"ListItem","position":1,"name":"Hjem","item":"https:\/\/outdooreurope.eu\/"},{"@type":"ListItem","position":2,"name":"Shop","item":"https:\/\/outdooreurope.eu\/shop\/"},{"@type":"ListItem","position":3,"name":"Hike from Garmisch to Meran: And Epic Eight Day Adventure"}]},{"@type":"WebSite","@id":"https:\/\/outdooreurope.eu\/#website","url":"https:\/\/outdooreurope.eu\/","name":"Europa al aire libre","description":"Senderismo en Europa Me uno al sendero","potentialAction":[{"@type":"SearchAction","target":{"@type":"EntryPoint","urlTemplate":"https:\/\/outdooreurope.eu\/?s={search_term_string}"},"query-input":{"@type":"PropertyValueSpecification","valueRequired":true,"valueName":"search_term_string"}}],"inLanguage":"es"}]},"product_price_amount":"1290","product_price_currency":"EUR","og_availability":"instock","product_availability":"instock","product_retailer_item_id":"15822","product_condition":"new"},"_links":{"self":[{"href":"https:\/\/outdooreurope.eu\/es\/wp-json\/wp\/v2\/product\/15822","targetHints":{"allow":["GET"]}}],"collection":[{"href":"https:\/\/outdooreurope.eu\/es\/wp-json\/wp\/v2\/product"}],"about":[{"href":"https:\/\/outdooreurope.eu\/es\/wp-json\/wp\/v2\/types\/product"}],"replies":[{"embeddable":true,"href":"https:\/\/outdooreurope.eu\/es\/wp-json\/wp\/v2\/comments?post=15822"}],"wp:featuredmedia":[{"embeddable":true,"href":"https:\/\/outdooreurope.eu\/es\/wp-json\/wp\/v2\/media\/15823"}],"wp:attachment":[{"href":"https:\/\/outdooreurope.eu\/es\/wp-json\/wp\/v2\/media?parent=15822"}],"wp:term":[{"taxonomy":"product_brand","embeddable":true,"href":"https:\/\/outdooreurope.eu\/es\/wp-json\/wp\/v2\/product_brand?post=15822"},{"taxonomy":"product_cat","embeddable":true,"href":"https:\/\/outdooreurope.eu\/es\/wp-json\/wp\/v2\/product_cat?post=15822"},{"taxonomy":"product_tag","embeddable":true,"href":"https:\/\/outdooreurope.eu\/es\/wp-json\/wp\/v2\/product_tag?post=15822"}],"curies":[{"name":"wp","href":"https:\/\/api.w.org\/{rel}","templated":true}]}}