{"id":16110,"date":"2024-01-17T10:09:19","date_gmt":"2024-01-17T09:09:19","guid":{"rendered":"https:\/\/outdooreurope.eu\/?post_type=product&#038;p=16110"},"modified":"2025-03-27T08:08:04","modified_gmt":"2025-03-27T07:08:04","slug":"senderismo-en-espana-mallorca-rutas-de-senderismo-autoguiadas","status":"publish","type":"product","link":"https:\/\/outdooreurope.eu\/es\/tours\/hiking-spain-mallorca-finca-trails-self-guided-trekking\/","title":{"rendered":"Senderismo entre las fincas de Mallorca: descubre la belleza inexplorada de los senderos de Mallorca"},"content":{"rendered":"<h4>Senderismo en fincas de Mallorca: un tranquilo refugio de senderismo en la isla mediterr\u00e1nea<\/h4>\n<p>Senderismo entre fincas de Mallorca. Para unas vacaciones de senderismo que rebosan tranquilidad y encanto.<\/p>\n<p><strong>Lo m\u00e1s destacado de la ruta de senderismo por Mallorca<\/strong><\/p>\n<ul>\n<li><strong>Caminatas costeras con vistas cautivadoras:<\/strong> Ascienda al Penyal d&#039;Honor para disfrutar de la vista m\u00e1s impresionante de los impresionantes paisajes de Mallorca.<\/li>\n<li><strong>Deliciosas naranjas y aceitunas:<\/strong> No pierdas la oportunidad de saborear las deliciosas frutas mediterr\u00e1neas de S\u00f3ller y el Valle de Oriente, una aut\u00e9ntica delicia culinaria.<\/li>\n<li><strong>Al\u00f3jese en fincas aisladas con piscinas:<\/strong> A lo largo de su aventura de senderismo, rel\u00e1jese en c\u00f3modas y elegantes fincas de estilo rural, con refrescantes piscinas.<\/li>\n<\/ul>\n<p>&nbsp;<\/p>","protected":false},"excerpt":{"rendered":"<p>Senderismo por fincas de Mallorca: Un tranquilo refugio de senderismo en la isla mediterr\u00e1nea. Camina entre las fincas de Mallorca. Para unas vacaciones de senderismo que rebosan tranquilidad y encanto. Lo m\u00e1s destacado de la ruta de senderismo por Mallorca: Senderismo costero con vistas cautivadoras: Asciende al Penyal d&#039;Honor para disfrutar de las vistas m\u00e1s impresionantes de los impresionantes paisajes de Mallorca. Deliciosas naranjas y aceitunas: \u00a1No te pierdas la oportunidad!<\/p>\n<div class=\"padding-top text-center\"><a href=\"https:\/\/outdooreurope.eu\/es\/tours\/hiking-spain-mallorca-finca-trails-self-guided-trekking\/\" class=\"atbtn atbtn--medium atbtn--rounded atbtn--transparent\">Leer m\u00e1s<i class=\"atbtn__icon atbtn__icon--right fa fa-long-arrow-right\"><\/i><\/a><\/div>","protected":false},"featured_media":16111,"comment_status":"open","ping_status":"closed","template":"","meta":{"_acf_changed":false,"content-type":"","inline_featured_image":false},"product_brand":[],"product_cat":[302],"product_tag":[760,779,953],"class_list":{"0":"post-16110","1":"product","2":"type-product","3":"status-publish","4":"has-post-thumbnail","6":"tour_country-spain","7":"tour_types-hut-to-hut","8":"tour_types-self-guided","9":"tour_types-family","10":"product_cat-ukategoriseret","11":"product_tag-hiking","12":"product_tag-family","13":"product_tag-walking","14":"pa_duration-6-nights","15":"tour_category-hiking-in-europe","17":"first","18":"instock","19":"shipping-taxable","20":"purchasable","21":"product-type-tour"},"acf":[],"yoast_head":"<!-- This site is optimized with the Yoast SEO Premium plugin v27.4 (Yoast SEO v27.4) - https:\/\/yoast.com\/product\/yoast-seo-premium-wordpress\/ -->\n<title>Hike Between Mallorca&#039;s Fincas: Explore Nature&#039;s Beauty - Outdoor Europe<\/title>\n<meta name=\"description\" content=\"Experience tranquility as you hike between Mallorca&#039;s Fincas and enjoy breathtaking views. Indulge in delicious Mediterranean fruits on your adventure!\" \/>\n<meta name=\"robots\" content=\"index, follow, max-snippet:-1, max-image-preview:large, max-video-preview:-1\" \/>\n<link rel=\"canonical\" href=\"https:\/\/outdooreurope.eu\/es\/excursiones\/senderismo-en-espana-mallorca-rutas-de-senderismo-autoguiadas\/\" \/>\n<meta property=\"og:locale\" content=\"es_ES\" \/>\n<meta property=\"og:type\" content=\"article\" \/>\n<meta property=\"og:title\" content=\"Hike between Mallorca&#039;s fincas: discover the uncharted beauty of Mallorca&#039;s trails\" \/>\n<meta property=\"og:description\" content=\"Mallorca Finca-walking: A serene hiking retreat on the Mediterranean Island Hike between Mallorca&#039;s Fincas. For a hiking holiday that exudes tranquility\" \/>\n<meta property=\"og:url\" content=\"https:\/\/outdooreurope.eu\/es\/excursiones\/senderismo-en-espana-mallorca-rutas-de-senderismo-autoguiadas\/\" \/>\n<meta property=\"og:site_name\" content=\"Outdoor Europe\" \/>\n<meta property=\"article:publisher\" content=\"https:\/\/www.facebook.com\/outdooreurope.eu\" \/>\n<meta property=\"article:modified_time\" content=\"2025-03-27T07:08:04+00:00\" \/>\n<meta property=\"og:image\" content=\"https:\/\/outdooreurope.eu\/wp-content\/uploads\/2024\/01\/Untitled-design-33-720x606-1.jpg\" \/>\n\t<meta property=\"og:image:width\" content=\"720\" \/>\n\t<meta property=\"og:image:height\" content=\"606\" \/>\n\t<meta property=\"og:image:type\" content=\"image\/jpeg\" \/>\n<meta name=\"twitter:card\" content=\"summary_large_image\" \/>\n<meta name=\"twitter:label1\" content=\"Precio\" \/>\n\t<meta name=\"twitter:data1\" content=\"&euro;1,495\" \/>\n\t<meta name=\"twitter:label2\" content=\"Disponibilidad\" \/>\n\t<meta name=\"twitter:data2\" content=\"Disponible\" \/>\n<script type=\"application\/ld+json\" class=\"yoast-schema-graph\">{\"@context\":\"https:\\\/\\\/schema.org\",\"@graph\":[{\"@type\":\"WebPage\",\"@id\":\"https:\\\/\\\/outdooreurope.eu\\\/tours\\\/hiking-spain-mallorca-finca-trails-self-guided-trekking\\\/\",\"url\":\"https:\\\/\\\/outdooreurope.eu\\\/tours\\\/hiking-spain-mallorca-finca-trails-self-guided-trekking\\\/\",\"name\":\"Hike Between Mallorca's Fincas: Explore Nature's Beauty - Outdoor Europe\",\"isPartOf\":{\"@id\":\"https:\\\/\\\/outdooreurope.eu\\\/#website\"},\"primaryImageOfPage\":{\"@id\":\"https:\\\/\\\/outdooreurope.eu\\\/tours\\\/hiking-spain-mallorca-finca-trails-self-guided-trekking\\\/#primaryimage\"},\"image\":{\"@id\":\"https:\\\/\\\/outdooreurope.eu\\\/tours\\\/hiking-spain-mallorca-finca-trails-self-guided-trekking\\\/#primaryimage\"},\"thumbnailUrl\":\"https:\\\/\\\/outdooreurope.eu\\\/wp-content\\\/uploads\\\/2024\\\/01\\\/Untitled-design-33-720x606-1.jpg\",\"datePublished\":\"2024-01-17T09:09:19+00:00\",\"dateModified\":\"2025-03-27T07:08:04+00:00\",\"description\":\"Experience tranquility as you hike between Mallorca's Fincas and enjoy breathtaking views. Indulge in delicious Mediterranean fruits on your adventure!\",\"breadcrumb\":{\"@id\":\"https:\\\/\\\/outdooreurope.eu\\\/tours\\\/hiking-spain-mallorca-finca-trails-self-guided-trekking\\\/#breadcrumb\"},\"inLanguage\":\"es\",\"potentialAction\":[{\"@type\":\"ReadAction\",\"target\":[\"https:\\\/\\\/outdooreurope.eu\\\/tours\\\/hiking-spain-mallorca-finca-trails-self-guided-trekking\\\/\"]}]},{\"@type\":\"ImageObject\",\"inLanguage\":\"es\",\"@id\":\"https:\\\/\\\/outdooreurope.eu\\\/tours\\\/hiking-spain-mallorca-finca-trails-self-guided-trekking\\\/#primaryimage\",\"url\":\"https:\\\/\\\/outdooreurope.eu\\\/wp-content\\\/uploads\\\/2024\\\/01\\\/Untitled-design-33-720x606-1.jpg\",\"contentUrl\":\"https:\\\/\\\/outdooreurope.eu\\\/wp-content\\\/uploads\\\/2024\\\/01\\\/Untitled-design-33-720x606-1.jpg\",\"width\":720,\"height\":606},{\"@type\":\"BreadcrumbList\",\"@id\":\"https:\\\/\\\/outdooreurope.eu\\\/tours\\\/hiking-spain-mallorca-finca-trails-self-guided-trekking\\\/#breadcrumb\",\"itemListElement\":[{\"@type\":\"ListItem\",\"position\":1,\"name\":\"Hjem\",\"item\":\"https:\\\/\\\/outdooreurope.eu\\\/\"},{\"@type\":\"ListItem\",\"position\":2,\"name\":\"Shop\",\"item\":\"https:\\\/\\\/outdooreurope.eu\\\/shop\\\/\"},{\"@type\":\"ListItem\",\"position\":3,\"name\":\"Hike between Mallorca&#8217;s fincas: discover the uncharted beauty of Mallorca&#8217;s trails\"}]},{\"@type\":\"WebSite\",\"@id\":\"https:\\\/\\\/outdooreurope.eu\\\/#website\",\"url\":\"https:\\\/\\\/outdooreurope.eu\\\/\",\"name\":\"Outdoor Europe\",\"description\":\"Hiking In Europe I Join the trail\",\"potentialAction\":[{\"@type\":\"SearchAction\",\"target\":{\"@type\":\"EntryPoint\",\"urlTemplate\":\"https:\\\/\\\/outdooreurope.eu\\\/?s={search_term_string}\"},\"query-input\":{\"@type\":\"PropertyValueSpecification\",\"valueRequired\":true,\"valueName\":\"search_term_string\"}}],\"inLanguage\":\"es\"}]}<\/script>\n<meta property=\"product:price:amount\" content=\"1495\" \/>\n<meta property=\"product:price:currency\" content=\"EUR\" \/>\n<meta property=\"og:availability\" content=\"instock\" \/>\n<meta property=\"product:availability\" content=\"instock\" \/>\n<meta property=\"product:retailer_item_id\" content=\"16110\" \/>\n<meta property=\"product:condition\" content=\"new\" \/>\n<!-- \/ Yoast SEO Premium plugin. -->","yoast_head_json":{"title":"Senderismo entre fincas de Mallorca: Explora la belleza de la naturaleza - Outdoor Europe","description":"Experimenta la tranquilidad mientras caminas entre las fincas de Mallorca y admiras las impresionantes vistas. \u00a1Date un capricho con deliciosas frutas mediterr\u00e1neas en tu aventura!","robots":{"index":"index","follow":"follow","max-snippet":"max-snippet:-1","max-image-preview":"max-image-preview:large","max-video-preview":"max-video-preview:-1"},"canonical":"https:\/\/outdooreurope.eu\/es\/excursiones\/senderismo-en-espana-mallorca-rutas-de-senderismo-autoguiadas\/","og_locale":"es_ES","og_type":"article","og_title":"Hike between Mallorca's fincas: discover the uncharted beauty of Mallorca's trails","og_description":"Mallorca Finca-walking: A serene hiking retreat on the Mediterranean Island Hike between Mallorca's Fincas. For a hiking holiday that exudes tranquility","og_url":"https:\/\/outdooreurope.eu\/es\/excursiones\/senderismo-en-espana-mallorca-rutas-de-senderismo-autoguiadas\/","og_site_name":"Outdoor Europe","article_publisher":"https:\/\/www.facebook.com\/outdooreurope.eu","article_modified_time":"2025-03-27T07:08:04+00:00","og_image":[{"width":720,"height":606,"url":"https:\/\/outdooreurope.eu\/wp-content\/uploads\/2024\/01\/Untitled-design-33-720x606-1.jpg","type":"image\/jpeg"}],"twitter_card":"summary_large_image","twitter_misc":{"Precio":"&euro;1,495","Disponibilidad":"Disponible"},"schema":{"@context":"https:\/\/schema.org","@graph":[{"@type":"WebPage","@id":"https:\/\/outdooreurope.eu\/tours\/hiking-spain-mallorca-finca-trails-self-guided-trekking\/","url":"https:\/\/outdooreurope.eu\/tours\/hiking-spain-mallorca-finca-trails-self-guided-trekking\/","name":"Senderismo entre fincas de Mallorca: Explora la belleza de la naturaleza - Outdoor Europe","isPartOf":{"@id":"https:\/\/outdooreurope.eu\/#website"},"primaryImageOfPage":{"@id":"https:\/\/outdooreurope.eu\/tours\/hiking-spain-mallorca-finca-trails-self-guided-trekking\/#primaryimage"},"image":{"@id":"https:\/\/outdooreurope.eu\/tours\/hiking-spain-mallorca-finca-trails-self-guided-trekking\/#primaryimage"},"thumbnailUrl":"https:\/\/outdooreurope.eu\/wp-content\/uploads\/2024\/01\/Untitled-design-33-720x606-1.jpg","datePublished":"2024-01-17T09:09:19+00:00","dateModified":"2025-03-27T07:08:04+00:00","description":"Experimenta la tranquilidad mientras caminas entre las fincas de Mallorca y admiras las impresionantes vistas. \u00a1Date un capricho con deliciosas frutas mediterr\u00e1neas en tu aventura!","breadcrumb":{"@id":"https:\/\/outdooreurope.eu\/tours\/hiking-spain-mallorca-finca-trails-self-guided-trekking\/#breadcrumb"},"inLanguage":"es","potentialAction":[{"@type":"ReadAction","target":["https:\/\/outdooreurope.eu\/tours\/hiking-spain-mallorca-finca-trails-self-guided-trekking\/"]}]},{"@type":"ImageObject","inLanguage":"es","@id":"https:\/\/outdooreurope.eu\/tours\/hiking-spain-mallorca-finca-trails-self-guided-trekking\/#primaryimage","url":"https:\/\/outdooreurope.eu\/wp-content\/uploads\/2024\/01\/Untitled-design-33-720x606-1.jpg","contentUrl":"https:\/\/outdooreurope.eu\/wp-content\/uploads\/2024\/01\/Untitled-design-33-720x606-1.jpg","width":720,"height":606},{"@type":"BreadcrumbList","@id":"https:\/\/outdooreurope.eu\/tours\/hiking-spain-mallorca-finca-trails-self-guided-trekking\/#breadcrumb","itemListElement":[{"@type":"ListItem","position":1,"name":"Hjem","item":"https:\/\/outdooreurope.eu\/"},{"@type":"ListItem","position":2,"name":"Shop","item":"https:\/\/outdooreurope.eu\/shop\/"},{"@type":"ListItem","position":3,"name":"Hike between Mallorca&#8217;s fincas: discover the uncharted beauty of Mallorca&#8217;s trails"}]},{"@type":"WebSite","@id":"https:\/\/outdooreurope.eu\/#website","url":"https:\/\/outdooreurope.eu\/","name":"Europa al aire libre","description":"Senderismo en Europa Me uno al sendero","potentialAction":[{"@type":"SearchAction","target":{"@type":"EntryPoint","urlTemplate":"https:\/\/outdooreurope.eu\/?s={search_term_string}"},"query-input":{"@type":"PropertyValueSpecification","valueRequired":true,"valueName":"search_term_string"}}],"inLanguage":"es"}]},"product_price_amount":"1495","product_price_currency":"EUR","og_availability":"instock","product_availability":"instock","product_retailer_item_id":"16110","product_condition":"new"},"_links":{"self":[{"href":"https:\/\/outdooreurope.eu\/es\/wp-json\/wp\/v2\/product\/16110","targetHints":{"allow":["GET"]}}],"collection":[{"href":"https:\/\/outdooreurope.eu\/es\/wp-json\/wp\/v2\/product"}],"about":[{"href":"https:\/\/outdooreurope.eu\/es\/wp-json\/wp\/v2\/types\/product"}],"replies":[{"embeddable":true,"href":"https:\/\/outdooreurope.eu\/es\/wp-json\/wp\/v2\/comments?post=16110"}],"wp:featuredmedia":[{"embeddable":true,"href":"https:\/\/outdooreurope.eu\/es\/wp-json\/wp\/v2\/media\/16111"}],"wp:attachment":[{"href":"https:\/\/outdooreurope.eu\/es\/wp-json\/wp\/v2\/media?parent=16110"}],"wp:term":[{"taxonomy":"product_brand","embeddable":true,"href":"https:\/\/outdooreurope.eu\/es\/wp-json\/wp\/v2\/product_brand?post=16110"},{"taxonomy":"product_cat","embeddable":true,"href":"https:\/\/outdooreurope.eu\/es\/wp-json\/wp\/v2\/product_cat?post=16110"},{"taxonomy":"product_tag","embeddable":true,"href":"https:\/\/outdooreurope.eu\/es\/wp-json\/wp\/v2\/product_tag?post=16110"}],"curies":[{"name":"wp","href":"https:\/\/api.w.org\/{rel}","templated":true}]}}