{"id":16177,"date":"2024-01-17T12:13:28","date_gmt":"2024-01-17T11:13:28","guid":{"rendered":"https:\/\/outdooreurope.eu\/?post_type=product&#038;p=16177"},"modified":"2025-03-27T08:02:52","modified_gmt":"2025-03-27T07:02:52","slug":"caminata-por-el-sendero-de-alpe-adria","status":"publish","type":"product","link":"https:\/\/outdooreurope.eu\/es\/tours\/hike-the-alpe-adria-trail\/","title":{"rendered":"Recorre el sendero de Alpe Adria: te espera una aventura europea"},"content":{"rendered":"<p><strong>Recorre el Alpe Adria Trail: te espera una aventura europea<\/strong><\/p>\n<p>El sendero Alpe Adria es una de las experiencias de senderismo m\u00e1s espectaculares de Europa y se extiende aproximadamente 750 km a trav\u00e9s de los encantadores paisajes de Friuli-Venecia, Eslovenia y Carintia. Nuestra ruta circular comienza y termina en el pintoresco pueblo de Tarvisio, ofreciendo una aventura verdaderamente internacional a trav\u00e9s de Austria, Italia y Eslovenia.<\/p>\n<p><strong>Puntos clave:<\/strong><\/p>\n<ul>\n<li><strong>Diversos paisajes:<\/strong> Estas vacaciones de senderismo alpino son un viaje cautivador lleno de una variedad de paisajes, lugares emblem\u00e1ticos y actividades. Ya sea que est\u00e9 buscando la belleza del senderismo austriaco o explorando senderos italianos, este gigantesco sendero est\u00e1 dirigido a todos los excursionistas. Desde Tarvisio hasta el encantador asentamiento de Valbruna y de regreso a Tarvisio, encontrar\u00e1 paisajes impresionantes, que incluyen monta\u00f1as, pastos y prados.<\/li>\n<li><strong>Accesible para todos:<\/strong> El sendero Alpe Adria es perfecto para excursionistas de todos los niveles, lo que lo convierte en un camino acogedor para quienes buscan aventuras. Ofrece no s\u00f3lo vistas impresionantes sino tambi\u00e9n una rica experiencia cultural y patrimonial.<\/li>\n<li><strong>Fusi\u00f3n cultural:<\/strong> Tarvisio, ubicado entre los Alpes C\u00e1rnicos y las cadenas Karawanks, es un pueblo pintoresco con una mezcla \u00fanica de influencias germ\u00e1nicas y eslavas. Antiguamente parte de Austria, ahora encarna un distintivo encanto germ\u00e1nico dentro de un entorno italiano. La arquitectura, las actividades y el ambiente de la regi\u00f3n reflejan esta rica fusi\u00f3n cultural.<\/li>\n<\/ul>\n<div><\/div>","protected":false},"excerpt":{"rendered":"<p>Camine por una secci\u00f3n pintoresca del sendero Alpe Adria. Podr\u00e1s probar la cocina local, disfrutar de vistas incre\u00edbles y sumergirte en la cultura italiana y austriaca.<\/p>","protected":false},"featured_media":16973,"comment_status":"open","ping_status":"closed","template":"","meta":{"_acf_changed":false,"content-type":"","inline_featured_image":false},"product_brand":[],"product_cat":[302],"product_tag":[953,971,972,973,974,975,976,977,760],"class_list":{"0":"post-16177","1":"product","2":"type-product","3":"status-publish","4":"has-post-thumbnail","6":"tour_country-austria","7":"tour_country-italy","8":"tour_country-slovenia","9":"tour_types-hut-to-hut","10":"tour_types-self-guided","11":"tour_types-family","12":"product_cat-ukategoriseret","13":"product_tag-walking","14":"product_tag-alpine-hiking","15":"product_tag-italian-alps","16":"product_tag-austria","17":"product_tag-slovenia","18":"product_tag-villach","19":"product_tag-tarvisio","20":"product_tag-zacchi","21":"product_tag-hiking","22":"pa_duration-7-nights","23":"tour_category-hiking-in-europe","25":"first","26":"instock","27":"shipping-taxable","28":"purchasable","29":"product-type-tour"},"acf":[],"yoast_head":"<!-- This site is optimized with the Yoast SEO Premium plugin v27.4 (Yoast SEO v27.4) - https:\/\/yoast.com\/product\/yoast-seo-premium-wordpress\/ -->\n<title>Hike the Alpe Adria trail: A European adventure awaits - Outdoor Europe<\/title>\n<meta name=\"description\" content=\"Embrace an unforgettable adventure when you Hike the Alpe Adria Trail! Experience diverse landscapes, stunning scenery, and captivating journeys.\" \/>\n<meta name=\"robots\" content=\"index, follow, max-snippet:-1, max-image-preview:large, max-video-preview:-1\" \/>\n<link rel=\"canonical\" href=\"https:\/\/outdooreurope.eu\/es\/excursiones\/caminata-por-el-sendero-de-alpe-adria\/\" \/>\n<meta property=\"og:locale\" content=\"es_ES\" \/>\n<meta property=\"og:type\" content=\"article\" \/>\n<meta property=\"og:title\" content=\"Hike the Alpe Adria trail: A European adventure awaits\" \/>\n<meta property=\"og:description\" content=\"Hike along a picturesque section of the Alpe Adria Trail. You&#039;ll get to sample local cuisines, enjoy amazing views and immerse yourself in both Italian and Austrian culture.\" \/>\n<meta property=\"og:url\" content=\"https:\/\/outdooreurope.eu\/es\/excursiones\/caminata-por-el-sendero-de-alpe-adria\/\" \/>\n<meta property=\"og:site_name\" content=\"Outdoor Europe\" \/>\n<meta property=\"article:publisher\" content=\"https:\/\/www.facebook.com\/outdooreurope.eu\" \/>\n<meta property=\"article:modified_time\" content=\"2025-03-27T07:02:52+00:00\" \/>\n<meta property=\"og:image\" content=\"https:\/\/outdooreurope.eu\/wp-content\/uploads\/2024\/01\/shutterstock_1648121689.jpg\" \/>\n\t<meta property=\"og:image:width\" content=\"1280\" \/>\n\t<meta property=\"og:image:height\" content=\"854\" \/>\n\t<meta property=\"og:image:type\" content=\"image\/jpeg\" \/>\n<meta name=\"twitter:card\" content=\"summary_large_image\" \/>\n<meta name=\"twitter:label1\" content=\"Precio\" \/>\n\t<meta name=\"twitter:data1\" content=\"&euro;950\" \/>\n\t<meta name=\"twitter:label2\" content=\"Disponibilidad\" \/>\n\t<meta name=\"twitter:data2\" content=\"Disponible\" \/>\n<script type=\"application\/ld+json\" class=\"yoast-schema-graph\">{\"@context\":\"https:\\\/\\\/schema.org\",\"@graph\":[{\"@type\":\"WebPage\",\"@id\":\"https:\\\/\\\/outdooreurope.eu\\\/tours\\\/hike-the-alpe-adria-trail\\\/\",\"url\":\"https:\\\/\\\/outdooreurope.eu\\\/tours\\\/hike-the-alpe-adria-trail\\\/\",\"name\":\"Hike the Alpe Adria trail: A European adventure awaits - Outdoor Europe\",\"isPartOf\":{\"@id\":\"https:\\\/\\\/outdooreurope.eu\\\/#website\"},\"primaryImageOfPage\":{\"@id\":\"https:\\\/\\\/outdooreurope.eu\\\/tours\\\/hike-the-alpe-adria-trail\\\/#primaryimage\"},\"image\":{\"@id\":\"https:\\\/\\\/outdooreurope.eu\\\/tours\\\/hike-the-alpe-adria-trail\\\/#primaryimage\"},\"thumbnailUrl\":\"https:\\\/\\\/outdooreurope.eu\\\/wp-content\\\/uploads\\\/2024\\\/01\\\/shutterstock_1648121689.jpg\",\"datePublished\":\"2024-01-17T11:13:28+00:00\",\"dateModified\":\"2025-03-27T07:02:52+00:00\",\"description\":\"Embrace an unforgettable adventure when you Hike the Alpe Adria Trail! Experience diverse landscapes, stunning scenery, and captivating journeys.\",\"breadcrumb\":{\"@id\":\"https:\\\/\\\/outdooreurope.eu\\\/tours\\\/hike-the-alpe-adria-trail\\\/#breadcrumb\"},\"inLanguage\":\"es\",\"potentialAction\":[{\"@type\":\"ReadAction\",\"target\":[\"https:\\\/\\\/outdooreurope.eu\\\/tours\\\/hike-the-alpe-adria-trail\\\/\"]}]},{\"@type\":\"ImageObject\",\"inLanguage\":\"es\",\"@id\":\"https:\\\/\\\/outdooreurope.eu\\\/tours\\\/hike-the-alpe-adria-trail\\\/#primaryimage\",\"url\":\"https:\\\/\\\/outdooreurope.eu\\\/wp-content\\\/uploads\\\/2024\\\/01\\\/shutterstock_1648121689.jpg\",\"contentUrl\":\"https:\\\/\\\/outdooreurope.eu\\\/wp-content\\\/uploads\\\/2024\\\/01\\\/shutterstock_1648121689.jpg\",\"width\":1280,\"height\":854,\"caption\":\"The sanctuary of Monte Lussari situated at the top of a mountain near Tarvisio in Friuli Venezia Giulia\"},{\"@type\":\"BreadcrumbList\",\"@id\":\"https:\\\/\\\/outdooreurope.eu\\\/tours\\\/hike-the-alpe-adria-trail\\\/#breadcrumb\",\"itemListElement\":[{\"@type\":\"ListItem\",\"position\":1,\"name\":\"Hjem\",\"item\":\"https:\\\/\\\/outdooreurope.eu\\\/\"},{\"@type\":\"ListItem\",\"position\":2,\"name\":\"Shop\",\"item\":\"https:\\\/\\\/outdooreurope.eu\\\/shop\\\/\"},{\"@type\":\"ListItem\",\"position\":3,\"name\":\"Hike the Alpe Adria trail: A European adventure awaits\"}]},{\"@type\":\"WebSite\",\"@id\":\"https:\\\/\\\/outdooreurope.eu\\\/#website\",\"url\":\"https:\\\/\\\/outdooreurope.eu\\\/\",\"name\":\"Outdoor Europe\",\"description\":\"Hiking In Europe I Join the trail\",\"potentialAction\":[{\"@type\":\"SearchAction\",\"target\":{\"@type\":\"EntryPoint\",\"urlTemplate\":\"https:\\\/\\\/outdooreurope.eu\\\/?s={search_term_string}\"},\"query-input\":{\"@type\":\"PropertyValueSpecification\",\"valueRequired\":true,\"valueName\":\"search_term_string\"}}],\"inLanguage\":\"es\"}]}<\/script>\n<meta property=\"product:price:amount\" content=\"950\" \/>\n<meta property=\"product:price:currency\" content=\"EUR\" \/>\n<meta property=\"og:availability\" content=\"instock\" \/>\n<meta property=\"product:availability\" content=\"instock\" \/>\n<meta property=\"product:retailer_item_id\" content=\"16177\" \/>\n<meta property=\"product:condition\" content=\"new\" \/>\n<!-- \/ Yoast SEO Premium plugin. -->","yoast_head_json":{"title":"Recorrer el sendero de Alpe Adria: te espera una aventura europea - Outdoor Europe","description":"\u00a1Vive una aventura inolvidable recorriendo el Alpe Adria Trail! Disfruta de paisajes diversos, paisajes impresionantes y rutas cautivadoras.","robots":{"index":"index","follow":"follow","max-snippet":"max-snippet:-1","max-image-preview":"max-image-preview:large","max-video-preview":"max-video-preview:-1"},"canonical":"https:\/\/outdooreurope.eu\/es\/excursiones\/caminata-por-el-sendero-de-alpe-adria\/","og_locale":"es_ES","og_type":"article","og_title":"Hike the Alpe Adria trail: A European adventure awaits","og_description":"Hike along a picturesque section of the Alpe Adria Trail. You'll get to sample local cuisines, enjoy amazing views and immerse yourself in both Italian and Austrian culture.","og_url":"https:\/\/outdooreurope.eu\/es\/excursiones\/caminata-por-el-sendero-de-alpe-adria\/","og_site_name":"Outdoor Europe","article_publisher":"https:\/\/www.facebook.com\/outdooreurope.eu","article_modified_time":"2025-03-27T07:02:52+00:00","og_image":[{"width":1280,"height":854,"url":"https:\/\/outdooreurope.eu\/wp-content\/uploads\/2024\/01\/shutterstock_1648121689.jpg","type":"image\/jpeg"}],"twitter_card":"summary_large_image","twitter_misc":{"Precio":"&euro;950","Disponibilidad":"Disponible"},"schema":{"@context":"https:\/\/schema.org","@graph":[{"@type":"WebPage","@id":"https:\/\/outdooreurope.eu\/tours\/hike-the-alpe-adria-trail\/","url":"https:\/\/outdooreurope.eu\/tours\/hike-the-alpe-adria-trail\/","name":"Recorrer el sendero de Alpe Adria: te espera una aventura europea - Outdoor Europe","isPartOf":{"@id":"https:\/\/outdooreurope.eu\/#website"},"primaryImageOfPage":{"@id":"https:\/\/outdooreurope.eu\/tours\/hike-the-alpe-adria-trail\/#primaryimage"},"image":{"@id":"https:\/\/outdooreurope.eu\/tours\/hike-the-alpe-adria-trail\/#primaryimage"},"thumbnailUrl":"https:\/\/outdooreurope.eu\/wp-content\/uploads\/2024\/01\/shutterstock_1648121689.jpg","datePublished":"2024-01-17T11:13:28+00:00","dateModified":"2025-03-27T07:02:52+00:00","description":"\u00a1Vive una aventura inolvidable recorriendo el Alpe Adria Trail! Disfruta de paisajes diversos, paisajes impresionantes y rutas cautivadoras.","breadcrumb":{"@id":"https:\/\/outdooreurope.eu\/tours\/hike-the-alpe-adria-trail\/#breadcrumb"},"inLanguage":"es","potentialAction":[{"@type":"ReadAction","target":["https:\/\/outdooreurope.eu\/tours\/hike-the-alpe-adria-trail\/"]}]},{"@type":"ImageObject","inLanguage":"es","@id":"https:\/\/outdooreurope.eu\/tours\/hike-the-alpe-adria-trail\/#primaryimage","url":"https:\/\/outdooreurope.eu\/wp-content\/uploads\/2024\/01\/shutterstock_1648121689.jpg","contentUrl":"https:\/\/outdooreurope.eu\/wp-content\/uploads\/2024\/01\/shutterstock_1648121689.jpg","width":1280,"height":854,"caption":"The sanctuary of Monte Lussari situated at the top of a mountain near Tarvisio in Friuli Venezia Giulia"},{"@type":"BreadcrumbList","@id":"https:\/\/outdooreurope.eu\/tours\/hike-the-alpe-adria-trail\/#breadcrumb","itemListElement":[{"@type":"ListItem","position":1,"name":"Hjem","item":"https:\/\/outdooreurope.eu\/"},{"@type":"ListItem","position":2,"name":"Shop","item":"https:\/\/outdooreurope.eu\/shop\/"},{"@type":"ListItem","position":3,"name":"Hike the Alpe Adria trail: A European adventure awaits"}]},{"@type":"WebSite","@id":"https:\/\/outdooreurope.eu\/#website","url":"https:\/\/outdooreurope.eu\/","name":"Europa al aire libre","description":"Senderismo en Europa Me uno al sendero","potentialAction":[{"@type":"SearchAction","target":{"@type":"EntryPoint","urlTemplate":"https:\/\/outdooreurope.eu\/?s={search_term_string}"},"query-input":{"@type":"PropertyValueSpecification","valueRequired":true,"valueName":"search_term_string"}}],"inLanguage":"es"}]},"product_price_amount":"950","product_price_currency":"EUR","og_availability":"instock","product_availability":"instock","product_retailer_item_id":"16177","product_condition":"new"},"_links":{"self":[{"href":"https:\/\/outdooreurope.eu\/es\/wp-json\/wp\/v2\/product\/16177","targetHints":{"allow":["GET"]}}],"collection":[{"href":"https:\/\/outdooreurope.eu\/es\/wp-json\/wp\/v2\/product"}],"about":[{"href":"https:\/\/outdooreurope.eu\/es\/wp-json\/wp\/v2\/types\/product"}],"replies":[{"embeddable":true,"href":"https:\/\/outdooreurope.eu\/es\/wp-json\/wp\/v2\/comments?post=16177"}],"wp:featuredmedia":[{"embeddable":true,"href":"https:\/\/outdooreurope.eu\/es\/wp-json\/wp\/v2\/media\/16973"}],"wp:attachment":[{"href":"https:\/\/outdooreurope.eu\/es\/wp-json\/wp\/v2\/media?parent=16177"}],"wp:term":[{"taxonomy":"product_brand","embeddable":true,"href":"https:\/\/outdooreurope.eu\/es\/wp-json\/wp\/v2\/product_brand?post=16177"},{"taxonomy":"product_cat","embeddable":true,"href":"https:\/\/outdooreurope.eu\/es\/wp-json\/wp\/v2\/product_cat?post=16177"},{"taxonomy":"product_tag","embeddable":true,"href":"https:\/\/outdooreurope.eu\/es\/wp-json\/wp\/v2\/product_tag?post=16177"}],"curies":[{"name":"wp","href":"https:\/\/api.w.org\/{rel}","templated":true}]}}