{"id":16417,"date":"2024-01-18T07:16:31","date_gmt":"2024-01-18T06:16:31","guid":{"rendered":"https:\/\/outdooreurope.eu\/?post_type=product&#038;p=16417"},"modified":"2026-02-15T11:04:19","modified_gmt":"2026-02-15T10:04:19","slug":"esqui-de-travesia-en-italia-monte-rosa","status":"publish","type":"product","link":"https:\/\/outdooreurope.eu\/es\/tours\/ski-touring-italy-monte-rosa\/","title":{"rendered":"Excursi\u00f3n de esqu\u00ed alpino de Monte Rosa"},"content":{"rendered":"<p data-start=\"61\" data-end=\"366\">Experimente el esqu\u00ed de traves\u00eda de alta monta\u00f1a en su m\u00e1xima expresi\u00f3n en el majestuoso <span class=\"hover:entity-accent entity-underline inline cursor-pointer align-baseline\"><span class=\"whitespace-normal\">Monte Rosa<\/span><\/span> macizo. Comenzando en el pueblo tradicional Walser de <span class=\"hover:entity-accent entity-underline inline cursor-pointer align-baseline\"><span class=\"whitespace-normal\">Gressoney-La-Trinit\u00e9<\/span><\/span>, Esta aventura de cinco d\u00edas te lleva a lo m\u00e1s profundo de un mundo de glaciares, cumbres de 4.000 metros y crestas panor\u00e1micas.<\/p>\n<p data-start=\"368\" data-end=\"805\">El Monte Rosa ofrece una de las mayores concentraciones de picos de 4000 m en los Alpes. Con acceso mediante telesilla a las zonas de alta monta\u00f1a, se deja atr\u00e1s r\u00e1pidamente el valle y se accede a un espectacular paisaje glaciar. Durante los d\u00edas siguientes, se ascienden cumbres cl\u00e1sicas como la Pir\u00e1mide Vincent o la Punta Giordani, y los grupos m\u00e1s experimentados pueden llegar a la famosa Pir\u00e1mide Vincent. <span class=\"hover:entity-accent entity-underline inline cursor-pointer align-baseline\"><span class=\"whitespace-normal\">Capanna Margherita<\/span><\/span> \u2014 el refugio de monta\u00f1a m\u00e1s alto de Europa, a 4.554 m.<\/p>\n<ul data-start=\"1225\" data-end=\"1518\">\n<li data-start=\"1225\" data-end=\"1302\">\n<p data-start=\"1227\" data-end=\"1302\"><strong data-start=\"1230\" data-end=\"1254\">Cumbres de 4000 m<\/strong> incluyendo Pir\u00e1mide Vincent y Punta Giordani<\/p>\n<\/li>\n<li data-start=\"1303\" data-end=\"1407\">\n<p data-start=\"1305\" data-end=\"1407\"><strong data-start=\"1308\" data-end=\"1343\">Esqu\u00ed de traves\u00eda glaciar en altitud<\/strong> en uno de los paisajes de alta monta\u00f1a m\u00e1s espectaculares de los Alpes<\/p>\n<\/li>\n<li data-start=\"1408\" data-end=\"1518\">\n<p data-start=\"1410\" data-end=\"1518\"><strong data-start=\"1413\" data-end=\"1450\">Al\u00f3jate en las legendarias caba\u00f1as de Monte Rosa.<\/strong> con vistas inolvidables del amanecer y el atardecer sobre los Alpes occidentales<\/p>\n<\/li>\n<\/ul>\n<p data-start=\"1520\" data-end=\"1600\" data-is-last-node=\"\" data-is-only-node=\"\">Una aut\u00e9ntica experiencia de esqu\u00ed de traves\u00eda en alta monta\u00f1a: compacta, intensa e inolvidable.<\/p>","protected":false},"excerpt":{"rendered":"<p>Una aventura de esqu\u00ed de traves\u00eda de alta monta\u00f1a de 5 d\u00edas en <span class=\"hover:entity-accent entity-underline inline cursor-pointer align-baseline\"><span class=\"whitespace-normal\">Monte Rosa<\/span><\/span> comenzando en <span class=\"hover:entity-accent entity-underline inline cursor-pointer align-baseline\"><span class=\"whitespace-normal\">Gressoney-La-Trinit\u00e9<\/span><\/span>. Asciende a cumbres cl\u00e1sicas de 4000 m, atraviesa vastos glaciares y al\u00f3jate en legendarios refugios de monta\u00f1a, ya sea por tu cuenta o con el apoyo opcional de un gu\u00eda de monta\u00f1a certificado.<\/p>","protected":false},"featured_media":16471,"comment_status":"open","ping_status":"closed","template":"","meta":{"_acf_changed":false,"content-type":"","inline_featured_image":false},"product_brand":[],"product_cat":[302],"product_tag":[753,923],"class_list":{"0":"post-16417","1":"product","2":"type-product","3":"status-publish","4":"has-post-thumbnail","6":"tour_country-italy","7":"tour_types-hut-to-hut","8":"tour_types-self-guided","9":"tour_types-groups-with-guide","10":"tour_types-advanced","11":"product_cat-ukategoriseret","12":"product_tag-monterosa","13":"product_tag-skitouring","14":"pa_duration-5-days","15":"tour_category-sking","17":"first","18":"instock","19":"shipping-taxable","20":"purchasable","21":"product-type-tour"},"acf":[],"yoast_head":"<!-- This site is optimized with the Yoast SEO Premium plugin v27.6 (Yoast SEO v27.6) - https:\/\/yoast.com\/product\/yoast-seo-premium-wordpress\/ -->\n<title>Monte Rosa Summit Ski Adventure: Experience 4,000 M Peaks - Outdoor Europe<\/title>\n<meta name=\"description\" content=\"Conquer unparalleled heights with the Monte Rosa Summit Ski Adventure. Dive into five days of skiing and stunning 4,000-metre peaks!\" \/>\n<meta name=\"robots\" content=\"index, follow, max-snippet:-1, max-image-preview:large, max-video-preview:-1\" \/>\n<link rel=\"canonical\" href=\"https:\/\/outdooreurope.eu\/es\/excursiones\/esqui-de-travesia-en-italia-monte-rosa\/\" \/>\n<meta property=\"og:locale\" content=\"es_ES\" \/>\n<meta property=\"og:type\" content=\"article\" \/>\n<meta property=\"og:title\" content=\"Monte Rosa High-Alpine Ski Tour\" \/>\n<meta property=\"og:description\" content=\"A 5-day high-alpine ski touring adventure on Monte Rosa starting in Gressoney-La-Trinit\u00e9. Summit classic 4,000 m peaks, traverse vast glaciers, and stay in legendary mountain huts\u2014self-guided or with optional certified mountain guide support.\" \/>\n<meta property=\"og:url\" content=\"https:\/\/outdooreurope.eu\/es\/excursiones\/esqui-de-travesia-en-italia-monte-rosa\/\" \/>\n<meta property=\"og:site_name\" content=\"Outdoor Europe\" \/>\n<meta property=\"article:publisher\" content=\"https:\/\/www.facebook.com\/outdooreurope.eu\" \/>\n<meta property=\"article:modified_time\" content=\"2026-02-15T10:04:19+00:00\" \/>\n<meta property=\"og:image\" content=\"https:\/\/outdooreurope.eu\/wp-content\/uploads\/2024\/01\/Capanna-Margherita-720x606-1.jpg\" \/>\n\t<meta property=\"og:image:width\" content=\"720\" \/>\n\t<meta property=\"og:image:height\" content=\"606\" \/>\n\t<meta property=\"og:image:type\" content=\"image\/jpeg\" \/>\n<meta name=\"twitter:card\" content=\"summary_large_image\" \/>\n<meta name=\"twitter:label1\" content=\"Precio\" \/>\n\t<meta name=\"twitter:data1\" content=\"&euro;1,295\" \/>\n\t<meta name=\"twitter:label2\" content=\"Disponibilidad\" \/>\n\t<meta name=\"twitter:data2\" content=\"Disponible\" \/>\n<script type=\"application\/ld+json\" class=\"yoast-schema-graph\">{\"@context\":\"https:\\\/\\\/schema.org\",\"@graph\":[{\"@type\":\"WebPage\",\"@id\":\"https:\\\/\\\/outdooreurope.eu\\\/tours\\\/ski-touring-italy-monte-rosa\\\/\",\"url\":\"https:\\\/\\\/outdooreurope.eu\\\/tours\\\/ski-touring-italy-monte-rosa\\\/\",\"name\":\"Monte Rosa Summit Ski Adventure: Experience 4,000 M Peaks - Outdoor Europe\",\"isPartOf\":{\"@id\":\"https:\\\/\\\/outdooreurope.eu\\\/#website\"},\"primaryImageOfPage\":{\"@id\":\"https:\\\/\\\/outdooreurope.eu\\\/tours\\\/ski-touring-italy-monte-rosa\\\/#primaryimage\"},\"image\":{\"@id\":\"https:\\\/\\\/outdooreurope.eu\\\/tours\\\/ski-touring-italy-monte-rosa\\\/#primaryimage\"},\"thumbnailUrl\":\"https:\\\/\\\/outdooreurope.eu\\\/wp-content\\\/uploads\\\/2024\\\/01\\\/Capanna-Margherita-720x606-1.jpg\",\"datePublished\":\"2024-01-18T06:16:31+00:00\",\"dateModified\":\"2026-02-15T10:04:19+00:00\",\"description\":\"Conquer unparalleled heights with the Monte Rosa Summit Ski Adventure. Dive into five days of skiing and stunning 4,000-metre peaks!\",\"breadcrumb\":{\"@id\":\"https:\\\/\\\/outdooreurope.eu\\\/tours\\\/ski-touring-italy-monte-rosa\\\/#breadcrumb\"},\"inLanguage\":\"es\",\"potentialAction\":[{\"@type\":\"ReadAction\",\"target\":[\"https:\\\/\\\/outdooreurope.eu\\\/tours\\\/ski-touring-italy-monte-rosa\\\/\"]}]},{\"@type\":\"ImageObject\",\"inLanguage\":\"es\",\"@id\":\"https:\\\/\\\/outdooreurope.eu\\\/tours\\\/ski-touring-italy-monte-rosa\\\/#primaryimage\",\"url\":\"https:\\\/\\\/outdooreurope.eu\\\/wp-content\\\/uploads\\\/2024\\\/01\\\/Capanna-Margherita-720x606-1.jpg\",\"contentUrl\":\"https:\\\/\\\/outdooreurope.eu\\\/wp-content\\\/uploads\\\/2024\\\/01\\\/Capanna-Margherita-720x606-1.jpg\",\"width\":720,\"height\":606},{\"@type\":\"BreadcrumbList\",\"@id\":\"https:\\\/\\\/outdooreurope.eu\\\/tours\\\/ski-touring-italy-monte-rosa\\\/#breadcrumb\",\"itemListElement\":[{\"@type\":\"ListItem\",\"position\":1,\"name\":\"Hjem\",\"item\":\"https:\\\/\\\/outdooreurope.eu\\\/\"},{\"@type\":\"ListItem\",\"position\":2,\"name\":\"Shop\",\"item\":\"https:\\\/\\\/outdooreurope.eu\\\/shop\\\/\"},{\"@type\":\"ListItem\",\"position\":3,\"name\":\"Monte Rosa High-Alpine Ski Tour\"}]},{\"@type\":\"WebSite\",\"@id\":\"https:\\\/\\\/outdooreurope.eu\\\/#website\",\"url\":\"https:\\\/\\\/outdooreurope.eu\\\/\",\"name\":\"Outdoor Europe\",\"description\":\"Hiking In Europe I Join the trail\",\"potentialAction\":[{\"@type\":\"SearchAction\",\"target\":{\"@type\":\"EntryPoint\",\"urlTemplate\":\"https:\\\/\\\/outdooreurope.eu\\\/?s={search_term_string}\"},\"query-input\":{\"@type\":\"PropertyValueSpecification\",\"valueRequired\":true,\"valueName\":\"search_term_string\"}}],\"inLanguage\":\"es\"}]}<\/script>\n<meta property=\"product:price:amount\" content=\"1295\" \/>\n<meta property=\"product:price:currency\" content=\"EUR\" \/>\n<meta property=\"og:availability\" content=\"instock\" \/>\n<meta property=\"product:availability\" content=\"instock\" \/>\n<meta property=\"product:retailer_item_id\" content=\"16417\" \/>\n<meta property=\"product:condition\" content=\"new\" \/>\n<!-- \/ Yoast SEO Premium plugin. -->","yoast_head_json":{"title":"Aventura de esqu\u00ed en la cima del Monte Rosa: Experimenta picos de 4.000 m - Outdoor Europe","description":"Conquista alturas inigualables con la Aventura de Esqu\u00ed en la Cumbre del Monte Rosa. \u00a1Sum\u00e9rgete en cinco d\u00edas de esqu\u00ed y en impresionantes picos de 4000 metros!","robots":{"index":"index","follow":"follow","max-snippet":"max-snippet:-1","max-image-preview":"max-image-preview:large","max-video-preview":"max-video-preview:-1"},"canonical":"https:\/\/outdooreurope.eu\/es\/excursiones\/esqui-de-travesia-en-italia-monte-rosa\/","og_locale":"es_ES","og_type":"article","og_title":"Monte Rosa High-Alpine Ski Tour","og_description":"A 5-day high-alpine ski touring adventure on Monte Rosa starting in Gressoney-La-Trinit\u00e9. Summit classic 4,000 m peaks, traverse vast glaciers, and stay in legendary mountain huts\u2014self-guided or with optional certified mountain guide support.","og_url":"https:\/\/outdooreurope.eu\/es\/excursiones\/esqui-de-travesia-en-italia-monte-rosa\/","og_site_name":"Outdoor Europe","article_publisher":"https:\/\/www.facebook.com\/outdooreurope.eu","article_modified_time":"2026-02-15T10:04:19+00:00","og_image":[{"width":720,"height":606,"url":"https:\/\/outdooreurope.eu\/wp-content\/uploads\/2024\/01\/Capanna-Margherita-720x606-1.jpg","type":"image\/jpeg"}],"twitter_card":"summary_large_image","twitter_misc":{"Precio":"&euro;1,295","Disponibilidad":"Disponible"},"schema":{"@context":"https:\/\/schema.org","@graph":[{"@type":"WebPage","@id":"https:\/\/outdooreurope.eu\/tours\/ski-touring-italy-monte-rosa\/","url":"https:\/\/outdooreurope.eu\/tours\/ski-touring-italy-monte-rosa\/","name":"Aventura de esqu\u00ed en la cima del Monte Rosa: Experimenta picos de 4.000 m - Outdoor Europe","isPartOf":{"@id":"https:\/\/outdooreurope.eu\/#website"},"primaryImageOfPage":{"@id":"https:\/\/outdooreurope.eu\/tours\/ski-touring-italy-monte-rosa\/#primaryimage"},"image":{"@id":"https:\/\/outdooreurope.eu\/tours\/ski-touring-italy-monte-rosa\/#primaryimage"},"thumbnailUrl":"https:\/\/outdooreurope.eu\/wp-content\/uploads\/2024\/01\/Capanna-Margherita-720x606-1.jpg","datePublished":"2024-01-18T06:16:31+00:00","dateModified":"2026-02-15T10:04:19+00:00","description":"Conquista alturas inigualables con la Aventura de Esqu\u00ed en la Cumbre del Monte Rosa. \u00a1Sum\u00e9rgete en cinco d\u00edas de esqu\u00ed y en impresionantes picos de 4000 metros!","breadcrumb":{"@id":"https:\/\/outdooreurope.eu\/tours\/ski-touring-italy-monte-rosa\/#breadcrumb"},"inLanguage":"es","potentialAction":[{"@type":"ReadAction","target":["https:\/\/outdooreurope.eu\/tours\/ski-touring-italy-monte-rosa\/"]}]},{"@type":"ImageObject","inLanguage":"es","@id":"https:\/\/outdooreurope.eu\/tours\/ski-touring-italy-monte-rosa\/#primaryimage","url":"https:\/\/outdooreurope.eu\/wp-content\/uploads\/2024\/01\/Capanna-Margherita-720x606-1.jpg","contentUrl":"https:\/\/outdooreurope.eu\/wp-content\/uploads\/2024\/01\/Capanna-Margherita-720x606-1.jpg","width":720,"height":606},{"@type":"BreadcrumbList","@id":"https:\/\/outdooreurope.eu\/tours\/ski-touring-italy-monte-rosa\/#breadcrumb","itemListElement":[{"@type":"ListItem","position":1,"name":"Hjem","item":"https:\/\/outdooreurope.eu\/"},{"@type":"ListItem","position":2,"name":"Shop","item":"https:\/\/outdooreurope.eu\/shop\/"},{"@type":"ListItem","position":3,"name":"Monte Rosa High-Alpine Ski Tour"}]},{"@type":"WebSite","@id":"https:\/\/outdooreurope.eu\/#website","url":"https:\/\/outdooreurope.eu\/","name":"Europa al aire libre","description":"Senderismo en Europa Me uno al sendero","potentialAction":[{"@type":"SearchAction","target":{"@type":"EntryPoint","urlTemplate":"https:\/\/outdooreurope.eu\/?s={search_term_string}"},"query-input":{"@type":"PropertyValueSpecification","valueRequired":true,"valueName":"search_term_string"}}],"inLanguage":"es"}]},"product_price_amount":"1295","product_price_currency":"EUR","og_availability":"instock","product_availability":"instock","product_retailer_item_id":"16417","product_condition":"new"},"_links":{"self":[{"href":"https:\/\/outdooreurope.eu\/es\/wp-json\/wp\/v2\/product\/16417","targetHints":{"allow":["GET"]}}],"collection":[{"href":"https:\/\/outdooreurope.eu\/es\/wp-json\/wp\/v2\/product"}],"about":[{"href":"https:\/\/outdooreurope.eu\/es\/wp-json\/wp\/v2\/types\/product"}],"replies":[{"embeddable":true,"href":"https:\/\/outdooreurope.eu\/es\/wp-json\/wp\/v2\/comments?post=16417"}],"wp:featuredmedia":[{"embeddable":true,"href":"https:\/\/outdooreurope.eu\/es\/wp-json\/wp\/v2\/media\/16471"}],"wp:attachment":[{"href":"https:\/\/outdooreurope.eu\/es\/wp-json\/wp\/v2\/media?parent=16417"}],"wp:term":[{"taxonomy":"product_brand","embeddable":true,"href":"https:\/\/outdooreurope.eu\/es\/wp-json\/wp\/v2\/product_brand?post=16417"},{"taxonomy":"product_cat","embeddable":true,"href":"https:\/\/outdooreurope.eu\/es\/wp-json\/wp\/v2\/product_cat?post=16417"},{"taxonomy":"product_tag","embeddable":true,"href":"https:\/\/outdooreurope.eu\/es\/wp-json\/wp\/v2\/product_tag?post=16417"}],"curies":[{"name":"wp","href":"https:\/\/api.w.org\/{rel}","templated":true}]}}